{"id":241793,"date":"2025-04-01T16:03:53","date_gmt":"2025-04-01T14:03:53","guid":{"rendered":"https:\/\/shopatoa.com\/cz\/?post_type=product&#038;p=241793"},"modified":"2025-04-26T02:08:06","modified_gmt":"2025-04-26T00:08:06","slug":"dekorace-koren-stromu-275-cm","status":"publish","type":"product","link":"https:\/\/shopatoa.com\/cz\/dekorace-koren-stromu-275-cm\/","title":{"rendered":"Dekorace Ko\u0159en stromu 27,5 cm"},"content":{"rendered":"<p>Zaj\u00edmav\u00e1 dekorace do akv\u00e1ria, pom\u00e1h\u00e1 rozd\u011blit akv\u00e1rium na jednotliv\u00e1 teritoria pro vodn\u00ed \u017eivo\u010dichy.<\/p>\n<p>Velikost: 27,5 x 14 x 19,4 cm.<\/p>\n","protected":false},"excerpt":{"rendered":"<p>Zaj\u00edmav\u00e1 dekorace do akv\u00e1ria, pom\u00e1h\u00e1 rozd\u011blit akv\u00e1rium na jednotliv\u00e1 teritoria pro vodn\u00ed \u017eivo\u010dichy. Velikost: 27,5 x 14 x 19,4 cm.<\/p>\n","protected":false},"featured_media":241794,"comment_status":"closed","ping_status":"open","template":"","meta":{"_acf_changed":false,"_kadence_starter_templates_imported_post":false,"_kad_post_transparent":"","_kad_post_title":"","_kad_post_layout":"","_kad_post_sidebar_id":"","_kad_post_content_style":"","_kad_post_vertical_padding":"","_kad_post_feature":"","_kad_post_feature_position":"","_kad_post_header":false,"_kad_post_footer":false,"_kad_post_classname":""},"product_brand":[2608],"product_cat":[2510,436,2574,2530],"product_tag":[],"class_list":{"0":"post-241793","1":"product","2":"type-product","3":"status-publish","4":"has-post-thumbnail","6":"product_brand-aqua-excellent","7":"product_cat-akvaristika","8":"product_cat-chovatelske-potreby-2","9":"product_cat-dekorace-do-akvarii","10":"product_cat-doplnky-do-akvarii","11":"pa_obchod-superzoo-cz","13":"first","14":"instock","15":"product-type-external","16":"entry","17":"content-bg","18":"loop-entry"},"acf":[],"yoast_head":"<!-- This site is optimized with the Yoast SEO plugin v27.4 - https:\/\/yoast.com\/product\/yoast-seo-wordpress\/ -->\n<title>Dekorace Ko\u0159en stromu 27,5 cm - SHOPATOA.COM<\/title>\n<meta name=\"robots\" content=\"index, follow, max-snippet:-1, max-image-preview:large, max-video-preview:-1\" \/>\n<link rel=\"canonical\" href=\"https:\/\/shopatoa.com\/cz\/dekorace-koren-stromu-275-cm\/\" \/>\n<meta property=\"og:locale\" content=\"cs_CZ\" \/>\n<meta property=\"og:type\" content=\"article\" \/>\n<meta property=\"og:title\" content=\"Dekorace Ko\u0159en stromu 27,5 cm - SHOPATOA.COM\" \/>\n<meta property=\"og:description\" content=\"Zaj\u00edmav\u00e1 dekorace do akv\u00e1ria, pom\u00e1h\u00e1 rozd\u011blit akv\u00e1rium na jednotliv\u00e1 teritoria pro vodn\u00ed \u017eivo\u010dichy. Velikost: 27,5 x 14 x 19,4 cm.\" \/>\n<meta property=\"og:url\" content=\"https:\/\/shopatoa.com\/cz\/dekorace-koren-stromu-275-cm\/\" \/>\n<meta property=\"og:site_name\" content=\"SHOPATOA\" \/>\n<meta property=\"article:modified_time\" content=\"2025-04-26T00:08:06+00:00\" \/>\n<meta property=\"og:image\" content=\"https:\/\/storage.googleapis.com\/cz-shopatoa-img\/cz\/d5271fe0-1_26832.jpg\" \/>\n\t<meta property=\"og:image:width\" content=\"600\" \/>\n\t<meta property=\"og:image:height\" content=\"600\" \/>\n\t<meta property=\"og:image:type\" content=\"image\/jpeg\" \/>\n<meta name=\"twitter:card\" content=\"summary_large_image\" \/>\n<script type=\"application\/ld+json\" class=\"yoast-schema-graph\">{\"@context\":\"https:\\\/\\\/schema.org\",\"@graph\":[{\"@type\":\"WebPage\",\"@id\":\"https:\\\/\\\/shopatoa.com\\\/cz\\\/dekorace-koren-stromu-275-cm\\\/\",\"url\":\"https:\\\/\\\/shopatoa.com\\\/cz\\\/dekorace-koren-stromu-275-cm\\\/\",\"name\":\"Dekorace Ko\u0159en stromu 27,5 cm - SHOPATOA.COM\",\"isPartOf\":{\"@id\":\"https:\\\/\\\/shopatoa.com\\\/cz\\\/#website\"},\"primaryImageOfPage\":{\"@id\":\"https:\\\/\\\/shopatoa.com\\\/cz\\\/dekorace-koren-stromu-275-cm\\\/#primaryimage\"},\"image\":{\"@id\":\"https:\\\/\\\/shopatoa.com\\\/cz\\\/dekorace-koren-stromu-275-cm\\\/#primaryimage\"},\"thumbnailUrl\":\"https:\\\/\\\/storage.googleapis.com\\\/cz-shopatoa-img\\\/cz\\\/d5271fe0-1_26832.jpg\",\"datePublished\":\"2025-04-01T14:03:53+00:00\",\"dateModified\":\"2025-04-26T00:08:06+00:00\",\"breadcrumb\":{\"@id\":\"https:\\\/\\\/shopatoa.com\\\/cz\\\/dekorace-koren-stromu-275-cm\\\/#breadcrumb\"},\"inLanguage\":\"cs\",\"potentialAction\":[{\"@type\":\"ReadAction\",\"target\":[\"https:\\\/\\\/shopatoa.com\\\/cz\\\/dekorace-koren-stromu-275-cm\\\/\"]}]},{\"@type\":\"ImageObject\",\"inLanguage\":\"cs\",\"@id\":\"https:\\\/\\\/shopatoa.com\\\/cz\\\/dekorace-koren-stromu-275-cm\\\/#primaryimage\",\"url\":\"https:\\\/\\\/storage.googleapis.com\\\/cz-shopatoa-img\\\/cz\\\/d5271fe0-1_26832.jpg\",\"contentUrl\":\"https:\\\/\\\/storage.googleapis.com\\\/cz-shopatoa-img\\\/cz\\\/d5271fe0-1_26832.jpg\",\"width\":600,\"height\":600},{\"@type\":\"BreadcrumbList\",\"@id\":\"https:\\\/\\\/shopatoa.com\\\/cz\\\/dekorace-koren-stromu-275-cm\\\/#breadcrumb\",\"itemListElement\":[{\"@type\":\"ListItem\",\"position\":1,\"name\":\"Dom\u016f\",\"item\":\"https:\\\/\\\/shopatoa.com\\\/cz\\\/\"},{\"@type\":\"ListItem\",\"position\":2,\"name\":\"Produkty\",\"item\":\"https:\\\/\\\/shopatoa.com\\\/cz\\\/shop\\\/\"},{\"@type\":\"ListItem\",\"position\":3,\"name\":\"Chovatelsk\u00e9 pot\u0159eby\",\"item\":\"https:\\\/\\\/shopatoa.com\\\/cz\\\/chovatelske-potreby-2\\\/\"},{\"@type\":\"ListItem\",\"position\":4,\"name\":\"Akvaristika\",\"item\":\"https:\\\/\\\/shopatoa.com\\\/cz\\\/akvaristika\\\/\"},{\"@type\":\"ListItem\",\"position\":5,\"name\":\"Dopl\u0148ky do akv\u00e1ri\u00ed\",\"item\":\"https:\\\/\\\/shopatoa.com\\\/cz\\\/doplnky-do-akvarii\\\/\"},{\"@type\":\"ListItem\",\"position\":6,\"name\":\"Dekorace do akv\u00e1ri\u00ed\",\"item\":\"https:\\\/\\\/shopatoa.com\\\/cz\\\/dekorace-do-akvarii\\\/\"},{\"@type\":\"ListItem\",\"position\":7,\"name\":\"Dekorace Ko\u0159en stromu 27,5 cm\"}]},{\"@type\":\"WebSite\",\"@id\":\"https:\\\/\\\/shopatoa.com\\\/cz\\\/#website\",\"url\":\"https:\\\/\\\/shopatoa.com\\\/cz\\\/\",\"name\":\"SHOPATOA\",\"description\":\"\",\"publisher\":{\"@id\":\"https:\\\/\\\/shopatoa.com\\\/cz\\\/#organization\"},\"potentialAction\":[{\"@type\":\"SearchAction\",\"target\":{\"@type\":\"EntryPoint\",\"urlTemplate\":\"https:\\\/\\\/shopatoa.com\\\/cz\\\/?s={search_term_string}\"},\"query-input\":{\"@type\":\"PropertyValueSpecification\",\"valueRequired\":true,\"valueName\":\"search_term_string\"}}],\"inLanguage\":\"cs\"},{\"@type\":\"Organization\",\"@id\":\"https:\\\/\\\/shopatoa.com\\\/cz\\\/#organization\",\"name\":\"SHOPATOA Digital s.r.o.\",\"url\":\"https:\\\/\\\/shopatoa.com\\\/cz\\\/\",\"logo\":{\"@type\":\"ImageObject\",\"inLanguage\":\"cs\",\"@id\":\"https:\\\/\\\/shopatoa.com\\\/cz\\\/#\\\/schema\\\/logo\\\/image\\\/\",\"url\":\"https:\\\/\\\/storage.googleapis.com\\\/cz-shopatoa-img\\\/cz\\\/ebccf434-shopatoa_logo.png\",\"contentUrl\":\"https:\\\/\\\/storage.googleapis.com\\\/cz-shopatoa-img\\\/cz\\\/ebccf434-shopatoa_logo.png\",\"width\":416,\"height\":63,\"caption\":\"SHOPATOA Digital s.r.o.\"},\"image\":{\"@id\":\"https:\\\/\\\/shopatoa.com\\\/cz\\\/#\\\/schema\\\/logo\\\/image\\\/\"}}]}<\/script>\n<!-- \/ Yoast SEO plugin. -->","yoast_head_json":{"title":"Dekorace Ko\u0159en stromu 27,5 cm - SHOPATOA.COM","robots":{"index":"index","follow":"follow","max-snippet":"max-snippet:-1","max-image-preview":"max-image-preview:large","max-video-preview":"max-video-preview:-1"},"canonical":"https:\/\/shopatoa.com\/cz\/dekorace-koren-stromu-275-cm\/","og_locale":"cs_CZ","og_type":"article","og_title":"Dekorace Ko\u0159en stromu 27,5 cm - SHOPATOA.COM","og_description":"Zaj\u00edmav\u00e1 dekorace do akv\u00e1ria, pom\u00e1h\u00e1 rozd\u011blit akv\u00e1rium na jednotliv\u00e1 teritoria pro vodn\u00ed \u017eivo\u010dichy. Velikost: 27,5 x 14 x 19,4 cm.","og_url":"https:\/\/shopatoa.com\/cz\/dekorace-koren-stromu-275-cm\/","og_site_name":"SHOPATOA","article_modified_time":"2025-04-26T00:08:06+00:00","og_image":[{"width":600,"height":600,"url":"https:\/\/storage.googleapis.com\/cz-shopatoa-img\/cz\/d5271fe0-1_26832.jpg","type":"image\/jpeg"}],"twitter_card":"summary_large_image","schema":{"@context":"https:\/\/schema.org","@graph":[{"@type":"WebPage","@id":"https:\/\/shopatoa.com\/cz\/dekorace-koren-stromu-275-cm\/","url":"https:\/\/shopatoa.com\/cz\/dekorace-koren-stromu-275-cm\/","name":"Dekorace Ko\u0159en stromu 27,5 cm - SHOPATOA.COM","isPartOf":{"@id":"https:\/\/shopatoa.com\/cz\/#website"},"primaryImageOfPage":{"@id":"https:\/\/shopatoa.com\/cz\/dekorace-koren-stromu-275-cm\/#primaryimage"},"image":{"@id":"https:\/\/shopatoa.com\/cz\/dekorace-koren-stromu-275-cm\/#primaryimage"},"thumbnailUrl":"https:\/\/storage.googleapis.com\/cz-shopatoa-img\/cz\/d5271fe0-1_26832.jpg","datePublished":"2025-04-01T14:03:53+00:00","dateModified":"2025-04-26T00:08:06+00:00","breadcrumb":{"@id":"https:\/\/shopatoa.com\/cz\/dekorace-koren-stromu-275-cm\/#breadcrumb"},"inLanguage":"cs","potentialAction":[{"@type":"ReadAction","target":["https:\/\/shopatoa.com\/cz\/dekorace-koren-stromu-275-cm\/"]}]},{"@type":"ImageObject","inLanguage":"cs","@id":"https:\/\/shopatoa.com\/cz\/dekorace-koren-stromu-275-cm\/#primaryimage","url":"https:\/\/storage.googleapis.com\/cz-shopatoa-img\/cz\/d5271fe0-1_26832.jpg","contentUrl":"https:\/\/storage.googleapis.com\/cz-shopatoa-img\/cz\/d5271fe0-1_26832.jpg","width":600,"height":600},{"@type":"BreadcrumbList","@id":"https:\/\/shopatoa.com\/cz\/dekorace-koren-stromu-275-cm\/#breadcrumb","itemListElement":[{"@type":"ListItem","position":1,"name":"Dom\u016f","item":"https:\/\/shopatoa.com\/cz\/"},{"@type":"ListItem","position":2,"name":"Produkty","item":"https:\/\/shopatoa.com\/cz\/shop\/"},{"@type":"ListItem","position":3,"name":"Chovatelsk\u00e9 pot\u0159eby","item":"https:\/\/shopatoa.com\/cz\/chovatelske-potreby-2\/"},{"@type":"ListItem","position":4,"name":"Akvaristika","item":"https:\/\/shopatoa.com\/cz\/akvaristika\/"},{"@type":"ListItem","position":5,"name":"Dopl\u0148ky do akv\u00e1ri\u00ed","item":"https:\/\/shopatoa.com\/cz\/doplnky-do-akvarii\/"},{"@type":"ListItem","position":6,"name":"Dekorace do akv\u00e1ri\u00ed","item":"https:\/\/shopatoa.com\/cz\/dekorace-do-akvarii\/"},{"@type":"ListItem","position":7,"name":"Dekorace Ko\u0159en stromu 27,5 cm"}]},{"@type":"WebSite","@id":"https:\/\/shopatoa.com\/cz\/#website","url":"https:\/\/shopatoa.com\/cz\/","name":"SHOPATOA","description":"","publisher":{"@id":"https:\/\/shopatoa.com\/cz\/#organization"},"potentialAction":[{"@type":"SearchAction","target":{"@type":"EntryPoint","urlTemplate":"https:\/\/shopatoa.com\/cz\/?s={search_term_string}"},"query-input":{"@type":"PropertyValueSpecification","valueRequired":true,"valueName":"search_term_string"}}],"inLanguage":"cs"},{"@type":"Organization","@id":"https:\/\/shopatoa.com\/cz\/#organization","name":"SHOPATOA Digital s.r.o.","url":"https:\/\/shopatoa.com\/cz\/","logo":{"@type":"ImageObject","inLanguage":"cs","@id":"https:\/\/shopatoa.com\/cz\/#\/schema\/logo\/image\/","url":"https:\/\/storage.googleapis.com\/cz-shopatoa-img\/cz\/ebccf434-shopatoa_logo.png","contentUrl":"https:\/\/storage.googleapis.com\/cz-shopatoa-img\/cz\/ebccf434-shopatoa_logo.png","width":416,"height":63,"caption":"SHOPATOA Digital s.r.o."},"image":{"@id":"https:\/\/shopatoa.com\/cz\/#\/schema\/logo\/image\/"}}]}},"_links":{"self":[{"href":"https:\/\/shopatoa.com\/cz\/wp-json\/wp\/v2\/product\/241793","targetHints":{"allow":["GET"]}}],"collection":[{"href":"https:\/\/shopatoa.com\/cz\/wp-json\/wp\/v2\/product"}],"about":[{"href":"https:\/\/shopatoa.com\/cz\/wp-json\/wp\/v2\/types\/product"}],"replies":[{"embeddable":true,"href":"https:\/\/shopatoa.com\/cz\/wp-json\/wp\/v2\/comments?post=241793"}],"wp:featuredmedia":[{"embeddable":true,"href":"https:\/\/shopatoa.com\/cz\/wp-json\/wp\/v2\/media\/241794"}],"wp:attachment":[{"href":"https:\/\/shopatoa.com\/cz\/wp-json\/wp\/v2\/media?parent=241793"}],"wp:term":[{"taxonomy":"product_brand","embeddable":true,"href":"https:\/\/shopatoa.com\/cz\/wp-json\/wp\/v2\/product_brand?post=241793"},{"taxonomy":"product_cat","embeddable":true,"href":"https:\/\/shopatoa.com\/cz\/wp-json\/wp\/v2\/product_cat?post=241793"},{"taxonomy":"product_tag","embeddable":true,"href":"https:\/\/shopatoa.com\/cz\/wp-json\/wp\/v2\/product_tag?post=241793"}],"curies":[{"name":"wp","href":"https:\/\/api.w.org\/{rel}","templated":true}]}}