{"id":241964,"date":"2025-04-01T16:11:39","date_gmt":"2025-04-01T14:11:39","guid":{"rendered":"https:\/\/shopatoa.com\/cz\/?post_type=product&#038;p=241964"},"modified":"2026-02-04T06:51:16","modified_gmt":"2026-02-04T05:51:16","slug":"tetra-plant-planta-start-12tablet","status":"publish","type":"product","link":"https:\/\/shopatoa.com\/cz\/tetra-plant-planta-start-12tablet\/","title":{"rendered":"TETRA Plant Planta Start 12tablet"},"content":{"rendered":"<p>Hnojivo s rostlinn\u00fdm hormonem pro v\u0161echny rostliny ve sladkovodn\u00edm akv\u00e1riu.<\/p>\n<p>Pro zdrav\u00fd r\u016fst rostlin jsoui d\u016fle\u017eit\u00e9 r\u016fzn\u00e9 druhy \u017eivn\u00fdch slo\u017eek. Tetra Plant Planta Start posiluje a chr\u00e1n\u00ed nov\u00e9 rostliny, obsahuje v\u0161echny nezbytn\u00e9 \u017eiviny pro bezpe\u010dnou p\u0159ilnavost p\u0159i vysazen\u00ed nebo p\u0159esazen\u00ed rostlin. Cenn\u00fd rostlinn\u00fd hormon zvy\u0161uje r\u016fst rostlin a aktivuje r\u016fst ko\u0159en\u016f. Toto hnojivo t\u00e9\u017e chr\u00e1n\u00ed sliznice citliv\u00fdch ko\u0159en\u016f a posiluje odolnost d\u00edky makro v\u00fd\u017eiv\u011b, hnoj\u00ed p\u0159\u00edmo ko\u0159eny, zaru\u010duje okam\u017eit\u00fd a maxim\u00e1ln\u00ed efekt p\u0159i jak\u00e9koliv hodnot\u011b pH a nezne\u010di\u0161\u0165uje vodu.<\/p>\n<p>D\u00e1vkov\u00e1n\u00ed: 1 tableta vysta\u010d\u00ed na 50 l vody. Vlo\u017ete tabletu do m\u00edsta r\u016fstu rostliny p\u0159\u00edmo v p\u00edsku. Doporu\u010dujeme\u0161 opakovat hnojen\u00ed dvakr\u00e1t v intervalu 3-4 t\u00fddn\u016f, Planta Start v\u00fdborn\u011b dopl\u0148uje ostatn\u00ed druhy Tetra Plant hnojiv.<\/p>\n<p>Balen\u00ed 12 tablet vysta\u010d\u00ed na 600 l vody.<\/p>\n","protected":false},"excerpt":{"rendered":"<p>Hnojivo s rostlinn\u00fdm hormonem pro v\u0161echny rostliny ve sladkovodn\u00edm akv\u00e1riu. Pro zdrav\u00fd r\u016fst rostlin jsoui d\u016fle\u017eit\u00e9 r\u016fzn\u00e9 druhy \u017eivn\u00fdch slo\u017eek. Tetra Plant Planta Start posiluje a chr\u00e1n\u00ed nov\u00e9 rostliny, obsahuje v\u0161echny nezbytn\u00e9 \u017eiviny pro bezpe\u010dnou p\u0159ilnavost p\u0159i vysazen\u00ed nebo p\u0159esazen\u00ed rostlin. Cenn\u00fd rostlinn\u00fd hormon zvy\u0161uje r\u016fst rostlin a aktivuje r\u016fst ko\u0159en\u016f. Toto hnojivo t\u00e9\u017e chr\u00e1n\u00ed&#8230;<\/p>\n","protected":false},"featured_media":241965,"comment_status":"closed","ping_status":"open","template":"","meta":{"_acf_changed":false,"_kadence_starter_templates_imported_post":false,"_kad_post_transparent":"","_kad_post_title":"","_kad_post_layout":"","_kad_post_sidebar_id":"","_kad_post_content_style":"","_kad_post_vertical_padding":"","_kad_post_feature":"","_kad_post_feature_position":"","_kad_post_header":false,"_kad_post_footer":false,"_kad_post_classname":""},"product_brand":[2614],"product_cat":[2511,2510,436,2617],"product_tag":[],"class_list":{"0":"post-241964","1":"product","2":"type-product","3":"status-publish","4":"has-post-thumbnail","6":"product_brand-tetra","7":"product_cat-akvarijni-technika","8":"product_cat-akvaristika","9":"product_cat-chovatelske-potreby-2","10":"product_cat-co2-hnojeni-rostlin","11":"pa_obchod-superzoo-cz","13":"first","14":"instock","15":"product-type-external","16":"entry","17":"content-bg","18":"loop-entry"},"acf":[],"yoast_head":"<!-- This site is optimized with the Yoast SEO plugin v27.4 - https:\/\/yoast.com\/product\/yoast-seo-wordpress\/ -->\n<title>TETRA Plant Planta Start 12tablet - SHOPATOA.COM<\/title>\n<meta name=\"robots\" content=\"index, follow, max-snippet:-1, max-image-preview:large, max-video-preview:-1\" \/>\n<link rel=\"canonical\" href=\"https:\/\/shopatoa.com\/cz\/tetra-plant-planta-start-12tablet\/\" \/>\n<meta property=\"og:locale\" content=\"cs_CZ\" \/>\n<meta property=\"og:type\" content=\"article\" \/>\n<meta property=\"og:title\" content=\"TETRA Plant Planta Start 12tablet - SHOPATOA.COM\" \/>\n<meta property=\"og:description\" content=\"Hnojivo s rostlinn\u00fdm hormonem pro v\u0161echny rostliny ve sladkovodn\u00edm akv\u00e1riu. Pro zdrav\u00fd r\u016fst rostlin jsoui d\u016fle\u017eit\u00e9 r\u016fzn\u00e9 druhy \u017eivn\u00fdch slo\u017eek. Tetra Plant Planta Start posiluje a chr\u00e1n\u00ed nov\u00e9 rostliny, obsahuje v\u0161echny nezbytn\u00e9 \u017eiviny pro bezpe\u010dnou p\u0159ilnavost p\u0159i vysazen\u00ed nebo p\u0159esazen\u00ed rostlin. Cenn\u00fd rostlinn\u00fd hormon zvy\u0161uje r\u016fst rostlin a aktivuje r\u016fst ko\u0159en\u016f. Toto hnojivo t\u00e9\u017e chr\u00e1n\u00ed...\" \/>\n<meta property=\"og:url\" content=\"https:\/\/shopatoa.com\/cz\/tetra-plant-planta-start-12tablet\/\" \/>\n<meta property=\"og:site_name\" content=\"SHOPATOA\" \/>\n<meta property=\"article:modified_time\" content=\"2026-02-04T05:51:16+00:00\" \/>\n<meta property=\"og:image\" content=\"https:\/\/storage.googleapis.com\/cz-shopatoa-img\/cz\/b8e3b052-1_90964.jpg\" \/>\n\t<meta property=\"og:image:width\" content=\"600\" \/>\n\t<meta property=\"og:image:height\" content=\"600\" \/>\n\t<meta property=\"og:image:type\" content=\"image\/jpeg\" \/>\n<meta name=\"twitter:card\" content=\"summary_large_image\" \/>\n<meta name=\"twitter:label1\" content=\"Odhadovan\u00e1 doba \u010dten\u00ed\" \/>\n\t<meta name=\"twitter:data1\" content=\"1 minuta\" \/>\n<script type=\"application\/ld+json\" class=\"yoast-schema-graph\">{\"@context\":\"https:\\\/\\\/schema.org\",\"@graph\":[{\"@type\":\"WebPage\",\"@id\":\"https:\\\/\\\/shopatoa.com\\\/cz\\\/tetra-plant-planta-start-12tablet\\\/\",\"url\":\"https:\\\/\\\/shopatoa.com\\\/cz\\\/tetra-plant-planta-start-12tablet\\\/\",\"name\":\"TETRA Plant Planta Start 12tablet - SHOPATOA.COM\",\"isPartOf\":{\"@id\":\"https:\\\/\\\/shopatoa.com\\\/cz\\\/#website\"},\"primaryImageOfPage\":{\"@id\":\"https:\\\/\\\/shopatoa.com\\\/cz\\\/tetra-plant-planta-start-12tablet\\\/#primaryimage\"},\"image\":{\"@id\":\"https:\\\/\\\/shopatoa.com\\\/cz\\\/tetra-plant-planta-start-12tablet\\\/#primaryimage\"},\"thumbnailUrl\":\"https:\\\/\\\/storage.googleapis.com\\\/cz-shopatoa-img\\\/cz\\\/b8e3b052-1_90964.jpg\",\"datePublished\":\"2025-04-01T14:11:39+00:00\",\"dateModified\":\"2026-02-04T05:51:16+00:00\",\"breadcrumb\":{\"@id\":\"https:\\\/\\\/shopatoa.com\\\/cz\\\/tetra-plant-planta-start-12tablet\\\/#breadcrumb\"},\"inLanguage\":\"cs\",\"potentialAction\":[{\"@type\":\"ReadAction\",\"target\":[\"https:\\\/\\\/shopatoa.com\\\/cz\\\/tetra-plant-planta-start-12tablet\\\/\"]}]},{\"@type\":\"ImageObject\",\"inLanguage\":\"cs\",\"@id\":\"https:\\\/\\\/shopatoa.com\\\/cz\\\/tetra-plant-planta-start-12tablet\\\/#primaryimage\",\"url\":\"https:\\\/\\\/storage.googleapis.com\\\/cz-shopatoa-img\\\/cz\\\/b8e3b052-1_90964.jpg\",\"contentUrl\":\"https:\\\/\\\/storage.googleapis.com\\\/cz-shopatoa-img\\\/cz\\\/b8e3b052-1_90964.jpg\",\"width\":600,\"height\":600},{\"@type\":\"BreadcrumbList\",\"@id\":\"https:\\\/\\\/shopatoa.com\\\/cz\\\/tetra-plant-planta-start-12tablet\\\/#breadcrumb\",\"itemListElement\":[{\"@type\":\"ListItem\",\"position\":1,\"name\":\"Dom\u016f\",\"item\":\"https:\\\/\\\/shopatoa.com\\\/cz\\\/\"},{\"@type\":\"ListItem\",\"position\":2,\"name\":\"Produkty\",\"item\":\"https:\\\/\\\/shopatoa.com\\\/cz\\\/shop\\\/\"},{\"@type\":\"ListItem\",\"position\":3,\"name\":\"Chovatelsk\u00e9 pot\u0159eby\",\"item\":\"https:\\\/\\\/shopatoa.com\\\/cz\\\/chovatelske-potreby-2\\\/\"},{\"@type\":\"ListItem\",\"position\":4,\"name\":\"Akvaristika\",\"item\":\"https:\\\/\\\/shopatoa.com\\\/cz\\\/akvaristika\\\/\"},{\"@type\":\"ListItem\",\"position\":5,\"name\":\"Akvarijn\u00ed technika\",\"item\":\"https:\\\/\\\/shopatoa.com\\\/cz\\\/akvarijni-technika\\\/\"},{\"@type\":\"ListItem\",\"position\":6,\"name\":\"CO2 hnojen\u00ed rostlin\",\"item\":\"https:\\\/\\\/shopatoa.com\\\/cz\\\/co2-hnojeni-rostlin\\\/\"},{\"@type\":\"ListItem\",\"position\":7,\"name\":\"TETRA Plant Planta Start 12tablet\"}]},{\"@type\":\"WebSite\",\"@id\":\"https:\\\/\\\/shopatoa.com\\\/cz\\\/#website\",\"url\":\"https:\\\/\\\/shopatoa.com\\\/cz\\\/\",\"name\":\"SHOPATOA\",\"description\":\"\",\"publisher\":{\"@id\":\"https:\\\/\\\/shopatoa.com\\\/cz\\\/#organization\"},\"potentialAction\":[{\"@type\":\"SearchAction\",\"target\":{\"@type\":\"EntryPoint\",\"urlTemplate\":\"https:\\\/\\\/shopatoa.com\\\/cz\\\/?s={search_term_string}\"},\"query-input\":{\"@type\":\"PropertyValueSpecification\",\"valueRequired\":true,\"valueName\":\"search_term_string\"}}],\"inLanguage\":\"cs\"},{\"@type\":\"Organization\",\"@id\":\"https:\\\/\\\/shopatoa.com\\\/cz\\\/#organization\",\"name\":\"SHOPATOA Digital s.r.o.\",\"url\":\"https:\\\/\\\/shopatoa.com\\\/cz\\\/\",\"logo\":{\"@type\":\"ImageObject\",\"inLanguage\":\"cs\",\"@id\":\"https:\\\/\\\/shopatoa.com\\\/cz\\\/#\\\/schema\\\/logo\\\/image\\\/\",\"url\":\"https:\\\/\\\/storage.googleapis.com\\\/cz-shopatoa-img\\\/cz\\\/ebccf434-shopatoa_logo.png\",\"contentUrl\":\"https:\\\/\\\/storage.googleapis.com\\\/cz-shopatoa-img\\\/cz\\\/ebccf434-shopatoa_logo.png\",\"width\":416,\"height\":63,\"caption\":\"SHOPATOA Digital s.r.o.\"},\"image\":{\"@id\":\"https:\\\/\\\/shopatoa.com\\\/cz\\\/#\\\/schema\\\/logo\\\/image\\\/\"}}]}<\/script>\n<!-- \/ Yoast SEO plugin. -->","yoast_head_json":{"title":"TETRA Plant Planta Start 12tablet - SHOPATOA.COM","robots":{"index":"index","follow":"follow","max-snippet":"max-snippet:-1","max-image-preview":"max-image-preview:large","max-video-preview":"max-video-preview:-1"},"canonical":"https:\/\/shopatoa.com\/cz\/tetra-plant-planta-start-12tablet\/","og_locale":"cs_CZ","og_type":"article","og_title":"TETRA Plant Planta Start 12tablet - SHOPATOA.COM","og_description":"Hnojivo s rostlinn\u00fdm hormonem pro v\u0161echny rostliny ve sladkovodn\u00edm akv\u00e1riu. Pro zdrav\u00fd r\u016fst rostlin jsoui d\u016fle\u017eit\u00e9 r\u016fzn\u00e9 druhy \u017eivn\u00fdch slo\u017eek. Tetra Plant Planta Start posiluje a chr\u00e1n\u00ed nov\u00e9 rostliny, obsahuje v\u0161echny nezbytn\u00e9 \u017eiviny pro bezpe\u010dnou p\u0159ilnavost p\u0159i vysazen\u00ed nebo p\u0159esazen\u00ed rostlin. Cenn\u00fd rostlinn\u00fd hormon zvy\u0161uje r\u016fst rostlin a aktivuje r\u016fst ko\u0159en\u016f. Toto hnojivo t\u00e9\u017e chr\u00e1n\u00ed...","og_url":"https:\/\/shopatoa.com\/cz\/tetra-plant-planta-start-12tablet\/","og_site_name":"SHOPATOA","article_modified_time":"2026-02-04T05:51:16+00:00","og_image":[{"width":600,"height":600,"url":"https:\/\/storage.googleapis.com\/cz-shopatoa-img\/cz\/b8e3b052-1_90964.jpg","type":"image\/jpeg"}],"twitter_card":"summary_large_image","twitter_misc":{"Odhadovan\u00e1 doba \u010dten\u00ed":"1 minuta"},"schema":{"@context":"https:\/\/schema.org","@graph":[{"@type":"WebPage","@id":"https:\/\/shopatoa.com\/cz\/tetra-plant-planta-start-12tablet\/","url":"https:\/\/shopatoa.com\/cz\/tetra-plant-planta-start-12tablet\/","name":"TETRA Plant Planta Start 12tablet - SHOPATOA.COM","isPartOf":{"@id":"https:\/\/shopatoa.com\/cz\/#website"},"primaryImageOfPage":{"@id":"https:\/\/shopatoa.com\/cz\/tetra-plant-planta-start-12tablet\/#primaryimage"},"image":{"@id":"https:\/\/shopatoa.com\/cz\/tetra-plant-planta-start-12tablet\/#primaryimage"},"thumbnailUrl":"https:\/\/storage.googleapis.com\/cz-shopatoa-img\/cz\/b8e3b052-1_90964.jpg","datePublished":"2025-04-01T14:11:39+00:00","dateModified":"2026-02-04T05:51:16+00:00","breadcrumb":{"@id":"https:\/\/shopatoa.com\/cz\/tetra-plant-planta-start-12tablet\/#breadcrumb"},"inLanguage":"cs","potentialAction":[{"@type":"ReadAction","target":["https:\/\/shopatoa.com\/cz\/tetra-plant-planta-start-12tablet\/"]}]},{"@type":"ImageObject","inLanguage":"cs","@id":"https:\/\/shopatoa.com\/cz\/tetra-plant-planta-start-12tablet\/#primaryimage","url":"https:\/\/storage.googleapis.com\/cz-shopatoa-img\/cz\/b8e3b052-1_90964.jpg","contentUrl":"https:\/\/storage.googleapis.com\/cz-shopatoa-img\/cz\/b8e3b052-1_90964.jpg","width":600,"height":600},{"@type":"BreadcrumbList","@id":"https:\/\/shopatoa.com\/cz\/tetra-plant-planta-start-12tablet\/#breadcrumb","itemListElement":[{"@type":"ListItem","position":1,"name":"Dom\u016f","item":"https:\/\/shopatoa.com\/cz\/"},{"@type":"ListItem","position":2,"name":"Produkty","item":"https:\/\/shopatoa.com\/cz\/shop\/"},{"@type":"ListItem","position":3,"name":"Chovatelsk\u00e9 pot\u0159eby","item":"https:\/\/shopatoa.com\/cz\/chovatelske-potreby-2\/"},{"@type":"ListItem","position":4,"name":"Akvaristika","item":"https:\/\/shopatoa.com\/cz\/akvaristika\/"},{"@type":"ListItem","position":5,"name":"Akvarijn\u00ed technika","item":"https:\/\/shopatoa.com\/cz\/akvarijni-technika\/"},{"@type":"ListItem","position":6,"name":"CO2 hnojen\u00ed rostlin","item":"https:\/\/shopatoa.com\/cz\/co2-hnojeni-rostlin\/"},{"@type":"ListItem","position":7,"name":"TETRA Plant Planta Start 12tablet"}]},{"@type":"WebSite","@id":"https:\/\/shopatoa.com\/cz\/#website","url":"https:\/\/shopatoa.com\/cz\/","name":"SHOPATOA","description":"","publisher":{"@id":"https:\/\/shopatoa.com\/cz\/#organization"},"potentialAction":[{"@type":"SearchAction","target":{"@type":"EntryPoint","urlTemplate":"https:\/\/shopatoa.com\/cz\/?s={search_term_string}"},"query-input":{"@type":"PropertyValueSpecification","valueRequired":true,"valueName":"search_term_string"}}],"inLanguage":"cs"},{"@type":"Organization","@id":"https:\/\/shopatoa.com\/cz\/#organization","name":"SHOPATOA Digital s.r.o.","url":"https:\/\/shopatoa.com\/cz\/","logo":{"@type":"ImageObject","inLanguage":"cs","@id":"https:\/\/shopatoa.com\/cz\/#\/schema\/logo\/image\/","url":"https:\/\/storage.googleapis.com\/cz-shopatoa-img\/cz\/ebccf434-shopatoa_logo.png","contentUrl":"https:\/\/storage.googleapis.com\/cz-shopatoa-img\/cz\/ebccf434-shopatoa_logo.png","width":416,"height":63,"caption":"SHOPATOA Digital s.r.o."},"image":{"@id":"https:\/\/shopatoa.com\/cz\/#\/schema\/logo\/image\/"}}]}},"_links":{"self":[{"href":"https:\/\/shopatoa.com\/cz\/wp-json\/wp\/v2\/product\/241964","targetHints":{"allow":["GET"]}}],"collection":[{"href":"https:\/\/shopatoa.com\/cz\/wp-json\/wp\/v2\/product"}],"about":[{"href":"https:\/\/shopatoa.com\/cz\/wp-json\/wp\/v2\/types\/product"}],"replies":[{"embeddable":true,"href":"https:\/\/shopatoa.com\/cz\/wp-json\/wp\/v2\/comments?post=241964"}],"wp:featuredmedia":[{"embeddable":true,"href":"https:\/\/shopatoa.com\/cz\/wp-json\/wp\/v2\/media\/241965"}],"wp:attachment":[{"href":"https:\/\/shopatoa.com\/cz\/wp-json\/wp\/v2\/media?parent=241964"}],"wp:term":[{"taxonomy":"product_brand","embeddable":true,"href":"https:\/\/shopatoa.com\/cz\/wp-json\/wp\/v2\/product_brand?post=241964"},{"taxonomy":"product_cat","embeddable":true,"href":"https:\/\/shopatoa.com\/cz\/wp-json\/wp\/v2\/product_cat?post=241964"},{"taxonomy":"product_tag","embeddable":true,"href":"https:\/\/shopatoa.com\/cz\/wp-json\/wp\/v2\/product_tag?post=241964"}],"curies":[{"name":"wp","href":"https:\/\/api.w.org\/{rel}","templated":true}]}}