{"id":242106,"date":"2025-04-01T16:17:53","date_gmt":"2025-04-01T14:17:53","guid":{"rendered":"https:\/\/shopatoa.com\/cz\/?post_type=product&#038;p=242106"},"modified":"2025-04-26T01:56:52","modified_gmt":"2025-04-25T23:56:52","slug":"akvarium-set-tetra-cascade-led-68l-bila","status":"publish","type":"product","link":"https:\/\/shopatoa.com\/cz\/akvarium-set-tetra-cascade-led-68l-bila\/","title":{"rendered":"Akv\u00e1rium set Tetra Cascade LED 6,8l b\u00edl\u00e1"},"content":{"rendered":"<p>Kulat\u00e9 sklen\u011bn\u00e9 akv\u00e1rium.\u00a0Bezpe\u010dn\u00fd provoz d\u00edky 12 W trafu a s\u00ed\u0165ov\u00e9mu kabelu.\u00a0Filtra\u010dn\u00ed m\u00e9dia se snadno vym\u011b\u0148uj\u00ed pouze odklopen\u00edm vrchn\u00edho krytu. Neobsahuje top\u00edtko.<\/p>\n<p>Akvarijn\u00ed set obsahuje:<\/p>\n<p>\tFiltr a LED osv\u011btlen\u00ed.<br \/>\n\tN\u00edzkonap\u011btov\u00fd kabel, kter\u00fd nap\u00e1j\u00ed 12W jak filtr, tak LED\u00a0diody.<br \/>\n\tMal\u00fd p\u0159epad, kter\u00fd vytvo\u0159\u00ed vodp\u00e1d pro uklidn\u011bn\u00ed a relaxaci.<\/p>\n<p>Velikost: 27 x 35 x 30,5 cm.<\/p>\n<p>Pr\u016fm\u011br: 25 cm.<\/p>\n","protected":false},"excerpt":{"rendered":"<p>Kulat\u00e9 sklen\u011bn\u00e9 akv\u00e1rium.\u00a0Bezpe\u010dn\u00fd provoz d\u00edky 12 W trafu a s\u00ed\u0165ov\u00e9mu kabelu.\u00a0Filtra\u010dn\u00ed m\u00e9dia se snadno vym\u011b\u0148uj\u00ed pouze odklopen\u00edm vrchn\u00edho krytu. Neobsahuje top\u00edtko. Akvarijn\u00ed set obsahuje: Filtr a LED osv\u011btlen\u00ed. N\u00edzkonap\u011btov\u00fd kabel, kter\u00fd nap\u00e1j\u00ed 12W jak filtr, tak LED\u00a0diody. Mal\u00fd p\u0159epad, kter\u00fd vytvo\u0159\u00ed vodp\u00e1d pro uklidn\u011bn\u00ed a relaxaci. Velikost: 27 x 35 x 30,5 cm. Pr\u016fm\u011br: 25&#8230;<\/p>\n","protected":false},"featured_media":242107,"comment_status":"closed","ping_status":"open","template":"","meta":{"_acf_changed":false,"_kadence_starter_templates_imported_post":false,"_kad_post_transparent":"","_kad_post_title":"","_kad_post_layout":"","_kad_post_sidebar_id":"","_kad_post_content_style":"","_kad_post_vertical_padding":"","_kad_post_feature":"","_kad_post_feature_position":"","_kad_post_header":false,"_kad_post_footer":false,"_kad_post_classname":""},"product_brand":[2614],"product_cat":[2609,2510,436],"product_tag":[],"class_list":{"0":"post-242106","1":"product","2":"type-product","3":"status-publish","4":"has-post-thumbnail","6":"product_brand-tetra","7":"product_cat-akvarijni-sety","8":"product_cat-akvaristika","9":"product_cat-chovatelske-potreby-2","10":"pa_obchod-superzoo-cz","12":"first","13":"instock","14":"product-type-external","15":"entry","16":"content-bg","17":"loop-entry"},"acf":[],"yoast_head":"<!-- This site is optimized with the Yoast SEO plugin v27.4 - https:\/\/yoast.com\/product\/yoast-seo-wordpress\/ -->\n<title>Akv\u00e1rium set Tetra Cascade LED 6,8l b\u00edl\u00e1 - SHOPATOA.COM<\/title>\n<meta name=\"robots\" content=\"index, follow, max-snippet:-1, max-image-preview:large, max-video-preview:-1\" \/>\n<link rel=\"canonical\" href=\"https:\/\/shopatoa.com\/cz\/akvarium-set-tetra-cascade-led-68l-bila\/\" \/>\n<meta property=\"og:locale\" content=\"cs_CZ\" \/>\n<meta property=\"og:type\" content=\"article\" \/>\n<meta property=\"og:title\" content=\"Akv\u00e1rium set Tetra Cascade LED 6,8l b\u00edl\u00e1 - SHOPATOA.COM\" \/>\n<meta property=\"og:description\" content=\"Kulat\u00e9 sklen\u011bn\u00e9 akv\u00e1rium.\u00a0Bezpe\u010dn\u00fd provoz d\u00edky 12 W trafu a s\u00ed\u0165ov\u00e9mu kabelu.\u00a0Filtra\u010dn\u00ed m\u00e9dia se snadno vym\u011b\u0148uj\u00ed pouze odklopen\u00edm vrchn\u00edho krytu. Neobsahuje top\u00edtko. Akvarijn\u00ed set obsahuje: Filtr a LED osv\u011btlen\u00ed. N\u00edzkonap\u011btov\u00fd kabel, kter\u00fd nap\u00e1j\u00ed 12W jak filtr, tak LED\u00a0diody. Mal\u00fd p\u0159epad, kter\u00fd vytvo\u0159\u00ed vodp\u00e1d pro uklidn\u011bn\u00ed a relaxaci. Velikost: 27 x 35 x 30,5 cm. Pr\u016fm\u011br: 25...\" \/>\n<meta property=\"og:url\" content=\"https:\/\/shopatoa.com\/cz\/akvarium-set-tetra-cascade-led-68l-bila\/\" \/>\n<meta property=\"og:site_name\" content=\"SHOPATOA\" \/>\n<meta property=\"article:modified_time\" content=\"2025-04-25T23:56:52+00:00\" \/>\n<meta property=\"og:image\" content=\"https:\/\/storage.googleapis.com\/cz-shopatoa-img\/cz\/d304596a-1_27220.jpg\" \/>\n\t<meta property=\"og:image:width\" content=\"600\" \/>\n\t<meta property=\"og:image:height\" content=\"600\" \/>\n\t<meta property=\"og:image:type\" content=\"image\/jpeg\" \/>\n<meta name=\"twitter:card\" content=\"summary_large_image\" \/>\n<script type=\"application\/ld+json\" class=\"yoast-schema-graph\">{\"@context\":\"https:\\\/\\\/schema.org\",\"@graph\":[{\"@type\":\"WebPage\",\"@id\":\"https:\\\/\\\/shopatoa.com\\\/cz\\\/akvarium-set-tetra-cascade-led-68l-bila\\\/\",\"url\":\"https:\\\/\\\/shopatoa.com\\\/cz\\\/akvarium-set-tetra-cascade-led-68l-bila\\\/\",\"name\":\"Akv\u00e1rium set Tetra Cascade LED 6,8l b\u00edl\u00e1 - SHOPATOA.COM\",\"isPartOf\":{\"@id\":\"https:\\\/\\\/shopatoa.com\\\/cz\\\/#website\"},\"primaryImageOfPage\":{\"@id\":\"https:\\\/\\\/shopatoa.com\\\/cz\\\/akvarium-set-tetra-cascade-led-68l-bila\\\/#primaryimage\"},\"image\":{\"@id\":\"https:\\\/\\\/shopatoa.com\\\/cz\\\/akvarium-set-tetra-cascade-led-68l-bila\\\/#primaryimage\"},\"thumbnailUrl\":\"https:\\\/\\\/storage.googleapis.com\\\/cz-shopatoa-img\\\/cz\\\/d304596a-1_27220.jpg\",\"datePublished\":\"2025-04-01T14:17:53+00:00\",\"dateModified\":\"2025-04-25T23:56:52+00:00\",\"breadcrumb\":{\"@id\":\"https:\\\/\\\/shopatoa.com\\\/cz\\\/akvarium-set-tetra-cascade-led-68l-bila\\\/#breadcrumb\"},\"inLanguage\":\"cs\",\"potentialAction\":[{\"@type\":\"ReadAction\",\"target\":[\"https:\\\/\\\/shopatoa.com\\\/cz\\\/akvarium-set-tetra-cascade-led-68l-bila\\\/\"]}]},{\"@type\":\"ImageObject\",\"inLanguage\":\"cs\",\"@id\":\"https:\\\/\\\/shopatoa.com\\\/cz\\\/akvarium-set-tetra-cascade-led-68l-bila\\\/#primaryimage\",\"url\":\"https:\\\/\\\/storage.googleapis.com\\\/cz-shopatoa-img\\\/cz\\\/d304596a-1_27220.jpg\",\"contentUrl\":\"https:\\\/\\\/storage.googleapis.com\\\/cz-shopatoa-img\\\/cz\\\/d304596a-1_27220.jpg\",\"width\":600,\"height\":600},{\"@type\":\"BreadcrumbList\",\"@id\":\"https:\\\/\\\/shopatoa.com\\\/cz\\\/akvarium-set-tetra-cascade-led-68l-bila\\\/#breadcrumb\",\"itemListElement\":[{\"@type\":\"ListItem\",\"position\":1,\"name\":\"Dom\u016f\",\"item\":\"https:\\\/\\\/shopatoa.com\\\/cz\\\/\"},{\"@type\":\"ListItem\",\"position\":2,\"name\":\"Produkty\",\"item\":\"https:\\\/\\\/shopatoa.com\\\/cz\\\/shop\\\/\"},{\"@type\":\"ListItem\",\"position\":3,\"name\":\"Chovatelsk\u00e9 pot\u0159eby\",\"item\":\"https:\\\/\\\/shopatoa.com\\\/cz\\\/chovatelske-potreby-2\\\/\"},{\"@type\":\"ListItem\",\"position\":4,\"name\":\"Akvaristika\",\"item\":\"https:\\\/\\\/shopatoa.com\\\/cz\\\/akvaristika\\\/\"},{\"@type\":\"ListItem\",\"position\":5,\"name\":\"Akvarijn\u00ed sety\",\"item\":\"https:\\\/\\\/shopatoa.com\\\/cz\\\/akvarijni-sety\\\/\"},{\"@type\":\"ListItem\",\"position\":6,\"name\":\"Akv\u00e1rium set Tetra Cascade LED 6,8l b\u00edl\u00e1\"}]},{\"@type\":\"WebSite\",\"@id\":\"https:\\\/\\\/shopatoa.com\\\/cz\\\/#website\",\"url\":\"https:\\\/\\\/shopatoa.com\\\/cz\\\/\",\"name\":\"SHOPATOA\",\"description\":\"\",\"publisher\":{\"@id\":\"https:\\\/\\\/shopatoa.com\\\/cz\\\/#organization\"},\"potentialAction\":[{\"@type\":\"SearchAction\",\"target\":{\"@type\":\"EntryPoint\",\"urlTemplate\":\"https:\\\/\\\/shopatoa.com\\\/cz\\\/?s={search_term_string}\"},\"query-input\":{\"@type\":\"PropertyValueSpecification\",\"valueRequired\":true,\"valueName\":\"search_term_string\"}}],\"inLanguage\":\"cs\"},{\"@type\":\"Organization\",\"@id\":\"https:\\\/\\\/shopatoa.com\\\/cz\\\/#organization\",\"name\":\"SHOPATOA Digital s.r.o.\",\"url\":\"https:\\\/\\\/shopatoa.com\\\/cz\\\/\",\"logo\":{\"@type\":\"ImageObject\",\"inLanguage\":\"cs\",\"@id\":\"https:\\\/\\\/shopatoa.com\\\/cz\\\/#\\\/schema\\\/logo\\\/image\\\/\",\"url\":\"https:\\\/\\\/storage.googleapis.com\\\/cz-shopatoa-img\\\/cz\\\/ebccf434-shopatoa_logo.png\",\"contentUrl\":\"https:\\\/\\\/storage.googleapis.com\\\/cz-shopatoa-img\\\/cz\\\/ebccf434-shopatoa_logo.png\",\"width\":416,\"height\":63,\"caption\":\"SHOPATOA Digital s.r.o.\"},\"image\":{\"@id\":\"https:\\\/\\\/shopatoa.com\\\/cz\\\/#\\\/schema\\\/logo\\\/image\\\/\"}}]}<\/script>\n<!-- \/ Yoast SEO plugin. -->","yoast_head_json":{"title":"Akv\u00e1rium set Tetra Cascade LED 6,8l b\u00edl\u00e1 - SHOPATOA.COM","robots":{"index":"index","follow":"follow","max-snippet":"max-snippet:-1","max-image-preview":"max-image-preview:large","max-video-preview":"max-video-preview:-1"},"canonical":"https:\/\/shopatoa.com\/cz\/akvarium-set-tetra-cascade-led-68l-bila\/","og_locale":"cs_CZ","og_type":"article","og_title":"Akv\u00e1rium set Tetra Cascade LED 6,8l b\u00edl\u00e1 - SHOPATOA.COM","og_description":"Kulat\u00e9 sklen\u011bn\u00e9 akv\u00e1rium.\u00a0Bezpe\u010dn\u00fd provoz d\u00edky 12 W trafu a s\u00ed\u0165ov\u00e9mu kabelu.\u00a0Filtra\u010dn\u00ed m\u00e9dia se snadno vym\u011b\u0148uj\u00ed pouze odklopen\u00edm vrchn\u00edho krytu. Neobsahuje top\u00edtko. Akvarijn\u00ed set obsahuje: Filtr a LED osv\u011btlen\u00ed. N\u00edzkonap\u011btov\u00fd kabel, kter\u00fd nap\u00e1j\u00ed 12W jak filtr, tak LED\u00a0diody. Mal\u00fd p\u0159epad, kter\u00fd vytvo\u0159\u00ed vodp\u00e1d pro uklidn\u011bn\u00ed a relaxaci. Velikost: 27 x 35 x 30,5 cm. Pr\u016fm\u011br: 25...","og_url":"https:\/\/shopatoa.com\/cz\/akvarium-set-tetra-cascade-led-68l-bila\/","og_site_name":"SHOPATOA","article_modified_time":"2025-04-25T23:56:52+00:00","og_image":[{"width":600,"height":600,"url":"https:\/\/storage.googleapis.com\/cz-shopatoa-img\/cz\/d304596a-1_27220.jpg","type":"image\/jpeg"}],"twitter_card":"summary_large_image","schema":{"@context":"https:\/\/schema.org","@graph":[{"@type":"WebPage","@id":"https:\/\/shopatoa.com\/cz\/akvarium-set-tetra-cascade-led-68l-bila\/","url":"https:\/\/shopatoa.com\/cz\/akvarium-set-tetra-cascade-led-68l-bila\/","name":"Akv\u00e1rium set Tetra Cascade LED 6,8l b\u00edl\u00e1 - SHOPATOA.COM","isPartOf":{"@id":"https:\/\/shopatoa.com\/cz\/#website"},"primaryImageOfPage":{"@id":"https:\/\/shopatoa.com\/cz\/akvarium-set-tetra-cascade-led-68l-bila\/#primaryimage"},"image":{"@id":"https:\/\/shopatoa.com\/cz\/akvarium-set-tetra-cascade-led-68l-bila\/#primaryimage"},"thumbnailUrl":"https:\/\/storage.googleapis.com\/cz-shopatoa-img\/cz\/d304596a-1_27220.jpg","datePublished":"2025-04-01T14:17:53+00:00","dateModified":"2025-04-25T23:56:52+00:00","breadcrumb":{"@id":"https:\/\/shopatoa.com\/cz\/akvarium-set-tetra-cascade-led-68l-bila\/#breadcrumb"},"inLanguage":"cs","potentialAction":[{"@type":"ReadAction","target":["https:\/\/shopatoa.com\/cz\/akvarium-set-tetra-cascade-led-68l-bila\/"]}]},{"@type":"ImageObject","inLanguage":"cs","@id":"https:\/\/shopatoa.com\/cz\/akvarium-set-tetra-cascade-led-68l-bila\/#primaryimage","url":"https:\/\/storage.googleapis.com\/cz-shopatoa-img\/cz\/d304596a-1_27220.jpg","contentUrl":"https:\/\/storage.googleapis.com\/cz-shopatoa-img\/cz\/d304596a-1_27220.jpg","width":600,"height":600},{"@type":"BreadcrumbList","@id":"https:\/\/shopatoa.com\/cz\/akvarium-set-tetra-cascade-led-68l-bila\/#breadcrumb","itemListElement":[{"@type":"ListItem","position":1,"name":"Dom\u016f","item":"https:\/\/shopatoa.com\/cz\/"},{"@type":"ListItem","position":2,"name":"Produkty","item":"https:\/\/shopatoa.com\/cz\/shop\/"},{"@type":"ListItem","position":3,"name":"Chovatelsk\u00e9 pot\u0159eby","item":"https:\/\/shopatoa.com\/cz\/chovatelske-potreby-2\/"},{"@type":"ListItem","position":4,"name":"Akvaristika","item":"https:\/\/shopatoa.com\/cz\/akvaristika\/"},{"@type":"ListItem","position":5,"name":"Akvarijn\u00ed sety","item":"https:\/\/shopatoa.com\/cz\/akvarijni-sety\/"},{"@type":"ListItem","position":6,"name":"Akv\u00e1rium set Tetra Cascade LED 6,8l b\u00edl\u00e1"}]},{"@type":"WebSite","@id":"https:\/\/shopatoa.com\/cz\/#website","url":"https:\/\/shopatoa.com\/cz\/","name":"SHOPATOA","description":"","publisher":{"@id":"https:\/\/shopatoa.com\/cz\/#organization"},"potentialAction":[{"@type":"SearchAction","target":{"@type":"EntryPoint","urlTemplate":"https:\/\/shopatoa.com\/cz\/?s={search_term_string}"},"query-input":{"@type":"PropertyValueSpecification","valueRequired":true,"valueName":"search_term_string"}}],"inLanguage":"cs"},{"@type":"Organization","@id":"https:\/\/shopatoa.com\/cz\/#organization","name":"SHOPATOA Digital s.r.o.","url":"https:\/\/shopatoa.com\/cz\/","logo":{"@type":"ImageObject","inLanguage":"cs","@id":"https:\/\/shopatoa.com\/cz\/#\/schema\/logo\/image\/","url":"https:\/\/storage.googleapis.com\/cz-shopatoa-img\/cz\/ebccf434-shopatoa_logo.png","contentUrl":"https:\/\/storage.googleapis.com\/cz-shopatoa-img\/cz\/ebccf434-shopatoa_logo.png","width":416,"height":63,"caption":"SHOPATOA Digital s.r.o."},"image":{"@id":"https:\/\/shopatoa.com\/cz\/#\/schema\/logo\/image\/"}}]}},"_links":{"self":[{"href":"https:\/\/shopatoa.com\/cz\/wp-json\/wp\/v2\/product\/242106","targetHints":{"allow":["GET"]}}],"collection":[{"href":"https:\/\/shopatoa.com\/cz\/wp-json\/wp\/v2\/product"}],"about":[{"href":"https:\/\/shopatoa.com\/cz\/wp-json\/wp\/v2\/types\/product"}],"replies":[{"embeddable":true,"href":"https:\/\/shopatoa.com\/cz\/wp-json\/wp\/v2\/comments?post=242106"}],"wp:featuredmedia":[{"embeddable":true,"href":"https:\/\/shopatoa.com\/cz\/wp-json\/wp\/v2\/media\/242107"}],"wp:attachment":[{"href":"https:\/\/shopatoa.com\/cz\/wp-json\/wp\/v2\/media?parent=242106"}],"wp:term":[{"taxonomy":"product_brand","embeddable":true,"href":"https:\/\/shopatoa.com\/cz\/wp-json\/wp\/v2\/product_brand?post=242106"},{"taxonomy":"product_cat","embeddable":true,"href":"https:\/\/shopatoa.com\/cz\/wp-json\/wp\/v2\/product_cat?post=242106"},{"taxonomy":"product_tag","embeddable":true,"href":"https:\/\/shopatoa.com\/cz\/wp-json\/wp\/v2\/product_tag?post=242106"}],"curies":[{"name":"wp","href":"https:\/\/api.w.org\/{rel}","templated":true}]}}