{"id":242122,"date":"2025-04-01T16:18:34","date_gmt":"2025-04-01T14:18:34","guid":{"rendered":"https:\/\/shopatoa.com\/cz\/?post_type=product&#038;p=242122"},"modified":"2025-04-26T01:56:18","modified_gmt":"2025-04-25T23:56:18","slug":"filtr-tetra-tec-ex-1200-plus-vnejsi","status":"publish","type":"product","link":"https:\/\/shopatoa.com\/cz\/filtr-tetra-tec-ex-1200-plus-vnejsi\/","title":{"rendered":"Filtr TETRA Tec EX 1200 Plus vn\u011bj\u0161\u00ed"},"content":{"rendered":"<p>Vn\u011bj\u0161\u00ed filtr s 5 r\u016fzn\u00fdmi filtra\u010dn\u00edmi m\u00e9dii.<\/p>\n<p>Ni\u017e\u0161\u00ed spot\u0159eba energie o 35% oproti p\u016fvodn\u00edm filtr\u016fm. Men\u0161\u00ed ztr\u00e1ta t\u0159en\u00edm \/ m\u00e9n\u011b hluku \u2013 nov\u00e9 hadice a p\u0159\u00edpojky, v\u010detn\u011b p\u0159edfiltru. Vylep\u0161en\u00e9 t\u011bsn\u011bn\u00ed proti prot\u00e9k\u00e1n\u00ed (zplo\u0161t\u011bl\u00e9 t\u011bsn\u011bn\u00ed oproti O krou\u017eku). Vylep\u0161en\u00e9 p\u0159ipojovac\u00ed ventily proti prot\u00e9k\u00e1n\u00ed. Nov\u00e9 startovac\u00ed tla\u010d\u00edtko proti prot\u00e9k\u00e1n\u00ed\u2013 nov\u00fd t\u011bsn\u00edc\u00ed syst\u00e9m (startovac\u00ed tla\u010d\u00edtko se u\u017e tak\u00e9 nezasek\u00e1v\u00e1 ve spodn\u00ed poloze). \u0158ada vn\u011bj\u0161\u00edch akvarijn\u00edch filtr\u016f Tetra EX Plus obsahuje 3 modely ur\u010den\u00e9 pro akv\u00e1ria o objemu do 500 litr\u016f (EX 600, EX 800, EX 1200).<\/p>\n<p>V\u00fdkonn\u00e9 a tich\u00e9. P\u0159ipraveny k pou\u017eit\u00ed a dod\u00e1v\u00e1ny s 5 r\u016fzn\u00fdmi filtra\u010dn\u00edmi m\u00e9dii: Tetra CR keramick\u00e9 filtry, krou\u017eky, Tetra BF Biologick\u00e1 filtra\u010dn\u00ed p\u011bna a Tetra BB Bio filtra\u010dn\u00ed kuli\u010dky na podporu usazen\u00ed filtra\u010dn\u00edch bakt\u00e9ri\u00ed, Tetra CF Carbon filtra\u010dn\u00ed m\u00e9dium pro odstra\u0148ov\u00e1n\u00ed \u0161kodliv\u00fdch organick\u00fdch l\u00e1tek a Tetra FF filtra\u010dn\u00ed vata &#8211; spolehliv\u011b odstran\u00ed jemn\u00e9 \u010d\u00e1stice a podporuje \u010distou vodou.P\u0159edfiltr zajist\u00ed minim\u00e1ln\u00ed \u00fadr\u017ebu. Odpojovac\u00ed&#8230;<\/p>\n","protected":false},"excerpt":{"rendered":"<p>Vn\u011bj\u0161\u00ed filtr s 5 r\u016fzn\u00fdmi filtra\u010dn\u00edmi m\u00e9dii. Ni\u017e\u0161\u00ed spot\u0159eba energie o 35% oproti p\u016fvodn\u00edm filtr\u016fm. Men\u0161\u00ed ztr\u00e1ta t\u0159en\u00edm \/ m\u00e9n\u011b hluku \u2013 nov\u00e9 hadice a p\u0159\u00edpojky, v\u010detn\u011b p\u0159edfiltru. Vylep\u0161en\u00e9 t\u011bsn\u011bn\u00ed proti prot\u00e9k\u00e1n\u00ed (zplo\u0161t\u011bl\u00e9 t\u011bsn\u011bn\u00ed oproti O krou\u017eku). Vylep\u0161en\u00e9 p\u0159ipojovac\u00ed ventily proti prot\u00e9k\u00e1n\u00ed. Nov\u00e9 startovac\u00ed tla\u010d\u00edtko proti prot\u00e9k\u00e1n\u00ed\u2013 nov\u00fd t\u011bsn\u00edc\u00ed syst\u00e9m (startovac\u00ed tla\u010d\u00edtko se u\u017e tak\u00e9&#8230;<\/p>\n","protected":false},"featured_media":242123,"comment_status":"closed","ping_status":"open","template":"","meta":{"_acf_changed":false,"_kadence_starter_templates_imported_post":false,"_kad_post_transparent":"","_kad_post_title":"","_kad_post_layout":"","_kad_post_sidebar_id":"","_kad_post_content_style":"","_kad_post_vertical_padding":"","_kad_post_feature":"","_kad_post_feature_position":"","_kad_post_header":false,"_kad_post_footer":false,"_kad_post_classname":""},"product_brand":[2614],"product_cat":[2512,2511,2510,436],"product_tag":[],"class_list":{"0":"post-242122","1":"product","2":"type-product","3":"status-publish","4":"has-post-thumbnail","6":"product_brand-tetra","7":"product_cat-akvarijni-filtry","8":"product_cat-akvarijni-technika","9":"product_cat-akvaristika","10":"product_cat-chovatelske-potreby-2","11":"pa_obchod-superzoo-cz","13":"first","14":"instock","15":"product-type-external","16":"entry","17":"content-bg","18":"loop-entry"},"acf":[],"yoast_head":"<!-- This site is optimized with the Yoast SEO plugin v27.4 - https:\/\/yoast.com\/product\/yoast-seo-wordpress\/ -->\n<title>Filtr TETRA Tec EX 1200 Plus vn\u011bj\u0161\u00ed - SHOPATOA.COM<\/title>\n<meta name=\"robots\" content=\"index, follow, max-snippet:-1, max-image-preview:large, max-video-preview:-1\" \/>\n<link rel=\"canonical\" href=\"https:\/\/shopatoa.com\/cz\/filtr-tetra-tec-ex-1200-plus-vnejsi\/\" \/>\n<meta property=\"og:locale\" content=\"cs_CZ\" \/>\n<meta property=\"og:type\" content=\"article\" \/>\n<meta property=\"og:title\" content=\"Filtr TETRA Tec EX 1200 Plus vn\u011bj\u0161\u00ed - SHOPATOA.COM\" \/>\n<meta property=\"og:description\" content=\"Vn\u011bj\u0161\u00ed filtr s 5 r\u016fzn\u00fdmi filtra\u010dn\u00edmi m\u00e9dii. Ni\u017e\u0161\u00ed spot\u0159eba energie o 35% oproti p\u016fvodn\u00edm filtr\u016fm. Men\u0161\u00ed ztr\u00e1ta t\u0159en\u00edm \/ m\u00e9n\u011b hluku \u2013 nov\u00e9 hadice a p\u0159\u00edpojky, v\u010detn\u011b p\u0159edfiltru. Vylep\u0161en\u00e9 t\u011bsn\u011bn\u00ed proti prot\u00e9k\u00e1n\u00ed (zplo\u0161t\u011bl\u00e9 t\u011bsn\u011bn\u00ed oproti O krou\u017eku). Vylep\u0161en\u00e9 p\u0159ipojovac\u00ed ventily proti prot\u00e9k\u00e1n\u00ed. Nov\u00e9 startovac\u00ed tla\u010d\u00edtko proti prot\u00e9k\u00e1n\u00ed\u2013 nov\u00fd t\u011bsn\u00edc\u00ed syst\u00e9m (startovac\u00ed tla\u010d\u00edtko se u\u017e tak\u00e9...\" \/>\n<meta property=\"og:url\" content=\"https:\/\/shopatoa.com\/cz\/filtr-tetra-tec-ex-1200-plus-vnejsi\/\" \/>\n<meta property=\"og:site_name\" content=\"SHOPATOA\" \/>\n<meta property=\"article:modified_time\" content=\"2025-04-25T23:56:18+00:00\" \/>\n<meta property=\"og:image\" content=\"https:\/\/storage.googleapis.com\/cz-shopatoa-img\/cz\/c328125d-1_27317.jpg\" \/>\n\t<meta property=\"og:image:width\" content=\"600\" \/>\n\t<meta property=\"og:image:height\" content=\"600\" \/>\n\t<meta property=\"og:image:type\" content=\"image\/jpeg\" \/>\n<meta name=\"twitter:card\" content=\"summary_large_image\" \/>\n<meta name=\"twitter:label1\" content=\"Odhadovan\u00e1 doba \u010dten\u00ed\" \/>\n\t<meta name=\"twitter:data1\" content=\"1 minuta\" \/>\n<script type=\"application\/ld+json\" class=\"yoast-schema-graph\">{\"@context\":\"https:\\\/\\\/schema.org\",\"@graph\":[{\"@type\":\"WebPage\",\"@id\":\"https:\\\/\\\/shopatoa.com\\\/cz\\\/filtr-tetra-tec-ex-1200-plus-vnejsi\\\/\",\"url\":\"https:\\\/\\\/shopatoa.com\\\/cz\\\/filtr-tetra-tec-ex-1200-plus-vnejsi\\\/\",\"name\":\"Filtr TETRA Tec EX 1200 Plus vn\u011bj\u0161\u00ed - SHOPATOA.COM\",\"isPartOf\":{\"@id\":\"https:\\\/\\\/shopatoa.com\\\/cz\\\/#website\"},\"primaryImageOfPage\":{\"@id\":\"https:\\\/\\\/shopatoa.com\\\/cz\\\/filtr-tetra-tec-ex-1200-plus-vnejsi\\\/#primaryimage\"},\"image\":{\"@id\":\"https:\\\/\\\/shopatoa.com\\\/cz\\\/filtr-tetra-tec-ex-1200-plus-vnejsi\\\/#primaryimage\"},\"thumbnailUrl\":\"https:\\\/\\\/storage.googleapis.com\\\/cz-shopatoa-img\\\/cz\\\/c328125d-1_27317.jpg\",\"datePublished\":\"2025-04-01T14:18:34+00:00\",\"dateModified\":\"2025-04-25T23:56:18+00:00\",\"breadcrumb\":{\"@id\":\"https:\\\/\\\/shopatoa.com\\\/cz\\\/filtr-tetra-tec-ex-1200-plus-vnejsi\\\/#breadcrumb\"},\"inLanguage\":\"cs\",\"potentialAction\":[{\"@type\":\"ReadAction\",\"target\":[\"https:\\\/\\\/shopatoa.com\\\/cz\\\/filtr-tetra-tec-ex-1200-plus-vnejsi\\\/\"]}]},{\"@type\":\"ImageObject\",\"inLanguage\":\"cs\",\"@id\":\"https:\\\/\\\/shopatoa.com\\\/cz\\\/filtr-tetra-tec-ex-1200-plus-vnejsi\\\/#primaryimage\",\"url\":\"https:\\\/\\\/storage.googleapis.com\\\/cz-shopatoa-img\\\/cz\\\/c328125d-1_27317.jpg\",\"contentUrl\":\"https:\\\/\\\/storage.googleapis.com\\\/cz-shopatoa-img\\\/cz\\\/c328125d-1_27317.jpg\",\"width\":600,\"height\":600},{\"@type\":\"BreadcrumbList\",\"@id\":\"https:\\\/\\\/shopatoa.com\\\/cz\\\/filtr-tetra-tec-ex-1200-plus-vnejsi\\\/#breadcrumb\",\"itemListElement\":[{\"@type\":\"ListItem\",\"position\":1,\"name\":\"Dom\u016f\",\"item\":\"https:\\\/\\\/shopatoa.com\\\/cz\\\/\"},{\"@type\":\"ListItem\",\"position\":2,\"name\":\"Produkty\",\"item\":\"https:\\\/\\\/shopatoa.com\\\/cz\\\/shop\\\/\"},{\"@type\":\"ListItem\",\"position\":3,\"name\":\"Chovatelsk\u00e9 pot\u0159eby\",\"item\":\"https:\\\/\\\/shopatoa.com\\\/cz\\\/chovatelske-potreby-2\\\/\"},{\"@type\":\"ListItem\",\"position\":4,\"name\":\"Akvaristika\",\"item\":\"https:\\\/\\\/shopatoa.com\\\/cz\\\/akvaristika\\\/\"},{\"@type\":\"ListItem\",\"position\":5,\"name\":\"Akvarijn\u00ed technika\",\"item\":\"https:\\\/\\\/shopatoa.com\\\/cz\\\/akvarijni-technika\\\/\"},{\"@type\":\"ListItem\",\"position\":6,\"name\":\"Akvarijn\u00ed filtry\",\"item\":\"https:\\\/\\\/shopatoa.com\\\/cz\\\/akvarijni-filtry\\\/\"},{\"@type\":\"ListItem\",\"position\":7,\"name\":\"Filtr TETRA Tec EX 1200 Plus vn\u011bj\u0161\u00ed\"}]},{\"@type\":\"WebSite\",\"@id\":\"https:\\\/\\\/shopatoa.com\\\/cz\\\/#website\",\"url\":\"https:\\\/\\\/shopatoa.com\\\/cz\\\/\",\"name\":\"SHOPATOA\",\"description\":\"\",\"publisher\":{\"@id\":\"https:\\\/\\\/shopatoa.com\\\/cz\\\/#organization\"},\"potentialAction\":[{\"@type\":\"SearchAction\",\"target\":{\"@type\":\"EntryPoint\",\"urlTemplate\":\"https:\\\/\\\/shopatoa.com\\\/cz\\\/?s={search_term_string}\"},\"query-input\":{\"@type\":\"PropertyValueSpecification\",\"valueRequired\":true,\"valueName\":\"search_term_string\"}}],\"inLanguage\":\"cs\"},{\"@type\":\"Organization\",\"@id\":\"https:\\\/\\\/shopatoa.com\\\/cz\\\/#organization\",\"name\":\"SHOPATOA Digital s.r.o.\",\"url\":\"https:\\\/\\\/shopatoa.com\\\/cz\\\/\",\"logo\":{\"@type\":\"ImageObject\",\"inLanguage\":\"cs\",\"@id\":\"https:\\\/\\\/shopatoa.com\\\/cz\\\/#\\\/schema\\\/logo\\\/image\\\/\",\"url\":\"https:\\\/\\\/storage.googleapis.com\\\/cz-shopatoa-img\\\/cz\\\/ebccf434-shopatoa_logo.png\",\"contentUrl\":\"https:\\\/\\\/storage.googleapis.com\\\/cz-shopatoa-img\\\/cz\\\/ebccf434-shopatoa_logo.png\",\"width\":416,\"height\":63,\"caption\":\"SHOPATOA Digital s.r.o.\"},\"image\":{\"@id\":\"https:\\\/\\\/shopatoa.com\\\/cz\\\/#\\\/schema\\\/logo\\\/image\\\/\"}}]}<\/script>\n<!-- \/ Yoast SEO plugin. -->","yoast_head_json":{"title":"Filtr TETRA Tec EX 1200 Plus vn\u011bj\u0161\u00ed - SHOPATOA.COM","robots":{"index":"index","follow":"follow","max-snippet":"max-snippet:-1","max-image-preview":"max-image-preview:large","max-video-preview":"max-video-preview:-1"},"canonical":"https:\/\/shopatoa.com\/cz\/filtr-tetra-tec-ex-1200-plus-vnejsi\/","og_locale":"cs_CZ","og_type":"article","og_title":"Filtr TETRA Tec EX 1200 Plus vn\u011bj\u0161\u00ed - SHOPATOA.COM","og_description":"Vn\u011bj\u0161\u00ed filtr s 5 r\u016fzn\u00fdmi filtra\u010dn\u00edmi m\u00e9dii. Ni\u017e\u0161\u00ed spot\u0159eba energie o 35% oproti p\u016fvodn\u00edm filtr\u016fm. Men\u0161\u00ed ztr\u00e1ta t\u0159en\u00edm \/ m\u00e9n\u011b hluku \u2013 nov\u00e9 hadice a p\u0159\u00edpojky, v\u010detn\u011b p\u0159edfiltru. Vylep\u0161en\u00e9 t\u011bsn\u011bn\u00ed proti prot\u00e9k\u00e1n\u00ed (zplo\u0161t\u011bl\u00e9 t\u011bsn\u011bn\u00ed oproti O krou\u017eku). Vylep\u0161en\u00e9 p\u0159ipojovac\u00ed ventily proti prot\u00e9k\u00e1n\u00ed. Nov\u00e9 startovac\u00ed tla\u010d\u00edtko proti prot\u00e9k\u00e1n\u00ed\u2013 nov\u00fd t\u011bsn\u00edc\u00ed syst\u00e9m (startovac\u00ed tla\u010d\u00edtko se u\u017e tak\u00e9...","og_url":"https:\/\/shopatoa.com\/cz\/filtr-tetra-tec-ex-1200-plus-vnejsi\/","og_site_name":"SHOPATOA","article_modified_time":"2025-04-25T23:56:18+00:00","og_image":[{"width":600,"height":600,"url":"https:\/\/storage.googleapis.com\/cz-shopatoa-img\/cz\/c328125d-1_27317.jpg","type":"image\/jpeg"}],"twitter_card":"summary_large_image","twitter_misc":{"Odhadovan\u00e1 doba \u010dten\u00ed":"1 minuta"},"schema":{"@context":"https:\/\/schema.org","@graph":[{"@type":"WebPage","@id":"https:\/\/shopatoa.com\/cz\/filtr-tetra-tec-ex-1200-plus-vnejsi\/","url":"https:\/\/shopatoa.com\/cz\/filtr-tetra-tec-ex-1200-plus-vnejsi\/","name":"Filtr TETRA Tec EX 1200 Plus vn\u011bj\u0161\u00ed - SHOPATOA.COM","isPartOf":{"@id":"https:\/\/shopatoa.com\/cz\/#website"},"primaryImageOfPage":{"@id":"https:\/\/shopatoa.com\/cz\/filtr-tetra-tec-ex-1200-plus-vnejsi\/#primaryimage"},"image":{"@id":"https:\/\/shopatoa.com\/cz\/filtr-tetra-tec-ex-1200-plus-vnejsi\/#primaryimage"},"thumbnailUrl":"https:\/\/storage.googleapis.com\/cz-shopatoa-img\/cz\/c328125d-1_27317.jpg","datePublished":"2025-04-01T14:18:34+00:00","dateModified":"2025-04-25T23:56:18+00:00","breadcrumb":{"@id":"https:\/\/shopatoa.com\/cz\/filtr-tetra-tec-ex-1200-plus-vnejsi\/#breadcrumb"},"inLanguage":"cs","potentialAction":[{"@type":"ReadAction","target":["https:\/\/shopatoa.com\/cz\/filtr-tetra-tec-ex-1200-plus-vnejsi\/"]}]},{"@type":"ImageObject","inLanguage":"cs","@id":"https:\/\/shopatoa.com\/cz\/filtr-tetra-tec-ex-1200-plus-vnejsi\/#primaryimage","url":"https:\/\/storage.googleapis.com\/cz-shopatoa-img\/cz\/c328125d-1_27317.jpg","contentUrl":"https:\/\/storage.googleapis.com\/cz-shopatoa-img\/cz\/c328125d-1_27317.jpg","width":600,"height":600},{"@type":"BreadcrumbList","@id":"https:\/\/shopatoa.com\/cz\/filtr-tetra-tec-ex-1200-plus-vnejsi\/#breadcrumb","itemListElement":[{"@type":"ListItem","position":1,"name":"Dom\u016f","item":"https:\/\/shopatoa.com\/cz\/"},{"@type":"ListItem","position":2,"name":"Produkty","item":"https:\/\/shopatoa.com\/cz\/shop\/"},{"@type":"ListItem","position":3,"name":"Chovatelsk\u00e9 pot\u0159eby","item":"https:\/\/shopatoa.com\/cz\/chovatelske-potreby-2\/"},{"@type":"ListItem","position":4,"name":"Akvaristika","item":"https:\/\/shopatoa.com\/cz\/akvaristika\/"},{"@type":"ListItem","position":5,"name":"Akvarijn\u00ed technika","item":"https:\/\/shopatoa.com\/cz\/akvarijni-technika\/"},{"@type":"ListItem","position":6,"name":"Akvarijn\u00ed filtry","item":"https:\/\/shopatoa.com\/cz\/akvarijni-filtry\/"},{"@type":"ListItem","position":7,"name":"Filtr TETRA Tec EX 1200 Plus vn\u011bj\u0161\u00ed"}]},{"@type":"WebSite","@id":"https:\/\/shopatoa.com\/cz\/#website","url":"https:\/\/shopatoa.com\/cz\/","name":"SHOPATOA","description":"","publisher":{"@id":"https:\/\/shopatoa.com\/cz\/#organization"},"potentialAction":[{"@type":"SearchAction","target":{"@type":"EntryPoint","urlTemplate":"https:\/\/shopatoa.com\/cz\/?s={search_term_string}"},"query-input":{"@type":"PropertyValueSpecification","valueRequired":true,"valueName":"search_term_string"}}],"inLanguage":"cs"},{"@type":"Organization","@id":"https:\/\/shopatoa.com\/cz\/#organization","name":"SHOPATOA Digital s.r.o.","url":"https:\/\/shopatoa.com\/cz\/","logo":{"@type":"ImageObject","inLanguage":"cs","@id":"https:\/\/shopatoa.com\/cz\/#\/schema\/logo\/image\/","url":"https:\/\/storage.googleapis.com\/cz-shopatoa-img\/cz\/ebccf434-shopatoa_logo.png","contentUrl":"https:\/\/storage.googleapis.com\/cz-shopatoa-img\/cz\/ebccf434-shopatoa_logo.png","width":416,"height":63,"caption":"SHOPATOA Digital s.r.o."},"image":{"@id":"https:\/\/shopatoa.com\/cz\/#\/schema\/logo\/image\/"}}]}},"_links":{"self":[{"href":"https:\/\/shopatoa.com\/cz\/wp-json\/wp\/v2\/product\/242122","targetHints":{"allow":["GET"]}}],"collection":[{"href":"https:\/\/shopatoa.com\/cz\/wp-json\/wp\/v2\/product"}],"about":[{"href":"https:\/\/shopatoa.com\/cz\/wp-json\/wp\/v2\/types\/product"}],"replies":[{"embeddable":true,"href":"https:\/\/shopatoa.com\/cz\/wp-json\/wp\/v2\/comments?post=242122"}],"wp:featuredmedia":[{"embeddable":true,"href":"https:\/\/shopatoa.com\/cz\/wp-json\/wp\/v2\/media\/242123"}],"wp:attachment":[{"href":"https:\/\/shopatoa.com\/cz\/wp-json\/wp\/v2\/media?parent=242122"}],"wp:term":[{"taxonomy":"product_brand","embeddable":true,"href":"https:\/\/shopatoa.com\/cz\/wp-json\/wp\/v2\/product_brand?post=242122"},{"taxonomy":"product_cat","embeddable":true,"href":"https:\/\/shopatoa.com\/cz\/wp-json\/wp\/v2\/product_cat?post=242122"},{"taxonomy":"product_tag","embeddable":true,"href":"https:\/\/shopatoa.com\/cz\/wp-json\/wp\/v2\/product_tag?post=242122"}],"curies":[{"name":"wp","href":"https:\/\/api.w.org\/{rel}","templated":true}]}}