{"id":242131,"date":"2025-04-01T16:19:01","date_gmt":"2025-04-01T14:19:01","guid":{"rendered":"https:\/\/shopatoa.com\/cz\/?post_type=product&#038;p=242131"},"modified":"2026-02-04T06:23:35","modified_gmt":"2026-02-04T05:23:35","slug":"tetra-active-substrate-6kg","status":"publish","type":"product","link":"https:\/\/shopatoa.com\/cz\/tetra-active-substrate-6kg\/","title":{"rendered":"TETRA Active Substrate 6kg"},"content":{"rendered":"<p>P\u0159\u00edrodn\u00ed substr\u00e1t z j\u00edlov\u00fdch miner\u00e1l\u016f k vod\u011b neutr\u00e1ln\u00edch, s dal\u0161\u00edmi benefity.<\/p>\n<p>Umo\u017e\u0148uje rostlin\u00e1m p\u0159\u00edjemn\u00e9 p\u016fdn\u00ed klima pro jejich siln\u00fd a zdrav\u00fd r\u016fst. Alternativa k \u0161t\u011brku s velmi por\u00e9zn\u00ed strukturou a velkou plochou. Br\u00e1n\u00ed zhutn\u011bn\u00ed p\u016fdy a poskytuje optim\u00e1ln\u00ed cirkulaci. Aktivuje p\u016fdn\u00ed fl\u00f3ru a podporuje os\u00eddlen\u00ed u\u017eite\u010dn\u00fdch p\u016fdn\u00edch bakteri\u00ed. Poskytuje o 50% vy\u0161\u0161\u00ed propustnost vody ne\u017e konven\u010dn\u00ed \u0161t\u011brku. Optim\u00e1ln\u00ed cirkulace vody umo\u017e\u0148uje lep\u0161\u00ed p\u0159\u00edsun \u017eivin ke ko\u0159en\u016fm. Chr\u00e1n\u00ed ryby dna p\u0159ed od\u0159en\u00edm d\u00edky zaoblen\u00fdm hran\u00e1m. P\u0159\u00edrodn\u00ed vzhled, nekal\u00ed vodu, neplave.<\/p>\n","protected":false},"excerpt":{"rendered":"<p>P\u0159\u00edrodn\u00ed substr\u00e1t z j\u00edlov\u00fdch miner\u00e1l\u016f k vod\u011b neutr\u00e1ln\u00edch, s dal\u0161\u00edmi benefity. Umo\u017e\u0148uje rostlin\u00e1m p\u0159\u00edjemn\u00e9 p\u016fdn\u00ed klima pro jejich siln\u00fd a zdrav\u00fd r\u016fst. Alternativa k \u0161t\u011brku s velmi por\u00e9zn\u00ed strukturou a velkou plochou. Br\u00e1n\u00ed zhutn\u011bn\u00ed p\u016fdy a poskytuje optim\u00e1ln\u00ed cirkulaci. Aktivuje p\u016fdn\u00ed fl\u00f3ru a podporuje os\u00eddlen\u00ed u\u017eite\u010dn\u00fdch p\u016fdn\u00edch bakteri\u00ed. Poskytuje o 50% vy\u0161\u0161\u00ed propustnost vody ne\u017e&#8230;<\/p>\n","protected":false},"featured_media":242132,"comment_status":"closed","ping_status":"open","template":"","meta":{"_acf_changed":false,"_kadence_starter_templates_imported_post":false,"_kad_post_transparent":"","_kad_post_title":"","_kad_post_layout":"","_kad_post_sidebar_id":"","_kad_post_content_style":"","_kad_post_vertical_padding":"","_kad_post_feature":"","_kad_post_feature_position":"","_kad_post_header":false,"_kad_post_footer":false,"_kad_post_classname":""},"product_brand":[2614],"product_cat":[683,2620,2579,2621],"product_tag":[],"class_list":{"0":"post-242131","1":"product","2":"type-product","3":"status-publish","4":"has-post-thumbnail","6":"product_brand-tetra","7":"product_cat-dilna-stavba-zahrada","8":"product_cat-pece-o-rostliny-a-pestovani-rostlin-zahrada-dilna-stavba-zahrada","9":"product_cat-zahrada-dilna-stavba-zahrada","10":"product_cat-zahradni-substraty","11":"pa_obchod-superzoo-cz","13":"first","14":"instock","15":"product-type-external","16":"entry","17":"content-bg","18":"loop-entry"},"acf":[],"yoast_head":"<!-- This site is optimized with the Yoast SEO plugin v27.4 - https:\/\/yoast.com\/product\/yoast-seo-wordpress\/ -->\n<title>TETRA Active Substrate 6kg - SHOPATOA.COM<\/title>\n<meta name=\"robots\" content=\"index, follow, max-snippet:-1, max-image-preview:large, max-video-preview:-1\" \/>\n<link rel=\"canonical\" href=\"https:\/\/shopatoa.com\/cz\/tetra-active-substrate-6kg\/\" \/>\n<meta property=\"og:locale\" content=\"cs_CZ\" \/>\n<meta property=\"og:type\" content=\"article\" \/>\n<meta property=\"og:title\" content=\"TETRA Active Substrate 6kg - SHOPATOA.COM\" \/>\n<meta property=\"og:description\" content=\"P\u0159\u00edrodn\u00ed substr\u00e1t z j\u00edlov\u00fdch miner\u00e1l\u016f k vod\u011b neutr\u00e1ln\u00edch, s dal\u0161\u00edmi benefity. Umo\u017e\u0148uje rostlin\u00e1m p\u0159\u00edjemn\u00e9 p\u016fdn\u00ed klima pro jejich siln\u00fd a zdrav\u00fd r\u016fst. Alternativa k \u0161t\u011brku s velmi por\u00e9zn\u00ed strukturou a velkou plochou. Br\u00e1n\u00ed zhutn\u011bn\u00ed p\u016fdy a poskytuje optim\u00e1ln\u00ed cirkulaci. Aktivuje p\u016fdn\u00ed fl\u00f3ru a podporuje os\u00eddlen\u00ed u\u017eite\u010dn\u00fdch p\u016fdn\u00edch bakteri\u00ed. Poskytuje o 50% vy\u0161\u0161\u00ed propustnost vody ne\u017e...\" \/>\n<meta property=\"og:url\" content=\"https:\/\/shopatoa.com\/cz\/tetra-active-substrate-6kg\/\" \/>\n<meta property=\"og:site_name\" content=\"SHOPATOA\" \/>\n<meta property=\"article:modified_time\" content=\"2026-02-04T05:23:35+00:00\" \/>\n<meta property=\"og:image\" content=\"https:\/\/storage.googleapis.com\/cz-shopatoa-img\/cz\/9062efd7-1_90919.jpg\" \/>\n\t<meta property=\"og:image:width\" content=\"600\" \/>\n\t<meta property=\"og:image:height\" content=\"600\" \/>\n\t<meta property=\"og:image:type\" content=\"image\/jpeg\" \/>\n<meta name=\"twitter:card\" content=\"summary_large_image\" \/>\n<meta name=\"twitter:label1\" content=\"Odhadovan\u00e1 doba \u010dten\u00ed\" \/>\n\t<meta name=\"twitter:data1\" content=\"1 minuta\" \/>\n<script type=\"application\/ld+json\" class=\"yoast-schema-graph\">{\"@context\":\"https:\\\/\\\/schema.org\",\"@graph\":[{\"@type\":\"WebPage\",\"@id\":\"https:\\\/\\\/shopatoa.com\\\/cz\\\/tetra-active-substrate-6kg\\\/\",\"url\":\"https:\\\/\\\/shopatoa.com\\\/cz\\\/tetra-active-substrate-6kg\\\/\",\"name\":\"TETRA Active Substrate 6kg - SHOPATOA.COM\",\"isPartOf\":{\"@id\":\"https:\\\/\\\/shopatoa.com\\\/cz\\\/#website\"},\"primaryImageOfPage\":{\"@id\":\"https:\\\/\\\/shopatoa.com\\\/cz\\\/tetra-active-substrate-6kg\\\/#primaryimage\"},\"image\":{\"@id\":\"https:\\\/\\\/shopatoa.com\\\/cz\\\/tetra-active-substrate-6kg\\\/#primaryimage\"},\"thumbnailUrl\":\"https:\\\/\\\/storage.googleapis.com\\\/cz-shopatoa-img\\\/cz\\\/9062efd7-1_90919.jpg\",\"datePublished\":\"2025-04-01T14:19:01+00:00\",\"dateModified\":\"2026-02-04T05:23:35+00:00\",\"breadcrumb\":{\"@id\":\"https:\\\/\\\/shopatoa.com\\\/cz\\\/tetra-active-substrate-6kg\\\/#breadcrumb\"},\"inLanguage\":\"cs\",\"potentialAction\":[{\"@type\":\"ReadAction\",\"target\":[\"https:\\\/\\\/shopatoa.com\\\/cz\\\/tetra-active-substrate-6kg\\\/\"]}]},{\"@type\":\"ImageObject\",\"inLanguage\":\"cs\",\"@id\":\"https:\\\/\\\/shopatoa.com\\\/cz\\\/tetra-active-substrate-6kg\\\/#primaryimage\",\"url\":\"https:\\\/\\\/storage.googleapis.com\\\/cz-shopatoa-img\\\/cz\\\/9062efd7-1_90919.jpg\",\"contentUrl\":\"https:\\\/\\\/storage.googleapis.com\\\/cz-shopatoa-img\\\/cz\\\/9062efd7-1_90919.jpg\",\"width\":600,\"height\":600},{\"@type\":\"BreadcrumbList\",\"@id\":\"https:\\\/\\\/shopatoa.com\\\/cz\\\/tetra-active-substrate-6kg\\\/#breadcrumb\",\"itemListElement\":[{\"@type\":\"ListItem\",\"position\":1,\"name\":\"Dom\u016f\",\"item\":\"https:\\\/\\\/shopatoa.com\\\/cz\\\/\"},{\"@type\":\"ListItem\",\"position\":2,\"name\":\"Produkty\",\"item\":\"https:\\\/\\\/shopatoa.com\\\/cz\\\/shop\\\/\"},{\"@type\":\"ListItem\",\"position\":3,\"name\":\"D\u00edlna, stavba, zahrada\",\"item\":\"https:\\\/\\\/shopatoa.com\\\/cz\\\/dilna-stavba-zahrada\\\/\"},{\"@type\":\"ListItem\",\"position\":4,\"name\":\"Zahrada\",\"item\":\"https:\\\/\\\/shopatoa.com\\\/cz\\\/zahrada-dilna-stavba-zahrada\\\/\"},{\"@type\":\"ListItem\",\"position\":5,\"name\":\"P\u00e9\u010de o rostliny a p\u011bstov\u00e1n\u00ed rostlin\",\"item\":\"https:\\\/\\\/shopatoa.com\\\/cz\\\/pece-o-rostliny-a-pestovani-rostlin-zahrada-dilna-stavba-zahrada\\\/\"},{\"@type\":\"ListItem\",\"position\":6,\"name\":\"Zahradn\u00ed substr\u00e1ty\",\"item\":\"https:\\\/\\\/shopatoa.com\\\/cz\\\/zahradni-substraty\\\/\"},{\"@type\":\"ListItem\",\"position\":7,\"name\":\"TETRA Active Substrate 6kg\"}]},{\"@type\":\"WebSite\",\"@id\":\"https:\\\/\\\/shopatoa.com\\\/cz\\\/#website\",\"url\":\"https:\\\/\\\/shopatoa.com\\\/cz\\\/\",\"name\":\"SHOPATOA\",\"description\":\"\",\"publisher\":{\"@id\":\"https:\\\/\\\/shopatoa.com\\\/cz\\\/#organization\"},\"potentialAction\":[{\"@type\":\"SearchAction\",\"target\":{\"@type\":\"EntryPoint\",\"urlTemplate\":\"https:\\\/\\\/shopatoa.com\\\/cz\\\/?s={search_term_string}\"},\"query-input\":{\"@type\":\"PropertyValueSpecification\",\"valueRequired\":true,\"valueName\":\"search_term_string\"}}],\"inLanguage\":\"cs\"},{\"@type\":\"Organization\",\"@id\":\"https:\\\/\\\/shopatoa.com\\\/cz\\\/#organization\",\"name\":\"SHOPATOA Digital s.r.o.\",\"url\":\"https:\\\/\\\/shopatoa.com\\\/cz\\\/\",\"logo\":{\"@type\":\"ImageObject\",\"inLanguage\":\"cs\",\"@id\":\"https:\\\/\\\/shopatoa.com\\\/cz\\\/#\\\/schema\\\/logo\\\/image\\\/\",\"url\":\"https:\\\/\\\/storage.googleapis.com\\\/cz-shopatoa-img\\\/cz\\\/ebccf434-shopatoa_logo.png\",\"contentUrl\":\"https:\\\/\\\/storage.googleapis.com\\\/cz-shopatoa-img\\\/cz\\\/ebccf434-shopatoa_logo.png\",\"width\":416,\"height\":63,\"caption\":\"SHOPATOA Digital s.r.o.\"},\"image\":{\"@id\":\"https:\\\/\\\/shopatoa.com\\\/cz\\\/#\\\/schema\\\/logo\\\/image\\\/\"}}]}<\/script>\n<!-- \/ Yoast SEO plugin. -->","yoast_head_json":{"title":"TETRA Active Substrate 6kg - SHOPATOA.COM","robots":{"index":"index","follow":"follow","max-snippet":"max-snippet:-1","max-image-preview":"max-image-preview:large","max-video-preview":"max-video-preview:-1"},"canonical":"https:\/\/shopatoa.com\/cz\/tetra-active-substrate-6kg\/","og_locale":"cs_CZ","og_type":"article","og_title":"TETRA Active Substrate 6kg - SHOPATOA.COM","og_description":"P\u0159\u00edrodn\u00ed substr\u00e1t z j\u00edlov\u00fdch miner\u00e1l\u016f k vod\u011b neutr\u00e1ln\u00edch, s dal\u0161\u00edmi benefity. Umo\u017e\u0148uje rostlin\u00e1m p\u0159\u00edjemn\u00e9 p\u016fdn\u00ed klima pro jejich siln\u00fd a zdrav\u00fd r\u016fst. Alternativa k \u0161t\u011brku s velmi por\u00e9zn\u00ed strukturou a velkou plochou. Br\u00e1n\u00ed zhutn\u011bn\u00ed p\u016fdy a poskytuje optim\u00e1ln\u00ed cirkulaci. Aktivuje p\u016fdn\u00ed fl\u00f3ru a podporuje os\u00eddlen\u00ed u\u017eite\u010dn\u00fdch p\u016fdn\u00edch bakteri\u00ed. Poskytuje o 50% vy\u0161\u0161\u00ed propustnost vody ne\u017e...","og_url":"https:\/\/shopatoa.com\/cz\/tetra-active-substrate-6kg\/","og_site_name":"SHOPATOA","article_modified_time":"2026-02-04T05:23:35+00:00","og_image":[{"width":600,"height":600,"url":"https:\/\/storage.googleapis.com\/cz-shopatoa-img\/cz\/9062efd7-1_90919.jpg","type":"image\/jpeg"}],"twitter_card":"summary_large_image","twitter_misc":{"Odhadovan\u00e1 doba \u010dten\u00ed":"1 minuta"},"schema":{"@context":"https:\/\/schema.org","@graph":[{"@type":"WebPage","@id":"https:\/\/shopatoa.com\/cz\/tetra-active-substrate-6kg\/","url":"https:\/\/shopatoa.com\/cz\/tetra-active-substrate-6kg\/","name":"TETRA Active Substrate 6kg - SHOPATOA.COM","isPartOf":{"@id":"https:\/\/shopatoa.com\/cz\/#website"},"primaryImageOfPage":{"@id":"https:\/\/shopatoa.com\/cz\/tetra-active-substrate-6kg\/#primaryimage"},"image":{"@id":"https:\/\/shopatoa.com\/cz\/tetra-active-substrate-6kg\/#primaryimage"},"thumbnailUrl":"https:\/\/storage.googleapis.com\/cz-shopatoa-img\/cz\/9062efd7-1_90919.jpg","datePublished":"2025-04-01T14:19:01+00:00","dateModified":"2026-02-04T05:23:35+00:00","breadcrumb":{"@id":"https:\/\/shopatoa.com\/cz\/tetra-active-substrate-6kg\/#breadcrumb"},"inLanguage":"cs","potentialAction":[{"@type":"ReadAction","target":["https:\/\/shopatoa.com\/cz\/tetra-active-substrate-6kg\/"]}]},{"@type":"ImageObject","inLanguage":"cs","@id":"https:\/\/shopatoa.com\/cz\/tetra-active-substrate-6kg\/#primaryimage","url":"https:\/\/storage.googleapis.com\/cz-shopatoa-img\/cz\/9062efd7-1_90919.jpg","contentUrl":"https:\/\/storage.googleapis.com\/cz-shopatoa-img\/cz\/9062efd7-1_90919.jpg","width":600,"height":600},{"@type":"BreadcrumbList","@id":"https:\/\/shopatoa.com\/cz\/tetra-active-substrate-6kg\/#breadcrumb","itemListElement":[{"@type":"ListItem","position":1,"name":"Dom\u016f","item":"https:\/\/shopatoa.com\/cz\/"},{"@type":"ListItem","position":2,"name":"Produkty","item":"https:\/\/shopatoa.com\/cz\/shop\/"},{"@type":"ListItem","position":3,"name":"D\u00edlna, stavba, zahrada","item":"https:\/\/shopatoa.com\/cz\/dilna-stavba-zahrada\/"},{"@type":"ListItem","position":4,"name":"Zahrada","item":"https:\/\/shopatoa.com\/cz\/zahrada-dilna-stavba-zahrada\/"},{"@type":"ListItem","position":5,"name":"P\u00e9\u010de o rostliny a p\u011bstov\u00e1n\u00ed rostlin","item":"https:\/\/shopatoa.com\/cz\/pece-o-rostliny-a-pestovani-rostlin-zahrada-dilna-stavba-zahrada\/"},{"@type":"ListItem","position":6,"name":"Zahradn\u00ed substr\u00e1ty","item":"https:\/\/shopatoa.com\/cz\/zahradni-substraty\/"},{"@type":"ListItem","position":7,"name":"TETRA Active Substrate 6kg"}]},{"@type":"WebSite","@id":"https:\/\/shopatoa.com\/cz\/#website","url":"https:\/\/shopatoa.com\/cz\/","name":"SHOPATOA","description":"","publisher":{"@id":"https:\/\/shopatoa.com\/cz\/#organization"},"potentialAction":[{"@type":"SearchAction","target":{"@type":"EntryPoint","urlTemplate":"https:\/\/shopatoa.com\/cz\/?s={search_term_string}"},"query-input":{"@type":"PropertyValueSpecification","valueRequired":true,"valueName":"search_term_string"}}],"inLanguage":"cs"},{"@type":"Organization","@id":"https:\/\/shopatoa.com\/cz\/#organization","name":"SHOPATOA Digital s.r.o.","url":"https:\/\/shopatoa.com\/cz\/","logo":{"@type":"ImageObject","inLanguage":"cs","@id":"https:\/\/shopatoa.com\/cz\/#\/schema\/logo\/image\/","url":"https:\/\/storage.googleapis.com\/cz-shopatoa-img\/cz\/ebccf434-shopatoa_logo.png","contentUrl":"https:\/\/storage.googleapis.com\/cz-shopatoa-img\/cz\/ebccf434-shopatoa_logo.png","width":416,"height":63,"caption":"SHOPATOA Digital s.r.o."},"image":{"@id":"https:\/\/shopatoa.com\/cz\/#\/schema\/logo\/image\/"}}]}},"_links":{"self":[{"href":"https:\/\/shopatoa.com\/cz\/wp-json\/wp\/v2\/product\/242131","targetHints":{"allow":["GET"]}}],"collection":[{"href":"https:\/\/shopatoa.com\/cz\/wp-json\/wp\/v2\/product"}],"about":[{"href":"https:\/\/shopatoa.com\/cz\/wp-json\/wp\/v2\/types\/product"}],"replies":[{"embeddable":true,"href":"https:\/\/shopatoa.com\/cz\/wp-json\/wp\/v2\/comments?post=242131"}],"wp:featuredmedia":[{"embeddable":true,"href":"https:\/\/shopatoa.com\/cz\/wp-json\/wp\/v2\/media\/242132"}],"wp:attachment":[{"href":"https:\/\/shopatoa.com\/cz\/wp-json\/wp\/v2\/media?parent=242131"}],"wp:term":[{"taxonomy":"product_brand","embeddable":true,"href":"https:\/\/shopatoa.com\/cz\/wp-json\/wp\/v2\/product_brand?post=242131"},{"taxonomy":"product_cat","embeddable":true,"href":"https:\/\/shopatoa.com\/cz\/wp-json\/wp\/v2\/product_cat?post=242131"},{"taxonomy":"product_tag","embeddable":true,"href":"https:\/\/shopatoa.com\/cz\/wp-json\/wp\/v2\/product_tag?post=242131"}],"curies":[{"name":"wp","href":"https:\/\/api.w.org\/{rel}","templated":true}]}}