{"id":242149,"date":"2025-04-01T16:19:47","date_gmt":"2025-04-01T14:19:47","guid":{"rendered":"https:\/\/shopatoa.com\/cz\/?post_type=product&#038;p=242149"},"modified":"2025-04-26T01:55:20","modified_gmt":"2025-04-25T23:55:20","slug":"topitko-tetra-ht-75-75w","status":"publish","type":"product","link":"https:\/\/shopatoa.com\/cz\/topitko-tetra-ht-75-75w\/","title":{"rendered":"Top\u00edtko TETRA HT 75 75W"},"content":{"rendered":"<p>Topn\u00e9 t\u011bleso s termostatem, pro akv\u00e1ria o objemu 60 &#8211; 100 l.<\/p>\n<p>Rovnom\u011brn\u00e9, spolehliv\u00e9 rozveden\u00ed tepla je z\u00e1kladem optim\u00e1ln\u00edho klimatu v akv\u00e1riu. Topn\u00e9 t\u011bleso s termostatem zaji\u0161\u0165uje optim\u00e1ln\u00ed teplotu v mo\u0159sk\u00fdch a sladkovodn\u00edch akv\u00e1ri\u00edch. Teplotu sta\u010d\u00ed nastavit jednou a v\u00edce se ji\u017e nemus\u00edte starat. Lze jej cel\u00e9 pono\u0159it do vody a je v akv\u00e1riu m\u00e1lo viditeln\u00e9.<\/p>\n<p>Upozorn\u011bn\u00ed: P\u0159ed vyjmut\u00edm z vody t\u011bleso\u00a0odpojte ze z\u00e1suvky, je n\u00e1chyln\u00e9 k prasknut\u00ed p\u0159i prudk\u00fdch zm\u011bn\u00e1ch\u00a0!!!<\/p>\n","protected":false},"excerpt":{"rendered":"<p>Topn\u00e9 t\u011bleso s termostatem, pro akv\u00e1ria o objemu 60 &#8211; 100 l. Rovnom\u011brn\u00e9, spolehliv\u00e9 rozveden\u00ed tepla je z\u00e1kladem optim\u00e1ln\u00edho klimatu v akv\u00e1riu. Topn\u00e9 t\u011bleso s termostatem zaji\u0161\u0165uje optim\u00e1ln\u00ed teplotu v mo\u0159sk\u00fdch a sladkovodn\u00edch akv\u00e1ri\u00edch. Teplotu sta\u010d\u00ed nastavit jednou a v\u00edce se ji\u017e nemus\u00edte starat. Lze jej cel\u00e9 pono\u0159it do vody a je v akv\u00e1riu m\u00e1lo&#8230;<\/p>\n","protected":false},"featured_media":242150,"comment_status":"closed","ping_status":"open","template":"","meta":{"_acf_changed":false,"_kadence_starter_templates_imported_post":false,"_kad_post_transparent":"","_kad_post_title":"","_kad_post_layout":"","_kad_post_sidebar_id":"","_kad_post_content_style":"","_kad_post_vertical_padding":"","_kad_post_feature":"","_kad_post_feature_position":"","_kad_post_header":false,"_kad_post_footer":false,"_kad_post_classname":""},"product_brand":[2614],"product_cat":[2511,2521,2510,436],"product_tag":[],"class_list":{"0":"post-242149","1":"product","2":"type-product","3":"status-publish","4":"has-post-thumbnail","6":"product_brand-tetra","7":"product_cat-akvarijni-technika","8":"product_cat-akvarijni-topitka","9":"product_cat-akvaristika","10":"product_cat-chovatelske-potreby-2","11":"pa_obchod-superzoo-cz","13":"first","14":"instock","15":"product-type-external","16":"entry","17":"content-bg","18":"loop-entry"},"acf":[],"yoast_head":"<!-- This site is optimized with the Yoast SEO plugin v27.4 - https:\/\/yoast.com\/product\/yoast-seo-wordpress\/ -->\n<title>Top\u00edtko TETRA HT 75 75W - SHOPATOA.COM<\/title>\n<meta name=\"robots\" content=\"index, follow, max-snippet:-1, max-image-preview:large, max-video-preview:-1\" \/>\n<link rel=\"canonical\" href=\"https:\/\/shopatoa.com\/cz\/topitko-tetra-ht-75-75w\/\" \/>\n<meta property=\"og:locale\" content=\"cs_CZ\" \/>\n<meta property=\"og:type\" content=\"article\" \/>\n<meta property=\"og:title\" content=\"Top\u00edtko TETRA HT 75 75W - SHOPATOA.COM\" \/>\n<meta property=\"og:description\" content=\"Topn\u00e9 t\u011bleso s termostatem, pro akv\u00e1ria o objemu 60 &#8211; 100 l. Rovnom\u011brn\u00e9, spolehliv\u00e9 rozveden\u00ed tepla je z\u00e1kladem optim\u00e1ln\u00edho klimatu v akv\u00e1riu. Topn\u00e9 t\u011bleso s termostatem zaji\u0161\u0165uje optim\u00e1ln\u00ed teplotu v mo\u0159sk\u00fdch a sladkovodn\u00edch akv\u00e1ri\u00edch. Teplotu sta\u010d\u00ed nastavit jednou a v\u00edce se ji\u017e nemus\u00edte starat. Lze jej cel\u00e9 pono\u0159it do vody a je v akv\u00e1riu m\u00e1lo...\" \/>\n<meta property=\"og:url\" content=\"https:\/\/shopatoa.com\/cz\/topitko-tetra-ht-75-75w\/\" \/>\n<meta property=\"og:site_name\" content=\"SHOPATOA\" \/>\n<meta property=\"article:modified_time\" content=\"2025-04-25T23:55:20+00:00\" \/>\n<meta property=\"og:image\" content=\"https:\/\/storage.googleapis.com\/cz-shopatoa-img\/cz\/d6b39c1f-1_27354.jpg\" \/>\n\t<meta property=\"og:image:width\" content=\"600\" \/>\n\t<meta property=\"og:image:height\" content=\"600\" \/>\n\t<meta property=\"og:image:type\" content=\"image\/jpeg\" \/>\n<meta name=\"twitter:card\" content=\"summary_large_image\" \/>\n<meta name=\"twitter:label1\" content=\"Odhadovan\u00e1 doba \u010dten\u00ed\" \/>\n\t<meta name=\"twitter:data1\" content=\"1 minuta\" \/>\n<script type=\"application\/ld+json\" class=\"yoast-schema-graph\">{\"@context\":\"https:\\\/\\\/schema.org\",\"@graph\":[{\"@type\":\"WebPage\",\"@id\":\"https:\\\/\\\/shopatoa.com\\\/cz\\\/topitko-tetra-ht-75-75w\\\/\",\"url\":\"https:\\\/\\\/shopatoa.com\\\/cz\\\/topitko-tetra-ht-75-75w\\\/\",\"name\":\"Top\u00edtko TETRA HT 75 75W - SHOPATOA.COM\",\"isPartOf\":{\"@id\":\"https:\\\/\\\/shopatoa.com\\\/cz\\\/#website\"},\"primaryImageOfPage\":{\"@id\":\"https:\\\/\\\/shopatoa.com\\\/cz\\\/topitko-tetra-ht-75-75w\\\/#primaryimage\"},\"image\":{\"@id\":\"https:\\\/\\\/shopatoa.com\\\/cz\\\/topitko-tetra-ht-75-75w\\\/#primaryimage\"},\"thumbnailUrl\":\"https:\\\/\\\/storage.googleapis.com\\\/cz-shopatoa-img\\\/cz\\\/d6b39c1f-1_27354.jpg\",\"datePublished\":\"2025-04-01T14:19:47+00:00\",\"dateModified\":\"2025-04-25T23:55:20+00:00\",\"breadcrumb\":{\"@id\":\"https:\\\/\\\/shopatoa.com\\\/cz\\\/topitko-tetra-ht-75-75w\\\/#breadcrumb\"},\"inLanguage\":\"cs\",\"potentialAction\":[{\"@type\":\"ReadAction\",\"target\":[\"https:\\\/\\\/shopatoa.com\\\/cz\\\/topitko-tetra-ht-75-75w\\\/\"]}]},{\"@type\":\"ImageObject\",\"inLanguage\":\"cs\",\"@id\":\"https:\\\/\\\/shopatoa.com\\\/cz\\\/topitko-tetra-ht-75-75w\\\/#primaryimage\",\"url\":\"https:\\\/\\\/storage.googleapis.com\\\/cz-shopatoa-img\\\/cz\\\/d6b39c1f-1_27354.jpg\",\"contentUrl\":\"https:\\\/\\\/storage.googleapis.com\\\/cz-shopatoa-img\\\/cz\\\/d6b39c1f-1_27354.jpg\",\"width\":600,\"height\":600},{\"@type\":\"BreadcrumbList\",\"@id\":\"https:\\\/\\\/shopatoa.com\\\/cz\\\/topitko-tetra-ht-75-75w\\\/#breadcrumb\",\"itemListElement\":[{\"@type\":\"ListItem\",\"position\":1,\"name\":\"Dom\u016f\",\"item\":\"https:\\\/\\\/shopatoa.com\\\/cz\\\/\"},{\"@type\":\"ListItem\",\"position\":2,\"name\":\"Produkty\",\"item\":\"https:\\\/\\\/shopatoa.com\\\/cz\\\/shop\\\/\"},{\"@type\":\"ListItem\",\"position\":3,\"name\":\"Chovatelsk\u00e9 pot\u0159eby\",\"item\":\"https:\\\/\\\/shopatoa.com\\\/cz\\\/chovatelske-potreby-2\\\/\"},{\"@type\":\"ListItem\",\"position\":4,\"name\":\"Akvaristika\",\"item\":\"https:\\\/\\\/shopatoa.com\\\/cz\\\/akvaristika\\\/\"},{\"@type\":\"ListItem\",\"position\":5,\"name\":\"Akvarijn\u00ed technika\",\"item\":\"https:\\\/\\\/shopatoa.com\\\/cz\\\/akvarijni-technika\\\/\"},{\"@type\":\"ListItem\",\"position\":6,\"name\":\"Akvarijn\u00ed top\u00edtka\",\"item\":\"https:\\\/\\\/shopatoa.com\\\/cz\\\/akvarijni-topitka\\\/\"},{\"@type\":\"ListItem\",\"position\":7,\"name\":\"Top\u00edtko TETRA HT 75 75W\"}]},{\"@type\":\"WebSite\",\"@id\":\"https:\\\/\\\/shopatoa.com\\\/cz\\\/#website\",\"url\":\"https:\\\/\\\/shopatoa.com\\\/cz\\\/\",\"name\":\"SHOPATOA\",\"description\":\"\",\"publisher\":{\"@id\":\"https:\\\/\\\/shopatoa.com\\\/cz\\\/#organization\"},\"potentialAction\":[{\"@type\":\"SearchAction\",\"target\":{\"@type\":\"EntryPoint\",\"urlTemplate\":\"https:\\\/\\\/shopatoa.com\\\/cz\\\/?s={search_term_string}\"},\"query-input\":{\"@type\":\"PropertyValueSpecification\",\"valueRequired\":true,\"valueName\":\"search_term_string\"}}],\"inLanguage\":\"cs\"},{\"@type\":\"Organization\",\"@id\":\"https:\\\/\\\/shopatoa.com\\\/cz\\\/#organization\",\"name\":\"SHOPATOA Digital s.r.o.\",\"url\":\"https:\\\/\\\/shopatoa.com\\\/cz\\\/\",\"logo\":{\"@type\":\"ImageObject\",\"inLanguage\":\"cs\",\"@id\":\"https:\\\/\\\/shopatoa.com\\\/cz\\\/#\\\/schema\\\/logo\\\/image\\\/\",\"url\":\"https:\\\/\\\/storage.googleapis.com\\\/cz-shopatoa-img\\\/cz\\\/ebccf434-shopatoa_logo.png\",\"contentUrl\":\"https:\\\/\\\/storage.googleapis.com\\\/cz-shopatoa-img\\\/cz\\\/ebccf434-shopatoa_logo.png\",\"width\":416,\"height\":63,\"caption\":\"SHOPATOA Digital s.r.o.\"},\"image\":{\"@id\":\"https:\\\/\\\/shopatoa.com\\\/cz\\\/#\\\/schema\\\/logo\\\/image\\\/\"}}]}<\/script>\n<!-- \/ Yoast SEO plugin. -->","yoast_head_json":{"title":"Top\u00edtko TETRA HT 75 75W - SHOPATOA.COM","robots":{"index":"index","follow":"follow","max-snippet":"max-snippet:-1","max-image-preview":"max-image-preview:large","max-video-preview":"max-video-preview:-1"},"canonical":"https:\/\/shopatoa.com\/cz\/topitko-tetra-ht-75-75w\/","og_locale":"cs_CZ","og_type":"article","og_title":"Top\u00edtko TETRA HT 75 75W - SHOPATOA.COM","og_description":"Topn\u00e9 t\u011bleso s termostatem, pro akv\u00e1ria o objemu 60 &#8211; 100 l. Rovnom\u011brn\u00e9, spolehliv\u00e9 rozveden\u00ed tepla je z\u00e1kladem optim\u00e1ln\u00edho klimatu v akv\u00e1riu. Topn\u00e9 t\u011bleso s termostatem zaji\u0161\u0165uje optim\u00e1ln\u00ed teplotu v mo\u0159sk\u00fdch a sladkovodn\u00edch akv\u00e1ri\u00edch. Teplotu sta\u010d\u00ed nastavit jednou a v\u00edce se ji\u017e nemus\u00edte starat. Lze jej cel\u00e9 pono\u0159it do vody a je v akv\u00e1riu m\u00e1lo...","og_url":"https:\/\/shopatoa.com\/cz\/topitko-tetra-ht-75-75w\/","og_site_name":"SHOPATOA","article_modified_time":"2025-04-25T23:55:20+00:00","og_image":[{"width":600,"height":600,"url":"https:\/\/storage.googleapis.com\/cz-shopatoa-img\/cz\/d6b39c1f-1_27354.jpg","type":"image\/jpeg"}],"twitter_card":"summary_large_image","twitter_misc":{"Odhadovan\u00e1 doba \u010dten\u00ed":"1 minuta"},"schema":{"@context":"https:\/\/schema.org","@graph":[{"@type":"WebPage","@id":"https:\/\/shopatoa.com\/cz\/topitko-tetra-ht-75-75w\/","url":"https:\/\/shopatoa.com\/cz\/topitko-tetra-ht-75-75w\/","name":"Top\u00edtko TETRA HT 75 75W - SHOPATOA.COM","isPartOf":{"@id":"https:\/\/shopatoa.com\/cz\/#website"},"primaryImageOfPage":{"@id":"https:\/\/shopatoa.com\/cz\/topitko-tetra-ht-75-75w\/#primaryimage"},"image":{"@id":"https:\/\/shopatoa.com\/cz\/topitko-tetra-ht-75-75w\/#primaryimage"},"thumbnailUrl":"https:\/\/storage.googleapis.com\/cz-shopatoa-img\/cz\/d6b39c1f-1_27354.jpg","datePublished":"2025-04-01T14:19:47+00:00","dateModified":"2025-04-25T23:55:20+00:00","breadcrumb":{"@id":"https:\/\/shopatoa.com\/cz\/topitko-tetra-ht-75-75w\/#breadcrumb"},"inLanguage":"cs","potentialAction":[{"@type":"ReadAction","target":["https:\/\/shopatoa.com\/cz\/topitko-tetra-ht-75-75w\/"]}]},{"@type":"ImageObject","inLanguage":"cs","@id":"https:\/\/shopatoa.com\/cz\/topitko-tetra-ht-75-75w\/#primaryimage","url":"https:\/\/storage.googleapis.com\/cz-shopatoa-img\/cz\/d6b39c1f-1_27354.jpg","contentUrl":"https:\/\/storage.googleapis.com\/cz-shopatoa-img\/cz\/d6b39c1f-1_27354.jpg","width":600,"height":600},{"@type":"BreadcrumbList","@id":"https:\/\/shopatoa.com\/cz\/topitko-tetra-ht-75-75w\/#breadcrumb","itemListElement":[{"@type":"ListItem","position":1,"name":"Dom\u016f","item":"https:\/\/shopatoa.com\/cz\/"},{"@type":"ListItem","position":2,"name":"Produkty","item":"https:\/\/shopatoa.com\/cz\/shop\/"},{"@type":"ListItem","position":3,"name":"Chovatelsk\u00e9 pot\u0159eby","item":"https:\/\/shopatoa.com\/cz\/chovatelske-potreby-2\/"},{"@type":"ListItem","position":4,"name":"Akvaristika","item":"https:\/\/shopatoa.com\/cz\/akvaristika\/"},{"@type":"ListItem","position":5,"name":"Akvarijn\u00ed technika","item":"https:\/\/shopatoa.com\/cz\/akvarijni-technika\/"},{"@type":"ListItem","position":6,"name":"Akvarijn\u00ed top\u00edtka","item":"https:\/\/shopatoa.com\/cz\/akvarijni-topitka\/"},{"@type":"ListItem","position":7,"name":"Top\u00edtko TETRA HT 75 75W"}]},{"@type":"WebSite","@id":"https:\/\/shopatoa.com\/cz\/#website","url":"https:\/\/shopatoa.com\/cz\/","name":"SHOPATOA","description":"","publisher":{"@id":"https:\/\/shopatoa.com\/cz\/#organization"},"potentialAction":[{"@type":"SearchAction","target":{"@type":"EntryPoint","urlTemplate":"https:\/\/shopatoa.com\/cz\/?s={search_term_string}"},"query-input":{"@type":"PropertyValueSpecification","valueRequired":true,"valueName":"search_term_string"}}],"inLanguage":"cs"},{"@type":"Organization","@id":"https:\/\/shopatoa.com\/cz\/#organization","name":"SHOPATOA Digital s.r.o.","url":"https:\/\/shopatoa.com\/cz\/","logo":{"@type":"ImageObject","inLanguage":"cs","@id":"https:\/\/shopatoa.com\/cz\/#\/schema\/logo\/image\/","url":"https:\/\/storage.googleapis.com\/cz-shopatoa-img\/cz\/ebccf434-shopatoa_logo.png","contentUrl":"https:\/\/storage.googleapis.com\/cz-shopatoa-img\/cz\/ebccf434-shopatoa_logo.png","width":416,"height":63,"caption":"SHOPATOA Digital s.r.o."},"image":{"@id":"https:\/\/shopatoa.com\/cz\/#\/schema\/logo\/image\/"}}]}},"_links":{"self":[{"href":"https:\/\/shopatoa.com\/cz\/wp-json\/wp\/v2\/product\/242149","targetHints":{"allow":["GET"]}}],"collection":[{"href":"https:\/\/shopatoa.com\/cz\/wp-json\/wp\/v2\/product"}],"about":[{"href":"https:\/\/shopatoa.com\/cz\/wp-json\/wp\/v2\/types\/product"}],"replies":[{"embeddable":true,"href":"https:\/\/shopatoa.com\/cz\/wp-json\/wp\/v2\/comments?post=242149"}],"wp:featuredmedia":[{"embeddable":true,"href":"https:\/\/shopatoa.com\/cz\/wp-json\/wp\/v2\/media\/242150"}],"wp:attachment":[{"href":"https:\/\/shopatoa.com\/cz\/wp-json\/wp\/v2\/media?parent=242149"}],"wp:term":[{"taxonomy":"product_brand","embeddable":true,"href":"https:\/\/shopatoa.com\/cz\/wp-json\/wp\/v2\/product_brand?post=242149"},{"taxonomy":"product_cat","embeddable":true,"href":"https:\/\/shopatoa.com\/cz\/wp-json\/wp\/v2\/product_cat?post=242149"},{"taxonomy":"product_tag","embeddable":true,"href":"https:\/\/shopatoa.com\/cz\/wp-json\/wp\/v2\/product_tag?post=242149"}],"curies":[{"name":"wp","href":"https:\/\/api.w.org\/{rel}","templated":true}]}}