{"id":242216,"date":"2025-04-01T16:22:38","date_gmt":"2025-04-01T14:22:38","guid":{"rendered":"https:\/\/shopatoa.com\/cz\/?post_type=product&#038;p=242216"},"modified":"2026-02-04T06:10:39","modified_gmt":"2026-02-04T05:10:39","slug":"tetra-repto-min-100ml","status":"publish","type":"product","link":"https:\/\/shopatoa.com\/cz\/tetra-repto-min-100ml\/","title":{"rendered":"TETRA Repto Min 100ml"},"content":{"rendered":"<p>Plovouc\u00ed krmn\u00e9 ty\u010dinky pro vodn\u00ed \u017eelvy \u2013 kompletn\u00ed krmivo.<\/p>\n<p>\tVelmi chutn\u00e9 a lehce straviteln\u00e9 s obsahem v\u0161ech v\u00fd\u017eivn\u00fdch l\u00e1tek nezbytn\u00fdch pro zdravou stravu.<br \/>\n\tVysok\u00fd obsah v\u00e1pn\u00edku podporuje p\u0159\u00edrodn\u00ed r\u016fst krun\u00fd\u0159e a kost\u00ed.<\/p>\n<p>Krmn\u00fd n\u00e1vod<\/p>\n<p>Krmte n\u011bkolikr\u00e1t denn\u011b mal\u00e9 mno\u017estv\u00ed, vhodn\u00e9 i jako pamlsek pro suchozemsk\u00e9 \u017eelvy.<\/p>\n<p>Slo\u017een\u00ed<\/p>\n<p>Obiloviny, ryby a vedlej\u0161\u00ed ryb\u00ed v\u00fdrobky, kvasnice, rostlinn\u00e9 b\u00edlkovinn\u00e9 extrakty, miner\u00e1ln\u00ed l\u00e1tky, m\u011bkk\u00fd\u0161i a kor\u00fd\u0161i, maso a vedlej\u0161\u00ed \u017eivo\u010di\u0161n\u00e9 v\u00fdrobky, mo\u0159sk\u00e9 \u0159asy, oleje a tuky, lecitin.<\/p>\n<p>Jakostn\u00ed znaky<\/p>\n<p>Proteiny 39 %, vlhkost 9 %, tuky 4,5 %, hrub\u00e9 popeloviny 15 %, hrub\u00e1 vl\u00e1knina 2 %, v\u00e1pn\u00edk 3,3 %, vitam\u00edn A 29500 m.j.\/ kg, vitam\u00edn D3 1845 m.j.\/ kg, vitam\u00edn E (alfatokoferol) 100 mg \/ kg, L-askorbyl-2-polyfosfore\u010dnan (stabilizovan\u00fd vitam\u00edn C) 264 mg \/ kg.<\/p>\n","protected":false},"excerpt":{"rendered":"<p>Plovouc\u00ed krmn\u00e9 ty\u010dinky pro vodn\u00ed \u017eelvy \u2013 kompletn\u00ed krmivo. Velmi chutn\u00e9 a lehce straviteln\u00e9 s obsahem v\u0161ech v\u00fd\u017eivn\u00fdch l\u00e1tek nezbytn\u00fdch pro zdravou stravu. Vysok\u00fd obsah v\u00e1pn\u00edku podporuje p\u0159\u00edrodn\u00ed r\u016fst krun\u00fd\u0159e a kost\u00ed. Krmn\u00fd n\u00e1vod Krmte n\u011bkolikr\u00e1t denn\u011b mal\u00e9 mno\u017estv\u00ed, vhodn\u00e9 i jako pamlsek pro suchozemsk\u00e9 \u017eelvy. Slo\u017een\u00ed Obiloviny, ryby a vedlej\u0161\u00ed ryb\u00ed v\u00fdrobky, kvasnice, rostlinn\u00e9&#8230;<\/p>\n","protected":false},"featured_media":242217,"comment_status":"closed","ping_status":"open","template":"","meta":{"_acf_changed":false,"_kadence_starter_templates_imported_post":false,"_kad_post_transparent":"","_kad_post_title":"","_kad_post_layout":"","_kad_post_sidebar_id":"","_kad_post_content_style":"","_kad_post_vertical_padding":"","_kad_post_feature":"","_kad_post_feature_position":"","_kad_post_header":false,"_kad_post_footer":false,"_kad_post_classname":""},"product_brand":[2614],"product_cat":[436,2528],"product_tag":[],"class_list":{"0":"post-242216","1":"product","2":"type-product","3":"status-publish","4":"has-post-thumbnail","6":"product_brand-tetra","7":"product_cat-chovatelske-potreby-2","8":"product_cat-teraristika","9":"pa_obchod-superzoo-cz","11":"first","12":"instock","13":"product-type-external","14":"entry","15":"content-bg","16":"loop-entry"},"acf":[],"yoast_head":"<!-- This site is optimized with the Yoast SEO plugin v27.4 - https:\/\/yoast.com\/product\/yoast-seo-wordpress\/ -->\n<title>TETRA Repto Min 100ml - SHOPATOA.COM<\/title>\n<meta name=\"robots\" content=\"index, follow, max-snippet:-1, max-image-preview:large, max-video-preview:-1\" \/>\n<link rel=\"canonical\" href=\"https:\/\/shopatoa.com\/cz\/tetra-repto-min-100ml\/\" \/>\n<meta property=\"og:locale\" content=\"cs_CZ\" \/>\n<meta property=\"og:type\" content=\"article\" \/>\n<meta property=\"og:title\" content=\"TETRA Repto Min 100ml - SHOPATOA.COM\" \/>\n<meta property=\"og:description\" content=\"Plovouc\u00ed krmn\u00e9 ty\u010dinky pro vodn\u00ed \u017eelvy \u2013 kompletn\u00ed krmivo. Velmi chutn\u00e9 a lehce straviteln\u00e9 s obsahem v\u0161ech v\u00fd\u017eivn\u00fdch l\u00e1tek nezbytn\u00fdch pro zdravou stravu. Vysok\u00fd obsah v\u00e1pn\u00edku podporuje p\u0159\u00edrodn\u00ed r\u016fst krun\u00fd\u0159e a kost\u00ed. Krmn\u00fd n\u00e1vod Krmte n\u011bkolikr\u00e1t denn\u011b mal\u00e9 mno\u017estv\u00ed, vhodn\u00e9 i jako pamlsek pro suchozemsk\u00e9 \u017eelvy. Slo\u017een\u00ed Obiloviny, ryby a vedlej\u0161\u00ed ryb\u00ed v\u00fdrobky, kvasnice, rostlinn\u00e9...\" \/>\n<meta property=\"og:url\" content=\"https:\/\/shopatoa.com\/cz\/tetra-repto-min-100ml\/\" \/>\n<meta property=\"og:site_name\" content=\"SHOPATOA\" \/>\n<meta property=\"article:modified_time\" content=\"2026-02-04T05:10:39+00:00\" \/>\n<meta property=\"og:image\" content=\"https:\/\/storage.googleapis.com\/cz-shopatoa-img\/cz\/92cf9e2b-1_92083.jpg\" \/>\n\t<meta property=\"og:image:width\" content=\"600\" \/>\n\t<meta property=\"og:image:height\" content=\"600\" \/>\n\t<meta property=\"og:image:type\" content=\"image\/jpeg\" \/>\n<meta name=\"twitter:card\" content=\"summary_large_image\" \/>\n<meta name=\"twitter:label1\" content=\"Odhadovan\u00e1 doba \u010dten\u00ed\" \/>\n\t<meta name=\"twitter:data1\" content=\"1 minuta\" \/>\n<script type=\"application\/ld+json\" class=\"yoast-schema-graph\">{\"@context\":\"https:\\\/\\\/schema.org\",\"@graph\":[{\"@type\":\"WebPage\",\"@id\":\"https:\\\/\\\/shopatoa.com\\\/cz\\\/tetra-repto-min-100ml\\\/\",\"url\":\"https:\\\/\\\/shopatoa.com\\\/cz\\\/tetra-repto-min-100ml\\\/\",\"name\":\"TETRA Repto Min 100ml - SHOPATOA.COM\",\"isPartOf\":{\"@id\":\"https:\\\/\\\/shopatoa.com\\\/cz\\\/#website\"},\"primaryImageOfPage\":{\"@id\":\"https:\\\/\\\/shopatoa.com\\\/cz\\\/tetra-repto-min-100ml\\\/#primaryimage\"},\"image\":{\"@id\":\"https:\\\/\\\/shopatoa.com\\\/cz\\\/tetra-repto-min-100ml\\\/#primaryimage\"},\"thumbnailUrl\":\"https:\\\/\\\/storage.googleapis.com\\\/cz-shopatoa-img\\\/cz\\\/92cf9e2b-1_92083.jpg\",\"datePublished\":\"2025-04-01T14:22:38+00:00\",\"dateModified\":\"2026-02-04T05:10:39+00:00\",\"breadcrumb\":{\"@id\":\"https:\\\/\\\/shopatoa.com\\\/cz\\\/tetra-repto-min-100ml\\\/#breadcrumb\"},\"inLanguage\":\"cs\",\"potentialAction\":[{\"@type\":\"ReadAction\",\"target\":[\"https:\\\/\\\/shopatoa.com\\\/cz\\\/tetra-repto-min-100ml\\\/\"]}]},{\"@type\":\"ImageObject\",\"inLanguage\":\"cs\",\"@id\":\"https:\\\/\\\/shopatoa.com\\\/cz\\\/tetra-repto-min-100ml\\\/#primaryimage\",\"url\":\"https:\\\/\\\/storage.googleapis.com\\\/cz-shopatoa-img\\\/cz\\\/92cf9e2b-1_92083.jpg\",\"contentUrl\":\"https:\\\/\\\/storage.googleapis.com\\\/cz-shopatoa-img\\\/cz\\\/92cf9e2b-1_92083.jpg\",\"width\":600,\"height\":600},{\"@type\":\"BreadcrumbList\",\"@id\":\"https:\\\/\\\/shopatoa.com\\\/cz\\\/tetra-repto-min-100ml\\\/#breadcrumb\",\"itemListElement\":[{\"@type\":\"ListItem\",\"position\":1,\"name\":\"Dom\u016f\",\"item\":\"https:\\\/\\\/shopatoa.com\\\/cz\\\/\"},{\"@type\":\"ListItem\",\"position\":2,\"name\":\"Produkty\",\"item\":\"https:\\\/\\\/shopatoa.com\\\/cz\\\/shop\\\/\"},{\"@type\":\"ListItem\",\"position\":3,\"name\":\"Chovatelsk\u00e9 pot\u0159eby\",\"item\":\"https:\\\/\\\/shopatoa.com\\\/cz\\\/chovatelske-potreby-2\\\/\"},{\"@type\":\"ListItem\",\"position\":4,\"name\":\"Teraristika\",\"item\":\"https:\\\/\\\/shopatoa.com\\\/cz\\\/teraristika\\\/\"},{\"@type\":\"ListItem\",\"position\":5,\"name\":\"TETRA Repto Min 100ml\"}]},{\"@type\":\"WebSite\",\"@id\":\"https:\\\/\\\/shopatoa.com\\\/cz\\\/#website\",\"url\":\"https:\\\/\\\/shopatoa.com\\\/cz\\\/\",\"name\":\"SHOPATOA\",\"description\":\"\",\"publisher\":{\"@id\":\"https:\\\/\\\/shopatoa.com\\\/cz\\\/#organization\"},\"potentialAction\":[{\"@type\":\"SearchAction\",\"target\":{\"@type\":\"EntryPoint\",\"urlTemplate\":\"https:\\\/\\\/shopatoa.com\\\/cz\\\/?s={search_term_string}\"},\"query-input\":{\"@type\":\"PropertyValueSpecification\",\"valueRequired\":true,\"valueName\":\"search_term_string\"}}],\"inLanguage\":\"cs\"},{\"@type\":\"Organization\",\"@id\":\"https:\\\/\\\/shopatoa.com\\\/cz\\\/#organization\",\"name\":\"SHOPATOA Digital s.r.o.\",\"url\":\"https:\\\/\\\/shopatoa.com\\\/cz\\\/\",\"logo\":{\"@type\":\"ImageObject\",\"inLanguage\":\"cs\",\"@id\":\"https:\\\/\\\/shopatoa.com\\\/cz\\\/#\\\/schema\\\/logo\\\/image\\\/\",\"url\":\"https:\\\/\\\/storage.googleapis.com\\\/cz-shopatoa-img\\\/cz\\\/ebccf434-shopatoa_logo.png\",\"contentUrl\":\"https:\\\/\\\/storage.googleapis.com\\\/cz-shopatoa-img\\\/cz\\\/ebccf434-shopatoa_logo.png\",\"width\":416,\"height\":63,\"caption\":\"SHOPATOA Digital s.r.o.\"},\"image\":{\"@id\":\"https:\\\/\\\/shopatoa.com\\\/cz\\\/#\\\/schema\\\/logo\\\/image\\\/\"}}]}<\/script>\n<!-- \/ Yoast SEO plugin. -->","yoast_head_json":{"title":"TETRA Repto Min 100ml - SHOPATOA.COM","robots":{"index":"index","follow":"follow","max-snippet":"max-snippet:-1","max-image-preview":"max-image-preview:large","max-video-preview":"max-video-preview:-1"},"canonical":"https:\/\/shopatoa.com\/cz\/tetra-repto-min-100ml\/","og_locale":"cs_CZ","og_type":"article","og_title":"TETRA Repto Min 100ml - SHOPATOA.COM","og_description":"Plovouc\u00ed krmn\u00e9 ty\u010dinky pro vodn\u00ed \u017eelvy \u2013 kompletn\u00ed krmivo. Velmi chutn\u00e9 a lehce straviteln\u00e9 s obsahem v\u0161ech v\u00fd\u017eivn\u00fdch l\u00e1tek nezbytn\u00fdch pro zdravou stravu. Vysok\u00fd obsah v\u00e1pn\u00edku podporuje p\u0159\u00edrodn\u00ed r\u016fst krun\u00fd\u0159e a kost\u00ed. Krmn\u00fd n\u00e1vod Krmte n\u011bkolikr\u00e1t denn\u011b mal\u00e9 mno\u017estv\u00ed, vhodn\u00e9 i jako pamlsek pro suchozemsk\u00e9 \u017eelvy. Slo\u017een\u00ed Obiloviny, ryby a vedlej\u0161\u00ed ryb\u00ed v\u00fdrobky, kvasnice, rostlinn\u00e9...","og_url":"https:\/\/shopatoa.com\/cz\/tetra-repto-min-100ml\/","og_site_name":"SHOPATOA","article_modified_time":"2026-02-04T05:10:39+00:00","og_image":[{"width":600,"height":600,"url":"https:\/\/storage.googleapis.com\/cz-shopatoa-img\/cz\/92cf9e2b-1_92083.jpg","type":"image\/jpeg"}],"twitter_card":"summary_large_image","twitter_misc":{"Odhadovan\u00e1 doba \u010dten\u00ed":"1 minuta"},"schema":{"@context":"https:\/\/schema.org","@graph":[{"@type":"WebPage","@id":"https:\/\/shopatoa.com\/cz\/tetra-repto-min-100ml\/","url":"https:\/\/shopatoa.com\/cz\/tetra-repto-min-100ml\/","name":"TETRA Repto Min 100ml - SHOPATOA.COM","isPartOf":{"@id":"https:\/\/shopatoa.com\/cz\/#website"},"primaryImageOfPage":{"@id":"https:\/\/shopatoa.com\/cz\/tetra-repto-min-100ml\/#primaryimage"},"image":{"@id":"https:\/\/shopatoa.com\/cz\/tetra-repto-min-100ml\/#primaryimage"},"thumbnailUrl":"https:\/\/storage.googleapis.com\/cz-shopatoa-img\/cz\/92cf9e2b-1_92083.jpg","datePublished":"2025-04-01T14:22:38+00:00","dateModified":"2026-02-04T05:10:39+00:00","breadcrumb":{"@id":"https:\/\/shopatoa.com\/cz\/tetra-repto-min-100ml\/#breadcrumb"},"inLanguage":"cs","potentialAction":[{"@type":"ReadAction","target":["https:\/\/shopatoa.com\/cz\/tetra-repto-min-100ml\/"]}]},{"@type":"ImageObject","inLanguage":"cs","@id":"https:\/\/shopatoa.com\/cz\/tetra-repto-min-100ml\/#primaryimage","url":"https:\/\/storage.googleapis.com\/cz-shopatoa-img\/cz\/92cf9e2b-1_92083.jpg","contentUrl":"https:\/\/storage.googleapis.com\/cz-shopatoa-img\/cz\/92cf9e2b-1_92083.jpg","width":600,"height":600},{"@type":"BreadcrumbList","@id":"https:\/\/shopatoa.com\/cz\/tetra-repto-min-100ml\/#breadcrumb","itemListElement":[{"@type":"ListItem","position":1,"name":"Dom\u016f","item":"https:\/\/shopatoa.com\/cz\/"},{"@type":"ListItem","position":2,"name":"Produkty","item":"https:\/\/shopatoa.com\/cz\/shop\/"},{"@type":"ListItem","position":3,"name":"Chovatelsk\u00e9 pot\u0159eby","item":"https:\/\/shopatoa.com\/cz\/chovatelske-potreby-2\/"},{"@type":"ListItem","position":4,"name":"Teraristika","item":"https:\/\/shopatoa.com\/cz\/teraristika\/"},{"@type":"ListItem","position":5,"name":"TETRA Repto Min 100ml"}]},{"@type":"WebSite","@id":"https:\/\/shopatoa.com\/cz\/#website","url":"https:\/\/shopatoa.com\/cz\/","name":"SHOPATOA","description":"","publisher":{"@id":"https:\/\/shopatoa.com\/cz\/#organization"},"potentialAction":[{"@type":"SearchAction","target":{"@type":"EntryPoint","urlTemplate":"https:\/\/shopatoa.com\/cz\/?s={search_term_string}"},"query-input":{"@type":"PropertyValueSpecification","valueRequired":true,"valueName":"search_term_string"}}],"inLanguage":"cs"},{"@type":"Organization","@id":"https:\/\/shopatoa.com\/cz\/#organization","name":"SHOPATOA Digital s.r.o.","url":"https:\/\/shopatoa.com\/cz\/","logo":{"@type":"ImageObject","inLanguage":"cs","@id":"https:\/\/shopatoa.com\/cz\/#\/schema\/logo\/image\/","url":"https:\/\/storage.googleapis.com\/cz-shopatoa-img\/cz\/ebccf434-shopatoa_logo.png","contentUrl":"https:\/\/storage.googleapis.com\/cz-shopatoa-img\/cz\/ebccf434-shopatoa_logo.png","width":416,"height":63,"caption":"SHOPATOA Digital s.r.o."},"image":{"@id":"https:\/\/shopatoa.com\/cz\/#\/schema\/logo\/image\/"}}]}},"_links":{"self":[{"href":"https:\/\/shopatoa.com\/cz\/wp-json\/wp\/v2\/product\/242216","targetHints":{"allow":["GET"]}}],"collection":[{"href":"https:\/\/shopatoa.com\/cz\/wp-json\/wp\/v2\/product"}],"about":[{"href":"https:\/\/shopatoa.com\/cz\/wp-json\/wp\/v2\/types\/product"}],"replies":[{"embeddable":true,"href":"https:\/\/shopatoa.com\/cz\/wp-json\/wp\/v2\/comments?post=242216"}],"wp:featuredmedia":[{"embeddable":true,"href":"https:\/\/shopatoa.com\/cz\/wp-json\/wp\/v2\/media\/242217"}],"wp:attachment":[{"href":"https:\/\/shopatoa.com\/cz\/wp-json\/wp\/v2\/media?parent=242216"}],"wp:term":[{"taxonomy":"product_brand","embeddable":true,"href":"https:\/\/shopatoa.com\/cz\/wp-json\/wp\/v2\/product_brand?post=242216"},{"taxonomy":"product_cat","embeddable":true,"href":"https:\/\/shopatoa.com\/cz\/wp-json\/wp\/v2\/product_cat?post=242216"},{"taxonomy":"product_tag","embeddable":true,"href":"https:\/\/shopatoa.com\/cz\/wp-json\/wp\/v2\/product_tag?post=242216"}],"curies":[{"name":"wp","href":"https:\/\/api.w.org\/{rel}","templated":true}]}}