{"id":242257,"date":"2025-04-01T16:24:22","date_gmt":"2025-04-01T14:24:22","guid":{"rendered":"https:\/\/shopatoa.com\/cz\/?post_type=product&#038;p=242257"},"modified":"2026-02-04T06:03:42","modified_gmt":"2026-02-04T05:03:42","slug":"tetra-test-nitrat-no3-10ml","status":"publish","type":"product","link":"https:\/\/shopatoa.com\/cz\/tetra-test-nitrat-no3-10ml\/","title":{"rendered":"TETRA Test Nitrat NO3 10ml"},"content":{"rendered":"<p>Testovac\u00ed souprava pro p\u0159esn\u00e9 m\u011b\u0159en\u00ed dusi\u010dnan\u016f ve sladk\u00e9 a mo\u0159sk\u00e9 vod\u011b.<\/p>\n<p>Tento test umo\u017e\u0148uje bezpe\u010dn\u00e9 ur\u010den\u00ed zne\u010di\u0161t\u011bn\u00ed akvarijn\u00ed vody. Nam\u011b\u0159en\u00e1 hodnota nitr\u00e1t\u016f ud\u00e1v\u00e1, jak\u00e9 mno\u017estv\u00ed vody je pot\u0159eba vym\u011bnit. Organick\u00e9 l\u00e1tky obsahuj\u00edc\u00ed dus\u00edk, jako nap\u0159\u00edklad ryb\u00ed v\u00fdkaly, zbytky krmiva nebo hnij\u00edc\u00ed rostliny se nach\u00e1zej\u00ed v r\u016fzn\u00fdch f\u00e1z\u00edch rozkladu d\u00edky mikroorganism\u016fm.<\/p>\n<p>\u010cpavek se m\u011bn\u00ed v nitrity a posl\u00e9ze v nitr\u00e1ty. Nitr\u00e1ty jsou spot\u0159ebov\u00e1v\u00e1ny rostlinami jako \u017eiviny, ale v koncentrac\u00edch vy\u0161\u0161\u00edch ne\u017e 50 mg \/ l se st\u00e1vaj\u00ed \u0161kodliv\u00fdmi pro ryby a podporuj\u00ed r\u016fst \u0159as.<\/p>\n","protected":false},"excerpt":{"rendered":"<p>Testovac\u00ed souprava pro p\u0159esn\u00e9 m\u011b\u0159en\u00ed dusi\u010dnan\u016f ve sladk\u00e9 a mo\u0159sk\u00e9 vod\u011b. Tento test umo\u017e\u0148uje bezpe\u010dn\u00e9 ur\u010den\u00ed zne\u010di\u0161t\u011bn\u00ed akvarijn\u00ed vody. Nam\u011b\u0159en\u00e1 hodnota nitr\u00e1t\u016f ud\u00e1v\u00e1, jak\u00e9 mno\u017estv\u00ed vody je pot\u0159eba vym\u011bnit. Organick\u00e9 l\u00e1tky obsahuj\u00edc\u00ed dus\u00edk, jako nap\u0159\u00edklad ryb\u00ed v\u00fdkaly, zbytky krmiva nebo hnij\u00edc\u00ed rostliny se nach\u00e1zej\u00ed v r\u016fzn\u00fdch f\u00e1z\u00edch rozkladu d\u00edky mikroorganism\u016fm. \u010cpavek se m\u011bn\u00ed v nitrity&#8230;<\/p>\n","protected":false},"featured_media":242258,"comment_status":"closed","ping_status":"open","template":"","meta":{"_acf_changed":false,"_kadence_starter_templates_imported_post":false,"_kad_post_transparent":"","_kad_post_title":"","_kad_post_layout":"","_kad_post_sidebar_id":"","_kad_post_content_style":"","_kad_post_vertical_padding":"","_kad_post_feature":"","_kad_post_feature_position":"","_kad_post_header":false,"_kad_post_footer":false,"_kad_post_classname":""},"product_brand":[2614],"product_cat":[2510,436,2513,2615],"product_tag":[],"class_list":{"0":"post-242257","1":"product","2":"type-product","3":"status-publish","4":"has-post-thumbnail","6":"product_brand-tetra","7":"product_cat-akvaristika","8":"product_cat-chovatelske-potreby-2","9":"product_cat-pece-a-udrzba-akvaria","10":"product_cat-uprava-akvarijni-vody-a-testy","11":"pa_obchod-superzoo-cz","13":"first","14":"instock","15":"product-type-external","16":"entry","17":"content-bg","18":"loop-entry"},"acf":[],"yoast_head":"<!-- This site is optimized with the Yoast SEO plugin v27.4 - https:\/\/yoast.com\/product\/yoast-seo-wordpress\/ -->\n<title>TETRA Test Nitrat NO3 10ml - SHOPATOA.COM<\/title>\n<meta name=\"robots\" content=\"index, follow, max-snippet:-1, max-image-preview:large, max-video-preview:-1\" \/>\n<link rel=\"canonical\" href=\"https:\/\/shopatoa.com\/cz\/tetra-test-nitrat-no3-10ml\/\" \/>\n<meta property=\"og:locale\" content=\"cs_CZ\" \/>\n<meta property=\"og:type\" content=\"article\" \/>\n<meta property=\"og:title\" content=\"TETRA Test Nitrat NO3 10ml - SHOPATOA.COM\" \/>\n<meta property=\"og:description\" content=\"Testovac\u00ed souprava pro p\u0159esn\u00e9 m\u011b\u0159en\u00ed dusi\u010dnan\u016f ve sladk\u00e9 a mo\u0159sk\u00e9 vod\u011b. Tento test umo\u017e\u0148uje bezpe\u010dn\u00e9 ur\u010den\u00ed zne\u010di\u0161t\u011bn\u00ed akvarijn\u00ed vody. Nam\u011b\u0159en\u00e1 hodnota nitr\u00e1t\u016f ud\u00e1v\u00e1, jak\u00e9 mno\u017estv\u00ed vody je pot\u0159eba vym\u011bnit. Organick\u00e9 l\u00e1tky obsahuj\u00edc\u00ed dus\u00edk, jako nap\u0159\u00edklad ryb\u00ed v\u00fdkaly, zbytky krmiva nebo hnij\u00edc\u00ed rostliny se nach\u00e1zej\u00ed v r\u016fzn\u00fdch f\u00e1z\u00edch rozkladu d\u00edky mikroorganism\u016fm. \u010cpavek se m\u011bn\u00ed v nitrity...\" \/>\n<meta property=\"og:url\" content=\"https:\/\/shopatoa.com\/cz\/tetra-test-nitrat-no3-10ml\/\" \/>\n<meta property=\"og:site_name\" content=\"SHOPATOA\" \/>\n<meta property=\"article:modified_time\" content=\"2026-02-04T05:03:42+00:00\" \/>\n<meta property=\"og:image\" content=\"https:\/\/storage.googleapis.com\/cz-shopatoa-img\/cz\/d2b079bd-1_27721.jpg\" \/>\n\t<meta property=\"og:image:width\" content=\"600\" \/>\n\t<meta property=\"og:image:height\" content=\"600\" \/>\n\t<meta property=\"og:image:type\" content=\"image\/jpeg\" \/>\n<meta name=\"twitter:card\" content=\"summary_large_image\" \/>\n<meta name=\"twitter:label1\" content=\"Odhadovan\u00e1 doba \u010dten\u00ed\" \/>\n\t<meta name=\"twitter:data1\" content=\"1 minuta\" \/>\n<script type=\"application\/ld+json\" class=\"yoast-schema-graph\">{\"@context\":\"https:\\\/\\\/schema.org\",\"@graph\":[{\"@type\":\"WebPage\",\"@id\":\"https:\\\/\\\/shopatoa.com\\\/cz\\\/tetra-test-nitrat-no3-10ml\\\/\",\"url\":\"https:\\\/\\\/shopatoa.com\\\/cz\\\/tetra-test-nitrat-no3-10ml\\\/\",\"name\":\"TETRA Test Nitrat NO3 10ml - SHOPATOA.COM\",\"isPartOf\":{\"@id\":\"https:\\\/\\\/shopatoa.com\\\/cz\\\/#website\"},\"primaryImageOfPage\":{\"@id\":\"https:\\\/\\\/shopatoa.com\\\/cz\\\/tetra-test-nitrat-no3-10ml\\\/#primaryimage\"},\"image\":{\"@id\":\"https:\\\/\\\/shopatoa.com\\\/cz\\\/tetra-test-nitrat-no3-10ml\\\/#primaryimage\"},\"thumbnailUrl\":\"https:\\\/\\\/storage.googleapis.com\\\/cz-shopatoa-img\\\/cz\\\/d2b079bd-1_27721.jpg\",\"datePublished\":\"2025-04-01T14:24:22+00:00\",\"dateModified\":\"2026-02-04T05:03:42+00:00\",\"breadcrumb\":{\"@id\":\"https:\\\/\\\/shopatoa.com\\\/cz\\\/tetra-test-nitrat-no3-10ml\\\/#breadcrumb\"},\"inLanguage\":\"cs\",\"potentialAction\":[{\"@type\":\"ReadAction\",\"target\":[\"https:\\\/\\\/shopatoa.com\\\/cz\\\/tetra-test-nitrat-no3-10ml\\\/\"]}]},{\"@type\":\"ImageObject\",\"inLanguage\":\"cs\",\"@id\":\"https:\\\/\\\/shopatoa.com\\\/cz\\\/tetra-test-nitrat-no3-10ml\\\/#primaryimage\",\"url\":\"https:\\\/\\\/storage.googleapis.com\\\/cz-shopatoa-img\\\/cz\\\/d2b079bd-1_27721.jpg\",\"contentUrl\":\"https:\\\/\\\/storage.googleapis.com\\\/cz-shopatoa-img\\\/cz\\\/d2b079bd-1_27721.jpg\",\"width\":600,\"height\":600},{\"@type\":\"BreadcrumbList\",\"@id\":\"https:\\\/\\\/shopatoa.com\\\/cz\\\/tetra-test-nitrat-no3-10ml\\\/#breadcrumb\",\"itemListElement\":[{\"@type\":\"ListItem\",\"position\":1,\"name\":\"Dom\u016f\",\"item\":\"https:\\\/\\\/shopatoa.com\\\/cz\\\/\"},{\"@type\":\"ListItem\",\"position\":2,\"name\":\"Produkty\",\"item\":\"https:\\\/\\\/shopatoa.com\\\/cz\\\/shop\\\/\"},{\"@type\":\"ListItem\",\"position\":3,\"name\":\"Chovatelsk\u00e9 pot\u0159eby\",\"item\":\"https:\\\/\\\/shopatoa.com\\\/cz\\\/chovatelske-potreby-2\\\/\"},{\"@type\":\"ListItem\",\"position\":4,\"name\":\"Akvaristika\",\"item\":\"https:\\\/\\\/shopatoa.com\\\/cz\\\/akvaristika\\\/\"},{\"@type\":\"ListItem\",\"position\":5,\"name\":\"P\u00e9\u010de a \u00fadr\u017eba akv\u00e1ria\",\"item\":\"https:\\\/\\\/shopatoa.com\\\/cz\\\/pece-a-udrzba-akvaria\\\/\"},{\"@type\":\"ListItem\",\"position\":6,\"name\":\"\u00daprava akvarijn\u00ed vody a testy\",\"item\":\"https:\\\/\\\/shopatoa.com\\\/cz\\\/uprava-akvarijni-vody-a-testy\\\/\"},{\"@type\":\"ListItem\",\"position\":7,\"name\":\"TETRA Test Nitrat NO3 10ml\"}]},{\"@type\":\"WebSite\",\"@id\":\"https:\\\/\\\/shopatoa.com\\\/cz\\\/#website\",\"url\":\"https:\\\/\\\/shopatoa.com\\\/cz\\\/\",\"name\":\"SHOPATOA\",\"description\":\"\",\"publisher\":{\"@id\":\"https:\\\/\\\/shopatoa.com\\\/cz\\\/#organization\"},\"potentialAction\":[{\"@type\":\"SearchAction\",\"target\":{\"@type\":\"EntryPoint\",\"urlTemplate\":\"https:\\\/\\\/shopatoa.com\\\/cz\\\/?s={search_term_string}\"},\"query-input\":{\"@type\":\"PropertyValueSpecification\",\"valueRequired\":true,\"valueName\":\"search_term_string\"}}],\"inLanguage\":\"cs\"},{\"@type\":\"Organization\",\"@id\":\"https:\\\/\\\/shopatoa.com\\\/cz\\\/#organization\",\"name\":\"SHOPATOA Digital s.r.o.\",\"url\":\"https:\\\/\\\/shopatoa.com\\\/cz\\\/\",\"logo\":{\"@type\":\"ImageObject\",\"inLanguage\":\"cs\",\"@id\":\"https:\\\/\\\/shopatoa.com\\\/cz\\\/#\\\/schema\\\/logo\\\/image\\\/\",\"url\":\"https:\\\/\\\/storage.googleapis.com\\\/cz-shopatoa-img\\\/cz\\\/ebccf434-shopatoa_logo.png\",\"contentUrl\":\"https:\\\/\\\/storage.googleapis.com\\\/cz-shopatoa-img\\\/cz\\\/ebccf434-shopatoa_logo.png\",\"width\":416,\"height\":63,\"caption\":\"SHOPATOA Digital s.r.o.\"},\"image\":{\"@id\":\"https:\\\/\\\/shopatoa.com\\\/cz\\\/#\\\/schema\\\/logo\\\/image\\\/\"}}]}<\/script>\n<!-- \/ Yoast SEO plugin. -->","yoast_head_json":{"title":"TETRA Test Nitrat NO3 10ml - SHOPATOA.COM","robots":{"index":"index","follow":"follow","max-snippet":"max-snippet:-1","max-image-preview":"max-image-preview:large","max-video-preview":"max-video-preview:-1"},"canonical":"https:\/\/shopatoa.com\/cz\/tetra-test-nitrat-no3-10ml\/","og_locale":"cs_CZ","og_type":"article","og_title":"TETRA Test Nitrat NO3 10ml - SHOPATOA.COM","og_description":"Testovac\u00ed souprava pro p\u0159esn\u00e9 m\u011b\u0159en\u00ed dusi\u010dnan\u016f ve sladk\u00e9 a mo\u0159sk\u00e9 vod\u011b. Tento test umo\u017e\u0148uje bezpe\u010dn\u00e9 ur\u010den\u00ed zne\u010di\u0161t\u011bn\u00ed akvarijn\u00ed vody. Nam\u011b\u0159en\u00e1 hodnota nitr\u00e1t\u016f ud\u00e1v\u00e1, jak\u00e9 mno\u017estv\u00ed vody je pot\u0159eba vym\u011bnit. Organick\u00e9 l\u00e1tky obsahuj\u00edc\u00ed dus\u00edk, jako nap\u0159\u00edklad ryb\u00ed v\u00fdkaly, zbytky krmiva nebo hnij\u00edc\u00ed rostliny se nach\u00e1zej\u00ed v r\u016fzn\u00fdch f\u00e1z\u00edch rozkladu d\u00edky mikroorganism\u016fm. \u010cpavek se m\u011bn\u00ed v nitrity...","og_url":"https:\/\/shopatoa.com\/cz\/tetra-test-nitrat-no3-10ml\/","og_site_name":"SHOPATOA","article_modified_time":"2026-02-04T05:03:42+00:00","og_image":[{"width":600,"height":600,"url":"https:\/\/storage.googleapis.com\/cz-shopatoa-img\/cz\/d2b079bd-1_27721.jpg","type":"image\/jpeg"}],"twitter_card":"summary_large_image","twitter_misc":{"Odhadovan\u00e1 doba \u010dten\u00ed":"1 minuta"},"schema":{"@context":"https:\/\/schema.org","@graph":[{"@type":"WebPage","@id":"https:\/\/shopatoa.com\/cz\/tetra-test-nitrat-no3-10ml\/","url":"https:\/\/shopatoa.com\/cz\/tetra-test-nitrat-no3-10ml\/","name":"TETRA Test Nitrat NO3 10ml - SHOPATOA.COM","isPartOf":{"@id":"https:\/\/shopatoa.com\/cz\/#website"},"primaryImageOfPage":{"@id":"https:\/\/shopatoa.com\/cz\/tetra-test-nitrat-no3-10ml\/#primaryimage"},"image":{"@id":"https:\/\/shopatoa.com\/cz\/tetra-test-nitrat-no3-10ml\/#primaryimage"},"thumbnailUrl":"https:\/\/storage.googleapis.com\/cz-shopatoa-img\/cz\/d2b079bd-1_27721.jpg","datePublished":"2025-04-01T14:24:22+00:00","dateModified":"2026-02-04T05:03:42+00:00","breadcrumb":{"@id":"https:\/\/shopatoa.com\/cz\/tetra-test-nitrat-no3-10ml\/#breadcrumb"},"inLanguage":"cs","potentialAction":[{"@type":"ReadAction","target":["https:\/\/shopatoa.com\/cz\/tetra-test-nitrat-no3-10ml\/"]}]},{"@type":"ImageObject","inLanguage":"cs","@id":"https:\/\/shopatoa.com\/cz\/tetra-test-nitrat-no3-10ml\/#primaryimage","url":"https:\/\/storage.googleapis.com\/cz-shopatoa-img\/cz\/d2b079bd-1_27721.jpg","contentUrl":"https:\/\/storage.googleapis.com\/cz-shopatoa-img\/cz\/d2b079bd-1_27721.jpg","width":600,"height":600},{"@type":"BreadcrumbList","@id":"https:\/\/shopatoa.com\/cz\/tetra-test-nitrat-no3-10ml\/#breadcrumb","itemListElement":[{"@type":"ListItem","position":1,"name":"Dom\u016f","item":"https:\/\/shopatoa.com\/cz\/"},{"@type":"ListItem","position":2,"name":"Produkty","item":"https:\/\/shopatoa.com\/cz\/shop\/"},{"@type":"ListItem","position":3,"name":"Chovatelsk\u00e9 pot\u0159eby","item":"https:\/\/shopatoa.com\/cz\/chovatelske-potreby-2\/"},{"@type":"ListItem","position":4,"name":"Akvaristika","item":"https:\/\/shopatoa.com\/cz\/akvaristika\/"},{"@type":"ListItem","position":5,"name":"P\u00e9\u010de a \u00fadr\u017eba akv\u00e1ria","item":"https:\/\/shopatoa.com\/cz\/pece-a-udrzba-akvaria\/"},{"@type":"ListItem","position":6,"name":"\u00daprava akvarijn\u00ed vody a testy","item":"https:\/\/shopatoa.com\/cz\/uprava-akvarijni-vody-a-testy\/"},{"@type":"ListItem","position":7,"name":"TETRA Test Nitrat NO3 10ml"}]},{"@type":"WebSite","@id":"https:\/\/shopatoa.com\/cz\/#website","url":"https:\/\/shopatoa.com\/cz\/","name":"SHOPATOA","description":"","publisher":{"@id":"https:\/\/shopatoa.com\/cz\/#organization"},"potentialAction":[{"@type":"SearchAction","target":{"@type":"EntryPoint","urlTemplate":"https:\/\/shopatoa.com\/cz\/?s={search_term_string}"},"query-input":{"@type":"PropertyValueSpecification","valueRequired":true,"valueName":"search_term_string"}}],"inLanguage":"cs"},{"@type":"Organization","@id":"https:\/\/shopatoa.com\/cz\/#organization","name":"SHOPATOA Digital s.r.o.","url":"https:\/\/shopatoa.com\/cz\/","logo":{"@type":"ImageObject","inLanguage":"cs","@id":"https:\/\/shopatoa.com\/cz\/#\/schema\/logo\/image\/","url":"https:\/\/storage.googleapis.com\/cz-shopatoa-img\/cz\/ebccf434-shopatoa_logo.png","contentUrl":"https:\/\/storage.googleapis.com\/cz-shopatoa-img\/cz\/ebccf434-shopatoa_logo.png","width":416,"height":63,"caption":"SHOPATOA Digital s.r.o."},"image":{"@id":"https:\/\/shopatoa.com\/cz\/#\/schema\/logo\/image\/"}}]}},"_links":{"self":[{"href":"https:\/\/shopatoa.com\/cz\/wp-json\/wp\/v2\/product\/242257","targetHints":{"allow":["GET"]}}],"collection":[{"href":"https:\/\/shopatoa.com\/cz\/wp-json\/wp\/v2\/product"}],"about":[{"href":"https:\/\/shopatoa.com\/cz\/wp-json\/wp\/v2\/types\/product"}],"replies":[{"embeddable":true,"href":"https:\/\/shopatoa.com\/cz\/wp-json\/wp\/v2\/comments?post=242257"}],"wp:featuredmedia":[{"embeddable":true,"href":"https:\/\/shopatoa.com\/cz\/wp-json\/wp\/v2\/media\/242258"}],"wp:attachment":[{"href":"https:\/\/shopatoa.com\/cz\/wp-json\/wp\/v2\/media?parent=242257"}],"wp:term":[{"taxonomy":"product_brand","embeddable":true,"href":"https:\/\/shopatoa.com\/cz\/wp-json\/wp\/v2\/product_brand?post=242257"},{"taxonomy":"product_cat","embeddable":true,"href":"https:\/\/shopatoa.com\/cz\/wp-json\/wp\/v2\/product_cat?post=242257"},{"taxonomy":"product_tag","embeddable":true,"href":"https:\/\/shopatoa.com\/cz\/wp-json\/wp\/v2\/product_tag?post=242257"}],"curies":[{"name":"wp","href":"https:\/\/api.w.org\/{rel}","templated":true}]}}