{"id":242269,"date":"2025-04-01T16:24:53","date_gmt":"2025-04-01T14:24:53","guid":{"rendered":"https:\/\/shopatoa.com\/cz\/?post_type=product&#038;p=242269"},"modified":"2026-02-04T06:02:57","modified_gmt":"2026-02-04T05:02:57","slug":"tetra-pond-wheatgerm-sticks-1l","status":"publish","type":"product","link":"https:\/\/shopatoa.com\/cz\/tetra-pond-wheatgerm-sticks-1l\/","title":{"rendered":"TETRA Pond Wheatgerm Sticks 1l"},"content":{"rendered":"<p>Krmivo ve form\u011b plovouc\u00edch ty\u010dinek bylo specieln\u011b vyvinuto pro zdravou a vyv\u00e1\u017eenou v\u00fd\u017eivu bazenov\u00fdch ryb v obdob\u00ed ni\u017e\u0161\u00edch teplot na ja\u0159e a na podzim.Kompletn\u00ed krmivo pro rybni\u010dn\u00ed ryby.<\/p>\n<p>\tide\u00e1ln\u00ed pro krmen\u00ed p\u0159i teplot\u00e1ch ni\u017e\u0161\u00edch ne\u017e 10\u00b0C<br \/>\n\tlehce straviteln\u00e1 potrava, d\u00edky velk\u00e9mu mno\u017estv\u00ed p\u0161eni\u010dn\u00fdch kl\u00ed\u010dk\u016f<br \/>\n\tbohat\u00e9 na b\u00edlkoviny, kter\u00e9 sni\u017euje \u010dinnost metabolismu baz\u00e9nov\u00fdch ryb b\u011bhem chladn\u011bj\u0161\u00edch m\u011bs\u00edc\u016f<br \/>\n\toptim\u00e1ln\u00ed p\u0159\u00edprava na obdob\u00ed p\u0159ezimov\u00e1n\u00ed (hibernaci)<br \/>\n\trychle p\u0159ipravuje ryby na dal\u0161\u00ed hibernaci<br \/>\n\tvhodn\u00e9 tak\u00e9 pro Koi kapry a ostatn\u00ed n\u00e1ro\u010dn\u011bj\u0161\u00ed ryby<br \/>\n\tv ochrann\u00e9m, znovuuzav\u00edrateln\u00e9m balen\u00ed proti vlivu slune\u010dn\u00edho z\u00e1\u0159en\u00ed, vzduchu a ne\u010distot, t\u00edm je zabr\u00e1n\u011bno znehodnocen\u00ed d\u016fle\u017eit\u00fdch l\u00e1tek.<\/p>\n<p>Krmivo je st\u00e1le \u010derstv\u00e9 a va\u0161e ryby tak dostanou to nejlep\u0161\u00ed.<\/p>\n<p>Krmn\u00fd n\u00e1vod: krmte 2-3 x denn\u011b jen tolik kolik ryby spot\u0159ebuj\u00ed b\u011bhem n\u011bkolika minut.<\/p>\n<p>Slo\u017een\u00ed: obiloviny, vedlej\u0161\u00ed v\u00fdrobky rostlinn\u00e9ho p\u016fvodu, b\u00edlkovinn\u00e9 extrakty rostlinn\u00e9ho p\u016fvodu, kvasnice, \u0159asy, zelenina, miner\u00e1ln\u00ed&#8230;<\/p>\n","protected":false},"excerpt":{"rendered":"<p>Krmivo ve form\u011b plovouc\u00edch ty\u010dinek bylo specieln\u011b vyvinuto pro zdravou a vyv\u00e1\u017eenou v\u00fd\u017eivu bazenov\u00fdch ryb v obdob\u00ed ni\u017e\u0161\u00edch teplot na ja\u0159e a na podzim.Kompletn\u00ed krmivo pro rybni\u010dn\u00ed ryby. ide\u00e1ln\u00ed pro krmen\u00ed p\u0159i teplot\u00e1ch ni\u017e\u0161\u00edch ne\u017e 10\u00b0C lehce straviteln\u00e1 potrava, d\u00edky velk\u00e9mu mno\u017estv\u00ed p\u0161eni\u010dn\u00fdch kl\u00ed\u010dk\u016f bohat\u00e9 na b\u00edlkoviny, kter\u00e9 sni\u017euje \u010dinnost metabolismu baz\u00e9nov\u00fdch ryb b\u011bhem chladn\u011bj\u0161\u00edch&#8230;<\/p>\n","protected":false},"featured_media":242270,"comment_status":"closed","ping_status":"open","template":"","meta":{"_acf_changed":false,"_kadence_starter_templates_imported_post":false,"_kad_post_transparent":"","_kad_post_title":"","_kad_post_layout":"","_kad_post_sidebar_id":"","_kad_post_content_style":"","_kad_post_vertical_padding":"","_kad_post_feature":"","_kad_post_feature_position":"","_kad_post_header":false,"_kad_post_footer":false,"_kad_post_classname":""},"product_brand":[2614],"product_cat":[2510,436,2616],"product_tag":[],"class_list":{"0":"post-242269","1":"product","2":"type-product","3":"status-publish","4":"has-post-thumbnail","6":"product_brand-tetra","7":"product_cat-akvaristika","8":"product_cat-chovatelske-potreby-2","9":"product_cat-krmivo-pro-ryby","10":"pa_obchod-superzoo-cz","12":"first","13":"instock","14":"product-type-external","15":"entry","16":"content-bg","17":"loop-entry"},"acf":[],"yoast_head":"<!-- This site is optimized with the Yoast SEO plugin v27.4 - https:\/\/yoast.com\/product\/yoast-seo-wordpress\/ -->\n<title>TETRA Pond Wheatgerm Sticks 1l - SHOPATOA.COM<\/title>\n<meta name=\"robots\" content=\"index, follow, max-snippet:-1, max-image-preview:large, max-video-preview:-1\" \/>\n<link rel=\"canonical\" href=\"https:\/\/shopatoa.com\/cz\/tetra-pond-wheatgerm-sticks-1l\/\" \/>\n<meta property=\"og:locale\" content=\"cs_CZ\" \/>\n<meta property=\"og:type\" content=\"article\" \/>\n<meta property=\"og:title\" content=\"TETRA Pond Wheatgerm Sticks 1l - SHOPATOA.COM\" \/>\n<meta property=\"og:description\" content=\"Krmivo ve form\u011b plovouc\u00edch ty\u010dinek bylo specieln\u011b vyvinuto pro zdravou a vyv\u00e1\u017eenou v\u00fd\u017eivu bazenov\u00fdch ryb v obdob\u00ed ni\u017e\u0161\u00edch teplot na ja\u0159e a na podzim.Kompletn\u00ed krmivo pro rybni\u010dn\u00ed ryby. ide\u00e1ln\u00ed pro krmen\u00ed p\u0159i teplot\u00e1ch ni\u017e\u0161\u00edch ne\u017e 10\u00b0C lehce straviteln\u00e1 potrava, d\u00edky velk\u00e9mu mno\u017estv\u00ed p\u0161eni\u010dn\u00fdch kl\u00ed\u010dk\u016f bohat\u00e9 na b\u00edlkoviny, kter\u00e9 sni\u017euje \u010dinnost metabolismu baz\u00e9nov\u00fdch ryb b\u011bhem chladn\u011bj\u0161\u00edch...\" \/>\n<meta property=\"og:url\" content=\"https:\/\/shopatoa.com\/cz\/tetra-pond-wheatgerm-sticks-1l\/\" \/>\n<meta property=\"og:site_name\" content=\"SHOPATOA\" \/>\n<meta property=\"article:modified_time\" content=\"2026-02-04T05:02:57+00:00\" \/>\n<meta property=\"og:image\" content=\"https:\/\/storage.googleapis.com\/cz-shopatoa-img\/cz\/375393f8-1_27292.jpg\" \/>\n\t<meta property=\"og:image:width\" content=\"600\" \/>\n\t<meta property=\"og:image:height\" content=\"600\" \/>\n\t<meta property=\"og:image:type\" content=\"image\/jpeg\" \/>\n<meta name=\"twitter:card\" content=\"summary_large_image\" \/>\n<meta name=\"twitter:label1\" content=\"Odhadovan\u00e1 doba \u010dten\u00ed\" \/>\n\t<meta name=\"twitter:data1\" content=\"1 minuta\" \/>\n<script type=\"application\/ld+json\" class=\"yoast-schema-graph\">{\"@context\":\"https:\\\/\\\/schema.org\",\"@graph\":[{\"@type\":\"WebPage\",\"@id\":\"https:\\\/\\\/shopatoa.com\\\/cz\\\/tetra-pond-wheatgerm-sticks-1l\\\/\",\"url\":\"https:\\\/\\\/shopatoa.com\\\/cz\\\/tetra-pond-wheatgerm-sticks-1l\\\/\",\"name\":\"TETRA Pond Wheatgerm Sticks 1l - SHOPATOA.COM\",\"isPartOf\":{\"@id\":\"https:\\\/\\\/shopatoa.com\\\/cz\\\/#website\"},\"primaryImageOfPage\":{\"@id\":\"https:\\\/\\\/shopatoa.com\\\/cz\\\/tetra-pond-wheatgerm-sticks-1l\\\/#primaryimage\"},\"image\":{\"@id\":\"https:\\\/\\\/shopatoa.com\\\/cz\\\/tetra-pond-wheatgerm-sticks-1l\\\/#primaryimage\"},\"thumbnailUrl\":\"https:\\\/\\\/storage.googleapis.com\\\/cz-shopatoa-img\\\/cz\\\/375393f8-1_27292.jpg\",\"datePublished\":\"2025-04-01T14:24:53+00:00\",\"dateModified\":\"2026-02-04T05:02:57+00:00\",\"breadcrumb\":{\"@id\":\"https:\\\/\\\/shopatoa.com\\\/cz\\\/tetra-pond-wheatgerm-sticks-1l\\\/#breadcrumb\"},\"inLanguage\":\"cs\",\"potentialAction\":[{\"@type\":\"ReadAction\",\"target\":[\"https:\\\/\\\/shopatoa.com\\\/cz\\\/tetra-pond-wheatgerm-sticks-1l\\\/\"]}]},{\"@type\":\"ImageObject\",\"inLanguage\":\"cs\",\"@id\":\"https:\\\/\\\/shopatoa.com\\\/cz\\\/tetra-pond-wheatgerm-sticks-1l\\\/#primaryimage\",\"url\":\"https:\\\/\\\/storage.googleapis.com\\\/cz-shopatoa-img\\\/cz\\\/375393f8-1_27292.jpg\",\"contentUrl\":\"https:\\\/\\\/storage.googleapis.com\\\/cz-shopatoa-img\\\/cz\\\/375393f8-1_27292.jpg\",\"width\":600,\"height\":600},{\"@type\":\"BreadcrumbList\",\"@id\":\"https:\\\/\\\/shopatoa.com\\\/cz\\\/tetra-pond-wheatgerm-sticks-1l\\\/#breadcrumb\",\"itemListElement\":[{\"@type\":\"ListItem\",\"position\":1,\"name\":\"Dom\u016f\",\"item\":\"https:\\\/\\\/shopatoa.com\\\/cz\\\/\"},{\"@type\":\"ListItem\",\"position\":2,\"name\":\"Produkty\",\"item\":\"https:\\\/\\\/shopatoa.com\\\/cz\\\/shop\\\/\"},{\"@type\":\"ListItem\",\"position\":3,\"name\":\"Chovatelsk\u00e9 pot\u0159eby\",\"item\":\"https:\\\/\\\/shopatoa.com\\\/cz\\\/chovatelske-potreby-2\\\/\"},{\"@type\":\"ListItem\",\"position\":4,\"name\":\"Akvaristika\",\"item\":\"https:\\\/\\\/shopatoa.com\\\/cz\\\/akvaristika\\\/\"},{\"@type\":\"ListItem\",\"position\":5,\"name\":\"Krmivo pro ryby\",\"item\":\"https:\\\/\\\/shopatoa.com\\\/cz\\\/krmivo-pro-ryby\\\/\"},{\"@type\":\"ListItem\",\"position\":6,\"name\":\"TETRA Pond Wheatgerm Sticks 1l\"}]},{\"@type\":\"WebSite\",\"@id\":\"https:\\\/\\\/shopatoa.com\\\/cz\\\/#website\",\"url\":\"https:\\\/\\\/shopatoa.com\\\/cz\\\/\",\"name\":\"SHOPATOA\",\"description\":\"\",\"publisher\":{\"@id\":\"https:\\\/\\\/shopatoa.com\\\/cz\\\/#organization\"},\"potentialAction\":[{\"@type\":\"SearchAction\",\"target\":{\"@type\":\"EntryPoint\",\"urlTemplate\":\"https:\\\/\\\/shopatoa.com\\\/cz\\\/?s={search_term_string}\"},\"query-input\":{\"@type\":\"PropertyValueSpecification\",\"valueRequired\":true,\"valueName\":\"search_term_string\"}}],\"inLanguage\":\"cs\"},{\"@type\":\"Organization\",\"@id\":\"https:\\\/\\\/shopatoa.com\\\/cz\\\/#organization\",\"name\":\"SHOPATOA Digital s.r.o.\",\"url\":\"https:\\\/\\\/shopatoa.com\\\/cz\\\/\",\"logo\":{\"@type\":\"ImageObject\",\"inLanguage\":\"cs\",\"@id\":\"https:\\\/\\\/shopatoa.com\\\/cz\\\/#\\\/schema\\\/logo\\\/image\\\/\",\"url\":\"https:\\\/\\\/storage.googleapis.com\\\/cz-shopatoa-img\\\/cz\\\/ebccf434-shopatoa_logo.png\",\"contentUrl\":\"https:\\\/\\\/storage.googleapis.com\\\/cz-shopatoa-img\\\/cz\\\/ebccf434-shopatoa_logo.png\",\"width\":416,\"height\":63,\"caption\":\"SHOPATOA Digital s.r.o.\"},\"image\":{\"@id\":\"https:\\\/\\\/shopatoa.com\\\/cz\\\/#\\\/schema\\\/logo\\\/image\\\/\"}}]}<\/script>\n<!-- \/ Yoast SEO plugin. -->","yoast_head_json":{"title":"TETRA Pond Wheatgerm Sticks 1l - SHOPATOA.COM","robots":{"index":"index","follow":"follow","max-snippet":"max-snippet:-1","max-image-preview":"max-image-preview:large","max-video-preview":"max-video-preview:-1"},"canonical":"https:\/\/shopatoa.com\/cz\/tetra-pond-wheatgerm-sticks-1l\/","og_locale":"cs_CZ","og_type":"article","og_title":"TETRA Pond Wheatgerm Sticks 1l - SHOPATOA.COM","og_description":"Krmivo ve form\u011b plovouc\u00edch ty\u010dinek bylo specieln\u011b vyvinuto pro zdravou a vyv\u00e1\u017eenou v\u00fd\u017eivu bazenov\u00fdch ryb v obdob\u00ed ni\u017e\u0161\u00edch teplot na ja\u0159e a na podzim.Kompletn\u00ed krmivo pro rybni\u010dn\u00ed ryby. ide\u00e1ln\u00ed pro krmen\u00ed p\u0159i teplot\u00e1ch ni\u017e\u0161\u00edch ne\u017e 10\u00b0C lehce straviteln\u00e1 potrava, d\u00edky velk\u00e9mu mno\u017estv\u00ed p\u0161eni\u010dn\u00fdch kl\u00ed\u010dk\u016f bohat\u00e9 na b\u00edlkoviny, kter\u00e9 sni\u017euje \u010dinnost metabolismu baz\u00e9nov\u00fdch ryb b\u011bhem chladn\u011bj\u0161\u00edch...","og_url":"https:\/\/shopatoa.com\/cz\/tetra-pond-wheatgerm-sticks-1l\/","og_site_name":"SHOPATOA","article_modified_time":"2026-02-04T05:02:57+00:00","og_image":[{"width":600,"height":600,"url":"https:\/\/storage.googleapis.com\/cz-shopatoa-img\/cz\/375393f8-1_27292.jpg","type":"image\/jpeg"}],"twitter_card":"summary_large_image","twitter_misc":{"Odhadovan\u00e1 doba \u010dten\u00ed":"1 minuta"},"schema":{"@context":"https:\/\/schema.org","@graph":[{"@type":"WebPage","@id":"https:\/\/shopatoa.com\/cz\/tetra-pond-wheatgerm-sticks-1l\/","url":"https:\/\/shopatoa.com\/cz\/tetra-pond-wheatgerm-sticks-1l\/","name":"TETRA Pond Wheatgerm Sticks 1l - SHOPATOA.COM","isPartOf":{"@id":"https:\/\/shopatoa.com\/cz\/#website"},"primaryImageOfPage":{"@id":"https:\/\/shopatoa.com\/cz\/tetra-pond-wheatgerm-sticks-1l\/#primaryimage"},"image":{"@id":"https:\/\/shopatoa.com\/cz\/tetra-pond-wheatgerm-sticks-1l\/#primaryimage"},"thumbnailUrl":"https:\/\/storage.googleapis.com\/cz-shopatoa-img\/cz\/375393f8-1_27292.jpg","datePublished":"2025-04-01T14:24:53+00:00","dateModified":"2026-02-04T05:02:57+00:00","breadcrumb":{"@id":"https:\/\/shopatoa.com\/cz\/tetra-pond-wheatgerm-sticks-1l\/#breadcrumb"},"inLanguage":"cs","potentialAction":[{"@type":"ReadAction","target":["https:\/\/shopatoa.com\/cz\/tetra-pond-wheatgerm-sticks-1l\/"]}]},{"@type":"ImageObject","inLanguage":"cs","@id":"https:\/\/shopatoa.com\/cz\/tetra-pond-wheatgerm-sticks-1l\/#primaryimage","url":"https:\/\/storage.googleapis.com\/cz-shopatoa-img\/cz\/375393f8-1_27292.jpg","contentUrl":"https:\/\/storage.googleapis.com\/cz-shopatoa-img\/cz\/375393f8-1_27292.jpg","width":600,"height":600},{"@type":"BreadcrumbList","@id":"https:\/\/shopatoa.com\/cz\/tetra-pond-wheatgerm-sticks-1l\/#breadcrumb","itemListElement":[{"@type":"ListItem","position":1,"name":"Dom\u016f","item":"https:\/\/shopatoa.com\/cz\/"},{"@type":"ListItem","position":2,"name":"Produkty","item":"https:\/\/shopatoa.com\/cz\/shop\/"},{"@type":"ListItem","position":3,"name":"Chovatelsk\u00e9 pot\u0159eby","item":"https:\/\/shopatoa.com\/cz\/chovatelske-potreby-2\/"},{"@type":"ListItem","position":4,"name":"Akvaristika","item":"https:\/\/shopatoa.com\/cz\/akvaristika\/"},{"@type":"ListItem","position":5,"name":"Krmivo pro ryby","item":"https:\/\/shopatoa.com\/cz\/krmivo-pro-ryby\/"},{"@type":"ListItem","position":6,"name":"TETRA Pond Wheatgerm Sticks 1l"}]},{"@type":"WebSite","@id":"https:\/\/shopatoa.com\/cz\/#website","url":"https:\/\/shopatoa.com\/cz\/","name":"SHOPATOA","description":"","publisher":{"@id":"https:\/\/shopatoa.com\/cz\/#organization"},"potentialAction":[{"@type":"SearchAction","target":{"@type":"EntryPoint","urlTemplate":"https:\/\/shopatoa.com\/cz\/?s={search_term_string}"},"query-input":{"@type":"PropertyValueSpecification","valueRequired":true,"valueName":"search_term_string"}}],"inLanguage":"cs"},{"@type":"Organization","@id":"https:\/\/shopatoa.com\/cz\/#organization","name":"SHOPATOA Digital s.r.o.","url":"https:\/\/shopatoa.com\/cz\/","logo":{"@type":"ImageObject","inLanguage":"cs","@id":"https:\/\/shopatoa.com\/cz\/#\/schema\/logo\/image\/","url":"https:\/\/storage.googleapis.com\/cz-shopatoa-img\/cz\/ebccf434-shopatoa_logo.png","contentUrl":"https:\/\/storage.googleapis.com\/cz-shopatoa-img\/cz\/ebccf434-shopatoa_logo.png","width":416,"height":63,"caption":"SHOPATOA Digital s.r.o."},"image":{"@id":"https:\/\/shopatoa.com\/cz\/#\/schema\/logo\/image\/"}}]}},"_links":{"self":[{"href":"https:\/\/shopatoa.com\/cz\/wp-json\/wp\/v2\/product\/242269","targetHints":{"allow":["GET"]}}],"collection":[{"href":"https:\/\/shopatoa.com\/cz\/wp-json\/wp\/v2\/product"}],"about":[{"href":"https:\/\/shopatoa.com\/cz\/wp-json\/wp\/v2\/types\/product"}],"replies":[{"embeddable":true,"href":"https:\/\/shopatoa.com\/cz\/wp-json\/wp\/v2\/comments?post=242269"}],"wp:featuredmedia":[{"embeddable":true,"href":"https:\/\/shopatoa.com\/cz\/wp-json\/wp\/v2\/media\/242270"}],"wp:attachment":[{"href":"https:\/\/shopatoa.com\/cz\/wp-json\/wp\/v2\/media?parent=242269"}],"wp:term":[{"taxonomy":"product_brand","embeddable":true,"href":"https:\/\/shopatoa.com\/cz\/wp-json\/wp\/v2\/product_brand?post=242269"},{"taxonomy":"product_cat","embeddable":true,"href":"https:\/\/shopatoa.com\/cz\/wp-json\/wp\/v2\/product_cat?post=242269"},{"taxonomy":"product_tag","embeddable":true,"href":"https:\/\/shopatoa.com\/cz\/wp-json\/wp\/v2\/product_tag?post=242269"}],"curies":[{"name":"wp","href":"https:\/\/api.w.org\/{rel}","templated":true}]}}