{"id":242283,"date":"2025-04-01T16:25:31","date_gmt":"2025-04-01T14:25:31","guid":{"rendered":"https:\/\/shopatoa.com\/cz\/?post_type=product&#038;p=242283"},"modified":"2026-02-04T05:52:35","modified_gmt":"2026-02-04T04:52:35","slug":"tetra-algu-min-250ml","status":"publish","type":"product","link":"https:\/\/shopatoa.com\/cz\/tetra-algu-min-250ml\/","title":{"rendered":"TETRA Algu Min 250ml"},"content":{"rendered":"<p>\u0160etrn\u00e1 biologick\u00e1 likvidace \u0159as.<\/p>\n<p>Obsahuje humusov\u00e9 l\u00e1tky a dal\u0161\u00ed l\u00e1tky s proti\u0159asov\u00fdm \u00fa\u010dinkem. D\u00edky sv\u00e9mu p\u0159\u00edrodn\u00edmu z\u00e1kladu p\u016fsob\u00ed biologicky \u0161estn\u011b, ale vytrvale proti v\u0161em hojn\u011b se vyskytuj\u00edc\u00edm druh\u016fm \u0159as. Obsahuje vysoce \u00fa\u010dinn\u00e9 l\u00e1tky, jako jsou nap\u0159\u00edklad humusov\u00e9 l\u00e1tky, zp\u016fsobuj\u00edc\u00ed efekt \u010dern\u00e9 vody (tj. omezen\u00ed sv\u011btla a t\u00edm omezen\u00ed r\u016fstu \u0159as).<\/p>\n<p>P\u0159i spr\u00e1vn\u00e9m pou\u017eit\u00ed ne\u0161kod\u00ed ryb\u00e1m, rostlin\u00e1m a mikroorganism\u016fm.<\/p>\n<p>D\u00e1vkov\u00e1n\u00ed: aplikujte 5 ml na 10 l vody. Pokud mo\u017eno, \u0159asy by m\u011bly b\u00fdt odstran\u011bny mechanicky. O\u0161et\u0159en\u00ed je mo\u017eno zopakovat po 3-4 t\u00fddnech v nal\u00e9hav\u00fdch p\u0159\u00edpadech.<\/p>\n","protected":false},"excerpt":{"rendered":"<p>\u0160etrn\u00e1 biologick\u00e1 likvidace \u0159as. Obsahuje humusov\u00e9 l\u00e1tky a dal\u0161\u00ed l\u00e1tky s proti\u0159asov\u00fdm \u00fa\u010dinkem. D\u00edky sv\u00e9mu p\u0159\u00edrodn\u00edmu z\u00e1kladu p\u016fsob\u00ed biologicky \u0161estn\u011b, ale vytrvale proti v\u0161em hojn\u011b se vyskytuj\u00edc\u00edm druh\u016fm \u0159as. Obsahuje vysoce \u00fa\u010dinn\u00e9 l\u00e1tky, jako jsou nap\u0159\u00edklad humusov\u00e9 l\u00e1tky, zp\u016fsobuj\u00edc\u00ed efekt \u010dern\u00e9 vody (tj. omezen\u00ed sv\u011btla a t\u00edm omezen\u00ed r\u016fstu \u0159as). P\u0159i spr\u00e1vn\u00e9m pou\u017eit\u00ed ne\u0161kod\u00ed ryb\u00e1m,&#8230;<\/p>\n","protected":false},"featured_media":242284,"comment_status":"closed","ping_status":"open","template":"","meta":{"_acf_changed":false,"_kadence_starter_templates_imported_post":false,"_kad_post_transparent":"","_kad_post_title":"","_kad_post_layout":"","_kad_post_sidebar_id":"","_kad_post_content_style":"","_kad_post_vertical_padding":"","_kad_post_feature":"","_kad_post_feature_position":"","_kad_post_header":false,"_kad_post_footer":false,"_kad_post_classname":""},"product_brand":[2614],"product_cat":[2510,436,2513,2615],"product_tag":[],"class_list":{"0":"post-242283","1":"product","2":"type-product","3":"status-publish","4":"has-post-thumbnail","6":"product_brand-tetra","7":"product_cat-akvaristika","8":"product_cat-chovatelske-potreby-2","9":"product_cat-pece-a-udrzba-akvaria","10":"product_cat-uprava-akvarijni-vody-a-testy","11":"pa_obchod-superzoo-cz","13":"first","14":"instock","15":"product-type-external","16":"entry","17":"content-bg","18":"loop-entry"},"acf":[],"yoast_head":"<!-- This site is optimized with the Yoast SEO plugin v27.4 - https:\/\/yoast.com\/product\/yoast-seo-wordpress\/ -->\n<title>TETRA Algu Min 250ml - SHOPATOA.COM<\/title>\n<meta name=\"robots\" content=\"index, follow, max-snippet:-1, max-image-preview:large, max-video-preview:-1\" \/>\n<link rel=\"canonical\" href=\"https:\/\/shopatoa.com\/cz\/tetra-algu-min-250ml\/\" \/>\n<meta property=\"og:locale\" content=\"cs_CZ\" \/>\n<meta property=\"og:type\" content=\"article\" \/>\n<meta property=\"og:title\" content=\"TETRA Algu Min 250ml - SHOPATOA.COM\" \/>\n<meta property=\"og:description\" content=\"\u0160etrn\u00e1 biologick\u00e1 likvidace \u0159as. Obsahuje humusov\u00e9 l\u00e1tky a dal\u0161\u00ed l\u00e1tky s proti\u0159asov\u00fdm \u00fa\u010dinkem. D\u00edky sv\u00e9mu p\u0159\u00edrodn\u00edmu z\u00e1kladu p\u016fsob\u00ed biologicky \u0161estn\u011b, ale vytrvale proti v\u0161em hojn\u011b se vyskytuj\u00edc\u00edm druh\u016fm \u0159as. Obsahuje vysoce \u00fa\u010dinn\u00e9 l\u00e1tky, jako jsou nap\u0159\u00edklad humusov\u00e9 l\u00e1tky, zp\u016fsobuj\u00edc\u00ed efekt \u010dern\u00e9 vody (tj. omezen\u00ed sv\u011btla a t\u00edm omezen\u00ed r\u016fstu \u0159as). P\u0159i spr\u00e1vn\u00e9m pou\u017eit\u00ed ne\u0161kod\u00ed ryb\u00e1m,...\" \/>\n<meta property=\"og:url\" content=\"https:\/\/shopatoa.com\/cz\/tetra-algu-min-250ml\/\" \/>\n<meta property=\"og:site_name\" content=\"SHOPATOA\" \/>\n<meta property=\"article:modified_time\" content=\"2026-02-04T04:52:35+00:00\" \/>\n<meta property=\"og:image\" content=\"https:\/\/storage.googleapis.com\/cz-shopatoa-img\/cz\/1c1fc6b2-1_90982.jpg\" \/>\n\t<meta property=\"og:image:width\" content=\"600\" \/>\n\t<meta property=\"og:image:height\" content=\"600\" \/>\n\t<meta property=\"og:image:type\" content=\"image\/jpeg\" \/>\n<meta name=\"twitter:card\" content=\"summary_large_image\" \/>\n<meta name=\"twitter:label1\" content=\"Odhadovan\u00e1 doba \u010dten\u00ed\" \/>\n\t<meta name=\"twitter:data1\" content=\"1 minuta\" \/>\n<script type=\"application\/ld+json\" class=\"yoast-schema-graph\">{\"@context\":\"https:\\\/\\\/schema.org\",\"@graph\":[{\"@type\":\"WebPage\",\"@id\":\"https:\\\/\\\/shopatoa.com\\\/cz\\\/tetra-algu-min-250ml\\\/\",\"url\":\"https:\\\/\\\/shopatoa.com\\\/cz\\\/tetra-algu-min-250ml\\\/\",\"name\":\"TETRA Algu Min 250ml - SHOPATOA.COM\",\"isPartOf\":{\"@id\":\"https:\\\/\\\/shopatoa.com\\\/cz\\\/#website\"},\"primaryImageOfPage\":{\"@id\":\"https:\\\/\\\/shopatoa.com\\\/cz\\\/tetra-algu-min-250ml\\\/#primaryimage\"},\"image\":{\"@id\":\"https:\\\/\\\/shopatoa.com\\\/cz\\\/tetra-algu-min-250ml\\\/#primaryimage\"},\"thumbnailUrl\":\"https:\\\/\\\/storage.googleapis.com\\\/cz-shopatoa-img\\\/cz\\\/1c1fc6b2-1_90982.jpg\",\"datePublished\":\"2025-04-01T14:25:31+00:00\",\"dateModified\":\"2026-02-04T04:52:35+00:00\",\"breadcrumb\":{\"@id\":\"https:\\\/\\\/shopatoa.com\\\/cz\\\/tetra-algu-min-250ml\\\/#breadcrumb\"},\"inLanguage\":\"cs\",\"potentialAction\":[{\"@type\":\"ReadAction\",\"target\":[\"https:\\\/\\\/shopatoa.com\\\/cz\\\/tetra-algu-min-250ml\\\/\"]}]},{\"@type\":\"ImageObject\",\"inLanguage\":\"cs\",\"@id\":\"https:\\\/\\\/shopatoa.com\\\/cz\\\/tetra-algu-min-250ml\\\/#primaryimage\",\"url\":\"https:\\\/\\\/storage.googleapis.com\\\/cz-shopatoa-img\\\/cz\\\/1c1fc6b2-1_90982.jpg\",\"contentUrl\":\"https:\\\/\\\/storage.googleapis.com\\\/cz-shopatoa-img\\\/cz\\\/1c1fc6b2-1_90982.jpg\",\"width\":600,\"height\":600},{\"@type\":\"BreadcrumbList\",\"@id\":\"https:\\\/\\\/shopatoa.com\\\/cz\\\/tetra-algu-min-250ml\\\/#breadcrumb\",\"itemListElement\":[{\"@type\":\"ListItem\",\"position\":1,\"name\":\"Dom\u016f\",\"item\":\"https:\\\/\\\/shopatoa.com\\\/cz\\\/\"},{\"@type\":\"ListItem\",\"position\":2,\"name\":\"Produkty\",\"item\":\"https:\\\/\\\/shopatoa.com\\\/cz\\\/shop\\\/\"},{\"@type\":\"ListItem\",\"position\":3,\"name\":\"Chovatelsk\u00e9 pot\u0159eby\",\"item\":\"https:\\\/\\\/shopatoa.com\\\/cz\\\/chovatelske-potreby-2\\\/\"},{\"@type\":\"ListItem\",\"position\":4,\"name\":\"Akvaristika\",\"item\":\"https:\\\/\\\/shopatoa.com\\\/cz\\\/akvaristika\\\/\"},{\"@type\":\"ListItem\",\"position\":5,\"name\":\"P\u00e9\u010de a \u00fadr\u017eba akv\u00e1ria\",\"item\":\"https:\\\/\\\/shopatoa.com\\\/cz\\\/pece-a-udrzba-akvaria\\\/\"},{\"@type\":\"ListItem\",\"position\":6,\"name\":\"\u00daprava akvarijn\u00ed vody a testy\",\"item\":\"https:\\\/\\\/shopatoa.com\\\/cz\\\/uprava-akvarijni-vody-a-testy\\\/\"},{\"@type\":\"ListItem\",\"position\":7,\"name\":\"TETRA Algu Min 250ml\"}]},{\"@type\":\"WebSite\",\"@id\":\"https:\\\/\\\/shopatoa.com\\\/cz\\\/#website\",\"url\":\"https:\\\/\\\/shopatoa.com\\\/cz\\\/\",\"name\":\"SHOPATOA\",\"description\":\"\",\"publisher\":{\"@id\":\"https:\\\/\\\/shopatoa.com\\\/cz\\\/#organization\"},\"potentialAction\":[{\"@type\":\"SearchAction\",\"target\":{\"@type\":\"EntryPoint\",\"urlTemplate\":\"https:\\\/\\\/shopatoa.com\\\/cz\\\/?s={search_term_string}\"},\"query-input\":{\"@type\":\"PropertyValueSpecification\",\"valueRequired\":true,\"valueName\":\"search_term_string\"}}],\"inLanguage\":\"cs\"},{\"@type\":\"Organization\",\"@id\":\"https:\\\/\\\/shopatoa.com\\\/cz\\\/#organization\",\"name\":\"SHOPATOA Digital s.r.o.\",\"url\":\"https:\\\/\\\/shopatoa.com\\\/cz\\\/\",\"logo\":{\"@type\":\"ImageObject\",\"inLanguage\":\"cs\",\"@id\":\"https:\\\/\\\/shopatoa.com\\\/cz\\\/#\\\/schema\\\/logo\\\/image\\\/\",\"url\":\"https:\\\/\\\/storage.googleapis.com\\\/cz-shopatoa-img\\\/cz\\\/ebccf434-shopatoa_logo.png\",\"contentUrl\":\"https:\\\/\\\/storage.googleapis.com\\\/cz-shopatoa-img\\\/cz\\\/ebccf434-shopatoa_logo.png\",\"width\":416,\"height\":63,\"caption\":\"SHOPATOA Digital s.r.o.\"},\"image\":{\"@id\":\"https:\\\/\\\/shopatoa.com\\\/cz\\\/#\\\/schema\\\/logo\\\/image\\\/\"}}]}<\/script>\n<!-- \/ Yoast SEO plugin. -->","yoast_head_json":{"title":"TETRA Algu Min 250ml - SHOPATOA.COM","robots":{"index":"index","follow":"follow","max-snippet":"max-snippet:-1","max-image-preview":"max-image-preview:large","max-video-preview":"max-video-preview:-1"},"canonical":"https:\/\/shopatoa.com\/cz\/tetra-algu-min-250ml\/","og_locale":"cs_CZ","og_type":"article","og_title":"TETRA Algu Min 250ml - SHOPATOA.COM","og_description":"\u0160etrn\u00e1 biologick\u00e1 likvidace \u0159as. Obsahuje humusov\u00e9 l\u00e1tky a dal\u0161\u00ed l\u00e1tky s proti\u0159asov\u00fdm \u00fa\u010dinkem. D\u00edky sv\u00e9mu p\u0159\u00edrodn\u00edmu z\u00e1kladu p\u016fsob\u00ed biologicky \u0161estn\u011b, ale vytrvale proti v\u0161em hojn\u011b se vyskytuj\u00edc\u00edm druh\u016fm \u0159as. Obsahuje vysoce \u00fa\u010dinn\u00e9 l\u00e1tky, jako jsou nap\u0159\u00edklad humusov\u00e9 l\u00e1tky, zp\u016fsobuj\u00edc\u00ed efekt \u010dern\u00e9 vody (tj. omezen\u00ed sv\u011btla a t\u00edm omezen\u00ed r\u016fstu \u0159as). P\u0159i spr\u00e1vn\u00e9m pou\u017eit\u00ed ne\u0161kod\u00ed ryb\u00e1m,...","og_url":"https:\/\/shopatoa.com\/cz\/tetra-algu-min-250ml\/","og_site_name":"SHOPATOA","article_modified_time":"2026-02-04T04:52:35+00:00","og_image":[{"width":600,"height":600,"url":"https:\/\/storage.googleapis.com\/cz-shopatoa-img\/cz\/1c1fc6b2-1_90982.jpg","type":"image\/jpeg"}],"twitter_card":"summary_large_image","twitter_misc":{"Odhadovan\u00e1 doba \u010dten\u00ed":"1 minuta"},"schema":{"@context":"https:\/\/schema.org","@graph":[{"@type":"WebPage","@id":"https:\/\/shopatoa.com\/cz\/tetra-algu-min-250ml\/","url":"https:\/\/shopatoa.com\/cz\/tetra-algu-min-250ml\/","name":"TETRA Algu Min 250ml - SHOPATOA.COM","isPartOf":{"@id":"https:\/\/shopatoa.com\/cz\/#website"},"primaryImageOfPage":{"@id":"https:\/\/shopatoa.com\/cz\/tetra-algu-min-250ml\/#primaryimage"},"image":{"@id":"https:\/\/shopatoa.com\/cz\/tetra-algu-min-250ml\/#primaryimage"},"thumbnailUrl":"https:\/\/storage.googleapis.com\/cz-shopatoa-img\/cz\/1c1fc6b2-1_90982.jpg","datePublished":"2025-04-01T14:25:31+00:00","dateModified":"2026-02-04T04:52:35+00:00","breadcrumb":{"@id":"https:\/\/shopatoa.com\/cz\/tetra-algu-min-250ml\/#breadcrumb"},"inLanguage":"cs","potentialAction":[{"@type":"ReadAction","target":["https:\/\/shopatoa.com\/cz\/tetra-algu-min-250ml\/"]}]},{"@type":"ImageObject","inLanguage":"cs","@id":"https:\/\/shopatoa.com\/cz\/tetra-algu-min-250ml\/#primaryimage","url":"https:\/\/storage.googleapis.com\/cz-shopatoa-img\/cz\/1c1fc6b2-1_90982.jpg","contentUrl":"https:\/\/storage.googleapis.com\/cz-shopatoa-img\/cz\/1c1fc6b2-1_90982.jpg","width":600,"height":600},{"@type":"BreadcrumbList","@id":"https:\/\/shopatoa.com\/cz\/tetra-algu-min-250ml\/#breadcrumb","itemListElement":[{"@type":"ListItem","position":1,"name":"Dom\u016f","item":"https:\/\/shopatoa.com\/cz\/"},{"@type":"ListItem","position":2,"name":"Produkty","item":"https:\/\/shopatoa.com\/cz\/shop\/"},{"@type":"ListItem","position":3,"name":"Chovatelsk\u00e9 pot\u0159eby","item":"https:\/\/shopatoa.com\/cz\/chovatelske-potreby-2\/"},{"@type":"ListItem","position":4,"name":"Akvaristika","item":"https:\/\/shopatoa.com\/cz\/akvaristika\/"},{"@type":"ListItem","position":5,"name":"P\u00e9\u010de a \u00fadr\u017eba akv\u00e1ria","item":"https:\/\/shopatoa.com\/cz\/pece-a-udrzba-akvaria\/"},{"@type":"ListItem","position":6,"name":"\u00daprava akvarijn\u00ed vody a testy","item":"https:\/\/shopatoa.com\/cz\/uprava-akvarijni-vody-a-testy\/"},{"@type":"ListItem","position":7,"name":"TETRA Algu Min 250ml"}]},{"@type":"WebSite","@id":"https:\/\/shopatoa.com\/cz\/#website","url":"https:\/\/shopatoa.com\/cz\/","name":"SHOPATOA","description":"","publisher":{"@id":"https:\/\/shopatoa.com\/cz\/#organization"},"potentialAction":[{"@type":"SearchAction","target":{"@type":"EntryPoint","urlTemplate":"https:\/\/shopatoa.com\/cz\/?s={search_term_string}"},"query-input":{"@type":"PropertyValueSpecification","valueRequired":true,"valueName":"search_term_string"}}],"inLanguage":"cs"},{"@type":"Organization","@id":"https:\/\/shopatoa.com\/cz\/#organization","name":"SHOPATOA Digital s.r.o.","url":"https:\/\/shopatoa.com\/cz\/","logo":{"@type":"ImageObject","inLanguage":"cs","@id":"https:\/\/shopatoa.com\/cz\/#\/schema\/logo\/image\/","url":"https:\/\/storage.googleapis.com\/cz-shopatoa-img\/cz\/ebccf434-shopatoa_logo.png","contentUrl":"https:\/\/storage.googleapis.com\/cz-shopatoa-img\/cz\/ebccf434-shopatoa_logo.png","width":416,"height":63,"caption":"SHOPATOA Digital s.r.o."},"image":{"@id":"https:\/\/shopatoa.com\/cz\/#\/schema\/logo\/image\/"}}]}},"_links":{"self":[{"href":"https:\/\/shopatoa.com\/cz\/wp-json\/wp\/v2\/product\/242283","targetHints":{"allow":["GET"]}}],"collection":[{"href":"https:\/\/shopatoa.com\/cz\/wp-json\/wp\/v2\/product"}],"about":[{"href":"https:\/\/shopatoa.com\/cz\/wp-json\/wp\/v2\/types\/product"}],"replies":[{"embeddable":true,"href":"https:\/\/shopatoa.com\/cz\/wp-json\/wp\/v2\/comments?post=242283"}],"wp:featuredmedia":[{"embeddable":true,"href":"https:\/\/shopatoa.com\/cz\/wp-json\/wp\/v2\/media\/242284"}],"wp:attachment":[{"href":"https:\/\/shopatoa.com\/cz\/wp-json\/wp\/v2\/media?parent=242283"}],"wp:term":[{"taxonomy":"product_brand","embeddable":true,"href":"https:\/\/shopatoa.com\/cz\/wp-json\/wp\/v2\/product_brand?post=242283"},{"taxonomy":"product_cat","embeddable":true,"href":"https:\/\/shopatoa.com\/cz\/wp-json\/wp\/v2\/product_cat?post=242283"},{"taxonomy":"product_tag","embeddable":true,"href":"https:\/\/shopatoa.com\/cz\/wp-json\/wp\/v2\/product_tag?post=242283"}],"curies":[{"name":"wp","href":"https:\/\/api.w.org\/{rel}","templated":true}]}}