{"id":242299,"date":"2025-04-01T16:26:16","date_gmt":"2025-04-01T14:26:16","guid":{"rendered":"https:\/\/shopatoa.com\/cz\/?post_type=product&#038;p=242299"},"modified":"2025-04-26T01:49:27","modified_gmt":"2025-04-25T23:49:27","slug":"tetra-bactozym-10kapsli","status":"publish","type":"product","link":"https:\/\/shopatoa.com\/cz\/tetra-bactozym-10kapsli\/","title":{"rendered":"TETRA Bactozym 10kapsl\u00ed"},"content":{"rendered":"<p>Enzymkoncentr\u00e1t a aktivn\u00ed bakterie v jednom.<\/p>\n<p>Pe\u010duje o bioaktivn\u00ed \u010d\u00e1stice ve filtru a v cel\u00e9m akv\u00e1riu. Doposud bylo t\u0159eba 3-4 dny po\u010dkat, ne\u017e bylo mo\u017en\u00e9 do nov\u011b z\u0159\u00edzen\u00e9ho akv\u00e1ria vypustit ryby. To je doba pot\u0159ebn\u00e1 k tomu, aby se v akv\u00e1riu vytvo\u0159ili pot\u0159ebn\u00e9 bakterie. P\u0159i pou\u017eit\u00ed Bactozymu to jde bez \u010dek\u00e1n\u00ed, pou\u017e\u00edvejte ho i p\u0159i ka\u017ed\u00e9 v\u00fdm\u011bn\u011b vody nebo filtra\u010dn\u00edch materi\u00e1l\u016f.<\/p>\n<p>D\u00e1vkov\u00e1n\u00ed: aplikujte 1 kapsli na 100 litr\u016f vody.<\/p>\n","protected":false},"excerpt":{"rendered":"<p>Enzymkoncentr\u00e1t a aktivn\u00ed bakterie v jednom. Pe\u010duje o bioaktivn\u00ed \u010d\u00e1stice ve filtru a v cel\u00e9m akv\u00e1riu. Doposud bylo t\u0159eba 3-4 dny po\u010dkat, ne\u017e bylo mo\u017en\u00e9 do nov\u011b z\u0159\u00edzen\u00e9ho akv\u00e1ria vypustit ryby. To je doba pot\u0159ebn\u00e1 k tomu, aby se v akv\u00e1riu vytvo\u0159ili pot\u0159ebn\u00e9 bakterie. P\u0159i pou\u017eit\u00ed Bactozymu to jde bez \u010dek\u00e1n\u00ed, pou\u017e\u00edvejte ho i p\u0159i&#8230;<\/p>\n","protected":false},"featured_media":242300,"comment_status":"closed","ping_status":"open","template":"","meta":{"_acf_changed":false,"_kadence_starter_templates_imported_post":false,"_kad_post_transparent":"","_kad_post_title":"","_kad_post_layout":"","_kad_post_sidebar_id":"","_kad_post_content_style":"","_kad_post_vertical_padding":"","_kad_post_feature":"","_kad_post_feature_position":"","_kad_post_header":false,"_kad_post_footer":false,"_kad_post_classname":""},"product_brand":[2614],"product_cat":[2510,436,2513,2615],"product_tag":[],"class_list":{"0":"post-242299","1":"product","2":"type-product","3":"status-publish","4":"has-post-thumbnail","6":"product_brand-tetra","7":"product_cat-akvaristika","8":"product_cat-chovatelske-potreby-2","9":"product_cat-pece-a-udrzba-akvaria","10":"product_cat-uprava-akvarijni-vody-a-testy","11":"pa_obchod-superzoo-cz","13":"first","14":"instock","15":"product-type-external","16":"entry","17":"content-bg","18":"loop-entry"},"acf":[],"yoast_head":"<!-- This site is optimized with the Yoast SEO plugin v27.4 - https:\/\/yoast.com\/product\/yoast-seo-wordpress\/ -->\n<title>TETRA Bactozym 10kapsl\u00ed - SHOPATOA.COM<\/title>\n<meta name=\"robots\" content=\"index, follow, max-snippet:-1, max-image-preview:large, max-video-preview:-1\" \/>\n<link rel=\"canonical\" href=\"https:\/\/shopatoa.com\/cz\/tetra-bactozym-10kapsli\/\" \/>\n<meta property=\"og:locale\" content=\"cs_CZ\" \/>\n<meta property=\"og:type\" content=\"article\" \/>\n<meta property=\"og:title\" content=\"TETRA Bactozym 10kapsl\u00ed - SHOPATOA.COM\" \/>\n<meta property=\"og:description\" content=\"Enzymkoncentr\u00e1t a aktivn\u00ed bakterie v jednom. Pe\u010duje o bioaktivn\u00ed \u010d\u00e1stice ve filtru a v cel\u00e9m akv\u00e1riu. Doposud bylo t\u0159eba 3-4 dny po\u010dkat, ne\u017e bylo mo\u017en\u00e9 do nov\u011b z\u0159\u00edzen\u00e9ho akv\u00e1ria vypustit ryby. To je doba pot\u0159ebn\u00e1 k tomu, aby se v akv\u00e1riu vytvo\u0159ili pot\u0159ebn\u00e9 bakterie. P\u0159i pou\u017eit\u00ed Bactozymu to jde bez \u010dek\u00e1n\u00ed, pou\u017e\u00edvejte ho i p\u0159i...\" \/>\n<meta property=\"og:url\" content=\"https:\/\/shopatoa.com\/cz\/tetra-bactozym-10kapsli\/\" \/>\n<meta property=\"og:site_name\" content=\"SHOPATOA\" \/>\n<meta property=\"article:modified_time\" content=\"2025-04-25T23:49:27+00:00\" \/>\n<meta property=\"og:image\" content=\"https:\/\/storage.googleapis.com\/cz-shopatoa-img\/cz\/d29a9975-1_26680.jpg\" \/>\n\t<meta property=\"og:image:width\" content=\"600\" \/>\n\t<meta property=\"og:image:height\" content=\"600\" \/>\n\t<meta property=\"og:image:type\" content=\"image\/jpeg\" \/>\n<meta name=\"twitter:card\" content=\"summary_large_image\" \/>\n<script type=\"application\/ld+json\" class=\"yoast-schema-graph\">{\"@context\":\"https:\\\/\\\/schema.org\",\"@graph\":[{\"@type\":\"WebPage\",\"@id\":\"https:\\\/\\\/shopatoa.com\\\/cz\\\/tetra-bactozym-10kapsli\\\/\",\"url\":\"https:\\\/\\\/shopatoa.com\\\/cz\\\/tetra-bactozym-10kapsli\\\/\",\"name\":\"TETRA Bactozym 10kapsl\u00ed - SHOPATOA.COM\",\"isPartOf\":{\"@id\":\"https:\\\/\\\/shopatoa.com\\\/cz\\\/#website\"},\"primaryImageOfPage\":{\"@id\":\"https:\\\/\\\/shopatoa.com\\\/cz\\\/tetra-bactozym-10kapsli\\\/#primaryimage\"},\"image\":{\"@id\":\"https:\\\/\\\/shopatoa.com\\\/cz\\\/tetra-bactozym-10kapsli\\\/#primaryimage\"},\"thumbnailUrl\":\"https:\\\/\\\/storage.googleapis.com\\\/cz-shopatoa-img\\\/cz\\\/d29a9975-1_26680.jpg\",\"datePublished\":\"2025-04-01T14:26:16+00:00\",\"dateModified\":\"2025-04-25T23:49:27+00:00\",\"breadcrumb\":{\"@id\":\"https:\\\/\\\/shopatoa.com\\\/cz\\\/tetra-bactozym-10kapsli\\\/#breadcrumb\"},\"inLanguage\":\"cs\",\"potentialAction\":[{\"@type\":\"ReadAction\",\"target\":[\"https:\\\/\\\/shopatoa.com\\\/cz\\\/tetra-bactozym-10kapsli\\\/\"]}]},{\"@type\":\"ImageObject\",\"inLanguage\":\"cs\",\"@id\":\"https:\\\/\\\/shopatoa.com\\\/cz\\\/tetra-bactozym-10kapsli\\\/#primaryimage\",\"url\":\"https:\\\/\\\/storage.googleapis.com\\\/cz-shopatoa-img\\\/cz\\\/d29a9975-1_26680.jpg\",\"contentUrl\":\"https:\\\/\\\/storage.googleapis.com\\\/cz-shopatoa-img\\\/cz\\\/d29a9975-1_26680.jpg\",\"width\":600,\"height\":600},{\"@type\":\"BreadcrumbList\",\"@id\":\"https:\\\/\\\/shopatoa.com\\\/cz\\\/tetra-bactozym-10kapsli\\\/#breadcrumb\",\"itemListElement\":[{\"@type\":\"ListItem\",\"position\":1,\"name\":\"Dom\u016f\",\"item\":\"https:\\\/\\\/shopatoa.com\\\/cz\\\/\"},{\"@type\":\"ListItem\",\"position\":2,\"name\":\"Produkty\",\"item\":\"https:\\\/\\\/shopatoa.com\\\/cz\\\/shop\\\/\"},{\"@type\":\"ListItem\",\"position\":3,\"name\":\"Chovatelsk\u00e9 pot\u0159eby\",\"item\":\"https:\\\/\\\/shopatoa.com\\\/cz\\\/chovatelske-potreby-2\\\/\"},{\"@type\":\"ListItem\",\"position\":4,\"name\":\"Akvaristika\",\"item\":\"https:\\\/\\\/shopatoa.com\\\/cz\\\/akvaristika\\\/\"},{\"@type\":\"ListItem\",\"position\":5,\"name\":\"P\u00e9\u010de a \u00fadr\u017eba akv\u00e1ria\",\"item\":\"https:\\\/\\\/shopatoa.com\\\/cz\\\/pece-a-udrzba-akvaria\\\/\"},{\"@type\":\"ListItem\",\"position\":6,\"name\":\"\u00daprava akvarijn\u00ed vody a testy\",\"item\":\"https:\\\/\\\/shopatoa.com\\\/cz\\\/uprava-akvarijni-vody-a-testy\\\/\"},{\"@type\":\"ListItem\",\"position\":7,\"name\":\"TETRA Bactozym 10kapsl\u00ed\"}]},{\"@type\":\"WebSite\",\"@id\":\"https:\\\/\\\/shopatoa.com\\\/cz\\\/#website\",\"url\":\"https:\\\/\\\/shopatoa.com\\\/cz\\\/\",\"name\":\"SHOPATOA\",\"description\":\"\",\"publisher\":{\"@id\":\"https:\\\/\\\/shopatoa.com\\\/cz\\\/#organization\"},\"potentialAction\":[{\"@type\":\"SearchAction\",\"target\":{\"@type\":\"EntryPoint\",\"urlTemplate\":\"https:\\\/\\\/shopatoa.com\\\/cz\\\/?s={search_term_string}\"},\"query-input\":{\"@type\":\"PropertyValueSpecification\",\"valueRequired\":true,\"valueName\":\"search_term_string\"}}],\"inLanguage\":\"cs\"},{\"@type\":\"Organization\",\"@id\":\"https:\\\/\\\/shopatoa.com\\\/cz\\\/#organization\",\"name\":\"SHOPATOA Digital s.r.o.\",\"url\":\"https:\\\/\\\/shopatoa.com\\\/cz\\\/\",\"logo\":{\"@type\":\"ImageObject\",\"inLanguage\":\"cs\",\"@id\":\"https:\\\/\\\/shopatoa.com\\\/cz\\\/#\\\/schema\\\/logo\\\/image\\\/\",\"url\":\"https:\\\/\\\/storage.googleapis.com\\\/cz-shopatoa-img\\\/cz\\\/ebccf434-shopatoa_logo.png\",\"contentUrl\":\"https:\\\/\\\/storage.googleapis.com\\\/cz-shopatoa-img\\\/cz\\\/ebccf434-shopatoa_logo.png\",\"width\":416,\"height\":63,\"caption\":\"SHOPATOA Digital s.r.o.\"},\"image\":{\"@id\":\"https:\\\/\\\/shopatoa.com\\\/cz\\\/#\\\/schema\\\/logo\\\/image\\\/\"}}]}<\/script>\n<!-- \/ Yoast SEO plugin. -->","yoast_head_json":{"title":"TETRA Bactozym 10kapsl\u00ed - SHOPATOA.COM","robots":{"index":"index","follow":"follow","max-snippet":"max-snippet:-1","max-image-preview":"max-image-preview:large","max-video-preview":"max-video-preview:-1"},"canonical":"https:\/\/shopatoa.com\/cz\/tetra-bactozym-10kapsli\/","og_locale":"cs_CZ","og_type":"article","og_title":"TETRA Bactozym 10kapsl\u00ed - SHOPATOA.COM","og_description":"Enzymkoncentr\u00e1t a aktivn\u00ed bakterie v jednom. Pe\u010duje o bioaktivn\u00ed \u010d\u00e1stice ve filtru a v cel\u00e9m akv\u00e1riu. Doposud bylo t\u0159eba 3-4 dny po\u010dkat, ne\u017e bylo mo\u017en\u00e9 do nov\u011b z\u0159\u00edzen\u00e9ho akv\u00e1ria vypustit ryby. To je doba pot\u0159ebn\u00e1 k tomu, aby se v akv\u00e1riu vytvo\u0159ili pot\u0159ebn\u00e9 bakterie. P\u0159i pou\u017eit\u00ed Bactozymu to jde bez \u010dek\u00e1n\u00ed, pou\u017e\u00edvejte ho i p\u0159i...","og_url":"https:\/\/shopatoa.com\/cz\/tetra-bactozym-10kapsli\/","og_site_name":"SHOPATOA","article_modified_time":"2025-04-25T23:49:27+00:00","og_image":[{"width":600,"height":600,"url":"https:\/\/storage.googleapis.com\/cz-shopatoa-img\/cz\/d29a9975-1_26680.jpg","type":"image\/jpeg"}],"twitter_card":"summary_large_image","schema":{"@context":"https:\/\/schema.org","@graph":[{"@type":"WebPage","@id":"https:\/\/shopatoa.com\/cz\/tetra-bactozym-10kapsli\/","url":"https:\/\/shopatoa.com\/cz\/tetra-bactozym-10kapsli\/","name":"TETRA Bactozym 10kapsl\u00ed - SHOPATOA.COM","isPartOf":{"@id":"https:\/\/shopatoa.com\/cz\/#website"},"primaryImageOfPage":{"@id":"https:\/\/shopatoa.com\/cz\/tetra-bactozym-10kapsli\/#primaryimage"},"image":{"@id":"https:\/\/shopatoa.com\/cz\/tetra-bactozym-10kapsli\/#primaryimage"},"thumbnailUrl":"https:\/\/storage.googleapis.com\/cz-shopatoa-img\/cz\/d29a9975-1_26680.jpg","datePublished":"2025-04-01T14:26:16+00:00","dateModified":"2025-04-25T23:49:27+00:00","breadcrumb":{"@id":"https:\/\/shopatoa.com\/cz\/tetra-bactozym-10kapsli\/#breadcrumb"},"inLanguage":"cs","potentialAction":[{"@type":"ReadAction","target":["https:\/\/shopatoa.com\/cz\/tetra-bactozym-10kapsli\/"]}]},{"@type":"ImageObject","inLanguage":"cs","@id":"https:\/\/shopatoa.com\/cz\/tetra-bactozym-10kapsli\/#primaryimage","url":"https:\/\/storage.googleapis.com\/cz-shopatoa-img\/cz\/d29a9975-1_26680.jpg","contentUrl":"https:\/\/storage.googleapis.com\/cz-shopatoa-img\/cz\/d29a9975-1_26680.jpg","width":600,"height":600},{"@type":"BreadcrumbList","@id":"https:\/\/shopatoa.com\/cz\/tetra-bactozym-10kapsli\/#breadcrumb","itemListElement":[{"@type":"ListItem","position":1,"name":"Dom\u016f","item":"https:\/\/shopatoa.com\/cz\/"},{"@type":"ListItem","position":2,"name":"Produkty","item":"https:\/\/shopatoa.com\/cz\/shop\/"},{"@type":"ListItem","position":3,"name":"Chovatelsk\u00e9 pot\u0159eby","item":"https:\/\/shopatoa.com\/cz\/chovatelske-potreby-2\/"},{"@type":"ListItem","position":4,"name":"Akvaristika","item":"https:\/\/shopatoa.com\/cz\/akvaristika\/"},{"@type":"ListItem","position":5,"name":"P\u00e9\u010de a \u00fadr\u017eba akv\u00e1ria","item":"https:\/\/shopatoa.com\/cz\/pece-a-udrzba-akvaria\/"},{"@type":"ListItem","position":6,"name":"\u00daprava akvarijn\u00ed vody a testy","item":"https:\/\/shopatoa.com\/cz\/uprava-akvarijni-vody-a-testy\/"},{"@type":"ListItem","position":7,"name":"TETRA Bactozym 10kapsl\u00ed"}]},{"@type":"WebSite","@id":"https:\/\/shopatoa.com\/cz\/#website","url":"https:\/\/shopatoa.com\/cz\/","name":"SHOPATOA","description":"","publisher":{"@id":"https:\/\/shopatoa.com\/cz\/#organization"},"potentialAction":[{"@type":"SearchAction","target":{"@type":"EntryPoint","urlTemplate":"https:\/\/shopatoa.com\/cz\/?s={search_term_string}"},"query-input":{"@type":"PropertyValueSpecification","valueRequired":true,"valueName":"search_term_string"}}],"inLanguage":"cs"},{"@type":"Organization","@id":"https:\/\/shopatoa.com\/cz\/#organization","name":"SHOPATOA Digital s.r.o.","url":"https:\/\/shopatoa.com\/cz\/","logo":{"@type":"ImageObject","inLanguage":"cs","@id":"https:\/\/shopatoa.com\/cz\/#\/schema\/logo\/image\/","url":"https:\/\/storage.googleapis.com\/cz-shopatoa-img\/cz\/ebccf434-shopatoa_logo.png","contentUrl":"https:\/\/storage.googleapis.com\/cz-shopatoa-img\/cz\/ebccf434-shopatoa_logo.png","width":416,"height":63,"caption":"SHOPATOA Digital s.r.o."},"image":{"@id":"https:\/\/shopatoa.com\/cz\/#\/schema\/logo\/image\/"}}]}},"_links":{"self":[{"href":"https:\/\/shopatoa.com\/cz\/wp-json\/wp\/v2\/product\/242299","targetHints":{"allow":["GET"]}}],"collection":[{"href":"https:\/\/shopatoa.com\/cz\/wp-json\/wp\/v2\/product"}],"about":[{"href":"https:\/\/shopatoa.com\/cz\/wp-json\/wp\/v2\/types\/product"}],"replies":[{"embeddable":true,"href":"https:\/\/shopatoa.com\/cz\/wp-json\/wp\/v2\/comments?post=242299"}],"wp:featuredmedia":[{"embeddable":true,"href":"https:\/\/shopatoa.com\/cz\/wp-json\/wp\/v2\/media\/242300"}],"wp:attachment":[{"href":"https:\/\/shopatoa.com\/cz\/wp-json\/wp\/v2\/media?parent=242299"}],"wp:term":[{"taxonomy":"product_brand","embeddable":true,"href":"https:\/\/shopatoa.com\/cz\/wp-json\/wp\/v2\/product_brand?post=242299"},{"taxonomy":"product_cat","embeddable":true,"href":"https:\/\/shopatoa.com\/cz\/wp-json\/wp\/v2\/product_cat?post=242299"},{"taxonomy":"product_tag","embeddable":true,"href":"https:\/\/shopatoa.com\/cz\/wp-json\/wp\/v2\/product_tag?post=242299"}],"curies":[{"name":"wp","href":"https:\/\/api.w.org\/{rel}","templated":true}]}}