{"id":242399,"date":"2025-04-01T16:30:37","date_gmt":"2025-04-01T14:30:37","guid":{"rendered":"https:\/\/shopatoa.com\/cz\/?post_type=product&#038;p=242399"},"modified":"2026-02-04T05:39:56","modified_gmt":"2026-02-04T04:39:56","slug":"multi-vitamin-8in1-tablets-senior-70tablet","status":"publish","type":"product","link":"https:\/\/shopatoa.com\/cz\/multi-vitamin-8in1-tablets-senior-70tablet\/","title":{"rendered":"Multi Vitamin 8in1 Tablets Senior 70tablet"},"content":{"rendered":"<p>Multivitam\u00ednov\u00e9 tablety pro psy &#8211; seniory.<br \/>\nDopl\u0148kov\u00e9 krmivo pro star\u0161\u00ed psy. Speci\u00e1ln\u011b vyvinut\u00e1 formule s vitam\u00edny a miner\u00e1ly.<\/p>\n<p>D\u00e1vkov\u00e1n\u00ed: ps\u016fm o hmotnosti do 4 kg pod\u00e1vejte 1\/2 tablety, ps\u016fm o hmotnosti 4 a\u017e 20 kg 1 tabletu a ps\u016fm o hmotnosti nad 20 kg 2 tablety denn\u011b.<\/p>\n<p>Slo\u017een\u00ed: miner\u00e1ln\u00ed l\u00e1tky, kvasnice, oleje a tuky, deriv\u00e1ty rostlinn\u00e9ho p\u016fvodu, ryby a ryb\u00ed deriv\u00e1ty, ml\u00e9ko a ml\u00e9\u010dn\u00e9 deriv\u00e1ty, cukry.<\/p>\n<p>Jakostn\u00ed znaky: proteiny 23%, vlhkost 8%, tuky 5,5%, hrub\u00e9 popeloviny 23%, vl\u00e1knina 0,5%, vitam\u00edn A 700000 m.j.\/ kg, vitam\u00edn D3 80000 m.j.\/ kg, vitam\u00edn E (alfatokoferol) 1700 mg \/ kg, vitam\u00edn B1 640 mg \/ kg, vitam\u00edn B2 770 mg \/ kg, vitam\u00edn B6 77 mg \/ kg, vitam\u00edn B12 180 m.j.\/ kg, vitam\u00edn C 2600 mg \/ kg, biotin 9000 m.j.\/ kg, amid kyseliny nikotinov\u00e9 9000 mg \/ kg, kyselina listov\u00e1 27 mg \/ kg, kyselina pantotenov\u00e1 420 mg \/ kg, \u017eelezo 2130 mg \/ kg, m\u011b\u010f 50 mg \/ kg, mangan 67 mg \/ kg, zinek 2240 mg \/ kg, kobalt 13mg \/ kg, j\u00f3d 199 mg \/ kg.<\/p>\n","protected":false},"excerpt":{"rendered":"<p>Multivitam\u00ednov\u00e9 tablety pro psy &#8211; seniory. Dopl\u0148kov\u00e9 krmivo pro star\u0161\u00ed psy. Speci\u00e1ln\u011b vyvinut\u00e1 formule s vitam\u00edny a miner\u00e1ly. D\u00e1vkov\u00e1n\u00ed: ps\u016fm o hmotnosti do 4 kg pod\u00e1vejte 1\/2 tablety, ps\u016fm o hmotnosti 4 a\u017e 20 kg 1 tabletu a ps\u016fm o hmotnosti nad 20 kg 2 tablety denn\u011b. Slo\u017een\u00ed: miner\u00e1ln\u00ed l\u00e1tky, kvasnice, oleje a tuky, deriv\u00e1ty&#8230;<\/p>\n","protected":false},"featured_media":242400,"comment_status":"closed","ping_status":"open","template":"","meta":{"_acf_changed":false,"_kadence_starter_templates_imported_post":false,"_kad_post_transparent":"","_kad_post_title":"","_kad_post_layout":"","_kad_post_sidebar_id":"","_kad_post_content_style":"","_kad_post_vertical_padding":"","_kad_post_feature":"","_kad_post_feature_position":"","_kad_post_header":false,"_kad_post_footer":false,"_kad_post_classname":""},"product_brand":[2042],"product_cat":[436,2568,2576,739],"product_tag":[],"class_list":{"0":"post-242399","1":"product","2":"type-product","3":"status-publish","4":"has-post-thumbnail","6":"product_brand-8in1","7":"product_cat-chovatelske-potreby-2","8":"product_cat-krmivo-pro-psy-pro-psy-chovatelske-potreby-2","9":"product_cat-pamlsky-pro-psy","10":"product_cat-pro-psy-chovatelske-potreby-2","11":"pa_obchod-superzoo-cz","13":"first","14":"instock","15":"product-type-external","16":"entry","17":"content-bg","18":"loop-entry"},"acf":[],"yoast_head":"<!-- This site is optimized with the Yoast SEO plugin v27.4 - https:\/\/yoast.com\/product\/yoast-seo-wordpress\/ -->\n<title>Multi Vitamin 8in1 Tablets Senior 70tablet - SHOPATOA.COM<\/title>\n<meta name=\"robots\" content=\"index, follow, max-snippet:-1, max-image-preview:large, max-video-preview:-1\" \/>\n<link rel=\"canonical\" href=\"https:\/\/shopatoa.com\/cz\/multi-vitamin-8in1-tablets-senior-70tablet\/\" \/>\n<meta property=\"og:locale\" content=\"cs_CZ\" \/>\n<meta property=\"og:type\" content=\"article\" \/>\n<meta property=\"og:title\" content=\"Multi Vitamin 8in1 Tablets Senior 70tablet - SHOPATOA.COM\" \/>\n<meta property=\"og:description\" content=\"Multivitam\u00ednov\u00e9 tablety pro psy &#8211; seniory. Dopl\u0148kov\u00e9 krmivo pro star\u0161\u00ed psy. Speci\u00e1ln\u011b vyvinut\u00e1 formule s vitam\u00edny a miner\u00e1ly. D\u00e1vkov\u00e1n\u00ed: ps\u016fm o hmotnosti do 4 kg pod\u00e1vejte 1\/2 tablety, ps\u016fm o hmotnosti 4 a\u017e 20 kg 1 tabletu a ps\u016fm o hmotnosti nad 20 kg 2 tablety denn\u011b. Slo\u017een\u00ed: miner\u00e1ln\u00ed l\u00e1tky, kvasnice, oleje a tuky, deriv\u00e1ty...\" \/>\n<meta property=\"og:url\" content=\"https:\/\/shopatoa.com\/cz\/multi-vitamin-8in1-tablets-senior-70tablet\/\" \/>\n<meta property=\"og:site_name\" content=\"SHOPATOA\" \/>\n<meta property=\"article:modified_time\" content=\"2026-02-04T04:39:56+00:00\" \/>\n<meta property=\"og:image\" content=\"https:\/\/storage.googleapis.com\/cz-shopatoa-img\/cz\/e18e0116-1_26604.jpg\" \/>\n\t<meta property=\"og:image:width\" content=\"600\" \/>\n\t<meta property=\"og:image:height\" content=\"600\" \/>\n\t<meta property=\"og:image:type\" content=\"image\/jpeg\" \/>\n<meta name=\"twitter:card\" content=\"summary_large_image\" \/>\n<meta name=\"twitter:label1\" content=\"Odhadovan\u00e1 doba \u010dten\u00ed\" \/>\n\t<meta name=\"twitter:data1\" content=\"1 minuta\" \/>\n<script type=\"application\/ld+json\" class=\"yoast-schema-graph\">{\"@context\":\"https:\\\/\\\/schema.org\",\"@graph\":[{\"@type\":\"WebPage\",\"@id\":\"https:\\\/\\\/shopatoa.com\\\/cz\\\/multi-vitamin-8in1-tablets-senior-70tablet\\\/\",\"url\":\"https:\\\/\\\/shopatoa.com\\\/cz\\\/multi-vitamin-8in1-tablets-senior-70tablet\\\/\",\"name\":\"Multi Vitamin 8in1 Tablets Senior 70tablet - SHOPATOA.COM\",\"isPartOf\":{\"@id\":\"https:\\\/\\\/shopatoa.com\\\/cz\\\/#website\"},\"primaryImageOfPage\":{\"@id\":\"https:\\\/\\\/shopatoa.com\\\/cz\\\/multi-vitamin-8in1-tablets-senior-70tablet\\\/#primaryimage\"},\"image\":{\"@id\":\"https:\\\/\\\/shopatoa.com\\\/cz\\\/multi-vitamin-8in1-tablets-senior-70tablet\\\/#primaryimage\"},\"thumbnailUrl\":\"https:\\\/\\\/storage.googleapis.com\\\/cz-shopatoa-img\\\/cz\\\/e18e0116-1_26604.jpg\",\"datePublished\":\"2025-04-01T14:30:37+00:00\",\"dateModified\":\"2026-02-04T04:39:56+00:00\",\"breadcrumb\":{\"@id\":\"https:\\\/\\\/shopatoa.com\\\/cz\\\/multi-vitamin-8in1-tablets-senior-70tablet\\\/#breadcrumb\"},\"inLanguage\":\"cs\",\"potentialAction\":[{\"@type\":\"ReadAction\",\"target\":[\"https:\\\/\\\/shopatoa.com\\\/cz\\\/multi-vitamin-8in1-tablets-senior-70tablet\\\/\"]}]},{\"@type\":\"ImageObject\",\"inLanguage\":\"cs\",\"@id\":\"https:\\\/\\\/shopatoa.com\\\/cz\\\/multi-vitamin-8in1-tablets-senior-70tablet\\\/#primaryimage\",\"url\":\"https:\\\/\\\/storage.googleapis.com\\\/cz-shopatoa-img\\\/cz\\\/e18e0116-1_26604.jpg\",\"contentUrl\":\"https:\\\/\\\/storage.googleapis.com\\\/cz-shopatoa-img\\\/cz\\\/e18e0116-1_26604.jpg\",\"width\":600,\"height\":600},{\"@type\":\"BreadcrumbList\",\"@id\":\"https:\\\/\\\/shopatoa.com\\\/cz\\\/multi-vitamin-8in1-tablets-senior-70tablet\\\/#breadcrumb\",\"itemListElement\":[{\"@type\":\"ListItem\",\"position\":1,\"name\":\"Dom\u016f\",\"item\":\"https:\\\/\\\/shopatoa.com\\\/cz\\\/\"},{\"@type\":\"ListItem\",\"position\":2,\"name\":\"Produkty\",\"item\":\"https:\\\/\\\/shopatoa.com\\\/cz\\\/shop\\\/\"},{\"@type\":\"ListItem\",\"position\":3,\"name\":\"Chovatelsk\u00e9 pot\u0159eby\",\"item\":\"https:\\\/\\\/shopatoa.com\\\/cz\\\/chovatelske-potreby-2\\\/\"},{\"@type\":\"ListItem\",\"position\":4,\"name\":\"Pro psy\",\"item\":\"https:\\\/\\\/shopatoa.com\\\/cz\\\/pro-psy-chovatelske-potreby-2\\\/\"},{\"@type\":\"ListItem\",\"position\":5,\"name\":\"Krmivo pro psy\",\"item\":\"https:\\\/\\\/shopatoa.com\\\/cz\\\/krmivo-pro-psy-pro-psy-chovatelske-potreby-2\\\/\"},{\"@type\":\"ListItem\",\"position\":6,\"name\":\"Pamlsky pro psy\",\"item\":\"https:\\\/\\\/shopatoa.com\\\/cz\\\/pamlsky-pro-psy\\\/\"},{\"@type\":\"ListItem\",\"position\":7,\"name\":\"Multi Vitamin 8in1 Tablets Senior 70tablet\"}]},{\"@type\":\"WebSite\",\"@id\":\"https:\\\/\\\/shopatoa.com\\\/cz\\\/#website\",\"url\":\"https:\\\/\\\/shopatoa.com\\\/cz\\\/\",\"name\":\"SHOPATOA\",\"description\":\"\",\"publisher\":{\"@id\":\"https:\\\/\\\/shopatoa.com\\\/cz\\\/#organization\"},\"potentialAction\":[{\"@type\":\"SearchAction\",\"target\":{\"@type\":\"EntryPoint\",\"urlTemplate\":\"https:\\\/\\\/shopatoa.com\\\/cz\\\/?s={search_term_string}\"},\"query-input\":{\"@type\":\"PropertyValueSpecification\",\"valueRequired\":true,\"valueName\":\"search_term_string\"}}],\"inLanguage\":\"cs\"},{\"@type\":\"Organization\",\"@id\":\"https:\\\/\\\/shopatoa.com\\\/cz\\\/#organization\",\"name\":\"SHOPATOA Digital s.r.o.\",\"url\":\"https:\\\/\\\/shopatoa.com\\\/cz\\\/\",\"logo\":{\"@type\":\"ImageObject\",\"inLanguage\":\"cs\",\"@id\":\"https:\\\/\\\/shopatoa.com\\\/cz\\\/#\\\/schema\\\/logo\\\/image\\\/\",\"url\":\"https:\\\/\\\/storage.googleapis.com\\\/cz-shopatoa-img\\\/cz\\\/ebccf434-shopatoa_logo.png\",\"contentUrl\":\"https:\\\/\\\/storage.googleapis.com\\\/cz-shopatoa-img\\\/cz\\\/ebccf434-shopatoa_logo.png\",\"width\":416,\"height\":63,\"caption\":\"SHOPATOA Digital s.r.o.\"},\"image\":{\"@id\":\"https:\\\/\\\/shopatoa.com\\\/cz\\\/#\\\/schema\\\/logo\\\/image\\\/\"}}]}<\/script>\n<!-- \/ Yoast SEO plugin. -->","yoast_head_json":{"title":"Multi Vitamin 8in1 Tablets Senior 70tablet - SHOPATOA.COM","robots":{"index":"index","follow":"follow","max-snippet":"max-snippet:-1","max-image-preview":"max-image-preview:large","max-video-preview":"max-video-preview:-1"},"canonical":"https:\/\/shopatoa.com\/cz\/multi-vitamin-8in1-tablets-senior-70tablet\/","og_locale":"cs_CZ","og_type":"article","og_title":"Multi Vitamin 8in1 Tablets Senior 70tablet - SHOPATOA.COM","og_description":"Multivitam\u00ednov\u00e9 tablety pro psy &#8211; seniory. Dopl\u0148kov\u00e9 krmivo pro star\u0161\u00ed psy. Speci\u00e1ln\u011b vyvinut\u00e1 formule s vitam\u00edny a miner\u00e1ly. D\u00e1vkov\u00e1n\u00ed: ps\u016fm o hmotnosti do 4 kg pod\u00e1vejte 1\/2 tablety, ps\u016fm o hmotnosti 4 a\u017e 20 kg 1 tabletu a ps\u016fm o hmotnosti nad 20 kg 2 tablety denn\u011b. Slo\u017een\u00ed: miner\u00e1ln\u00ed l\u00e1tky, kvasnice, oleje a tuky, deriv\u00e1ty...","og_url":"https:\/\/shopatoa.com\/cz\/multi-vitamin-8in1-tablets-senior-70tablet\/","og_site_name":"SHOPATOA","article_modified_time":"2026-02-04T04:39:56+00:00","og_image":[{"width":600,"height":600,"url":"https:\/\/storage.googleapis.com\/cz-shopatoa-img\/cz\/e18e0116-1_26604.jpg","type":"image\/jpeg"}],"twitter_card":"summary_large_image","twitter_misc":{"Odhadovan\u00e1 doba \u010dten\u00ed":"1 minuta"},"schema":{"@context":"https:\/\/schema.org","@graph":[{"@type":"WebPage","@id":"https:\/\/shopatoa.com\/cz\/multi-vitamin-8in1-tablets-senior-70tablet\/","url":"https:\/\/shopatoa.com\/cz\/multi-vitamin-8in1-tablets-senior-70tablet\/","name":"Multi Vitamin 8in1 Tablets Senior 70tablet - SHOPATOA.COM","isPartOf":{"@id":"https:\/\/shopatoa.com\/cz\/#website"},"primaryImageOfPage":{"@id":"https:\/\/shopatoa.com\/cz\/multi-vitamin-8in1-tablets-senior-70tablet\/#primaryimage"},"image":{"@id":"https:\/\/shopatoa.com\/cz\/multi-vitamin-8in1-tablets-senior-70tablet\/#primaryimage"},"thumbnailUrl":"https:\/\/storage.googleapis.com\/cz-shopatoa-img\/cz\/e18e0116-1_26604.jpg","datePublished":"2025-04-01T14:30:37+00:00","dateModified":"2026-02-04T04:39:56+00:00","breadcrumb":{"@id":"https:\/\/shopatoa.com\/cz\/multi-vitamin-8in1-tablets-senior-70tablet\/#breadcrumb"},"inLanguage":"cs","potentialAction":[{"@type":"ReadAction","target":["https:\/\/shopatoa.com\/cz\/multi-vitamin-8in1-tablets-senior-70tablet\/"]}]},{"@type":"ImageObject","inLanguage":"cs","@id":"https:\/\/shopatoa.com\/cz\/multi-vitamin-8in1-tablets-senior-70tablet\/#primaryimage","url":"https:\/\/storage.googleapis.com\/cz-shopatoa-img\/cz\/e18e0116-1_26604.jpg","contentUrl":"https:\/\/storage.googleapis.com\/cz-shopatoa-img\/cz\/e18e0116-1_26604.jpg","width":600,"height":600},{"@type":"BreadcrumbList","@id":"https:\/\/shopatoa.com\/cz\/multi-vitamin-8in1-tablets-senior-70tablet\/#breadcrumb","itemListElement":[{"@type":"ListItem","position":1,"name":"Dom\u016f","item":"https:\/\/shopatoa.com\/cz\/"},{"@type":"ListItem","position":2,"name":"Produkty","item":"https:\/\/shopatoa.com\/cz\/shop\/"},{"@type":"ListItem","position":3,"name":"Chovatelsk\u00e9 pot\u0159eby","item":"https:\/\/shopatoa.com\/cz\/chovatelske-potreby-2\/"},{"@type":"ListItem","position":4,"name":"Pro psy","item":"https:\/\/shopatoa.com\/cz\/pro-psy-chovatelske-potreby-2\/"},{"@type":"ListItem","position":5,"name":"Krmivo pro psy","item":"https:\/\/shopatoa.com\/cz\/krmivo-pro-psy-pro-psy-chovatelske-potreby-2\/"},{"@type":"ListItem","position":6,"name":"Pamlsky pro psy","item":"https:\/\/shopatoa.com\/cz\/pamlsky-pro-psy\/"},{"@type":"ListItem","position":7,"name":"Multi Vitamin 8in1 Tablets Senior 70tablet"}]},{"@type":"WebSite","@id":"https:\/\/shopatoa.com\/cz\/#website","url":"https:\/\/shopatoa.com\/cz\/","name":"SHOPATOA","description":"","publisher":{"@id":"https:\/\/shopatoa.com\/cz\/#organization"},"potentialAction":[{"@type":"SearchAction","target":{"@type":"EntryPoint","urlTemplate":"https:\/\/shopatoa.com\/cz\/?s={search_term_string}"},"query-input":{"@type":"PropertyValueSpecification","valueRequired":true,"valueName":"search_term_string"}}],"inLanguage":"cs"},{"@type":"Organization","@id":"https:\/\/shopatoa.com\/cz\/#organization","name":"SHOPATOA Digital s.r.o.","url":"https:\/\/shopatoa.com\/cz\/","logo":{"@type":"ImageObject","inLanguage":"cs","@id":"https:\/\/shopatoa.com\/cz\/#\/schema\/logo\/image\/","url":"https:\/\/storage.googleapis.com\/cz-shopatoa-img\/cz\/ebccf434-shopatoa_logo.png","contentUrl":"https:\/\/storage.googleapis.com\/cz-shopatoa-img\/cz\/ebccf434-shopatoa_logo.png","width":416,"height":63,"caption":"SHOPATOA Digital s.r.o."},"image":{"@id":"https:\/\/shopatoa.com\/cz\/#\/schema\/logo\/image\/"}}]}},"_links":{"self":[{"href":"https:\/\/shopatoa.com\/cz\/wp-json\/wp\/v2\/product\/242399","targetHints":{"allow":["GET"]}}],"collection":[{"href":"https:\/\/shopatoa.com\/cz\/wp-json\/wp\/v2\/product"}],"about":[{"href":"https:\/\/shopatoa.com\/cz\/wp-json\/wp\/v2\/types\/product"}],"replies":[{"embeddable":true,"href":"https:\/\/shopatoa.com\/cz\/wp-json\/wp\/v2\/comments?post=242399"}],"wp:featuredmedia":[{"embeddable":true,"href":"https:\/\/shopatoa.com\/cz\/wp-json\/wp\/v2\/media\/242400"}],"wp:attachment":[{"href":"https:\/\/shopatoa.com\/cz\/wp-json\/wp\/v2\/media?parent=242399"}],"wp:term":[{"taxonomy":"product_brand","embeddable":true,"href":"https:\/\/shopatoa.com\/cz\/wp-json\/wp\/v2\/product_brand?post=242399"},{"taxonomy":"product_cat","embeddable":true,"href":"https:\/\/shopatoa.com\/cz\/wp-json\/wp\/v2\/product_cat?post=242399"},{"taxonomy":"product_tag","embeddable":true,"href":"https:\/\/shopatoa.com\/cz\/wp-json\/wp\/v2\/product_tag?post=242399"}],"curies":[{"name":"wp","href":"https:\/\/api.w.org\/{rel}","templated":true}]}}