{"id":242450,"date":"2025-04-01T16:32:37","date_gmt":"2025-04-01T14:32:37","guid":{"rendered":"https:\/\/shopatoa.com\/cz\/?post_type=product&#038;p=242450"},"modified":"2025-04-26T01:44:43","modified_gmt":"2025-04-25T23:44:43","slug":"pastika-animonda-vom-feinsten-forest-jelen-150g","status":"publish","type":"product","link":"https:\/\/shopatoa.com\/cz\/pastika-animonda-vom-feinsten-forest-jelen-150g\/","title":{"rendered":"Pa\u0161tika Animonda Vom Feinsten Forest jelen 150g"},"content":{"rendered":"<p>Pa\u0161tika s\u00a0jelen\u00edm masem. Kompletn\u00ed krmivo pro dosp\u011bl\u00e9 psy mal\u00fdch plemen.<\/p>\n<p>Neobsahuje barviva ani konzerva\u010dn\u00ed l\u00e1tky.<\/p>\n<p>Slo\u017een\u00ed<\/p>\n<p>Maso a \u017eivo\u010di\u0161n\u00e9 vedlej\u0161\u00ed produkty 63 % (vep\u0159ov\u00e9, hov\u011bz\u00ed, dr\u016fbe\u017e\u00ed, 14 % jelen\u00ed), miner\u00e1ln\u00ed l\u00e1tky.<\/p>\n<p>Jakostn\u00ed znaky<\/p>\n<p>Hrub\u00e9 proteiny 10,5%, vlhkost 81%, hrub\u00e9 oleje a tuky 4,5%, hrub\u00e9 popeloviny 2%, hrub\u00e1 vl\u00e1knina 0,4%, vitam\u00edn D3 120 m.j.\/ kg.<\/p>\n","protected":false},"excerpt":{"rendered":"<p>Pa\u0161tika s\u00a0jelen\u00edm masem. Kompletn\u00ed krmivo pro dosp\u011bl\u00e9 psy mal\u00fdch plemen. Neobsahuje barviva ani konzerva\u010dn\u00ed l\u00e1tky. Slo\u017een\u00ed Maso a \u017eivo\u010di\u0161n\u00e9 vedlej\u0161\u00ed produkty 63 % (vep\u0159ov\u00e9, hov\u011bz\u00ed, dr\u016fbe\u017e\u00ed, 14 % jelen\u00ed), miner\u00e1ln\u00ed l\u00e1tky. Jakostn\u00ed znaky Hrub\u00e9 proteiny 10,5%, vlhkost 81%, hrub\u00e9 oleje a tuky 4,5%, hrub\u00e9 popeloviny 2%, hrub\u00e1 vl\u00e1knina 0,4%, vitam\u00edn D3 120 m.j.\/ kg.<\/p>\n","protected":false},"featured_media":242452,"comment_status":"closed","ping_status":"open","template":"","meta":{"_acf_changed":false,"_kadence_starter_templates_imported_post":false,"_kad_post_transparent":"","_kad_post_title":"","_kad_post_layout":"","_kad_post_sidebar_id":"","_kad_post_content_style":"","_kad_post_vertical_padding":"","_kad_post_feature":"","_kad_post_feature_position":"","_kad_post_header":false,"_kad_post_footer":false,"_kad_post_classname":""},"product_brand":[2622],"product_cat":[436,2587,2568,739],"product_tag":[],"class_list":{"0":"post-242450","1":"product","2":"type-product","3":"status-publish","4":"has-post-thumbnail","6":"product_brand-animonda","7":"product_cat-chovatelske-potreby-2","8":"product_cat-kapsicky-pro-psy","9":"product_cat-krmivo-pro-psy-pro-psy-chovatelske-potreby-2","10":"product_cat-pro-psy-chovatelske-potreby-2","11":"pa_obchod-superzoo-cz","13":"first","14":"instock","15":"product-type-external","16":"entry","17":"content-bg","18":"loop-entry"},"acf":[],"yoast_head":"<!-- This site is optimized with the Yoast SEO plugin v27.4 - https:\/\/yoast.com\/product\/yoast-seo-wordpress\/ -->\n<title>Pa\u0161tika Animonda Vom Feinsten Forest jelen 150g - SHOPATOA.COM<\/title>\n<meta name=\"robots\" content=\"index, follow, max-snippet:-1, max-image-preview:large, max-video-preview:-1\" \/>\n<link rel=\"canonical\" href=\"https:\/\/shopatoa.com\/cz\/pastika-animonda-vom-feinsten-forest-jelen-150g\/\" \/>\n<meta property=\"og:locale\" content=\"cs_CZ\" \/>\n<meta property=\"og:type\" content=\"article\" \/>\n<meta property=\"og:title\" content=\"Pa\u0161tika Animonda Vom Feinsten Forest jelen 150g - SHOPATOA.COM\" \/>\n<meta property=\"og:description\" content=\"Pa\u0161tika s\u00a0jelen\u00edm masem. Kompletn\u00ed krmivo pro dosp\u011bl\u00e9 psy mal\u00fdch plemen. Neobsahuje barviva ani konzerva\u010dn\u00ed l\u00e1tky. Slo\u017een\u00ed Maso a \u017eivo\u010di\u0161n\u00e9 vedlej\u0161\u00ed produkty 63 % (vep\u0159ov\u00e9, hov\u011bz\u00ed, dr\u016fbe\u017e\u00ed, 14 % jelen\u00ed), miner\u00e1ln\u00ed l\u00e1tky. Jakostn\u00ed znaky Hrub\u00e9 proteiny 10,5%, vlhkost 81%, hrub\u00e9 oleje a tuky 4,5%, hrub\u00e9 popeloviny 2%, hrub\u00e1 vl\u00e1knina 0,4%, vitam\u00edn D3 120 m.j.\/ kg.\" \/>\n<meta property=\"og:url\" content=\"https:\/\/shopatoa.com\/cz\/pastika-animonda-vom-feinsten-forest-jelen-150g\/\" \/>\n<meta property=\"og:site_name\" content=\"SHOPATOA\" \/>\n<meta property=\"article:modified_time\" content=\"2025-04-25T23:44:43+00:00\" \/>\n<meta property=\"og:image\" content=\"https:\/\/storage.googleapis.com\/cz-shopatoa-img\/cz\/28794752-1_72213.jpg\" \/>\n\t<meta property=\"og:image:width\" content=\"600\" \/>\n\t<meta property=\"og:image:height\" content=\"600\" \/>\n\t<meta property=\"og:image:type\" content=\"image\/jpeg\" \/>\n<meta name=\"twitter:card\" content=\"summary_large_image\" \/>\n<script type=\"application\/ld+json\" class=\"yoast-schema-graph\">{\"@context\":\"https:\\\/\\\/schema.org\",\"@graph\":[{\"@type\":\"WebPage\",\"@id\":\"https:\\\/\\\/shopatoa.com\\\/cz\\\/pastika-animonda-vom-feinsten-forest-jelen-150g\\\/\",\"url\":\"https:\\\/\\\/shopatoa.com\\\/cz\\\/pastika-animonda-vom-feinsten-forest-jelen-150g\\\/\",\"name\":\"Pa\u0161tika Animonda Vom Feinsten Forest jelen 150g - SHOPATOA.COM\",\"isPartOf\":{\"@id\":\"https:\\\/\\\/shopatoa.com\\\/cz\\\/#website\"},\"primaryImageOfPage\":{\"@id\":\"https:\\\/\\\/shopatoa.com\\\/cz\\\/pastika-animonda-vom-feinsten-forest-jelen-150g\\\/#primaryimage\"},\"image\":{\"@id\":\"https:\\\/\\\/shopatoa.com\\\/cz\\\/pastika-animonda-vom-feinsten-forest-jelen-150g\\\/#primaryimage\"},\"thumbnailUrl\":\"https:\\\/\\\/storage.googleapis.com\\\/cz-shopatoa-img\\\/cz\\\/28794752-1_72213.jpg\",\"datePublished\":\"2025-04-01T14:32:37+00:00\",\"dateModified\":\"2025-04-25T23:44:43+00:00\",\"breadcrumb\":{\"@id\":\"https:\\\/\\\/shopatoa.com\\\/cz\\\/pastika-animonda-vom-feinsten-forest-jelen-150g\\\/#breadcrumb\"},\"inLanguage\":\"cs\",\"potentialAction\":[{\"@type\":\"ReadAction\",\"target\":[\"https:\\\/\\\/shopatoa.com\\\/cz\\\/pastika-animonda-vom-feinsten-forest-jelen-150g\\\/\"]}]},{\"@type\":\"ImageObject\",\"inLanguage\":\"cs\",\"@id\":\"https:\\\/\\\/shopatoa.com\\\/cz\\\/pastika-animonda-vom-feinsten-forest-jelen-150g\\\/#primaryimage\",\"url\":\"https:\\\/\\\/storage.googleapis.com\\\/cz-shopatoa-img\\\/cz\\\/28794752-1_72213.jpg\",\"contentUrl\":\"https:\\\/\\\/storage.googleapis.com\\\/cz-shopatoa-img\\\/cz\\\/28794752-1_72213.jpg\",\"width\":600,\"height\":600},{\"@type\":\"BreadcrumbList\",\"@id\":\"https:\\\/\\\/shopatoa.com\\\/cz\\\/pastika-animonda-vom-feinsten-forest-jelen-150g\\\/#breadcrumb\",\"itemListElement\":[{\"@type\":\"ListItem\",\"position\":1,\"name\":\"Dom\u016f\",\"item\":\"https:\\\/\\\/shopatoa.com\\\/cz\\\/\"},{\"@type\":\"ListItem\",\"position\":2,\"name\":\"Produkty\",\"item\":\"https:\\\/\\\/shopatoa.com\\\/cz\\\/shop\\\/\"},{\"@type\":\"ListItem\",\"position\":3,\"name\":\"Chovatelsk\u00e9 pot\u0159eby\",\"item\":\"https:\\\/\\\/shopatoa.com\\\/cz\\\/chovatelske-potreby-2\\\/\"},{\"@type\":\"ListItem\",\"position\":4,\"name\":\"Pro psy\",\"item\":\"https:\\\/\\\/shopatoa.com\\\/cz\\\/pro-psy-chovatelske-potreby-2\\\/\"},{\"@type\":\"ListItem\",\"position\":5,\"name\":\"Krmivo pro psy\",\"item\":\"https:\\\/\\\/shopatoa.com\\\/cz\\\/krmivo-pro-psy-pro-psy-chovatelske-potreby-2\\\/\"},{\"@type\":\"ListItem\",\"position\":6,\"name\":\"Kapsi\u010dky pro psy\",\"item\":\"https:\\\/\\\/shopatoa.com\\\/cz\\\/kapsicky-pro-psy\\\/\"},{\"@type\":\"ListItem\",\"position\":7,\"name\":\"Pa\u0161tika Animonda Vom Feinsten Forest jelen 150g\"}]},{\"@type\":\"WebSite\",\"@id\":\"https:\\\/\\\/shopatoa.com\\\/cz\\\/#website\",\"url\":\"https:\\\/\\\/shopatoa.com\\\/cz\\\/\",\"name\":\"SHOPATOA\",\"description\":\"\",\"publisher\":{\"@id\":\"https:\\\/\\\/shopatoa.com\\\/cz\\\/#organization\"},\"potentialAction\":[{\"@type\":\"SearchAction\",\"target\":{\"@type\":\"EntryPoint\",\"urlTemplate\":\"https:\\\/\\\/shopatoa.com\\\/cz\\\/?s={search_term_string}\"},\"query-input\":{\"@type\":\"PropertyValueSpecification\",\"valueRequired\":true,\"valueName\":\"search_term_string\"}}],\"inLanguage\":\"cs\"},{\"@type\":\"Organization\",\"@id\":\"https:\\\/\\\/shopatoa.com\\\/cz\\\/#organization\",\"name\":\"SHOPATOA Digital s.r.o.\",\"url\":\"https:\\\/\\\/shopatoa.com\\\/cz\\\/\",\"logo\":{\"@type\":\"ImageObject\",\"inLanguage\":\"cs\",\"@id\":\"https:\\\/\\\/shopatoa.com\\\/cz\\\/#\\\/schema\\\/logo\\\/image\\\/\",\"url\":\"https:\\\/\\\/storage.googleapis.com\\\/cz-shopatoa-img\\\/cz\\\/ebccf434-shopatoa_logo.png\",\"contentUrl\":\"https:\\\/\\\/storage.googleapis.com\\\/cz-shopatoa-img\\\/cz\\\/ebccf434-shopatoa_logo.png\",\"width\":416,\"height\":63,\"caption\":\"SHOPATOA Digital s.r.o.\"},\"image\":{\"@id\":\"https:\\\/\\\/shopatoa.com\\\/cz\\\/#\\\/schema\\\/logo\\\/image\\\/\"}}]}<\/script>\n<!-- \/ Yoast SEO plugin. -->","yoast_head_json":{"title":"Pa\u0161tika Animonda Vom Feinsten Forest jelen 150g - SHOPATOA.COM","robots":{"index":"index","follow":"follow","max-snippet":"max-snippet:-1","max-image-preview":"max-image-preview:large","max-video-preview":"max-video-preview:-1"},"canonical":"https:\/\/shopatoa.com\/cz\/pastika-animonda-vom-feinsten-forest-jelen-150g\/","og_locale":"cs_CZ","og_type":"article","og_title":"Pa\u0161tika Animonda Vom Feinsten Forest jelen 150g - SHOPATOA.COM","og_description":"Pa\u0161tika s\u00a0jelen\u00edm masem. Kompletn\u00ed krmivo pro dosp\u011bl\u00e9 psy mal\u00fdch plemen. Neobsahuje barviva ani konzerva\u010dn\u00ed l\u00e1tky. Slo\u017een\u00ed Maso a \u017eivo\u010di\u0161n\u00e9 vedlej\u0161\u00ed produkty 63 % (vep\u0159ov\u00e9, hov\u011bz\u00ed, dr\u016fbe\u017e\u00ed, 14 % jelen\u00ed), miner\u00e1ln\u00ed l\u00e1tky. Jakostn\u00ed znaky Hrub\u00e9 proteiny 10,5%, vlhkost 81%, hrub\u00e9 oleje a tuky 4,5%, hrub\u00e9 popeloviny 2%, hrub\u00e1 vl\u00e1knina 0,4%, vitam\u00edn D3 120 m.j.\/ kg.","og_url":"https:\/\/shopatoa.com\/cz\/pastika-animonda-vom-feinsten-forest-jelen-150g\/","og_site_name":"SHOPATOA","article_modified_time":"2025-04-25T23:44:43+00:00","og_image":[{"width":600,"height":600,"url":"https:\/\/storage.googleapis.com\/cz-shopatoa-img\/cz\/28794752-1_72213.jpg","type":"image\/jpeg"}],"twitter_card":"summary_large_image","schema":{"@context":"https:\/\/schema.org","@graph":[{"@type":"WebPage","@id":"https:\/\/shopatoa.com\/cz\/pastika-animonda-vom-feinsten-forest-jelen-150g\/","url":"https:\/\/shopatoa.com\/cz\/pastika-animonda-vom-feinsten-forest-jelen-150g\/","name":"Pa\u0161tika Animonda Vom Feinsten Forest jelen 150g - SHOPATOA.COM","isPartOf":{"@id":"https:\/\/shopatoa.com\/cz\/#website"},"primaryImageOfPage":{"@id":"https:\/\/shopatoa.com\/cz\/pastika-animonda-vom-feinsten-forest-jelen-150g\/#primaryimage"},"image":{"@id":"https:\/\/shopatoa.com\/cz\/pastika-animonda-vom-feinsten-forest-jelen-150g\/#primaryimage"},"thumbnailUrl":"https:\/\/storage.googleapis.com\/cz-shopatoa-img\/cz\/28794752-1_72213.jpg","datePublished":"2025-04-01T14:32:37+00:00","dateModified":"2025-04-25T23:44:43+00:00","breadcrumb":{"@id":"https:\/\/shopatoa.com\/cz\/pastika-animonda-vom-feinsten-forest-jelen-150g\/#breadcrumb"},"inLanguage":"cs","potentialAction":[{"@type":"ReadAction","target":["https:\/\/shopatoa.com\/cz\/pastika-animonda-vom-feinsten-forest-jelen-150g\/"]}]},{"@type":"ImageObject","inLanguage":"cs","@id":"https:\/\/shopatoa.com\/cz\/pastika-animonda-vom-feinsten-forest-jelen-150g\/#primaryimage","url":"https:\/\/storage.googleapis.com\/cz-shopatoa-img\/cz\/28794752-1_72213.jpg","contentUrl":"https:\/\/storage.googleapis.com\/cz-shopatoa-img\/cz\/28794752-1_72213.jpg","width":600,"height":600},{"@type":"BreadcrumbList","@id":"https:\/\/shopatoa.com\/cz\/pastika-animonda-vom-feinsten-forest-jelen-150g\/#breadcrumb","itemListElement":[{"@type":"ListItem","position":1,"name":"Dom\u016f","item":"https:\/\/shopatoa.com\/cz\/"},{"@type":"ListItem","position":2,"name":"Produkty","item":"https:\/\/shopatoa.com\/cz\/shop\/"},{"@type":"ListItem","position":3,"name":"Chovatelsk\u00e9 pot\u0159eby","item":"https:\/\/shopatoa.com\/cz\/chovatelske-potreby-2\/"},{"@type":"ListItem","position":4,"name":"Pro psy","item":"https:\/\/shopatoa.com\/cz\/pro-psy-chovatelske-potreby-2\/"},{"@type":"ListItem","position":5,"name":"Krmivo pro psy","item":"https:\/\/shopatoa.com\/cz\/krmivo-pro-psy-pro-psy-chovatelske-potreby-2\/"},{"@type":"ListItem","position":6,"name":"Kapsi\u010dky pro psy","item":"https:\/\/shopatoa.com\/cz\/kapsicky-pro-psy\/"},{"@type":"ListItem","position":7,"name":"Pa\u0161tika Animonda Vom Feinsten Forest jelen 150g"}]},{"@type":"WebSite","@id":"https:\/\/shopatoa.com\/cz\/#website","url":"https:\/\/shopatoa.com\/cz\/","name":"SHOPATOA","description":"","publisher":{"@id":"https:\/\/shopatoa.com\/cz\/#organization"},"potentialAction":[{"@type":"SearchAction","target":{"@type":"EntryPoint","urlTemplate":"https:\/\/shopatoa.com\/cz\/?s={search_term_string}"},"query-input":{"@type":"PropertyValueSpecification","valueRequired":true,"valueName":"search_term_string"}}],"inLanguage":"cs"},{"@type":"Organization","@id":"https:\/\/shopatoa.com\/cz\/#organization","name":"SHOPATOA Digital s.r.o.","url":"https:\/\/shopatoa.com\/cz\/","logo":{"@type":"ImageObject","inLanguage":"cs","@id":"https:\/\/shopatoa.com\/cz\/#\/schema\/logo\/image\/","url":"https:\/\/storage.googleapis.com\/cz-shopatoa-img\/cz\/ebccf434-shopatoa_logo.png","contentUrl":"https:\/\/storage.googleapis.com\/cz-shopatoa-img\/cz\/ebccf434-shopatoa_logo.png","width":416,"height":63,"caption":"SHOPATOA Digital s.r.o."},"image":{"@id":"https:\/\/shopatoa.com\/cz\/#\/schema\/logo\/image\/"}}]}},"_links":{"self":[{"href":"https:\/\/shopatoa.com\/cz\/wp-json\/wp\/v2\/product\/242450","targetHints":{"allow":["GET"]}}],"collection":[{"href":"https:\/\/shopatoa.com\/cz\/wp-json\/wp\/v2\/product"}],"about":[{"href":"https:\/\/shopatoa.com\/cz\/wp-json\/wp\/v2\/types\/product"}],"replies":[{"embeddable":true,"href":"https:\/\/shopatoa.com\/cz\/wp-json\/wp\/v2\/comments?post=242450"}],"wp:featuredmedia":[{"embeddable":true,"href":"https:\/\/shopatoa.com\/cz\/wp-json\/wp\/v2\/media\/242452"}],"wp:attachment":[{"href":"https:\/\/shopatoa.com\/cz\/wp-json\/wp\/v2\/media?parent=242450"}],"wp:term":[{"taxonomy":"product_brand","embeddable":true,"href":"https:\/\/shopatoa.com\/cz\/wp-json\/wp\/v2\/product_brand?post=242450"},{"taxonomy":"product_cat","embeddable":true,"href":"https:\/\/shopatoa.com\/cz\/wp-json\/wp\/v2\/product_cat?post=242450"},{"taxonomy":"product_tag","embeddable":true,"href":"https:\/\/shopatoa.com\/cz\/wp-json\/wp\/v2\/product_tag?post=242450"}],"curies":[{"name":"wp","href":"https:\/\/api.w.org\/{rel}","templated":true}]}}