{"id":242521,"date":"2025-04-01T16:35:44","date_gmt":"2025-04-01T14:35:44","guid":{"rendered":"https:\/\/shopatoa.com\/cz\/?post_type=product&#038;p=242521"},"modified":"2026-02-04T05:22:01","modified_gmt":"2026-02-04T04:22:01","slug":"krmitko-juwel-automaticke","status":"publish","type":"product","link":"https:\/\/shopatoa.com\/cz\/krmitko-juwel-automaticke\/","title":{"rendered":"Krm\u00edtko JUWEL automatick\u00e9"},"content":{"rendered":"<p>Programovateln\u00e9, automatick\u00e9 krm\u00edtko pro v\u0161echny typy akv\u00e1ri\u00ed.<\/p>\n<p>&#8211; Pro vlo\u010dky, pelety a tablety.<\/p>\n<p>&#8211; Nastaviteln\u00fd \u010das a mno\u017estv\u00ed krmen\u00ed.<\/p>\n<p>&#8211; Kapacita krmen\u00ed pro cca. 30 dn\u016f (60 krmen\u00ed)<\/p>\n<p>&#8211; Nap\u00e1jen\u00ed: 2 AA 1,5 typ baterie.<\/p>\n<p>K um\u00edst\u011bn\u00ed krm\u00edtka je t\u0159eba pouze vy\u0159\u00edznout otvor do kryc\u00ed klapky akv\u00e1ria, do kter\u00e9ho je pak mo\u017eno nasadit nosnou misku pro krm\u00edtko. Nosn\u00e1 miska je konstruov\u00e1na tak, \u017ee obsahuje malou vyj\u00edmatelnou klapku, kter\u00e1 uzav\u00edr\u00e1 kryc\u00ed otvor, pokud nen\u00ed krm\u00edtko v provozu.\u00a0<\/p>\n<p>Krm\u00edtko napln\u00edte krmen\u00edm, na kter\u00e9 jsou va\u0161e ryby zvykl\u00e9 a nastav\u00edte d\u00e1vkov\u00e1n\u00ed podle n\u00e1vodu. P\u0159ed cestou doporu\u010dujeme alespo\u0148 dva dny m\u00edt krm\u00edtko v provozu a hl\u00eddat spr\u00e1vnost krmen\u00ed.<\/p>\n<p>U mnoha akv\u00e1ri\u00ed JUWEL je tento otvor ji\u017e vyra\u017een a uzav\u0159en v\u00ed\u010dkem.<\/p>\n","protected":false},"excerpt":{"rendered":"<p>Programovateln\u00e9, automatick\u00e9 krm\u00edtko pro v\u0161echny typy akv\u00e1ri\u00ed. &#8211; Pro vlo\u010dky, pelety a tablety. &#8211; Nastaviteln\u00fd \u010das a mno\u017estv\u00ed krmen\u00ed. &#8211; Kapacita krmen\u00ed pro cca. 30 dn\u016f (60 krmen\u00ed) &#8211; Nap\u00e1jen\u00ed: 2 AA 1,5 typ baterie. K um\u00edst\u011bn\u00ed krm\u00edtka je t\u0159eba pouze vy\u0159\u00edznout otvor do kryc\u00ed klapky akv\u00e1ria, do kter\u00e9ho je pak mo\u017eno nasadit nosnou misku&#8230;<\/p>\n","protected":false},"featured_media":242522,"comment_status":"closed","ping_status":"open","template":"","meta":{"_acf_changed":false,"_kadence_starter_templates_imported_post":false,"_kad_post_transparent":"","_kad_post_title":"","_kad_post_layout":"","_kad_post_sidebar_id":"","_kad_post_content_style":"","_kad_post_vertical_padding":"","_kad_post_feature":"","_kad_post_feature_position":"","_kad_post_header":false,"_kad_post_footer":false,"_kad_post_classname":""},"product_brand":[2623],"product_cat":[2523,2511,2510,436],"product_tag":[],"class_list":{"0":"post-242521","1":"product","2":"type-product","3":"status-publish","4":"has-post-thumbnail","6":"product_brand-juwel","7":"product_cat-akvarijni-krmitka","8":"product_cat-akvarijni-technika","9":"product_cat-akvaristika","10":"product_cat-chovatelske-potreby-2","11":"pa_obchod-superzoo-cz","13":"first","14":"instock","15":"product-type-external","16":"entry","17":"content-bg","18":"loop-entry"},"acf":[],"yoast_head":"<!-- This site is optimized with the Yoast SEO plugin v27.4 - https:\/\/yoast.com\/product\/yoast-seo-wordpress\/ -->\n<title>Krm\u00edtko JUWEL automatick\u00e9 - SHOPATOA.COM<\/title>\n<meta name=\"robots\" content=\"index, follow, max-snippet:-1, max-image-preview:large, max-video-preview:-1\" \/>\n<link rel=\"canonical\" href=\"https:\/\/shopatoa.com\/cz\/krmitko-juwel-automaticke\/\" \/>\n<meta property=\"og:locale\" content=\"cs_CZ\" \/>\n<meta property=\"og:type\" content=\"article\" \/>\n<meta property=\"og:title\" content=\"Krm\u00edtko JUWEL automatick\u00e9 - SHOPATOA.COM\" \/>\n<meta property=\"og:description\" content=\"Programovateln\u00e9, automatick\u00e9 krm\u00edtko pro v\u0161echny typy akv\u00e1ri\u00ed. &#8211; Pro vlo\u010dky, pelety a tablety. &#8211; Nastaviteln\u00fd \u010das a mno\u017estv\u00ed krmen\u00ed. &#8211; Kapacita krmen\u00ed pro cca. 30 dn\u016f (60 krmen\u00ed) &#8211; Nap\u00e1jen\u00ed: 2 AA 1,5 typ baterie. K um\u00edst\u011bn\u00ed krm\u00edtka je t\u0159eba pouze vy\u0159\u00edznout otvor do kryc\u00ed klapky akv\u00e1ria, do kter\u00e9ho je pak mo\u017eno nasadit nosnou misku...\" \/>\n<meta property=\"og:url\" content=\"https:\/\/shopatoa.com\/cz\/krmitko-juwel-automaticke\/\" \/>\n<meta property=\"og:site_name\" content=\"SHOPATOA\" \/>\n<meta property=\"article:modified_time\" content=\"2026-02-04T04:22:01+00:00\" \/>\n<meta property=\"og:image\" content=\"https:\/\/storage.googleapis.com\/cz-shopatoa-img\/cz\/21c19464-1_26361.jpg\" \/>\n\t<meta property=\"og:image:width\" content=\"600\" \/>\n\t<meta property=\"og:image:height\" content=\"600\" \/>\n\t<meta property=\"og:image:type\" content=\"image\/jpeg\" \/>\n<meta name=\"twitter:card\" content=\"summary_large_image\" \/>\n<meta name=\"twitter:label1\" content=\"Odhadovan\u00e1 doba \u010dten\u00ed\" \/>\n\t<meta name=\"twitter:data1\" content=\"1 minuta\" \/>\n<script type=\"application\/ld+json\" class=\"yoast-schema-graph\">{\"@context\":\"https:\\\/\\\/schema.org\",\"@graph\":[{\"@type\":\"WebPage\",\"@id\":\"https:\\\/\\\/shopatoa.com\\\/cz\\\/krmitko-juwel-automaticke\\\/\",\"url\":\"https:\\\/\\\/shopatoa.com\\\/cz\\\/krmitko-juwel-automaticke\\\/\",\"name\":\"Krm\u00edtko JUWEL automatick\u00e9 - SHOPATOA.COM\",\"isPartOf\":{\"@id\":\"https:\\\/\\\/shopatoa.com\\\/cz\\\/#website\"},\"primaryImageOfPage\":{\"@id\":\"https:\\\/\\\/shopatoa.com\\\/cz\\\/krmitko-juwel-automaticke\\\/#primaryimage\"},\"image\":{\"@id\":\"https:\\\/\\\/shopatoa.com\\\/cz\\\/krmitko-juwel-automaticke\\\/#primaryimage\"},\"thumbnailUrl\":\"https:\\\/\\\/storage.googleapis.com\\\/cz-shopatoa-img\\\/cz\\\/21c19464-1_26361.jpg\",\"datePublished\":\"2025-04-01T14:35:44+00:00\",\"dateModified\":\"2026-02-04T04:22:01+00:00\",\"breadcrumb\":{\"@id\":\"https:\\\/\\\/shopatoa.com\\\/cz\\\/krmitko-juwel-automaticke\\\/#breadcrumb\"},\"inLanguage\":\"cs\",\"potentialAction\":[{\"@type\":\"ReadAction\",\"target\":[\"https:\\\/\\\/shopatoa.com\\\/cz\\\/krmitko-juwel-automaticke\\\/\"]}]},{\"@type\":\"ImageObject\",\"inLanguage\":\"cs\",\"@id\":\"https:\\\/\\\/shopatoa.com\\\/cz\\\/krmitko-juwel-automaticke\\\/#primaryimage\",\"url\":\"https:\\\/\\\/storage.googleapis.com\\\/cz-shopatoa-img\\\/cz\\\/21c19464-1_26361.jpg\",\"contentUrl\":\"https:\\\/\\\/storage.googleapis.com\\\/cz-shopatoa-img\\\/cz\\\/21c19464-1_26361.jpg\",\"width\":600,\"height\":600},{\"@type\":\"BreadcrumbList\",\"@id\":\"https:\\\/\\\/shopatoa.com\\\/cz\\\/krmitko-juwel-automaticke\\\/#breadcrumb\",\"itemListElement\":[{\"@type\":\"ListItem\",\"position\":1,\"name\":\"Dom\u016f\",\"item\":\"https:\\\/\\\/shopatoa.com\\\/cz\\\/\"},{\"@type\":\"ListItem\",\"position\":2,\"name\":\"Produkty\",\"item\":\"https:\\\/\\\/shopatoa.com\\\/cz\\\/shop\\\/\"},{\"@type\":\"ListItem\",\"position\":3,\"name\":\"Chovatelsk\u00e9 pot\u0159eby\",\"item\":\"https:\\\/\\\/shopatoa.com\\\/cz\\\/chovatelske-potreby-2\\\/\"},{\"@type\":\"ListItem\",\"position\":4,\"name\":\"Akvaristika\",\"item\":\"https:\\\/\\\/shopatoa.com\\\/cz\\\/akvaristika\\\/\"},{\"@type\":\"ListItem\",\"position\":5,\"name\":\"Akvarijn\u00ed technika\",\"item\":\"https:\\\/\\\/shopatoa.com\\\/cz\\\/akvarijni-technika\\\/\"},{\"@type\":\"ListItem\",\"position\":6,\"name\":\"Akvarijn\u00ed krm\u00edtka\",\"item\":\"https:\\\/\\\/shopatoa.com\\\/cz\\\/akvarijni-krmitka\\\/\"},{\"@type\":\"ListItem\",\"position\":7,\"name\":\"Krm\u00edtko JUWEL automatick\u00e9\"}]},{\"@type\":\"WebSite\",\"@id\":\"https:\\\/\\\/shopatoa.com\\\/cz\\\/#website\",\"url\":\"https:\\\/\\\/shopatoa.com\\\/cz\\\/\",\"name\":\"SHOPATOA\",\"description\":\"\",\"publisher\":{\"@id\":\"https:\\\/\\\/shopatoa.com\\\/cz\\\/#organization\"},\"potentialAction\":[{\"@type\":\"SearchAction\",\"target\":{\"@type\":\"EntryPoint\",\"urlTemplate\":\"https:\\\/\\\/shopatoa.com\\\/cz\\\/?s={search_term_string}\"},\"query-input\":{\"@type\":\"PropertyValueSpecification\",\"valueRequired\":true,\"valueName\":\"search_term_string\"}}],\"inLanguage\":\"cs\"},{\"@type\":\"Organization\",\"@id\":\"https:\\\/\\\/shopatoa.com\\\/cz\\\/#organization\",\"name\":\"SHOPATOA Digital s.r.o.\",\"url\":\"https:\\\/\\\/shopatoa.com\\\/cz\\\/\",\"logo\":{\"@type\":\"ImageObject\",\"inLanguage\":\"cs\",\"@id\":\"https:\\\/\\\/shopatoa.com\\\/cz\\\/#\\\/schema\\\/logo\\\/image\\\/\",\"url\":\"https:\\\/\\\/storage.googleapis.com\\\/cz-shopatoa-img\\\/cz\\\/ebccf434-shopatoa_logo.png\",\"contentUrl\":\"https:\\\/\\\/storage.googleapis.com\\\/cz-shopatoa-img\\\/cz\\\/ebccf434-shopatoa_logo.png\",\"width\":416,\"height\":63,\"caption\":\"SHOPATOA Digital s.r.o.\"},\"image\":{\"@id\":\"https:\\\/\\\/shopatoa.com\\\/cz\\\/#\\\/schema\\\/logo\\\/image\\\/\"}}]}<\/script>\n<!-- \/ Yoast SEO plugin. -->","yoast_head_json":{"title":"Krm\u00edtko JUWEL automatick\u00e9 - SHOPATOA.COM","robots":{"index":"index","follow":"follow","max-snippet":"max-snippet:-1","max-image-preview":"max-image-preview:large","max-video-preview":"max-video-preview:-1"},"canonical":"https:\/\/shopatoa.com\/cz\/krmitko-juwel-automaticke\/","og_locale":"cs_CZ","og_type":"article","og_title":"Krm\u00edtko JUWEL automatick\u00e9 - SHOPATOA.COM","og_description":"Programovateln\u00e9, automatick\u00e9 krm\u00edtko pro v\u0161echny typy akv\u00e1ri\u00ed. &#8211; Pro vlo\u010dky, pelety a tablety. &#8211; Nastaviteln\u00fd \u010das a mno\u017estv\u00ed krmen\u00ed. &#8211; Kapacita krmen\u00ed pro cca. 30 dn\u016f (60 krmen\u00ed) &#8211; Nap\u00e1jen\u00ed: 2 AA 1,5 typ baterie. K um\u00edst\u011bn\u00ed krm\u00edtka je t\u0159eba pouze vy\u0159\u00edznout otvor do kryc\u00ed klapky akv\u00e1ria, do kter\u00e9ho je pak mo\u017eno nasadit nosnou misku...","og_url":"https:\/\/shopatoa.com\/cz\/krmitko-juwel-automaticke\/","og_site_name":"SHOPATOA","article_modified_time":"2026-02-04T04:22:01+00:00","og_image":[{"width":600,"height":600,"url":"https:\/\/storage.googleapis.com\/cz-shopatoa-img\/cz\/21c19464-1_26361.jpg","type":"image\/jpeg"}],"twitter_card":"summary_large_image","twitter_misc":{"Odhadovan\u00e1 doba \u010dten\u00ed":"1 minuta"},"schema":{"@context":"https:\/\/schema.org","@graph":[{"@type":"WebPage","@id":"https:\/\/shopatoa.com\/cz\/krmitko-juwel-automaticke\/","url":"https:\/\/shopatoa.com\/cz\/krmitko-juwel-automaticke\/","name":"Krm\u00edtko JUWEL automatick\u00e9 - SHOPATOA.COM","isPartOf":{"@id":"https:\/\/shopatoa.com\/cz\/#website"},"primaryImageOfPage":{"@id":"https:\/\/shopatoa.com\/cz\/krmitko-juwel-automaticke\/#primaryimage"},"image":{"@id":"https:\/\/shopatoa.com\/cz\/krmitko-juwel-automaticke\/#primaryimage"},"thumbnailUrl":"https:\/\/storage.googleapis.com\/cz-shopatoa-img\/cz\/21c19464-1_26361.jpg","datePublished":"2025-04-01T14:35:44+00:00","dateModified":"2026-02-04T04:22:01+00:00","breadcrumb":{"@id":"https:\/\/shopatoa.com\/cz\/krmitko-juwel-automaticke\/#breadcrumb"},"inLanguage":"cs","potentialAction":[{"@type":"ReadAction","target":["https:\/\/shopatoa.com\/cz\/krmitko-juwel-automaticke\/"]}]},{"@type":"ImageObject","inLanguage":"cs","@id":"https:\/\/shopatoa.com\/cz\/krmitko-juwel-automaticke\/#primaryimage","url":"https:\/\/storage.googleapis.com\/cz-shopatoa-img\/cz\/21c19464-1_26361.jpg","contentUrl":"https:\/\/storage.googleapis.com\/cz-shopatoa-img\/cz\/21c19464-1_26361.jpg","width":600,"height":600},{"@type":"BreadcrumbList","@id":"https:\/\/shopatoa.com\/cz\/krmitko-juwel-automaticke\/#breadcrumb","itemListElement":[{"@type":"ListItem","position":1,"name":"Dom\u016f","item":"https:\/\/shopatoa.com\/cz\/"},{"@type":"ListItem","position":2,"name":"Produkty","item":"https:\/\/shopatoa.com\/cz\/shop\/"},{"@type":"ListItem","position":3,"name":"Chovatelsk\u00e9 pot\u0159eby","item":"https:\/\/shopatoa.com\/cz\/chovatelske-potreby-2\/"},{"@type":"ListItem","position":4,"name":"Akvaristika","item":"https:\/\/shopatoa.com\/cz\/akvaristika\/"},{"@type":"ListItem","position":5,"name":"Akvarijn\u00ed technika","item":"https:\/\/shopatoa.com\/cz\/akvarijni-technika\/"},{"@type":"ListItem","position":6,"name":"Akvarijn\u00ed krm\u00edtka","item":"https:\/\/shopatoa.com\/cz\/akvarijni-krmitka\/"},{"@type":"ListItem","position":7,"name":"Krm\u00edtko JUWEL automatick\u00e9"}]},{"@type":"WebSite","@id":"https:\/\/shopatoa.com\/cz\/#website","url":"https:\/\/shopatoa.com\/cz\/","name":"SHOPATOA","description":"","publisher":{"@id":"https:\/\/shopatoa.com\/cz\/#organization"},"potentialAction":[{"@type":"SearchAction","target":{"@type":"EntryPoint","urlTemplate":"https:\/\/shopatoa.com\/cz\/?s={search_term_string}"},"query-input":{"@type":"PropertyValueSpecification","valueRequired":true,"valueName":"search_term_string"}}],"inLanguage":"cs"},{"@type":"Organization","@id":"https:\/\/shopatoa.com\/cz\/#organization","name":"SHOPATOA Digital s.r.o.","url":"https:\/\/shopatoa.com\/cz\/","logo":{"@type":"ImageObject","inLanguage":"cs","@id":"https:\/\/shopatoa.com\/cz\/#\/schema\/logo\/image\/","url":"https:\/\/storage.googleapis.com\/cz-shopatoa-img\/cz\/ebccf434-shopatoa_logo.png","contentUrl":"https:\/\/storage.googleapis.com\/cz-shopatoa-img\/cz\/ebccf434-shopatoa_logo.png","width":416,"height":63,"caption":"SHOPATOA Digital s.r.o."},"image":{"@id":"https:\/\/shopatoa.com\/cz\/#\/schema\/logo\/image\/"}}]}},"_links":{"self":[{"href":"https:\/\/shopatoa.com\/cz\/wp-json\/wp\/v2\/product\/242521","targetHints":{"allow":["GET"]}}],"collection":[{"href":"https:\/\/shopatoa.com\/cz\/wp-json\/wp\/v2\/product"}],"about":[{"href":"https:\/\/shopatoa.com\/cz\/wp-json\/wp\/v2\/types\/product"}],"replies":[{"embeddable":true,"href":"https:\/\/shopatoa.com\/cz\/wp-json\/wp\/v2\/comments?post=242521"}],"wp:featuredmedia":[{"embeddable":true,"href":"https:\/\/shopatoa.com\/cz\/wp-json\/wp\/v2\/media\/242522"}],"wp:attachment":[{"href":"https:\/\/shopatoa.com\/cz\/wp-json\/wp\/v2\/media?parent=242521"}],"wp:term":[{"taxonomy":"product_brand","embeddable":true,"href":"https:\/\/shopatoa.com\/cz\/wp-json\/wp\/v2\/product_brand?post=242521"},{"taxonomy":"product_cat","embeddable":true,"href":"https:\/\/shopatoa.com\/cz\/wp-json\/wp\/v2\/product_cat?post=242521"},{"taxonomy":"product_tag","embeddable":true,"href":"https:\/\/shopatoa.com\/cz\/wp-json\/wp\/v2\/product_tag?post=242521"}],"curies":[{"name":"wp","href":"https:\/\/api.w.org\/{rel}","templated":true}]}}