{"id":242575,"date":"2025-04-02T08:45:40","date_gmt":"2025-04-02T06:45:40","guid":{"rendered":"https:\/\/shopatoa.com\/cz\/?post_type=product&#038;p=242575"},"modified":"2026-02-04T05:11:17","modified_gmt":"2026-02-04T04:11:17","slug":"hnizdo-pro-ptaky-bambusove-trixie-12x15cm","status":"publish","type":"product","link":"https:\/\/shopatoa.com\/cz\/hnizdo-pro-ptaky-bambusove-trixie-12x15cm\/","title":{"rendered":"Hn\u00edzdo pro pt\u00e1ky bambusov\u00e9 Trixie 12x15cm"},"content":{"rendered":"<p>N\u00e1hradn\u00ed hn\u00edzda jsou jedinou alternativou umo\u017e\u0148uj\u00edc\u00ed pt\u00e1k\u016fm vyv\u00e9st ml\u00e1\u010fata. Otev\u0159en\u00e9 vzdu\u0161n\u00e9 hn\u00edzdo pro drobn\u00e9 exoty. Vyrobeno z bambusu. M\u00e1 kovov\u00fd h\u00e1\u010dek pro snadn\u00e9 zav\u011b\u0161en\u00ed.<\/p>\n<p>\tZ p\u0159\u00edrodn\u00edho materi\u00e1lu<br \/>\n\tSnadn\u00e1 \u00fadr\u017eba<\/p>\n","protected":false},"excerpt":{"rendered":"<p>N\u00e1hradn\u00ed hn\u00edzda jsou jedinou alternativou umo\u017e\u0148uj\u00edc\u00ed pt\u00e1k\u016fm vyv\u00e9st ml\u00e1\u010fata. Otev\u0159en\u00e9 vzdu\u0161n\u00e9 hn\u00edzdo pro drobn\u00e9 exoty. Vyrobeno z bambusu. M\u00e1 kovov\u00fd h\u00e1\u010dek pro snadn\u00e9 zav\u011b\u0161en\u00ed. Z p\u0159\u00edrodn\u00edho materi\u00e1lu Snadn\u00e1 \u00fadr\u017eba<\/p>\n","protected":false},"featured_media":242576,"comment_status":"closed","ping_status":"open","template":"","meta":{"_acf_changed":false,"_kadence_starter_templates_imported_post":false,"_kad_post_transparent":"","_kad_post_title":"","_kad_post_layout":"","_kad_post_sidebar_id":"","_kad_post_content_style":"","_kad_post_vertical_padding":"","_kad_post_feature":"","_kad_post_feature_position":"","_kad_post_header":false,"_kad_post_footer":false,"_kad_post_classname":""},"product_brand":[2047],"product_cat":[683,2579,2627,2626],"product_tag":[],"class_list":{"0":"post-242575","1":"product","2":"type-product","3":"status-publish","4":"has-post-thumbnail","6":"product_brand-trixie","7":"product_cat-dilna-stavba-zahrada","8":"product_cat-zahrada-dilna-stavba-zahrada","9":"product_cat-zahradni-krmitka-a-budky","10":"product_cat-zahradni-nabytek-a-dalsi-vybaveni","11":"pa_obchod-superzoo-cz","13":"first","14":"instock","15":"product-type-external","16":"entry","17":"content-bg","18":"loop-entry"},"acf":[],"yoast_head":"<!-- This site is optimized with the Yoast SEO plugin v27.4 - https:\/\/yoast.com\/product\/yoast-seo-wordpress\/ -->\n<title>Hn\u00edzdo pro pt\u00e1ky bambusov\u00e9 Trixie 12x15cm - SHOPATOA.COM<\/title>\n<meta name=\"robots\" content=\"index, follow, max-snippet:-1, max-image-preview:large, max-video-preview:-1\" \/>\n<link rel=\"canonical\" href=\"https:\/\/shopatoa.com\/cz\/hnizdo-pro-ptaky-bambusove-trixie-12x15cm\/\" \/>\n<meta property=\"og:locale\" content=\"cs_CZ\" \/>\n<meta property=\"og:type\" content=\"article\" \/>\n<meta property=\"og:title\" content=\"Hn\u00edzdo pro pt\u00e1ky bambusov\u00e9 Trixie 12x15cm - SHOPATOA.COM\" \/>\n<meta property=\"og:description\" content=\"N\u00e1hradn\u00ed hn\u00edzda jsou jedinou alternativou umo\u017e\u0148uj\u00edc\u00ed pt\u00e1k\u016fm vyv\u00e9st ml\u00e1\u010fata. Otev\u0159en\u00e9 vzdu\u0161n\u00e9 hn\u00edzdo pro drobn\u00e9 exoty. Vyrobeno z bambusu. M\u00e1 kovov\u00fd h\u00e1\u010dek pro snadn\u00e9 zav\u011b\u0161en\u00ed. Z p\u0159\u00edrodn\u00edho materi\u00e1lu Snadn\u00e1 \u00fadr\u017eba\" \/>\n<meta property=\"og:url\" content=\"https:\/\/shopatoa.com\/cz\/hnizdo-pro-ptaky-bambusove-trixie-12x15cm\/\" \/>\n<meta property=\"og:site_name\" content=\"SHOPATOA\" \/>\n<meta property=\"article:modified_time\" content=\"2026-02-04T04:11:17+00:00\" \/>\n<meta property=\"og:image\" content=\"https:\/\/storage.googleapis.com\/cz-shopatoa-img\/cz\/bfb7705c-1_26301.jpg\" \/>\n\t<meta property=\"og:image:width\" content=\"600\" \/>\n\t<meta property=\"og:image:height\" content=\"600\" \/>\n\t<meta property=\"og:image:type\" content=\"image\/jpeg\" \/>\n<meta name=\"twitter:card\" content=\"summary_large_image\" \/>\n<script type=\"application\/ld+json\" class=\"yoast-schema-graph\">{\"@context\":\"https:\\\/\\\/schema.org\",\"@graph\":[{\"@type\":\"WebPage\",\"@id\":\"https:\\\/\\\/shopatoa.com\\\/cz\\\/hnizdo-pro-ptaky-bambusove-trixie-12x15cm\\\/\",\"url\":\"https:\\\/\\\/shopatoa.com\\\/cz\\\/hnizdo-pro-ptaky-bambusove-trixie-12x15cm\\\/\",\"name\":\"Hn\u00edzdo pro pt\u00e1ky bambusov\u00e9 Trixie 12x15cm - SHOPATOA.COM\",\"isPartOf\":{\"@id\":\"https:\\\/\\\/shopatoa.com\\\/cz\\\/#website\"},\"primaryImageOfPage\":{\"@id\":\"https:\\\/\\\/shopatoa.com\\\/cz\\\/hnizdo-pro-ptaky-bambusove-trixie-12x15cm\\\/#primaryimage\"},\"image\":{\"@id\":\"https:\\\/\\\/shopatoa.com\\\/cz\\\/hnizdo-pro-ptaky-bambusove-trixie-12x15cm\\\/#primaryimage\"},\"thumbnailUrl\":\"https:\\\/\\\/storage.googleapis.com\\\/cz-shopatoa-img\\\/cz\\\/bfb7705c-1_26301.jpg\",\"datePublished\":\"2025-04-02T06:45:40+00:00\",\"dateModified\":\"2026-02-04T04:11:17+00:00\",\"breadcrumb\":{\"@id\":\"https:\\\/\\\/shopatoa.com\\\/cz\\\/hnizdo-pro-ptaky-bambusove-trixie-12x15cm\\\/#breadcrumb\"},\"inLanguage\":\"cs\",\"potentialAction\":[{\"@type\":\"ReadAction\",\"target\":[\"https:\\\/\\\/shopatoa.com\\\/cz\\\/hnizdo-pro-ptaky-bambusove-trixie-12x15cm\\\/\"]}]},{\"@type\":\"ImageObject\",\"inLanguage\":\"cs\",\"@id\":\"https:\\\/\\\/shopatoa.com\\\/cz\\\/hnizdo-pro-ptaky-bambusove-trixie-12x15cm\\\/#primaryimage\",\"url\":\"https:\\\/\\\/storage.googleapis.com\\\/cz-shopatoa-img\\\/cz\\\/bfb7705c-1_26301.jpg\",\"contentUrl\":\"https:\\\/\\\/storage.googleapis.com\\\/cz-shopatoa-img\\\/cz\\\/bfb7705c-1_26301.jpg\",\"width\":600,\"height\":600},{\"@type\":\"BreadcrumbList\",\"@id\":\"https:\\\/\\\/shopatoa.com\\\/cz\\\/hnizdo-pro-ptaky-bambusove-trixie-12x15cm\\\/#breadcrumb\",\"itemListElement\":[{\"@type\":\"ListItem\",\"position\":1,\"name\":\"Dom\u016f\",\"item\":\"https:\\\/\\\/shopatoa.com\\\/cz\\\/\"},{\"@type\":\"ListItem\",\"position\":2,\"name\":\"Produkty\",\"item\":\"https:\\\/\\\/shopatoa.com\\\/cz\\\/shop\\\/\"},{\"@type\":\"ListItem\",\"position\":3,\"name\":\"D\u00edlna, stavba, zahrada\",\"item\":\"https:\\\/\\\/shopatoa.com\\\/cz\\\/dilna-stavba-zahrada\\\/\"},{\"@type\":\"ListItem\",\"position\":4,\"name\":\"Zahrada\",\"item\":\"https:\\\/\\\/shopatoa.com\\\/cz\\\/zahrada-dilna-stavba-zahrada\\\/\"},{\"@type\":\"ListItem\",\"position\":5,\"name\":\"Zahradn\u00ed n\u00e1bytek a dal\u0161\u00ed vybaven\u00ed\",\"item\":\"https:\\\/\\\/shopatoa.com\\\/cz\\\/zahradni-nabytek-a-dalsi-vybaveni\\\/\"},{\"@type\":\"ListItem\",\"position\":6,\"name\":\"Zahradn\u00ed krm\u00edtka a budky\",\"item\":\"https:\\\/\\\/shopatoa.com\\\/cz\\\/zahradni-krmitka-a-budky\\\/\"},{\"@type\":\"ListItem\",\"position\":7,\"name\":\"Hn\u00edzdo pro pt\u00e1ky bambusov\u00e9 Trixie 12x15cm\"}]},{\"@type\":\"WebSite\",\"@id\":\"https:\\\/\\\/shopatoa.com\\\/cz\\\/#website\",\"url\":\"https:\\\/\\\/shopatoa.com\\\/cz\\\/\",\"name\":\"SHOPATOA\",\"description\":\"\",\"publisher\":{\"@id\":\"https:\\\/\\\/shopatoa.com\\\/cz\\\/#organization\"},\"potentialAction\":[{\"@type\":\"SearchAction\",\"target\":{\"@type\":\"EntryPoint\",\"urlTemplate\":\"https:\\\/\\\/shopatoa.com\\\/cz\\\/?s={search_term_string}\"},\"query-input\":{\"@type\":\"PropertyValueSpecification\",\"valueRequired\":true,\"valueName\":\"search_term_string\"}}],\"inLanguage\":\"cs\"},{\"@type\":\"Organization\",\"@id\":\"https:\\\/\\\/shopatoa.com\\\/cz\\\/#organization\",\"name\":\"SHOPATOA Digital s.r.o.\",\"url\":\"https:\\\/\\\/shopatoa.com\\\/cz\\\/\",\"logo\":{\"@type\":\"ImageObject\",\"inLanguage\":\"cs\",\"@id\":\"https:\\\/\\\/shopatoa.com\\\/cz\\\/#\\\/schema\\\/logo\\\/image\\\/\",\"url\":\"https:\\\/\\\/storage.googleapis.com\\\/cz-shopatoa-img\\\/cz\\\/ebccf434-shopatoa_logo.png\",\"contentUrl\":\"https:\\\/\\\/storage.googleapis.com\\\/cz-shopatoa-img\\\/cz\\\/ebccf434-shopatoa_logo.png\",\"width\":416,\"height\":63,\"caption\":\"SHOPATOA Digital s.r.o.\"},\"image\":{\"@id\":\"https:\\\/\\\/shopatoa.com\\\/cz\\\/#\\\/schema\\\/logo\\\/image\\\/\"}}]}<\/script>\n<!-- \/ Yoast SEO plugin. -->","yoast_head_json":{"title":"Hn\u00edzdo pro pt\u00e1ky bambusov\u00e9 Trixie 12x15cm - SHOPATOA.COM","robots":{"index":"index","follow":"follow","max-snippet":"max-snippet:-1","max-image-preview":"max-image-preview:large","max-video-preview":"max-video-preview:-1"},"canonical":"https:\/\/shopatoa.com\/cz\/hnizdo-pro-ptaky-bambusove-trixie-12x15cm\/","og_locale":"cs_CZ","og_type":"article","og_title":"Hn\u00edzdo pro pt\u00e1ky bambusov\u00e9 Trixie 12x15cm - SHOPATOA.COM","og_description":"N\u00e1hradn\u00ed hn\u00edzda jsou jedinou alternativou umo\u017e\u0148uj\u00edc\u00ed pt\u00e1k\u016fm vyv\u00e9st ml\u00e1\u010fata. Otev\u0159en\u00e9 vzdu\u0161n\u00e9 hn\u00edzdo pro drobn\u00e9 exoty. Vyrobeno z bambusu. M\u00e1 kovov\u00fd h\u00e1\u010dek pro snadn\u00e9 zav\u011b\u0161en\u00ed. Z p\u0159\u00edrodn\u00edho materi\u00e1lu Snadn\u00e1 \u00fadr\u017eba","og_url":"https:\/\/shopatoa.com\/cz\/hnizdo-pro-ptaky-bambusove-trixie-12x15cm\/","og_site_name":"SHOPATOA","article_modified_time":"2026-02-04T04:11:17+00:00","og_image":[{"width":600,"height":600,"url":"https:\/\/storage.googleapis.com\/cz-shopatoa-img\/cz\/bfb7705c-1_26301.jpg","type":"image\/jpeg"}],"twitter_card":"summary_large_image","schema":{"@context":"https:\/\/schema.org","@graph":[{"@type":"WebPage","@id":"https:\/\/shopatoa.com\/cz\/hnizdo-pro-ptaky-bambusove-trixie-12x15cm\/","url":"https:\/\/shopatoa.com\/cz\/hnizdo-pro-ptaky-bambusove-trixie-12x15cm\/","name":"Hn\u00edzdo pro pt\u00e1ky bambusov\u00e9 Trixie 12x15cm - SHOPATOA.COM","isPartOf":{"@id":"https:\/\/shopatoa.com\/cz\/#website"},"primaryImageOfPage":{"@id":"https:\/\/shopatoa.com\/cz\/hnizdo-pro-ptaky-bambusove-trixie-12x15cm\/#primaryimage"},"image":{"@id":"https:\/\/shopatoa.com\/cz\/hnizdo-pro-ptaky-bambusove-trixie-12x15cm\/#primaryimage"},"thumbnailUrl":"https:\/\/storage.googleapis.com\/cz-shopatoa-img\/cz\/bfb7705c-1_26301.jpg","datePublished":"2025-04-02T06:45:40+00:00","dateModified":"2026-02-04T04:11:17+00:00","breadcrumb":{"@id":"https:\/\/shopatoa.com\/cz\/hnizdo-pro-ptaky-bambusove-trixie-12x15cm\/#breadcrumb"},"inLanguage":"cs","potentialAction":[{"@type":"ReadAction","target":["https:\/\/shopatoa.com\/cz\/hnizdo-pro-ptaky-bambusove-trixie-12x15cm\/"]}]},{"@type":"ImageObject","inLanguage":"cs","@id":"https:\/\/shopatoa.com\/cz\/hnizdo-pro-ptaky-bambusove-trixie-12x15cm\/#primaryimage","url":"https:\/\/storage.googleapis.com\/cz-shopatoa-img\/cz\/bfb7705c-1_26301.jpg","contentUrl":"https:\/\/storage.googleapis.com\/cz-shopatoa-img\/cz\/bfb7705c-1_26301.jpg","width":600,"height":600},{"@type":"BreadcrumbList","@id":"https:\/\/shopatoa.com\/cz\/hnizdo-pro-ptaky-bambusove-trixie-12x15cm\/#breadcrumb","itemListElement":[{"@type":"ListItem","position":1,"name":"Dom\u016f","item":"https:\/\/shopatoa.com\/cz\/"},{"@type":"ListItem","position":2,"name":"Produkty","item":"https:\/\/shopatoa.com\/cz\/shop\/"},{"@type":"ListItem","position":3,"name":"D\u00edlna, stavba, zahrada","item":"https:\/\/shopatoa.com\/cz\/dilna-stavba-zahrada\/"},{"@type":"ListItem","position":4,"name":"Zahrada","item":"https:\/\/shopatoa.com\/cz\/zahrada-dilna-stavba-zahrada\/"},{"@type":"ListItem","position":5,"name":"Zahradn\u00ed n\u00e1bytek a dal\u0161\u00ed vybaven\u00ed","item":"https:\/\/shopatoa.com\/cz\/zahradni-nabytek-a-dalsi-vybaveni\/"},{"@type":"ListItem","position":6,"name":"Zahradn\u00ed krm\u00edtka a budky","item":"https:\/\/shopatoa.com\/cz\/zahradni-krmitka-a-budky\/"},{"@type":"ListItem","position":7,"name":"Hn\u00edzdo pro pt\u00e1ky bambusov\u00e9 Trixie 12x15cm"}]},{"@type":"WebSite","@id":"https:\/\/shopatoa.com\/cz\/#website","url":"https:\/\/shopatoa.com\/cz\/","name":"SHOPATOA","description":"","publisher":{"@id":"https:\/\/shopatoa.com\/cz\/#organization"},"potentialAction":[{"@type":"SearchAction","target":{"@type":"EntryPoint","urlTemplate":"https:\/\/shopatoa.com\/cz\/?s={search_term_string}"},"query-input":{"@type":"PropertyValueSpecification","valueRequired":true,"valueName":"search_term_string"}}],"inLanguage":"cs"},{"@type":"Organization","@id":"https:\/\/shopatoa.com\/cz\/#organization","name":"SHOPATOA Digital s.r.o.","url":"https:\/\/shopatoa.com\/cz\/","logo":{"@type":"ImageObject","inLanguage":"cs","@id":"https:\/\/shopatoa.com\/cz\/#\/schema\/logo\/image\/","url":"https:\/\/storage.googleapis.com\/cz-shopatoa-img\/cz\/ebccf434-shopatoa_logo.png","contentUrl":"https:\/\/storage.googleapis.com\/cz-shopatoa-img\/cz\/ebccf434-shopatoa_logo.png","width":416,"height":63,"caption":"SHOPATOA Digital s.r.o."},"image":{"@id":"https:\/\/shopatoa.com\/cz\/#\/schema\/logo\/image\/"}}]}},"_links":{"self":[{"href":"https:\/\/shopatoa.com\/cz\/wp-json\/wp\/v2\/product\/242575","targetHints":{"allow":["GET"]}}],"collection":[{"href":"https:\/\/shopatoa.com\/cz\/wp-json\/wp\/v2\/product"}],"about":[{"href":"https:\/\/shopatoa.com\/cz\/wp-json\/wp\/v2\/types\/product"}],"replies":[{"embeddable":true,"href":"https:\/\/shopatoa.com\/cz\/wp-json\/wp\/v2\/comments?post=242575"}],"wp:featuredmedia":[{"embeddable":true,"href":"https:\/\/shopatoa.com\/cz\/wp-json\/wp\/v2\/media\/242576"}],"wp:attachment":[{"href":"https:\/\/shopatoa.com\/cz\/wp-json\/wp\/v2\/media?parent=242575"}],"wp:term":[{"taxonomy":"product_brand","embeddable":true,"href":"https:\/\/shopatoa.com\/cz\/wp-json\/wp\/v2\/product_brand?post=242575"},{"taxonomy":"product_cat","embeddable":true,"href":"https:\/\/shopatoa.com\/cz\/wp-json\/wp\/v2\/product_cat?post=242575"},{"taxonomy":"product_tag","embeddable":true,"href":"https:\/\/shopatoa.com\/cz\/wp-json\/wp\/v2\/product_tag?post=242575"}],"curies":[{"name":"wp","href":"https:\/\/api.w.org\/{rel}","templated":true}]}}