{"id":242591,"date":"2025-04-02T08:46:49","date_gmt":"2025-04-02T06:46:49","guid":{"rendered":"https:\/\/shopatoa.com\/cz\/?post_type=product&#038;p=242591"},"modified":"2026-02-04T05:10:30","modified_gmt":"2026-02-04T04:10:30","slug":"podlozka-pred-toaletu-trixie-4537cm-cerna","status":"publish","type":"product","link":"https:\/\/shopatoa.com\/cz\/podlozka-pred-toaletu-trixie-4537cm-cerna\/","title":{"rendered":"Podlo\u017eka p\u0159ed toaletu Trixie 45*37cm \u010dern\u00e1"},"content":{"rendered":"<p>Podlo\u017eka p\u0159ed ko\u010di\u010d\u00ed toalety. Je vyrobena z PVC. Odstra\u0148uje stelivo z ko\u010di\u010d\u00edch tlapek. Je protiskluzov\u00e1 a proto zabra\u0148uje posouv\u00e1n\u00ed po zemi. Vhodn\u00e1 pro citliv\u00e9 ko\u010dky.<\/p>\n<p>\tZ kvalitn\u00edho materi\u00e1lu<br \/>\n\tSnadn\u00e1 \u00fadr\u017eba<br \/>\n\tRozm\u011br 45*37cm<br \/>\n\tBarva \u0161ed\u00e1<br \/>\n\tse vzorem tlapky<br \/>\n\tProtiskluzov\u00e1<\/p>\n","protected":false},"excerpt":{"rendered":"<p>Podlo\u017eka p\u0159ed ko\u010di\u010d\u00ed toalety. Je vyrobena z PVC. Odstra\u0148uje stelivo z ko\u010di\u010d\u00edch tlapek. Je protiskluzov\u00e1 a proto zabra\u0148uje posouv\u00e1n\u00ed po zemi. Vhodn\u00e1 pro citliv\u00e9 ko\u010dky. Z kvalitn\u00edho materi\u00e1lu Snadn\u00e1 \u00fadr\u017eba Rozm\u011br 45*37cm Barva \u0161ed\u00e1 se vzorem tlapky Protiskluzov\u00e1<\/p>\n","protected":false},"featured_media":242592,"comment_status":"closed","ping_status":"open","template":"","meta":{"_acf_changed":false,"_kadence_starter_templates_imported_post":false,"_kad_post_transparent":"","_kad_post_title":"","_kad_post_layout":"","_kad_post_sidebar_id":"","_kad_post_content_style":"","_kad_post_vertical_padding":"","_kad_post_feature":"","_kad_post_feature_position":"","_kad_post_header":false,"_kad_post_footer":false,"_kad_post_classname":""},"product_brand":[2047],"product_cat":[2538,2539],"product_tag":[],"class_list":{"0":"post-242591","1":"product","2":"type-product","3":"status-publish","4":"has-post-thumbnail","6":"product_brand-trixie","7":"product_cat-gaming","8":"product_cat-herni-prislusenstvi","9":"pa_obchod-superzoo-cz","11":"first","12":"instock","13":"product-type-external","14":"entry","15":"content-bg","16":"loop-entry"},"acf":[],"yoast_head":"<!-- This site is optimized with the Yoast SEO plugin v27.4 - https:\/\/yoast.com\/product\/yoast-seo-wordpress\/ -->\n<title>Podlo\u017eka p\u0159ed toaletu Trixie 45*37cm \u010dern\u00e1 - SHOPATOA.COM<\/title>\n<meta name=\"robots\" content=\"index, follow, max-snippet:-1, max-image-preview:large, max-video-preview:-1\" \/>\n<link rel=\"canonical\" href=\"https:\/\/shopatoa.com\/cz\/podlozka-pred-toaletu-trixie-4537cm-cerna\/\" \/>\n<meta property=\"og:locale\" content=\"cs_CZ\" \/>\n<meta property=\"og:type\" content=\"article\" \/>\n<meta property=\"og:title\" content=\"Podlo\u017eka p\u0159ed toaletu Trixie 45*37cm \u010dern\u00e1 - SHOPATOA.COM\" \/>\n<meta property=\"og:description\" content=\"Podlo\u017eka p\u0159ed ko\u010di\u010d\u00ed toalety. Je vyrobena z PVC. Odstra\u0148uje stelivo z ko\u010di\u010d\u00edch tlapek. Je protiskluzov\u00e1 a proto zabra\u0148uje posouv\u00e1n\u00ed po zemi. Vhodn\u00e1 pro citliv\u00e9 ko\u010dky. Z kvalitn\u00edho materi\u00e1lu Snadn\u00e1 \u00fadr\u017eba Rozm\u011br 45*37cm Barva \u0161ed\u00e1 se vzorem tlapky Protiskluzov\u00e1\" \/>\n<meta property=\"og:url\" content=\"https:\/\/shopatoa.com\/cz\/podlozka-pred-toaletu-trixie-4537cm-cerna\/\" \/>\n<meta property=\"og:site_name\" content=\"SHOPATOA\" \/>\n<meta property=\"article:modified_time\" content=\"2026-02-04T04:10:30+00:00\" \/>\n<meta property=\"og:image\" content=\"https:\/\/storage.googleapis.com\/cz-shopatoa-img\/cz\/d2b2b552-1_26278.jpg\" \/>\n\t<meta property=\"og:image:width\" content=\"600\" \/>\n\t<meta property=\"og:image:height\" content=\"600\" \/>\n\t<meta property=\"og:image:type\" content=\"image\/jpeg\" \/>\n<meta name=\"twitter:card\" content=\"summary_large_image\" \/>\n<script type=\"application\/ld+json\" class=\"yoast-schema-graph\">{\"@context\":\"https:\\\/\\\/schema.org\",\"@graph\":[{\"@type\":\"WebPage\",\"@id\":\"https:\\\/\\\/shopatoa.com\\\/cz\\\/podlozka-pred-toaletu-trixie-4537cm-cerna\\\/\",\"url\":\"https:\\\/\\\/shopatoa.com\\\/cz\\\/podlozka-pred-toaletu-trixie-4537cm-cerna\\\/\",\"name\":\"Podlo\u017eka p\u0159ed toaletu Trixie 45*37cm \u010dern\u00e1 - SHOPATOA.COM\",\"isPartOf\":{\"@id\":\"https:\\\/\\\/shopatoa.com\\\/cz\\\/#website\"},\"primaryImageOfPage\":{\"@id\":\"https:\\\/\\\/shopatoa.com\\\/cz\\\/podlozka-pred-toaletu-trixie-4537cm-cerna\\\/#primaryimage\"},\"image\":{\"@id\":\"https:\\\/\\\/shopatoa.com\\\/cz\\\/podlozka-pred-toaletu-trixie-4537cm-cerna\\\/#primaryimage\"},\"thumbnailUrl\":\"https:\\\/\\\/storage.googleapis.com\\\/cz-shopatoa-img\\\/cz\\\/d2b2b552-1_26278.jpg\",\"datePublished\":\"2025-04-02T06:46:49+00:00\",\"dateModified\":\"2026-02-04T04:10:30+00:00\",\"breadcrumb\":{\"@id\":\"https:\\\/\\\/shopatoa.com\\\/cz\\\/podlozka-pred-toaletu-trixie-4537cm-cerna\\\/#breadcrumb\"},\"inLanguage\":\"cs\",\"potentialAction\":[{\"@type\":\"ReadAction\",\"target\":[\"https:\\\/\\\/shopatoa.com\\\/cz\\\/podlozka-pred-toaletu-trixie-4537cm-cerna\\\/\"]}]},{\"@type\":\"ImageObject\",\"inLanguage\":\"cs\",\"@id\":\"https:\\\/\\\/shopatoa.com\\\/cz\\\/podlozka-pred-toaletu-trixie-4537cm-cerna\\\/#primaryimage\",\"url\":\"https:\\\/\\\/storage.googleapis.com\\\/cz-shopatoa-img\\\/cz\\\/d2b2b552-1_26278.jpg\",\"contentUrl\":\"https:\\\/\\\/storage.googleapis.com\\\/cz-shopatoa-img\\\/cz\\\/d2b2b552-1_26278.jpg\",\"width\":600,\"height\":600},{\"@type\":\"BreadcrumbList\",\"@id\":\"https:\\\/\\\/shopatoa.com\\\/cz\\\/podlozka-pred-toaletu-trixie-4537cm-cerna\\\/#breadcrumb\",\"itemListElement\":[{\"@type\":\"ListItem\",\"position\":1,\"name\":\"Dom\u016f\",\"item\":\"https:\\\/\\\/shopatoa.com\\\/cz\\\/\"},{\"@type\":\"ListItem\",\"position\":2,\"name\":\"Produkty\",\"item\":\"https:\\\/\\\/shopatoa.com\\\/cz\\\/shop\\\/\"},{\"@type\":\"ListItem\",\"position\":3,\"name\":\"Gaming\",\"item\":\"https:\\\/\\\/shopatoa.com\\\/cz\\\/gaming\\\/\"},{\"@type\":\"ListItem\",\"position\":4,\"name\":\"Hern\u00ed p\u0159\u00edslu\u0161enstv\u00ed\",\"item\":\"https:\\\/\\\/shopatoa.com\\\/cz\\\/herni-prislusenstvi\\\/\"},{\"@type\":\"ListItem\",\"position\":5,\"name\":\"Podlo\u017eka p\u0159ed toaletu Trixie 45*37cm \u010dern\u00e1\"}]},{\"@type\":\"WebSite\",\"@id\":\"https:\\\/\\\/shopatoa.com\\\/cz\\\/#website\",\"url\":\"https:\\\/\\\/shopatoa.com\\\/cz\\\/\",\"name\":\"SHOPATOA\",\"description\":\"\",\"publisher\":{\"@id\":\"https:\\\/\\\/shopatoa.com\\\/cz\\\/#organization\"},\"potentialAction\":[{\"@type\":\"SearchAction\",\"target\":{\"@type\":\"EntryPoint\",\"urlTemplate\":\"https:\\\/\\\/shopatoa.com\\\/cz\\\/?s={search_term_string}\"},\"query-input\":{\"@type\":\"PropertyValueSpecification\",\"valueRequired\":true,\"valueName\":\"search_term_string\"}}],\"inLanguage\":\"cs\"},{\"@type\":\"Organization\",\"@id\":\"https:\\\/\\\/shopatoa.com\\\/cz\\\/#organization\",\"name\":\"SHOPATOA Digital s.r.o.\",\"url\":\"https:\\\/\\\/shopatoa.com\\\/cz\\\/\",\"logo\":{\"@type\":\"ImageObject\",\"inLanguage\":\"cs\",\"@id\":\"https:\\\/\\\/shopatoa.com\\\/cz\\\/#\\\/schema\\\/logo\\\/image\\\/\",\"url\":\"https:\\\/\\\/storage.googleapis.com\\\/cz-shopatoa-img\\\/cz\\\/ebccf434-shopatoa_logo.png\",\"contentUrl\":\"https:\\\/\\\/storage.googleapis.com\\\/cz-shopatoa-img\\\/cz\\\/ebccf434-shopatoa_logo.png\",\"width\":416,\"height\":63,\"caption\":\"SHOPATOA Digital s.r.o.\"},\"image\":{\"@id\":\"https:\\\/\\\/shopatoa.com\\\/cz\\\/#\\\/schema\\\/logo\\\/image\\\/\"}}]}<\/script>\n<!-- \/ Yoast SEO plugin. -->","yoast_head_json":{"title":"Podlo\u017eka p\u0159ed toaletu Trixie 45*37cm \u010dern\u00e1 - SHOPATOA.COM","robots":{"index":"index","follow":"follow","max-snippet":"max-snippet:-1","max-image-preview":"max-image-preview:large","max-video-preview":"max-video-preview:-1"},"canonical":"https:\/\/shopatoa.com\/cz\/podlozka-pred-toaletu-trixie-4537cm-cerna\/","og_locale":"cs_CZ","og_type":"article","og_title":"Podlo\u017eka p\u0159ed toaletu Trixie 45*37cm \u010dern\u00e1 - SHOPATOA.COM","og_description":"Podlo\u017eka p\u0159ed ko\u010di\u010d\u00ed toalety. Je vyrobena z PVC. Odstra\u0148uje stelivo z ko\u010di\u010d\u00edch tlapek. Je protiskluzov\u00e1 a proto zabra\u0148uje posouv\u00e1n\u00ed po zemi. Vhodn\u00e1 pro citliv\u00e9 ko\u010dky. Z kvalitn\u00edho materi\u00e1lu Snadn\u00e1 \u00fadr\u017eba Rozm\u011br 45*37cm Barva \u0161ed\u00e1 se vzorem tlapky Protiskluzov\u00e1","og_url":"https:\/\/shopatoa.com\/cz\/podlozka-pred-toaletu-trixie-4537cm-cerna\/","og_site_name":"SHOPATOA","article_modified_time":"2026-02-04T04:10:30+00:00","og_image":[{"width":600,"height":600,"url":"https:\/\/storage.googleapis.com\/cz-shopatoa-img\/cz\/d2b2b552-1_26278.jpg","type":"image\/jpeg"}],"twitter_card":"summary_large_image","schema":{"@context":"https:\/\/schema.org","@graph":[{"@type":"WebPage","@id":"https:\/\/shopatoa.com\/cz\/podlozka-pred-toaletu-trixie-4537cm-cerna\/","url":"https:\/\/shopatoa.com\/cz\/podlozka-pred-toaletu-trixie-4537cm-cerna\/","name":"Podlo\u017eka p\u0159ed toaletu Trixie 45*37cm \u010dern\u00e1 - SHOPATOA.COM","isPartOf":{"@id":"https:\/\/shopatoa.com\/cz\/#website"},"primaryImageOfPage":{"@id":"https:\/\/shopatoa.com\/cz\/podlozka-pred-toaletu-trixie-4537cm-cerna\/#primaryimage"},"image":{"@id":"https:\/\/shopatoa.com\/cz\/podlozka-pred-toaletu-trixie-4537cm-cerna\/#primaryimage"},"thumbnailUrl":"https:\/\/storage.googleapis.com\/cz-shopatoa-img\/cz\/d2b2b552-1_26278.jpg","datePublished":"2025-04-02T06:46:49+00:00","dateModified":"2026-02-04T04:10:30+00:00","breadcrumb":{"@id":"https:\/\/shopatoa.com\/cz\/podlozka-pred-toaletu-trixie-4537cm-cerna\/#breadcrumb"},"inLanguage":"cs","potentialAction":[{"@type":"ReadAction","target":["https:\/\/shopatoa.com\/cz\/podlozka-pred-toaletu-trixie-4537cm-cerna\/"]}]},{"@type":"ImageObject","inLanguage":"cs","@id":"https:\/\/shopatoa.com\/cz\/podlozka-pred-toaletu-trixie-4537cm-cerna\/#primaryimage","url":"https:\/\/storage.googleapis.com\/cz-shopatoa-img\/cz\/d2b2b552-1_26278.jpg","contentUrl":"https:\/\/storage.googleapis.com\/cz-shopatoa-img\/cz\/d2b2b552-1_26278.jpg","width":600,"height":600},{"@type":"BreadcrumbList","@id":"https:\/\/shopatoa.com\/cz\/podlozka-pred-toaletu-trixie-4537cm-cerna\/#breadcrumb","itemListElement":[{"@type":"ListItem","position":1,"name":"Dom\u016f","item":"https:\/\/shopatoa.com\/cz\/"},{"@type":"ListItem","position":2,"name":"Produkty","item":"https:\/\/shopatoa.com\/cz\/shop\/"},{"@type":"ListItem","position":3,"name":"Gaming","item":"https:\/\/shopatoa.com\/cz\/gaming\/"},{"@type":"ListItem","position":4,"name":"Hern\u00ed p\u0159\u00edslu\u0161enstv\u00ed","item":"https:\/\/shopatoa.com\/cz\/herni-prislusenstvi\/"},{"@type":"ListItem","position":5,"name":"Podlo\u017eka p\u0159ed toaletu Trixie 45*37cm \u010dern\u00e1"}]},{"@type":"WebSite","@id":"https:\/\/shopatoa.com\/cz\/#website","url":"https:\/\/shopatoa.com\/cz\/","name":"SHOPATOA","description":"","publisher":{"@id":"https:\/\/shopatoa.com\/cz\/#organization"},"potentialAction":[{"@type":"SearchAction","target":{"@type":"EntryPoint","urlTemplate":"https:\/\/shopatoa.com\/cz\/?s={search_term_string}"},"query-input":{"@type":"PropertyValueSpecification","valueRequired":true,"valueName":"search_term_string"}}],"inLanguage":"cs"},{"@type":"Organization","@id":"https:\/\/shopatoa.com\/cz\/#organization","name":"SHOPATOA Digital s.r.o.","url":"https:\/\/shopatoa.com\/cz\/","logo":{"@type":"ImageObject","inLanguage":"cs","@id":"https:\/\/shopatoa.com\/cz\/#\/schema\/logo\/image\/","url":"https:\/\/storage.googleapis.com\/cz-shopatoa-img\/cz\/ebccf434-shopatoa_logo.png","contentUrl":"https:\/\/storage.googleapis.com\/cz-shopatoa-img\/cz\/ebccf434-shopatoa_logo.png","width":416,"height":63,"caption":"SHOPATOA Digital s.r.o."},"image":{"@id":"https:\/\/shopatoa.com\/cz\/#\/schema\/logo\/image\/"}}]}},"_links":{"self":[{"href":"https:\/\/shopatoa.com\/cz\/wp-json\/wp\/v2\/product\/242591","targetHints":{"allow":["GET"]}}],"collection":[{"href":"https:\/\/shopatoa.com\/cz\/wp-json\/wp\/v2\/product"}],"about":[{"href":"https:\/\/shopatoa.com\/cz\/wp-json\/wp\/v2\/types\/product"}],"replies":[{"embeddable":true,"href":"https:\/\/shopatoa.com\/cz\/wp-json\/wp\/v2\/comments?post=242591"}],"wp:featuredmedia":[{"embeddable":true,"href":"https:\/\/shopatoa.com\/cz\/wp-json\/wp\/v2\/media\/242592"}],"wp:attachment":[{"href":"https:\/\/shopatoa.com\/cz\/wp-json\/wp\/v2\/media?parent=242591"}],"wp:term":[{"taxonomy":"product_brand","embeddable":true,"href":"https:\/\/shopatoa.com\/cz\/wp-json\/wp\/v2\/product_brand?post=242591"},{"taxonomy":"product_cat","embeddable":true,"href":"https:\/\/shopatoa.com\/cz\/wp-json\/wp\/v2\/product_cat?post=242591"},{"taxonomy":"product_tag","embeddable":true,"href":"https:\/\/shopatoa.com\/cz\/wp-json\/wp\/v2\/product_tag?post=242591"}],"curies":[{"name":"wp","href":"https:\/\/api.w.org\/{rel}","templated":true}]}}