{"id":242623,"date":"2025-04-02T08:55:12","date_gmt":"2025-04-02T06:55:12","guid":{"rendered":"https:\/\/shopatoa.com\/cz\/?post_type=product&#038;p=242623"},"modified":"2026-02-04T05:00:23","modified_gmt":"2026-02-04T04:00:23","slug":"trava-pro-kocky-trixie-sacek-100g","status":"publish","type":"product","link":"https:\/\/shopatoa.com\/cz\/trava-pro-kocky-trixie-sacek-100g\/","title":{"rendered":"Tr\u00e1va pro ko\u010dky Trixie s\u00e1\u010dek 100g"},"content":{"rendered":"<p>Tr\u00e1va pro ko\u010dky je d\u016fle\u017eit\u00e1.\u00a0Zlep\u0161uje tr\u00e1ven\u00ed u ko\u010dek a zabra\u0148uje tvorb\u011b chlupov\u00fdch chulvalc\u016f. Osivem t\u00e9to tr\u00e1vy je vysoce kvalitn\u00ed je\u010dmen. Je vhodn\u00e1 pro ko\u010dky \u017eij\u00edc\u00ed doma.\u00a0<\/p>\n<p>\tV s\u00e1\u010dku<br \/>\n\tJemn\u00e1<br \/>\n\tS vitam\u00edny<\/p>\n<p>N\u00e1vod k p\u011bstov\u00e1n\u00ed:<\/p>\n<p>\tP\u0159ipravenou sm\u011bs nasypte do misky a zalijete vodou, jako kdy\u017e b\u011b\u017en\u011b zal\u00e9v\u00e1te pokojov\u00e9 rostliny.<br \/>\n\tMisku um\u00edst\u011bte na sv\u011btl\u00e9 a tepl\u00e9 m\u00edsto.<br \/>\n\tP\u0159ibli\u017en\u011b t\u0159et\u00ed den za\u010dne tr\u00e1va kl\u00ed\u010dit. Pot\u00e9 udr\u017eujte vlhkost substr\u00e1tu pomoc\u00ed rozpra\u0161ova\u010de.<br \/>\n\tPo dosa\u017een\u00ed d\u00e9lky 4 &#8211; 5 cm m\u016f\u017eete ko\u010dce pod\u00e1vat.<\/p>\n<p>Misku um\u00edst\u011bte na takov\u00e9 m\u00edsto, aby k n\u00ed m\u011bla ko\u010dka dobr\u00fd p\u0159\u00edstup a tr\u00e1vu si mohla ukusovat dle vlastn\u00ed pot\u0159eby.<\/p>\n","protected":false},"excerpt":{"rendered":"<p>Tr\u00e1va pro ko\u010dky je d\u016fle\u017eit\u00e1.\u00a0Zlep\u0161uje tr\u00e1ven\u00ed u ko\u010dek a zabra\u0148uje tvorb\u011b chlupov\u00fdch chulvalc\u016f. Osivem t\u00e9to tr\u00e1vy je vysoce kvalitn\u00ed je\u010dmen. Je vhodn\u00e1 pro ko\u010dky \u017eij\u00edc\u00ed doma.\u00a0 V s\u00e1\u010dku Jemn\u00e1 S vitam\u00edny N\u00e1vod k p\u011bstov\u00e1n\u00ed: P\u0159ipravenou sm\u011bs nasypte do misky a zalijete vodou, jako kdy\u017e b\u011b\u017en\u011b zal\u00e9v\u00e1te pokojov\u00e9 rostliny. Misku um\u00edst\u011bte na sv\u011btl\u00e9 a tepl\u00e9 m\u00edsto&#8230;.<\/p>\n","protected":false},"featured_media":242624,"comment_status":"closed","ping_status":"open","template":"","meta":{"_acf_changed":false,"_kadence_starter_templates_imported_post":false,"_kad_post_transparent":"","_kad_post_title":"","_kad_post_layout":"","_kad_post_sidebar_id":"","_kad_post_content_style":"","_kad_post_vertical_padding":"","_kad_post_feature":"","_kad_post_feature_position":"","_kad_post_header":false,"_kad_post_footer":false,"_kad_post_classname":""},"product_brand":[2047],"product_cat":[436,1465,2581,1464],"product_tag":[],"class_list":{"0":"post-242623","1":"product","2":"type-product","3":"status-publish","4":"has-post-thumbnail","6":"product_brand-trixie","7":"product_cat-chovatelske-potreby-2","8":"product_cat-krmivo-pro-kocky-pro-kocky-chovatelske-potreby-2","9":"product_cat-pamlsky-pro-kocky","10":"product_cat-pro-kocky-chovatelske-potreby-2","11":"pa_obchod-superzoo-cz","13":"first","14":"instock","15":"product-type-external","16":"entry","17":"content-bg","18":"loop-entry"},"acf":[],"yoast_head":"<!-- This site is optimized with the Yoast SEO plugin v27.4 - https:\/\/yoast.com\/product\/yoast-seo-wordpress\/ -->\n<title>Tr\u00e1va pro ko\u010dky Trixie s\u00e1\u010dek 100g - SHOPATOA.COM<\/title>\n<meta name=\"robots\" content=\"index, follow, max-snippet:-1, max-image-preview:large, max-video-preview:-1\" \/>\n<link rel=\"canonical\" href=\"https:\/\/shopatoa.com\/cz\/trava-pro-kocky-trixie-sacek-100g\/\" \/>\n<meta property=\"og:locale\" content=\"cs_CZ\" \/>\n<meta property=\"og:type\" content=\"article\" \/>\n<meta property=\"og:title\" content=\"Tr\u00e1va pro ko\u010dky Trixie s\u00e1\u010dek 100g - SHOPATOA.COM\" \/>\n<meta property=\"og:description\" content=\"Tr\u00e1va pro ko\u010dky je d\u016fle\u017eit\u00e1.\u00a0Zlep\u0161uje tr\u00e1ven\u00ed u ko\u010dek a zabra\u0148uje tvorb\u011b chlupov\u00fdch chulvalc\u016f. Osivem t\u00e9to tr\u00e1vy je vysoce kvalitn\u00ed je\u010dmen. Je vhodn\u00e1 pro ko\u010dky \u017eij\u00edc\u00ed doma.\u00a0 V s\u00e1\u010dku Jemn\u00e1 S vitam\u00edny N\u00e1vod k p\u011bstov\u00e1n\u00ed: P\u0159ipravenou sm\u011bs nasypte do misky a zalijete vodou, jako kdy\u017e b\u011b\u017en\u011b zal\u00e9v\u00e1te pokojov\u00e9 rostliny. Misku um\u00edst\u011bte na sv\u011btl\u00e9 a tepl\u00e9 m\u00edsto....\" \/>\n<meta property=\"og:url\" content=\"https:\/\/shopatoa.com\/cz\/trava-pro-kocky-trixie-sacek-100g\/\" \/>\n<meta property=\"og:site_name\" content=\"SHOPATOA\" \/>\n<meta property=\"article:modified_time\" content=\"2026-02-04T04:00:23+00:00\" \/>\n<meta property=\"og:image\" content=\"https:\/\/storage.googleapis.com\/cz-shopatoa-img\/cz\/8f2597c1-1_34261.jpg\" \/>\n\t<meta property=\"og:image:width\" content=\"600\" \/>\n\t<meta property=\"og:image:height\" content=\"600\" \/>\n\t<meta property=\"og:image:type\" content=\"image\/jpeg\" \/>\n<meta name=\"twitter:card\" content=\"summary_large_image\" \/>\n<meta name=\"twitter:label1\" content=\"Odhadovan\u00e1 doba \u010dten\u00ed\" \/>\n\t<meta name=\"twitter:data1\" content=\"1 minuta\" \/>\n<script type=\"application\/ld+json\" class=\"yoast-schema-graph\">{\"@context\":\"https:\\\/\\\/schema.org\",\"@graph\":[{\"@type\":\"WebPage\",\"@id\":\"https:\\\/\\\/shopatoa.com\\\/cz\\\/trava-pro-kocky-trixie-sacek-100g\\\/\",\"url\":\"https:\\\/\\\/shopatoa.com\\\/cz\\\/trava-pro-kocky-trixie-sacek-100g\\\/\",\"name\":\"Tr\u00e1va pro ko\u010dky Trixie s\u00e1\u010dek 100g - SHOPATOA.COM\",\"isPartOf\":{\"@id\":\"https:\\\/\\\/shopatoa.com\\\/cz\\\/#website\"},\"primaryImageOfPage\":{\"@id\":\"https:\\\/\\\/shopatoa.com\\\/cz\\\/trava-pro-kocky-trixie-sacek-100g\\\/#primaryimage\"},\"image\":{\"@id\":\"https:\\\/\\\/shopatoa.com\\\/cz\\\/trava-pro-kocky-trixie-sacek-100g\\\/#primaryimage\"},\"thumbnailUrl\":\"https:\\\/\\\/storage.googleapis.com\\\/cz-shopatoa-img\\\/cz\\\/8f2597c1-1_34261.jpg\",\"datePublished\":\"2025-04-02T06:55:12+00:00\",\"dateModified\":\"2026-02-04T04:00:23+00:00\",\"breadcrumb\":{\"@id\":\"https:\\\/\\\/shopatoa.com\\\/cz\\\/trava-pro-kocky-trixie-sacek-100g\\\/#breadcrumb\"},\"inLanguage\":\"cs\",\"potentialAction\":[{\"@type\":\"ReadAction\",\"target\":[\"https:\\\/\\\/shopatoa.com\\\/cz\\\/trava-pro-kocky-trixie-sacek-100g\\\/\"]}]},{\"@type\":\"ImageObject\",\"inLanguage\":\"cs\",\"@id\":\"https:\\\/\\\/shopatoa.com\\\/cz\\\/trava-pro-kocky-trixie-sacek-100g\\\/#primaryimage\",\"url\":\"https:\\\/\\\/storage.googleapis.com\\\/cz-shopatoa-img\\\/cz\\\/8f2597c1-1_34261.jpg\",\"contentUrl\":\"https:\\\/\\\/storage.googleapis.com\\\/cz-shopatoa-img\\\/cz\\\/8f2597c1-1_34261.jpg\",\"width\":600,\"height\":600},{\"@type\":\"BreadcrumbList\",\"@id\":\"https:\\\/\\\/shopatoa.com\\\/cz\\\/trava-pro-kocky-trixie-sacek-100g\\\/#breadcrumb\",\"itemListElement\":[{\"@type\":\"ListItem\",\"position\":1,\"name\":\"Dom\u016f\",\"item\":\"https:\\\/\\\/shopatoa.com\\\/cz\\\/\"},{\"@type\":\"ListItem\",\"position\":2,\"name\":\"Produkty\",\"item\":\"https:\\\/\\\/shopatoa.com\\\/cz\\\/shop\\\/\"},{\"@type\":\"ListItem\",\"position\":3,\"name\":\"Chovatelsk\u00e9 pot\u0159eby\",\"item\":\"https:\\\/\\\/shopatoa.com\\\/cz\\\/chovatelske-potreby-2\\\/\"},{\"@type\":\"ListItem\",\"position\":4,\"name\":\"Pro ko\u010dky\",\"item\":\"https:\\\/\\\/shopatoa.com\\\/cz\\\/pro-kocky-chovatelske-potreby-2\\\/\"},{\"@type\":\"ListItem\",\"position\":5,\"name\":\"Krmivo pro ko\u010dky\",\"item\":\"https:\\\/\\\/shopatoa.com\\\/cz\\\/krmivo-pro-kocky-pro-kocky-chovatelske-potreby-2\\\/\"},{\"@type\":\"ListItem\",\"position\":6,\"name\":\"Pamlsky pro ko\u010dky\",\"item\":\"https:\\\/\\\/shopatoa.com\\\/cz\\\/pamlsky-pro-kocky\\\/\"},{\"@type\":\"ListItem\",\"position\":7,\"name\":\"Tr\u00e1va pro ko\u010dky Trixie s\u00e1\u010dek 100g\"}]},{\"@type\":\"WebSite\",\"@id\":\"https:\\\/\\\/shopatoa.com\\\/cz\\\/#website\",\"url\":\"https:\\\/\\\/shopatoa.com\\\/cz\\\/\",\"name\":\"SHOPATOA\",\"description\":\"\",\"publisher\":{\"@id\":\"https:\\\/\\\/shopatoa.com\\\/cz\\\/#organization\"},\"potentialAction\":[{\"@type\":\"SearchAction\",\"target\":{\"@type\":\"EntryPoint\",\"urlTemplate\":\"https:\\\/\\\/shopatoa.com\\\/cz\\\/?s={search_term_string}\"},\"query-input\":{\"@type\":\"PropertyValueSpecification\",\"valueRequired\":true,\"valueName\":\"search_term_string\"}}],\"inLanguage\":\"cs\"},{\"@type\":\"Organization\",\"@id\":\"https:\\\/\\\/shopatoa.com\\\/cz\\\/#organization\",\"name\":\"SHOPATOA Digital s.r.o.\",\"url\":\"https:\\\/\\\/shopatoa.com\\\/cz\\\/\",\"logo\":{\"@type\":\"ImageObject\",\"inLanguage\":\"cs\",\"@id\":\"https:\\\/\\\/shopatoa.com\\\/cz\\\/#\\\/schema\\\/logo\\\/image\\\/\",\"url\":\"https:\\\/\\\/storage.googleapis.com\\\/cz-shopatoa-img\\\/cz\\\/ebccf434-shopatoa_logo.png\",\"contentUrl\":\"https:\\\/\\\/storage.googleapis.com\\\/cz-shopatoa-img\\\/cz\\\/ebccf434-shopatoa_logo.png\",\"width\":416,\"height\":63,\"caption\":\"SHOPATOA Digital s.r.o.\"},\"image\":{\"@id\":\"https:\\\/\\\/shopatoa.com\\\/cz\\\/#\\\/schema\\\/logo\\\/image\\\/\"}}]}<\/script>\n<!-- \/ Yoast SEO plugin. -->","yoast_head_json":{"title":"Tr\u00e1va pro ko\u010dky Trixie s\u00e1\u010dek 100g - SHOPATOA.COM","robots":{"index":"index","follow":"follow","max-snippet":"max-snippet:-1","max-image-preview":"max-image-preview:large","max-video-preview":"max-video-preview:-1"},"canonical":"https:\/\/shopatoa.com\/cz\/trava-pro-kocky-trixie-sacek-100g\/","og_locale":"cs_CZ","og_type":"article","og_title":"Tr\u00e1va pro ko\u010dky Trixie s\u00e1\u010dek 100g - SHOPATOA.COM","og_description":"Tr\u00e1va pro ko\u010dky je d\u016fle\u017eit\u00e1.\u00a0Zlep\u0161uje tr\u00e1ven\u00ed u ko\u010dek a zabra\u0148uje tvorb\u011b chlupov\u00fdch chulvalc\u016f. Osivem t\u00e9to tr\u00e1vy je vysoce kvalitn\u00ed je\u010dmen. Je vhodn\u00e1 pro ko\u010dky \u017eij\u00edc\u00ed doma.\u00a0 V s\u00e1\u010dku Jemn\u00e1 S vitam\u00edny N\u00e1vod k p\u011bstov\u00e1n\u00ed: P\u0159ipravenou sm\u011bs nasypte do misky a zalijete vodou, jako kdy\u017e b\u011b\u017en\u011b zal\u00e9v\u00e1te pokojov\u00e9 rostliny. Misku um\u00edst\u011bte na sv\u011btl\u00e9 a tepl\u00e9 m\u00edsto....","og_url":"https:\/\/shopatoa.com\/cz\/trava-pro-kocky-trixie-sacek-100g\/","og_site_name":"SHOPATOA","article_modified_time":"2026-02-04T04:00:23+00:00","og_image":[{"width":600,"height":600,"url":"https:\/\/storage.googleapis.com\/cz-shopatoa-img\/cz\/8f2597c1-1_34261.jpg","type":"image\/jpeg"}],"twitter_card":"summary_large_image","twitter_misc":{"Odhadovan\u00e1 doba \u010dten\u00ed":"1 minuta"},"schema":{"@context":"https:\/\/schema.org","@graph":[{"@type":"WebPage","@id":"https:\/\/shopatoa.com\/cz\/trava-pro-kocky-trixie-sacek-100g\/","url":"https:\/\/shopatoa.com\/cz\/trava-pro-kocky-trixie-sacek-100g\/","name":"Tr\u00e1va pro ko\u010dky Trixie s\u00e1\u010dek 100g - SHOPATOA.COM","isPartOf":{"@id":"https:\/\/shopatoa.com\/cz\/#website"},"primaryImageOfPage":{"@id":"https:\/\/shopatoa.com\/cz\/trava-pro-kocky-trixie-sacek-100g\/#primaryimage"},"image":{"@id":"https:\/\/shopatoa.com\/cz\/trava-pro-kocky-trixie-sacek-100g\/#primaryimage"},"thumbnailUrl":"https:\/\/storage.googleapis.com\/cz-shopatoa-img\/cz\/8f2597c1-1_34261.jpg","datePublished":"2025-04-02T06:55:12+00:00","dateModified":"2026-02-04T04:00:23+00:00","breadcrumb":{"@id":"https:\/\/shopatoa.com\/cz\/trava-pro-kocky-trixie-sacek-100g\/#breadcrumb"},"inLanguage":"cs","potentialAction":[{"@type":"ReadAction","target":["https:\/\/shopatoa.com\/cz\/trava-pro-kocky-trixie-sacek-100g\/"]}]},{"@type":"ImageObject","inLanguage":"cs","@id":"https:\/\/shopatoa.com\/cz\/trava-pro-kocky-trixie-sacek-100g\/#primaryimage","url":"https:\/\/storage.googleapis.com\/cz-shopatoa-img\/cz\/8f2597c1-1_34261.jpg","contentUrl":"https:\/\/storage.googleapis.com\/cz-shopatoa-img\/cz\/8f2597c1-1_34261.jpg","width":600,"height":600},{"@type":"BreadcrumbList","@id":"https:\/\/shopatoa.com\/cz\/trava-pro-kocky-trixie-sacek-100g\/#breadcrumb","itemListElement":[{"@type":"ListItem","position":1,"name":"Dom\u016f","item":"https:\/\/shopatoa.com\/cz\/"},{"@type":"ListItem","position":2,"name":"Produkty","item":"https:\/\/shopatoa.com\/cz\/shop\/"},{"@type":"ListItem","position":3,"name":"Chovatelsk\u00e9 pot\u0159eby","item":"https:\/\/shopatoa.com\/cz\/chovatelske-potreby-2\/"},{"@type":"ListItem","position":4,"name":"Pro ko\u010dky","item":"https:\/\/shopatoa.com\/cz\/pro-kocky-chovatelske-potreby-2\/"},{"@type":"ListItem","position":5,"name":"Krmivo pro ko\u010dky","item":"https:\/\/shopatoa.com\/cz\/krmivo-pro-kocky-pro-kocky-chovatelske-potreby-2\/"},{"@type":"ListItem","position":6,"name":"Pamlsky pro ko\u010dky","item":"https:\/\/shopatoa.com\/cz\/pamlsky-pro-kocky\/"},{"@type":"ListItem","position":7,"name":"Tr\u00e1va pro ko\u010dky Trixie s\u00e1\u010dek 100g"}]},{"@type":"WebSite","@id":"https:\/\/shopatoa.com\/cz\/#website","url":"https:\/\/shopatoa.com\/cz\/","name":"SHOPATOA","description":"","publisher":{"@id":"https:\/\/shopatoa.com\/cz\/#organization"},"potentialAction":[{"@type":"SearchAction","target":{"@type":"EntryPoint","urlTemplate":"https:\/\/shopatoa.com\/cz\/?s={search_term_string}"},"query-input":{"@type":"PropertyValueSpecification","valueRequired":true,"valueName":"search_term_string"}}],"inLanguage":"cs"},{"@type":"Organization","@id":"https:\/\/shopatoa.com\/cz\/#organization","name":"SHOPATOA Digital s.r.o.","url":"https:\/\/shopatoa.com\/cz\/","logo":{"@type":"ImageObject","inLanguage":"cs","@id":"https:\/\/shopatoa.com\/cz\/#\/schema\/logo\/image\/","url":"https:\/\/storage.googleapis.com\/cz-shopatoa-img\/cz\/ebccf434-shopatoa_logo.png","contentUrl":"https:\/\/storage.googleapis.com\/cz-shopatoa-img\/cz\/ebccf434-shopatoa_logo.png","width":416,"height":63,"caption":"SHOPATOA Digital s.r.o."},"image":{"@id":"https:\/\/shopatoa.com\/cz\/#\/schema\/logo\/image\/"}}]}},"_links":{"self":[{"href":"https:\/\/shopatoa.com\/cz\/wp-json\/wp\/v2\/product\/242623","targetHints":{"allow":["GET"]}}],"collection":[{"href":"https:\/\/shopatoa.com\/cz\/wp-json\/wp\/v2\/product"}],"about":[{"href":"https:\/\/shopatoa.com\/cz\/wp-json\/wp\/v2\/types\/product"}],"replies":[{"embeddable":true,"href":"https:\/\/shopatoa.com\/cz\/wp-json\/wp\/v2\/comments?post=242623"}],"wp:featuredmedia":[{"embeddable":true,"href":"https:\/\/shopatoa.com\/cz\/wp-json\/wp\/v2\/media\/242624"}],"wp:attachment":[{"href":"https:\/\/shopatoa.com\/cz\/wp-json\/wp\/v2\/media?parent=242623"}],"wp:term":[{"taxonomy":"product_brand","embeddable":true,"href":"https:\/\/shopatoa.com\/cz\/wp-json\/wp\/v2\/product_brand?post=242623"},{"taxonomy":"product_cat","embeddable":true,"href":"https:\/\/shopatoa.com\/cz\/wp-json\/wp\/v2\/product_cat?post=242623"},{"taxonomy":"product_tag","embeddable":true,"href":"https:\/\/shopatoa.com\/cz\/wp-json\/wp\/v2\/product_tag?post=242623"}],"curies":[{"name":"wp","href":"https:\/\/api.w.org\/{rel}","templated":true}]}}