{"id":242801,"date":"2025-04-02T09:26:24","date_gmt":"2025-04-02T07:26:24","guid":{"rendered":"https:\/\/shopatoa.com\/cz\/?post_type=product&#038;p=242801"},"modified":"2026-02-02T10:18:44","modified_gmt":"2026-02-02T09:18:44","slug":"pinzeta-na-klistata-trixie","status":"publish","type":"product","link":"https:\/\/shopatoa.com\/cz\/pinzeta-na-klistata-trixie\/","title":{"rendered":"Pinzeta na kl\u00ed\u0161\u0165ata Trixie"},"content":{"rendered":"<p>Pinzeta na kl\u00ed\u0161\u0165ata.<\/p>\n<p>\tZ kvalitn\u00edho plastu<br \/>\n\tD\u00e9lka 9cm<br \/>\n\tR\u016fzn\u00e9 barvy<\/p>\n<p>Pou\u017eit\u00ed<\/p>\n<p>Stiskn\u011bte tla\u010d\u00edtko na konci pinzety, otev\u0159ou se tak kle\u0161t\u011b. Kl\u00ed\u0161t\u011b uchopte t\u011bsn\u011b pod jeho hlavi\u010dkou a pomalu pinzetou ot\u00e1\u010dejte, dokud se kl\u00ed\u0161t\u011b nepust\u00ed. Sm\u011br ot\u00e1\u010den\u00ed nen\u00ed d\u016fle\u017eit\u00fd. Po vyta\u017een\u00ed je vhodn\u00e9 r\u00e1nu vydesinfikovat.<\/p>\n","protected":false},"excerpt":{"rendered":"<p>Pinzeta na kl\u00ed\u0161\u0165ata. Z kvalitn\u00edho plastu D\u00e9lka 9cm R\u016fzn\u00e9 barvy Pou\u017eit\u00ed Stiskn\u011bte tla\u010d\u00edtko na konci pinzety, otev\u0159ou se tak kle\u0161t\u011b. Kl\u00ed\u0161t\u011b uchopte t\u011bsn\u011b pod jeho hlavi\u010dkou a pomalu pinzetou ot\u00e1\u010dejte, dokud se kl\u00ed\u0161t\u011b nepust\u00ed. Sm\u011br ot\u00e1\u010den\u00ed nen\u00ed d\u016fle\u017eit\u00fd. Po vyta\u017een\u00ed je vhodn\u00e9 r\u00e1nu vydesinfikovat.<\/p>\n","protected":false},"featured_media":242802,"comment_status":"closed","ping_status":"open","template":"","meta":{"_acf_changed":false,"_kadence_starter_templates_imported_post":false,"_kad_post_transparent":"","_kad_post_title":"","_kad_post_layout":"","_kad_post_sidebar_id":"","_kad_post_content_style":"","_kad_post_vertical_padding":"","_kad_post_feature":"","_kad_post_feature_position":"","_kad_post_header":false,"_kad_post_footer":false,"_kad_post_classname":""},"product_brand":[2047],"product_cat":[436,739,2546],"product_tag":[],"class_list":{"0":"post-242801","1":"product","2":"type-product","3":"status-publish","4":"has-post-thumbnail","6":"product_brand-trixie","7":"product_cat-chovatelske-potreby-2","8":"product_cat-pro-psy-chovatelske-potreby-2","9":"product_cat-vycvik-a-psi-sporty","10":"pa_obchod-superzoo-cz","12":"first","13":"instock","14":"product-type-external","15":"entry","16":"content-bg","17":"loop-entry"},"acf":[],"yoast_head":"<!-- This site is optimized with the Yoast SEO plugin v27.4 - https:\/\/yoast.com\/product\/yoast-seo-wordpress\/ -->\n<title>Pinzeta na kl\u00ed\u0161\u0165ata Trixie - SHOPATOA.COM<\/title>\n<meta name=\"robots\" content=\"index, follow, max-snippet:-1, max-image-preview:large, max-video-preview:-1\" \/>\n<link rel=\"canonical\" href=\"https:\/\/shopatoa.com\/cz\/pinzeta-na-klistata-trixie\/\" \/>\n<meta property=\"og:locale\" content=\"cs_CZ\" \/>\n<meta property=\"og:type\" content=\"article\" \/>\n<meta property=\"og:title\" content=\"Pinzeta na kl\u00ed\u0161\u0165ata Trixie - SHOPATOA.COM\" \/>\n<meta property=\"og:description\" content=\"Pinzeta na kl\u00ed\u0161\u0165ata. Z kvalitn\u00edho plastu D\u00e9lka 9cm R\u016fzn\u00e9 barvy Pou\u017eit\u00ed Stiskn\u011bte tla\u010d\u00edtko na konci pinzety, otev\u0159ou se tak kle\u0161t\u011b. Kl\u00ed\u0161t\u011b uchopte t\u011bsn\u011b pod jeho hlavi\u010dkou a pomalu pinzetou ot\u00e1\u010dejte, dokud se kl\u00ed\u0161t\u011b nepust\u00ed. Sm\u011br ot\u00e1\u010den\u00ed nen\u00ed d\u016fle\u017eit\u00fd. Po vyta\u017een\u00ed je vhodn\u00e9 r\u00e1nu vydesinfikovat.\" \/>\n<meta property=\"og:url\" content=\"https:\/\/shopatoa.com\/cz\/pinzeta-na-klistata-trixie\/\" \/>\n<meta property=\"og:site_name\" content=\"SHOPATOA\" \/>\n<meta property=\"article:modified_time\" content=\"2026-02-02T09:18:44+00:00\" \/>\n<meta property=\"og:image\" content=\"https:\/\/storage.googleapis.com\/cz-shopatoa-img\/cz\/7ab7e1f2-1_28644.jpg\" \/>\n\t<meta property=\"og:image:width\" content=\"600\" \/>\n\t<meta property=\"og:image:height\" content=\"600\" \/>\n\t<meta property=\"og:image:type\" content=\"image\/jpeg\" \/>\n<meta name=\"twitter:card\" content=\"summary_large_image\" \/>\n<script type=\"application\/ld+json\" class=\"yoast-schema-graph\">{\"@context\":\"https:\\\/\\\/schema.org\",\"@graph\":[{\"@type\":\"WebPage\",\"@id\":\"https:\\\/\\\/shopatoa.com\\\/cz\\\/pinzeta-na-klistata-trixie\\\/\",\"url\":\"https:\\\/\\\/shopatoa.com\\\/cz\\\/pinzeta-na-klistata-trixie\\\/\",\"name\":\"Pinzeta na kl\u00ed\u0161\u0165ata Trixie - SHOPATOA.COM\",\"isPartOf\":{\"@id\":\"https:\\\/\\\/shopatoa.com\\\/cz\\\/#website\"},\"primaryImageOfPage\":{\"@id\":\"https:\\\/\\\/shopatoa.com\\\/cz\\\/pinzeta-na-klistata-trixie\\\/#primaryimage\"},\"image\":{\"@id\":\"https:\\\/\\\/shopatoa.com\\\/cz\\\/pinzeta-na-klistata-trixie\\\/#primaryimage\"},\"thumbnailUrl\":\"https:\\\/\\\/storage.googleapis.com\\\/cz-shopatoa-img\\\/cz\\\/7ab7e1f2-1_28644.jpg\",\"datePublished\":\"2025-04-02T07:26:24+00:00\",\"dateModified\":\"2026-02-02T09:18:44+00:00\",\"breadcrumb\":{\"@id\":\"https:\\\/\\\/shopatoa.com\\\/cz\\\/pinzeta-na-klistata-trixie\\\/#breadcrumb\"},\"inLanguage\":\"cs\",\"potentialAction\":[{\"@type\":\"ReadAction\",\"target\":[\"https:\\\/\\\/shopatoa.com\\\/cz\\\/pinzeta-na-klistata-trixie\\\/\"]}]},{\"@type\":\"ImageObject\",\"inLanguage\":\"cs\",\"@id\":\"https:\\\/\\\/shopatoa.com\\\/cz\\\/pinzeta-na-klistata-trixie\\\/#primaryimage\",\"url\":\"https:\\\/\\\/storage.googleapis.com\\\/cz-shopatoa-img\\\/cz\\\/7ab7e1f2-1_28644.jpg\",\"contentUrl\":\"https:\\\/\\\/storage.googleapis.com\\\/cz-shopatoa-img\\\/cz\\\/7ab7e1f2-1_28644.jpg\",\"width\":600,\"height\":600},{\"@type\":\"BreadcrumbList\",\"@id\":\"https:\\\/\\\/shopatoa.com\\\/cz\\\/pinzeta-na-klistata-trixie\\\/#breadcrumb\",\"itemListElement\":[{\"@type\":\"ListItem\",\"position\":1,\"name\":\"Dom\u016f\",\"item\":\"https:\\\/\\\/shopatoa.com\\\/cz\\\/\"},{\"@type\":\"ListItem\",\"position\":2,\"name\":\"Produkty\",\"item\":\"https:\\\/\\\/shopatoa.com\\\/cz\\\/shop\\\/\"},{\"@type\":\"ListItem\",\"position\":3,\"name\":\"Chovatelsk\u00e9 pot\u0159eby\",\"item\":\"https:\\\/\\\/shopatoa.com\\\/cz\\\/chovatelske-potreby-2\\\/\"},{\"@type\":\"ListItem\",\"position\":4,\"name\":\"Pro psy\",\"item\":\"https:\\\/\\\/shopatoa.com\\\/cz\\\/pro-psy-chovatelske-potreby-2\\\/\"},{\"@type\":\"ListItem\",\"position\":5,\"name\":\"V\u00fdcvik a ps\u00ed sporty\",\"item\":\"https:\\\/\\\/shopatoa.com\\\/cz\\\/vycvik-a-psi-sporty\\\/\"},{\"@type\":\"ListItem\",\"position\":6,\"name\":\"Pinzeta na kl\u00ed\u0161\u0165ata Trixie\"}]},{\"@type\":\"WebSite\",\"@id\":\"https:\\\/\\\/shopatoa.com\\\/cz\\\/#website\",\"url\":\"https:\\\/\\\/shopatoa.com\\\/cz\\\/\",\"name\":\"SHOPATOA\",\"description\":\"\",\"publisher\":{\"@id\":\"https:\\\/\\\/shopatoa.com\\\/cz\\\/#organization\"},\"potentialAction\":[{\"@type\":\"SearchAction\",\"target\":{\"@type\":\"EntryPoint\",\"urlTemplate\":\"https:\\\/\\\/shopatoa.com\\\/cz\\\/?s={search_term_string}\"},\"query-input\":{\"@type\":\"PropertyValueSpecification\",\"valueRequired\":true,\"valueName\":\"search_term_string\"}}],\"inLanguage\":\"cs\"},{\"@type\":\"Organization\",\"@id\":\"https:\\\/\\\/shopatoa.com\\\/cz\\\/#organization\",\"name\":\"SHOPATOA Digital s.r.o.\",\"url\":\"https:\\\/\\\/shopatoa.com\\\/cz\\\/\",\"logo\":{\"@type\":\"ImageObject\",\"inLanguage\":\"cs\",\"@id\":\"https:\\\/\\\/shopatoa.com\\\/cz\\\/#\\\/schema\\\/logo\\\/image\\\/\",\"url\":\"https:\\\/\\\/storage.googleapis.com\\\/cz-shopatoa-img\\\/cz\\\/ebccf434-shopatoa_logo.png\",\"contentUrl\":\"https:\\\/\\\/storage.googleapis.com\\\/cz-shopatoa-img\\\/cz\\\/ebccf434-shopatoa_logo.png\",\"width\":416,\"height\":63,\"caption\":\"SHOPATOA Digital s.r.o.\"},\"image\":{\"@id\":\"https:\\\/\\\/shopatoa.com\\\/cz\\\/#\\\/schema\\\/logo\\\/image\\\/\"}}]}<\/script>\n<!-- \/ Yoast SEO plugin. -->","yoast_head_json":{"title":"Pinzeta na kl\u00ed\u0161\u0165ata Trixie - SHOPATOA.COM","robots":{"index":"index","follow":"follow","max-snippet":"max-snippet:-1","max-image-preview":"max-image-preview:large","max-video-preview":"max-video-preview:-1"},"canonical":"https:\/\/shopatoa.com\/cz\/pinzeta-na-klistata-trixie\/","og_locale":"cs_CZ","og_type":"article","og_title":"Pinzeta na kl\u00ed\u0161\u0165ata Trixie - SHOPATOA.COM","og_description":"Pinzeta na kl\u00ed\u0161\u0165ata. Z kvalitn\u00edho plastu D\u00e9lka 9cm R\u016fzn\u00e9 barvy Pou\u017eit\u00ed Stiskn\u011bte tla\u010d\u00edtko na konci pinzety, otev\u0159ou se tak kle\u0161t\u011b. Kl\u00ed\u0161t\u011b uchopte t\u011bsn\u011b pod jeho hlavi\u010dkou a pomalu pinzetou ot\u00e1\u010dejte, dokud se kl\u00ed\u0161t\u011b nepust\u00ed. Sm\u011br ot\u00e1\u010den\u00ed nen\u00ed d\u016fle\u017eit\u00fd. Po vyta\u017een\u00ed je vhodn\u00e9 r\u00e1nu vydesinfikovat.","og_url":"https:\/\/shopatoa.com\/cz\/pinzeta-na-klistata-trixie\/","og_site_name":"SHOPATOA","article_modified_time":"2026-02-02T09:18:44+00:00","og_image":[{"width":600,"height":600,"url":"https:\/\/storage.googleapis.com\/cz-shopatoa-img\/cz\/7ab7e1f2-1_28644.jpg","type":"image\/jpeg"}],"twitter_card":"summary_large_image","schema":{"@context":"https:\/\/schema.org","@graph":[{"@type":"WebPage","@id":"https:\/\/shopatoa.com\/cz\/pinzeta-na-klistata-trixie\/","url":"https:\/\/shopatoa.com\/cz\/pinzeta-na-klistata-trixie\/","name":"Pinzeta na kl\u00ed\u0161\u0165ata Trixie - SHOPATOA.COM","isPartOf":{"@id":"https:\/\/shopatoa.com\/cz\/#website"},"primaryImageOfPage":{"@id":"https:\/\/shopatoa.com\/cz\/pinzeta-na-klistata-trixie\/#primaryimage"},"image":{"@id":"https:\/\/shopatoa.com\/cz\/pinzeta-na-klistata-trixie\/#primaryimage"},"thumbnailUrl":"https:\/\/storage.googleapis.com\/cz-shopatoa-img\/cz\/7ab7e1f2-1_28644.jpg","datePublished":"2025-04-02T07:26:24+00:00","dateModified":"2026-02-02T09:18:44+00:00","breadcrumb":{"@id":"https:\/\/shopatoa.com\/cz\/pinzeta-na-klistata-trixie\/#breadcrumb"},"inLanguage":"cs","potentialAction":[{"@type":"ReadAction","target":["https:\/\/shopatoa.com\/cz\/pinzeta-na-klistata-trixie\/"]}]},{"@type":"ImageObject","inLanguage":"cs","@id":"https:\/\/shopatoa.com\/cz\/pinzeta-na-klistata-trixie\/#primaryimage","url":"https:\/\/storage.googleapis.com\/cz-shopatoa-img\/cz\/7ab7e1f2-1_28644.jpg","contentUrl":"https:\/\/storage.googleapis.com\/cz-shopatoa-img\/cz\/7ab7e1f2-1_28644.jpg","width":600,"height":600},{"@type":"BreadcrumbList","@id":"https:\/\/shopatoa.com\/cz\/pinzeta-na-klistata-trixie\/#breadcrumb","itemListElement":[{"@type":"ListItem","position":1,"name":"Dom\u016f","item":"https:\/\/shopatoa.com\/cz\/"},{"@type":"ListItem","position":2,"name":"Produkty","item":"https:\/\/shopatoa.com\/cz\/shop\/"},{"@type":"ListItem","position":3,"name":"Chovatelsk\u00e9 pot\u0159eby","item":"https:\/\/shopatoa.com\/cz\/chovatelske-potreby-2\/"},{"@type":"ListItem","position":4,"name":"Pro psy","item":"https:\/\/shopatoa.com\/cz\/pro-psy-chovatelske-potreby-2\/"},{"@type":"ListItem","position":5,"name":"V\u00fdcvik a ps\u00ed sporty","item":"https:\/\/shopatoa.com\/cz\/vycvik-a-psi-sporty\/"},{"@type":"ListItem","position":6,"name":"Pinzeta na kl\u00ed\u0161\u0165ata Trixie"}]},{"@type":"WebSite","@id":"https:\/\/shopatoa.com\/cz\/#website","url":"https:\/\/shopatoa.com\/cz\/","name":"SHOPATOA","description":"","publisher":{"@id":"https:\/\/shopatoa.com\/cz\/#organization"},"potentialAction":[{"@type":"SearchAction","target":{"@type":"EntryPoint","urlTemplate":"https:\/\/shopatoa.com\/cz\/?s={search_term_string}"},"query-input":{"@type":"PropertyValueSpecification","valueRequired":true,"valueName":"search_term_string"}}],"inLanguage":"cs"},{"@type":"Organization","@id":"https:\/\/shopatoa.com\/cz\/#organization","name":"SHOPATOA Digital s.r.o.","url":"https:\/\/shopatoa.com\/cz\/","logo":{"@type":"ImageObject","inLanguage":"cs","@id":"https:\/\/shopatoa.com\/cz\/#\/schema\/logo\/image\/","url":"https:\/\/storage.googleapis.com\/cz-shopatoa-img\/cz\/ebccf434-shopatoa_logo.png","contentUrl":"https:\/\/storage.googleapis.com\/cz-shopatoa-img\/cz\/ebccf434-shopatoa_logo.png","width":416,"height":63,"caption":"SHOPATOA Digital s.r.o."},"image":{"@id":"https:\/\/shopatoa.com\/cz\/#\/schema\/logo\/image\/"}}]}},"_links":{"self":[{"href":"https:\/\/shopatoa.com\/cz\/wp-json\/wp\/v2\/product\/242801","targetHints":{"allow":["GET"]}}],"collection":[{"href":"https:\/\/shopatoa.com\/cz\/wp-json\/wp\/v2\/product"}],"about":[{"href":"https:\/\/shopatoa.com\/cz\/wp-json\/wp\/v2\/types\/product"}],"replies":[{"embeddable":true,"href":"https:\/\/shopatoa.com\/cz\/wp-json\/wp\/v2\/comments?post=242801"}],"wp:featuredmedia":[{"embeddable":true,"href":"https:\/\/shopatoa.com\/cz\/wp-json\/wp\/v2\/media\/242802"}],"wp:attachment":[{"href":"https:\/\/shopatoa.com\/cz\/wp-json\/wp\/v2\/media?parent=242801"}],"wp:term":[{"taxonomy":"product_brand","embeddable":true,"href":"https:\/\/shopatoa.com\/cz\/wp-json\/wp\/v2\/product_brand?post=242801"},{"taxonomy":"product_cat","embeddable":true,"href":"https:\/\/shopatoa.com\/cz\/wp-json\/wp\/v2\/product_cat?post=242801"},{"taxonomy":"product_tag","embeddable":true,"href":"https:\/\/shopatoa.com\/cz\/wp-json\/wp\/v2\/product_tag?post=242801"}],"curies":[{"name":"wp","href":"https:\/\/api.w.org\/{rel}","templated":true}]}}