{"id":242813,"date":"2025-04-02T09:30:15","date_gmt":"2025-04-02T07:30:15","guid":{"rendered":"https:\/\/shopatoa.com\/cz\/?post_type=product&#038;p=242813"},"modified":"2026-02-01T15:00:09","modified_gmt":"2026-02-01T14:00:09","slug":"podlozka-pod-misky-trixie-4428cm-cerna","status":"publish","type":"product","link":"https:\/\/shopatoa.com\/cz\/podlozka-pod-misky-trixie-4428cm-cerna\/","title":{"rendered":"Podlo\u017eka pod misky Trixie 44*28cm \u010dern\u00e1"},"content":{"rendered":"<p>Protiskluzov\u00e1 podlo\u017eka pod misky va\u0161ich mazl\u00ed\u010dk\u016f. Je skv\u011bl\u00fdm dopl\u0148kem, kter\u00fd usnadn\u00ed krmen\u00ed. Zabra\u0148uje posouv\u00e1n\u00ed misky po podlaze. Vyrobena je z um\u011bl\u00e9 hmoty. Vhodn\u00e1 pro 2-3 misky.  Snadn\u00e1 \u00fadr\u017eba Z kvalitn\u00edho materi\u00e1lu \u010cern\u00e1 barva S potiskem Have a royal meal Velikost 44*28cm<\/p>\n","protected":false},"excerpt":{"rendered":"<p>Protiskluzov\u00e1 podlo\u017eka pod misky va\u0161ich mazl\u00ed\u010dk\u016f. Je skv\u011bl\u00fdm dopl\u0148kem, kter\u00fd usnadn\u00ed krmen\u00ed. Zabra\u0148uje posouv\u00e1n\u00ed misky po podlaze. Vyrobena je z um\u011bl\u00e9 hmoty. Vhodn\u00e1 pro 2-3 misky. Snadn\u00e1 \u00fadr\u017eba Z kvalitn\u00edho materi\u00e1lu \u010cern\u00e1 barva S potiskem Have a royal meal Velikost 44*28cm<\/p>\n","protected":false},"featured_media":242814,"comment_status":"closed","ping_status":"open","template":"","meta":{"_acf_changed":false,"_kadence_starter_templates_imported_post":false,"_kad_post_transparent":"","_kad_post_title":"","_kad_post_layout":"","_kad_post_sidebar_id":"","_kad_post_content_style":"","_kad_post_vertical_padding":"","_kad_post_feature":"","_kad_post_feature_position":"","_kad_post_header":false,"_kad_post_footer":false,"_kad_post_classname":""},"product_brand":[2047],"product_cat":[153,2641,2639,2640],"product_tag":[],"class_list":{"0":"post-242813","1":"product","2":"type-product","3":"status-publish","4":"has-post-thumbnail","6":"product_brand-trixie","7":"product_cat-hobby","8":"product_cat-podlozky-pod-ryby","9":"product_cat-rybarske-potreby","10":"product_cat-vyloveni-a-pece-o-ulovek","11":"pa_obchod-superzoo-cz","13":"first","14":"instock","15":"product-type-external","16":"entry","17":"content-bg","18":"loop-entry"},"acf":[],"yoast_head":"<!-- This site is optimized with the Yoast SEO plugin v27.4 - https:\/\/yoast.com\/product\/yoast-seo-wordpress\/ -->\n<title>Podlo\u017eka pod misky Trixie 44*28cm \u010dern\u00e1 - SHOPATOA.COM<\/title>\n<meta name=\"robots\" content=\"index, follow, max-snippet:-1, max-image-preview:large, max-video-preview:-1\" \/>\n<link rel=\"canonical\" href=\"https:\/\/shopatoa.com\/cz\/podlozka-pod-misky-trixie-4428cm-cerna\/\" \/>\n<meta property=\"og:locale\" content=\"cs_CZ\" \/>\n<meta property=\"og:type\" content=\"article\" \/>\n<meta property=\"og:title\" content=\"Podlo\u017eka pod misky Trixie 44*28cm \u010dern\u00e1 - SHOPATOA.COM\" \/>\n<meta property=\"og:description\" content=\"Protiskluzov\u00e1 podlo\u017eka pod misky va\u0161ich mazl\u00ed\u010dk\u016f. Je skv\u011bl\u00fdm dopl\u0148kem, kter\u00fd usnadn\u00ed krmen\u00ed. Zabra\u0148uje posouv\u00e1n\u00ed misky po podlaze. Vyrobena je z um\u011bl\u00e9 hmoty. Vhodn\u00e1 pro 2-3 misky. Snadn\u00e1 \u00fadr\u017eba Z kvalitn\u00edho materi\u00e1lu \u010cern\u00e1 barva S potiskem Have a royal meal Velikost 44*28cm\" \/>\n<meta property=\"og:url\" content=\"https:\/\/shopatoa.com\/cz\/podlozka-pod-misky-trixie-4428cm-cerna\/\" \/>\n<meta property=\"og:site_name\" content=\"SHOPATOA\" \/>\n<meta property=\"article:modified_time\" content=\"2026-02-01T14:00:09+00:00\" \/>\n<meta property=\"og:image\" content=\"https:\/\/storage.googleapis.com\/cz-shopatoa-img\/cz\/0721d449-1_25940.jpg\" \/>\n\t<meta property=\"og:image:width\" content=\"600\" \/>\n\t<meta property=\"og:image:height\" content=\"600\" \/>\n\t<meta property=\"og:image:type\" content=\"image\/jpeg\" \/>\n<meta name=\"twitter:card\" content=\"summary_large_image\" \/>\n<script type=\"application\/ld+json\" class=\"yoast-schema-graph\">{\"@context\":\"https:\\\/\\\/schema.org\",\"@graph\":[{\"@type\":\"WebPage\",\"@id\":\"https:\\\/\\\/shopatoa.com\\\/cz\\\/podlozka-pod-misky-trixie-4428cm-cerna\\\/\",\"url\":\"https:\\\/\\\/shopatoa.com\\\/cz\\\/podlozka-pod-misky-trixie-4428cm-cerna\\\/\",\"name\":\"Podlo\u017eka pod misky Trixie 44*28cm \u010dern\u00e1 - SHOPATOA.COM\",\"isPartOf\":{\"@id\":\"https:\\\/\\\/shopatoa.com\\\/cz\\\/#website\"},\"primaryImageOfPage\":{\"@id\":\"https:\\\/\\\/shopatoa.com\\\/cz\\\/podlozka-pod-misky-trixie-4428cm-cerna\\\/#primaryimage\"},\"image\":{\"@id\":\"https:\\\/\\\/shopatoa.com\\\/cz\\\/podlozka-pod-misky-trixie-4428cm-cerna\\\/#primaryimage\"},\"thumbnailUrl\":\"https:\\\/\\\/storage.googleapis.com\\\/cz-shopatoa-img\\\/cz\\\/0721d449-1_25940.jpg\",\"datePublished\":\"2025-04-02T07:30:15+00:00\",\"dateModified\":\"2026-02-01T14:00:09+00:00\",\"breadcrumb\":{\"@id\":\"https:\\\/\\\/shopatoa.com\\\/cz\\\/podlozka-pod-misky-trixie-4428cm-cerna\\\/#breadcrumb\"},\"inLanguage\":\"cs\",\"potentialAction\":[{\"@type\":\"ReadAction\",\"target\":[\"https:\\\/\\\/shopatoa.com\\\/cz\\\/podlozka-pod-misky-trixie-4428cm-cerna\\\/\"]}]},{\"@type\":\"ImageObject\",\"inLanguage\":\"cs\",\"@id\":\"https:\\\/\\\/shopatoa.com\\\/cz\\\/podlozka-pod-misky-trixie-4428cm-cerna\\\/#primaryimage\",\"url\":\"https:\\\/\\\/storage.googleapis.com\\\/cz-shopatoa-img\\\/cz\\\/0721d449-1_25940.jpg\",\"contentUrl\":\"https:\\\/\\\/storage.googleapis.com\\\/cz-shopatoa-img\\\/cz\\\/0721d449-1_25940.jpg\",\"width\":600,\"height\":600},{\"@type\":\"BreadcrumbList\",\"@id\":\"https:\\\/\\\/shopatoa.com\\\/cz\\\/podlozka-pod-misky-trixie-4428cm-cerna\\\/#breadcrumb\",\"itemListElement\":[{\"@type\":\"ListItem\",\"position\":1,\"name\":\"Dom\u016f\",\"item\":\"https:\\\/\\\/shopatoa.com\\\/cz\\\/\"},{\"@type\":\"ListItem\",\"position\":2,\"name\":\"Produkty\",\"item\":\"https:\\\/\\\/shopatoa.com\\\/cz\\\/shop\\\/\"},{\"@type\":\"ListItem\",\"position\":3,\"name\":\"Hobby\",\"item\":\"https:\\\/\\\/shopatoa.com\\\/cz\\\/hobby\\\/\"},{\"@type\":\"ListItem\",\"position\":4,\"name\":\"Ryb\u00e1\u0159sk\u00e9 pot\u0159eby\",\"item\":\"https:\\\/\\\/shopatoa.com\\\/cz\\\/rybarske-potreby\\\/\"},{\"@type\":\"ListItem\",\"position\":5,\"name\":\"Vyloven\u00ed a p\u00e9\u010de o \u00falovek\",\"item\":\"https:\\\/\\\/shopatoa.com\\\/cz\\\/vyloveni-a-pece-o-ulovek\\\/\"},{\"@type\":\"ListItem\",\"position\":6,\"name\":\"Podlo\u017eky pod ryby\",\"item\":\"https:\\\/\\\/shopatoa.com\\\/cz\\\/podlozky-pod-ryby\\\/\"},{\"@type\":\"ListItem\",\"position\":7,\"name\":\"Podlo\u017eka pod misky Trixie 44*28cm \u010dern\u00e1\"}]},{\"@type\":\"WebSite\",\"@id\":\"https:\\\/\\\/shopatoa.com\\\/cz\\\/#website\",\"url\":\"https:\\\/\\\/shopatoa.com\\\/cz\\\/\",\"name\":\"SHOPATOA\",\"description\":\"\",\"publisher\":{\"@id\":\"https:\\\/\\\/shopatoa.com\\\/cz\\\/#organization\"},\"potentialAction\":[{\"@type\":\"SearchAction\",\"target\":{\"@type\":\"EntryPoint\",\"urlTemplate\":\"https:\\\/\\\/shopatoa.com\\\/cz\\\/?s={search_term_string}\"},\"query-input\":{\"@type\":\"PropertyValueSpecification\",\"valueRequired\":true,\"valueName\":\"search_term_string\"}}],\"inLanguage\":\"cs\"},{\"@type\":\"Organization\",\"@id\":\"https:\\\/\\\/shopatoa.com\\\/cz\\\/#organization\",\"name\":\"SHOPATOA Digital s.r.o.\",\"url\":\"https:\\\/\\\/shopatoa.com\\\/cz\\\/\",\"logo\":{\"@type\":\"ImageObject\",\"inLanguage\":\"cs\",\"@id\":\"https:\\\/\\\/shopatoa.com\\\/cz\\\/#\\\/schema\\\/logo\\\/image\\\/\",\"url\":\"https:\\\/\\\/storage.googleapis.com\\\/cz-shopatoa-img\\\/cz\\\/ebccf434-shopatoa_logo.png\",\"contentUrl\":\"https:\\\/\\\/storage.googleapis.com\\\/cz-shopatoa-img\\\/cz\\\/ebccf434-shopatoa_logo.png\",\"width\":416,\"height\":63,\"caption\":\"SHOPATOA Digital s.r.o.\"},\"image\":{\"@id\":\"https:\\\/\\\/shopatoa.com\\\/cz\\\/#\\\/schema\\\/logo\\\/image\\\/\"}}]}<\/script>\n<!-- \/ Yoast SEO plugin. -->","yoast_head_json":{"title":"Podlo\u017eka pod misky Trixie 44*28cm \u010dern\u00e1 - SHOPATOA.COM","robots":{"index":"index","follow":"follow","max-snippet":"max-snippet:-1","max-image-preview":"max-image-preview:large","max-video-preview":"max-video-preview:-1"},"canonical":"https:\/\/shopatoa.com\/cz\/podlozka-pod-misky-trixie-4428cm-cerna\/","og_locale":"cs_CZ","og_type":"article","og_title":"Podlo\u017eka pod misky Trixie 44*28cm \u010dern\u00e1 - SHOPATOA.COM","og_description":"Protiskluzov\u00e1 podlo\u017eka pod misky va\u0161ich mazl\u00ed\u010dk\u016f. Je skv\u011bl\u00fdm dopl\u0148kem, kter\u00fd usnadn\u00ed krmen\u00ed. Zabra\u0148uje posouv\u00e1n\u00ed misky po podlaze. Vyrobena je z um\u011bl\u00e9 hmoty. Vhodn\u00e1 pro 2-3 misky. Snadn\u00e1 \u00fadr\u017eba Z kvalitn\u00edho materi\u00e1lu \u010cern\u00e1 barva S potiskem Have a royal meal Velikost 44*28cm","og_url":"https:\/\/shopatoa.com\/cz\/podlozka-pod-misky-trixie-4428cm-cerna\/","og_site_name":"SHOPATOA","article_modified_time":"2026-02-01T14:00:09+00:00","og_image":[{"width":600,"height":600,"url":"https:\/\/storage.googleapis.com\/cz-shopatoa-img\/cz\/0721d449-1_25940.jpg","type":"image\/jpeg"}],"twitter_card":"summary_large_image","schema":{"@context":"https:\/\/schema.org","@graph":[{"@type":"WebPage","@id":"https:\/\/shopatoa.com\/cz\/podlozka-pod-misky-trixie-4428cm-cerna\/","url":"https:\/\/shopatoa.com\/cz\/podlozka-pod-misky-trixie-4428cm-cerna\/","name":"Podlo\u017eka pod misky Trixie 44*28cm \u010dern\u00e1 - SHOPATOA.COM","isPartOf":{"@id":"https:\/\/shopatoa.com\/cz\/#website"},"primaryImageOfPage":{"@id":"https:\/\/shopatoa.com\/cz\/podlozka-pod-misky-trixie-4428cm-cerna\/#primaryimage"},"image":{"@id":"https:\/\/shopatoa.com\/cz\/podlozka-pod-misky-trixie-4428cm-cerna\/#primaryimage"},"thumbnailUrl":"https:\/\/storage.googleapis.com\/cz-shopatoa-img\/cz\/0721d449-1_25940.jpg","datePublished":"2025-04-02T07:30:15+00:00","dateModified":"2026-02-01T14:00:09+00:00","breadcrumb":{"@id":"https:\/\/shopatoa.com\/cz\/podlozka-pod-misky-trixie-4428cm-cerna\/#breadcrumb"},"inLanguage":"cs","potentialAction":[{"@type":"ReadAction","target":["https:\/\/shopatoa.com\/cz\/podlozka-pod-misky-trixie-4428cm-cerna\/"]}]},{"@type":"ImageObject","inLanguage":"cs","@id":"https:\/\/shopatoa.com\/cz\/podlozka-pod-misky-trixie-4428cm-cerna\/#primaryimage","url":"https:\/\/storage.googleapis.com\/cz-shopatoa-img\/cz\/0721d449-1_25940.jpg","contentUrl":"https:\/\/storage.googleapis.com\/cz-shopatoa-img\/cz\/0721d449-1_25940.jpg","width":600,"height":600},{"@type":"BreadcrumbList","@id":"https:\/\/shopatoa.com\/cz\/podlozka-pod-misky-trixie-4428cm-cerna\/#breadcrumb","itemListElement":[{"@type":"ListItem","position":1,"name":"Dom\u016f","item":"https:\/\/shopatoa.com\/cz\/"},{"@type":"ListItem","position":2,"name":"Produkty","item":"https:\/\/shopatoa.com\/cz\/shop\/"},{"@type":"ListItem","position":3,"name":"Hobby","item":"https:\/\/shopatoa.com\/cz\/hobby\/"},{"@type":"ListItem","position":4,"name":"Ryb\u00e1\u0159sk\u00e9 pot\u0159eby","item":"https:\/\/shopatoa.com\/cz\/rybarske-potreby\/"},{"@type":"ListItem","position":5,"name":"Vyloven\u00ed a p\u00e9\u010de o \u00falovek","item":"https:\/\/shopatoa.com\/cz\/vyloveni-a-pece-o-ulovek\/"},{"@type":"ListItem","position":6,"name":"Podlo\u017eky pod ryby","item":"https:\/\/shopatoa.com\/cz\/podlozky-pod-ryby\/"},{"@type":"ListItem","position":7,"name":"Podlo\u017eka pod misky Trixie 44*28cm \u010dern\u00e1"}]},{"@type":"WebSite","@id":"https:\/\/shopatoa.com\/cz\/#website","url":"https:\/\/shopatoa.com\/cz\/","name":"SHOPATOA","description":"","publisher":{"@id":"https:\/\/shopatoa.com\/cz\/#organization"},"potentialAction":[{"@type":"SearchAction","target":{"@type":"EntryPoint","urlTemplate":"https:\/\/shopatoa.com\/cz\/?s={search_term_string}"},"query-input":{"@type":"PropertyValueSpecification","valueRequired":true,"valueName":"search_term_string"}}],"inLanguage":"cs"},{"@type":"Organization","@id":"https:\/\/shopatoa.com\/cz\/#organization","name":"SHOPATOA Digital s.r.o.","url":"https:\/\/shopatoa.com\/cz\/","logo":{"@type":"ImageObject","inLanguage":"cs","@id":"https:\/\/shopatoa.com\/cz\/#\/schema\/logo\/image\/","url":"https:\/\/storage.googleapis.com\/cz-shopatoa-img\/cz\/ebccf434-shopatoa_logo.png","contentUrl":"https:\/\/storage.googleapis.com\/cz-shopatoa-img\/cz\/ebccf434-shopatoa_logo.png","width":416,"height":63,"caption":"SHOPATOA Digital s.r.o."},"image":{"@id":"https:\/\/shopatoa.com\/cz\/#\/schema\/logo\/image\/"}}]}},"_links":{"self":[{"href":"https:\/\/shopatoa.com\/cz\/wp-json\/wp\/v2\/product\/242813","targetHints":{"allow":["GET"]}}],"collection":[{"href":"https:\/\/shopatoa.com\/cz\/wp-json\/wp\/v2\/product"}],"about":[{"href":"https:\/\/shopatoa.com\/cz\/wp-json\/wp\/v2\/types\/product"}],"replies":[{"embeddable":true,"href":"https:\/\/shopatoa.com\/cz\/wp-json\/wp\/v2\/comments?post=242813"}],"wp:featuredmedia":[{"embeddable":true,"href":"https:\/\/shopatoa.com\/cz\/wp-json\/wp\/v2\/media\/242814"}],"wp:attachment":[{"href":"https:\/\/shopatoa.com\/cz\/wp-json\/wp\/v2\/media?parent=242813"}],"wp:term":[{"taxonomy":"product_brand","embeddable":true,"href":"https:\/\/shopatoa.com\/cz\/wp-json\/wp\/v2\/product_brand?post=242813"},{"taxonomy":"product_cat","embeddable":true,"href":"https:\/\/shopatoa.com\/cz\/wp-json\/wp\/v2\/product_cat?post=242813"},{"taxonomy":"product_tag","embeddable":true,"href":"https:\/\/shopatoa.com\/cz\/wp-json\/wp\/v2\/product_tag?post=242813"}],"curies":[{"name":"wp","href":"https:\/\/api.w.org\/{rel}","templated":true}]}}