{"id":243037,"date":"2025-04-02T10:10:43","date_gmt":"2025-04-02T08:10:43","guid":{"rendered":"https:\/\/shopatoa.com\/cz\/?post_type=product&#038;p=243037"},"modified":"2026-02-02T10:38:27","modified_gmt":"2026-02-02T09:38:27","slug":"napajecka-pro-hlodavce-trixie-250ml","status":"publish","type":"product","link":"https:\/\/shopatoa.com\/cz\/napajecka-pro-hlodavce-trixie-250ml\/","title":{"rendered":"Nap\u00e1je\u010dka pro hlodavce Trixie 250ml"},"content":{"rendered":"<p>Plastov\u00e1 nap\u00e1je\u010dka pro \u010di\u010dily a kr\u00e1l\u00edky.<\/p>\n<p>\tZ kvalitn\u00edho materi\u00e1lu<br \/>\n\tKulov\u00fd uz\u00e1v\u011br<br \/>\n\tObjem 250ml<br \/>\n\tSe \u0161roubem pro snadn\u00e9 uchycen\u00ed do klece<br \/>\n\tR\u016fzn\u00e9 barvy<\/p>\n","protected":false},"excerpt":{"rendered":"<p>Plastov\u00e1 nap\u00e1je\u010dka pro \u010di\u010dily a kr\u00e1l\u00edky. Z kvalitn\u00edho materi\u00e1lu Kulov\u00fd uz\u00e1v\u011br Objem 250ml Se \u0161roubem pro snadn\u00e9 uchycen\u00ed do klece R\u016fzn\u00e9 barvy<\/p>\n","protected":false},"featured_media":243038,"comment_status":"closed","ping_status":"open","template":"","meta":{"_acf_changed":false,"_kadence_starter_templates_imported_post":false,"_kad_post_transparent":"","_kad_post_title":"","_kad_post_layout":"","_kad_post_sidebar_id":"","_kad_post_content_style":"","_kad_post_vertical_padding":"","_kad_post_feature":"","_kad_post_feature_position":"","_kad_post_header":false,"_kad_post_footer":false,"_kad_post_classname":""},"product_brand":[2047],"product_cat":[436,2565,2563,2564],"product_tag":[],"class_list":{"0":"post-243037","1":"product","2":"type-product","3":"status-publish","4":"has-post-thumbnail","6":"product_brand-trixie","7":"product_cat-chovatelske-potreby-2","8":"product_cat-napajecky-a-krmitka-pro-ptaky","9":"product_cat-pro-ptaky","10":"product_cat-vybaveni-kleci-a-volier","11":"pa_obchod-superzoo-cz","13":"first","14":"instock","15":"product-type-external","16":"entry","17":"content-bg","18":"loop-entry"},"acf":[],"yoast_head":"<!-- This site is optimized with the Yoast SEO plugin v27.4 - https:\/\/yoast.com\/product\/yoast-seo-wordpress\/ -->\n<title>Nap\u00e1je\u010dka pro hlodavce Trixie 250ml - SHOPATOA.COM<\/title>\n<meta name=\"robots\" content=\"index, follow, max-snippet:-1, max-image-preview:large, max-video-preview:-1\" \/>\n<link rel=\"canonical\" href=\"https:\/\/shopatoa.com\/cz\/napajecka-pro-hlodavce-trixie-250ml\/\" \/>\n<meta property=\"og:locale\" content=\"cs_CZ\" \/>\n<meta property=\"og:type\" content=\"article\" \/>\n<meta property=\"og:title\" content=\"Nap\u00e1je\u010dka pro hlodavce Trixie 250ml - SHOPATOA.COM\" \/>\n<meta property=\"og:description\" content=\"Plastov\u00e1 nap\u00e1je\u010dka pro \u010di\u010dily a kr\u00e1l\u00edky. Z kvalitn\u00edho materi\u00e1lu Kulov\u00fd uz\u00e1v\u011br Objem 250ml Se \u0161roubem pro snadn\u00e9 uchycen\u00ed do klece R\u016fzn\u00e9 barvy\" \/>\n<meta property=\"og:url\" content=\"https:\/\/shopatoa.com\/cz\/napajecka-pro-hlodavce-trixie-250ml\/\" \/>\n<meta property=\"og:site_name\" content=\"SHOPATOA\" \/>\n<meta property=\"article:modified_time\" content=\"2026-02-02T09:38:27+00:00\" \/>\n<meta property=\"og:image\" content=\"https:\/\/storage.googleapis.com\/cz-shopatoa-img\/cz\/a851b384-1_26061.jpg\" \/>\n\t<meta property=\"og:image:width\" content=\"600\" \/>\n\t<meta property=\"og:image:height\" content=\"600\" \/>\n\t<meta property=\"og:image:type\" content=\"image\/jpeg\" \/>\n<meta name=\"twitter:card\" content=\"summary_large_image\" \/>\n<script type=\"application\/ld+json\" class=\"yoast-schema-graph\">{\"@context\":\"https:\\\/\\\/schema.org\",\"@graph\":[{\"@type\":\"WebPage\",\"@id\":\"https:\\\/\\\/shopatoa.com\\\/cz\\\/napajecka-pro-hlodavce-trixie-250ml\\\/\",\"url\":\"https:\\\/\\\/shopatoa.com\\\/cz\\\/napajecka-pro-hlodavce-trixie-250ml\\\/\",\"name\":\"Nap\u00e1je\u010dka pro hlodavce Trixie 250ml - SHOPATOA.COM\",\"isPartOf\":{\"@id\":\"https:\\\/\\\/shopatoa.com\\\/cz\\\/#website\"},\"primaryImageOfPage\":{\"@id\":\"https:\\\/\\\/shopatoa.com\\\/cz\\\/napajecka-pro-hlodavce-trixie-250ml\\\/#primaryimage\"},\"image\":{\"@id\":\"https:\\\/\\\/shopatoa.com\\\/cz\\\/napajecka-pro-hlodavce-trixie-250ml\\\/#primaryimage\"},\"thumbnailUrl\":\"https:\\\/\\\/storage.googleapis.com\\\/cz-shopatoa-img\\\/cz\\\/a851b384-1_26061.jpg\",\"datePublished\":\"2025-04-02T08:10:43+00:00\",\"dateModified\":\"2026-02-02T09:38:27+00:00\",\"breadcrumb\":{\"@id\":\"https:\\\/\\\/shopatoa.com\\\/cz\\\/napajecka-pro-hlodavce-trixie-250ml\\\/#breadcrumb\"},\"inLanguage\":\"cs\",\"potentialAction\":[{\"@type\":\"ReadAction\",\"target\":[\"https:\\\/\\\/shopatoa.com\\\/cz\\\/napajecka-pro-hlodavce-trixie-250ml\\\/\"]}]},{\"@type\":\"ImageObject\",\"inLanguage\":\"cs\",\"@id\":\"https:\\\/\\\/shopatoa.com\\\/cz\\\/napajecka-pro-hlodavce-trixie-250ml\\\/#primaryimage\",\"url\":\"https:\\\/\\\/storage.googleapis.com\\\/cz-shopatoa-img\\\/cz\\\/a851b384-1_26061.jpg\",\"contentUrl\":\"https:\\\/\\\/storage.googleapis.com\\\/cz-shopatoa-img\\\/cz\\\/a851b384-1_26061.jpg\",\"width\":600,\"height\":600},{\"@type\":\"BreadcrumbList\",\"@id\":\"https:\\\/\\\/shopatoa.com\\\/cz\\\/napajecka-pro-hlodavce-trixie-250ml\\\/#breadcrumb\",\"itemListElement\":[{\"@type\":\"ListItem\",\"position\":1,\"name\":\"Dom\u016f\",\"item\":\"https:\\\/\\\/shopatoa.com\\\/cz\\\/\"},{\"@type\":\"ListItem\",\"position\":2,\"name\":\"Produkty\",\"item\":\"https:\\\/\\\/shopatoa.com\\\/cz\\\/shop\\\/\"},{\"@type\":\"ListItem\",\"position\":3,\"name\":\"Chovatelsk\u00e9 pot\u0159eby\",\"item\":\"https:\\\/\\\/shopatoa.com\\\/cz\\\/chovatelske-potreby-2\\\/\"},{\"@type\":\"ListItem\",\"position\":4,\"name\":\"Pro pt\u00e1ky\",\"item\":\"https:\\\/\\\/shopatoa.com\\\/cz\\\/pro-ptaky\\\/\"},{\"@type\":\"ListItem\",\"position\":5,\"name\":\"Vybaven\u00ed klec\u00ed a voli\u00e9r\",\"item\":\"https:\\\/\\\/shopatoa.com\\\/cz\\\/vybaveni-kleci-a-volier\\\/\"},{\"@type\":\"ListItem\",\"position\":6,\"name\":\"Nap\u00e1je\u010dky a krm\u00edtka pro pt\u00e1ky\",\"item\":\"https:\\\/\\\/shopatoa.com\\\/cz\\\/napajecky-a-krmitka-pro-ptaky\\\/\"},{\"@type\":\"ListItem\",\"position\":7,\"name\":\"Nap\u00e1je\u010dka pro hlodavce Trixie 250ml\"}]},{\"@type\":\"WebSite\",\"@id\":\"https:\\\/\\\/shopatoa.com\\\/cz\\\/#website\",\"url\":\"https:\\\/\\\/shopatoa.com\\\/cz\\\/\",\"name\":\"SHOPATOA\",\"description\":\"\",\"publisher\":{\"@id\":\"https:\\\/\\\/shopatoa.com\\\/cz\\\/#organization\"},\"potentialAction\":[{\"@type\":\"SearchAction\",\"target\":{\"@type\":\"EntryPoint\",\"urlTemplate\":\"https:\\\/\\\/shopatoa.com\\\/cz\\\/?s={search_term_string}\"},\"query-input\":{\"@type\":\"PropertyValueSpecification\",\"valueRequired\":true,\"valueName\":\"search_term_string\"}}],\"inLanguage\":\"cs\"},{\"@type\":\"Organization\",\"@id\":\"https:\\\/\\\/shopatoa.com\\\/cz\\\/#organization\",\"name\":\"SHOPATOA Digital s.r.o.\",\"url\":\"https:\\\/\\\/shopatoa.com\\\/cz\\\/\",\"logo\":{\"@type\":\"ImageObject\",\"inLanguage\":\"cs\",\"@id\":\"https:\\\/\\\/shopatoa.com\\\/cz\\\/#\\\/schema\\\/logo\\\/image\\\/\",\"url\":\"https:\\\/\\\/storage.googleapis.com\\\/cz-shopatoa-img\\\/cz\\\/ebccf434-shopatoa_logo.png\",\"contentUrl\":\"https:\\\/\\\/storage.googleapis.com\\\/cz-shopatoa-img\\\/cz\\\/ebccf434-shopatoa_logo.png\",\"width\":416,\"height\":63,\"caption\":\"SHOPATOA Digital s.r.o.\"},\"image\":{\"@id\":\"https:\\\/\\\/shopatoa.com\\\/cz\\\/#\\\/schema\\\/logo\\\/image\\\/\"}}]}<\/script>\n<!-- \/ Yoast SEO plugin. -->","yoast_head_json":{"title":"Nap\u00e1je\u010dka pro hlodavce Trixie 250ml - SHOPATOA.COM","robots":{"index":"index","follow":"follow","max-snippet":"max-snippet:-1","max-image-preview":"max-image-preview:large","max-video-preview":"max-video-preview:-1"},"canonical":"https:\/\/shopatoa.com\/cz\/napajecka-pro-hlodavce-trixie-250ml\/","og_locale":"cs_CZ","og_type":"article","og_title":"Nap\u00e1je\u010dka pro hlodavce Trixie 250ml - SHOPATOA.COM","og_description":"Plastov\u00e1 nap\u00e1je\u010dka pro \u010di\u010dily a kr\u00e1l\u00edky. Z kvalitn\u00edho materi\u00e1lu Kulov\u00fd uz\u00e1v\u011br Objem 250ml Se \u0161roubem pro snadn\u00e9 uchycen\u00ed do klece R\u016fzn\u00e9 barvy","og_url":"https:\/\/shopatoa.com\/cz\/napajecka-pro-hlodavce-trixie-250ml\/","og_site_name":"SHOPATOA","article_modified_time":"2026-02-02T09:38:27+00:00","og_image":[{"width":600,"height":600,"url":"https:\/\/storage.googleapis.com\/cz-shopatoa-img\/cz\/a851b384-1_26061.jpg","type":"image\/jpeg"}],"twitter_card":"summary_large_image","schema":{"@context":"https:\/\/schema.org","@graph":[{"@type":"WebPage","@id":"https:\/\/shopatoa.com\/cz\/napajecka-pro-hlodavce-trixie-250ml\/","url":"https:\/\/shopatoa.com\/cz\/napajecka-pro-hlodavce-trixie-250ml\/","name":"Nap\u00e1je\u010dka pro hlodavce Trixie 250ml - SHOPATOA.COM","isPartOf":{"@id":"https:\/\/shopatoa.com\/cz\/#website"},"primaryImageOfPage":{"@id":"https:\/\/shopatoa.com\/cz\/napajecka-pro-hlodavce-trixie-250ml\/#primaryimage"},"image":{"@id":"https:\/\/shopatoa.com\/cz\/napajecka-pro-hlodavce-trixie-250ml\/#primaryimage"},"thumbnailUrl":"https:\/\/storage.googleapis.com\/cz-shopatoa-img\/cz\/a851b384-1_26061.jpg","datePublished":"2025-04-02T08:10:43+00:00","dateModified":"2026-02-02T09:38:27+00:00","breadcrumb":{"@id":"https:\/\/shopatoa.com\/cz\/napajecka-pro-hlodavce-trixie-250ml\/#breadcrumb"},"inLanguage":"cs","potentialAction":[{"@type":"ReadAction","target":["https:\/\/shopatoa.com\/cz\/napajecka-pro-hlodavce-trixie-250ml\/"]}]},{"@type":"ImageObject","inLanguage":"cs","@id":"https:\/\/shopatoa.com\/cz\/napajecka-pro-hlodavce-trixie-250ml\/#primaryimage","url":"https:\/\/storage.googleapis.com\/cz-shopatoa-img\/cz\/a851b384-1_26061.jpg","contentUrl":"https:\/\/storage.googleapis.com\/cz-shopatoa-img\/cz\/a851b384-1_26061.jpg","width":600,"height":600},{"@type":"BreadcrumbList","@id":"https:\/\/shopatoa.com\/cz\/napajecka-pro-hlodavce-trixie-250ml\/#breadcrumb","itemListElement":[{"@type":"ListItem","position":1,"name":"Dom\u016f","item":"https:\/\/shopatoa.com\/cz\/"},{"@type":"ListItem","position":2,"name":"Produkty","item":"https:\/\/shopatoa.com\/cz\/shop\/"},{"@type":"ListItem","position":3,"name":"Chovatelsk\u00e9 pot\u0159eby","item":"https:\/\/shopatoa.com\/cz\/chovatelske-potreby-2\/"},{"@type":"ListItem","position":4,"name":"Pro pt\u00e1ky","item":"https:\/\/shopatoa.com\/cz\/pro-ptaky\/"},{"@type":"ListItem","position":5,"name":"Vybaven\u00ed klec\u00ed a voli\u00e9r","item":"https:\/\/shopatoa.com\/cz\/vybaveni-kleci-a-volier\/"},{"@type":"ListItem","position":6,"name":"Nap\u00e1je\u010dky a krm\u00edtka pro pt\u00e1ky","item":"https:\/\/shopatoa.com\/cz\/napajecky-a-krmitka-pro-ptaky\/"},{"@type":"ListItem","position":7,"name":"Nap\u00e1je\u010dka pro hlodavce Trixie 250ml"}]},{"@type":"WebSite","@id":"https:\/\/shopatoa.com\/cz\/#website","url":"https:\/\/shopatoa.com\/cz\/","name":"SHOPATOA","description":"","publisher":{"@id":"https:\/\/shopatoa.com\/cz\/#organization"},"potentialAction":[{"@type":"SearchAction","target":{"@type":"EntryPoint","urlTemplate":"https:\/\/shopatoa.com\/cz\/?s={search_term_string}"},"query-input":{"@type":"PropertyValueSpecification","valueRequired":true,"valueName":"search_term_string"}}],"inLanguage":"cs"},{"@type":"Organization","@id":"https:\/\/shopatoa.com\/cz\/#organization","name":"SHOPATOA Digital s.r.o.","url":"https:\/\/shopatoa.com\/cz\/","logo":{"@type":"ImageObject","inLanguage":"cs","@id":"https:\/\/shopatoa.com\/cz\/#\/schema\/logo\/image\/","url":"https:\/\/storage.googleapis.com\/cz-shopatoa-img\/cz\/ebccf434-shopatoa_logo.png","contentUrl":"https:\/\/storage.googleapis.com\/cz-shopatoa-img\/cz\/ebccf434-shopatoa_logo.png","width":416,"height":63,"caption":"SHOPATOA Digital s.r.o."},"image":{"@id":"https:\/\/shopatoa.com\/cz\/#\/schema\/logo\/image\/"}}]}},"_links":{"self":[{"href":"https:\/\/shopatoa.com\/cz\/wp-json\/wp\/v2\/product\/243037","targetHints":{"allow":["GET"]}}],"collection":[{"href":"https:\/\/shopatoa.com\/cz\/wp-json\/wp\/v2\/product"}],"about":[{"href":"https:\/\/shopatoa.com\/cz\/wp-json\/wp\/v2\/types\/product"}],"replies":[{"embeddable":true,"href":"https:\/\/shopatoa.com\/cz\/wp-json\/wp\/v2\/comments?post=243037"}],"wp:featuredmedia":[{"embeddable":true,"href":"https:\/\/shopatoa.com\/cz\/wp-json\/wp\/v2\/media\/243038"}],"wp:attachment":[{"href":"https:\/\/shopatoa.com\/cz\/wp-json\/wp\/v2\/media?parent=243037"}],"wp:term":[{"taxonomy":"product_brand","embeddable":true,"href":"https:\/\/shopatoa.com\/cz\/wp-json\/wp\/v2\/product_brand?post=243037"},{"taxonomy":"product_cat","embeddable":true,"href":"https:\/\/shopatoa.com\/cz\/wp-json\/wp\/v2\/product_cat?post=243037"},{"taxonomy":"product_tag","embeddable":true,"href":"https:\/\/shopatoa.com\/cz\/wp-json\/wp\/v2\/product_tag?post=243037"}],"curies":[{"name":"wp","href":"https:\/\/api.w.org\/{rel}","templated":true}]}}