{"id":243053,"date":"2025-04-02T10:11:57","date_gmt":"2025-04-02T08:11:57","guid":{"rendered":"https:\/\/shopatoa.com\/cz\/?post_type=product&#038;p=243053"},"modified":"2026-01-29T08:40:39","modified_gmt":"2026-01-29T07:40:39","slug":"hracka-trixie-micek-s-rolnickou-4cm","status":"publish","type":"product","link":"https:\/\/shopatoa.com\/cz\/hracka-trixie-micek-s-rolnickou-4cm\/","title":{"rendered":"Hra\u010dka Trixie m\u00ed\u010dek s rolni\u010dkou 4cm"},"content":{"rendered":"<p>Hra\u010dka prout\u011bn\u00fd m\u00ed\u010dek pro my\u0161i a k\u0159e\u010dky.<\/p>\n<p>Zvuk rolni\u010dky bude zv\u00ed\u0159e neust\u00e1le l\u00e1kat ke h\u0159e. Slou\u017e\u00ed k obru\u0161ov\u00e1n\u00ed zub\u016f.<\/p>\n<p>\tZ p\u0159\u00edrodn\u00edho materi\u00e1lu<br \/>\n\tPro mal\u00e9 hlodavce<br \/>\n\tPr\u016fm\u011br 4cm<br \/>\n\tS rolni\u010dkou<\/p>\n<p>P\u0159i v\u011bt\u0161\u00edm po\u0161kozen\u00ed rolni\u010dku odstra\u0148te.<\/p>\n","protected":false},"excerpt":{"rendered":"<p>Hra\u010dka prout\u011bn\u00fd m\u00ed\u010dek pro my\u0161i a k\u0159e\u010dky. Zvuk rolni\u010dky bude zv\u00ed\u0159e neust\u00e1le l\u00e1kat ke h\u0159e. Slou\u017e\u00ed k obru\u0161ov\u00e1n\u00ed zub\u016f. Z p\u0159\u00edrodn\u00edho materi\u00e1lu Pro mal\u00e9 hlodavce Pr\u016fm\u011br 4cm S rolni\u010dkou P\u0159i v\u011bt\u0161\u00edm po\u0161kozen\u00ed rolni\u010dku odstra\u0148te.<\/p>\n","protected":false},"featured_media":243054,"comment_status":"closed","ping_status":"open","template":"","meta":{"_acf_changed":false,"_kadence_starter_templates_imported_post":false,"_kad_post_transparent":"","_kad_post_title":"","_kad_post_layout":"","_kad_post_sidebar_id":"","_kad_post_content_style":"","_kad_post_vertical_padding":"","_kad_post_feature":"","_kad_post_feature_position":"","_kad_post_header":false,"_kad_post_footer":false,"_kad_post_classname":""},"product_brand":[2047],"product_cat":[2540,2631,2630],"product_tag":[],"class_list":{"0":"post-243053","1":"product","2":"type-product","3":"status-publish","4":"has-post-thumbnail","6":"product_brand-trixie","7":"product_cat-hracky","8":"product_cat-ostatni-stavebnice","9":"product_cat-stavebnice-a-kostky","10":"pa_obchod-superzoo-cz","12":"first","13":"instock","14":"product-type-external","15":"entry","16":"content-bg","17":"loop-entry"},"acf":[],"yoast_head":"<!-- This site is optimized with the Yoast SEO plugin v27.4 - https:\/\/yoast.com\/product\/yoast-seo-wordpress\/ -->\n<title>Hra\u010dka Trixie m\u00ed\u010dek s rolni\u010dkou 4cm - SHOPATOA.COM<\/title>\n<meta name=\"robots\" content=\"index, follow, max-snippet:-1, max-image-preview:large, max-video-preview:-1\" \/>\n<link rel=\"canonical\" href=\"https:\/\/shopatoa.com\/cz\/hracka-trixie-micek-s-rolnickou-4cm\/\" \/>\n<meta property=\"og:locale\" content=\"cs_CZ\" \/>\n<meta property=\"og:type\" content=\"article\" \/>\n<meta property=\"og:title\" content=\"Hra\u010dka Trixie m\u00ed\u010dek s rolni\u010dkou 4cm - SHOPATOA.COM\" \/>\n<meta property=\"og:description\" content=\"Hra\u010dka prout\u011bn\u00fd m\u00ed\u010dek pro my\u0161i a k\u0159e\u010dky. Zvuk rolni\u010dky bude zv\u00ed\u0159e neust\u00e1le l\u00e1kat ke h\u0159e. Slou\u017e\u00ed k obru\u0161ov\u00e1n\u00ed zub\u016f. Z p\u0159\u00edrodn\u00edho materi\u00e1lu Pro mal\u00e9 hlodavce Pr\u016fm\u011br 4cm S rolni\u010dkou P\u0159i v\u011bt\u0161\u00edm po\u0161kozen\u00ed rolni\u010dku odstra\u0148te.\" \/>\n<meta property=\"og:url\" content=\"https:\/\/shopatoa.com\/cz\/hracka-trixie-micek-s-rolnickou-4cm\/\" \/>\n<meta property=\"og:site_name\" content=\"SHOPATOA\" \/>\n<meta property=\"article:modified_time\" content=\"2026-01-29T07:40:39+00:00\" \/>\n<meta property=\"og:image\" content=\"https:\/\/storage.googleapis.com\/cz-shopatoa-img\/cz\/574d572a-1_23851.jpg\" \/>\n\t<meta property=\"og:image:width\" content=\"600\" \/>\n\t<meta property=\"og:image:height\" content=\"600\" \/>\n\t<meta property=\"og:image:type\" content=\"image\/jpeg\" \/>\n<meta name=\"twitter:card\" content=\"summary_large_image\" \/>\n<script type=\"application\/ld+json\" class=\"yoast-schema-graph\">{\"@context\":\"https:\\\/\\\/schema.org\",\"@graph\":[{\"@type\":\"WebPage\",\"@id\":\"https:\\\/\\\/shopatoa.com\\\/cz\\\/hracka-trixie-micek-s-rolnickou-4cm\\\/\",\"url\":\"https:\\\/\\\/shopatoa.com\\\/cz\\\/hracka-trixie-micek-s-rolnickou-4cm\\\/\",\"name\":\"Hra\u010dka Trixie m\u00ed\u010dek s rolni\u010dkou 4cm - SHOPATOA.COM\",\"isPartOf\":{\"@id\":\"https:\\\/\\\/shopatoa.com\\\/cz\\\/#website\"},\"primaryImageOfPage\":{\"@id\":\"https:\\\/\\\/shopatoa.com\\\/cz\\\/hracka-trixie-micek-s-rolnickou-4cm\\\/#primaryimage\"},\"image\":{\"@id\":\"https:\\\/\\\/shopatoa.com\\\/cz\\\/hracka-trixie-micek-s-rolnickou-4cm\\\/#primaryimage\"},\"thumbnailUrl\":\"https:\\\/\\\/storage.googleapis.com\\\/cz-shopatoa-img\\\/cz\\\/574d572a-1_23851.jpg\",\"datePublished\":\"2025-04-02T08:11:57+00:00\",\"dateModified\":\"2026-01-29T07:40:39+00:00\",\"breadcrumb\":{\"@id\":\"https:\\\/\\\/shopatoa.com\\\/cz\\\/hracka-trixie-micek-s-rolnickou-4cm\\\/#breadcrumb\"},\"inLanguage\":\"cs\",\"potentialAction\":[{\"@type\":\"ReadAction\",\"target\":[\"https:\\\/\\\/shopatoa.com\\\/cz\\\/hracka-trixie-micek-s-rolnickou-4cm\\\/\"]}]},{\"@type\":\"ImageObject\",\"inLanguage\":\"cs\",\"@id\":\"https:\\\/\\\/shopatoa.com\\\/cz\\\/hracka-trixie-micek-s-rolnickou-4cm\\\/#primaryimage\",\"url\":\"https:\\\/\\\/storage.googleapis.com\\\/cz-shopatoa-img\\\/cz\\\/574d572a-1_23851.jpg\",\"contentUrl\":\"https:\\\/\\\/storage.googleapis.com\\\/cz-shopatoa-img\\\/cz\\\/574d572a-1_23851.jpg\",\"width\":600,\"height\":600},{\"@type\":\"BreadcrumbList\",\"@id\":\"https:\\\/\\\/shopatoa.com\\\/cz\\\/hracka-trixie-micek-s-rolnickou-4cm\\\/#breadcrumb\",\"itemListElement\":[{\"@type\":\"ListItem\",\"position\":1,\"name\":\"Dom\u016f\",\"item\":\"https:\\\/\\\/shopatoa.com\\\/cz\\\/\"},{\"@type\":\"ListItem\",\"position\":2,\"name\":\"Produkty\",\"item\":\"https:\\\/\\\/shopatoa.com\\\/cz\\\/shop\\\/\"},{\"@type\":\"ListItem\",\"position\":3,\"name\":\"Hra\u010dky\",\"item\":\"https:\\\/\\\/shopatoa.com\\\/cz\\\/hracky\\\/\"},{\"@type\":\"ListItem\",\"position\":4,\"name\":\"Stavebnice a kostky\",\"item\":\"https:\\\/\\\/shopatoa.com\\\/cz\\\/stavebnice-a-kostky\\\/\"},{\"@type\":\"ListItem\",\"position\":5,\"name\":\"Ostatn\u00ed stavebnice\",\"item\":\"https:\\\/\\\/shopatoa.com\\\/cz\\\/ostatni-stavebnice\\\/\"},{\"@type\":\"ListItem\",\"position\":6,\"name\":\"Hra\u010dka Trixie m\u00ed\u010dek s rolni\u010dkou 4cm\"}]},{\"@type\":\"WebSite\",\"@id\":\"https:\\\/\\\/shopatoa.com\\\/cz\\\/#website\",\"url\":\"https:\\\/\\\/shopatoa.com\\\/cz\\\/\",\"name\":\"SHOPATOA\",\"description\":\"\",\"publisher\":{\"@id\":\"https:\\\/\\\/shopatoa.com\\\/cz\\\/#organization\"},\"potentialAction\":[{\"@type\":\"SearchAction\",\"target\":{\"@type\":\"EntryPoint\",\"urlTemplate\":\"https:\\\/\\\/shopatoa.com\\\/cz\\\/?s={search_term_string}\"},\"query-input\":{\"@type\":\"PropertyValueSpecification\",\"valueRequired\":true,\"valueName\":\"search_term_string\"}}],\"inLanguage\":\"cs\"},{\"@type\":\"Organization\",\"@id\":\"https:\\\/\\\/shopatoa.com\\\/cz\\\/#organization\",\"name\":\"SHOPATOA Digital s.r.o.\",\"url\":\"https:\\\/\\\/shopatoa.com\\\/cz\\\/\",\"logo\":{\"@type\":\"ImageObject\",\"inLanguage\":\"cs\",\"@id\":\"https:\\\/\\\/shopatoa.com\\\/cz\\\/#\\\/schema\\\/logo\\\/image\\\/\",\"url\":\"https:\\\/\\\/storage.googleapis.com\\\/cz-shopatoa-img\\\/cz\\\/ebccf434-shopatoa_logo.png\",\"contentUrl\":\"https:\\\/\\\/storage.googleapis.com\\\/cz-shopatoa-img\\\/cz\\\/ebccf434-shopatoa_logo.png\",\"width\":416,\"height\":63,\"caption\":\"SHOPATOA Digital s.r.o.\"},\"image\":{\"@id\":\"https:\\\/\\\/shopatoa.com\\\/cz\\\/#\\\/schema\\\/logo\\\/image\\\/\"}}]}<\/script>\n<!-- \/ Yoast SEO plugin. -->","yoast_head_json":{"title":"Hra\u010dka Trixie m\u00ed\u010dek s rolni\u010dkou 4cm - SHOPATOA.COM","robots":{"index":"index","follow":"follow","max-snippet":"max-snippet:-1","max-image-preview":"max-image-preview:large","max-video-preview":"max-video-preview:-1"},"canonical":"https:\/\/shopatoa.com\/cz\/hracka-trixie-micek-s-rolnickou-4cm\/","og_locale":"cs_CZ","og_type":"article","og_title":"Hra\u010dka Trixie m\u00ed\u010dek s rolni\u010dkou 4cm - SHOPATOA.COM","og_description":"Hra\u010dka prout\u011bn\u00fd m\u00ed\u010dek pro my\u0161i a k\u0159e\u010dky. Zvuk rolni\u010dky bude zv\u00ed\u0159e neust\u00e1le l\u00e1kat ke h\u0159e. Slou\u017e\u00ed k obru\u0161ov\u00e1n\u00ed zub\u016f. Z p\u0159\u00edrodn\u00edho materi\u00e1lu Pro mal\u00e9 hlodavce Pr\u016fm\u011br 4cm S rolni\u010dkou P\u0159i v\u011bt\u0161\u00edm po\u0161kozen\u00ed rolni\u010dku odstra\u0148te.","og_url":"https:\/\/shopatoa.com\/cz\/hracka-trixie-micek-s-rolnickou-4cm\/","og_site_name":"SHOPATOA","article_modified_time":"2026-01-29T07:40:39+00:00","og_image":[{"width":600,"height":600,"url":"https:\/\/storage.googleapis.com\/cz-shopatoa-img\/cz\/574d572a-1_23851.jpg","type":"image\/jpeg"}],"twitter_card":"summary_large_image","schema":{"@context":"https:\/\/schema.org","@graph":[{"@type":"WebPage","@id":"https:\/\/shopatoa.com\/cz\/hracka-trixie-micek-s-rolnickou-4cm\/","url":"https:\/\/shopatoa.com\/cz\/hracka-trixie-micek-s-rolnickou-4cm\/","name":"Hra\u010dka Trixie m\u00ed\u010dek s rolni\u010dkou 4cm - SHOPATOA.COM","isPartOf":{"@id":"https:\/\/shopatoa.com\/cz\/#website"},"primaryImageOfPage":{"@id":"https:\/\/shopatoa.com\/cz\/hracka-trixie-micek-s-rolnickou-4cm\/#primaryimage"},"image":{"@id":"https:\/\/shopatoa.com\/cz\/hracka-trixie-micek-s-rolnickou-4cm\/#primaryimage"},"thumbnailUrl":"https:\/\/storage.googleapis.com\/cz-shopatoa-img\/cz\/574d572a-1_23851.jpg","datePublished":"2025-04-02T08:11:57+00:00","dateModified":"2026-01-29T07:40:39+00:00","breadcrumb":{"@id":"https:\/\/shopatoa.com\/cz\/hracka-trixie-micek-s-rolnickou-4cm\/#breadcrumb"},"inLanguage":"cs","potentialAction":[{"@type":"ReadAction","target":["https:\/\/shopatoa.com\/cz\/hracka-trixie-micek-s-rolnickou-4cm\/"]}]},{"@type":"ImageObject","inLanguage":"cs","@id":"https:\/\/shopatoa.com\/cz\/hracka-trixie-micek-s-rolnickou-4cm\/#primaryimage","url":"https:\/\/storage.googleapis.com\/cz-shopatoa-img\/cz\/574d572a-1_23851.jpg","contentUrl":"https:\/\/storage.googleapis.com\/cz-shopatoa-img\/cz\/574d572a-1_23851.jpg","width":600,"height":600},{"@type":"BreadcrumbList","@id":"https:\/\/shopatoa.com\/cz\/hracka-trixie-micek-s-rolnickou-4cm\/#breadcrumb","itemListElement":[{"@type":"ListItem","position":1,"name":"Dom\u016f","item":"https:\/\/shopatoa.com\/cz\/"},{"@type":"ListItem","position":2,"name":"Produkty","item":"https:\/\/shopatoa.com\/cz\/shop\/"},{"@type":"ListItem","position":3,"name":"Hra\u010dky","item":"https:\/\/shopatoa.com\/cz\/hracky\/"},{"@type":"ListItem","position":4,"name":"Stavebnice a kostky","item":"https:\/\/shopatoa.com\/cz\/stavebnice-a-kostky\/"},{"@type":"ListItem","position":5,"name":"Ostatn\u00ed stavebnice","item":"https:\/\/shopatoa.com\/cz\/ostatni-stavebnice\/"},{"@type":"ListItem","position":6,"name":"Hra\u010dka Trixie m\u00ed\u010dek s rolni\u010dkou 4cm"}]},{"@type":"WebSite","@id":"https:\/\/shopatoa.com\/cz\/#website","url":"https:\/\/shopatoa.com\/cz\/","name":"SHOPATOA","description":"","publisher":{"@id":"https:\/\/shopatoa.com\/cz\/#organization"},"potentialAction":[{"@type":"SearchAction","target":{"@type":"EntryPoint","urlTemplate":"https:\/\/shopatoa.com\/cz\/?s={search_term_string}"},"query-input":{"@type":"PropertyValueSpecification","valueRequired":true,"valueName":"search_term_string"}}],"inLanguage":"cs"},{"@type":"Organization","@id":"https:\/\/shopatoa.com\/cz\/#organization","name":"SHOPATOA Digital s.r.o.","url":"https:\/\/shopatoa.com\/cz\/","logo":{"@type":"ImageObject","inLanguage":"cs","@id":"https:\/\/shopatoa.com\/cz\/#\/schema\/logo\/image\/","url":"https:\/\/storage.googleapis.com\/cz-shopatoa-img\/cz\/ebccf434-shopatoa_logo.png","contentUrl":"https:\/\/storage.googleapis.com\/cz-shopatoa-img\/cz\/ebccf434-shopatoa_logo.png","width":416,"height":63,"caption":"SHOPATOA Digital s.r.o."},"image":{"@id":"https:\/\/shopatoa.com\/cz\/#\/schema\/logo\/image\/"}}]}},"_links":{"self":[{"href":"https:\/\/shopatoa.com\/cz\/wp-json\/wp\/v2\/product\/243053","targetHints":{"allow":["GET"]}}],"collection":[{"href":"https:\/\/shopatoa.com\/cz\/wp-json\/wp\/v2\/product"}],"about":[{"href":"https:\/\/shopatoa.com\/cz\/wp-json\/wp\/v2\/types\/product"}],"replies":[{"embeddable":true,"href":"https:\/\/shopatoa.com\/cz\/wp-json\/wp\/v2\/comments?post=243053"}],"wp:featuredmedia":[{"embeddable":true,"href":"https:\/\/shopatoa.com\/cz\/wp-json\/wp\/v2\/media\/243054"}],"wp:attachment":[{"href":"https:\/\/shopatoa.com\/cz\/wp-json\/wp\/v2\/media?parent=243053"}],"wp:term":[{"taxonomy":"product_brand","embeddable":true,"href":"https:\/\/shopatoa.com\/cz\/wp-json\/wp\/v2\/product_brand?post=243053"},{"taxonomy":"product_cat","embeddable":true,"href":"https:\/\/shopatoa.com\/cz\/wp-json\/wp\/v2\/product_cat?post=243053"},{"taxonomy":"product_tag","embeddable":true,"href":"https:\/\/shopatoa.com\/cz\/wp-json\/wp\/v2\/product_tag?post=243053"}],"curies":[{"name":"wp","href":"https:\/\/api.w.org\/{rel}","templated":true}]}}