{"id":243091,"date":"2025-04-02T10:20:41","date_gmt":"2025-04-02T08:20:41","guid":{"rendered":"https:\/\/shopatoa.com\/cz\/?post_type=product&#038;p=243091"},"modified":"2026-01-30T03:18:37","modified_gmt":"2026-01-30T02:18:37","slug":"nuzky-na-drapky-pro-hlodavce-trixie","status":"publish","type":"product","link":"https:\/\/shopatoa.com\/cz\/nuzky-na-drapky-pro-hlodavce-trixie\/","title":{"rendered":"N\u016f\u017eky na dr\u00e1pky pro hlodavce Trixie"},"content":{"rendered":"<p>Kovov\u00e9 n\u016f\u017eky na dr\u00e1pky pro hlodavce.<\/p>\n<p>\tR\u016fzn\u00e9 barvy<br \/>\n\tPlastov\u00e1 rukoje\u0165 s protiskluzovou gumou<br \/>\n\tZ kvalitn\u00edho materi\u00e1lu<br \/>\n\tVelikost 8cm<\/p>\n","protected":false},"excerpt":{"rendered":"<p>Kovov\u00e9 n\u016f\u017eky na dr\u00e1pky pro hlodavce. R\u016fzn\u00e9 barvy Plastov\u00e1 rukoje\u0165 s protiskluzovou gumou Z kvalitn\u00edho materi\u00e1lu Velikost 8cm<\/p>\n","protected":false},"featured_media":243092,"comment_status":"closed","ping_status":"open","template":"","meta":{"_acf_changed":false,"_kadence_starter_templates_imported_post":false,"_kad_post_transparent":"","_kad_post_title":"","_kad_post_layout":"","_kad_post_sidebar_id":"","_kad_post_content_style":"","_kad_post_vertical_padding":"","_kad_post_feature":"","_kad_post_feature_position":"","_kad_post_header":false,"_kad_post_footer":false,"_kad_post_classname":""},"product_brand":[2047],"product_cat":[436,2502,2566,2501],"product_tag":[],"class_list":{"0":"post-243091","1":"product","2":"type-product","3":"status-publish","4":"has-post-thumbnail","6":"product_brand-trixie","7":"product_cat-chovatelske-potreby-2","8":"product_cat-hygiena-a-kosmetika-pro-hlodavce","9":"product_cat-pece-o-srst-a-drapky-hlodavcu","10":"product_cat-pro-hlodavce","11":"pa_obchod-superzoo-cz","13":"first","14":"instock","15":"product-type-external","16":"entry","17":"content-bg","18":"loop-entry"},"acf":[],"yoast_head":"<!-- This site is optimized with the Yoast SEO plugin v27.4 - https:\/\/yoast.com\/product\/yoast-seo-wordpress\/ -->\n<title>N\u016f\u017eky na dr\u00e1pky pro hlodavce Trixie - SHOPATOA.COM<\/title>\n<meta name=\"robots\" content=\"index, follow, max-snippet:-1, max-image-preview:large, max-video-preview:-1\" \/>\n<link rel=\"canonical\" href=\"https:\/\/shopatoa.com\/cz\/nuzky-na-drapky-pro-hlodavce-trixie\/\" \/>\n<meta property=\"og:locale\" content=\"cs_CZ\" \/>\n<meta property=\"og:type\" content=\"article\" \/>\n<meta property=\"og:title\" content=\"N\u016f\u017eky na dr\u00e1pky pro hlodavce Trixie - SHOPATOA.COM\" \/>\n<meta property=\"og:description\" content=\"Kovov\u00e9 n\u016f\u017eky na dr\u00e1pky pro hlodavce. R\u016fzn\u00e9 barvy Plastov\u00e1 rukoje\u0165 s protiskluzovou gumou Z kvalitn\u00edho materi\u00e1lu Velikost 8cm\" \/>\n<meta property=\"og:url\" content=\"https:\/\/shopatoa.com\/cz\/nuzky-na-drapky-pro-hlodavce-trixie\/\" \/>\n<meta property=\"og:site_name\" content=\"SHOPATOA\" \/>\n<meta property=\"article:modified_time\" content=\"2026-01-30T02:18:37+00:00\" \/>\n<meta property=\"og:image\" content=\"https:\/\/storage.googleapis.com\/cz-shopatoa-img\/cz\/9e637d51-1_23813.jpg\" \/>\n\t<meta property=\"og:image:width\" content=\"600\" \/>\n\t<meta property=\"og:image:height\" content=\"600\" \/>\n\t<meta property=\"og:image:type\" content=\"image\/jpeg\" \/>\n<meta name=\"twitter:card\" content=\"summary_large_image\" \/>\n<script type=\"application\/ld+json\" class=\"yoast-schema-graph\">{\"@context\":\"https:\\\/\\\/schema.org\",\"@graph\":[{\"@type\":\"WebPage\",\"@id\":\"https:\\\/\\\/shopatoa.com\\\/cz\\\/nuzky-na-drapky-pro-hlodavce-trixie\\\/\",\"url\":\"https:\\\/\\\/shopatoa.com\\\/cz\\\/nuzky-na-drapky-pro-hlodavce-trixie\\\/\",\"name\":\"N\u016f\u017eky na dr\u00e1pky pro hlodavce Trixie - SHOPATOA.COM\",\"isPartOf\":{\"@id\":\"https:\\\/\\\/shopatoa.com\\\/cz\\\/#website\"},\"primaryImageOfPage\":{\"@id\":\"https:\\\/\\\/shopatoa.com\\\/cz\\\/nuzky-na-drapky-pro-hlodavce-trixie\\\/#primaryimage\"},\"image\":{\"@id\":\"https:\\\/\\\/shopatoa.com\\\/cz\\\/nuzky-na-drapky-pro-hlodavce-trixie\\\/#primaryimage\"},\"thumbnailUrl\":\"https:\\\/\\\/storage.googleapis.com\\\/cz-shopatoa-img\\\/cz\\\/9e637d51-1_23813.jpg\",\"datePublished\":\"2025-04-02T08:20:41+00:00\",\"dateModified\":\"2026-01-30T02:18:37+00:00\",\"breadcrumb\":{\"@id\":\"https:\\\/\\\/shopatoa.com\\\/cz\\\/nuzky-na-drapky-pro-hlodavce-trixie\\\/#breadcrumb\"},\"inLanguage\":\"cs\",\"potentialAction\":[{\"@type\":\"ReadAction\",\"target\":[\"https:\\\/\\\/shopatoa.com\\\/cz\\\/nuzky-na-drapky-pro-hlodavce-trixie\\\/\"]}]},{\"@type\":\"ImageObject\",\"inLanguage\":\"cs\",\"@id\":\"https:\\\/\\\/shopatoa.com\\\/cz\\\/nuzky-na-drapky-pro-hlodavce-trixie\\\/#primaryimage\",\"url\":\"https:\\\/\\\/storage.googleapis.com\\\/cz-shopatoa-img\\\/cz\\\/9e637d51-1_23813.jpg\",\"contentUrl\":\"https:\\\/\\\/storage.googleapis.com\\\/cz-shopatoa-img\\\/cz\\\/9e637d51-1_23813.jpg\",\"width\":600,\"height\":600},{\"@type\":\"BreadcrumbList\",\"@id\":\"https:\\\/\\\/shopatoa.com\\\/cz\\\/nuzky-na-drapky-pro-hlodavce-trixie\\\/#breadcrumb\",\"itemListElement\":[{\"@type\":\"ListItem\",\"position\":1,\"name\":\"Dom\u016f\",\"item\":\"https:\\\/\\\/shopatoa.com\\\/cz\\\/\"},{\"@type\":\"ListItem\",\"position\":2,\"name\":\"Produkty\",\"item\":\"https:\\\/\\\/shopatoa.com\\\/cz\\\/shop\\\/\"},{\"@type\":\"ListItem\",\"position\":3,\"name\":\"Chovatelsk\u00e9 pot\u0159eby\",\"item\":\"https:\\\/\\\/shopatoa.com\\\/cz\\\/chovatelske-potreby-2\\\/\"},{\"@type\":\"ListItem\",\"position\":4,\"name\":\"Pro hlodavce\",\"item\":\"https:\\\/\\\/shopatoa.com\\\/cz\\\/pro-hlodavce\\\/\"},{\"@type\":\"ListItem\",\"position\":5,\"name\":\"Hygiena a kosmetika pro hlodavce\",\"item\":\"https:\\\/\\\/shopatoa.com\\\/cz\\\/hygiena-a-kosmetika-pro-hlodavce\\\/\"},{\"@type\":\"ListItem\",\"position\":6,\"name\":\"P\u00e9\u010de o srst a dr\u00e1pky hlodavc\u016f\",\"item\":\"https:\\\/\\\/shopatoa.com\\\/cz\\\/pece-o-srst-a-drapky-hlodavcu\\\/\"},{\"@type\":\"ListItem\",\"position\":7,\"name\":\"N\u016f\u017eky na dr\u00e1pky pro hlodavce Trixie\"}]},{\"@type\":\"WebSite\",\"@id\":\"https:\\\/\\\/shopatoa.com\\\/cz\\\/#website\",\"url\":\"https:\\\/\\\/shopatoa.com\\\/cz\\\/\",\"name\":\"SHOPATOA\",\"description\":\"\",\"publisher\":{\"@id\":\"https:\\\/\\\/shopatoa.com\\\/cz\\\/#organization\"},\"potentialAction\":[{\"@type\":\"SearchAction\",\"target\":{\"@type\":\"EntryPoint\",\"urlTemplate\":\"https:\\\/\\\/shopatoa.com\\\/cz\\\/?s={search_term_string}\"},\"query-input\":{\"@type\":\"PropertyValueSpecification\",\"valueRequired\":true,\"valueName\":\"search_term_string\"}}],\"inLanguage\":\"cs\"},{\"@type\":\"Organization\",\"@id\":\"https:\\\/\\\/shopatoa.com\\\/cz\\\/#organization\",\"name\":\"SHOPATOA Digital s.r.o.\",\"url\":\"https:\\\/\\\/shopatoa.com\\\/cz\\\/\",\"logo\":{\"@type\":\"ImageObject\",\"inLanguage\":\"cs\",\"@id\":\"https:\\\/\\\/shopatoa.com\\\/cz\\\/#\\\/schema\\\/logo\\\/image\\\/\",\"url\":\"https:\\\/\\\/storage.googleapis.com\\\/cz-shopatoa-img\\\/cz\\\/ebccf434-shopatoa_logo.png\",\"contentUrl\":\"https:\\\/\\\/storage.googleapis.com\\\/cz-shopatoa-img\\\/cz\\\/ebccf434-shopatoa_logo.png\",\"width\":416,\"height\":63,\"caption\":\"SHOPATOA Digital s.r.o.\"},\"image\":{\"@id\":\"https:\\\/\\\/shopatoa.com\\\/cz\\\/#\\\/schema\\\/logo\\\/image\\\/\"}}]}<\/script>\n<!-- \/ Yoast SEO plugin. -->","yoast_head_json":{"title":"N\u016f\u017eky na dr\u00e1pky pro hlodavce Trixie - SHOPATOA.COM","robots":{"index":"index","follow":"follow","max-snippet":"max-snippet:-1","max-image-preview":"max-image-preview:large","max-video-preview":"max-video-preview:-1"},"canonical":"https:\/\/shopatoa.com\/cz\/nuzky-na-drapky-pro-hlodavce-trixie\/","og_locale":"cs_CZ","og_type":"article","og_title":"N\u016f\u017eky na dr\u00e1pky pro hlodavce Trixie - SHOPATOA.COM","og_description":"Kovov\u00e9 n\u016f\u017eky na dr\u00e1pky pro hlodavce. R\u016fzn\u00e9 barvy Plastov\u00e1 rukoje\u0165 s protiskluzovou gumou Z kvalitn\u00edho materi\u00e1lu Velikost 8cm","og_url":"https:\/\/shopatoa.com\/cz\/nuzky-na-drapky-pro-hlodavce-trixie\/","og_site_name":"SHOPATOA","article_modified_time":"2026-01-30T02:18:37+00:00","og_image":[{"width":600,"height":600,"url":"https:\/\/storage.googleapis.com\/cz-shopatoa-img\/cz\/9e637d51-1_23813.jpg","type":"image\/jpeg"}],"twitter_card":"summary_large_image","schema":{"@context":"https:\/\/schema.org","@graph":[{"@type":"WebPage","@id":"https:\/\/shopatoa.com\/cz\/nuzky-na-drapky-pro-hlodavce-trixie\/","url":"https:\/\/shopatoa.com\/cz\/nuzky-na-drapky-pro-hlodavce-trixie\/","name":"N\u016f\u017eky na dr\u00e1pky pro hlodavce Trixie - SHOPATOA.COM","isPartOf":{"@id":"https:\/\/shopatoa.com\/cz\/#website"},"primaryImageOfPage":{"@id":"https:\/\/shopatoa.com\/cz\/nuzky-na-drapky-pro-hlodavce-trixie\/#primaryimage"},"image":{"@id":"https:\/\/shopatoa.com\/cz\/nuzky-na-drapky-pro-hlodavce-trixie\/#primaryimage"},"thumbnailUrl":"https:\/\/storage.googleapis.com\/cz-shopatoa-img\/cz\/9e637d51-1_23813.jpg","datePublished":"2025-04-02T08:20:41+00:00","dateModified":"2026-01-30T02:18:37+00:00","breadcrumb":{"@id":"https:\/\/shopatoa.com\/cz\/nuzky-na-drapky-pro-hlodavce-trixie\/#breadcrumb"},"inLanguage":"cs","potentialAction":[{"@type":"ReadAction","target":["https:\/\/shopatoa.com\/cz\/nuzky-na-drapky-pro-hlodavce-trixie\/"]}]},{"@type":"ImageObject","inLanguage":"cs","@id":"https:\/\/shopatoa.com\/cz\/nuzky-na-drapky-pro-hlodavce-trixie\/#primaryimage","url":"https:\/\/storage.googleapis.com\/cz-shopatoa-img\/cz\/9e637d51-1_23813.jpg","contentUrl":"https:\/\/storage.googleapis.com\/cz-shopatoa-img\/cz\/9e637d51-1_23813.jpg","width":600,"height":600},{"@type":"BreadcrumbList","@id":"https:\/\/shopatoa.com\/cz\/nuzky-na-drapky-pro-hlodavce-trixie\/#breadcrumb","itemListElement":[{"@type":"ListItem","position":1,"name":"Dom\u016f","item":"https:\/\/shopatoa.com\/cz\/"},{"@type":"ListItem","position":2,"name":"Produkty","item":"https:\/\/shopatoa.com\/cz\/shop\/"},{"@type":"ListItem","position":3,"name":"Chovatelsk\u00e9 pot\u0159eby","item":"https:\/\/shopatoa.com\/cz\/chovatelske-potreby-2\/"},{"@type":"ListItem","position":4,"name":"Pro hlodavce","item":"https:\/\/shopatoa.com\/cz\/pro-hlodavce\/"},{"@type":"ListItem","position":5,"name":"Hygiena a kosmetika pro hlodavce","item":"https:\/\/shopatoa.com\/cz\/hygiena-a-kosmetika-pro-hlodavce\/"},{"@type":"ListItem","position":6,"name":"P\u00e9\u010de o srst a dr\u00e1pky hlodavc\u016f","item":"https:\/\/shopatoa.com\/cz\/pece-o-srst-a-drapky-hlodavcu\/"},{"@type":"ListItem","position":7,"name":"N\u016f\u017eky na dr\u00e1pky pro hlodavce Trixie"}]},{"@type":"WebSite","@id":"https:\/\/shopatoa.com\/cz\/#website","url":"https:\/\/shopatoa.com\/cz\/","name":"SHOPATOA","description":"","publisher":{"@id":"https:\/\/shopatoa.com\/cz\/#organization"},"potentialAction":[{"@type":"SearchAction","target":{"@type":"EntryPoint","urlTemplate":"https:\/\/shopatoa.com\/cz\/?s={search_term_string}"},"query-input":{"@type":"PropertyValueSpecification","valueRequired":true,"valueName":"search_term_string"}}],"inLanguage":"cs"},{"@type":"Organization","@id":"https:\/\/shopatoa.com\/cz\/#organization","name":"SHOPATOA Digital s.r.o.","url":"https:\/\/shopatoa.com\/cz\/","logo":{"@type":"ImageObject","inLanguage":"cs","@id":"https:\/\/shopatoa.com\/cz\/#\/schema\/logo\/image\/","url":"https:\/\/storage.googleapis.com\/cz-shopatoa-img\/cz\/ebccf434-shopatoa_logo.png","contentUrl":"https:\/\/storage.googleapis.com\/cz-shopatoa-img\/cz\/ebccf434-shopatoa_logo.png","width":416,"height":63,"caption":"SHOPATOA Digital s.r.o."},"image":{"@id":"https:\/\/shopatoa.com\/cz\/#\/schema\/logo\/image\/"}}]}},"_links":{"self":[{"href":"https:\/\/shopatoa.com\/cz\/wp-json\/wp\/v2\/product\/243091","targetHints":{"allow":["GET"]}}],"collection":[{"href":"https:\/\/shopatoa.com\/cz\/wp-json\/wp\/v2\/product"}],"about":[{"href":"https:\/\/shopatoa.com\/cz\/wp-json\/wp\/v2\/types\/product"}],"replies":[{"embeddable":true,"href":"https:\/\/shopatoa.com\/cz\/wp-json\/wp\/v2\/comments?post=243091"}],"wp:featuredmedia":[{"embeddable":true,"href":"https:\/\/shopatoa.com\/cz\/wp-json\/wp\/v2\/media\/243092"}],"wp:attachment":[{"href":"https:\/\/shopatoa.com\/cz\/wp-json\/wp\/v2\/media?parent=243091"}],"wp:term":[{"taxonomy":"product_brand","embeddable":true,"href":"https:\/\/shopatoa.com\/cz\/wp-json\/wp\/v2\/product_brand?post=243091"},{"taxonomy":"product_cat","embeddable":true,"href":"https:\/\/shopatoa.com\/cz\/wp-json\/wp\/v2\/product_cat?post=243091"},{"taxonomy":"product_tag","embeddable":true,"href":"https:\/\/shopatoa.com\/cz\/wp-json\/wp\/v2\/product_tag?post=243091"}],"curies":[{"name":"wp","href":"https:\/\/api.w.org\/{rel}","templated":true}]}}