{"id":243145,"date":"2025-04-02T10:30:31","date_gmt":"2025-04-02T08:30:31","guid":{"rendered":"https:\/\/shopatoa.com\/cz\/?post_type=product&#038;p=243145"},"modified":"2026-02-01T03:59:25","modified_gmt":"2026-02-01T02:59:25","slug":"eukanuba-daily-care-small-medium-weight-control-15kg","status":"publish","type":"product","link":"https:\/\/shopatoa.com\/cz\/eukanuba-daily-care-small-medium-weight-control-15kg\/","title":{"rendered":"Eukanuba Daily Care Small &amp; Medium Weight &amp; Control 15kg"},"content":{"rendered":"<p>Kompletn\u00ed a vyv\u00e1\u017een\u00e9 krmivo<\/p>\n<p>\u00a0 \u00a0 \u00a0 Vhodn\u00e9 pro dosp\u011bl\u00e9 psy mal\u00fdch a st\u0159edn\u011b velk\u00fdch plemen\u00a0od 1 do 7 let s v\u00e1hou do 25 kg, kte\u0159\u00ed maj\u00ed nadv\u00e1hu nebo jsou m\u00e9n\u011b aktivn\u00ed.\u00a0<\/p>\n<p>S bohat\u00fdm obsahem ku\u0159ec\u00edho masa.<\/p>\n<p>Toto krmivo Eukanuba obsahuje ni\u017e\u0161\u00ed mno\u017estv\u00ed tuku a poskytuje optim\u00e1ln\u00ed denn\u00ed d\u00e1vku protein\u016f, karbohydr\u00e1t\u016f, d\u016fle\u017eit\u00fdch vitam\u00edn\u016f a miner\u00e1l\u016f pro zdrav\u00ed a pohodu va\u0161eho psa. N\u011bkter\u00e9 tuky byly nahrazeny karbohydr\u00e1ty s ni\u017e\u0161\u00edm obsahem kalori\u00ed, ani\u017e by do\u0161lo ke ztr\u00e1t\u011b v\u00fd\u017eivov\u00e9 hodnoty. Obsahuje p\u0159\u00edsady vysok\u00e9 kvality a velk\u00e9 mno\u017estv\u00ed \u017eivo\u010di\u0161n\u00fdch protein\u016f. 100% kompletn\u00ed a vyv\u00e1\u017een\u00e1 strava pro dosp\u011bl\u00e9 psy mal\u00fdch a st\u0159edn\u011b velk\u00fdch plemen, kte\u0159\u00ed maj\u00ed nadv\u00e1hu nebo jsou m\u00e9n\u011b aktivn\u00ed.<\/p>\n<p>Znaky krmiva:<\/p>\n<p>Napom\u00e1h\u00e1 dent\u00e1ln\u00ed hygien\u011b<\/p>\n<p>Speci\u00e1ln\u00ed pokryt\u00ed granul\u00ed pom\u00e1h\u00e1 redukovat tvorbu zubn\u00edho kamene. Podporuje zdrav\u00e9 zuby t\u00edm, \u017ee sni\u017euje hromad\u011bn\u00ed zubn\u00edho kamene. Receptura napom\u00e1h\u00e1 odstranit zubn\u00ed plak a zabra\u0148uje ukl\u00e1d\u00e1n\u00ed materi\u00e1l\u016f vytv\u00e1\u0159ej\u00edc\u00edch zubn\u00ed k\u00e1men na zubech.<\/p>\n<p>Podpora zdrav\u00e9 k\u016f\u017ee a&#8230;<\/p>\n","protected":false},"excerpt":{"rendered":"<p>Kompletn\u00ed a vyv\u00e1\u017een\u00e9 krmivo \u00a0 \u00a0 \u00a0 Vhodn\u00e9 pro dosp\u011bl\u00e9 psy mal\u00fdch a st\u0159edn\u011b velk\u00fdch plemen\u00a0od 1 do 7 let s v\u00e1hou do 25 kg, kte\u0159\u00ed maj\u00ed nadv\u00e1hu nebo jsou m\u00e9n\u011b aktivn\u00ed.\u00a0 S bohat\u00fdm obsahem ku\u0159ec\u00edho masa. Toto krmivo Eukanuba obsahuje ni\u017e\u0161\u00ed mno\u017estv\u00ed tuku a poskytuje optim\u00e1ln\u00ed denn\u00ed d\u00e1vku protein\u016f, karbohydr\u00e1t\u016f, d\u016fle\u017eit\u00fdch vitam\u00edn\u016f a miner\u00e1l\u016f&#8230;<\/p>\n","protected":false},"featured_media":243146,"comment_status":"closed","ping_status":"open","template":"","meta":{"_acf_changed":false,"_kadence_starter_templates_imported_post":false,"_kad_post_transparent":"","_kad_post_title":"","_kad_post_layout":"","_kad_post_sidebar_id":"","_kad_post_content_style":"","_kad_post_vertical_padding":"","_kad_post_feature":"","_kad_post_feature_position":"","_kad_post_header":false,"_kad_post_footer":false,"_kad_post_classname":""},"product_brand":[2048],"product_cat":[436,2569,2568,739],"product_tag":[],"class_list":{"0":"post-243145","1":"product","2":"type-product","3":"status-publish","4":"has-post-thumbnail","6":"product_brand-eukanuba","7":"product_cat-chovatelske-potreby-2","8":"product_cat-granule-pro-psy","9":"product_cat-krmivo-pro-psy-pro-psy-chovatelske-potreby-2","10":"product_cat-pro-psy-chovatelske-potreby-2","11":"pa_obchod-superzoo-cz","13":"first","14":"instock","15":"product-type-external","16":"entry","17":"content-bg","18":"loop-entry"},"acf":[],"yoast_head":"<!-- This site is optimized with the Yoast SEO plugin v27.4 - https:\/\/yoast.com\/product\/yoast-seo-wordpress\/ -->\n<title>Eukanuba Daily Care Small &amp; Medium Weight &amp; Control 15kg - SHOPATOA.COM<\/title>\n<meta name=\"robots\" content=\"index, follow, max-snippet:-1, max-image-preview:large, max-video-preview:-1\" \/>\n<link rel=\"canonical\" href=\"https:\/\/shopatoa.com\/cz\/eukanuba-daily-care-small-medium-weight-control-15kg\/\" \/>\n<meta property=\"og:locale\" content=\"cs_CZ\" \/>\n<meta property=\"og:type\" content=\"article\" \/>\n<meta property=\"og:title\" content=\"Eukanuba Daily Care Small &amp; Medium Weight &amp; Control 15kg - SHOPATOA.COM\" \/>\n<meta property=\"og:description\" content=\"Kompletn\u00ed a vyv\u00e1\u017een\u00e9 krmivo \u00a0 \u00a0 \u00a0 Vhodn\u00e9 pro dosp\u011bl\u00e9 psy mal\u00fdch a st\u0159edn\u011b velk\u00fdch plemen\u00a0od 1 do 7 let s v\u00e1hou do 25 kg, kte\u0159\u00ed maj\u00ed nadv\u00e1hu nebo jsou m\u00e9n\u011b aktivn\u00ed.\u00a0 S bohat\u00fdm obsahem ku\u0159ec\u00edho masa. Toto krmivo Eukanuba obsahuje ni\u017e\u0161\u00ed mno\u017estv\u00ed tuku a poskytuje optim\u00e1ln\u00ed denn\u00ed d\u00e1vku protein\u016f, karbohydr\u00e1t\u016f, d\u016fle\u017eit\u00fdch vitam\u00edn\u016f a miner\u00e1l\u016f...\" \/>\n<meta property=\"og:url\" content=\"https:\/\/shopatoa.com\/cz\/eukanuba-daily-care-small-medium-weight-control-15kg\/\" \/>\n<meta property=\"og:site_name\" content=\"SHOPATOA\" \/>\n<meta property=\"article:modified_time\" content=\"2026-02-01T02:59:25+00:00\" \/>\n<meta property=\"og:image\" content=\"https:\/\/storage.googleapis.com\/cz-shopatoa-img\/cz\/d9a28d25-1_78507.jpg\" \/>\n\t<meta property=\"og:image:width\" content=\"600\" \/>\n\t<meta property=\"og:image:height\" content=\"600\" \/>\n\t<meta property=\"og:image:type\" content=\"image\/jpeg\" \/>\n<meta name=\"twitter:card\" content=\"summary_large_image\" \/>\n<meta name=\"twitter:label1\" content=\"Odhadovan\u00e1 doba \u010dten\u00ed\" \/>\n\t<meta name=\"twitter:data1\" content=\"1 minuta\" \/>\n<script type=\"application\/ld+json\" class=\"yoast-schema-graph\">{\"@context\":\"https:\\\/\\\/schema.org\",\"@graph\":[{\"@type\":\"WebPage\",\"@id\":\"https:\\\/\\\/shopatoa.com\\\/cz\\\/eukanuba-daily-care-small-medium-weight-control-15kg\\\/\",\"url\":\"https:\\\/\\\/shopatoa.com\\\/cz\\\/eukanuba-daily-care-small-medium-weight-control-15kg\\\/\",\"name\":\"Eukanuba Daily Care Small & Medium Weight & Control 15kg - SHOPATOA.COM\",\"isPartOf\":{\"@id\":\"https:\\\/\\\/shopatoa.com\\\/cz\\\/#website\"},\"primaryImageOfPage\":{\"@id\":\"https:\\\/\\\/shopatoa.com\\\/cz\\\/eukanuba-daily-care-small-medium-weight-control-15kg\\\/#primaryimage\"},\"image\":{\"@id\":\"https:\\\/\\\/shopatoa.com\\\/cz\\\/eukanuba-daily-care-small-medium-weight-control-15kg\\\/#primaryimage\"},\"thumbnailUrl\":\"https:\\\/\\\/storage.googleapis.com\\\/cz-shopatoa-img\\\/cz\\\/d9a28d25-1_78507.jpg\",\"datePublished\":\"2025-04-02T08:30:31+00:00\",\"dateModified\":\"2026-02-01T02:59:25+00:00\",\"breadcrumb\":{\"@id\":\"https:\\\/\\\/shopatoa.com\\\/cz\\\/eukanuba-daily-care-small-medium-weight-control-15kg\\\/#breadcrumb\"},\"inLanguage\":\"cs\",\"potentialAction\":[{\"@type\":\"ReadAction\",\"target\":[\"https:\\\/\\\/shopatoa.com\\\/cz\\\/eukanuba-daily-care-small-medium-weight-control-15kg\\\/\"]}]},{\"@type\":\"ImageObject\",\"inLanguage\":\"cs\",\"@id\":\"https:\\\/\\\/shopatoa.com\\\/cz\\\/eukanuba-daily-care-small-medium-weight-control-15kg\\\/#primaryimage\",\"url\":\"https:\\\/\\\/storage.googleapis.com\\\/cz-shopatoa-img\\\/cz\\\/d9a28d25-1_78507.jpg\",\"contentUrl\":\"https:\\\/\\\/storage.googleapis.com\\\/cz-shopatoa-img\\\/cz\\\/d9a28d25-1_78507.jpg\",\"width\":600,\"height\":600},{\"@type\":\"BreadcrumbList\",\"@id\":\"https:\\\/\\\/shopatoa.com\\\/cz\\\/eukanuba-daily-care-small-medium-weight-control-15kg\\\/#breadcrumb\",\"itemListElement\":[{\"@type\":\"ListItem\",\"position\":1,\"name\":\"Dom\u016f\",\"item\":\"https:\\\/\\\/shopatoa.com\\\/cz\\\/\"},{\"@type\":\"ListItem\",\"position\":2,\"name\":\"Produkty\",\"item\":\"https:\\\/\\\/shopatoa.com\\\/cz\\\/shop\\\/\"},{\"@type\":\"ListItem\",\"position\":3,\"name\":\"Chovatelsk\u00e9 pot\u0159eby\",\"item\":\"https:\\\/\\\/shopatoa.com\\\/cz\\\/chovatelske-potreby-2\\\/\"},{\"@type\":\"ListItem\",\"position\":4,\"name\":\"Pro psy\",\"item\":\"https:\\\/\\\/shopatoa.com\\\/cz\\\/pro-psy-chovatelske-potreby-2\\\/\"},{\"@type\":\"ListItem\",\"position\":5,\"name\":\"Krmivo pro psy\",\"item\":\"https:\\\/\\\/shopatoa.com\\\/cz\\\/krmivo-pro-psy-pro-psy-chovatelske-potreby-2\\\/\"},{\"@type\":\"ListItem\",\"position\":6,\"name\":\"Granule pro psy\",\"item\":\"https:\\\/\\\/shopatoa.com\\\/cz\\\/granule-pro-psy\\\/\"},{\"@type\":\"ListItem\",\"position\":7,\"name\":\"Eukanuba Daily Care Small &amp; Medium Weight &amp; Control 15kg\"}]},{\"@type\":\"WebSite\",\"@id\":\"https:\\\/\\\/shopatoa.com\\\/cz\\\/#website\",\"url\":\"https:\\\/\\\/shopatoa.com\\\/cz\\\/\",\"name\":\"SHOPATOA\",\"description\":\"\",\"publisher\":{\"@id\":\"https:\\\/\\\/shopatoa.com\\\/cz\\\/#organization\"},\"potentialAction\":[{\"@type\":\"SearchAction\",\"target\":{\"@type\":\"EntryPoint\",\"urlTemplate\":\"https:\\\/\\\/shopatoa.com\\\/cz\\\/?s={search_term_string}\"},\"query-input\":{\"@type\":\"PropertyValueSpecification\",\"valueRequired\":true,\"valueName\":\"search_term_string\"}}],\"inLanguage\":\"cs\"},{\"@type\":\"Organization\",\"@id\":\"https:\\\/\\\/shopatoa.com\\\/cz\\\/#organization\",\"name\":\"SHOPATOA Digital s.r.o.\",\"url\":\"https:\\\/\\\/shopatoa.com\\\/cz\\\/\",\"logo\":{\"@type\":\"ImageObject\",\"inLanguage\":\"cs\",\"@id\":\"https:\\\/\\\/shopatoa.com\\\/cz\\\/#\\\/schema\\\/logo\\\/image\\\/\",\"url\":\"https:\\\/\\\/storage.googleapis.com\\\/cz-shopatoa-img\\\/cz\\\/ebccf434-shopatoa_logo.png\",\"contentUrl\":\"https:\\\/\\\/storage.googleapis.com\\\/cz-shopatoa-img\\\/cz\\\/ebccf434-shopatoa_logo.png\",\"width\":416,\"height\":63,\"caption\":\"SHOPATOA Digital s.r.o.\"},\"image\":{\"@id\":\"https:\\\/\\\/shopatoa.com\\\/cz\\\/#\\\/schema\\\/logo\\\/image\\\/\"}}]}<\/script>\n<!-- \/ Yoast SEO plugin. -->","yoast_head_json":{"title":"Eukanuba Daily Care Small & Medium Weight & Control 15kg - SHOPATOA.COM","robots":{"index":"index","follow":"follow","max-snippet":"max-snippet:-1","max-image-preview":"max-image-preview:large","max-video-preview":"max-video-preview:-1"},"canonical":"https:\/\/shopatoa.com\/cz\/eukanuba-daily-care-small-medium-weight-control-15kg\/","og_locale":"cs_CZ","og_type":"article","og_title":"Eukanuba Daily Care Small & Medium Weight & Control 15kg - SHOPATOA.COM","og_description":"Kompletn\u00ed a vyv\u00e1\u017een\u00e9 krmivo \u00a0 \u00a0 \u00a0 Vhodn\u00e9 pro dosp\u011bl\u00e9 psy mal\u00fdch a st\u0159edn\u011b velk\u00fdch plemen\u00a0od 1 do 7 let s v\u00e1hou do 25 kg, kte\u0159\u00ed maj\u00ed nadv\u00e1hu nebo jsou m\u00e9n\u011b aktivn\u00ed.\u00a0 S bohat\u00fdm obsahem ku\u0159ec\u00edho masa. Toto krmivo Eukanuba obsahuje ni\u017e\u0161\u00ed mno\u017estv\u00ed tuku a poskytuje optim\u00e1ln\u00ed denn\u00ed d\u00e1vku protein\u016f, karbohydr\u00e1t\u016f, d\u016fle\u017eit\u00fdch vitam\u00edn\u016f a miner\u00e1l\u016f...","og_url":"https:\/\/shopatoa.com\/cz\/eukanuba-daily-care-small-medium-weight-control-15kg\/","og_site_name":"SHOPATOA","article_modified_time":"2026-02-01T02:59:25+00:00","og_image":[{"width":600,"height":600,"url":"https:\/\/storage.googleapis.com\/cz-shopatoa-img\/cz\/d9a28d25-1_78507.jpg","type":"image\/jpeg"}],"twitter_card":"summary_large_image","twitter_misc":{"Odhadovan\u00e1 doba \u010dten\u00ed":"1 minuta"},"schema":{"@context":"https:\/\/schema.org","@graph":[{"@type":"WebPage","@id":"https:\/\/shopatoa.com\/cz\/eukanuba-daily-care-small-medium-weight-control-15kg\/","url":"https:\/\/shopatoa.com\/cz\/eukanuba-daily-care-small-medium-weight-control-15kg\/","name":"Eukanuba Daily Care Small & Medium Weight & Control 15kg - SHOPATOA.COM","isPartOf":{"@id":"https:\/\/shopatoa.com\/cz\/#website"},"primaryImageOfPage":{"@id":"https:\/\/shopatoa.com\/cz\/eukanuba-daily-care-small-medium-weight-control-15kg\/#primaryimage"},"image":{"@id":"https:\/\/shopatoa.com\/cz\/eukanuba-daily-care-small-medium-weight-control-15kg\/#primaryimage"},"thumbnailUrl":"https:\/\/storage.googleapis.com\/cz-shopatoa-img\/cz\/d9a28d25-1_78507.jpg","datePublished":"2025-04-02T08:30:31+00:00","dateModified":"2026-02-01T02:59:25+00:00","breadcrumb":{"@id":"https:\/\/shopatoa.com\/cz\/eukanuba-daily-care-small-medium-weight-control-15kg\/#breadcrumb"},"inLanguage":"cs","potentialAction":[{"@type":"ReadAction","target":["https:\/\/shopatoa.com\/cz\/eukanuba-daily-care-small-medium-weight-control-15kg\/"]}]},{"@type":"ImageObject","inLanguage":"cs","@id":"https:\/\/shopatoa.com\/cz\/eukanuba-daily-care-small-medium-weight-control-15kg\/#primaryimage","url":"https:\/\/storage.googleapis.com\/cz-shopatoa-img\/cz\/d9a28d25-1_78507.jpg","contentUrl":"https:\/\/storage.googleapis.com\/cz-shopatoa-img\/cz\/d9a28d25-1_78507.jpg","width":600,"height":600},{"@type":"BreadcrumbList","@id":"https:\/\/shopatoa.com\/cz\/eukanuba-daily-care-small-medium-weight-control-15kg\/#breadcrumb","itemListElement":[{"@type":"ListItem","position":1,"name":"Dom\u016f","item":"https:\/\/shopatoa.com\/cz\/"},{"@type":"ListItem","position":2,"name":"Produkty","item":"https:\/\/shopatoa.com\/cz\/shop\/"},{"@type":"ListItem","position":3,"name":"Chovatelsk\u00e9 pot\u0159eby","item":"https:\/\/shopatoa.com\/cz\/chovatelske-potreby-2\/"},{"@type":"ListItem","position":4,"name":"Pro psy","item":"https:\/\/shopatoa.com\/cz\/pro-psy-chovatelske-potreby-2\/"},{"@type":"ListItem","position":5,"name":"Krmivo pro psy","item":"https:\/\/shopatoa.com\/cz\/krmivo-pro-psy-pro-psy-chovatelske-potreby-2\/"},{"@type":"ListItem","position":6,"name":"Granule pro psy","item":"https:\/\/shopatoa.com\/cz\/granule-pro-psy\/"},{"@type":"ListItem","position":7,"name":"Eukanuba Daily Care Small &amp; Medium Weight &amp; Control 15kg"}]},{"@type":"WebSite","@id":"https:\/\/shopatoa.com\/cz\/#website","url":"https:\/\/shopatoa.com\/cz\/","name":"SHOPATOA","description":"","publisher":{"@id":"https:\/\/shopatoa.com\/cz\/#organization"},"potentialAction":[{"@type":"SearchAction","target":{"@type":"EntryPoint","urlTemplate":"https:\/\/shopatoa.com\/cz\/?s={search_term_string}"},"query-input":{"@type":"PropertyValueSpecification","valueRequired":true,"valueName":"search_term_string"}}],"inLanguage":"cs"},{"@type":"Organization","@id":"https:\/\/shopatoa.com\/cz\/#organization","name":"SHOPATOA Digital s.r.o.","url":"https:\/\/shopatoa.com\/cz\/","logo":{"@type":"ImageObject","inLanguage":"cs","@id":"https:\/\/shopatoa.com\/cz\/#\/schema\/logo\/image\/","url":"https:\/\/storage.googleapis.com\/cz-shopatoa-img\/cz\/ebccf434-shopatoa_logo.png","contentUrl":"https:\/\/storage.googleapis.com\/cz-shopatoa-img\/cz\/ebccf434-shopatoa_logo.png","width":416,"height":63,"caption":"SHOPATOA Digital s.r.o."},"image":{"@id":"https:\/\/shopatoa.com\/cz\/#\/schema\/logo\/image\/"}}]}},"_links":{"self":[{"href":"https:\/\/shopatoa.com\/cz\/wp-json\/wp\/v2\/product\/243145","targetHints":{"allow":["GET"]}}],"collection":[{"href":"https:\/\/shopatoa.com\/cz\/wp-json\/wp\/v2\/product"}],"about":[{"href":"https:\/\/shopatoa.com\/cz\/wp-json\/wp\/v2\/types\/product"}],"replies":[{"embeddable":true,"href":"https:\/\/shopatoa.com\/cz\/wp-json\/wp\/v2\/comments?post=243145"}],"wp:featuredmedia":[{"embeddable":true,"href":"https:\/\/shopatoa.com\/cz\/wp-json\/wp\/v2\/media\/243146"}],"wp:attachment":[{"href":"https:\/\/shopatoa.com\/cz\/wp-json\/wp\/v2\/media?parent=243145"}],"wp:term":[{"taxonomy":"product_brand","embeddable":true,"href":"https:\/\/shopatoa.com\/cz\/wp-json\/wp\/v2\/product_brand?post=243145"},{"taxonomy":"product_cat","embeddable":true,"href":"https:\/\/shopatoa.com\/cz\/wp-json\/wp\/v2\/product_cat?post=243145"},{"taxonomy":"product_tag","embeddable":true,"href":"https:\/\/shopatoa.com\/cz\/wp-json\/wp\/v2\/product_tag?post=243145"}],"curies":[{"name":"wp","href":"https:\/\/api.w.org\/{rel}","templated":true}]}}