{"id":243189,"date":"2025-04-02T10:36:56","date_gmt":"2025-04-02T08:36:56","guid":{"rendered":"https:\/\/shopatoa.com\/cz\/?post_type=product&#038;p=243189"},"modified":"2025-04-26T01:18:02","modified_gmt":"2025-04-25T23:18:02","slug":"tetra-plant-complete-substrate-25kg","status":"publish","type":"product","link":"https:\/\/shopatoa.com\/cz\/tetra-plant-complete-substrate-25kg\/","title":{"rendered":"TETRA Plant Complete Substrate 2,5kg"},"content":{"rendered":"<p>Dlouhodob\u011b p\u016fsob\u00edc\u00ed kompletn\u00ed substr\u00e1t pro v\u0161echna akv\u00e1ria.<br \/>\nM\u00e1 dlouhodob\u00fd hnoj\u00edc\u00ed efekt a je ihned k pou\u017eit\u00ed. Zcela p\u0159\u00edrodn\u00ed substr\u00e1t, kter\u00fd redukuje zne\u010di\u0161t\u011bn\u00ed vody, sn\u00ed\u017e\u00ed porost \u0159as a zaji\u0161\u0165uje bujn\u00fd a zdrav\u00fd r\u016fst akvarijn\u00edch rostlin. Neobsahuje \u017e\u00e1dn\u00e9 p\u0159idan\u00e9 nitr\u00e1ty ani fosf\u00e1ty. Pou\u017eit\u00ed: nasypte na dno akv\u00e1ria vrstvu substr\u00e1tu cca 2 cm silnou a pokryjte 2 cm vrstvou akvarijn\u00edho \u0161t\u011brku (doporu\u010duje se pr\u016fm\u011br 1-3 mm).<\/p>\n","protected":false},"excerpt":{"rendered":"<p>Dlouhodob\u011b p\u016fsob\u00edc\u00ed kompletn\u00ed substr\u00e1t pro v\u0161echna akv\u00e1ria. M\u00e1 dlouhodob\u00fd hnoj\u00edc\u00ed efekt a je ihned k pou\u017eit\u00ed. Zcela p\u0159\u00edrodn\u00ed substr\u00e1t, kter\u00fd redukuje zne\u010di\u0161t\u011bn\u00ed vody, sn\u00ed\u017e\u00ed porost \u0159as a zaji\u0161\u0165uje bujn\u00fd a zdrav\u00fd r\u016fst akvarijn\u00edch rostlin. Neobsahuje \u017e\u00e1dn\u00e9 p\u0159idan\u00e9 nitr\u00e1ty ani fosf\u00e1ty. Pou\u017eit\u00ed: nasypte na dno akv\u00e1ria vrstvu substr\u00e1tu cca 2 cm silnou a pokryjte 2 cm&#8230;<\/p>\n","protected":false},"featured_media":243190,"comment_status":"closed","ping_status":"open","template":"","meta":{"_acf_changed":false,"_kadence_starter_templates_imported_post":false,"_kad_post_transparent":"","_kad_post_title":"","_kad_post_layout":"","_kad_post_sidebar_id":"","_kad_post_content_style":"","_kad_post_vertical_padding":"","_kad_post_feature":"","_kad_post_feature_position":"","_kad_post_header":false,"_kad_post_footer":false,"_kad_post_classname":""},"product_brand":[2614],"product_cat":[683,2620,2579,2621],"product_tag":[],"class_list":{"0":"post-243189","1":"product","2":"type-product","3":"status-publish","4":"has-post-thumbnail","6":"product_brand-tetra","7":"product_cat-dilna-stavba-zahrada","8":"product_cat-pece-o-rostliny-a-pestovani-rostlin-zahrada-dilna-stavba-zahrada","9":"product_cat-zahrada-dilna-stavba-zahrada","10":"product_cat-zahradni-substraty","11":"pa_obchod-superzoo-cz","13":"first","14":"instock","15":"product-type-external","16":"entry","17":"content-bg","18":"loop-entry"},"acf":[],"yoast_head":"<!-- This site is optimized with the Yoast SEO plugin v27.4 - https:\/\/yoast.com\/product\/yoast-seo-wordpress\/ -->\n<title>TETRA Plant Complete Substrate 2,5kg - SHOPATOA.COM<\/title>\n<meta name=\"robots\" content=\"index, follow, max-snippet:-1, max-image-preview:large, max-video-preview:-1\" \/>\n<link rel=\"canonical\" href=\"https:\/\/shopatoa.com\/cz\/tetra-plant-complete-substrate-25kg\/\" \/>\n<meta property=\"og:locale\" content=\"cs_CZ\" \/>\n<meta property=\"og:type\" content=\"article\" \/>\n<meta property=\"og:title\" content=\"TETRA Plant Complete Substrate 2,5kg - SHOPATOA.COM\" \/>\n<meta property=\"og:description\" content=\"Dlouhodob\u011b p\u016fsob\u00edc\u00ed kompletn\u00ed substr\u00e1t pro v\u0161echna akv\u00e1ria. M\u00e1 dlouhodob\u00fd hnoj\u00edc\u00ed efekt a je ihned k pou\u017eit\u00ed. Zcela p\u0159\u00edrodn\u00ed substr\u00e1t, kter\u00fd redukuje zne\u010di\u0161t\u011bn\u00ed vody, sn\u00ed\u017e\u00ed porost \u0159as a zaji\u0161\u0165uje bujn\u00fd a zdrav\u00fd r\u016fst akvarijn\u00edch rostlin. Neobsahuje \u017e\u00e1dn\u00e9 p\u0159idan\u00e9 nitr\u00e1ty ani fosf\u00e1ty. Pou\u017eit\u00ed: nasypte na dno akv\u00e1ria vrstvu substr\u00e1tu cca 2 cm silnou a pokryjte 2 cm...\" \/>\n<meta property=\"og:url\" content=\"https:\/\/shopatoa.com\/cz\/tetra-plant-complete-substrate-25kg\/\" \/>\n<meta property=\"og:site_name\" content=\"SHOPATOA\" \/>\n<meta property=\"article:modified_time\" content=\"2025-04-25T23:18:02+00:00\" \/>\n<meta property=\"og:image\" content=\"https:\/\/storage.googleapis.com\/cz-shopatoa-img\/cz\/577377e9-1_90929.jpg\" \/>\n\t<meta property=\"og:image:width\" content=\"600\" \/>\n\t<meta property=\"og:image:height\" content=\"600\" \/>\n\t<meta property=\"og:image:type\" content=\"image\/jpeg\" \/>\n<meta name=\"twitter:card\" content=\"summary_large_image\" \/>\n<script type=\"application\/ld+json\" class=\"yoast-schema-graph\">{\"@context\":\"https:\\\/\\\/schema.org\",\"@graph\":[{\"@type\":\"WebPage\",\"@id\":\"https:\\\/\\\/shopatoa.com\\\/cz\\\/tetra-plant-complete-substrate-25kg\\\/\",\"url\":\"https:\\\/\\\/shopatoa.com\\\/cz\\\/tetra-plant-complete-substrate-25kg\\\/\",\"name\":\"TETRA Plant Complete Substrate 2,5kg - SHOPATOA.COM\",\"isPartOf\":{\"@id\":\"https:\\\/\\\/shopatoa.com\\\/cz\\\/#website\"},\"primaryImageOfPage\":{\"@id\":\"https:\\\/\\\/shopatoa.com\\\/cz\\\/tetra-plant-complete-substrate-25kg\\\/#primaryimage\"},\"image\":{\"@id\":\"https:\\\/\\\/shopatoa.com\\\/cz\\\/tetra-plant-complete-substrate-25kg\\\/#primaryimage\"},\"thumbnailUrl\":\"https:\\\/\\\/storage.googleapis.com\\\/cz-shopatoa-img\\\/cz\\\/577377e9-1_90929.jpg\",\"datePublished\":\"2025-04-02T08:36:56+00:00\",\"dateModified\":\"2025-04-25T23:18:02+00:00\",\"breadcrumb\":{\"@id\":\"https:\\\/\\\/shopatoa.com\\\/cz\\\/tetra-plant-complete-substrate-25kg\\\/#breadcrumb\"},\"inLanguage\":\"cs\",\"potentialAction\":[{\"@type\":\"ReadAction\",\"target\":[\"https:\\\/\\\/shopatoa.com\\\/cz\\\/tetra-plant-complete-substrate-25kg\\\/\"]}]},{\"@type\":\"ImageObject\",\"inLanguage\":\"cs\",\"@id\":\"https:\\\/\\\/shopatoa.com\\\/cz\\\/tetra-plant-complete-substrate-25kg\\\/#primaryimage\",\"url\":\"https:\\\/\\\/storage.googleapis.com\\\/cz-shopatoa-img\\\/cz\\\/577377e9-1_90929.jpg\",\"contentUrl\":\"https:\\\/\\\/storage.googleapis.com\\\/cz-shopatoa-img\\\/cz\\\/577377e9-1_90929.jpg\",\"width\":600,\"height\":600},{\"@type\":\"BreadcrumbList\",\"@id\":\"https:\\\/\\\/shopatoa.com\\\/cz\\\/tetra-plant-complete-substrate-25kg\\\/#breadcrumb\",\"itemListElement\":[{\"@type\":\"ListItem\",\"position\":1,\"name\":\"Dom\u016f\",\"item\":\"https:\\\/\\\/shopatoa.com\\\/cz\\\/\"},{\"@type\":\"ListItem\",\"position\":2,\"name\":\"Produkty\",\"item\":\"https:\\\/\\\/shopatoa.com\\\/cz\\\/shop\\\/\"},{\"@type\":\"ListItem\",\"position\":3,\"name\":\"D\u00edlna, stavba, zahrada\",\"item\":\"https:\\\/\\\/shopatoa.com\\\/cz\\\/dilna-stavba-zahrada\\\/\"},{\"@type\":\"ListItem\",\"position\":4,\"name\":\"Zahrada\",\"item\":\"https:\\\/\\\/shopatoa.com\\\/cz\\\/zahrada-dilna-stavba-zahrada\\\/\"},{\"@type\":\"ListItem\",\"position\":5,\"name\":\"P\u00e9\u010de o rostliny a p\u011bstov\u00e1n\u00ed rostlin\",\"item\":\"https:\\\/\\\/shopatoa.com\\\/cz\\\/pece-o-rostliny-a-pestovani-rostlin-zahrada-dilna-stavba-zahrada\\\/\"},{\"@type\":\"ListItem\",\"position\":6,\"name\":\"Zahradn\u00ed substr\u00e1ty\",\"item\":\"https:\\\/\\\/shopatoa.com\\\/cz\\\/zahradni-substraty\\\/\"},{\"@type\":\"ListItem\",\"position\":7,\"name\":\"TETRA Plant Complete Substrate 2,5kg\"}]},{\"@type\":\"WebSite\",\"@id\":\"https:\\\/\\\/shopatoa.com\\\/cz\\\/#website\",\"url\":\"https:\\\/\\\/shopatoa.com\\\/cz\\\/\",\"name\":\"SHOPATOA\",\"description\":\"\",\"publisher\":{\"@id\":\"https:\\\/\\\/shopatoa.com\\\/cz\\\/#organization\"},\"potentialAction\":[{\"@type\":\"SearchAction\",\"target\":{\"@type\":\"EntryPoint\",\"urlTemplate\":\"https:\\\/\\\/shopatoa.com\\\/cz\\\/?s={search_term_string}\"},\"query-input\":{\"@type\":\"PropertyValueSpecification\",\"valueRequired\":true,\"valueName\":\"search_term_string\"}}],\"inLanguage\":\"cs\"},{\"@type\":\"Organization\",\"@id\":\"https:\\\/\\\/shopatoa.com\\\/cz\\\/#organization\",\"name\":\"SHOPATOA Digital s.r.o.\",\"url\":\"https:\\\/\\\/shopatoa.com\\\/cz\\\/\",\"logo\":{\"@type\":\"ImageObject\",\"inLanguage\":\"cs\",\"@id\":\"https:\\\/\\\/shopatoa.com\\\/cz\\\/#\\\/schema\\\/logo\\\/image\\\/\",\"url\":\"https:\\\/\\\/storage.googleapis.com\\\/cz-shopatoa-img\\\/cz\\\/ebccf434-shopatoa_logo.png\",\"contentUrl\":\"https:\\\/\\\/storage.googleapis.com\\\/cz-shopatoa-img\\\/cz\\\/ebccf434-shopatoa_logo.png\",\"width\":416,\"height\":63,\"caption\":\"SHOPATOA Digital s.r.o.\"},\"image\":{\"@id\":\"https:\\\/\\\/shopatoa.com\\\/cz\\\/#\\\/schema\\\/logo\\\/image\\\/\"}}]}<\/script>\n<!-- \/ Yoast SEO plugin. -->","yoast_head_json":{"title":"TETRA Plant Complete Substrate 2,5kg - SHOPATOA.COM","robots":{"index":"index","follow":"follow","max-snippet":"max-snippet:-1","max-image-preview":"max-image-preview:large","max-video-preview":"max-video-preview:-1"},"canonical":"https:\/\/shopatoa.com\/cz\/tetra-plant-complete-substrate-25kg\/","og_locale":"cs_CZ","og_type":"article","og_title":"TETRA Plant Complete Substrate 2,5kg - SHOPATOA.COM","og_description":"Dlouhodob\u011b p\u016fsob\u00edc\u00ed kompletn\u00ed substr\u00e1t pro v\u0161echna akv\u00e1ria. M\u00e1 dlouhodob\u00fd hnoj\u00edc\u00ed efekt a je ihned k pou\u017eit\u00ed. Zcela p\u0159\u00edrodn\u00ed substr\u00e1t, kter\u00fd redukuje zne\u010di\u0161t\u011bn\u00ed vody, sn\u00ed\u017e\u00ed porost \u0159as a zaji\u0161\u0165uje bujn\u00fd a zdrav\u00fd r\u016fst akvarijn\u00edch rostlin. Neobsahuje \u017e\u00e1dn\u00e9 p\u0159idan\u00e9 nitr\u00e1ty ani fosf\u00e1ty. Pou\u017eit\u00ed: nasypte na dno akv\u00e1ria vrstvu substr\u00e1tu cca 2 cm silnou a pokryjte 2 cm...","og_url":"https:\/\/shopatoa.com\/cz\/tetra-plant-complete-substrate-25kg\/","og_site_name":"SHOPATOA","article_modified_time":"2025-04-25T23:18:02+00:00","og_image":[{"width":600,"height":600,"url":"https:\/\/storage.googleapis.com\/cz-shopatoa-img\/cz\/577377e9-1_90929.jpg","type":"image\/jpeg"}],"twitter_card":"summary_large_image","schema":{"@context":"https:\/\/schema.org","@graph":[{"@type":"WebPage","@id":"https:\/\/shopatoa.com\/cz\/tetra-plant-complete-substrate-25kg\/","url":"https:\/\/shopatoa.com\/cz\/tetra-plant-complete-substrate-25kg\/","name":"TETRA Plant Complete Substrate 2,5kg - SHOPATOA.COM","isPartOf":{"@id":"https:\/\/shopatoa.com\/cz\/#website"},"primaryImageOfPage":{"@id":"https:\/\/shopatoa.com\/cz\/tetra-plant-complete-substrate-25kg\/#primaryimage"},"image":{"@id":"https:\/\/shopatoa.com\/cz\/tetra-plant-complete-substrate-25kg\/#primaryimage"},"thumbnailUrl":"https:\/\/storage.googleapis.com\/cz-shopatoa-img\/cz\/577377e9-1_90929.jpg","datePublished":"2025-04-02T08:36:56+00:00","dateModified":"2025-04-25T23:18:02+00:00","breadcrumb":{"@id":"https:\/\/shopatoa.com\/cz\/tetra-plant-complete-substrate-25kg\/#breadcrumb"},"inLanguage":"cs","potentialAction":[{"@type":"ReadAction","target":["https:\/\/shopatoa.com\/cz\/tetra-plant-complete-substrate-25kg\/"]}]},{"@type":"ImageObject","inLanguage":"cs","@id":"https:\/\/shopatoa.com\/cz\/tetra-plant-complete-substrate-25kg\/#primaryimage","url":"https:\/\/storage.googleapis.com\/cz-shopatoa-img\/cz\/577377e9-1_90929.jpg","contentUrl":"https:\/\/storage.googleapis.com\/cz-shopatoa-img\/cz\/577377e9-1_90929.jpg","width":600,"height":600},{"@type":"BreadcrumbList","@id":"https:\/\/shopatoa.com\/cz\/tetra-plant-complete-substrate-25kg\/#breadcrumb","itemListElement":[{"@type":"ListItem","position":1,"name":"Dom\u016f","item":"https:\/\/shopatoa.com\/cz\/"},{"@type":"ListItem","position":2,"name":"Produkty","item":"https:\/\/shopatoa.com\/cz\/shop\/"},{"@type":"ListItem","position":3,"name":"D\u00edlna, stavba, zahrada","item":"https:\/\/shopatoa.com\/cz\/dilna-stavba-zahrada\/"},{"@type":"ListItem","position":4,"name":"Zahrada","item":"https:\/\/shopatoa.com\/cz\/zahrada-dilna-stavba-zahrada\/"},{"@type":"ListItem","position":5,"name":"P\u00e9\u010de o rostliny a p\u011bstov\u00e1n\u00ed rostlin","item":"https:\/\/shopatoa.com\/cz\/pece-o-rostliny-a-pestovani-rostlin-zahrada-dilna-stavba-zahrada\/"},{"@type":"ListItem","position":6,"name":"Zahradn\u00ed substr\u00e1ty","item":"https:\/\/shopatoa.com\/cz\/zahradni-substraty\/"},{"@type":"ListItem","position":7,"name":"TETRA Plant Complete Substrate 2,5kg"}]},{"@type":"WebSite","@id":"https:\/\/shopatoa.com\/cz\/#website","url":"https:\/\/shopatoa.com\/cz\/","name":"SHOPATOA","description":"","publisher":{"@id":"https:\/\/shopatoa.com\/cz\/#organization"},"potentialAction":[{"@type":"SearchAction","target":{"@type":"EntryPoint","urlTemplate":"https:\/\/shopatoa.com\/cz\/?s={search_term_string}"},"query-input":{"@type":"PropertyValueSpecification","valueRequired":true,"valueName":"search_term_string"}}],"inLanguage":"cs"},{"@type":"Organization","@id":"https:\/\/shopatoa.com\/cz\/#organization","name":"SHOPATOA Digital s.r.o.","url":"https:\/\/shopatoa.com\/cz\/","logo":{"@type":"ImageObject","inLanguage":"cs","@id":"https:\/\/shopatoa.com\/cz\/#\/schema\/logo\/image\/","url":"https:\/\/storage.googleapis.com\/cz-shopatoa-img\/cz\/ebccf434-shopatoa_logo.png","contentUrl":"https:\/\/storage.googleapis.com\/cz-shopatoa-img\/cz\/ebccf434-shopatoa_logo.png","width":416,"height":63,"caption":"SHOPATOA Digital s.r.o."},"image":{"@id":"https:\/\/shopatoa.com\/cz\/#\/schema\/logo\/image\/"}}]}},"_links":{"self":[{"href":"https:\/\/shopatoa.com\/cz\/wp-json\/wp\/v2\/product\/243189","targetHints":{"allow":["GET"]}}],"collection":[{"href":"https:\/\/shopatoa.com\/cz\/wp-json\/wp\/v2\/product"}],"about":[{"href":"https:\/\/shopatoa.com\/cz\/wp-json\/wp\/v2\/types\/product"}],"replies":[{"embeddable":true,"href":"https:\/\/shopatoa.com\/cz\/wp-json\/wp\/v2\/comments?post=243189"}],"wp:featuredmedia":[{"embeddable":true,"href":"https:\/\/shopatoa.com\/cz\/wp-json\/wp\/v2\/media\/243190"}],"wp:attachment":[{"href":"https:\/\/shopatoa.com\/cz\/wp-json\/wp\/v2\/media?parent=243189"}],"wp:term":[{"taxonomy":"product_brand","embeddable":true,"href":"https:\/\/shopatoa.com\/cz\/wp-json\/wp\/v2\/product_brand?post=243189"},{"taxonomy":"product_cat","embeddable":true,"href":"https:\/\/shopatoa.com\/cz\/wp-json\/wp\/v2\/product_cat?post=243189"},{"taxonomy":"product_tag","embeddable":true,"href":"https:\/\/shopatoa.com\/cz\/wp-json\/wp\/v2\/product_tag?post=243189"}],"curies":[{"name":"wp","href":"https:\/\/api.w.org\/{rel}","templated":true}]}}