{"id":243227,"date":"2025-04-02T10:45:40","date_gmt":"2025-04-02T08:45:40","guid":{"rendered":"https:\/\/shopatoa.com\/cz\/?post_type=product&#038;p=243227"},"modified":"2026-02-02T09:58:25","modified_gmt":"2026-02-02T08:58:25","slug":"koule-agros-lojove-6ks","status":"publish","type":"product","link":"https:\/\/shopatoa.com\/cz\/koule-agros-lojove-6ks\/","title":{"rendered":"Koule AGROS lojov\u00e9 6ks"},"content":{"rendered":"<p>Lojov\u00e9 koule pro voln\u011b \u017eij\u00edc\u00ed ptactvo &#8211; dopl\u0148kov\u00e9 krmivo.<\/p>\n<p>Krmn\u00fd n\u00e1vod: zav\u011bste na prov\u00e1zek a nechte voln\u011b k dispozici.<\/p>\n<p>Slo\u017een\u00ed: obiloviny, oleje a tuk.semena (slune\u010dnice a \u010dirok).<\/p>\n<p>Jakostn\u00ed znaky: proteiny 8,5%, vlhkost 10%, hrub\u00e9 oleje a tuky 18%.<\/p>\n<p>Odstra\u0148te s\u00ed\u0165ky z lojov\u00fdch koul\u00ed. Pt\u00e1ci se mohou do s\u00edt\u011bk zachytit dr\u00e1pky, nedok\u00e1\u017e\u00ed se osvobodit a zahynou. <\/p>\n<p>S\u00ed\u0165ky v\u0161ak nemus\u00ed b\u00fdt nebezpe\u010dn\u00e9 jen pro pt\u00e1ky, ale i pro jin\u00e1 zv\u00ed\u0159ata. Ty, kter\u00e9 spadnou na zem svou v\u016fn\u00ed l\u00e1kaj\u00ed i ven\u010d\u00edc\u00ed se\u00a0psy nebo nap\u0159\u00edklad je\u017eky. Ti je mohou poz\u0159\u00edt a zp\u016fsobit si tak velk\u00e9 probl\u00e9my.<\/p>\n","protected":false},"excerpt":{"rendered":"<p>Lojov\u00e9 koule pro voln\u011b \u017eij\u00edc\u00ed ptactvo &#8211; dopl\u0148kov\u00e9 krmivo. Krmn\u00fd n\u00e1vod: zav\u011bste na prov\u00e1zek a nechte voln\u011b k dispozici. Slo\u017een\u00ed: obiloviny, oleje a tuk.semena (slune\u010dnice a \u010dirok). Jakostn\u00ed znaky: proteiny 8,5%, vlhkost 10%, hrub\u00e9 oleje a tuky 18%. Odstra\u0148te s\u00ed\u0165ky z lojov\u00fdch koul\u00ed. Pt\u00e1ci se mohou do s\u00edt\u011bk zachytit dr\u00e1pky, nedok\u00e1\u017e\u00ed se osvobodit a zahynou&#8230;.<\/p>\n","protected":false},"featured_media":243228,"comment_status":"closed","ping_status":"open","template":"","meta":{"_acf_changed":false,"_kadence_starter_templates_imported_post":false,"_kad_post_transparent":"","_kad_post_title":"","_kad_post_layout":"","_kad_post_sidebar_id":"","_kad_post_content_style":"","_kad_post_vertical_padding":"","_kad_post_feature":"","_kad_post_feature_position":"","_kad_post_header":false,"_kad_post_footer":false,"_kad_post_classname":""},"product_brand":[2660],"product_cat":[2540,2634,2661],"product_tag":[],"class_list":{"0":"post-243227","1":"product","2":"type-product","3":"status-publish","4":"has-post-thumbnail","6":"product_brand-birds-garden","7":"product_cat-hracky","8":"product_cat-hracky-na-zahradu","9":"product_cat-venkovni-sportovni-hry","10":"pa_obchod-superzoo-cz","12":"first","13":"instock","14":"product-type-external","15":"entry","16":"content-bg","17":"loop-entry"},"acf":[],"yoast_head":"<!-- This site is optimized with the Yoast SEO plugin v27.4 - https:\/\/yoast.com\/product\/yoast-seo-wordpress\/ -->\n<title>Koule AGROS lojov\u00e9 6ks - SHOPATOA.COM<\/title>\n<meta name=\"robots\" content=\"index, follow, max-snippet:-1, max-image-preview:large, max-video-preview:-1\" \/>\n<link rel=\"canonical\" href=\"https:\/\/shopatoa.com\/cz\/koule-agros-lojove-6ks\/\" \/>\n<meta property=\"og:locale\" content=\"cs_CZ\" \/>\n<meta property=\"og:type\" content=\"article\" \/>\n<meta property=\"og:title\" content=\"Koule AGROS lojov\u00e9 6ks - SHOPATOA.COM\" \/>\n<meta property=\"og:description\" content=\"Lojov\u00e9 koule pro voln\u011b \u017eij\u00edc\u00ed ptactvo &#8211; dopl\u0148kov\u00e9 krmivo. Krmn\u00fd n\u00e1vod: zav\u011bste na prov\u00e1zek a nechte voln\u011b k dispozici. Slo\u017een\u00ed: obiloviny, oleje a tuk.semena (slune\u010dnice a \u010dirok). Jakostn\u00ed znaky: proteiny 8,5%, vlhkost 10%, hrub\u00e9 oleje a tuky 18%. Odstra\u0148te s\u00ed\u0165ky z lojov\u00fdch koul\u00ed. Pt\u00e1ci se mohou do s\u00edt\u011bk zachytit dr\u00e1pky, nedok\u00e1\u017e\u00ed se osvobodit a zahynou....\" \/>\n<meta property=\"og:url\" content=\"https:\/\/shopatoa.com\/cz\/koule-agros-lojove-6ks\/\" \/>\n<meta property=\"og:site_name\" content=\"SHOPATOA\" \/>\n<meta property=\"article:modified_time\" content=\"2026-02-02T08:58:25+00:00\" \/>\n<meta property=\"og:image\" content=\"https:\/\/storage.googleapis.com\/cz-shopatoa-img\/cz\/82a67fb7-1_83553.jpg\" \/>\n\t<meta property=\"og:image:width\" content=\"600\" \/>\n\t<meta property=\"og:image:height\" content=\"600\" \/>\n\t<meta property=\"og:image:type\" content=\"image\/jpeg\" \/>\n<meta name=\"twitter:card\" content=\"summary_large_image\" \/>\n<meta name=\"twitter:label1\" content=\"Odhadovan\u00e1 doba \u010dten\u00ed\" \/>\n\t<meta name=\"twitter:data1\" content=\"1 minuta\" \/>\n<script type=\"application\/ld+json\" class=\"yoast-schema-graph\">{\"@context\":\"https:\\\/\\\/schema.org\",\"@graph\":[{\"@type\":\"WebPage\",\"@id\":\"https:\\\/\\\/shopatoa.com\\\/cz\\\/koule-agros-lojove-6ks\\\/\",\"url\":\"https:\\\/\\\/shopatoa.com\\\/cz\\\/koule-agros-lojove-6ks\\\/\",\"name\":\"Koule AGROS lojov\u00e9 6ks - SHOPATOA.COM\",\"isPartOf\":{\"@id\":\"https:\\\/\\\/shopatoa.com\\\/cz\\\/#website\"},\"primaryImageOfPage\":{\"@id\":\"https:\\\/\\\/shopatoa.com\\\/cz\\\/koule-agros-lojove-6ks\\\/#primaryimage\"},\"image\":{\"@id\":\"https:\\\/\\\/shopatoa.com\\\/cz\\\/koule-agros-lojove-6ks\\\/#primaryimage\"},\"thumbnailUrl\":\"https:\\\/\\\/storage.googleapis.com\\\/cz-shopatoa-img\\\/cz\\\/82a67fb7-1_83553.jpg\",\"datePublished\":\"2025-04-02T08:45:40+00:00\",\"dateModified\":\"2026-02-02T08:58:25+00:00\",\"breadcrumb\":{\"@id\":\"https:\\\/\\\/shopatoa.com\\\/cz\\\/koule-agros-lojove-6ks\\\/#breadcrumb\"},\"inLanguage\":\"cs\",\"potentialAction\":[{\"@type\":\"ReadAction\",\"target\":[\"https:\\\/\\\/shopatoa.com\\\/cz\\\/koule-agros-lojove-6ks\\\/\"]}]},{\"@type\":\"ImageObject\",\"inLanguage\":\"cs\",\"@id\":\"https:\\\/\\\/shopatoa.com\\\/cz\\\/koule-agros-lojove-6ks\\\/#primaryimage\",\"url\":\"https:\\\/\\\/storage.googleapis.com\\\/cz-shopatoa-img\\\/cz\\\/82a67fb7-1_83553.jpg\",\"contentUrl\":\"https:\\\/\\\/storage.googleapis.com\\\/cz-shopatoa-img\\\/cz\\\/82a67fb7-1_83553.jpg\",\"width\":600,\"height\":600},{\"@type\":\"BreadcrumbList\",\"@id\":\"https:\\\/\\\/shopatoa.com\\\/cz\\\/koule-agros-lojove-6ks\\\/#breadcrumb\",\"itemListElement\":[{\"@type\":\"ListItem\",\"position\":1,\"name\":\"Dom\u016f\",\"item\":\"https:\\\/\\\/shopatoa.com\\\/cz\\\/\"},{\"@type\":\"ListItem\",\"position\":2,\"name\":\"Produkty\",\"item\":\"https:\\\/\\\/shopatoa.com\\\/cz\\\/shop\\\/\"},{\"@type\":\"ListItem\",\"position\":3,\"name\":\"Hra\u010dky\",\"item\":\"https:\\\/\\\/shopatoa.com\\\/cz\\\/hracky\\\/\"},{\"@type\":\"ListItem\",\"position\":4,\"name\":\"Hra\u010dky na zahradu\",\"item\":\"https:\\\/\\\/shopatoa.com\\\/cz\\\/hracky-na-zahradu\\\/\"},{\"@type\":\"ListItem\",\"position\":5,\"name\":\"Venkovn\u00ed sportovn\u00ed hry\",\"item\":\"https:\\\/\\\/shopatoa.com\\\/cz\\\/venkovni-sportovni-hry\\\/\"},{\"@type\":\"ListItem\",\"position\":6,\"name\":\"Koule AGROS lojov\u00e9 6ks\"}]},{\"@type\":\"WebSite\",\"@id\":\"https:\\\/\\\/shopatoa.com\\\/cz\\\/#website\",\"url\":\"https:\\\/\\\/shopatoa.com\\\/cz\\\/\",\"name\":\"SHOPATOA\",\"description\":\"\",\"publisher\":{\"@id\":\"https:\\\/\\\/shopatoa.com\\\/cz\\\/#organization\"},\"potentialAction\":[{\"@type\":\"SearchAction\",\"target\":{\"@type\":\"EntryPoint\",\"urlTemplate\":\"https:\\\/\\\/shopatoa.com\\\/cz\\\/?s={search_term_string}\"},\"query-input\":{\"@type\":\"PropertyValueSpecification\",\"valueRequired\":true,\"valueName\":\"search_term_string\"}}],\"inLanguage\":\"cs\"},{\"@type\":\"Organization\",\"@id\":\"https:\\\/\\\/shopatoa.com\\\/cz\\\/#organization\",\"name\":\"SHOPATOA Digital s.r.o.\",\"url\":\"https:\\\/\\\/shopatoa.com\\\/cz\\\/\",\"logo\":{\"@type\":\"ImageObject\",\"inLanguage\":\"cs\",\"@id\":\"https:\\\/\\\/shopatoa.com\\\/cz\\\/#\\\/schema\\\/logo\\\/image\\\/\",\"url\":\"https:\\\/\\\/storage.googleapis.com\\\/cz-shopatoa-img\\\/cz\\\/ebccf434-shopatoa_logo.png\",\"contentUrl\":\"https:\\\/\\\/storage.googleapis.com\\\/cz-shopatoa-img\\\/cz\\\/ebccf434-shopatoa_logo.png\",\"width\":416,\"height\":63,\"caption\":\"SHOPATOA Digital s.r.o.\"},\"image\":{\"@id\":\"https:\\\/\\\/shopatoa.com\\\/cz\\\/#\\\/schema\\\/logo\\\/image\\\/\"}}]}<\/script>\n<!-- \/ Yoast SEO plugin. -->","yoast_head_json":{"title":"Koule AGROS lojov\u00e9 6ks - SHOPATOA.COM","robots":{"index":"index","follow":"follow","max-snippet":"max-snippet:-1","max-image-preview":"max-image-preview:large","max-video-preview":"max-video-preview:-1"},"canonical":"https:\/\/shopatoa.com\/cz\/koule-agros-lojove-6ks\/","og_locale":"cs_CZ","og_type":"article","og_title":"Koule AGROS lojov\u00e9 6ks - SHOPATOA.COM","og_description":"Lojov\u00e9 koule pro voln\u011b \u017eij\u00edc\u00ed ptactvo &#8211; dopl\u0148kov\u00e9 krmivo. Krmn\u00fd n\u00e1vod: zav\u011bste na prov\u00e1zek a nechte voln\u011b k dispozici. Slo\u017een\u00ed: obiloviny, oleje a tuk.semena (slune\u010dnice a \u010dirok). Jakostn\u00ed znaky: proteiny 8,5%, vlhkost 10%, hrub\u00e9 oleje a tuky 18%. Odstra\u0148te s\u00ed\u0165ky z lojov\u00fdch koul\u00ed. Pt\u00e1ci se mohou do s\u00edt\u011bk zachytit dr\u00e1pky, nedok\u00e1\u017e\u00ed se osvobodit a zahynou....","og_url":"https:\/\/shopatoa.com\/cz\/koule-agros-lojove-6ks\/","og_site_name":"SHOPATOA","article_modified_time":"2026-02-02T08:58:25+00:00","og_image":[{"width":600,"height":600,"url":"https:\/\/storage.googleapis.com\/cz-shopatoa-img\/cz\/82a67fb7-1_83553.jpg","type":"image\/jpeg"}],"twitter_card":"summary_large_image","twitter_misc":{"Odhadovan\u00e1 doba \u010dten\u00ed":"1 minuta"},"schema":{"@context":"https:\/\/schema.org","@graph":[{"@type":"WebPage","@id":"https:\/\/shopatoa.com\/cz\/koule-agros-lojove-6ks\/","url":"https:\/\/shopatoa.com\/cz\/koule-agros-lojove-6ks\/","name":"Koule AGROS lojov\u00e9 6ks - SHOPATOA.COM","isPartOf":{"@id":"https:\/\/shopatoa.com\/cz\/#website"},"primaryImageOfPage":{"@id":"https:\/\/shopatoa.com\/cz\/koule-agros-lojove-6ks\/#primaryimage"},"image":{"@id":"https:\/\/shopatoa.com\/cz\/koule-agros-lojove-6ks\/#primaryimage"},"thumbnailUrl":"https:\/\/storage.googleapis.com\/cz-shopatoa-img\/cz\/82a67fb7-1_83553.jpg","datePublished":"2025-04-02T08:45:40+00:00","dateModified":"2026-02-02T08:58:25+00:00","breadcrumb":{"@id":"https:\/\/shopatoa.com\/cz\/koule-agros-lojove-6ks\/#breadcrumb"},"inLanguage":"cs","potentialAction":[{"@type":"ReadAction","target":["https:\/\/shopatoa.com\/cz\/koule-agros-lojove-6ks\/"]}]},{"@type":"ImageObject","inLanguage":"cs","@id":"https:\/\/shopatoa.com\/cz\/koule-agros-lojove-6ks\/#primaryimage","url":"https:\/\/storage.googleapis.com\/cz-shopatoa-img\/cz\/82a67fb7-1_83553.jpg","contentUrl":"https:\/\/storage.googleapis.com\/cz-shopatoa-img\/cz\/82a67fb7-1_83553.jpg","width":600,"height":600},{"@type":"BreadcrumbList","@id":"https:\/\/shopatoa.com\/cz\/koule-agros-lojove-6ks\/#breadcrumb","itemListElement":[{"@type":"ListItem","position":1,"name":"Dom\u016f","item":"https:\/\/shopatoa.com\/cz\/"},{"@type":"ListItem","position":2,"name":"Produkty","item":"https:\/\/shopatoa.com\/cz\/shop\/"},{"@type":"ListItem","position":3,"name":"Hra\u010dky","item":"https:\/\/shopatoa.com\/cz\/hracky\/"},{"@type":"ListItem","position":4,"name":"Hra\u010dky na zahradu","item":"https:\/\/shopatoa.com\/cz\/hracky-na-zahradu\/"},{"@type":"ListItem","position":5,"name":"Venkovn\u00ed sportovn\u00ed hry","item":"https:\/\/shopatoa.com\/cz\/venkovni-sportovni-hry\/"},{"@type":"ListItem","position":6,"name":"Koule AGROS lojov\u00e9 6ks"}]},{"@type":"WebSite","@id":"https:\/\/shopatoa.com\/cz\/#website","url":"https:\/\/shopatoa.com\/cz\/","name":"SHOPATOA","description":"","publisher":{"@id":"https:\/\/shopatoa.com\/cz\/#organization"},"potentialAction":[{"@type":"SearchAction","target":{"@type":"EntryPoint","urlTemplate":"https:\/\/shopatoa.com\/cz\/?s={search_term_string}"},"query-input":{"@type":"PropertyValueSpecification","valueRequired":true,"valueName":"search_term_string"}}],"inLanguage":"cs"},{"@type":"Organization","@id":"https:\/\/shopatoa.com\/cz\/#organization","name":"SHOPATOA Digital s.r.o.","url":"https:\/\/shopatoa.com\/cz\/","logo":{"@type":"ImageObject","inLanguage":"cs","@id":"https:\/\/shopatoa.com\/cz\/#\/schema\/logo\/image\/","url":"https:\/\/storage.googleapis.com\/cz-shopatoa-img\/cz\/ebccf434-shopatoa_logo.png","contentUrl":"https:\/\/storage.googleapis.com\/cz-shopatoa-img\/cz\/ebccf434-shopatoa_logo.png","width":416,"height":63,"caption":"SHOPATOA Digital s.r.o."},"image":{"@id":"https:\/\/shopatoa.com\/cz\/#\/schema\/logo\/image\/"}}]}},"_links":{"self":[{"href":"https:\/\/shopatoa.com\/cz\/wp-json\/wp\/v2\/product\/243227","targetHints":{"allow":["GET"]}}],"collection":[{"href":"https:\/\/shopatoa.com\/cz\/wp-json\/wp\/v2\/product"}],"about":[{"href":"https:\/\/shopatoa.com\/cz\/wp-json\/wp\/v2\/types\/product"}],"replies":[{"embeddable":true,"href":"https:\/\/shopatoa.com\/cz\/wp-json\/wp\/v2\/comments?post=243227"}],"wp:featuredmedia":[{"embeddable":true,"href":"https:\/\/shopatoa.com\/cz\/wp-json\/wp\/v2\/media\/243228"}],"wp:attachment":[{"href":"https:\/\/shopatoa.com\/cz\/wp-json\/wp\/v2\/media?parent=243227"}],"wp:term":[{"taxonomy":"product_brand","embeddable":true,"href":"https:\/\/shopatoa.com\/cz\/wp-json\/wp\/v2\/product_brand?post=243227"},{"taxonomy":"product_cat","embeddable":true,"href":"https:\/\/shopatoa.com\/cz\/wp-json\/wp\/v2\/product_cat?post=243227"},{"taxonomy":"product_tag","embeddable":true,"href":"https:\/\/shopatoa.com\/cz\/wp-json\/wp\/v2\/product_tag?post=243227"}],"curies":[{"name":"wp","href":"https:\/\/api.w.org\/{rel}","templated":true}]}}