{"id":243327,"date":"2025-04-02T11:05:03","date_gmt":"2025-04-02T09:05:03","guid":{"rendered":"https:\/\/shopatoa.com\/cz\/?post_type=product&#038;p=243327"},"modified":"2026-01-31T18:11:07","modified_gmt":"2026-01-31T17:11:07","slug":"akvajas-hu-ben-prostredek-k-cisteni-akvaria-30ml","status":"publish","type":"product","link":"https:\/\/shopatoa.com\/cz\/akvajas-hu-ben-prostredek-k-cisteni-akvaria-30ml\/","title":{"rendered":"Akvajas HU-BEN prost\u0159edek k \u010di\u0161t\u011bn\u00ed akv\u00e1ria 30ml"},"content":{"rendered":"<p>\u010cist\u00edc\u00ed prost\u0159edek s desinfek\u010dn\u00edm \u00fa\u010dinkem pro udr\u017een\u00ed dokonale \u010dist\u00fdch skel akv\u00e1ri\u00ed. P\u0159\u00edzniv\u011b ovliv\u0148uje chemizmus vody, omezuje v\u00fdskyt \u0159as, p\u016fsob\u00ed jako hnojiv\u00fd prost\u0159edek pro akvarijn\u00ed rostliny a z\u00e1rove\u0148 dezinfikuje prost\u0159ed\u00ed akv\u00e1ria.<\/p>\n","protected":false},"excerpt":{"rendered":"<p>\u010cist\u00edc\u00ed prost\u0159edek s desinfek\u010dn\u00edm \u00fa\u010dinkem pro udr\u017een\u00ed dokonale \u010dist\u00fdch skel akv\u00e1ri\u00ed. P\u0159\u00edzniv\u011b ovliv\u0148uje chemizmus vody, omezuje v\u00fdskyt \u0159as, p\u016fsob\u00ed jako hnojiv\u00fd prost\u0159edek pro akvarijn\u00ed rostliny a z\u00e1rove\u0148 dezinfikuje prost\u0159ed\u00ed akv\u00e1ria.<\/p>\n","protected":false},"featured_media":243328,"comment_status":"closed","ping_status":"open","template":"","meta":{"_acf_changed":false,"_kadence_starter_templates_imported_post":false,"_kad_post_transparent":"","_kad_post_title":"","_kad_post_layout":"","_kad_post_sidebar_id":"","_kad_post_content_style":"","_kad_post_vertical_padding":"","_kad_post_feature":"","_kad_post_feature_position":"","_kad_post_header":false,"_kad_post_footer":false,"_kad_post_classname":""},"product_brand":[2665],"product_cat":[2510,436,2513,2615],"product_tag":[],"class_list":{"0":"post-243327","1":"product","2":"type-product","3":"status-publish","4":"has-post-thumbnail","6":"product_brand-hu-ben","7":"product_cat-akvaristika","8":"product_cat-chovatelske-potreby-2","9":"product_cat-pece-a-udrzba-akvaria","10":"product_cat-uprava-akvarijni-vody-a-testy","11":"pa_obchod-superzoo-cz","13":"first","14":"instock","15":"product-type-external","16":"entry","17":"content-bg","18":"loop-entry"},"acf":[],"yoast_head":"<!-- This site is optimized with the Yoast SEO plugin v27.4 - https:\/\/yoast.com\/product\/yoast-seo-wordpress\/ -->\n<title>Akvajas HU-BEN prost\u0159edek k \u010di\u0161t\u011bn\u00ed akv\u00e1ria 30ml - SHOPATOA.COM<\/title>\n<meta name=\"robots\" content=\"index, follow, max-snippet:-1, max-image-preview:large, max-video-preview:-1\" \/>\n<link rel=\"canonical\" href=\"https:\/\/shopatoa.com\/cz\/akvajas-hu-ben-prostredek-k-cisteni-akvaria-30ml\/\" \/>\n<meta property=\"og:locale\" content=\"cs_CZ\" \/>\n<meta property=\"og:type\" content=\"article\" \/>\n<meta property=\"og:title\" content=\"Akvajas HU-BEN prost\u0159edek k \u010di\u0161t\u011bn\u00ed akv\u00e1ria 30ml - SHOPATOA.COM\" \/>\n<meta property=\"og:description\" content=\"\u010cist\u00edc\u00ed prost\u0159edek s desinfek\u010dn\u00edm \u00fa\u010dinkem pro udr\u017een\u00ed dokonale \u010dist\u00fdch skel akv\u00e1ri\u00ed. P\u0159\u00edzniv\u011b ovliv\u0148uje chemizmus vody, omezuje v\u00fdskyt \u0159as, p\u016fsob\u00ed jako hnojiv\u00fd prost\u0159edek pro akvarijn\u00ed rostliny a z\u00e1rove\u0148 dezinfikuje prost\u0159ed\u00ed akv\u00e1ria.\" \/>\n<meta property=\"og:url\" content=\"https:\/\/shopatoa.com\/cz\/akvajas-hu-ben-prostredek-k-cisteni-akvaria-30ml\/\" \/>\n<meta property=\"og:site_name\" content=\"SHOPATOA\" \/>\n<meta property=\"article:modified_time\" content=\"2026-01-31T17:11:07+00:00\" \/>\n<meta property=\"og:image\" content=\"https:\/\/storage.googleapis.com\/cz-shopatoa-img\/cz\/a658861b-1_29639.jpg\" \/>\n\t<meta property=\"og:image:width\" content=\"600\" \/>\n\t<meta property=\"og:image:height\" content=\"600\" \/>\n\t<meta property=\"og:image:type\" content=\"image\/jpeg\" \/>\n<meta name=\"twitter:card\" content=\"summary_large_image\" \/>\n<script type=\"application\/ld+json\" class=\"yoast-schema-graph\">{\"@context\":\"https:\\\/\\\/schema.org\",\"@graph\":[{\"@type\":\"WebPage\",\"@id\":\"https:\\\/\\\/shopatoa.com\\\/cz\\\/akvajas-hu-ben-prostredek-k-cisteni-akvaria-30ml\\\/\",\"url\":\"https:\\\/\\\/shopatoa.com\\\/cz\\\/akvajas-hu-ben-prostredek-k-cisteni-akvaria-30ml\\\/\",\"name\":\"Akvajas HU-BEN prost\u0159edek k \u010di\u0161t\u011bn\u00ed akv\u00e1ria 30ml - SHOPATOA.COM\",\"isPartOf\":{\"@id\":\"https:\\\/\\\/shopatoa.com\\\/cz\\\/#website\"},\"primaryImageOfPage\":{\"@id\":\"https:\\\/\\\/shopatoa.com\\\/cz\\\/akvajas-hu-ben-prostredek-k-cisteni-akvaria-30ml\\\/#primaryimage\"},\"image\":{\"@id\":\"https:\\\/\\\/shopatoa.com\\\/cz\\\/akvajas-hu-ben-prostredek-k-cisteni-akvaria-30ml\\\/#primaryimage\"},\"thumbnailUrl\":\"https:\\\/\\\/storage.googleapis.com\\\/cz-shopatoa-img\\\/cz\\\/a658861b-1_29639.jpg\",\"datePublished\":\"2025-04-02T09:05:03+00:00\",\"dateModified\":\"2026-01-31T17:11:07+00:00\",\"breadcrumb\":{\"@id\":\"https:\\\/\\\/shopatoa.com\\\/cz\\\/akvajas-hu-ben-prostredek-k-cisteni-akvaria-30ml\\\/#breadcrumb\"},\"inLanguage\":\"cs\",\"potentialAction\":[{\"@type\":\"ReadAction\",\"target\":[\"https:\\\/\\\/shopatoa.com\\\/cz\\\/akvajas-hu-ben-prostredek-k-cisteni-akvaria-30ml\\\/\"]}]},{\"@type\":\"ImageObject\",\"inLanguage\":\"cs\",\"@id\":\"https:\\\/\\\/shopatoa.com\\\/cz\\\/akvajas-hu-ben-prostredek-k-cisteni-akvaria-30ml\\\/#primaryimage\",\"url\":\"https:\\\/\\\/storage.googleapis.com\\\/cz-shopatoa-img\\\/cz\\\/a658861b-1_29639.jpg\",\"contentUrl\":\"https:\\\/\\\/storage.googleapis.com\\\/cz-shopatoa-img\\\/cz\\\/a658861b-1_29639.jpg\",\"width\":600,\"height\":600},{\"@type\":\"BreadcrumbList\",\"@id\":\"https:\\\/\\\/shopatoa.com\\\/cz\\\/akvajas-hu-ben-prostredek-k-cisteni-akvaria-30ml\\\/#breadcrumb\",\"itemListElement\":[{\"@type\":\"ListItem\",\"position\":1,\"name\":\"Dom\u016f\",\"item\":\"https:\\\/\\\/shopatoa.com\\\/cz\\\/\"},{\"@type\":\"ListItem\",\"position\":2,\"name\":\"Produkty\",\"item\":\"https:\\\/\\\/shopatoa.com\\\/cz\\\/shop\\\/\"},{\"@type\":\"ListItem\",\"position\":3,\"name\":\"Chovatelsk\u00e9 pot\u0159eby\",\"item\":\"https:\\\/\\\/shopatoa.com\\\/cz\\\/chovatelske-potreby-2\\\/\"},{\"@type\":\"ListItem\",\"position\":4,\"name\":\"Akvaristika\",\"item\":\"https:\\\/\\\/shopatoa.com\\\/cz\\\/akvaristika\\\/\"},{\"@type\":\"ListItem\",\"position\":5,\"name\":\"P\u00e9\u010de a \u00fadr\u017eba akv\u00e1ria\",\"item\":\"https:\\\/\\\/shopatoa.com\\\/cz\\\/pece-a-udrzba-akvaria\\\/\"},{\"@type\":\"ListItem\",\"position\":6,\"name\":\"\u00daprava akvarijn\u00ed vody a testy\",\"item\":\"https:\\\/\\\/shopatoa.com\\\/cz\\\/uprava-akvarijni-vody-a-testy\\\/\"},{\"@type\":\"ListItem\",\"position\":7,\"name\":\"Akvajas HU-BEN prost\u0159edek k \u010di\u0161t\u011bn\u00ed akv\u00e1ria 30ml\"}]},{\"@type\":\"WebSite\",\"@id\":\"https:\\\/\\\/shopatoa.com\\\/cz\\\/#website\",\"url\":\"https:\\\/\\\/shopatoa.com\\\/cz\\\/\",\"name\":\"SHOPATOA\",\"description\":\"\",\"publisher\":{\"@id\":\"https:\\\/\\\/shopatoa.com\\\/cz\\\/#organization\"},\"potentialAction\":[{\"@type\":\"SearchAction\",\"target\":{\"@type\":\"EntryPoint\",\"urlTemplate\":\"https:\\\/\\\/shopatoa.com\\\/cz\\\/?s={search_term_string}\"},\"query-input\":{\"@type\":\"PropertyValueSpecification\",\"valueRequired\":true,\"valueName\":\"search_term_string\"}}],\"inLanguage\":\"cs\"},{\"@type\":\"Organization\",\"@id\":\"https:\\\/\\\/shopatoa.com\\\/cz\\\/#organization\",\"name\":\"SHOPATOA Digital s.r.o.\",\"url\":\"https:\\\/\\\/shopatoa.com\\\/cz\\\/\",\"logo\":{\"@type\":\"ImageObject\",\"inLanguage\":\"cs\",\"@id\":\"https:\\\/\\\/shopatoa.com\\\/cz\\\/#\\\/schema\\\/logo\\\/image\\\/\",\"url\":\"https:\\\/\\\/storage.googleapis.com\\\/cz-shopatoa-img\\\/cz\\\/ebccf434-shopatoa_logo.png\",\"contentUrl\":\"https:\\\/\\\/storage.googleapis.com\\\/cz-shopatoa-img\\\/cz\\\/ebccf434-shopatoa_logo.png\",\"width\":416,\"height\":63,\"caption\":\"SHOPATOA Digital s.r.o.\"},\"image\":{\"@id\":\"https:\\\/\\\/shopatoa.com\\\/cz\\\/#\\\/schema\\\/logo\\\/image\\\/\"}}]}<\/script>\n<!-- \/ Yoast SEO plugin. -->","yoast_head_json":{"title":"Akvajas HU-BEN prost\u0159edek k \u010di\u0161t\u011bn\u00ed akv\u00e1ria 30ml - SHOPATOA.COM","robots":{"index":"index","follow":"follow","max-snippet":"max-snippet:-1","max-image-preview":"max-image-preview:large","max-video-preview":"max-video-preview:-1"},"canonical":"https:\/\/shopatoa.com\/cz\/akvajas-hu-ben-prostredek-k-cisteni-akvaria-30ml\/","og_locale":"cs_CZ","og_type":"article","og_title":"Akvajas HU-BEN prost\u0159edek k \u010di\u0161t\u011bn\u00ed akv\u00e1ria 30ml - SHOPATOA.COM","og_description":"\u010cist\u00edc\u00ed prost\u0159edek s desinfek\u010dn\u00edm \u00fa\u010dinkem pro udr\u017een\u00ed dokonale \u010dist\u00fdch skel akv\u00e1ri\u00ed. P\u0159\u00edzniv\u011b ovliv\u0148uje chemizmus vody, omezuje v\u00fdskyt \u0159as, p\u016fsob\u00ed jako hnojiv\u00fd prost\u0159edek pro akvarijn\u00ed rostliny a z\u00e1rove\u0148 dezinfikuje prost\u0159ed\u00ed akv\u00e1ria.","og_url":"https:\/\/shopatoa.com\/cz\/akvajas-hu-ben-prostredek-k-cisteni-akvaria-30ml\/","og_site_name":"SHOPATOA","article_modified_time":"2026-01-31T17:11:07+00:00","og_image":[{"width":600,"height":600,"url":"https:\/\/storage.googleapis.com\/cz-shopatoa-img\/cz\/a658861b-1_29639.jpg","type":"image\/jpeg"}],"twitter_card":"summary_large_image","schema":{"@context":"https:\/\/schema.org","@graph":[{"@type":"WebPage","@id":"https:\/\/shopatoa.com\/cz\/akvajas-hu-ben-prostredek-k-cisteni-akvaria-30ml\/","url":"https:\/\/shopatoa.com\/cz\/akvajas-hu-ben-prostredek-k-cisteni-akvaria-30ml\/","name":"Akvajas HU-BEN prost\u0159edek k \u010di\u0161t\u011bn\u00ed akv\u00e1ria 30ml - SHOPATOA.COM","isPartOf":{"@id":"https:\/\/shopatoa.com\/cz\/#website"},"primaryImageOfPage":{"@id":"https:\/\/shopatoa.com\/cz\/akvajas-hu-ben-prostredek-k-cisteni-akvaria-30ml\/#primaryimage"},"image":{"@id":"https:\/\/shopatoa.com\/cz\/akvajas-hu-ben-prostredek-k-cisteni-akvaria-30ml\/#primaryimage"},"thumbnailUrl":"https:\/\/storage.googleapis.com\/cz-shopatoa-img\/cz\/a658861b-1_29639.jpg","datePublished":"2025-04-02T09:05:03+00:00","dateModified":"2026-01-31T17:11:07+00:00","breadcrumb":{"@id":"https:\/\/shopatoa.com\/cz\/akvajas-hu-ben-prostredek-k-cisteni-akvaria-30ml\/#breadcrumb"},"inLanguage":"cs","potentialAction":[{"@type":"ReadAction","target":["https:\/\/shopatoa.com\/cz\/akvajas-hu-ben-prostredek-k-cisteni-akvaria-30ml\/"]}]},{"@type":"ImageObject","inLanguage":"cs","@id":"https:\/\/shopatoa.com\/cz\/akvajas-hu-ben-prostredek-k-cisteni-akvaria-30ml\/#primaryimage","url":"https:\/\/storage.googleapis.com\/cz-shopatoa-img\/cz\/a658861b-1_29639.jpg","contentUrl":"https:\/\/storage.googleapis.com\/cz-shopatoa-img\/cz\/a658861b-1_29639.jpg","width":600,"height":600},{"@type":"BreadcrumbList","@id":"https:\/\/shopatoa.com\/cz\/akvajas-hu-ben-prostredek-k-cisteni-akvaria-30ml\/#breadcrumb","itemListElement":[{"@type":"ListItem","position":1,"name":"Dom\u016f","item":"https:\/\/shopatoa.com\/cz\/"},{"@type":"ListItem","position":2,"name":"Produkty","item":"https:\/\/shopatoa.com\/cz\/shop\/"},{"@type":"ListItem","position":3,"name":"Chovatelsk\u00e9 pot\u0159eby","item":"https:\/\/shopatoa.com\/cz\/chovatelske-potreby-2\/"},{"@type":"ListItem","position":4,"name":"Akvaristika","item":"https:\/\/shopatoa.com\/cz\/akvaristika\/"},{"@type":"ListItem","position":5,"name":"P\u00e9\u010de a \u00fadr\u017eba akv\u00e1ria","item":"https:\/\/shopatoa.com\/cz\/pece-a-udrzba-akvaria\/"},{"@type":"ListItem","position":6,"name":"\u00daprava akvarijn\u00ed vody a testy","item":"https:\/\/shopatoa.com\/cz\/uprava-akvarijni-vody-a-testy\/"},{"@type":"ListItem","position":7,"name":"Akvajas HU-BEN prost\u0159edek k \u010di\u0161t\u011bn\u00ed akv\u00e1ria 30ml"}]},{"@type":"WebSite","@id":"https:\/\/shopatoa.com\/cz\/#website","url":"https:\/\/shopatoa.com\/cz\/","name":"SHOPATOA","description":"","publisher":{"@id":"https:\/\/shopatoa.com\/cz\/#organization"},"potentialAction":[{"@type":"SearchAction","target":{"@type":"EntryPoint","urlTemplate":"https:\/\/shopatoa.com\/cz\/?s={search_term_string}"},"query-input":{"@type":"PropertyValueSpecification","valueRequired":true,"valueName":"search_term_string"}}],"inLanguage":"cs"},{"@type":"Organization","@id":"https:\/\/shopatoa.com\/cz\/#organization","name":"SHOPATOA Digital s.r.o.","url":"https:\/\/shopatoa.com\/cz\/","logo":{"@type":"ImageObject","inLanguage":"cs","@id":"https:\/\/shopatoa.com\/cz\/#\/schema\/logo\/image\/","url":"https:\/\/storage.googleapis.com\/cz-shopatoa-img\/cz\/ebccf434-shopatoa_logo.png","contentUrl":"https:\/\/storage.googleapis.com\/cz-shopatoa-img\/cz\/ebccf434-shopatoa_logo.png","width":416,"height":63,"caption":"SHOPATOA Digital s.r.o."},"image":{"@id":"https:\/\/shopatoa.com\/cz\/#\/schema\/logo\/image\/"}}]}},"_links":{"self":[{"href":"https:\/\/shopatoa.com\/cz\/wp-json\/wp\/v2\/product\/243327","targetHints":{"allow":["GET"]}}],"collection":[{"href":"https:\/\/shopatoa.com\/cz\/wp-json\/wp\/v2\/product"}],"about":[{"href":"https:\/\/shopatoa.com\/cz\/wp-json\/wp\/v2\/types\/product"}],"replies":[{"embeddable":true,"href":"https:\/\/shopatoa.com\/cz\/wp-json\/wp\/v2\/comments?post=243327"}],"wp:featuredmedia":[{"embeddable":true,"href":"https:\/\/shopatoa.com\/cz\/wp-json\/wp\/v2\/media\/243328"}],"wp:attachment":[{"href":"https:\/\/shopatoa.com\/cz\/wp-json\/wp\/v2\/media?parent=243327"}],"wp:term":[{"taxonomy":"product_brand","embeddable":true,"href":"https:\/\/shopatoa.com\/cz\/wp-json\/wp\/v2\/product_brand?post=243327"},{"taxonomy":"product_cat","embeddable":true,"href":"https:\/\/shopatoa.com\/cz\/wp-json\/wp\/v2\/product_cat?post=243327"},{"taxonomy":"product_tag","embeddable":true,"href":"https:\/\/shopatoa.com\/cz\/wp-json\/wp\/v2\/product_tag?post=243327"}],"curies":[{"name":"wp","href":"https:\/\/api.w.org\/{rel}","templated":true}]}}