{"id":243335,"date":"2025-04-02T11:05:38","date_gmt":"2025-04-02T09:05:38","guid":{"rendered":"https:\/\/shopatoa.com\/cz\/?post_type=product&#038;p=243335"},"modified":"2026-01-31T11:59:42","modified_gmt":"2026-01-31T10:59:42","slug":"akvaflor-hu-ben-hnojivo-na-rostliny-180ml","status":"publish","type":"product","link":"https:\/\/shopatoa.com\/cz\/akvaflor-hu-ben-hnojivo-na-rostliny-180ml\/","title":{"rendered":"Akvaflor HU-BEN hnojivo na rostliny 180ml"},"content":{"rendered":"<p>Hnojivo pro akvarijn\u00ed rostliny s obsahem z\u00e1kladn\u00edch \u017eivin a stopov\u00fdch prvk\u016f. Je specieln\u011b ur\u010den\u00e9 pro zd\u00e1rn\u00fd r\u016fst akvarijn\u00edch rostlin. Krom\u011b z\u00e1kladn\u00edch \u017eivin obsahuje ra\u0161elinov\u00fd v\u00fdluh a stopov\u00e9 prvky v komplexov\u00e9 vazb\u011b, p\u0159\u00edzniv\u011b ovliv\u0148uj\u00edc\u00ed vybarven\u00ed rybek. Omezuje tvorbu ne\u017e\u00e1douc\u00edch \u0159as.  D\u00e1vkov\u00e1n\u00ed: aplikujte 1 v\u00ed\u010dko do 50 l akvarijn\u00ed vody 1 x t\u00fddn\u011b a p\u0159i ka\u017ed\u00e9 v\u00fdm\u011bn\u011b vody. Obsah lahvi\u010dky vysta\u010d\u00ed na 750 l akvarijn\u00ed vody.<\/p>\n","protected":false},"excerpt":{"rendered":"<p>Hnojivo pro akvarijn\u00ed rostliny s obsahem z\u00e1kladn\u00edch \u017eivin a stopov\u00fdch prvk\u016f. Je specieln\u011b ur\u010den\u00e9 pro zd\u00e1rn\u00fd r\u016fst akvarijn\u00edch rostlin. Krom\u011b z\u00e1kladn\u00edch \u017eivin obsahuje ra\u0161elinov\u00fd v\u00fdluh a stopov\u00e9 prvky v komplexov\u00e9 vazb\u011b, p\u0159\u00edzniv\u011b ovliv\u0148uj\u00edc\u00ed vybarven\u00ed rybek. Omezuje tvorbu ne\u017e\u00e1douc\u00edch \u0159as. D\u00e1vkov\u00e1n\u00ed: aplikujte 1 v\u00ed\u010dko do 50 l akvarijn\u00ed vody 1 x t\u00fddn\u011b a p\u0159i ka\u017ed\u00e9 v\u00fdm\u011bn\u011b&#8230;<\/p>\n","protected":false},"featured_media":243336,"comment_status":"closed","ping_status":"open","template":"","meta":{"_acf_changed":false,"_kadence_starter_templates_imported_post":false,"_kad_post_transparent":"","_kad_post_title":"","_kad_post_layout":"","_kad_post_sidebar_id":"","_kad_post_content_style":"","_kad_post_vertical_padding":"","_kad_post_feature":"","_kad_post_feature_position":"","_kad_post_header":false,"_kad_post_footer":false,"_kad_post_classname":""},"product_brand":[2665],"product_cat":[2511,2510,436,2617],"product_tag":[],"class_list":{"0":"post-243335","1":"product","2":"type-product","3":"status-publish","4":"has-post-thumbnail","6":"product_brand-hu-ben","7":"product_cat-akvarijni-technika","8":"product_cat-akvaristika","9":"product_cat-chovatelske-potreby-2","10":"product_cat-co2-hnojeni-rostlin","11":"pa_obchod-superzoo-cz","13":"first","14":"instock","15":"product-type-external","16":"entry","17":"content-bg","18":"loop-entry"},"acf":[],"yoast_head":"<!-- This site is optimized with the Yoast SEO plugin v27.4 - https:\/\/yoast.com\/product\/yoast-seo-wordpress\/ -->\n<title>Akvaflor HU-BEN hnojivo na rostliny 180ml - SHOPATOA.COM<\/title>\n<meta name=\"robots\" content=\"index, follow, max-snippet:-1, max-image-preview:large, max-video-preview:-1\" \/>\n<link rel=\"canonical\" href=\"https:\/\/shopatoa.com\/cz\/akvaflor-hu-ben-hnojivo-na-rostliny-180ml\/\" \/>\n<meta property=\"og:locale\" content=\"cs_CZ\" \/>\n<meta property=\"og:type\" content=\"article\" \/>\n<meta property=\"og:title\" content=\"Akvaflor HU-BEN hnojivo na rostliny 180ml - SHOPATOA.COM\" \/>\n<meta property=\"og:description\" content=\"Hnojivo pro akvarijn\u00ed rostliny s obsahem z\u00e1kladn\u00edch \u017eivin a stopov\u00fdch prvk\u016f. Je specieln\u011b ur\u010den\u00e9 pro zd\u00e1rn\u00fd r\u016fst akvarijn\u00edch rostlin. Krom\u011b z\u00e1kladn\u00edch \u017eivin obsahuje ra\u0161elinov\u00fd v\u00fdluh a stopov\u00e9 prvky v komplexov\u00e9 vazb\u011b, p\u0159\u00edzniv\u011b ovliv\u0148uj\u00edc\u00ed vybarven\u00ed rybek. Omezuje tvorbu ne\u017e\u00e1douc\u00edch \u0159as. D\u00e1vkov\u00e1n\u00ed: aplikujte 1 v\u00ed\u010dko do 50 l akvarijn\u00ed vody 1 x t\u00fddn\u011b a p\u0159i ka\u017ed\u00e9 v\u00fdm\u011bn\u011b...\" \/>\n<meta property=\"og:url\" content=\"https:\/\/shopatoa.com\/cz\/akvaflor-hu-ben-hnojivo-na-rostliny-180ml\/\" \/>\n<meta property=\"og:site_name\" content=\"SHOPATOA\" \/>\n<meta property=\"article:modified_time\" content=\"2026-01-31T10:59:42+00:00\" \/>\n<meta property=\"og:image\" content=\"https:\/\/storage.googleapis.com\/cz-shopatoa-img\/cz\/11f67b0c-1_29643.jpg\" \/>\n\t<meta property=\"og:image:width\" content=\"600\" \/>\n\t<meta property=\"og:image:height\" content=\"600\" \/>\n\t<meta property=\"og:image:type\" content=\"image\/jpeg\" \/>\n<meta name=\"twitter:card\" content=\"summary_large_image\" \/>\n<script type=\"application\/ld+json\" class=\"yoast-schema-graph\">{\"@context\":\"https:\\\/\\\/schema.org\",\"@graph\":[{\"@type\":\"WebPage\",\"@id\":\"https:\\\/\\\/shopatoa.com\\\/cz\\\/akvaflor-hu-ben-hnojivo-na-rostliny-180ml\\\/\",\"url\":\"https:\\\/\\\/shopatoa.com\\\/cz\\\/akvaflor-hu-ben-hnojivo-na-rostliny-180ml\\\/\",\"name\":\"Akvaflor HU-BEN hnojivo na rostliny 180ml - SHOPATOA.COM\",\"isPartOf\":{\"@id\":\"https:\\\/\\\/shopatoa.com\\\/cz\\\/#website\"},\"primaryImageOfPage\":{\"@id\":\"https:\\\/\\\/shopatoa.com\\\/cz\\\/akvaflor-hu-ben-hnojivo-na-rostliny-180ml\\\/#primaryimage\"},\"image\":{\"@id\":\"https:\\\/\\\/shopatoa.com\\\/cz\\\/akvaflor-hu-ben-hnojivo-na-rostliny-180ml\\\/#primaryimage\"},\"thumbnailUrl\":\"https:\\\/\\\/storage.googleapis.com\\\/cz-shopatoa-img\\\/cz\\\/11f67b0c-1_29643.jpg\",\"datePublished\":\"2025-04-02T09:05:38+00:00\",\"dateModified\":\"2026-01-31T10:59:42+00:00\",\"breadcrumb\":{\"@id\":\"https:\\\/\\\/shopatoa.com\\\/cz\\\/akvaflor-hu-ben-hnojivo-na-rostliny-180ml\\\/#breadcrumb\"},\"inLanguage\":\"cs\",\"potentialAction\":[{\"@type\":\"ReadAction\",\"target\":[\"https:\\\/\\\/shopatoa.com\\\/cz\\\/akvaflor-hu-ben-hnojivo-na-rostliny-180ml\\\/\"]}]},{\"@type\":\"ImageObject\",\"inLanguage\":\"cs\",\"@id\":\"https:\\\/\\\/shopatoa.com\\\/cz\\\/akvaflor-hu-ben-hnojivo-na-rostliny-180ml\\\/#primaryimage\",\"url\":\"https:\\\/\\\/storage.googleapis.com\\\/cz-shopatoa-img\\\/cz\\\/11f67b0c-1_29643.jpg\",\"contentUrl\":\"https:\\\/\\\/storage.googleapis.com\\\/cz-shopatoa-img\\\/cz\\\/11f67b0c-1_29643.jpg\",\"width\":600,\"height\":600},{\"@type\":\"BreadcrumbList\",\"@id\":\"https:\\\/\\\/shopatoa.com\\\/cz\\\/akvaflor-hu-ben-hnojivo-na-rostliny-180ml\\\/#breadcrumb\",\"itemListElement\":[{\"@type\":\"ListItem\",\"position\":1,\"name\":\"Dom\u016f\",\"item\":\"https:\\\/\\\/shopatoa.com\\\/cz\\\/\"},{\"@type\":\"ListItem\",\"position\":2,\"name\":\"Produkty\",\"item\":\"https:\\\/\\\/shopatoa.com\\\/cz\\\/shop\\\/\"},{\"@type\":\"ListItem\",\"position\":3,\"name\":\"Chovatelsk\u00e9 pot\u0159eby\",\"item\":\"https:\\\/\\\/shopatoa.com\\\/cz\\\/chovatelske-potreby-2\\\/\"},{\"@type\":\"ListItem\",\"position\":4,\"name\":\"Akvaristika\",\"item\":\"https:\\\/\\\/shopatoa.com\\\/cz\\\/akvaristika\\\/\"},{\"@type\":\"ListItem\",\"position\":5,\"name\":\"Akvarijn\u00ed technika\",\"item\":\"https:\\\/\\\/shopatoa.com\\\/cz\\\/akvarijni-technika\\\/\"},{\"@type\":\"ListItem\",\"position\":6,\"name\":\"CO2 hnojen\u00ed rostlin\",\"item\":\"https:\\\/\\\/shopatoa.com\\\/cz\\\/co2-hnojeni-rostlin\\\/\"},{\"@type\":\"ListItem\",\"position\":7,\"name\":\"Akvaflor HU-BEN hnojivo na rostliny 180ml\"}]},{\"@type\":\"WebSite\",\"@id\":\"https:\\\/\\\/shopatoa.com\\\/cz\\\/#website\",\"url\":\"https:\\\/\\\/shopatoa.com\\\/cz\\\/\",\"name\":\"SHOPATOA\",\"description\":\"\",\"publisher\":{\"@id\":\"https:\\\/\\\/shopatoa.com\\\/cz\\\/#organization\"},\"potentialAction\":[{\"@type\":\"SearchAction\",\"target\":{\"@type\":\"EntryPoint\",\"urlTemplate\":\"https:\\\/\\\/shopatoa.com\\\/cz\\\/?s={search_term_string}\"},\"query-input\":{\"@type\":\"PropertyValueSpecification\",\"valueRequired\":true,\"valueName\":\"search_term_string\"}}],\"inLanguage\":\"cs\"},{\"@type\":\"Organization\",\"@id\":\"https:\\\/\\\/shopatoa.com\\\/cz\\\/#organization\",\"name\":\"SHOPATOA Digital s.r.o.\",\"url\":\"https:\\\/\\\/shopatoa.com\\\/cz\\\/\",\"logo\":{\"@type\":\"ImageObject\",\"inLanguage\":\"cs\",\"@id\":\"https:\\\/\\\/shopatoa.com\\\/cz\\\/#\\\/schema\\\/logo\\\/image\\\/\",\"url\":\"https:\\\/\\\/storage.googleapis.com\\\/cz-shopatoa-img\\\/cz\\\/ebccf434-shopatoa_logo.png\",\"contentUrl\":\"https:\\\/\\\/storage.googleapis.com\\\/cz-shopatoa-img\\\/cz\\\/ebccf434-shopatoa_logo.png\",\"width\":416,\"height\":63,\"caption\":\"SHOPATOA Digital s.r.o.\"},\"image\":{\"@id\":\"https:\\\/\\\/shopatoa.com\\\/cz\\\/#\\\/schema\\\/logo\\\/image\\\/\"}}]}<\/script>\n<!-- \/ Yoast SEO plugin. -->","yoast_head_json":{"title":"Akvaflor HU-BEN hnojivo na rostliny 180ml - SHOPATOA.COM","robots":{"index":"index","follow":"follow","max-snippet":"max-snippet:-1","max-image-preview":"max-image-preview:large","max-video-preview":"max-video-preview:-1"},"canonical":"https:\/\/shopatoa.com\/cz\/akvaflor-hu-ben-hnojivo-na-rostliny-180ml\/","og_locale":"cs_CZ","og_type":"article","og_title":"Akvaflor HU-BEN hnojivo na rostliny 180ml - SHOPATOA.COM","og_description":"Hnojivo pro akvarijn\u00ed rostliny s obsahem z\u00e1kladn\u00edch \u017eivin a stopov\u00fdch prvk\u016f. Je specieln\u011b ur\u010den\u00e9 pro zd\u00e1rn\u00fd r\u016fst akvarijn\u00edch rostlin. Krom\u011b z\u00e1kladn\u00edch \u017eivin obsahuje ra\u0161elinov\u00fd v\u00fdluh a stopov\u00e9 prvky v komplexov\u00e9 vazb\u011b, p\u0159\u00edzniv\u011b ovliv\u0148uj\u00edc\u00ed vybarven\u00ed rybek. Omezuje tvorbu ne\u017e\u00e1douc\u00edch \u0159as. D\u00e1vkov\u00e1n\u00ed: aplikujte 1 v\u00ed\u010dko do 50 l akvarijn\u00ed vody 1 x t\u00fddn\u011b a p\u0159i ka\u017ed\u00e9 v\u00fdm\u011bn\u011b...","og_url":"https:\/\/shopatoa.com\/cz\/akvaflor-hu-ben-hnojivo-na-rostliny-180ml\/","og_site_name":"SHOPATOA","article_modified_time":"2026-01-31T10:59:42+00:00","og_image":[{"width":600,"height":600,"url":"https:\/\/storage.googleapis.com\/cz-shopatoa-img\/cz\/11f67b0c-1_29643.jpg","type":"image\/jpeg"}],"twitter_card":"summary_large_image","schema":{"@context":"https:\/\/schema.org","@graph":[{"@type":"WebPage","@id":"https:\/\/shopatoa.com\/cz\/akvaflor-hu-ben-hnojivo-na-rostliny-180ml\/","url":"https:\/\/shopatoa.com\/cz\/akvaflor-hu-ben-hnojivo-na-rostliny-180ml\/","name":"Akvaflor HU-BEN hnojivo na rostliny 180ml - SHOPATOA.COM","isPartOf":{"@id":"https:\/\/shopatoa.com\/cz\/#website"},"primaryImageOfPage":{"@id":"https:\/\/shopatoa.com\/cz\/akvaflor-hu-ben-hnojivo-na-rostliny-180ml\/#primaryimage"},"image":{"@id":"https:\/\/shopatoa.com\/cz\/akvaflor-hu-ben-hnojivo-na-rostliny-180ml\/#primaryimage"},"thumbnailUrl":"https:\/\/storage.googleapis.com\/cz-shopatoa-img\/cz\/11f67b0c-1_29643.jpg","datePublished":"2025-04-02T09:05:38+00:00","dateModified":"2026-01-31T10:59:42+00:00","breadcrumb":{"@id":"https:\/\/shopatoa.com\/cz\/akvaflor-hu-ben-hnojivo-na-rostliny-180ml\/#breadcrumb"},"inLanguage":"cs","potentialAction":[{"@type":"ReadAction","target":["https:\/\/shopatoa.com\/cz\/akvaflor-hu-ben-hnojivo-na-rostliny-180ml\/"]}]},{"@type":"ImageObject","inLanguage":"cs","@id":"https:\/\/shopatoa.com\/cz\/akvaflor-hu-ben-hnojivo-na-rostliny-180ml\/#primaryimage","url":"https:\/\/storage.googleapis.com\/cz-shopatoa-img\/cz\/11f67b0c-1_29643.jpg","contentUrl":"https:\/\/storage.googleapis.com\/cz-shopatoa-img\/cz\/11f67b0c-1_29643.jpg","width":600,"height":600},{"@type":"BreadcrumbList","@id":"https:\/\/shopatoa.com\/cz\/akvaflor-hu-ben-hnojivo-na-rostliny-180ml\/#breadcrumb","itemListElement":[{"@type":"ListItem","position":1,"name":"Dom\u016f","item":"https:\/\/shopatoa.com\/cz\/"},{"@type":"ListItem","position":2,"name":"Produkty","item":"https:\/\/shopatoa.com\/cz\/shop\/"},{"@type":"ListItem","position":3,"name":"Chovatelsk\u00e9 pot\u0159eby","item":"https:\/\/shopatoa.com\/cz\/chovatelske-potreby-2\/"},{"@type":"ListItem","position":4,"name":"Akvaristika","item":"https:\/\/shopatoa.com\/cz\/akvaristika\/"},{"@type":"ListItem","position":5,"name":"Akvarijn\u00ed technika","item":"https:\/\/shopatoa.com\/cz\/akvarijni-technika\/"},{"@type":"ListItem","position":6,"name":"CO2 hnojen\u00ed rostlin","item":"https:\/\/shopatoa.com\/cz\/co2-hnojeni-rostlin\/"},{"@type":"ListItem","position":7,"name":"Akvaflor HU-BEN hnojivo na rostliny 180ml"}]},{"@type":"WebSite","@id":"https:\/\/shopatoa.com\/cz\/#website","url":"https:\/\/shopatoa.com\/cz\/","name":"SHOPATOA","description":"","publisher":{"@id":"https:\/\/shopatoa.com\/cz\/#organization"},"potentialAction":[{"@type":"SearchAction","target":{"@type":"EntryPoint","urlTemplate":"https:\/\/shopatoa.com\/cz\/?s={search_term_string}"},"query-input":{"@type":"PropertyValueSpecification","valueRequired":true,"valueName":"search_term_string"}}],"inLanguage":"cs"},{"@type":"Organization","@id":"https:\/\/shopatoa.com\/cz\/#organization","name":"SHOPATOA Digital s.r.o.","url":"https:\/\/shopatoa.com\/cz\/","logo":{"@type":"ImageObject","inLanguage":"cs","@id":"https:\/\/shopatoa.com\/cz\/#\/schema\/logo\/image\/","url":"https:\/\/storage.googleapis.com\/cz-shopatoa-img\/cz\/ebccf434-shopatoa_logo.png","contentUrl":"https:\/\/storage.googleapis.com\/cz-shopatoa-img\/cz\/ebccf434-shopatoa_logo.png","width":416,"height":63,"caption":"SHOPATOA Digital s.r.o."},"image":{"@id":"https:\/\/shopatoa.com\/cz\/#\/schema\/logo\/image\/"}}]}},"_links":{"self":[{"href":"https:\/\/shopatoa.com\/cz\/wp-json\/wp\/v2\/product\/243335","targetHints":{"allow":["GET"]}}],"collection":[{"href":"https:\/\/shopatoa.com\/cz\/wp-json\/wp\/v2\/product"}],"about":[{"href":"https:\/\/shopatoa.com\/cz\/wp-json\/wp\/v2\/types\/product"}],"replies":[{"embeddable":true,"href":"https:\/\/shopatoa.com\/cz\/wp-json\/wp\/v2\/comments?post=243335"}],"wp:featuredmedia":[{"embeddable":true,"href":"https:\/\/shopatoa.com\/cz\/wp-json\/wp\/v2\/media\/243336"}],"wp:attachment":[{"href":"https:\/\/shopatoa.com\/cz\/wp-json\/wp\/v2\/media?parent=243335"}],"wp:term":[{"taxonomy":"product_brand","embeddable":true,"href":"https:\/\/shopatoa.com\/cz\/wp-json\/wp\/v2\/product_brand?post=243335"},{"taxonomy":"product_cat","embeddable":true,"href":"https:\/\/shopatoa.com\/cz\/wp-json\/wp\/v2\/product_cat?post=243335"},{"taxonomy":"product_tag","embeddable":true,"href":"https:\/\/shopatoa.com\/cz\/wp-json\/wp\/v2\/product_tag?post=243335"}],"curies":[{"name":"wp","href":"https:\/\/api.w.org\/{rel}","templated":true}]}}