{"id":243399,"date":"2025-04-02T11:16:14","date_gmt":"2025-04-02T09:16:14","guid":{"rendered":"https:\/\/shopatoa.com\/cz\/?post_type=product&#038;p=243399"},"modified":"2025-04-26T01:09:59","modified_gmt":"2025-04-25T23:09:59","slug":"postroj-tre-ponti-od-20-do-30-kg-maskacovy","status":"publish","type":"product","link":"https:\/\/shopatoa.com\/cz\/postroj-tre-ponti-od-20-do-30-kg-maskacovy\/","title":{"rendered":"Postroj TRE PONTI od 20 do 30 kg mask\u00e1\u010dov\u00fd"},"content":{"rendered":"<p>Praktick\u00fd postroj, kter\u00fd lze jednodu\u0161e nasadit a upravit. Vhodn\u00fd pro psy od\u00a020 do 30 kg. Odoln\u00fd a hypoalergenn\u00ed materi\u00e1l, netah\u00e1 srst, nedr\u00e1\u017ed\u00ed k\u016f\u017ei, je inovativn\u00ed a elegantn\u00ed, m\u00e1 nastaviteln\u00fd uz\u00e1v\u011br, patentovan\u00fd a registrovan\u00fd design.<\/p>\n","protected":false},"excerpt":{"rendered":"<p>Praktick\u00fd postroj, kter\u00fd lze jednodu\u0161e nasadit a upravit. Vhodn\u00fd pro psy od\u00a020 do 30 kg. Odoln\u00fd a hypoalergenn\u00ed materi\u00e1l, netah\u00e1 srst, nedr\u00e1\u017ed\u00ed k\u016f\u017ei, je inovativn\u00ed a elegantn\u00ed, m\u00e1 nastaviteln\u00fd uz\u00e1v\u011br, patentovan\u00fd a registrovan\u00fd design.<\/p>\n","protected":false},"featured_media":243400,"comment_status":"closed","ping_status":"open","template":"","meta":{"_acf_changed":false,"_kadence_starter_templates_imported_post":false,"_kad_post_transparent":"","_kad_post_title":"","_kad_post_layout":"","_kad_post_sidebar_id":"","_kad_post_content_style":"","_kad_post_vertical_padding":"","_kad_post_feature":"","_kad_post_feature_position":"","_kad_post_header":false,"_kad_post_footer":false,"_kad_post_classname":""},"product_brand":[2666],"product_cat":[436,2629,1464],"product_tag":[],"class_list":{"0":"post-243399","1":"product","2":"type-product","3":"status-publish","4":"has-post-thumbnail","6":"product_brand-tre-ponti","7":"product_cat-chovatelske-potreby-2","8":"product_cat-obojky-a-postroje-pro-kocky","9":"product_cat-pro-kocky-chovatelske-potreby-2","10":"pa_obchod-superzoo-cz","12":"first","13":"instock","14":"product-type-external","15":"entry","16":"content-bg","17":"loop-entry"},"acf":[],"yoast_head":"<!-- This site is optimized with the Yoast SEO plugin v27.4 - https:\/\/yoast.com\/product\/yoast-seo-wordpress\/ -->\n<title>Postroj TRE PONTI od 20 do 30 kg mask\u00e1\u010dov\u00fd - SHOPATOA.COM<\/title>\n<meta name=\"robots\" content=\"index, follow, max-snippet:-1, max-image-preview:large, max-video-preview:-1\" \/>\n<link rel=\"canonical\" href=\"https:\/\/shopatoa.com\/cz\/postroj-tre-ponti-od-20-do-30-kg-maskacovy\/\" \/>\n<meta property=\"og:locale\" content=\"cs_CZ\" \/>\n<meta property=\"og:type\" content=\"article\" \/>\n<meta property=\"og:title\" content=\"Postroj TRE PONTI od 20 do 30 kg mask\u00e1\u010dov\u00fd - SHOPATOA.COM\" \/>\n<meta property=\"og:description\" content=\"Praktick\u00fd postroj, kter\u00fd lze jednodu\u0161e nasadit a upravit. Vhodn\u00fd pro psy od\u00a020 do 30 kg. Odoln\u00fd a hypoalergenn\u00ed materi\u00e1l, netah\u00e1 srst, nedr\u00e1\u017ed\u00ed k\u016f\u017ei, je inovativn\u00ed a elegantn\u00ed, m\u00e1 nastaviteln\u00fd uz\u00e1v\u011br, patentovan\u00fd a registrovan\u00fd design.\" \/>\n<meta property=\"og:url\" content=\"https:\/\/shopatoa.com\/cz\/postroj-tre-ponti-od-20-do-30-kg-maskacovy\/\" \/>\n<meta property=\"og:site_name\" content=\"SHOPATOA\" \/>\n<meta property=\"article:modified_time\" content=\"2025-04-25T23:09:59+00:00\" \/>\n<meta property=\"og:image\" content=\"https:\/\/storage.googleapis.com\/cz-shopatoa-img\/cz\/af38c858-1_30220.jpg\" \/>\n\t<meta property=\"og:image:width\" content=\"600\" \/>\n\t<meta property=\"og:image:height\" content=\"600\" \/>\n\t<meta property=\"og:image:type\" content=\"image\/jpeg\" \/>\n<meta name=\"twitter:card\" content=\"summary_large_image\" \/>\n<script type=\"application\/ld+json\" class=\"yoast-schema-graph\">{\"@context\":\"https:\\\/\\\/schema.org\",\"@graph\":[{\"@type\":\"WebPage\",\"@id\":\"https:\\\/\\\/shopatoa.com\\\/cz\\\/postroj-tre-ponti-od-20-do-30-kg-maskacovy\\\/\",\"url\":\"https:\\\/\\\/shopatoa.com\\\/cz\\\/postroj-tre-ponti-od-20-do-30-kg-maskacovy\\\/\",\"name\":\"Postroj TRE PONTI od 20 do 30 kg mask\u00e1\u010dov\u00fd - SHOPATOA.COM\",\"isPartOf\":{\"@id\":\"https:\\\/\\\/shopatoa.com\\\/cz\\\/#website\"},\"primaryImageOfPage\":{\"@id\":\"https:\\\/\\\/shopatoa.com\\\/cz\\\/postroj-tre-ponti-od-20-do-30-kg-maskacovy\\\/#primaryimage\"},\"image\":{\"@id\":\"https:\\\/\\\/shopatoa.com\\\/cz\\\/postroj-tre-ponti-od-20-do-30-kg-maskacovy\\\/#primaryimage\"},\"thumbnailUrl\":\"https:\\\/\\\/storage.googleapis.com\\\/cz-shopatoa-img\\\/cz\\\/af38c858-1_30220.jpg\",\"datePublished\":\"2025-04-02T09:16:14+00:00\",\"dateModified\":\"2025-04-25T23:09:59+00:00\",\"breadcrumb\":{\"@id\":\"https:\\\/\\\/shopatoa.com\\\/cz\\\/postroj-tre-ponti-od-20-do-30-kg-maskacovy\\\/#breadcrumb\"},\"inLanguage\":\"cs\",\"potentialAction\":[{\"@type\":\"ReadAction\",\"target\":[\"https:\\\/\\\/shopatoa.com\\\/cz\\\/postroj-tre-ponti-od-20-do-30-kg-maskacovy\\\/\"]}]},{\"@type\":\"ImageObject\",\"inLanguage\":\"cs\",\"@id\":\"https:\\\/\\\/shopatoa.com\\\/cz\\\/postroj-tre-ponti-od-20-do-30-kg-maskacovy\\\/#primaryimage\",\"url\":\"https:\\\/\\\/storage.googleapis.com\\\/cz-shopatoa-img\\\/cz\\\/af38c858-1_30220.jpg\",\"contentUrl\":\"https:\\\/\\\/storage.googleapis.com\\\/cz-shopatoa-img\\\/cz\\\/af38c858-1_30220.jpg\",\"width\":600,\"height\":600},{\"@type\":\"BreadcrumbList\",\"@id\":\"https:\\\/\\\/shopatoa.com\\\/cz\\\/postroj-tre-ponti-od-20-do-30-kg-maskacovy\\\/#breadcrumb\",\"itemListElement\":[{\"@type\":\"ListItem\",\"position\":1,\"name\":\"Dom\u016f\",\"item\":\"https:\\\/\\\/shopatoa.com\\\/cz\\\/\"},{\"@type\":\"ListItem\",\"position\":2,\"name\":\"Produkty\",\"item\":\"https:\\\/\\\/shopatoa.com\\\/cz\\\/shop\\\/\"},{\"@type\":\"ListItem\",\"position\":3,\"name\":\"Chovatelsk\u00e9 pot\u0159eby\",\"item\":\"https:\\\/\\\/shopatoa.com\\\/cz\\\/chovatelske-potreby-2\\\/\"},{\"@type\":\"ListItem\",\"position\":4,\"name\":\"Pro ko\u010dky\",\"item\":\"https:\\\/\\\/shopatoa.com\\\/cz\\\/pro-kocky-chovatelske-potreby-2\\\/\"},{\"@type\":\"ListItem\",\"position\":5,\"name\":\"Obojky a postroje pro ko\u010dky\",\"item\":\"https:\\\/\\\/shopatoa.com\\\/cz\\\/obojky-a-postroje-pro-kocky\\\/\"},{\"@type\":\"ListItem\",\"position\":6,\"name\":\"Postroj TRE PONTI od 20 do 30 kg mask\u00e1\u010dov\u00fd\"}]},{\"@type\":\"WebSite\",\"@id\":\"https:\\\/\\\/shopatoa.com\\\/cz\\\/#website\",\"url\":\"https:\\\/\\\/shopatoa.com\\\/cz\\\/\",\"name\":\"SHOPATOA\",\"description\":\"\",\"publisher\":{\"@id\":\"https:\\\/\\\/shopatoa.com\\\/cz\\\/#organization\"},\"potentialAction\":[{\"@type\":\"SearchAction\",\"target\":{\"@type\":\"EntryPoint\",\"urlTemplate\":\"https:\\\/\\\/shopatoa.com\\\/cz\\\/?s={search_term_string}\"},\"query-input\":{\"@type\":\"PropertyValueSpecification\",\"valueRequired\":true,\"valueName\":\"search_term_string\"}}],\"inLanguage\":\"cs\"},{\"@type\":\"Organization\",\"@id\":\"https:\\\/\\\/shopatoa.com\\\/cz\\\/#organization\",\"name\":\"SHOPATOA Digital s.r.o.\",\"url\":\"https:\\\/\\\/shopatoa.com\\\/cz\\\/\",\"logo\":{\"@type\":\"ImageObject\",\"inLanguage\":\"cs\",\"@id\":\"https:\\\/\\\/shopatoa.com\\\/cz\\\/#\\\/schema\\\/logo\\\/image\\\/\",\"url\":\"https:\\\/\\\/storage.googleapis.com\\\/cz-shopatoa-img\\\/cz\\\/ebccf434-shopatoa_logo.png\",\"contentUrl\":\"https:\\\/\\\/storage.googleapis.com\\\/cz-shopatoa-img\\\/cz\\\/ebccf434-shopatoa_logo.png\",\"width\":416,\"height\":63,\"caption\":\"SHOPATOA Digital s.r.o.\"},\"image\":{\"@id\":\"https:\\\/\\\/shopatoa.com\\\/cz\\\/#\\\/schema\\\/logo\\\/image\\\/\"}}]}<\/script>\n<!-- \/ Yoast SEO plugin. -->","yoast_head_json":{"title":"Postroj TRE PONTI od 20 do 30 kg mask\u00e1\u010dov\u00fd - SHOPATOA.COM","robots":{"index":"index","follow":"follow","max-snippet":"max-snippet:-1","max-image-preview":"max-image-preview:large","max-video-preview":"max-video-preview:-1"},"canonical":"https:\/\/shopatoa.com\/cz\/postroj-tre-ponti-od-20-do-30-kg-maskacovy\/","og_locale":"cs_CZ","og_type":"article","og_title":"Postroj TRE PONTI od 20 do 30 kg mask\u00e1\u010dov\u00fd - SHOPATOA.COM","og_description":"Praktick\u00fd postroj, kter\u00fd lze jednodu\u0161e nasadit a upravit. Vhodn\u00fd pro psy od\u00a020 do 30 kg. Odoln\u00fd a hypoalergenn\u00ed materi\u00e1l, netah\u00e1 srst, nedr\u00e1\u017ed\u00ed k\u016f\u017ei, je inovativn\u00ed a elegantn\u00ed, m\u00e1 nastaviteln\u00fd uz\u00e1v\u011br, patentovan\u00fd a registrovan\u00fd design.","og_url":"https:\/\/shopatoa.com\/cz\/postroj-tre-ponti-od-20-do-30-kg-maskacovy\/","og_site_name":"SHOPATOA","article_modified_time":"2025-04-25T23:09:59+00:00","og_image":[{"width":600,"height":600,"url":"https:\/\/storage.googleapis.com\/cz-shopatoa-img\/cz\/af38c858-1_30220.jpg","type":"image\/jpeg"}],"twitter_card":"summary_large_image","schema":{"@context":"https:\/\/schema.org","@graph":[{"@type":"WebPage","@id":"https:\/\/shopatoa.com\/cz\/postroj-tre-ponti-od-20-do-30-kg-maskacovy\/","url":"https:\/\/shopatoa.com\/cz\/postroj-tre-ponti-od-20-do-30-kg-maskacovy\/","name":"Postroj TRE PONTI od 20 do 30 kg mask\u00e1\u010dov\u00fd - SHOPATOA.COM","isPartOf":{"@id":"https:\/\/shopatoa.com\/cz\/#website"},"primaryImageOfPage":{"@id":"https:\/\/shopatoa.com\/cz\/postroj-tre-ponti-od-20-do-30-kg-maskacovy\/#primaryimage"},"image":{"@id":"https:\/\/shopatoa.com\/cz\/postroj-tre-ponti-od-20-do-30-kg-maskacovy\/#primaryimage"},"thumbnailUrl":"https:\/\/storage.googleapis.com\/cz-shopatoa-img\/cz\/af38c858-1_30220.jpg","datePublished":"2025-04-02T09:16:14+00:00","dateModified":"2025-04-25T23:09:59+00:00","breadcrumb":{"@id":"https:\/\/shopatoa.com\/cz\/postroj-tre-ponti-od-20-do-30-kg-maskacovy\/#breadcrumb"},"inLanguage":"cs","potentialAction":[{"@type":"ReadAction","target":["https:\/\/shopatoa.com\/cz\/postroj-tre-ponti-od-20-do-30-kg-maskacovy\/"]}]},{"@type":"ImageObject","inLanguage":"cs","@id":"https:\/\/shopatoa.com\/cz\/postroj-tre-ponti-od-20-do-30-kg-maskacovy\/#primaryimage","url":"https:\/\/storage.googleapis.com\/cz-shopatoa-img\/cz\/af38c858-1_30220.jpg","contentUrl":"https:\/\/storage.googleapis.com\/cz-shopatoa-img\/cz\/af38c858-1_30220.jpg","width":600,"height":600},{"@type":"BreadcrumbList","@id":"https:\/\/shopatoa.com\/cz\/postroj-tre-ponti-od-20-do-30-kg-maskacovy\/#breadcrumb","itemListElement":[{"@type":"ListItem","position":1,"name":"Dom\u016f","item":"https:\/\/shopatoa.com\/cz\/"},{"@type":"ListItem","position":2,"name":"Produkty","item":"https:\/\/shopatoa.com\/cz\/shop\/"},{"@type":"ListItem","position":3,"name":"Chovatelsk\u00e9 pot\u0159eby","item":"https:\/\/shopatoa.com\/cz\/chovatelske-potreby-2\/"},{"@type":"ListItem","position":4,"name":"Pro ko\u010dky","item":"https:\/\/shopatoa.com\/cz\/pro-kocky-chovatelske-potreby-2\/"},{"@type":"ListItem","position":5,"name":"Obojky a postroje pro ko\u010dky","item":"https:\/\/shopatoa.com\/cz\/obojky-a-postroje-pro-kocky\/"},{"@type":"ListItem","position":6,"name":"Postroj TRE PONTI od 20 do 30 kg mask\u00e1\u010dov\u00fd"}]},{"@type":"WebSite","@id":"https:\/\/shopatoa.com\/cz\/#website","url":"https:\/\/shopatoa.com\/cz\/","name":"SHOPATOA","description":"","publisher":{"@id":"https:\/\/shopatoa.com\/cz\/#organization"},"potentialAction":[{"@type":"SearchAction","target":{"@type":"EntryPoint","urlTemplate":"https:\/\/shopatoa.com\/cz\/?s={search_term_string}"},"query-input":{"@type":"PropertyValueSpecification","valueRequired":true,"valueName":"search_term_string"}}],"inLanguage":"cs"},{"@type":"Organization","@id":"https:\/\/shopatoa.com\/cz\/#organization","name":"SHOPATOA Digital s.r.o.","url":"https:\/\/shopatoa.com\/cz\/","logo":{"@type":"ImageObject","inLanguage":"cs","@id":"https:\/\/shopatoa.com\/cz\/#\/schema\/logo\/image\/","url":"https:\/\/storage.googleapis.com\/cz-shopatoa-img\/cz\/ebccf434-shopatoa_logo.png","contentUrl":"https:\/\/storage.googleapis.com\/cz-shopatoa-img\/cz\/ebccf434-shopatoa_logo.png","width":416,"height":63,"caption":"SHOPATOA Digital s.r.o."},"image":{"@id":"https:\/\/shopatoa.com\/cz\/#\/schema\/logo\/image\/"}}]}},"_links":{"self":[{"href":"https:\/\/shopatoa.com\/cz\/wp-json\/wp\/v2\/product\/243399","targetHints":{"allow":["GET"]}}],"collection":[{"href":"https:\/\/shopatoa.com\/cz\/wp-json\/wp\/v2\/product"}],"about":[{"href":"https:\/\/shopatoa.com\/cz\/wp-json\/wp\/v2\/types\/product"}],"replies":[{"embeddable":true,"href":"https:\/\/shopatoa.com\/cz\/wp-json\/wp\/v2\/comments?post=243399"}],"wp:featuredmedia":[{"embeddable":true,"href":"https:\/\/shopatoa.com\/cz\/wp-json\/wp\/v2\/media\/243400"}],"wp:attachment":[{"href":"https:\/\/shopatoa.com\/cz\/wp-json\/wp\/v2\/media?parent=243399"}],"wp:term":[{"taxonomy":"product_brand","embeddable":true,"href":"https:\/\/shopatoa.com\/cz\/wp-json\/wp\/v2\/product_brand?post=243399"},{"taxonomy":"product_cat","embeddable":true,"href":"https:\/\/shopatoa.com\/cz\/wp-json\/wp\/v2\/product_cat?post=243399"},{"taxonomy":"product_tag","embeddable":true,"href":"https:\/\/shopatoa.com\/cz\/wp-json\/wp\/v2\/product_tag?post=243399"}],"curies":[{"name":"wp","href":"https:\/\/api.w.org\/{rel}","templated":true}]}}