{"id":243415,"date":"2025-04-02T11:20:30","date_gmt":"2025-04-02T09:20:30","guid":{"rendered":"https:\/\/shopatoa.com\/cz\/?post_type=product&#038;p=243415"},"modified":"2026-01-31T19:21:15","modified_gmt":"2026-01-31T18:21:15","slug":"pasta-beaphar-duo-malt-pro-kocky-100-g","status":"publish","type":"product","link":"https:\/\/shopatoa.com\/cz\/pasta-beaphar-duo-malt-pro-kocky-100-g\/","title":{"rendered":"Pasta Beaphar Duo Malt pro ko\u010dky 100 g"},"content":{"rendered":"<p>Duo Malt pasta je dopln\u011bk stravy ur\u010den\u00fd k\u00a0p\u0159irozen\u00e9mu \u010dist\u011bn\u00ed tr\u00e1vic\u00ed traktu ko\u010dek a ko\u0165at od\u00a0chom\u00e1\u010dk\u016f chlup\u016f.<\/p>\n<p>\tTmav\u011b hn\u011bd\u00e1 pasta pom\u00e1h\u00e1 p\u0159irozen\u00e9mu pr\u016fchodu nahromad\u011bn\u00fdch chom\u00e1\u010dk\u016f tr\u00e1vic\u00edm traktem, p\u0159edch\u00e1z\u00ed usazenin\u00e1m v\u00a0\u017ealudku<br \/>\n\tObsahuje karamel, kter\u00fd posiluje \u00fa\u010dinek pasty a p\u0159id\u00e1v\u00e1 ji na chuti<br \/>\n\tSv\u011btle hn\u011bd\u00e1 pasta obsahuje BIO MOS, kter\u00fd formuje zdravou st\u0159evn\u00ed mikrofl\u00f3ru<br \/>\n\tPasta celkov\u011b zlep\u0161uje stav a vzhled srsti <\/p>\n<p>N\u00e1vod k pou\u017eit\u00ed: P\u0159idejte do krmiva nebo pod\u00e1vejte p\u0159\u00edmo z tuby. <\/p>\n<p>D\u00e1vkov\u00e1n\u00ed: Pro dlouhosrst\u00e9 ko\u010dky 6 cm pasty denn\u011b, pro kr\u00e1tkosrst\u00e9 ko\u010dky 4 cm denn\u011b.<br \/>\nV\u00a0obdob\u00ed l\u00edn\u00e1n\u00ed 5 cm pasty ka\u017ed\u00fd den.<br \/>\nZajist\u011bte p\u0159\u00edstup k \u010derstv\u00e9 pitn\u00e9 vod\u011b.<\/p>\n<p>Slo\u017een\u00ed: oleje a tuky, ml\u00e9ko a ml\u00e9\u010dn\u00e9 produkty, sladov\u00fd extrakt 12 %, mannan oligosacharid (MOS) 10 000 mg\/kg, miner\u00e1ly, antioxidanty<\/p>\n<p>Analytick\u00e9 slo\u017eky: hrub\u00fd protein 12 %, vl\u00e1knina 0,078 %, oleje a tuky 52 %, omega-3 mastn\u00e9 kyseliny 3,087 %, omega-6 mastn\u00e9 kyseliny 23,82 %, hrub\u00fd popel 3,3 %, vlhkost 3,7 %, v\u00e1pn\u00edk&#8230;<\/p>\n","protected":false},"excerpt":{"rendered":"<p>Duo Malt pasta je dopln\u011bk stravy ur\u010den\u00fd k\u00a0p\u0159irozen\u00e9mu \u010dist\u011bn\u00ed tr\u00e1vic\u00ed traktu ko\u010dek a ko\u0165at od\u00a0chom\u00e1\u010dk\u016f chlup\u016f. Tmav\u011b hn\u011bd\u00e1 pasta pom\u00e1h\u00e1 p\u0159irozen\u00e9mu pr\u016fchodu nahromad\u011bn\u00fdch chom\u00e1\u010dk\u016f tr\u00e1vic\u00edm traktem, p\u0159edch\u00e1z\u00ed usazenin\u00e1m v\u00a0\u017ealudku Obsahuje karamel, kter\u00fd posiluje \u00fa\u010dinek pasty a p\u0159id\u00e1v\u00e1 ji na chuti Sv\u011btle hn\u011bd\u00e1 pasta obsahuje BIO MOS, kter\u00fd formuje zdravou st\u0159evn\u00ed mikrofl\u00f3ru Pasta celkov\u011b zlep\u0161uje stav&#8230;<\/p>\n","protected":false},"featured_media":243416,"comment_status":"closed","ping_status":"open","template":"","meta":{"_acf_changed":false,"_kadence_starter_templates_imported_post":false,"_kad_post_transparent":"","_kad_post_title":"","_kad_post_layout":"","_kad_post_sidebar_id":"","_kad_post_content_style":"","_kad_post_vertical_padding":"","_kad_post_feature":"","_kad_post_feature_position":"","_kad_post_header":false,"_kad_post_footer":false,"_kad_post_classname":""},"product_brand":[2037],"product_cat":[436,1465,2581,1464],"product_tag":[],"class_list":{"0":"post-243415","1":"product","2":"type-product","3":"status-publish","4":"has-post-thumbnail","6":"product_brand-beaphar","7":"product_cat-chovatelske-potreby-2","8":"product_cat-krmivo-pro-kocky-pro-kocky-chovatelske-potreby-2","9":"product_cat-pamlsky-pro-kocky","10":"product_cat-pro-kocky-chovatelske-potreby-2","11":"pa_obchod-superzoo-cz","13":"first","14":"instock","15":"product-type-external","16":"entry","17":"content-bg","18":"loop-entry"},"acf":[],"yoast_head":"<!-- This site is optimized with the Yoast SEO plugin v27.4 - https:\/\/yoast.com\/product\/yoast-seo-wordpress\/ -->\n<title>Pasta Beaphar Duo Malt pro ko\u010dky 100 g - SHOPATOA.COM<\/title>\n<meta name=\"robots\" content=\"index, follow, max-snippet:-1, max-image-preview:large, max-video-preview:-1\" \/>\n<link rel=\"canonical\" href=\"https:\/\/shopatoa.com\/cz\/pasta-beaphar-duo-malt-pro-kocky-100-g\/\" \/>\n<meta property=\"og:locale\" content=\"cs_CZ\" \/>\n<meta property=\"og:type\" content=\"article\" \/>\n<meta property=\"og:title\" content=\"Pasta Beaphar Duo Malt pro ko\u010dky 100 g - SHOPATOA.COM\" \/>\n<meta property=\"og:description\" content=\"Duo Malt pasta je dopln\u011bk stravy ur\u010den\u00fd k\u00a0p\u0159irozen\u00e9mu \u010dist\u011bn\u00ed tr\u00e1vic\u00ed traktu ko\u010dek a ko\u0165at od\u00a0chom\u00e1\u010dk\u016f chlup\u016f. Tmav\u011b hn\u011bd\u00e1 pasta pom\u00e1h\u00e1 p\u0159irozen\u00e9mu pr\u016fchodu nahromad\u011bn\u00fdch chom\u00e1\u010dk\u016f tr\u00e1vic\u00edm traktem, p\u0159edch\u00e1z\u00ed usazenin\u00e1m v\u00a0\u017ealudku Obsahuje karamel, kter\u00fd posiluje \u00fa\u010dinek pasty a p\u0159id\u00e1v\u00e1 ji na chuti Sv\u011btle hn\u011bd\u00e1 pasta obsahuje BIO MOS, kter\u00fd formuje zdravou st\u0159evn\u00ed mikrofl\u00f3ru Pasta celkov\u011b zlep\u0161uje stav...\" \/>\n<meta property=\"og:url\" content=\"https:\/\/shopatoa.com\/cz\/pasta-beaphar-duo-malt-pro-kocky-100-g\/\" \/>\n<meta property=\"og:site_name\" content=\"SHOPATOA\" \/>\n<meta property=\"article:modified_time\" content=\"2026-01-31T18:21:15+00:00\" \/>\n<meta property=\"og:image\" content=\"https:\/\/storage.googleapis.com\/cz-shopatoa-img\/cz\/ff84242d-1_90883.jpg\" \/>\n\t<meta property=\"og:image:width\" content=\"600\" \/>\n\t<meta property=\"og:image:height\" content=\"600\" \/>\n\t<meta property=\"og:image:type\" content=\"image\/jpeg\" \/>\n<meta name=\"twitter:card\" content=\"summary_large_image\" \/>\n<meta name=\"twitter:label1\" content=\"Odhadovan\u00e1 doba \u010dten\u00ed\" \/>\n\t<meta name=\"twitter:data1\" content=\"1 minuta\" \/>\n<script type=\"application\/ld+json\" class=\"yoast-schema-graph\">{\"@context\":\"https:\\\/\\\/schema.org\",\"@graph\":[{\"@type\":\"WebPage\",\"@id\":\"https:\\\/\\\/shopatoa.com\\\/cz\\\/pasta-beaphar-duo-malt-pro-kocky-100-g\\\/\",\"url\":\"https:\\\/\\\/shopatoa.com\\\/cz\\\/pasta-beaphar-duo-malt-pro-kocky-100-g\\\/\",\"name\":\"Pasta Beaphar Duo Malt pro ko\u010dky 100 g - SHOPATOA.COM\",\"isPartOf\":{\"@id\":\"https:\\\/\\\/shopatoa.com\\\/cz\\\/#website\"},\"primaryImageOfPage\":{\"@id\":\"https:\\\/\\\/shopatoa.com\\\/cz\\\/pasta-beaphar-duo-malt-pro-kocky-100-g\\\/#primaryimage\"},\"image\":{\"@id\":\"https:\\\/\\\/shopatoa.com\\\/cz\\\/pasta-beaphar-duo-malt-pro-kocky-100-g\\\/#primaryimage\"},\"thumbnailUrl\":\"https:\\\/\\\/storage.googleapis.com\\\/cz-shopatoa-img\\\/cz\\\/ff84242d-1_90883.jpg\",\"datePublished\":\"2025-04-02T09:20:30+00:00\",\"dateModified\":\"2026-01-31T18:21:15+00:00\",\"breadcrumb\":{\"@id\":\"https:\\\/\\\/shopatoa.com\\\/cz\\\/pasta-beaphar-duo-malt-pro-kocky-100-g\\\/#breadcrumb\"},\"inLanguage\":\"cs\",\"potentialAction\":[{\"@type\":\"ReadAction\",\"target\":[\"https:\\\/\\\/shopatoa.com\\\/cz\\\/pasta-beaphar-duo-malt-pro-kocky-100-g\\\/\"]}]},{\"@type\":\"ImageObject\",\"inLanguage\":\"cs\",\"@id\":\"https:\\\/\\\/shopatoa.com\\\/cz\\\/pasta-beaphar-duo-malt-pro-kocky-100-g\\\/#primaryimage\",\"url\":\"https:\\\/\\\/storage.googleapis.com\\\/cz-shopatoa-img\\\/cz\\\/ff84242d-1_90883.jpg\",\"contentUrl\":\"https:\\\/\\\/storage.googleapis.com\\\/cz-shopatoa-img\\\/cz\\\/ff84242d-1_90883.jpg\",\"width\":600,\"height\":600},{\"@type\":\"BreadcrumbList\",\"@id\":\"https:\\\/\\\/shopatoa.com\\\/cz\\\/pasta-beaphar-duo-malt-pro-kocky-100-g\\\/#breadcrumb\",\"itemListElement\":[{\"@type\":\"ListItem\",\"position\":1,\"name\":\"Dom\u016f\",\"item\":\"https:\\\/\\\/shopatoa.com\\\/cz\\\/\"},{\"@type\":\"ListItem\",\"position\":2,\"name\":\"Produkty\",\"item\":\"https:\\\/\\\/shopatoa.com\\\/cz\\\/shop\\\/\"},{\"@type\":\"ListItem\",\"position\":3,\"name\":\"Chovatelsk\u00e9 pot\u0159eby\",\"item\":\"https:\\\/\\\/shopatoa.com\\\/cz\\\/chovatelske-potreby-2\\\/\"},{\"@type\":\"ListItem\",\"position\":4,\"name\":\"Pro ko\u010dky\",\"item\":\"https:\\\/\\\/shopatoa.com\\\/cz\\\/pro-kocky-chovatelske-potreby-2\\\/\"},{\"@type\":\"ListItem\",\"position\":5,\"name\":\"Krmivo pro ko\u010dky\",\"item\":\"https:\\\/\\\/shopatoa.com\\\/cz\\\/krmivo-pro-kocky-pro-kocky-chovatelske-potreby-2\\\/\"},{\"@type\":\"ListItem\",\"position\":6,\"name\":\"Pamlsky pro ko\u010dky\",\"item\":\"https:\\\/\\\/shopatoa.com\\\/cz\\\/pamlsky-pro-kocky\\\/\"},{\"@type\":\"ListItem\",\"position\":7,\"name\":\"Pasta Beaphar Duo Malt pro ko\u010dky 100 g\"}]},{\"@type\":\"WebSite\",\"@id\":\"https:\\\/\\\/shopatoa.com\\\/cz\\\/#website\",\"url\":\"https:\\\/\\\/shopatoa.com\\\/cz\\\/\",\"name\":\"SHOPATOA\",\"description\":\"\",\"publisher\":{\"@id\":\"https:\\\/\\\/shopatoa.com\\\/cz\\\/#organization\"},\"potentialAction\":[{\"@type\":\"SearchAction\",\"target\":{\"@type\":\"EntryPoint\",\"urlTemplate\":\"https:\\\/\\\/shopatoa.com\\\/cz\\\/?s={search_term_string}\"},\"query-input\":{\"@type\":\"PropertyValueSpecification\",\"valueRequired\":true,\"valueName\":\"search_term_string\"}}],\"inLanguage\":\"cs\"},{\"@type\":\"Organization\",\"@id\":\"https:\\\/\\\/shopatoa.com\\\/cz\\\/#organization\",\"name\":\"SHOPATOA Digital s.r.o.\",\"url\":\"https:\\\/\\\/shopatoa.com\\\/cz\\\/\",\"logo\":{\"@type\":\"ImageObject\",\"inLanguage\":\"cs\",\"@id\":\"https:\\\/\\\/shopatoa.com\\\/cz\\\/#\\\/schema\\\/logo\\\/image\\\/\",\"url\":\"https:\\\/\\\/storage.googleapis.com\\\/cz-shopatoa-img\\\/cz\\\/ebccf434-shopatoa_logo.png\",\"contentUrl\":\"https:\\\/\\\/storage.googleapis.com\\\/cz-shopatoa-img\\\/cz\\\/ebccf434-shopatoa_logo.png\",\"width\":416,\"height\":63,\"caption\":\"SHOPATOA Digital s.r.o.\"},\"image\":{\"@id\":\"https:\\\/\\\/shopatoa.com\\\/cz\\\/#\\\/schema\\\/logo\\\/image\\\/\"}}]}<\/script>\n<!-- \/ Yoast SEO plugin. -->","yoast_head_json":{"title":"Pasta Beaphar Duo Malt pro ko\u010dky 100 g - SHOPATOA.COM","robots":{"index":"index","follow":"follow","max-snippet":"max-snippet:-1","max-image-preview":"max-image-preview:large","max-video-preview":"max-video-preview:-1"},"canonical":"https:\/\/shopatoa.com\/cz\/pasta-beaphar-duo-malt-pro-kocky-100-g\/","og_locale":"cs_CZ","og_type":"article","og_title":"Pasta Beaphar Duo Malt pro ko\u010dky 100 g - SHOPATOA.COM","og_description":"Duo Malt pasta je dopln\u011bk stravy ur\u010den\u00fd k\u00a0p\u0159irozen\u00e9mu \u010dist\u011bn\u00ed tr\u00e1vic\u00ed traktu ko\u010dek a ko\u0165at od\u00a0chom\u00e1\u010dk\u016f chlup\u016f. Tmav\u011b hn\u011bd\u00e1 pasta pom\u00e1h\u00e1 p\u0159irozen\u00e9mu pr\u016fchodu nahromad\u011bn\u00fdch chom\u00e1\u010dk\u016f tr\u00e1vic\u00edm traktem, p\u0159edch\u00e1z\u00ed usazenin\u00e1m v\u00a0\u017ealudku Obsahuje karamel, kter\u00fd posiluje \u00fa\u010dinek pasty a p\u0159id\u00e1v\u00e1 ji na chuti Sv\u011btle hn\u011bd\u00e1 pasta obsahuje BIO MOS, kter\u00fd formuje zdravou st\u0159evn\u00ed mikrofl\u00f3ru Pasta celkov\u011b zlep\u0161uje stav...","og_url":"https:\/\/shopatoa.com\/cz\/pasta-beaphar-duo-malt-pro-kocky-100-g\/","og_site_name":"SHOPATOA","article_modified_time":"2026-01-31T18:21:15+00:00","og_image":[{"width":600,"height":600,"url":"https:\/\/storage.googleapis.com\/cz-shopatoa-img\/cz\/ff84242d-1_90883.jpg","type":"image\/jpeg"}],"twitter_card":"summary_large_image","twitter_misc":{"Odhadovan\u00e1 doba \u010dten\u00ed":"1 minuta"},"schema":{"@context":"https:\/\/schema.org","@graph":[{"@type":"WebPage","@id":"https:\/\/shopatoa.com\/cz\/pasta-beaphar-duo-malt-pro-kocky-100-g\/","url":"https:\/\/shopatoa.com\/cz\/pasta-beaphar-duo-malt-pro-kocky-100-g\/","name":"Pasta Beaphar Duo Malt pro ko\u010dky 100 g - SHOPATOA.COM","isPartOf":{"@id":"https:\/\/shopatoa.com\/cz\/#website"},"primaryImageOfPage":{"@id":"https:\/\/shopatoa.com\/cz\/pasta-beaphar-duo-malt-pro-kocky-100-g\/#primaryimage"},"image":{"@id":"https:\/\/shopatoa.com\/cz\/pasta-beaphar-duo-malt-pro-kocky-100-g\/#primaryimage"},"thumbnailUrl":"https:\/\/storage.googleapis.com\/cz-shopatoa-img\/cz\/ff84242d-1_90883.jpg","datePublished":"2025-04-02T09:20:30+00:00","dateModified":"2026-01-31T18:21:15+00:00","breadcrumb":{"@id":"https:\/\/shopatoa.com\/cz\/pasta-beaphar-duo-malt-pro-kocky-100-g\/#breadcrumb"},"inLanguage":"cs","potentialAction":[{"@type":"ReadAction","target":["https:\/\/shopatoa.com\/cz\/pasta-beaphar-duo-malt-pro-kocky-100-g\/"]}]},{"@type":"ImageObject","inLanguage":"cs","@id":"https:\/\/shopatoa.com\/cz\/pasta-beaphar-duo-malt-pro-kocky-100-g\/#primaryimage","url":"https:\/\/storage.googleapis.com\/cz-shopatoa-img\/cz\/ff84242d-1_90883.jpg","contentUrl":"https:\/\/storage.googleapis.com\/cz-shopatoa-img\/cz\/ff84242d-1_90883.jpg","width":600,"height":600},{"@type":"BreadcrumbList","@id":"https:\/\/shopatoa.com\/cz\/pasta-beaphar-duo-malt-pro-kocky-100-g\/#breadcrumb","itemListElement":[{"@type":"ListItem","position":1,"name":"Dom\u016f","item":"https:\/\/shopatoa.com\/cz\/"},{"@type":"ListItem","position":2,"name":"Produkty","item":"https:\/\/shopatoa.com\/cz\/shop\/"},{"@type":"ListItem","position":3,"name":"Chovatelsk\u00e9 pot\u0159eby","item":"https:\/\/shopatoa.com\/cz\/chovatelske-potreby-2\/"},{"@type":"ListItem","position":4,"name":"Pro ko\u010dky","item":"https:\/\/shopatoa.com\/cz\/pro-kocky-chovatelske-potreby-2\/"},{"@type":"ListItem","position":5,"name":"Krmivo pro ko\u010dky","item":"https:\/\/shopatoa.com\/cz\/krmivo-pro-kocky-pro-kocky-chovatelske-potreby-2\/"},{"@type":"ListItem","position":6,"name":"Pamlsky pro ko\u010dky","item":"https:\/\/shopatoa.com\/cz\/pamlsky-pro-kocky\/"},{"@type":"ListItem","position":7,"name":"Pasta Beaphar Duo Malt pro ko\u010dky 100 g"}]},{"@type":"WebSite","@id":"https:\/\/shopatoa.com\/cz\/#website","url":"https:\/\/shopatoa.com\/cz\/","name":"SHOPATOA","description":"","publisher":{"@id":"https:\/\/shopatoa.com\/cz\/#organization"},"potentialAction":[{"@type":"SearchAction","target":{"@type":"EntryPoint","urlTemplate":"https:\/\/shopatoa.com\/cz\/?s={search_term_string}"},"query-input":{"@type":"PropertyValueSpecification","valueRequired":true,"valueName":"search_term_string"}}],"inLanguage":"cs"},{"@type":"Organization","@id":"https:\/\/shopatoa.com\/cz\/#organization","name":"SHOPATOA Digital s.r.o.","url":"https:\/\/shopatoa.com\/cz\/","logo":{"@type":"ImageObject","inLanguage":"cs","@id":"https:\/\/shopatoa.com\/cz\/#\/schema\/logo\/image\/","url":"https:\/\/storage.googleapis.com\/cz-shopatoa-img\/cz\/ebccf434-shopatoa_logo.png","contentUrl":"https:\/\/storage.googleapis.com\/cz-shopatoa-img\/cz\/ebccf434-shopatoa_logo.png","width":416,"height":63,"caption":"SHOPATOA Digital s.r.o."},"image":{"@id":"https:\/\/shopatoa.com\/cz\/#\/schema\/logo\/image\/"}}]}},"_links":{"self":[{"href":"https:\/\/shopatoa.com\/cz\/wp-json\/wp\/v2\/product\/243415","targetHints":{"allow":["GET"]}}],"collection":[{"href":"https:\/\/shopatoa.com\/cz\/wp-json\/wp\/v2\/product"}],"about":[{"href":"https:\/\/shopatoa.com\/cz\/wp-json\/wp\/v2\/types\/product"}],"replies":[{"embeddable":true,"href":"https:\/\/shopatoa.com\/cz\/wp-json\/wp\/v2\/comments?post=243415"}],"wp:featuredmedia":[{"embeddable":true,"href":"https:\/\/shopatoa.com\/cz\/wp-json\/wp\/v2\/media\/243416"}],"wp:attachment":[{"href":"https:\/\/shopatoa.com\/cz\/wp-json\/wp\/v2\/media?parent=243415"}],"wp:term":[{"taxonomy":"product_brand","embeddable":true,"href":"https:\/\/shopatoa.com\/cz\/wp-json\/wp\/v2\/product_brand?post=243415"},{"taxonomy":"product_cat","embeddable":true,"href":"https:\/\/shopatoa.com\/cz\/wp-json\/wp\/v2\/product_cat?post=243415"},{"taxonomy":"product_tag","embeddable":true,"href":"https:\/\/shopatoa.com\/cz\/wp-json\/wp\/v2\/product_tag?post=243415"}],"curies":[{"name":"wp","href":"https:\/\/api.w.org\/{rel}","templated":true}]}}