{"id":243467,"date":"2025-04-02T11:30:20","date_gmt":"2025-04-02T09:30:20","guid":{"rendered":"https:\/\/shopatoa.com\/cz\/?post_type=product&#038;p=243467"},"modified":"2025-04-26T01:07:37","modified_gmt":"2025-04-25T23:07:37","slug":"pelisek-scruffs-expedition-box-bed-60cm-sedy","status":"publish","type":"product","link":"https:\/\/shopatoa.com\/cz\/pelisek-scruffs-expedition-box-bed-60cm-sedy\/","title":{"rendered":"Pel\u00ed\u0161ek Scruffs Expedition Box Bed 60cm \u0161ed\u00fd"},"content":{"rendered":"<p>Vod\u011bodoln\u00fd pel\u00ed\u0161ek z\u00a0odoln\u00e9ho materi\u00e1lu.<\/p>\n<p>\tOdoln\u00e9 pelechy Scruffs\u00aeExpedition jsou\u00a0ide\u00e1ln\u00edm \u0159e\u0161en\u00edm pro aktivn\u00ed psy, kte\u0159\u00ed \u010dasto pob\u00fdvaj\u00ed venku.<br \/>\n\tVn\u011bj\u0161\u00ed pevn\u00fd\u00a0potah je 100% vod\u011bodoln\u00fd\u00a0a tak jej lze snadno o\u010distit nap\u0159. mokr\u00fdm had\u0159\u00edkem.<br \/>\n\tPevn\u00e1 v\u00fdpl\u0148 nab\u00edz\u00ed pejskovi\u00a0stabiln\u00ed oporu a pohodln\u00e9 m\u00edsto k odpo\u010dinku.<\/p>\n<p>Lze pr\u00e1t v\u00a0pra\u010dce na max. 30 stup\u0148\u016f.<\/p>\n<p>Vn\u011bj\u0161\u00ed rozm\u011br<\/p>\n<p>60 x 50 cm<\/p>\n","protected":false},"excerpt":{"rendered":"<p>Vod\u011bodoln\u00fd pel\u00ed\u0161ek z\u00a0odoln\u00e9ho materi\u00e1lu. Odoln\u00e9 pelechy Scruffs\u00aeExpedition jsou\u00a0ide\u00e1ln\u00edm \u0159e\u0161en\u00edm pro aktivn\u00ed psy, kte\u0159\u00ed \u010dasto pob\u00fdvaj\u00ed venku. Vn\u011bj\u0161\u00ed pevn\u00fd\u00a0potah je 100% vod\u011bodoln\u00fd\u00a0a tak jej lze snadno o\u010distit nap\u0159. mokr\u00fdm had\u0159\u00edkem. Pevn\u00e1 v\u00fdpl\u0148 nab\u00edz\u00ed pejskovi\u00a0stabiln\u00ed oporu a pohodln\u00e9 m\u00edsto k odpo\u010dinku. Lze pr\u00e1t v\u00a0pra\u010dce na max. 30 stup\u0148\u016f. Vn\u011bj\u0161\u00ed rozm\u011br 60 x 50 cm<\/p>\n","protected":false},"featured_media":243468,"comment_status":"closed","ping_status":"open","template":"","meta":{"_acf_changed":false,"_kadence_starter_templates_imported_post":false,"_kad_post_transparent":"","_kad_post_title":"","_kad_post_layout":"","_kad_post_sidebar_id":"","_kad_post_content_style":"","_kad_post_vertical_padding":"","_kad_post_feature":"","_kad_post_feature_position":"","_kad_post_header":false,"_kad_post_footer":false,"_kad_post_classname":""},"product_brand":[2477],"product_cat":[436,2613,2612,739],"product_tag":[],"class_list":{"0":"post-243467","1":"product","2":"type-product","3":"status-publish","4":"has-post-thumbnail","6":"product_brand-scruffs","7":"product_cat-chovatelske-potreby-2","8":"product_cat-pelisky-pro-psy","9":"product_cat-pelisky-boudy-a-dvirka-pro-psy","10":"product_cat-pro-psy-chovatelske-potreby-2","11":"pa_obchod-superzoo-cz","13":"first","14":"instock","15":"product-type-external","16":"entry","17":"content-bg","18":"loop-entry"},"acf":[],"yoast_head":"<!-- This site is optimized with the Yoast SEO plugin v27.4 - https:\/\/yoast.com\/product\/yoast-seo-wordpress\/ -->\n<title>Pel\u00ed\u0161ek Scruffs Expedition Box Bed 60cm \u0161ed\u00fd - SHOPATOA.COM<\/title>\n<meta name=\"robots\" content=\"index, follow, max-snippet:-1, max-image-preview:large, max-video-preview:-1\" \/>\n<link rel=\"canonical\" href=\"https:\/\/shopatoa.com\/cz\/pelisek-scruffs-expedition-box-bed-60cm-sedy\/\" \/>\n<meta property=\"og:locale\" content=\"cs_CZ\" \/>\n<meta property=\"og:type\" content=\"article\" \/>\n<meta property=\"og:title\" content=\"Pel\u00ed\u0161ek Scruffs Expedition Box Bed 60cm \u0161ed\u00fd - SHOPATOA.COM\" \/>\n<meta property=\"og:description\" content=\"Vod\u011bodoln\u00fd pel\u00ed\u0161ek z\u00a0odoln\u00e9ho materi\u00e1lu. Odoln\u00e9 pelechy Scruffs\u00aeExpedition jsou\u00a0ide\u00e1ln\u00edm \u0159e\u0161en\u00edm pro aktivn\u00ed psy, kte\u0159\u00ed \u010dasto pob\u00fdvaj\u00ed venku. Vn\u011bj\u0161\u00ed pevn\u00fd\u00a0potah je 100% vod\u011bodoln\u00fd\u00a0a tak jej lze snadno o\u010distit nap\u0159. mokr\u00fdm had\u0159\u00edkem. Pevn\u00e1 v\u00fdpl\u0148 nab\u00edz\u00ed pejskovi\u00a0stabiln\u00ed oporu a pohodln\u00e9 m\u00edsto k odpo\u010dinku. Lze pr\u00e1t v\u00a0pra\u010dce na max. 30 stup\u0148\u016f. Vn\u011bj\u0161\u00ed rozm\u011br 60 x 50 cm\" \/>\n<meta property=\"og:url\" content=\"https:\/\/shopatoa.com\/cz\/pelisek-scruffs-expedition-box-bed-60cm-sedy\/\" \/>\n<meta property=\"og:site_name\" content=\"SHOPATOA\" \/>\n<meta property=\"article:modified_time\" content=\"2025-04-25T23:07:37+00:00\" \/>\n<meta property=\"og:image\" content=\"https:\/\/storage.googleapis.com\/cz-shopatoa-img\/cz\/89ed8a86-1_36294.jpg\" \/>\n\t<meta property=\"og:image:width\" content=\"600\" \/>\n\t<meta property=\"og:image:height\" content=\"600\" \/>\n\t<meta property=\"og:image:type\" content=\"image\/jpeg\" \/>\n<meta name=\"twitter:card\" content=\"summary_large_image\" \/>\n<script type=\"application\/ld+json\" class=\"yoast-schema-graph\">{\"@context\":\"https:\\\/\\\/schema.org\",\"@graph\":[{\"@type\":\"WebPage\",\"@id\":\"https:\\\/\\\/shopatoa.com\\\/cz\\\/pelisek-scruffs-expedition-box-bed-60cm-sedy\\\/\",\"url\":\"https:\\\/\\\/shopatoa.com\\\/cz\\\/pelisek-scruffs-expedition-box-bed-60cm-sedy\\\/\",\"name\":\"Pel\u00ed\u0161ek Scruffs Expedition Box Bed 60cm \u0161ed\u00fd - SHOPATOA.COM\",\"isPartOf\":{\"@id\":\"https:\\\/\\\/shopatoa.com\\\/cz\\\/#website\"},\"primaryImageOfPage\":{\"@id\":\"https:\\\/\\\/shopatoa.com\\\/cz\\\/pelisek-scruffs-expedition-box-bed-60cm-sedy\\\/#primaryimage\"},\"image\":{\"@id\":\"https:\\\/\\\/shopatoa.com\\\/cz\\\/pelisek-scruffs-expedition-box-bed-60cm-sedy\\\/#primaryimage\"},\"thumbnailUrl\":\"https:\\\/\\\/storage.googleapis.com\\\/cz-shopatoa-img\\\/cz\\\/89ed8a86-1_36294.jpg\",\"datePublished\":\"2025-04-02T09:30:20+00:00\",\"dateModified\":\"2025-04-25T23:07:37+00:00\",\"breadcrumb\":{\"@id\":\"https:\\\/\\\/shopatoa.com\\\/cz\\\/pelisek-scruffs-expedition-box-bed-60cm-sedy\\\/#breadcrumb\"},\"inLanguage\":\"cs\",\"potentialAction\":[{\"@type\":\"ReadAction\",\"target\":[\"https:\\\/\\\/shopatoa.com\\\/cz\\\/pelisek-scruffs-expedition-box-bed-60cm-sedy\\\/\"]}]},{\"@type\":\"ImageObject\",\"inLanguage\":\"cs\",\"@id\":\"https:\\\/\\\/shopatoa.com\\\/cz\\\/pelisek-scruffs-expedition-box-bed-60cm-sedy\\\/#primaryimage\",\"url\":\"https:\\\/\\\/storage.googleapis.com\\\/cz-shopatoa-img\\\/cz\\\/89ed8a86-1_36294.jpg\",\"contentUrl\":\"https:\\\/\\\/storage.googleapis.com\\\/cz-shopatoa-img\\\/cz\\\/89ed8a86-1_36294.jpg\",\"width\":600,\"height\":600},{\"@type\":\"BreadcrumbList\",\"@id\":\"https:\\\/\\\/shopatoa.com\\\/cz\\\/pelisek-scruffs-expedition-box-bed-60cm-sedy\\\/#breadcrumb\",\"itemListElement\":[{\"@type\":\"ListItem\",\"position\":1,\"name\":\"Dom\u016f\",\"item\":\"https:\\\/\\\/shopatoa.com\\\/cz\\\/\"},{\"@type\":\"ListItem\",\"position\":2,\"name\":\"Produkty\",\"item\":\"https:\\\/\\\/shopatoa.com\\\/cz\\\/shop\\\/\"},{\"@type\":\"ListItem\",\"position\":3,\"name\":\"Chovatelsk\u00e9 pot\u0159eby\",\"item\":\"https:\\\/\\\/shopatoa.com\\\/cz\\\/chovatelske-potreby-2\\\/\"},{\"@type\":\"ListItem\",\"position\":4,\"name\":\"Pro psy\",\"item\":\"https:\\\/\\\/shopatoa.com\\\/cz\\\/pro-psy-chovatelske-potreby-2\\\/\"},{\"@type\":\"ListItem\",\"position\":5,\"name\":\"Pel\u00ed\u0161ky, boudy a dv\u00ed\u0159ka pro psy\",\"item\":\"https:\\\/\\\/shopatoa.com\\\/cz\\\/pelisky-boudy-a-dvirka-pro-psy\\\/\"},{\"@type\":\"ListItem\",\"position\":6,\"name\":\"Pel\u00ed\u0161ky pro psy\",\"item\":\"https:\\\/\\\/shopatoa.com\\\/cz\\\/pelisky-pro-psy\\\/\"},{\"@type\":\"ListItem\",\"position\":7,\"name\":\"Pel\u00ed\u0161ek Scruffs Expedition Box Bed 60cm \u0161ed\u00fd\"}]},{\"@type\":\"WebSite\",\"@id\":\"https:\\\/\\\/shopatoa.com\\\/cz\\\/#website\",\"url\":\"https:\\\/\\\/shopatoa.com\\\/cz\\\/\",\"name\":\"SHOPATOA\",\"description\":\"\",\"publisher\":{\"@id\":\"https:\\\/\\\/shopatoa.com\\\/cz\\\/#organization\"},\"potentialAction\":[{\"@type\":\"SearchAction\",\"target\":{\"@type\":\"EntryPoint\",\"urlTemplate\":\"https:\\\/\\\/shopatoa.com\\\/cz\\\/?s={search_term_string}\"},\"query-input\":{\"@type\":\"PropertyValueSpecification\",\"valueRequired\":true,\"valueName\":\"search_term_string\"}}],\"inLanguage\":\"cs\"},{\"@type\":\"Organization\",\"@id\":\"https:\\\/\\\/shopatoa.com\\\/cz\\\/#organization\",\"name\":\"SHOPATOA Digital s.r.o.\",\"url\":\"https:\\\/\\\/shopatoa.com\\\/cz\\\/\",\"logo\":{\"@type\":\"ImageObject\",\"inLanguage\":\"cs\",\"@id\":\"https:\\\/\\\/shopatoa.com\\\/cz\\\/#\\\/schema\\\/logo\\\/image\\\/\",\"url\":\"https:\\\/\\\/storage.googleapis.com\\\/cz-shopatoa-img\\\/cz\\\/ebccf434-shopatoa_logo.png\",\"contentUrl\":\"https:\\\/\\\/storage.googleapis.com\\\/cz-shopatoa-img\\\/cz\\\/ebccf434-shopatoa_logo.png\",\"width\":416,\"height\":63,\"caption\":\"SHOPATOA Digital s.r.o.\"},\"image\":{\"@id\":\"https:\\\/\\\/shopatoa.com\\\/cz\\\/#\\\/schema\\\/logo\\\/image\\\/\"}}]}<\/script>\n<!-- \/ Yoast SEO plugin. -->","yoast_head_json":{"title":"Pel\u00ed\u0161ek Scruffs Expedition Box Bed 60cm \u0161ed\u00fd - SHOPATOA.COM","robots":{"index":"index","follow":"follow","max-snippet":"max-snippet:-1","max-image-preview":"max-image-preview:large","max-video-preview":"max-video-preview:-1"},"canonical":"https:\/\/shopatoa.com\/cz\/pelisek-scruffs-expedition-box-bed-60cm-sedy\/","og_locale":"cs_CZ","og_type":"article","og_title":"Pel\u00ed\u0161ek Scruffs Expedition Box Bed 60cm \u0161ed\u00fd - SHOPATOA.COM","og_description":"Vod\u011bodoln\u00fd pel\u00ed\u0161ek z\u00a0odoln\u00e9ho materi\u00e1lu. Odoln\u00e9 pelechy Scruffs\u00aeExpedition jsou\u00a0ide\u00e1ln\u00edm \u0159e\u0161en\u00edm pro aktivn\u00ed psy, kte\u0159\u00ed \u010dasto pob\u00fdvaj\u00ed venku. Vn\u011bj\u0161\u00ed pevn\u00fd\u00a0potah je 100% vod\u011bodoln\u00fd\u00a0a tak jej lze snadno o\u010distit nap\u0159. mokr\u00fdm had\u0159\u00edkem. Pevn\u00e1 v\u00fdpl\u0148 nab\u00edz\u00ed pejskovi\u00a0stabiln\u00ed oporu a pohodln\u00e9 m\u00edsto k odpo\u010dinku. Lze pr\u00e1t v\u00a0pra\u010dce na max. 30 stup\u0148\u016f. Vn\u011bj\u0161\u00ed rozm\u011br 60 x 50 cm","og_url":"https:\/\/shopatoa.com\/cz\/pelisek-scruffs-expedition-box-bed-60cm-sedy\/","og_site_name":"SHOPATOA","article_modified_time":"2025-04-25T23:07:37+00:00","og_image":[{"width":600,"height":600,"url":"https:\/\/storage.googleapis.com\/cz-shopatoa-img\/cz\/89ed8a86-1_36294.jpg","type":"image\/jpeg"}],"twitter_card":"summary_large_image","schema":{"@context":"https:\/\/schema.org","@graph":[{"@type":"WebPage","@id":"https:\/\/shopatoa.com\/cz\/pelisek-scruffs-expedition-box-bed-60cm-sedy\/","url":"https:\/\/shopatoa.com\/cz\/pelisek-scruffs-expedition-box-bed-60cm-sedy\/","name":"Pel\u00ed\u0161ek Scruffs Expedition Box Bed 60cm \u0161ed\u00fd - SHOPATOA.COM","isPartOf":{"@id":"https:\/\/shopatoa.com\/cz\/#website"},"primaryImageOfPage":{"@id":"https:\/\/shopatoa.com\/cz\/pelisek-scruffs-expedition-box-bed-60cm-sedy\/#primaryimage"},"image":{"@id":"https:\/\/shopatoa.com\/cz\/pelisek-scruffs-expedition-box-bed-60cm-sedy\/#primaryimage"},"thumbnailUrl":"https:\/\/storage.googleapis.com\/cz-shopatoa-img\/cz\/89ed8a86-1_36294.jpg","datePublished":"2025-04-02T09:30:20+00:00","dateModified":"2025-04-25T23:07:37+00:00","breadcrumb":{"@id":"https:\/\/shopatoa.com\/cz\/pelisek-scruffs-expedition-box-bed-60cm-sedy\/#breadcrumb"},"inLanguage":"cs","potentialAction":[{"@type":"ReadAction","target":["https:\/\/shopatoa.com\/cz\/pelisek-scruffs-expedition-box-bed-60cm-sedy\/"]}]},{"@type":"ImageObject","inLanguage":"cs","@id":"https:\/\/shopatoa.com\/cz\/pelisek-scruffs-expedition-box-bed-60cm-sedy\/#primaryimage","url":"https:\/\/storage.googleapis.com\/cz-shopatoa-img\/cz\/89ed8a86-1_36294.jpg","contentUrl":"https:\/\/storage.googleapis.com\/cz-shopatoa-img\/cz\/89ed8a86-1_36294.jpg","width":600,"height":600},{"@type":"BreadcrumbList","@id":"https:\/\/shopatoa.com\/cz\/pelisek-scruffs-expedition-box-bed-60cm-sedy\/#breadcrumb","itemListElement":[{"@type":"ListItem","position":1,"name":"Dom\u016f","item":"https:\/\/shopatoa.com\/cz\/"},{"@type":"ListItem","position":2,"name":"Produkty","item":"https:\/\/shopatoa.com\/cz\/shop\/"},{"@type":"ListItem","position":3,"name":"Chovatelsk\u00e9 pot\u0159eby","item":"https:\/\/shopatoa.com\/cz\/chovatelske-potreby-2\/"},{"@type":"ListItem","position":4,"name":"Pro psy","item":"https:\/\/shopatoa.com\/cz\/pro-psy-chovatelske-potreby-2\/"},{"@type":"ListItem","position":5,"name":"Pel\u00ed\u0161ky, boudy a dv\u00ed\u0159ka pro psy","item":"https:\/\/shopatoa.com\/cz\/pelisky-boudy-a-dvirka-pro-psy\/"},{"@type":"ListItem","position":6,"name":"Pel\u00ed\u0161ky pro psy","item":"https:\/\/shopatoa.com\/cz\/pelisky-pro-psy\/"},{"@type":"ListItem","position":7,"name":"Pel\u00ed\u0161ek Scruffs Expedition Box Bed 60cm \u0161ed\u00fd"}]},{"@type":"WebSite","@id":"https:\/\/shopatoa.com\/cz\/#website","url":"https:\/\/shopatoa.com\/cz\/","name":"SHOPATOA","description":"","publisher":{"@id":"https:\/\/shopatoa.com\/cz\/#organization"},"potentialAction":[{"@type":"SearchAction","target":{"@type":"EntryPoint","urlTemplate":"https:\/\/shopatoa.com\/cz\/?s={search_term_string}"},"query-input":{"@type":"PropertyValueSpecification","valueRequired":true,"valueName":"search_term_string"}}],"inLanguage":"cs"},{"@type":"Organization","@id":"https:\/\/shopatoa.com\/cz\/#organization","name":"SHOPATOA Digital s.r.o.","url":"https:\/\/shopatoa.com\/cz\/","logo":{"@type":"ImageObject","inLanguage":"cs","@id":"https:\/\/shopatoa.com\/cz\/#\/schema\/logo\/image\/","url":"https:\/\/storage.googleapis.com\/cz-shopatoa-img\/cz\/ebccf434-shopatoa_logo.png","contentUrl":"https:\/\/storage.googleapis.com\/cz-shopatoa-img\/cz\/ebccf434-shopatoa_logo.png","width":416,"height":63,"caption":"SHOPATOA Digital s.r.o."},"image":{"@id":"https:\/\/shopatoa.com\/cz\/#\/schema\/logo\/image\/"}}]}},"_links":{"self":[{"href":"https:\/\/shopatoa.com\/cz\/wp-json\/wp\/v2\/product\/243467","targetHints":{"allow":["GET"]}}],"collection":[{"href":"https:\/\/shopatoa.com\/cz\/wp-json\/wp\/v2\/product"}],"about":[{"href":"https:\/\/shopatoa.com\/cz\/wp-json\/wp\/v2\/types\/product"}],"replies":[{"embeddable":true,"href":"https:\/\/shopatoa.com\/cz\/wp-json\/wp\/v2\/comments?post=243467"}],"wp:featuredmedia":[{"embeddable":true,"href":"https:\/\/shopatoa.com\/cz\/wp-json\/wp\/v2\/media\/243468"}],"wp:attachment":[{"href":"https:\/\/shopatoa.com\/cz\/wp-json\/wp\/v2\/media?parent=243467"}],"wp:term":[{"taxonomy":"product_brand","embeddable":true,"href":"https:\/\/shopatoa.com\/cz\/wp-json\/wp\/v2\/product_brand?post=243467"},{"taxonomy":"product_cat","embeddable":true,"href":"https:\/\/shopatoa.com\/cz\/wp-json\/wp\/v2\/product_cat?post=243467"},{"taxonomy":"product_tag","embeddable":true,"href":"https:\/\/shopatoa.com\/cz\/wp-json\/wp\/v2\/product_tag?post=243467"}],"curies":[{"name":"wp","href":"https:\/\/api.w.org\/{rel}","templated":true}]}}