{"id":243479,"date":"2025-04-02T11:31:11","date_gmt":"2025-04-02T09:31:11","guid":{"rendered":"https:\/\/shopatoa.com\/cz\/?post_type=product&#038;p=243479"},"modified":"2026-02-02T18:12:20","modified_gmt":"2026-02-02T17:12:20","slug":"brit-animals-rabbit-junior-complete-300g","status":"publish","type":"product","link":"https:\/\/shopatoa.com\/cz\/brit-animals-rabbit-junior-complete-300g\/","title":{"rendered":"BRIT Animals RABBIT JUNIOR Complete 300g"},"content":{"rendered":"<p>Superpr\u00e9miov\u00e9 kompletn\u00ed krmivo pro mlad\u00e9 kr\u00e1l\u00edky od 4 do 20 t\u00fddn\u016f.<\/p>\n<p>Krmivo m\u00e1 vysok\u00fd obsah vl\u00e1kniny nezbytn\u00fd pro spr\u00e1vn\u00e9 tr\u00e1ven\u00ed. Obsahuje ostropest\u0159ec mari\u00e1nsk\u00fd (silybum marianum) na podporu zdrav\u00e9ho tr\u00e1ven\u00ed a metabolismu. Profilem odpov\u00edd\u00e1 p\u0159\u00edrodn\u00ed v\u00fd\u017eiv\u011b. <\/p>\n<p>Krmn\u00fd n\u00e1vod: viz obal. <\/p>\n<p>Slo\u017een\u00ed: vojt\u011b\u0161ka, byliny (kop\u0159iva, pampeli\u0161ka, jitrocel), je\u010dmen, su\u0161en\u00e1 jablka, kuku\u0159ice, p\u0161enice, mrkev, ln\u011bn\u00e9 sem\u00ednko, pivovarsk\u00e9 kvasnice, mannanoligosacharidy (75 mg \/ kg), fruktooligosacharidy (50 mg \/ kg), ostropest\u0159ec mari\u00e1nsk\u00fd (50 mg \/ kg), extrakt z juky schidigera (45 mg \/ kg). <\/p>\n<p>Jakostn\u00ed znaky: proteiny 16%, vlhkost 10%, hrub\u00e9 oleje a tuky 3%, hrub\u00e9 popeloviny 8,5 %, hrub\u00e1 vl\u00e1knina 20%, v\u00e1pn\u00edk 0,7 %, fosfor 0,4 %, sod\u00edk 0,06 %, vitam\u00edn A 10200 m.j.\/ kg, vitam\u00edn D3 1250 m.j.\/ kg, vitam\u00edn E (alfatokoferol) 70 mg \/ kg, vitam\u00edn C 80 mg \/ kg, vitam\u00edn K 0,1 mg \/ kg, vitam\u00edn B1 1 mg \/ kg, vitam\u00edn B2 2 mg \/ kg, vitam\u00edn B3 6 mg \/ kg, vitam\u00edn B5 3,5 mg \/ kg, vitam\u00edn B6 1 mg \/ kg, vitam\u00edn B9&#8230;<\/p>\n","protected":false},"excerpt":{"rendered":"<p>Superpr\u00e9miov\u00e9 kompletn\u00ed krmivo pro mlad\u00e9 kr\u00e1l\u00edky od 4 do 20 t\u00fddn\u016f. Krmivo m\u00e1 vysok\u00fd obsah vl\u00e1kniny nezbytn\u00fd pro spr\u00e1vn\u00e9 tr\u00e1ven\u00ed. Obsahuje ostropest\u0159ec mari\u00e1nsk\u00fd (silybum marianum) na podporu zdrav\u00e9ho tr\u00e1ven\u00ed a metabolismu. Profilem odpov\u00edd\u00e1 p\u0159\u00edrodn\u00ed v\u00fd\u017eiv\u011b. Krmn\u00fd n\u00e1vod: viz obal. Slo\u017een\u00ed: vojt\u011b\u0161ka, byliny (kop\u0159iva, pampeli\u0161ka, jitrocel), je\u010dmen, su\u0161en\u00e1 jablka, kuku\u0159ice, p\u0161enice, mrkev, ln\u011bn\u00e9 sem\u00ednko, pivovarsk\u00e9 kvasnice,&#8230;<\/p>\n","protected":false},"featured_media":243480,"comment_status":"closed","ping_status":"open","template":"","meta":{"_acf_changed":false,"_kadence_starter_templates_imported_post":false,"_kad_post_transparent":"","_kad_post_title":"","_kad_post_layout":"","_kad_post_sidebar_id":"","_kad_post_content_style":"","_kad_post_vertical_padding":"","_kad_post_feature":"","_kad_post_feature_position":"","_kad_post_header":false,"_kad_post_footer":false,"_kad_post_classname":""},"product_brand":[2674],"product_cat":[349,348],"product_tag":[],"class_list":{"0":"post-243479","1":"product","2":"type-product","3":"status-publish","4":"has-post-thumbnail","6":"product_brand-brit-animals","7":"product_cat-leky-a-doplnky-stravy","8":"product_cat-zdravi","9":"pa_obchod-superzoo-cz","11":"first","12":"instock","13":"product-type-external","14":"entry","15":"content-bg","16":"loop-entry"},"acf":[],"yoast_head":"<!-- This site is optimized with the Yoast SEO plugin v27.3 - https:\/\/yoast.com\/product\/yoast-seo-wordpress\/ -->\n<title>BRIT Animals RABBIT JUNIOR Complete 300g - SHOPATOA.COM<\/title>\n<meta name=\"robots\" content=\"index, follow, max-snippet:-1, max-image-preview:large, max-video-preview:-1\" \/>\n<link rel=\"canonical\" href=\"https:\/\/shopatoa.com\/cz\/brit-animals-rabbit-junior-complete-300g\/\" \/>\n<meta property=\"og:locale\" content=\"cs_CZ\" \/>\n<meta property=\"og:type\" content=\"article\" \/>\n<meta property=\"og:title\" content=\"BRIT Animals RABBIT JUNIOR Complete 300g - SHOPATOA.COM\" \/>\n<meta property=\"og:description\" content=\"Superpr\u00e9miov\u00e9 kompletn\u00ed krmivo pro mlad\u00e9 kr\u00e1l\u00edky od 4 do 20 t\u00fddn\u016f. Krmivo m\u00e1 vysok\u00fd obsah vl\u00e1kniny nezbytn\u00fd pro spr\u00e1vn\u00e9 tr\u00e1ven\u00ed. Obsahuje ostropest\u0159ec mari\u00e1nsk\u00fd (silybum marianum) na podporu zdrav\u00e9ho tr\u00e1ven\u00ed a metabolismu. Profilem odpov\u00edd\u00e1 p\u0159\u00edrodn\u00ed v\u00fd\u017eiv\u011b. Krmn\u00fd n\u00e1vod: viz obal. Slo\u017een\u00ed: vojt\u011b\u0161ka, byliny (kop\u0159iva, pampeli\u0161ka, jitrocel), je\u010dmen, su\u0161en\u00e1 jablka, kuku\u0159ice, p\u0161enice, mrkev, ln\u011bn\u00e9 sem\u00ednko, pivovarsk\u00e9 kvasnice,...\" \/>\n<meta property=\"og:url\" content=\"https:\/\/shopatoa.com\/cz\/brit-animals-rabbit-junior-complete-300g\/\" \/>\n<meta property=\"og:site_name\" content=\"SHOPATOA\" \/>\n<meta property=\"article:modified_time\" content=\"2026-02-02T17:12:20+00:00\" \/>\n<meta property=\"og:image\" content=\"https:\/\/storage.googleapis.com\/cz-shopatoa-img\/cz\/54b71f7c-1_93605.jpg\" \/>\n\t<meta property=\"og:image:width\" content=\"600\" \/>\n\t<meta property=\"og:image:height\" content=\"600\" \/>\n\t<meta property=\"og:image:type\" content=\"image\/jpeg\" \/>\n<meta name=\"twitter:card\" content=\"summary_large_image\" \/>\n<meta name=\"twitter:label1\" content=\"Odhadovan\u00e1 doba \u010dten\u00ed\" \/>\n\t<meta name=\"twitter:data1\" content=\"1 minuta\" \/>\n<script type=\"application\/ld+json\" class=\"yoast-schema-graph\">{\"@context\":\"https:\\\/\\\/schema.org\",\"@graph\":[{\"@type\":\"WebPage\",\"@id\":\"https:\\\/\\\/shopatoa.com\\\/cz\\\/brit-animals-rabbit-junior-complete-300g\\\/\",\"url\":\"https:\\\/\\\/shopatoa.com\\\/cz\\\/brit-animals-rabbit-junior-complete-300g\\\/\",\"name\":\"BRIT Animals RABBIT JUNIOR Complete 300g - SHOPATOA.COM\",\"isPartOf\":{\"@id\":\"https:\\\/\\\/shopatoa.com\\\/cz\\\/#website\"},\"primaryImageOfPage\":{\"@id\":\"https:\\\/\\\/shopatoa.com\\\/cz\\\/brit-animals-rabbit-junior-complete-300g\\\/#primaryimage\"},\"image\":{\"@id\":\"https:\\\/\\\/shopatoa.com\\\/cz\\\/brit-animals-rabbit-junior-complete-300g\\\/#primaryimage\"},\"thumbnailUrl\":\"https:\\\/\\\/storage.googleapis.com\\\/cz-shopatoa-img\\\/cz\\\/54b71f7c-1_93605.jpg\",\"datePublished\":\"2025-04-02T09:31:11+00:00\",\"dateModified\":\"2026-02-02T17:12:20+00:00\",\"breadcrumb\":{\"@id\":\"https:\\\/\\\/shopatoa.com\\\/cz\\\/brit-animals-rabbit-junior-complete-300g\\\/#breadcrumb\"},\"inLanguage\":\"cs\",\"potentialAction\":[{\"@type\":\"ReadAction\",\"target\":[\"https:\\\/\\\/shopatoa.com\\\/cz\\\/brit-animals-rabbit-junior-complete-300g\\\/\"]}]},{\"@type\":\"ImageObject\",\"inLanguage\":\"cs\",\"@id\":\"https:\\\/\\\/shopatoa.com\\\/cz\\\/brit-animals-rabbit-junior-complete-300g\\\/#primaryimage\",\"url\":\"https:\\\/\\\/storage.googleapis.com\\\/cz-shopatoa-img\\\/cz\\\/54b71f7c-1_93605.jpg\",\"contentUrl\":\"https:\\\/\\\/storage.googleapis.com\\\/cz-shopatoa-img\\\/cz\\\/54b71f7c-1_93605.jpg\",\"width\":600,\"height\":600},{\"@type\":\"BreadcrumbList\",\"@id\":\"https:\\\/\\\/shopatoa.com\\\/cz\\\/brit-animals-rabbit-junior-complete-300g\\\/#breadcrumb\",\"itemListElement\":[{\"@type\":\"ListItem\",\"position\":1,\"name\":\"Dom\u016f\",\"item\":\"https:\\\/\\\/shopatoa.com\\\/cz\\\/\"},{\"@type\":\"ListItem\",\"position\":2,\"name\":\"Produkty\",\"item\":\"https:\\\/\\\/shopatoa.com\\\/cz\\\/shop\\\/\"},{\"@type\":\"ListItem\",\"position\":3,\"name\":\"Zdrav\u00ed\",\"item\":\"https:\\\/\\\/shopatoa.com\\\/cz\\\/zdravi\\\/\"},{\"@type\":\"ListItem\",\"position\":4,\"name\":\"L\u00e9ky a dopl\u0148ky stravy\",\"item\":\"https:\\\/\\\/shopatoa.com\\\/cz\\\/leky-a-doplnky-stravy\\\/\"},{\"@type\":\"ListItem\",\"position\":5,\"name\":\"BRIT Animals RABBIT JUNIOR Complete 300g\"}]},{\"@type\":\"WebSite\",\"@id\":\"https:\\\/\\\/shopatoa.com\\\/cz\\\/#website\",\"url\":\"https:\\\/\\\/shopatoa.com\\\/cz\\\/\",\"name\":\"SHOPATOA\",\"description\":\"\",\"publisher\":{\"@id\":\"https:\\\/\\\/shopatoa.com\\\/cz\\\/#organization\"},\"potentialAction\":[{\"@type\":\"SearchAction\",\"target\":{\"@type\":\"EntryPoint\",\"urlTemplate\":\"https:\\\/\\\/shopatoa.com\\\/cz\\\/?s={search_term_string}\"},\"query-input\":{\"@type\":\"PropertyValueSpecification\",\"valueRequired\":true,\"valueName\":\"search_term_string\"}}],\"inLanguage\":\"cs\"},{\"@type\":\"Organization\",\"@id\":\"https:\\\/\\\/shopatoa.com\\\/cz\\\/#organization\",\"name\":\"SHOPATOA Digital s.r.o.\",\"url\":\"https:\\\/\\\/shopatoa.com\\\/cz\\\/\",\"logo\":{\"@type\":\"ImageObject\",\"inLanguage\":\"cs\",\"@id\":\"https:\\\/\\\/shopatoa.com\\\/cz\\\/#\\\/schema\\\/logo\\\/image\\\/\",\"url\":\"https:\\\/\\\/storage.googleapis.com\\\/cz-shopatoa-img\\\/cz\\\/ebccf434-shopatoa_logo.png\",\"contentUrl\":\"https:\\\/\\\/storage.googleapis.com\\\/cz-shopatoa-img\\\/cz\\\/ebccf434-shopatoa_logo.png\",\"width\":416,\"height\":63,\"caption\":\"SHOPATOA Digital s.r.o.\"},\"image\":{\"@id\":\"https:\\\/\\\/shopatoa.com\\\/cz\\\/#\\\/schema\\\/logo\\\/image\\\/\"}}]}<\/script>\n<!-- \/ Yoast SEO plugin. -->","yoast_head_json":{"title":"BRIT Animals RABBIT JUNIOR Complete 300g - SHOPATOA.COM","robots":{"index":"index","follow":"follow","max-snippet":"max-snippet:-1","max-image-preview":"max-image-preview:large","max-video-preview":"max-video-preview:-1"},"canonical":"https:\/\/shopatoa.com\/cz\/brit-animals-rabbit-junior-complete-300g\/","og_locale":"cs_CZ","og_type":"article","og_title":"BRIT Animals RABBIT JUNIOR Complete 300g - SHOPATOA.COM","og_description":"Superpr\u00e9miov\u00e9 kompletn\u00ed krmivo pro mlad\u00e9 kr\u00e1l\u00edky od 4 do 20 t\u00fddn\u016f. Krmivo m\u00e1 vysok\u00fd obsah vl\u00e1kniny nezbytn\u00fd pro spr\u00e1vn\u00e9 tr\u00e1ven\u00ed. Obsahuje ostropest\u0159ec mari\u00e1nsk\u00fd (silybum marianum) na podporu zdrav\u00e9ho tr\u00e1ven\u00ed a metabolismu. Profilem odpov\u00edd\u00e1 p\u0159\u00edrodn\u00ed v\u00fd\u017eiv\u011b. Krmn\u00fd n\u00e1vod: viz obal. Slo\u017een\u00ed: vojt\u011b\u0161ka, byliny (kop\u0159iva, pampeli\u0161ka, jitrocel), je\u010dmen, su\u0161en\u00e1 jablka, kuku\u0159ice, p\u0161enice, mrkev, ln\u011bn\u00e9 sem\u00ednko, pivovarsk\u00e9 kvasnice,...","og_url":"https:\/\/shopatoa.com\/cz\/brit-animals-rabbit-junior-complete-300g\/","og_site_name":"SHOPATOA","article_modified_time":"2026-02-02T17:12:20+00:00","og_image":[{"width":600,"height":600,"url":"https:\/\/storage.googleapis.com\/cz-shopatoa-img\/cz\/54b71f7c-1_93605.jpg","type":"image\/jpeg"}],"twitter_card":"summary_large_image","twitter_misc":{"Odhadovan\u00e1 doba \u010dten\u00ed":"1 minuta"},"schema":{"@context":"https:\/\/schema.org","@graph":[{"@type":"WebPage","@id":"https:\/\/shopatoa.com\/cz\/brit-animals-rabbit-junior-complete-300g\/","url":"https:\/\/shopatoa.com\/cz\/brit-animals-rabbit-junior-complete-300g\/","name":"BRIT Animals RABBIT JUNIOR Complete 300g - SHOPATOA.COM","isPartOf":{"@id":"https:\/\/shopatoa.com\/cz\/#website"},"primaryImageOfPage":{"@id":"https:\/\/shopatoa.com\/cz\/brit-animals-rabbit-junior-complete-300g\/#primaryimage"},"image":{"@id":"https:\/\/shopatoa.com\/cz\/brit-animals-rabbit-junior-complete-300g\/#primaryimage"},"thumbnailUrl":"https:\/\/storage.googleapis.com\/cz-shopatoa-img\/cz\/54b71f7c-1_93605.jpg","datePublished":"2025-04-02T09:31:11+00:00","dateModified":"2026-02-02T17:12:20+00:00","breadcrumb":{"@id":"https:\/\/shopatoa.com\/cz\/brit-animals-rabbit-junior-complete-300g\/#breadcrumb"},"inLanguage":"cs","potentialAction":[{"@type":"ReadAction","target":["https:\/\/shopatoa.com\/cz\/brit-animals-rabbit-junior-complete-300g\/"]}]},{"@type":"ImageObject","inLanguage":"cs","@id":"https:\/\/shopatoa.com\/cz\/brit-animals-rabbit-junior-complete-300g\/#primaryimage","url":"https:\/\/storage.googleapis.com\/cz-shopatoa-img\/cz\/54b71f7c-1_93605.jpg","contentUrl":"https:\/\/storage.googleapis.com\/cz-shopatoa-img\/cz\/54b71f7c-1_93605.jpg","width":600,"height":600},{"@type":"BreadcrumbList","@id":"https:\/\/shopatoa.com\/cz\/brit-animals-rabbit-junior-complete-300g\/#breadcrumb","itemListElement":[{"@type":"ListItem","position":1,"name":"Dom\u016f","item":"https:\/\/shopatoa.com\/cz\/"},{"@type":"ListItem","position":2,"name":"Produkty","item":"https:\/\/shopatoa.com\/cz\/shop\/"},{"@type":"ListItem","position":3,"name":"Zdrav\u00ed","item":"https:\/\/shopatoa.com\/cz\/zdravi\/"},{"@type":"ListItem","position":4,"name":"L\u00e9ky a dopl\u0148ky stravy","item":"https:\/\/shopatoa.com\/cz\/leky-a-doplnky-stravy\/"},{"@type":"ListItem","position":5,"name":"BRIT Animals RABBIT JUNIOR Complete 300g"}]},{"@type":"WebSite","@id":"https:\/\/shopatoa.com\/cz\/#website","url":"https:\/\/shopatoa.com\/cz\/","name":"SHOPATOA","description":"","publisher":{"@id":"https:\/\/shopatoa.com\/cz\/#organization"},"potentialAction":[{"@type":"SearchAction","target":{"@type":"EntryPoint","urlTemplate":"https:\/\/shopatoa.com\/cz\/?s={search_term_string}"},"query-input":{"@type":"PropertyValueSpecification","valueRequired":true,"valueName":"search_term_string"}}],"inLanguage":"cs"},{"@type":"Organization","@id":"https:\/\/shopatoa.com\/cz\/#organization","name":"SHOPATOA Digital s.r.o.","url":"https:\/\/shopatoa.com\/cz\/","logo":{"@type":"ImageObject","inLanguage":"cs","@id":"https:\/\/shopatoa.com\/cz\/#\/schema\/logo\/image\/","url":"https:\/\/storage.googleapis.com\/cz-shopatoa-img\/cz\/ebccf434-shopatoa_logo.png","contentUrl":"https:\/\/storage.googleapis.com\/cz-shopatoa-img\/cz\/ebccf434-shopatoa_logo.png","width":416,"height":63,"caption":"SHOPATOA Digital s.r.o."},"image":{"@id":"https:\/\/shopatoa.com\/cz\/#\/schema\/logo\/image\/"}}]}},"_links":{"self":[{"href":"https:\/\/shopatoa.com\/cz\/wp-json\/wp\/v2\/product\/243479","targetHints":{"allow":["GET"]}}],"collection":[{"href":"https:\/\/shopatoa.com\/cz\/wp-json\/wp\/v2\/product"}],"about":[{"href":"https:\/\/shopatoa.com\/cz\/wp-json\/wp\/v2\/types\/product"}],"replies":[{"embeddable":true,"href":"https:\/\/shopatoa.com\/cz\/wp-json\/wp\/v2\/comments?post=243479"}],"wp:featuredmedia":[{"embeddable":true,"href":"https:\/\/shopatoa.com\/cz\/wp-json\/wp\/v2\/media\/243480"}],"wp:attachment":[{"href":"https:\/\/shopatoa.com\/cz\/wp-json\/wp\/v2\/media?parent=243479"}],"wp:term":[{"taxonomy":"product_brand","embeddable":true,"href":"https:\/\/shopatoa.com\/cz\/wp-json\/wp\/v2\/product_brand?post=243479"},{"taxonomy":"product_cat","embeddable":true,"href":"https:\/\/shopatoa.com\/cz\/wp-json\/wp\/v2\/product_cat?post=243479"},{"taxonomy":"product_tag","embeddable":true,"href":"https:\/\/shopatoa.com\/cz\/wp-json\/wp\/v2\/product_tag?post=243479"}],"curies":[{"name":"wp","href":"https:\/\/api.w.org\/{rel}","templated":true}]}}