{"id":243519,"date":"2025-04-02T11:40:04","date_gmt":"2025-04-02T09:40:04","guid":{"rendered":"https:\/\/shopatoa.com\/cz\/?post_type=product&#038;p=243519"},"modified":"2026-02-01T19:19:26","modified_gmt":"2026-02-01T18:19:26","slug":"brit-premium-cat-salmon-100g","status":"publish","type":"product","link":"https:\/\/shopatoa.com\/cz\/brit-premium-cat-salmon-100g\/","title":{"rendered":"BRIT Premium Cat Salmon 100g"},"content":{"rendered":"<p>Skv\u011bl\u00e9 masov\u00e9 kapsi\u010dky Brit Premium pro dosp\u011bl\u00e9 ko\u010dky.<\/p>\n<p>V\u00fdb\u011br chut\u00ed respektuje p\u0159irozen\u00e9 preference ko\u010dek i jejich nutri\u010dn\u00ed pot\u0159eby z hlediska f\u00e1ze v\u011bku \u010di speci\u00e1ln\u00ed v\u00fd\u017eivy. Delik\u00e1tn\u00ed \u0161\u0165\u00e1va podtrhuje chu\u0165 masov\u00fdch kousk\u016f a dod\u00e1 ko\u010dce pot\u0159ebn\u00e9 tekutiny. Kapsi\u010dky jsou p\u0159ipravov\u00e1ny unikt\u00e1n\u00ed \u0161etrnou metodou va\u0159en\u00ed v p\u00e1\u0159e pro zachov\u00e1n\u00ed origin\u00e1ln\u00ed chuti a jedine\u010dn\u00e9 v\u016fn\u011b masa.<\/p>\n<p>ANALYTICK\u00c9 SLO\u017dKY:\u00a0protein 8,5 %, tuk 4,5 %, vlhkost 82 %, hrub\u00fd popel 2,5 %, vl\u00e1knina 0,4 %,<\/p>\n<p>NUTRI\u010cN\u00cd SLO\u017dKY:\u00a0vitam\u00edn D3 250 IU, vitam\u00edn E (alfatokoferol) 100 mg, E6 zinek (v\u010detn\u011b organick\u00e9 slo\u017eky) 10 mg, E5 mangan 2 mg, E2 j\u00f3d 0,7 mg, E4 m\u011b\u010f 0,2 mg, biotin 0,1 mg, taurin 450 mg,<\/p>\n<p>Brit je \u010desk\u00fd v\u00fdrobce zab\u00fdvaj\u00edc\u00ed se v\u00fdrobou, v\u00fdvojem a distribuc\u00ed krmiv od roku 1994. Krmiva zna\u010dky Brit se vyv\u00e1\u017e\u00ed do 55 zem\u00ed Evropy a sv\u011bta. V\u00fdvoj krmiv Brit prob\u00edh\u00e1 na z\u00e1klad\u011b dlouholet\u00e9 zku\u0161enosti a znalosti zdrav\u00e9 v\u00fd\u017eivy ps\u016f a ko\u010dek s maxim\u00e1ln\u00edm ohledem na jejich zdrav\u00ed a prosp\u011bch. Profesion\u00e1lov\u00e9, kte\u0159\u00ed zodpov\u00eddaj\u00ed za&#8230;<\/p>\n","protected":false},"excerpt":{"rendered":"<p>Skv\u011bl\u00e9 masov\u00e9 kapsi\u010dky Brit Premium pro dosp\u011bl\u00e9 ko\u010dky. V\u00fdb\u011br chut\u00ed respektuje p\u0159irozen\u00e9 preference ko\u010dek i jejich nutri\u010dn\u00ed pot\u0159eby z hlediska f\u00e1ze v\u011bku \u010di speci\u00e1ln\u00ed v\u00fd\u017eivy. Delik\u00e1tn\u00ed \u0161\u0165\u00e1va podtrhuje chu\u0165 masov\u00fdch kousk\u016f a dod\u00e1 ko\u010dce pot\u0159ebn\u00e9 tekutiny. Kapsi\u010dky jsou p\u0159ipravov\u00e1ny unikt\u00e1n\u00ed \u0161etrnou metodou va\u0159en\u00ed v p\u00e1\u0159e pro zachov\u00e1n\u00ed origin\u00e1ln\u00ed chuti a jedine\u010dn\u00e9 v\u016fn\u011b masa. ANALYTICK\u00c9 SLO\u017dKY:\u00a0protein&#8230;<\/p>\n","protected":false},"featured_media":243520,"comment_status":"closed","ping_status":"open","template":"","meta":{"_acf_changed":false,"_kadence_starter_templates_imported_post":false,"_kad_post_transparent":"","_kad_post_title":"","_kad_post_layout":"","_kad_post_sidebar_id":"","_kad_post_content_style":"","_kad_post_vertical_padding":"","_kad_post_feature":"","_kad_post_feature_position":"","_kad_post_header":false,"_kad_post_footer":false,"_kad_post_classname":""},"product_brand":[2586],"product_cat":[436,2575,1465,1464],"product_tag":[],"class_list":{"0":"post-243519","1":"product","2":"type-product","3":"status-publish","4":"has-post-thumbnail","6":"product_brand-brit-premium","7":"product_cat-chovatelske-potreby-2","8":"product_cat-konzervy-pro-kocky","9":"product_cat-krmivo-pro-kocky-pro-kocky-chovatelske-potreby-2","10":"product_cat-pro-kocky-chovatelske-potreby-2","11":"pa_obchod-superzoo-cz","13":"first","14":"instock","15":"product-type-external","16":"entry","17":"content-bg","18":"loop-entry"},"acf":[],"yoast_head":"<!-- This site is optimized with the Yoast SEO plugin v27.4 - https:\/\/yoast.com\/product\/yoast-seo-wordpress\/ -->\n<title>BRIT Premium Cat Salmon 100g - SHOPATOA.COM<\/title>\n<meta name=\"robots\" content=\"index, follow, max-snippet:-1, max-image-preview:large, max-video-preview:-1\" \/>\n<link rel=\"canonical\" href=\"https:\/\/shopatoa.com\/cz\/brit-premium-cat-salmon-100g\/\" \/>\n<meta property=\"og:locale\" content=\"cs_CZ\" \/>\n<meta property=\"og:type\" content=\"article\" \/>\n<meta property=\"og:title\" content=\"BRIT Premium Cat Salmon 100g - SHOPATOA.COM\" \/>\n<meta property=\"og:description\" content=\"Skv\u011bl\u00e9 masov\u00e9 kapsi\u010dky Brit Premium pro dosp\u011bl\u00e9 ko\u010dky. V\u00fdb\u011br chut\u00ed respektuje p\u0159irozen\u00e9 preference ko\u010dek i jejich nutri\u010dn\u00ed pot\u0159eby z hlediska f\u00e1ze v\u011bku \u010di speci\u00e1ln\u00ed v\u00fd\u017eivy. Delik\u00e1tn\u00ed \u0161\u0165\u00e1va podtrhuje chu\u0165 masov\u00fdch kousk\u016f a dod\u00e1 ko\u010dce pot\u0159ebn\u00e9 tekutiny. Kapsi\u010dky jsou p\u0159ipravov\u00e1ny unikt\u00e1n\u00ed \u0161etrnou metodou va\u0159en\u00ed v p\u00e1\u0159e pro zachov\u00e1n\u00ed origin\u00e1ln\u00ed chuti a jedine\u010dn\u00e9 v\u016fn\u011b masa. ANALYTICK\u00c9 SLO\u017dKY:\u00a0protein...\" \/>\n<meta property=\"og:url\" content=\"https:\/\/shopatoa.com\/cz\/brit-premium-cat-salmon-100g\/\" \/>\n<meta property=\"og:site_name\" content=\"SHOPATOA\" \/>\n<meta property=\"article:modified_time\" content=\"2026-02-01T18:19:26+00:00\" \/>\n<meta property=\"og:image\" content=\"https:\/\/storage.googleapis.com\/cz-shopatoa-img\/cz\/f54fa3e5-1_93499.jpg\" \/>\n\t<meta property=\"og:image:width\" content=\"600\" \/>\n\t<meta property=\"og:image:height\" content=\"600\" \/>\n\t<meta property=\"og:image:type\" content=\"image\/jpeg\" \/>\n<meta name=\"twitter:card\" content=\"summary_large_image\" \/>\n<meta name=\"twitter:label1\" content=\"Odhadovan\u00e1 doba \u010dten\u00ed\" \/>\n\t<meta name=\"twitter:data1\" content=\"1 minuta\" \/>\n<script type=\"application\/ld+json\" class=\"yoast-schema-graph\">{\"@context\":\"https:\\\/\\\/schema.org\",\"@graph\":[{\"@type\":\"WebPage\",\"@id\":\"https:\\\/\\\/shopatoa.com\\\/cz\\\/brit-premium-cat-salmon-100g\\\/\",\"url\":\"https:\\\/\\\/shopatoa.com\\\/cz\\\/brit-premium-cat-salmon-100g\\\/\",\"name\":\"BRIT Premium Cat Salmon 100g - SHOPATOA.COM\",\"isPartOf\":{\"@id\":\"https:\\\/\\\/shopatoa.com\\\/cz\\\/#website\"},\"primaryImageOfPage\":{\"@id\":\"https:\\\/\\\/shopatoa.com\\\/cz\\\/brit-premium-cat-salmon-100g\\\/#primaryimage\"},\"image\":{\"@id\":\"https:\\\/\\\/shopatoa.com\\\/cz\\\/brit-premium-cat-salmon-100g\\\/#primaryimage\"},\"thumbnailUrl\":\"https:\\\/\\\/storage.googleapis.com\\\/cz-shopatoa-img\\\/cz\\\/f54fa3e5-1_93499.jpg\",\"datePublished\":\"2025-04-02T09:40:04+00:00\",\"dateModified\":\"2026-02-01T18:19:26+00:00\",\"breadcrumb\":{\"@id\":\"https:\\\/\\\/shopatoa.com\\\/cz\\\/brit-premium-cat-salmon-100g\\\/#breadcrumb\"},\"inLanguage\":\"cs\",\"potentialAction\":[{\"@type\":\"ReadAction\",\"target\":[\"https:\\\/\\\/shopatoa.com\\\/cz\\\/brit-premium-cat-salmon-100g\\\/\"]}]},{\"@type\":\"ImageObject\",\"inLanguage\":\"cs\",\"@id\":\"https:\\\/\\\/shopatoa.com\\\/cz\\\/brit-premium-cat-salmon-100g\\\/#primaryimage\",\"url\":\"https:\\\/\\\/storage.googleapis.com\\\/cz-shopatoa-img\\\/cz\\\/f54fa3e5-1_93499.jpg\",\"contentUrl\":\"https:\\\/\\\/storage.googleapis.com\\\/cz-shopatoa-img\\\/cz\\\/f54fa3e5-1_93499.jpg\",\"width\":600,\"height\":600},{\"@type\":\"BreadcrumbList\",\"@id\":\"https:\\\/\\\/shopatoa.com\\\/cz\\\/brit-premium-cat-salmon-100g\\\/#breadcrumb\",\"itemListElement\":[{\"@type\":\"ListItem\",\"position\":1,\"name\":\"Dom\u016f\",\"item\":\"https:\\\/\\\/shopatoa.com\\\/cz\\\/\"},{\"@type\":\"ListItem\",\"position\":2,\"name\":\"Produkty\",\"item\":\"https:\\\/\\\/shopatoa.com\\\/cz\\\/shop\\\/\"},{\"@type\":\"ListItem\",\"position\":3,\"name\":\"Chovatelsk\u00e9 pot\u0159eby\",\"item\":\"https:\\\/\\\/shopatoa.com\\\/cz\\\/chovatelske-potreby-2\\\/\"},{\"@type\":\"ListItem\",\"position\":4,\"name\":\"Pro ko\u010dky\",\"item\":\"https:\\\/\\\/shopatoa.com\\\/cz\\\/pro-kocky-chovatelske-potreby-2\\\/\"},{\"@type\":\"ListItem\",\"position\":5,\"name\":\"Krmivo pro ko\u010dky\",\"item\":\"https:\\\/\\\/shopatoa.com\\\/cz\\\/krmivo-pro-kocky-pro-kocky-chovatelske-potreby-2\\\/\"},{\"@type\":\"ListItem\",\"position\":6,\"name\":\"Konzervy pro ko\u010dky\",\"item\":\"https:\\\/\\\/shopatoa.com\\\/cz\\\/konzervy-pro-kocky\\\/\"},{\"@type\":\"ListItem\",\"position\":7,\"name\":\"BRIT Premium Cat Salmon 100g\"}]},{\"@type\":\"WebSite\",\"@id\":\"https:\\\/\\\/shopatoa.com\\\/cz\\\/#website\",\"url\":\"https:\\\/\\\/shopatoa.com\\\/cz\\\/\",\"name\":\"SHOPATOA\",\"description\":\"\",\"publisher\":{\"@id\":\"https:\\\/\\\/shopatoa.com\\\/cz\\\/#organization\"},\"potentialAction\":[{\"@type\":\"SearchAction\",\"target\":{\"@type\":\"EntryPoint\",\"urlTemplate\":\"https:\\\/\\\/shopatoa.com\\\/cz\\\/?s={search_term_string}\"},\"query-input\":{\"@type\":\"PropertyValueSpecification\",\"valueRequired\":true,\"valueName\":\"search_term_string\"}}],\"inLanguage\":\"cs\"},{\"@type\":\"Organization\",\"@id\":\"https:\\\/\\\/shopatoa.com\\\/cz\\\/#organization\",\"name\":\"SHOPATOA Digital s.r.o.\",\"url\":\"https:\\\/\\\/shopatoa.com\\\/cz\\\/\",\"logo\":{\"@type\":\"ImageObject\",\"inLanguage\":\"cs\",\"@id\":\"https:\\\/\\\/shopatoa.com\\\/cz\\\/#\\\/schema\\\/logo\\\/image\\\/\",\"url\":\"https:\\\/\\\/storage.googleapis.com\\\/cz-shopatoa-img\\\/cz\\\/ebccf434-shopatoa_logo.png\",\"contentUrl\":\"https:\\\/\\\/storage.googleapis.com\\\/cz-shopatoa-img\\\/cz\\\/ebccf434-shopatoa_logo.png\",\"width\":416,\"height\":63,\"caption\":\"SHOPATOA Digital s.r.o.\"},\"image\":{\"@id\":\"https:\\\/\\\/shopatoa.com\\\/cz\\\/#\\\/schema\\\/logo\\\/image\\\/\"}}]}<\/script>\n<!-- \/ Yoast SEO plugin. -->","yoast_head_json":{"title":"BRIT Premium Cat Salmon 100g - SHOPATOA.COM","robots":{"index":"index","follow":"follow","max-snippet":"max-snippet:-1","max-image-preview":"max-image-preview:large","max-video-preview":"max-video-preview:-1"},"canonical":"https:\/\/shopatoa.com\/cz\/brit-premium-cat-salmon-100g\/","og_locale":"cs_CZ","og_type":"article","og_title":"BRIT Premium Cat Salmon 100g - SHOPATOA.COM","og_description":"Skv\u011bl\u00e9 masov\u00e9 kapsi\u010dky Brit Premium pro dosp\u011bl\u00e9 ko\u010dky. V\u00fdb\u011br chut\u00ed respektuje p\u0159irozen\u00e9 preference ko\u010dek i jejich nutri\u010dn\u00ed pot\u0159eby z hlediska f\u00e1ze v\u011bku \u010di speci\u00e1ln\u00ed v\u00fd\u017eivy. Delik\u00e1tn\u00ed \u0161\u0165\u00e1va podtrhuje chu\u0165 masov\u00fdch kousk\u016f a dod\u00e1 ko\u010dce pot\u0159ebn\u00e9 tekutiny. Kapsi\u010dky jsou p\u0159ipravov\u00e1ny unikt\u00e1n\u00ed \u0161etrnou metodou va\u0159en\u00ed v p\u00e1\u0159e pro zachov\u00e1n\u00ed origin\u00e1ln\u00ed chuti a jedine\u010dn\u00e9 v\u016fn\u011b masa. ANALYTICK\u00c9 SLO\u017dKY:\u00a0protein...","og_url":"https:\/\/shopatoa.com\/cz\/brit-premium-cat-salmon-100g\/","og_site_name":"SHOPATOA","article_modified_time":"2026-02-01T18:19:26+00:00","og_image":[{"width":600,"height":600,"url":"https:\/\/storage.googleapis.com\/cz-shopatoa-img\/cz\/f54fa3e5-1_93499.jpg","type":"image\/jpeg"}],"twitter_card":"summary_large_image","twitter_misc":{"Odhadovan\u00e1 doba \u010dten\u00ed":"1 minuta"},"schema":{"@context":"https:\/\/schema.org","@graph":[{"@type":"WebPage","@id":"https:\/\/shopatoa.com\/cz\/brit-premium-cat-salmon-100g\/","url":"https:\/\/shopatoa.com\/cz\/brit-premium-cat-salmon-100g\/","name":"BRIT Premium Cat Salmon 100g - SHOPATOA.COM","isPartOf":{"@id":"https:\/\/shopatoa.com\/cz\/#website"},"primaryImageOfPage":{"@id":"https:\/\/shopatoa.com\/cz\/brit-premium-cat-salmon-100g\/#primaryimage"},"image":{"@id":"https:\/\/shopatoa.com\/cz\/brit-premium-cat-salmon-100g\/#primaryimage"},"thumbnailUrl":"https:\/\/storage.googleapis.com\/cz-shopatoa-img\/cz\/f54fa3e5-1_93499.jpg","datePublished":"2025-04-02T09:40:04+00:00","dateModified":"2026-02-01T18:19:26+00:00","breadcrumb":{"@id":"https:\/\/shopatoa.com\/cz\/brit-premium-cat-salmon-100g\/#breadcrumb"},"inLanguage":"cs","potentialAction":[{"@type":"ReadAction","target":["https:\/\/shopatoa.com\/cz\/brit-premium-cat-salmon-100g\/"]}]},{"@type":"ImageObject","inLanguage":"cs","@id":"https:\/\/shopatoa.com\/cz\/brit-premium-cat-salmon-100g\/#primaryimage","url":"https:\/\/storage.googleapis.com\/cz-shopatoa-img\/cz\/f54fa3e5-1_93499.jpg","contentUrl":"https:\/\/storage.googleapis.com\/cz-shopatoa-img\/cz\/f54fa3e5-1_93499.jpg","width":600,"height":600},{"@type":"BreadcrumbList","@id":"https:\/\/shopatoa.com\/cz\/brit-premium-cat-salmon-100g\/#breadcrumb","itemListElement":[{"@type":"ListItem","position":1,"name":"Dom\u016f","item":"https:\/\/shopatoa.com\/cz\/"},{"@type":"ListItem","position":2,"name":"Produkty","item":"https:\/\/shopatoa.com\/cz\/shop\/"},{"@type":"ListItem","position":3,"name":"Chovatelsk\u00e9 pot\u0159eby","item":"https:\/\/shopatoa.com\/cz\/chovatelske-potreby-2\/"},{"@type":"ListItem","position":4,"name":"Pro ko\u010dky","item":"https:\/\/shopatoa.com\/cz\/pro-kocky-chovatelske-potreby-2\/"},{"@type":"ListItem","position":5,"name":"Krmivo pro ko\u010dky","item":"https:\/\/shopatoa.com\/cz\/krmivo-pro-kocky-pro-kocky-chovatelske-potreby-2\/"},{"@type":"ListItem","position":6,"name":"Konzervy pro ko\u010dky","item":"https:\/\/shopatoa.com\/cz\/konzervy-pro-kocky\/"},{"@type":"ListItem","position":7,"name":"BRIT Premium Cat Salmon 100g"}]},{"@type":"WebSite","@id":"https:\/\/shopatoa.com\/cz\/#website","url":"https:\/\/shopatoa.com\/cz\/","name":"SHOPATOA","description":"","publisher":{"@id":"https:\/\/shopatoa.com\/cz\/#organization"},"potentialAction":[{"@type":"SearchAction","target":{"@type":"EntryPoint","urlTemplate":"https:\/\/shopatoa.com\/cz\/?s={search_term_string}"},"query-input":{"@type":"PropertyValueSpecification","valueRequired":true,"valueName":"search_term_string"}}],"inLanguage":"cs"},{"@type":"Organization","@id":"https:\/\/shopatoa.com\/cz\/#organization","name":"SHOPATOA Digital s.r.o.","url":"https:\/\/shopatoa.com\/cz\/","logo":{"@type":"ImageObject","inLanguage":"cs","@id":"https:\/\/shopatoa.com\/cz\/#\/schema\/logo\/image\/","url":"https:\/\/storage.googleapis.com\/cz-shopatoa-img\/cz\/ebccf434-shopatoa_logo.png","contentUrl":"https:\/\/storage.googleapis.com\/cz-shopatoa-img\/cz\/ebccf434-shopatoa_logo.png","width":416,"height":63,"caption":"SHOPATOA Digital s.r.o."},"image":{"@id":"https:\/\/shopatoa.com\/cz\/#\/schema\/logo\/image\/"}}]}},"_links":{"self":[{"href":"https:\/\/shopatoa.com\/cz\/wp-json\/wp\/v2\/product\/243519","targetHints":{"allow":["GET"]}}],"collection":[{"href":"https:\/\/shopatoa.com\/cz\/wp-json\/wp\/v2\/product"}],"about":[{"href":"https:\/\/shopatoa.com\/cz\/wp-json\/wp\/v2\/types\/product"}],"replies":[{"embeddable":true,"href":"https:\/\/shopatoa.com\/cz\/wp-json\/wp\/v2\/comments?post=243519"}],"wp:featuredmedia":[{"embeddable":true,"href":"https:\/\/shopatoa.com\/cz\/wp-json\/wp\/v2\/media\/243520"}],"wp:attachment":[{"href":"https:\/\/shopatoa.com\/cz\/wp-json\/wp\/v2\/media?parent=243519"}],"wp:term":[{"taxonomy":"product_brand","embeddable":true,"href":"https:\/\/shopatoa.com\/cz\/wp-json\/wp\/v2\/product_brand?post=243519"},{"taxonomy":"product_cat","embeddable":true,"href":"https:\/\/shopatoa.com\/cz\/wp-json\/wp\/v2\/product_cat?post=243519"},{"taxonomy":"product_tag","embeddable":true,"href":"https:\/\/shopatoa.com\/cz\/wp-json\/wp\/v2\/product_tag?post=243519"}],"curies":[{"name":"wp","href":"https:\/\/api.w.org\/{rel}","templated":true}]}}