{"id":243539,"date":"2025-04-02T11:41:38","date_gmt":"2025-04-02T09:41:38","guid":{"rendered":"https:\/\/shopatoa.com\/cz\/?post_type=product&#038;p=243539"},"modified":"2026-02-02T09:18:34","modified_gmt":"2026-02-02T08:18:34","slug":"vitaminove-kapky-beaphar-mausertropfen-50-ml","status":"publish","type":"product","link":"https:\/\/shopatoa.com\/cz\/vitaminove-kapky-beaphar-mausertropfen-50-ml\/","title":{"rendered":"Vitaminov\u00e9 kapky Beaphar Mausertropfen 50 ml"},"content":{"rendered":"<p>Vitaminov\u00e9 kapky Mausertropfen jsou dopl\u0148kov\u00e9 krmivo pro okrasn\u00e9 ptactvo. <\/p>\n<p>\tPln\u011b nahrazuj\u00ed nedostatek vitam\u00edn\u016f a miner\u00e1l\u016f v\u00a0krmivu<br \/>\n\tVylep\u0161uj\u00ed barvu pe\u0159\u00ed, zlep\u0161uj\u00ed hlas, posiluj\u00ed p\u0159irozenou obranyschopnost<br \/>\n\tUdr\u017euj\u00ed pt\u00e1ka v\u00a0dobr\u00e9 kondici, zejm\u00e9na kdy\u017e je oslaben\u00fd p\u0159epe\u0159ov\u00e1n\u00edm a pot\u0159ebuje \u017eivotn\u011b d\u016fle\u017eit\u00e9 \u017eiviny<br \/>\n\tPro jedince star\u0161\u00ed 6 t\u00fddn\u016f<\/p>\n<p>N\u00e1vod k\u00a0pou\u017eit\u00ed: P\u0159id\u00e1vejte denn\u011b do krmiva. P\u0159ed pou\u017eit\u00edm prot\u0159epejte.<\/p>\n<p>D\u00e1vkov\u00e1n\u00ed:<br \/>\nAndulka &lt;0,08 kg \u2013 1-3 kapky<br \/>\nKorela 0,08-0,3 kg \u2013 3-7 kapek<br \/>\nKakadu 0,3-0,6 kg \u2013 7-12 kapek<br \/>\nVelk\u00fd papou\u0161ek 0,6-1,2 kg \u2013 18 kapek<\/p>\n<p>Slo\u017een\u00ed: cukry, obiloviny, oleje a tuky <\/p>\n<p>Analytick\u00e9 slo\u017eky: hrub\u00fd protein 0,46 %, hrub\u00e9 oleje a tuky 3,4 %, hrub\u00fd popel 0,55 %, vlhkost 86 %, v\u00e1pn\u00edk 0,0064 %, fosfor 0,16 %, sod\u00edk 0,0021 %, drasl\u00edk 0,027 %<\/p>\n<p>Nutri\u010dn\u00ed dopl\u0148kov\u00e9 l\u00e1tky: vitamin A 420 000 m.j.\/kg, vitamin B1\u00a0200 mg\/kg, vitamin B2\u00a0270mg\/kg, niacin 2600 mg\/kg, kyselina pantotenov\u00e1 680 mg\/kg, vitamin B6\u00a0230 mg\/kg, vitamin B12 1100 \u03bcg\/kg, vitamin C&#8230;<\/p>\n","protected":false},"excerpt":{"rendered":"<p>Vitaminov\u00e9 kapky Mausertropfen jsou dopl\u0148kov\u00e9 krmivo pro okrasn\u00e9 ptactvo. Pln\u011b nahrazuj\u00ed nedostatek vitam\u00edn\u016f a miner\u00e1l\u016f v\u00a0krmivu Vylep\u0161uj\u00ed barvu pe\u0159\u00ed, zlep\u0161uj\u00ed hlas, posiluj\u00ed p\u0159irozenou obranyschopnost Udr\u017euj\u00ed pt\u00e1ka v\u00a0dobr\u00e9 kondici, zejm\u00e9na kdy\u017e je oslaben\u00fd p\u0159epe\u0159ov\u00e1n\u00edm a pot\u0159ebuje \u017eivotn\u011b d\u016fle\u017eit\u00e9 \u017eiviny Pro jedince star\u0161\u00ed 6 t\u00fddn\u016f N\u00e1vod k\u00a0pou\u017eit\u00ed: P\u0159id\u00e1vejte denn\u011b do krmiva. P\u0159ed pou\u017eit\u00edm prot\u0159epejte. D\u00e1vkov\u00e1n\u00ed: Andulka &lt;0,08&#8230;<\/p>\n","protected":false},"featured_media":243540,"comment_status":"closed","ping_status":"open","template":"","meta":{"_acf_changed":false,"_kadence_starter_templates_imported_post":false,"_kad_post_transparent":"","_kad_post_title":"","_kad_post_layout":"","_kad_post_sidebar_id":"","_kad_post_content_style":"","_kad_post_vertical_padding":"","_kad_post_feature":"","_kad_post_feature_position":"","_kad_post_header":false,"_kad_post_footer":false,"_kad_post_classname":""},"product_brand":[2037],"product_cat":[436,2568,2662,739],"product_tag":[],"class_list":{"0":"post-243539","1":"product","2":"type-product","3":"status-publish","4":"has-post-thumbnail","6":"product_brand-beaphar","7":"product_cat-chovatelske-potreby-2","8":"product_cat-krmivo-pro-psy-pro-psy-chovatelske-potreby-2","9":"product_cat-ostatni-krmivo-pro-psy","10":"product_cat-pro-psy-chovatelske-potreby-2","11":"pa_obchod-superzoo-cz","13":"first","14":"instock","15":"product-type-external","16":"entry","17":"content-bg","18":"loop-entry"},"acf":[],"yoast_head":"<!-- This site is optimized with the Yoast SEO plugin v27.4 - https:\/\/yoast.com\/product\/yoast-seo-wordpress\/ -->\n<title>Vitaminov\u00e9 kapky Beaphar Mausertropfen 50 ml - SHOPATOA.COM<\/title>\n<meta name=\"robots\" content=\"index, follow, max-snippet:-1, max-image-preview:large, max-video-preview:-1\" \/>\n<link rel=\"canonical\" href=\"https:\/\/shopatoa.com\/cz\/vitaminove-kapky-beaphar-mausertropfen-50-ml\/\" \/>\n<meta property=\"og:locale\" content=\"cs_CZ\" \/>\n<meta property=\"og:type\" content=\"article\" \/>\n<meta property=\"og:title\" content=\"Vitaminov\u00e9 kapky Beaphar Mausertropfen 50 ml - SHOPATOA.COM\" \/>\n<meta property=\"og:description\" content=\"Vitaminov\u00e9 kapky Mausertropfen jsou dopl\u0148kov\u00e9 krmivo pro okrasn\u00e9 ptactvo. Pln\u011b nahrazuj\u00ed nedostatek vitam\u00edn\u016f a miner\u00e1l\u016f v\u00a0krmivu Vylep\u0161uj\u00ed barvu pe\u0159\u00ed, zlep\u0161uj\u00ed hlas, posiluj\u00ed p\u0159irozenou obranyschopnost Udr\u017euj\u00ed pt\u00e1ka v\u00a0dobr\u00e9 kondici, zejm\u00e9na kdy\u017e je oslaben\u00fd p\u0159epe\u0159ov\u00e1n\u00edm a pot\u0159ebuje \u017eivotn\u011b d\u016fle\u017eit\u00e9 \u017eiviny Pro jedince star\u0161\u00ed 6 t\u00fddn\u016f N\u00e1vod k\u00a0pou\u017eit\u00ed: P\u0159id\u00e1vejte denn\u011b do krmiva. P\u0159ed pou\u017eit\u00edm prot\u0159epejte. D\u00e1vkov\u00e1n\u00ed: Andulka &lt;0,08...\" \/>\n<meta property=\"og:url\" content=\"https:\/\/shopatoa.com\/cz\/vitaminove-kapky-beaphar-mausertropfen-50-ml\/\" \/>\n<meta property=\"og:site_name\" content=\"SHOPATOA\" \/>\n<meta property=\"article:modified_time\" content=\"2026-02-02T08:18:34+00:00\" \/>\n<meta property=\"og:image\" content=\"https:\/\/storage.googleapis.com\/cz-shopatoa-img\/cz\/881d1774-1_54721.jpg\" \/>\n\t<meta property=\"og:image:width\" content=\"600\" \/>\n\t<meta property=\"og:image:height\" content=\"600\" \/>\n\t<meta property=\"og:image:type\" content=\"image\/jpeg\" \/>\n<meta name=\"twitter:card\" content=\"summary_large_image\" \/>\n<meta name=\"twitter:label1\" content=\"Odhadovan\u00e1 doba \u010dten\u00ed\" \/>\n\t<meta name=\"twitter:data1\" content=\"1 minuta\" \/>\n<script type=\"application\/ld+json\" class=\"yoast-schema-graph\">{\"@context\":\"https:\\\/\\\/schema.org\",\"@graph\":[{\"@type\":\"WebPage\",\"@id\":\"https:\\\/\\\/shopatoa.com\\\/cz\\\/vitaminove-kapky-beaphar-mausertropfen-50-ml\\\/\",\"url\":\"https:\\\/\\\/shopatoa.com\\\/cz\\\/vitaminove-kapky-beaphar-mausertropfen-50-ml\\\/\",\"name\":\"Vitaminov\u00e9 kapky Beaphar Mausertropfen 50 ml - SHOPATOA.COM\",\"isPartOf\":{\"@id\":\"https:\\\/\\\/shopatoa.com\\\/cz\\\/#website\"},\"primaryImageOfPage\":{\"@id\":\"https:\\\/\\\/shopatoa.com\\\/cz\\\/vitaminove-kapky-beaphar-mausertropfen-50-ml\\\/#primaryimage\"},\"image\":{\"@id\":\"https:\\\/\\\/shopatoa.com\\\/cz\\\/vitaminove-kapky-beaphar-mausertropfen-50-ml\\\/#primaryimage\"},\"thumbnailUrl\":\"https:\\\/\\\/storage.googleapis.com\\\/cz-shopatoa-img\\\/cz\\\/881d1774-1_54721.jpg\",\"datePublished\":\"2025-04-02T09:41:38+00:00\",\"dateModified\":\"2026-02-02T08:18:34+00:00\",\"breadcrumb\":{\"@id\":\"https:\\\/\\\/shopatoa.com\\\/cz\\\/vitaminove-kapky-beaphar-mausertropfen-50-ml\\\/#breadcrumb\"},\"inLanguage\":\"cs\",\"potentialAction\":[{\"@type\":\"ReadAction\",\"target\":[\"https:\\\/\\\/shopatoa.com\\\/cz\\\/vitaminove-kapky-beaphar-mausertropfen-50-ml\\\/\"]}]},{\"@type\":\"ImageObject\",\"inLanguage\":\"cs\",\"@id\":\"https:\\\/\\\/shopatoa.com\\\/cz\\\/vitaminove-kapky-beaphar-mausertropfen-50-ml\\\/#primaryimage\",\"url\":\"https:\\\/\\\/storage.googleapis.com\\\/cz-shopatoa-img\\\/cz\\\/881d1774-1_54721.jpg\",\"contentUrl\":\"https:\\\/\\\/storage.googleapis.com\\\/cz-shopatoa-img\\\/cz\\\/881d1774-1_54721.jpg\",\"width\":600,\"height\":600},{\"@type\":\"BreadcrumbList\",\"@id\":\"https:\\\/\\\/shopatoa.com\\\/cz\\\/vitaminove-kapky-beaphar-mausertropfen-50-ml\\\/#breadcrumb\",\"itemListElement\":[{\"@type\":\"ListItem\",\"position\":1,\"name\":\"Dom\u016f\",\"item\":\"https:\\\/\\\/shopatoa.com\\\/cz\\\/\"},{\"@type\":\"ListItem\",\"position\":2,\"name\":\"Produkty\",\"item\":\"https:\\\/\\\/shopatoa.com\\\/cz\\\/shop\\\/\"},{\"@type\":\"ListItem\",\"position\":3,\"name\":\"Chovatelsk\u00e9 pot\u0159eby\",\"item\":\"https:\\\/\\\/shopatoa.com\\\/cz\\\/chovatelske-potreby-2\\\/\"},{\"@type\":\"ListItem\",\"position\":4,\"name\":\"Pro psy\",\"item\":\"https:\\\/\\\/shopatoa.com\\\/cz\\\/pro-psy-chovatelske-potreby-2\\\/\"},{\"@type\":\"ListItem\",\"position\":5,\"name\":\"Krmivo pro psy\",\"item\":\"https:\\\/\\\/shopatoa.com\\\/cz\\\/krmivo-pro-psy-pro-psy-chovatelske-potreby-2\\\/\"},{\"@type\":\"ListItem\",\"position\":6,\"name\":\"Ostatn\u00ed krmivo pro psy\",\"item\":\"https:\\\/\\\/shopatoa.com\\\/cz\\\/ostatni-krmivo-pro-psy\\\/\"},{\"@type\":\"ListItem\",\"position\":7,\"name\":\"Vitaminov\u00e9 kapky Beaphar Mausertropfen 50 ml\"}]},{\"@type\":\"WebSite\",\"@id\":\"https:\\\/\\\/shopatoa.com\\\/cz\\\/#website\",\"url\":\"https:\\\/\\\/shopatoa.com\\\/cz\\\/\",\"name\":\"SHOPATOA\",\"description\":\"\",\"publisher\":{\"@id\":\"https:\\\/\\\/shopatoa.com\\\/cz\\\/#organization\"},\"potentialAction\":[{\"@type\":\"SearchAction\",\"target\":{\"@type\":\"EntryPoint\",\"urlTemplate\":\"https:\\\/\\\/shopatoa.com\\\/cz\\\/?s={search_term_string}\"},\"query-input\":{\"@type\":\"PropertyValueSpecification\",\"valueRequired\":true,\"valueName\":\"search_term_string\"}}],\"inLanguage\":\"cs\"},{\"@type\":\"Organization\",\"@id\":\"https:\\\/\\\/shopatoa.com\\\/cz\\\/#organization\",\"name\":\"SHOPATOA Digital s.r.o.\",\"url\":\"https:\\\/\\\/shopatoa.com\\\/cz\\\/\",\"logo\":{\"@type\":\"ImageObject\",\"inLanguage\":\"cs\",\"@id\":\"https:\\\/\\\/shopatoa.com\\\/cz\\\/#\\\/schema\\\/logo\\\/image\\\/\",\"url\":\"https:\\\/\\\/storage.googleapis.com\\\/cz-shopatoa-img\\\/cz\\\/ebccf434-shopatoa_logo.png\",\"contentUrl\":\"https:\\\/\\\/storage.googleapis.com\\\/cz-shopatoa-img\\\/cz\\\/ebccf434-shopatoa_logo.png\",\"width\":416,\"height\":63,\"caption\":\"SHOPATOA Digital s.r.o.\"},\"image\":{\"@id\":\"https:\\\/\\\/shopatoa.com\\\/cz\\\/#\\\/schema\\\/logo\\\/image\\\/\"}}]}<\/script>\n<!-- \/ Yoast SEO plugin. -->","yoast_head_json":{"title":"Vitaminov\u00e9 kapky Beaphar Mausertropfen 50 ml - SHOPATOA.COM","robots":{"index":"index","follow":"follow","max-snippet":"max-snippet:-1","max-image-preview":"max-image-preview:large","max-video-preview":"max-video-preview:-1"},"canonical":"https:\/\/shopatoa.com\/cz\/vitaminove-kapky-beaphar-mausertropfen-50-ml\/","og_locale":"cs_CZ","og_type":"article","og_title":"Vitaminov\u00e9 kapky Beaphar Mausertropfen 50 ml - SHOPATOA.COM","og_description":"Vitaminov\u00e9 kapky Mausertropfen jsou dopl\u0148kov\u00e9 krmivo pro okrasn\u00e9 ptactvo. Pln\u011b nahrazuj\u00ed nedostatek vitam\u00edn\u016f a miner\u00e1l\u016f v\u00a0krmivu Vylep\u0161uj\u00ed barvu pe\u0159\u00ed, zlep\u0161uj\u00ed hlas, posiluj\u00ed p\u0159irozenou obranyschopnost Udr\u017euj\u00ed pt\u00e1ka v\u00a0dobr\u00e9 kondici, zejm\u00e9na kdy\u017e je oslaben\u00fd p\u0159epe\u0159ov\u00e1n\u00edm a pot\u0159ebuje \u017eivotn\u011b d\u016fle\u017eit\u00e9 \u017eiviny Pro jedince star\u0161\u00ed 6 t\u00fddn\u016f N\u00e1vod k\u00a0pou\u017eit\u00ed: P\u0159id\u00e1vejte denn\u011b do krmiva. P\u0159ed pou\u017eit\u00edm prot\u0159epejte. D\u00e1vkov\u00e1n\u00ed: Andulka &lt;0,08...","og_url":"https:\/\/shopatoa.com\/cz\/vitaminove-kapky-beaphar-mausertropfen-50-ml\/","og_site_name":"SHOPATOA","article_modified_time":"2026-02-02T08:18:34+00:00","og_image":[{"width":600,"height":600,"url":"https:\/\/storage.googleapis.com\/cz-shopatoa-img\/cz\/881d1774-1_54721.jpg","type":"image\/jpeg"}],"twitter_card":"summary_large_image","twitter_misc":{"Odhadovan\u00e1 doba \u010dten\u00ed":"1 minuta"},"schema":{"@context":"https:\/\/schema.org","@graph":[{"@type":"WebPage","@id":"https:\/\/shopatoa.com\/cz\/vitaminove-kapky-beaphar-mausertropfen-50-ml\/","url":"https:\/\/shopatoa.com\/cz\/vitaminove-kapky-beaphar-mausertropfen-50-ml\/","name":"Vitaminov\u00e9 kapky Beaphar Mausertropfen 50 ml - SHOPATOA.COM","isPartOf":{"@id":"https:\/\/shopatoa.com\/cz\/#website"},"primaryImageOfPage":{"@id":"https:\/\/shopatoa.com\/cz\/vitaminove-kapky-beaphar-mausertropfen-50-ml\/#primaryimage"},"image":{"@id":"https:\/\/shopatoa.com\/cz\/vitaminove-kapky-beaphar-mausertropfen-50-ml\/#primaryimage"},"thumbnailUrl":"https:\/\/storage.googleapis.com\/cz-shopatoa-img\/cz\/881d1774-1_54721.jpg","datePublished":"2025-04-02T09:41:38+00:00","dateModified":"2026-02-02T08:18:34+00:00","breadcrumb":{"@id":"https:\/\/shopatoa.com\/cz\/vitaminove-kapky-beaphar-mausertropfen-50-ml\/#breadcrumb"},"inLanguage":"cs","potentialAction":[{"@type":"ReadAction","target":["https:\/\/shopatoa.com\/cz\/vitaminove-kapky-beaphar-mausertropfen-50-ml\/"]}]},{"@type":"ImageObject","inLanguage":"cs","@id":"https:\/\/shopatoa.com\/cz\/vitaminove-kapky-beaphar-mausertropfen-50-ml\/#primaryimage","url":"https:\/\/storage.googleapis.com\/cz-shopatoa-img\/cz\/881d1774-1_54721.jpg","contentUrl":"https:\/\/storage.googleapis.com\/cz-shopatoa-img\/cz\/881d1774-1_54721.jpg","width":600,"height":600},{"@type":"BreadcrumbList","@id":"https:\/\/shopatoa.com\/cz\/vitaminove-kapky-beaphar-mausertropfen-50-ml\/#breadcrumb","itemListElement":[{"@type":"ListItem","position":1,"name":"Dom\u016f","item":"https:\/\/shopatoa.com\/cz\/"},{"@type":"ListItem","position":2,"name":"Produkty","item":"https:\/\/shopatoa.com\/cz\/shop\/"},{"@type":"ListItem","position":3,"name":"Chovatelsk\u00e9 pot\u0159eby","item":"https:\/\/shopatoa.com\/cz\/chovatelske-potreby-2\/"},{"@type":"ListItem","position":4,"name":"Pro psy","item":"https:\/\/shopatoa.com\/cz\/pro-psy-chovatelske-potreby-2\/"},{"@type":"ListItem","position":5,"name":"Krmivo pro psy","item":"https:\/\/shopatoa.com\/cz\/krmivo-pro-psy-pro-psy-chovatelske-potreby-2\/"},{"@type":"ListItem","position":6,"name":"Ostatn\u00ed krmivo pro psy","item":"https:\/\/shopatoa.com\/cz\/ostatni-krmivo-pro-psy\/"},{"@type":"ListItem","position":7,"name":"Vitaminov\u00e9 kapky Beaphar Mausertropfen 50 ml"}]},{"@type":"WebSite","@id":"https:\/\/shopatoa.com\/cz\/#website","url":"https:\/\/shopatoa.com\/cz\/","name":"SHOPATOA","description":"","publisher":{"@id":"https:\/\/shopatoa.com\/cz\/#organization"},"potentialAction":[{"@type":"SearchAction","target":{"@type":"EntryPoint","urlTemplate":"https:\/\/shopatoa.com\/cz\/?s={search_term_string}"},"query-input":{"@type":"PropertyValueSpecification","valueRequired":true,"valueName":"search_term_string"}}],"inLanguage":"cs"},{"@type":"Organization","@id":"https:\/\/shopatoa.com\/cz\/#organization","name":"SHOPATOA Digital s.r.o.","url":"https:\/\/shopatoa.com\/cz\/","logo":{"@type":"ImageObject","inLanguage":"cs","@id":"https:\/\/shopatoa.com\/cz\/#\/schema\/logo\/image\/","url":"https:\/\/storage.googleapis.com\/cz-shopatoa-img\/cz\/ebccf434-shopatoa_logo.png","contentUrl":"https:\/\/storage.googleapis.com\/cz-shopatoa-img\/cz\/ebccf434-shopatoa_logo.png","width":416,"height":63,"caption":"SHOPATOA Digital s.r.o."},"image":{"@id":"https:\/\/shopatoa.com\/cz\/#\/schema\/logo\/image\/"}}]}},"_links":{"self":[{"href":"https:\/\/shopatoa.com\/cz\/wp-json\/wp\/v2\/product\/243539","targetHints":{"allow":["GET"]}}],"collection":[{"href":"https:\/\/shopatoa.com\/cz\/wp-json\/wp\/v2\/product"}],"about":[{"href":"https:\/\/shopatoa.com\/cz\/wp-json\/wp\/v2\/types\/product"}],"replies":[{"embeddable":true,"href":"https:\/\/shopatoa.com\/cz\/wp-json\/wp\/v2\/comments?post=243539"}],"wp:featuredmedia":[{"embeddable":true,"href":"https:\/\/shopatoa.com\/cz\/wp-json\/wp\/v2\/media\/243540"}],"wp:attachment":[{"href":"https:\/\/shopatoa.com\/cz\/wp-json\/wp\/v2\/media?parent=243539"}],"wp:term":[{"taxonomy":"product_brand","embeddable":true,"href":"https:\/\/shopatoa.com\/cz\/wp-json\/wp\/v2\/product_brand?post=243539"},{"taxonomy":"product_cat","embeddable":true,"href":"https:\/\/shopatoa.com\/cz\/wp-json\/wp\/v2\/product_cat?post=243539"},{"taxonomy":"product_tag","embeddable":true,"href":"https:\/\/shopatoa.com\/cz\/wp-json\/wp\/v2\/product_tag?post=243539"}],"curies":[{"name":"wp","href":"https:\/\/api.w.org\/{rel}","templated":true}]}}