{"id":243555,"date":"2025-04-02T11:45:41","date_gmt":"2025-04-02T09:45:41","guid":{"rendered":"https:\/\/shopatoa.com\/cz\/?post_type=product&#038;p=243555"},"modified":"2026-02-04T04:21:43","modified_gmt":"2026-02-04T03:21:43","slug":"kloubni-vyziva-alavis-celadrin-60tbl","status":"publish","type":"product","link":"https:\/\/shopatoa.com\/cz\/kloubni-vyziva-alavis-celadrin-60tbl\/","title":{"rendered":"Kloubn\u00ed v\u00fd\u017eiva Alavis Celadrin 60tbl"},"content":{"rendered":"<p>ALAVIS\u2122 Celadrin pro psy a ko\u010dky proti z\u00e1n\u011btu a bolesti. ALAVIS\u2122 Celadrin je patentovan\u00e1 sm\u011bs, kter\u00e1 obsahuje cetylovan\u00e9 estery kyseliny myristov\u00e9, myristoolejov\u00e9, palmitov\u00e9 a dal\u0161\u00edch nasycen\u00fdch a nenasycen\u00fdch mastn\u00fdch kyselin, kter\u00e9 inhibuj\u00ed enzym 5 \u2013 lipooxigen\u00e1zu podporuj\u00edc\u00ed oxidativn\u00ed a z\u00e1n\u011btliv\u00e9 procesy. ALAVIS\u2122 Celadrin je p\u0159\u00edrodn\u00ed produkt, kter\u00fd napom\u00e1h\u00e1 zv\u00fd\u0161it ochranu p\u0159ed p\u016fsoben\u00edm proz\u00e1n\u011btliv\u00fdch enzym\u016f, v\u00fdrazn\u011b pom\u00e1h\u00e1 tlumit bolestivost kloub\u016f a zaji\u0161\u0165uje pr\u016fb\u011b\u017en\u00e9 zvlh\u010dov\u00e1n\u00ed kloubn\u00ed chrupavky.<\/p>\n<p>ALAVIS\u2122 Celadrin doporu\u010dujeme pod\u00e1vat:<\/p>\n<p>\tu ps\u016f a ko\u010dek s osteoartr\u00f3zou<br \/>\n\tp\u0159i bolestech zad (vertebrogenn\u00ed algick\u00fd syndrom)<br \/>\n\tp\u0159i namo\u017een\u00ed \u010di z\u00e1n\u011btu vaz\u016f, \u0161lach (tendinitis, tendovaginitis, burzitis)<br \/>\n\tp\u0159i bolestech sval\u016f<br \/>\n\tpo \u00farazech a dal\u0161\u00edch zran\u011bn\u00edch pohybov\u00e9ho apar\u00e1tu<br \/>\n\tpotla\u010den\u00ed bolesti kloub\u016f, vaz\u016f a \u0161lach<br \/>\n\tpotla\u010den\u00ed z\u00e1n\u011btu<br \/>\n\tpro zlep\u0161en\u00ed pohyblivosti kloub\u016f a odstran\u011bn\u00ed jejich ztuhlosti<br \/>\n\tpro zpomalen\u00ed destrukce kloub\u016f<\/p>\n<p>Doporu\u010den\u00e9 d\u00e1vkov\u00e1n\u00ed je uvedeno na obale&#8230;.<\/p>\n","protected":false},"excerpt":{"rendered":"<p>ALAVIS\u2122 Celadrin pro psy a ko\u010dky proti z\u00e1n\u011btu a bolesti. ALAVIS\u2122 Celadrin je patentovan\u00e1 sm\u011bs, kter\u00e1 obsahuje cetylovan\u00e9 estery kyseliny myristov\u00e9, myristoolejov\u00e9, palmitov\u00e9 a dal\u0161\u00edch nasycen\u00fdch a nenasycen\u00fdch mastn\u00fdch kyselin, kter\u00e9 inhibuj\u00ed enzym 5 \u2013 lipooxigen\u00e1zu podporuj\u00edc\u00ed oxidativn\u00ed a z\u00e1n\u011btliv\u00e9 procesy. ALAVIS\u2122 Celadrin je p\u0159\u00edrodn\u00ed produkt, kter\u00fd napom\u00e1h\u00e1 zv\u00fd\u0161it ochranu p\u0159ed p\u016fsoben\u00edm proz\u00e1n\u011btliv\u00fdch enzym\u016f, v\u00fdrazn\u011b&#8230;<\/p>\n","protected":false},"featured_media":243556,"comment_status":"closed","ping_status":"open","template":"","meta":{"_acf_changed":false,"_kadence_starter_templates_imported_post":false,"_kad_post_transparent":"","_kad_post_title":"","_kad_post_layout":"","_kad_post_sidebar_id":"","_kad_post_content_style":"","_kad_post_vertical_padding":"","_kad_post_feature":"","_kad_post_feature_position":"","_kad_post_header":false,"_kad_post_footer":false,"_kad_post_classname":""},"product_brand":[983],"product_cat":[436,2568,2576,739],"product_tag":[],"class_list":{"0":"post-243555","1":"product","2":"type-product","3":"status-publish","4":"has-post-thumbnail","6":"product_brand-alavis","7":"product_cat-chovatelske-potreby-2","8":"product_cat-krmivo-pro-psy-pro-psy-chovatelske-potreby-2","9":"product_cat-pamlsky-pro-psy","10":"product_cat-pro-psy-chovatelske-potreby-2","11":"pa_obchod-superzoo-cz","13":"first","14":"instock","15":"product-type-external","16":"entry","17":"content-bg","18":"loop-entry"},"acf":[],"yoast_head":"<!-- This site is optimized with the Yoast SEO plugin v27.4 - https:\/\/yoast.com\/product\/yoast-seo-wordpress\/ -->\n<title>Kloubn\u00ed v\u00fd\u017eiva Alavis Celadrin 60tbl - SHOPATOA.COM<\/title>\n<meta name=\"robots\" content=\"index, follow, max-snippet:-1, max-image-preview:large, max-video-preview:-1\" \/>\n<link rel=\"canonical\" href=\"https:\/\/shopatoa.com\/cz\/kloubni-vyziva-alavis-celadrin-60tbl\/\" \/>\n<meta property=\"og:locale\" content=\"cs_CZ\" \/>\n<meta property=\"og:type\" content=\"article\" \/>\n<meta property=\"og:title\" content=\"Kloubn\u00ed v\u00fd\u017eiva Alavis Celadrin 60tbl - SHOPATOA.COM\" \/>\n<meta property=\"og:description\" content=\"ALAVIS\u2122 Celadrin pro psy a ko\u010dky proti z\u00e1n\u011btu a bolesti. ALAVIS\u2122 Celadrin je patentovan\u00e1 sm\u011bs, kter\u00e1 obsahuje cetylovan\u00e9 estery kyseliny myristov\u00e9, myristoolejov\u00e9, palmitov\u00e9 a dal\u0161\u00edch nasycen\u00fdch a nenasycen\u00fdch mastn\u00fdch kyselin, kter\u00e9 inhibuj\u00ed enzym 5 \u2013 lipooxigen\u00e1zu podporuj\u00edc\u00ed oxidativn\u00ed a z\u00e1n\u011btliv\u00e9 procesy. ALAVIS\u2122 Celadrin je p\u0159\u00edrodn\u00ed produkt, kter\u00fd napom\u00e1h\u00e1 zv\u00fd\u0161it ochranu p\u0159ed p\u016fsoben\u00edm proz\u00e1n\u011btliv\u00fdch enzym\u016f, v\u00fdrazn\u011b...\" \/>\n<meta property=\"og:url\" content=\"https:\/\/shopatoa.com\/cz\/kloubni-vyziva-alavis-celadrin-60tbl\/\" \/>\n<meta property=\"og:site_name\" content=\"SHOPATOA\" \/>\n<meta property=\"article:modified_time\" content=\"2026-02-04T03:21:43+00:00\" \/>\n<meta property=\"og:image\" content=\"https:\/\/storage.googleapis.com\/cz-shopatoa-img\/cz\/d9fc715e-1_81144.jpg\" \/>\n\t<meta property=\"og:image:width\" content=\"600\" \/>\n\t<meta property=\"og:image:height\" content=\"600\" \/>\n\t<meta property=\"og:image:type\" content=\"image\/jpeg\" \/>\n<meta name=\"twitter:card\" content=\"summary_large_image\" \/>\n<meta name=\"twitter:label1\" content=\"Odhadovan\u00e1 doba \u010dten\u00ed\" \/>\n\t<meta name=\"twitter:data1\" content=\"1 minuta\" \/>\n<script type=\"application\/ld+json\" class=\"yoast-schema-graph\">{\"@context\":\"https:\\\/\\\/schema.org\",\"@graph\":[{\"@type\":\"WebPage\",\"@id\":\"https:\\\/\\\/shopatoa.com\\\/cz\\\/kloubni-vyziva-alavis-celadrin-60tbl\\\/\",\"url\":\"https:\\\/\\\/shopatoa.com\\\/cz\\\/kloubni-vyziva-alavis-celadrin-60tbl\\\/\",\"name\":\"Kloubn\u00ed v\u00fd\u017eiva Alavis Celadrin 60tbl - SHOPATOA.COM\",\"isPartOf\":{\"@id\":\"https:\\\/\\\/shopatoa.com\\\/cz\\\/#website\"},\"primaryImageOfPage\":{\"@id\":\"https:\\\/\\\/shopatoa.com\\\/cz\\\/kloubni-vyziva-alavis-celadrin-60tbl\\\/#primaryimage\"},\"image\":{\"@id\":\"https:\\\/\\\/shopatoa.com\\\/cz\\\/kloubni-vyziva-alavis-celadrin-60tbl\\\/#primaryimage\"},\"thumbnailUrl\":\"https:\\\/\\\/storage.googleapis.com\\\/cz-shopatoa-img\\\/cz\\\/d9fc715e-1_81144.jpg\",\"datePublished\":\"2025-04-02T09:45:41+00:00\",\"dateModified\":\"2026-02-04T03:21:43+00:00\",\"breadcrumb\":{\"@id\":\"https:\\\/\\\/shopatoa.com\\\/cz\\\/kloubni-vyziva-alavis-celadrin-60tbl\\\/#breadcrumb\"},\"inLanguage\":\"cs\",\"potentialAction\":[{\"@type\":\"ReadAction\",\"target\":[\"https:\\\/\\\/shopatoa.com\\\/cz\\\/kloubni-vyziva-alavis-celadrin-60tbl\\\/\"]}]},{\"@type\":\"ImageObject\",\"inLanguage\":\"cs\",\"@id\":\"https:\\\/\\\/shopatoa.com\\\/cz\\\/kloubni-vyziva-alavis-celadrin-60tbl\\\/#primaryimage\",\"url\":\"https:\\\/\\\/storage.googleapis.com\\\/cz-shopatoa-img\\\/cz\\\/d9fc715e-1_81144.jpg\",\"contentUrl\":\"https:\\\/\\\/storage.googleapis.com\\\/cz-shopatoa-img\\\/cz\\\/d9fc715e-1_81144.jpg\",\"width\":600,\"height\":600},{\"@type\":\"BreadcrumbList\",\"@id\":\"https:\\\/\\\/shopatoa.com\\\/cz\\\/kloubni-vyziva-alavis-celadrin-60tbl\\\/#breadcrumb\",\"itemListElement\":[{\"@type\":\"ListItem\",\"position\":1,\"name\":\"Dom\u016f\",\"item\":\"https:\\\/\\\/shopatoa.com\\\/cz\\\/\"},{\"@type\":\"ListItem\",\"position\":2,\"name\":\"Produkty\",\"item\":\"https:\\\/\\\/shopatoa.com\\\/cz\\\/shop\\\/\"},{\"@type\":\"ListItem\",\"position\":3,\"name\":\"Chovatelsk\u00e9 pot\u0159eby\",\"item\":\"https:\\\/\\\/shopatoa.com\\\/cz\\\/chovatelske-potreby-2\\\/\"},{\"@type\":\"ListItem\",\"position\":4,\"name\":\"Pro psy\",\"item\":\"https:\\\/\\\/shopatoa.com\\\/cz\\\/pro-psy-chovatelske-potreby-2\\\/\"},{\"@type\":\"ListItem\",\"position\":5,\"name\":\"Krmivo pro psy\",\"item\":\"https:\\\/\\\/shopatoa.com\\\/cz\\\/krmivo-pro-psy-pro-psy-chovatelske-potreby-2\\\/\"},{\"@type\":\"ListItem\",\"position\":6,\"name\":\"Pamlsky pro psy\",\"item\":\"https:\\\/\\\/shopatoa.com\\\/cz\\\/pamlsky-pro-psy\\\/\"},{\"@type\":\"ListItem\",\"position\":7,\"name\":\"Kloubn\u00ed v\u00fd\u017eiva Alavis Celadrin 60tbl\"}]},{\"@type\":\"WebSite\",\"@id\":\"https:\\\/\\\/shopatoa.com\\\/cz\\\/#website\",\"url\":\"https:\\\/\\\/shopatoa.com\\\/cz\\\/\",\"name\":\"SHOPATOA\",\"description\":\"\",\"publisher\":{\"@id\":\"https:\\\/\\\/shopatoa.com\\\/cz\\\/#organization\"},\"potentialAction\":[{\"@type\":\"SearchAction\",\"target\":{\"@type\":\"EntryPoint\",\"urlTemplate\":\"https:\\\/\\\/shopatoa.com\\\/cz\\\/?s={search_term_string}\"},\"query-input\":{\"@type\":\"PropertyValueSpecification\",\"valueRequired\":true,\"valueName\":\"search_term_string\"}}],\"inLanguage\":\"cs\"},{\"@type\":\"Organization\",\"@id\":\"https:\\\/\\\/shopatoa.com\\\/cz\\\/#organization\",\"name\":\"SHOPATOA Digital s.r.o.\",\"url\":\"https:\\\/\\\/shopatoa.com\\\/cz\\\/\",\"logo\":{\"@type\":\"ImageObject\",\"inLanguage\":\"cs\",\"@id\":\"https:\\\/\\\/shopatoa.com\\\/cz\\\/#\\\/schema\\\/logo\\\/image\\\/\",\"url\":\"https:\\\/\\\/storage.googleapis.com\\\/cz-shopatoa-img\\\/cz\\\/ebccf434-shopatoa_logo.png\",\"contentUrl\":\"https:\\\/\\\/storage.googleapis.com\\\/cz-shopatoa-img\\\/cz\\\/ebccf434-shopatoa_logo.png\",\"width\":416,\"height\":63,\"caption\":\"SHOPATOA Digital s.r.o.\"},\"image\":{\"@id\":\"https:\\\/\\\/shopatoa.com\\\/cz\\\/#\\\/schema\\\/logo\\\/image\\\/\"}}]}<\/script>\n<!-- \/ Yoast SEO plugin. -->","yoast_head_json":{"title":"Kloubn\u00ed v\u00fd\u017eiva Alavis Celadrin 60tbl - SHOPATOA.COM","robots":{"index":"index","follow":"follow","max-snippet":"max-snippet:-1","max-image-preview":"max-image-preview:large","max-video-preview":"max-video-preview:-1"},"canonical":"https:\/\/shopatoa.com\/cz\/kloubni-vyziva-alavis-celadrin-60tbl\/","og_locale":"cs_CZ","og_type":"article","og_title":"Kloubn\u00ed v\u00fd\u017eiva Alavis Celadrin 60tbl - SHOPATOA.COM","og_description":"ALAVIS\u2122 Celadrin pro psy a ko\u010dky proti z\u00e1n\u011btu a bolesti. ALAVIS\u2122 Celadrin je patentovan\u00e1 sm\u011bs, kter\u00e1 obsahuje cetylovan\u00e9 estery kyseliny myristov\u00e9, myristoolejov\u00e9, palmitov\u00e9 a dal\u0161\u00edch nasycen\u00fdch a nenasycen\u00fdch mastn\u00fdch kyselin, kter\u00e9 inhibuj\u00ed enzym 5 \u2013 lipooxigen\u00e1zu podporuj\u00edc\u00ed oxidativn\u00ed a z\u00e1n\u011btliv\u00e9 procesy. ALAVIS\u2122 Celadrin je p\u0159\u00edrodn\u00ed produkt, kter\u00fd napom\u00e1h\u00e1 zv\u00fd\u0161it ochranu p\u0159ed p\u016fsoben\u00edm proz\u00e1n\u011btliv\u00fdch enzym\u016f, v\u00fdrazn\u011b...","og_url":"https:\/\/shopatoa.com\/cz\/kloubni-vyziva-alavis-celadrin-60tbl\/","og_site_name":"SHOPATOA","article_modified_time":"2026-02-04T03:21:43+00:00","og_image":[{"width":600,"height":600,"url":"https:\/\/storage.googleapis.com\/cz-shopatoa-img\/cz\/d9fc715e-1_81144.jpg","type":"image\/jpeg"}],"twitter_card":"summary_large_image","twitter_misc":{"Odhadovan\u00e1 doba \u010dten\u00ed":"1 minuta"},"schema":{"@context":"https:\/\/schema.org","@graph":[{"@type":"WebPage","@id":"https:\/\/shopatoa.com\/cz\/kloubni-vyziva-alavis-celadrin-60tbl\/","url":"https:\/\/shopatoa.com\/cz\/kloubni-vyziva-alavis-celadrin-60tbl\/","name":"Kloubn\u00ed v\u00fd\u017eiva Alavis Celadrin 60tbl - SHOPATOA.COM","isPartOf":{"@id":"https:\/\/shopatoa.com\/cz\/#website"},"primaryImageOfPage":{"@id":"https:\/\/shopatoa.com\/cz\/kloubni-vyziva-alavis-celadrin-60tbl\/#primaryimage"},"image":{"@id":"https:\/\/shopatoa.com\/cz\/kloubni-vyziva-alavis-celadrin-60tbl\/#primaryimage"},"thumbnailUrl":"https:\/\/storage.googleapis.com\/cz-shopatoa-img\/cz\/d9fc715e-1_81144.jpg","datePublished":"2025-04-02T09:45:41+00:00","dateModified":"2026-02-04T03:21:43+00:00","breadcrumb":{"@id":"https:\/\/shopatoa.com\/cz\/kloubni-vyziva-alavis-celadrin-60tbl\/#breadcrumb"},"inLanguage":"cs","potentialAction":[{"@type":"ReadAction","target":["https:\/\/shopatoa.com\/cz\/kloubni-vyziva-alavis-celadrin-60tbl\/"]}]},{"@type":"ImageObject","inLanguage":"cs","@id":"https:\/\/shopatoa.com\/cz\/kloubni-vyziva-alavis-celadrin-60tbl\/#primaryimage","url":"https:\/\/storage.googleapis.com\/cz-shopatoa-img\/cz\/d9fc715e-1_81144.jpg","contentUrl":"https:\/\/storage.googleapis.com\/cz-shopatoa-img\/cz\/d9fc715e-1_81144.jpg","width":600,"height":600},{"@type":"BreadcrumbList","@id":"https:\/\/shopatoa.com\/cz\/kloubni-vyziva-alavis-celadrin-60tbl\/#breadcrumb","itemListElement":[{"@type":"ListItem","position":1,"name":"Dom\u016f","item":"https:\/\/shopatoa.com\/cz\/"},{"@type":"ListItem","position":2,"name":"Produkty","item":"https:\/\/shopatoa.com\/cz\/shop\/"},{"@type":"ListItem","position":3,"name":"Chovatelsk\u00e9 pot\u0159eby","item":"https:\/\/shopatoa.com\/cz\/chovatelske-potreby-2\/"},{"@type":"ListItem","position":4,"name":"Pro psy","item":"https:\/\/shopatoa.com\/cz\/pro-psy-chovatelske-potreby-2\/"},{"@type":"ListItem","position":5,"name":"Krmivo pro psy","item":"https:\/\/shopatoa.com\/cz\/krmivo-pro-psy-pro-psy-chovatelske-potreby-2\/"},{"@type":"ListItem","position":6,"name":"Pamlsky pro psy","item":"https:\/\/shopatoa.com\/cz\/pamlsky-pro-psy\/"},{"@type":"ListItem","position":7,"name":"Kloubn\u00ed v\u00fd\u017eiva Alavis Celadrin 60tbl"}]},{"@type":"WebSite","@id":"https:\/\/shopatoa.com\/cz\/#website","url":"https:\/\/shopatoa.com\/cz\/","name":"SHOPATOA","description":"","publisher":{"@id":"https:\/\/shopatoa.com\/cz\/#organization"},"potentialAction":[{"@type":"SearchAction","target":{"@type":"EntryPoint","urlTemplate":"https:\/\/shopatoa.com\/cz\/?s={search_term_string}"},"query-input":{"@type":"PropertyValueSpecification","valueRequired":true,"valueName":"search_term_string"}}],"inLanguage":"cs"},{"@type":"Organization","@id":"https:\/\/shopatoa.com\/cz\/#organization","name":"SHOPATOA Digital s.r.o.","url":"https:\/\/shopatoa.com\/cz\/","logo":{"@type":"ImageObject","inLanguage":"cs","@id":"https:\/\/shopatoa.com\/cz\/#\/schema\/logo\/image\/","url":"https:\/\/storage.googleapis.com\/cz-shopatoa-img\/cz\/ebccf434-shopatoa_logo.png","contentUrl":"https:\/\/storage.googleapis.com\/cz-shopatoa-img\/cz\/ebccf434-shopatoa_logo.png","width":416,"height":63,"caption":"SHOPATOA Digital s.r.o."},"image":{"@id":"https:\/\/shopatoa.com\/cz\/#\/schema\/logo\/image\/"}}]}},"_links":{"self":[{"href":"https:\/\/shopatoa.com\/cz\/wp-json\/wp\/v2\/product\/243555","targetHints":{"allow":["GET"]}}],"collection":[{"href":"https:\/\/shopatoa.com\/cz\/wp-json\/wp\/v2\/product"}],"about":[{"href":"https:\/\/shopatoa.com\/cz\/wp-json\/wp\/v2\/types\/product"}],"replies":[{"embeddable":true,"href":"https:\/\/shopatoa.com\/cz\/wp-json\/wp\/v2\/comments?post=243555"}],"wp:featuredmedia":[{"embeddable":true,"href":"https:\/\/shopatoa.com\/cz\/wp-json\/wp\/v2\/media\/243556"}],"wp:attachment":[{"href":"https:\/\/shopatoa.com\/cz\/wp-json\/wp\/v2\/media?parent=243555"}],"wp:term":[{"taxonomy":"product_brand","embeddable":true,"href":"https:\/\/shopatoa.com\/cz\/wp-json\/wp\/v2\/product_brand?post=243555"},{"taxonomy":"product_cat","embeddable":true,"href":"https:\/\/shopatoa.com\/cz\/wp-json\/wp\/v2\/product_cat?post=243555"},{"taxonomy":"product_tag","embeddable":true,"href":"https:\/\/shopatoa.com\/cz\/wp-json\/wp\/v2\/product_tag?post=243555"}],"curies":[{"name":"wp","href":"https:\/\/api.w.org\/{rel}","templated":true}]}}