{"id":243649,"date":"2025-04-02T12:01:39","date_gmt":"2025-04-02T10:01:39","guid":{"rendered":"https:\/\/shopatoa.com\/cz\/?post_type=product&#038;p=243649"},"modified":"2025-04-26T01:00:57","modified_gmt":"2025-04-25T23:00:57","slug":"canvit-junior-pro-psy-100g","status":"publish","type":"product","link":"https:\/\/shopatoa.com\/cz\/canvit-junior-pro-psy-100g\/","title":{"rendered":"Canvit Junior pro psy 100g"},"content":{"rendered":"<p>Vitam\u00edny pro \u0161t\u011b\u0148ata &#8211; pro zdrav\u00fd r\u016fst a v\u00fdvoj.<\/p>\n<p>Kombinace \u017eivin, aminokyselin a omega-3 a 6 mastn\u00fdch kyselin z p\u0159\u00edrodn\u00edch zdroj\u016f zlep\u0161uje zdrav\u00ed a vzhled k\u016f\u017ee a srsti a udr\u017euje perfektn\u00ed kondici. Mannan-oligosacharidy a probiotika podporuj\u00ed zdrav\u00ed st\u0159evn\u00ed mikroflory a posiluj\u00ed imunitn\u00ed syst\u00e9m.<\/p>\n<p>Slo\u017een\u00ed: su\u0161en\u00e1 lakt\u00f3za, gluk\u00f3za, p\u0161eni\u010dn\u00fd \u0161krob, su\u0161en\u00e9 pivovarsk\u00e9 kvasnice (zdroj aminokyselin), kvasinkov\u00e9 bun\u011b\u010dn\u00e9 st\u011bny ze Saccharomyces cerevisiae (zdroj mannan-oligosacharid\u016f) 8 %, dihydrogenfosfore\u010dnanv\u00e1penat\u00fd, su\u0161en\u00e9 odst\u0159ed\u011bn\u00e9 ml\u00e9ko, ryb\u00ed tuk a slune\u010dnicov\u00fd olej (zdroj omega 3,6 mastn\u00fdch kyselin), chlorid sodn\u00fd<\/p>\n<p>Analytick\u00e9 slo\u017eky:\u00a0Hrub\u00fd protein 8,5 %, obsah tuku 4,2 %, hrub\u00e1 vl\u00e1knina 2,3 %, hrub\u00fd popel 10,6 %.<\/p>\n<p>Dopl\u0148kov\u00e9 l\u00e1tky v 1 kg: \u00a0Nutri\u010dn\u00ed: Vitam\u00edn A (E672) 300 000 IU, vitam\u00edn D3 (E671) 10 000 IU, vitam\u00edn E (\u03b1-tokoferol-acet\u00e1t) 6 000 mg, vitam\u00edn K 50 mg, vitam\u00edn B1 300 mg, vitam\u00edn B2 300 mg, vitam\u00edn B6 (3a831) 200 g, vitam\u00edn B12 5 mg, vitam\u00edn C (E300) 3 500 mg, Biotin&#8230;<\/p>\n","protected":false},"excerpt":{"rendered":"<p>Vitam\u00edny pro \u0161t\u011b\u0148ata &#8211; pro zdrav\u00fd r\u016fst a v\u00fdvoj. Kombinace \u017eivin, aminokyselin a omega-3 a 6 mastn\u00fdch kyselin z p\u0159\u00edrodn\u00edch zdroj\u016f zlep\u0161uje zdrav\u00ed a vzhled k\u016f\u017ee a srsti a udr\u017euje perfektn\u00ed kondici. Mannan-oligosacharidy a probiotika podporuj\u00ed zdrav\u00ed st\u0159evn\u00ed mikroflory a posiluj\u00ed imunitn\u00ed syst\u00e9m. Slo\u017een\u00ed: su\u0161en\u00e1 lakt\u00f3za, gluk\u00f3za, p\u0161eni\u010dn\u00fd \u0161krob, su\u0161en\u00e9 pivovarsk\u00e9 kvasnice (zdroj aminokyselin), kvasinkov\u00e9&#8230;<\/p>\n","protected":false},"featured_media":243650,"comment_status":"closed","ping_status":"open","template":"","meta":{"_acf_changed":false,"_kadence_starter_templates_imported_post":false,"_kad_post_transparent":"","_kad_post_title":"","_kad_post_layout":"","_kad_post_sidebar_id":"","_kad_post_content_style":"","_kad_post_vertical_padding":"","_kad_post_feature":"","_kad_post_feature_position":"","_kad_post_header":false,"_kad_post_footer":false,"_kad_post_classname":""},"product_brand":[632],"product_cat":[436,2568,2576,739],"product_tag":[],"class_list":{"0":"post-243649","1":"product","2":"type-product","3":"status-publish","4":"has-post-thumbnail","6":"product_brand-canvit","7":"product_cat-chovatelske-potreby-2","8":"product_cat-krmivo-pro-psy-pro-psy-chovatelske-potreby-2","9":"product_cat-pamlsky-pro-psy","10":"product_cat-pro-psy-chovatelske-potreby-2","11":"pa_obchod-superzoo-cz","13":"first","14":"instock","15":"product-type-external","16":"entry","17":"content-bg","18":"loop-entry"},"acf":[],"yoast_head":"<!-- This site is optimized with the Yoast SEO plugin v27.4 - https:\/\/yoast.com\/product\/yoast-seo-wordpress\/ -->\n<title>Canvit Junior pro psy 100g - SHOPATOA.COM<\/title>\n<meta name=\"robots\" content=\"index, follow, max-snippet:-1, max-image-preview:large, max-video-preview:-1\" \/>\n<link rel=\"canonical\" href=\"https:\/\/shopatoa.com\/cz\/canvit-junior-pro-psy-100g\/\" \/>\n<meta property=\"og:locale\" content=\"cs_CZ\" \/>\n<meta property=\"og:type\" content=\"article\" \/>\n<meta property=\"og:title\" content=\"Canvit Junior pro psy 100g - SHOPATOA.COM\" \/>\n<meta property=\"og:description\" content=\"Vitam\u00edny pro \u0161t\u011b\u0148ata &#8211; pro zdrav\u00fd r\u016fst a v\u00fdvoj. Kombinace \u017eivin, aminokyselin a omega-3 a 6 mastn\u00fdch kyselin z p\u0159\u00edrodn\u00edch zdroj\u016f zlep\u0161uje zdrav\u00ed a vzhled k\u016f\u017ee a srsti a udr\u017euje perfektn\u00ed kondici. Mannan-oligosacharidy a probiotika podporuj\u00ed zdrav\u00ed st\u0159evn\u00ed mikroflory a posiluj\u00ed imunitn\u00ed syst\u00e9m. Slo\u017een\u00ed: su\u0161en\u00e1 lakt\u00f3za, gluk\u00f3za, p\u0161eni\u010dn\u00fd \u0161krob, su\u0161en\u00e9 pivovarsk\u00e9 kvasnice (zdroj aminokyselin), kvasinkov\u00e9...\" \/>\n<meta property=\"og:url\" content=\"https:\/\/shopatoa.com\/cz\/canvit-junior-pro-psy-100g\/\" \/>\n<meta property=\"og:site_name\" content=\"SHOPATOA\" \/>\n<meta property=\"article:modified_time\" content=\"2025-04-25T23:00:57+00:00\" \/>\n<meta property=\"og:image\" content=\"https:\/\/storage.googleapis.com\/cz-shopatoa-img\/cz\/9936cab1-1_31935.jpg\" \/>\n\t<meta property=\"og:image:width\" content=\"600\" \/>\n\t<meta property=\"og:image:height\" content=\"600\" \/>\n\t<meta property=\"og:image:type\" content=\"image\/jpeg\" \/>\n<meta name=\"twitter:card\" content=\"summary_large_image\" \/>\n<meta name=\"twitter:label1\" content=\"Odhadovan\u00e1 doba \u010dten\u00ed\" \/>\n\t<meta name=\"twitter:data1\" content=\"1 minuta\" \/>\n<script type=\"application\/ld+json\" class=\"yoast-schema-graph\">{\"@context\":\"https:\\\/\\\/schema.org\",\"@graph\":[{\"@type\":\"WebPage\",\"@id\":\"https:\\\/\\\/shopatoa.com\\\/cz\\\/canvit-junior-pro-psy-100g\\\/\",\"url\":\"https:\\\/\\\/shopatoa.com\\\/cz\\\/canvit-junior-pro-psy-100g\\\/\",\"name\":\"Canvit Junior pro psy 100g - SHOPATOA.COM\",\"isPartOf\":{\"@id\":\"https:\\\/\\\/shopatoa.com\\\/cz\\\/#website\"},\"primaryImageOfPage\":{\"@id\":\"https:\\\/\\\/shopatoa.com\\\/cz\\\/canvit-junior-pro-psy-100g\\\/#primaryimage\"},\"image\":{\"@id\":\"https:\\\/\\\/shopatoa.com\\\/cz\\\/canvit-junior-pro-psy-100g\\\/#primaryimage\"},\"thumbnailUrl\":\"https:\\\/\\\/storage.googleapis.com\\\/cz-shopatoa-img\\\/cz\\\/9936cab1-1_31935.jpg\",\"datePublished\":\"2025-04-02T10:01:39+00:00\",\"dateModified\":\"2025-04-25T23:00:57+00:00\",\"breadcrumb\":{\"@id\":\"https:\\\/\\\/shopatoa.com\\\/cz\\\/canvit-junior-pro-psy-100g\\\/#breadcrumb\"},\"inLanguage\":\"cs\",\"potentialAction\":[{\"@type\":\"ReadAction\",\"target\":[\"https:\\\/\\\/shopatoa.com\\\/cz\\\/canvit-junior-pro-psy-100g\\\/\"]}]},{\"@type\":\"ImageObject\",\"inLanguage\":\"cs\",\"@id\":\"https:\\\/\\\/shopatoa.com\\\/cz\\\/canvit-junior-pro-psy-100g\\\/#primaryimage\",\"url\":\"https:\\\/\\\/storage.googleapis.com\\\/cz-shopatoa-img\\\/cz\\\/9936cab1-1_31935.jpg\",\"contentUrl\":\"https:\\\/\\\/storage.googleapis.com\\\/cz-shopatoa-img\\\/cz\\\/9936cab1-1_31935.jpg\",\"width\":600,\"height\":600},{\"@type\":\"BreadcrumbList\",\"@id\":\"https:\\\/\\\/shopatoa.com\\\/cz\\\/canvit-junior-pro-psy-100g\\\/#breadcrumb\",\"itemListElement\":[{\"@type\":\"ListItem\",\"position\":1,\"name\":\"Dom\u016f\",\"item\":\"https:\\\/\\\/shopatoa.com\\\/cz\\\/\"},{\"@type\":\"ListItem\",\"position\":2,\"name\":\"Produkty\",\"item\":\"https:\\\/\\\/shopatoa.com\\\/cz\\\/shop\\\/\"},{\"@type\":\"ListItem\",\"position\":3,\"name\":\"Chovatelsk\u00e9 pot\u0159eby\",\"item\":\"https:\\\/\\\/shopatoa.com\\\/cz\\\/chovatelske-potreby-2\\\/\"},{\"@type\":\"ListItem\",\"position\":4,\"name\":\"Pro psy\",\"item\":\"https:\\\/\\\/shopatoa.com\\\/cz\\\/pro-psy-chovatelske-potreby-2\\\/\"},{\"@type\":\"ListItem\",\"position\":5,\"name\":\"Krmivo pro psy\",\"item\":\"https:\\\/\\\/shopatoa.com\\\/cz\\\/krmivo-pro-psy-pro-psy-chovatelske-potreby-2\\\/\"},{\"@type\":\"ListItem\",\"position\":6,\"name\":\"Pamlsky pro psy\",\"item\":\"https:\\\/\\\/shopatoa.com\\\/cz\\\/pamlsky-pro-psy\\\/\"},{\"@type\":\"ListItem\",\"position\":7,\"name\":\"Canvit Junior pro psy 100g\"}]},{\"@type\":\"WebSite\",\"@id\":\"https:\\\/\\\/shopatoa.com\\\/cz\\\/#website\",\"url\":\"https:\\\/\\\/shopatoa.com\\\/cz\\\/\",\"name\":\"SHOPATOA\",\"description\":\"\",\"publisher\":{\"@id\":\"https:\\\/\\\/shopatoa.com\\\/cz\\\/#organization\"},\"potentialAction\":[{\"@type\":\"SearchAction\",\"target\":{\"@type\":\"EntryPoint\",\"urlTemplate\":\"https:\\\/\\\/shopatoa.com\\\/cz\\\/?s={search_term_string}\"},\"query-input\":{\"@type\":\"PropertyValueSpecification\",\"valueRequired\":true,\"valueName\":\"search_term_string\"}}],\"inLanguage\":\"cs\"},{\"@type\":\"Organization\",\"@id\":\"https:\\\/\\\/shopatoa.com\\\/cz\\\/#organization\",\"name\":\"SHOPATOA Digital s.r.o.\",\"url\":\"https:\\\/\\\/shopatoa.com\\\/cz\\\/\",\"logo\":{\"@type\":\"ImageObject\",\"inLanguage\":\"cs\",\"@id\":\"https:\\\/\\\/shopatoa.com\\\/cz\\\/#\\\/schema\\\/logo\\\/image\\\/\",\"url\":\"https:\\\/\\\/storage.googleapis.com\\\/cz-shopatoa-img\\\/cz\\\/ebccf434-shopatoa_logo.png\",\"contentUrl\":\"https:\\\/\\\/storage.googleapis.com\\\/cz-shopatoa-img\\\/cz\\\/ebccf434-shopatoa_logo.png\",\"width\":416,\"height\":63,\"caption\":\"SHOPATOA Digital s.r.o.\"},\"image\":{\"@id\":\"https:\\\/\\\/shopatoa.com\\\/cz\\\/#\\\/schema\\\/logo\\\/image\\\/\"}}]}<\/script>\n<!-- \/ Yoast SEO plugin. -->","yoast_head_json":{"title":"Canvit Junior pro psy 100g - SHOPATOA.COM","robots":{"index":"index","follow":"follow","max-snippet":"max-snippet:-1","max-image-preview":"max-image-preview:large","max-video-preview":"max-video-preview:-1"},"canonical":"https:\/\/shopatoa.com\/cz\/canvit-junior-pro-psy-100g\/","og_locale":"cs_CZ","og_type":"article","og_title":"Canvit Junior pro psy 100g - SHOPATOA.COM","og_description":"Vitam\u00edny pro \u0161t\u011b\u0148ata &#8211; pro zdrav\u00fd r\u016fst a v\u00fdvoj. Kombinace \u017eivin, aminokyselin a omega-3 a 6 mastn\u00fdch kyselin z p\u0159\u00edrodn\u00edch zdroj\u016f zlep\u0161uje zdrav\u00ed a vzhled k\u016f\u017ee a srsti a udr\u017euje perfektn\u00ed kondici. Mannan-oligosacharidy a probiotika podporuj\u00ed zdrav\u00ed st\u0159evn\u00ed mikroflory a posiluj\u00ed imunitn\u00ed syst\u00e9m. Slo\u017een\u00ed: su\u0161en\u00e1 lakt\u00f3za, gluk\u00f3za, p\u0161eni\u010dn\u00fd \u0161krob, su\u0161en\u00e9 pivovarsk\u00e9 kvasnice (zdroj aminokyselin), kvasinkov\u00e9...","og_url":"https:\/\/shopatoa.com\/cz\/canvit-junior-pro-psy-100g\/","og_site_name":"SHOPATOA","article_modified_time":"2025-04-25T23:00:57+00:00","og_image":[{"width":600,"height":600,"url":"https:\/\/storage.googleapis.com\/cz-shopatoa-img\/cz\/9936cab1-1_31935.jpg","type":"image\/jpeg"}],"twitter_card":"summary_large_image","twitter_misc":{"Odhadovan\u00e1 doba \u010dten\u00ed":"1 minuta"},"schema":{"@context":"https:\/\/schema.org","@graph":[{"@type":"WebPage","@id":"https:\/\/shopatoa.com\/cz\/canvit-junior-pro-psy-100g\/","url":"https:\/\/shopatoa.com\/cz\/canvit-junior-pro-psy-100g\/","name":"Canvit Junior pro psy 100g - SHOPATOA.COM","isPartOf":{"@id":"https:\/\/shopatoa.com\/cz\/#website"},"primaryImageOfPage":{"@id":"https:\/\/shopatoa.com\/cz\/canvit-junior-pro-psy-100g\/#primaryimage"},"image":{"@id":"https:\/\/shopatoa.com\/cz\/canvit-junior-pro-psy-100g\/#primaryimage"},"thumbnailUrl":"https:\/\/storage.googleapis.com\/cz-shopatoa-img\/cz\/9936cab1-1_31935.jpg","datePublished":"2025-04-02T10:01:39+00:00","dateModified":"2025-04-25T23:00:57+00:00","breadcrumb":{"@id":"https:\/\/shopatoa.com\/cz\/canvit-junior-pro-psy-100g\/#breadcrumb"},"inLanguage":"cs","potentialAction":[{"@type":"ReadAction","target":["https:\/\/shopatoa.com\/cz\/canvit-junior-pro-psy-100g\/"]}]},{"@type":"ImageObject","inLanguage":"cs","@id":"https:\/\/shopatoa.com\/cz\/canvit-junior-pro-psy-100g\/#primaryimage","url":"https:\/\/storage.googleapis.com\/cz-shopatoa-img\/cz\/9936cab1-1_31935.jpg","contentUrl":"https:\/\/storage.googleapis.com\/cz-shopatoa-img\/cz\/9936cab1-1_31935.jpg","width":600,"height":600},{"@type":"BreadcrumbList","@id":"https:\/\/shopatoa.com\/cz\/canvit-junior-pro-psy-100g\/#breadcrumb","itemListElement":[{"@type":"ListItem","position":1,"name":"Dom\u016f","item":"https:\/\/shopatoa.com\/cz\/"},{"@type":"ListItem","position":2,"name":"Produkty","item":"https:\/\/shopatoa.com\/cz\/shop\/"},{"@type":"ListItem","position":3,"name":"Chovatelsk\u00e9 pot\u0159eby","item":"https:\/\/shopatoa.com\/cz\/chovatelske-potreby-2\/"},{"@type":"ListItem","position":4,"name":"Pro psy","item":"https:\/\/shopatoa.com\/cz\/pro-psy-chovatelske-potreby-2\/"},{"@type":"ListItem","position":5,"name":"Krmivo pro psy","item":"https:\/\/shopatoa.com\/cz\/krmivo-pro-psy-pro-psy-chovatelske-potreby-2\/"},{"@type":"ListItem","position":6,"name":"Pamlsky pro psy","item":"https:\/\/shopatoa.com\/cz\/pamlsky-pro-psy\/"},{"@type":"ListItem","position":7,"name":"Canvit Junior pro psy 100g"}]},{"@type":"WebSite","@id":"https:\/\/shopatoa.com\/cz\/#website","url":"https:\/\/shopatoa.com\/cz\/","name":"SHOPATOA","description":"","publisher":{"@id":"https:\/\/shopatoa.com\/cz\/#organization"},"potentialAction":[{"@type":"SearchAction","target":{"@type":"EntryPoint","urlTemplate":"https:\/\/shopatoa.com\/cz\/?s={search_term_string}"},"query-input":{"@type":"PropertyValueSpecification","valueRequired":true,"valueName":"search_term_string"}}],"inLanguage":"cs"},{"@type":"Organization","@id":"https:\/\/shopatoa.com\/cz\/#organization","name":"SHOPATOA Digital s.r.o.","url":"https:\/\/shopatoa.com\/cz\/","logo":{"@type":"ImageObject","inLanguage":"cs","@id":"https:\/\/shopatoa.com\/cz\/#\/schema\/logo\/image\/","url":"https:\/\/storage.googleapis.com\/cz-shopatoa-img\/cz\/ebccf434-shopatoa_logo.png","contentUrl":"https:\/\/storage.googleapis.com\/cz-shopatoa-img\/cz\/ebccf434-shopatoa_logo.png","width":416,"height":63,"caption":"SHOPATOA Digital s.r.o."},"image":{"@id":"https:\/\/shopatoa.com\/cz\/#\/schema\/logo\/image\/"}}]}},"_links":{"self":[{"href":"https:\/\/shopatoa.com\/cz\/wp-json\/wp\/v2\/product\/243649","targetHints":{"allow":["GET"]}}],"collection":[{"href":"https:\/\/shopatoa.com\/cz\/wp-json\/wp\/v2\/product"}],"about":[{"href":"https:\/\/shopatoa.com\/cz\/wp-json\/wp\/v2\/types\/product"}],"replies":[{"embeddable":true,"href":"https:\/\/shopatoa.com\/cz\/wp-json\/wp\/v2\/comments?post=243649"}],"wp:featuredmedia":[{"embeddable":true,"href":"https:\/\/shopatoa.com\/cz\/wp-json\/wp\/v2\/media\/243650"}],"wp:attachment":[{"href":"https:\/\/shopatoa.com\/cz\/wp-json\/wp\/v2\/media?parent=243649"}],"wp:term":[{"taxonomy":"product_brand","embeddable":true,"href":"https:\/\/shopatoa.com\/cz\/wp-json\/wp\/v2\/product_brand?post=243649"},{"taxonomy":"product_cat","embeddable":true,"href":"https:\/\/shopatoa.com\/cz\/wp-json\/wp\/v2\/product_cat?post=243649"},{"taxonomy":"product_tag","embeddable":true,"href":"https:\/\/shopatoa.com\/cz\/wp-json\/wp\/v2\/product_tag?post=243649"}],"curies":[{"name":"wp","href":"https:\/\/api.w.org\/{rel}","templated":true}]}}