{"id":243685,"date":"2025-04-02T12:10:23","date_gmt":"2025-04-02T10:10:23","guid":{"rendered":"https:\/\/shopatoa.com\/cz\/?post_type=product&#038;p=243685"},"modified":"2026-02-04T04:11:52","modified_gmt":"2026-02-04T03:11:52","slug":"hreben-furminator-pro-hlodavce","status":"publish","type":"product","link":"https:\/\/shopatoa.com\/cz\/hreben-furminator-pro-hlodavce\/","title":{"rendered":"H\u0159eben Furminator pro hlodavce"},"content":{"rendered":"<p>Profesion\u00e1ln\u00ed h\u0159eben, kter\u00fd redukuje l\u00edn\u00e1n\u00ed a\u017e o 90%.<\/p>\n<p>Vhodn\u00fd pro mal\u00e1 zv\u00ed\u0159ata a hlodavce.<\/p>\n<p>Hlavn\u00ed v\u00fdhody\u00a0<\/p>\n<p>\tnerezov\u00e1 \u010depel<br \/>\n\tergonomick\u00e1 rukoje\u0165<br \/>\n\ttla\u010d\u00edtko FURejectorTM<\/p>\n<p>Vy\u010des\u00e1vac\u00ed hrana z nerezov\u00e9 oceli<\/p>\n<p>Vy\u010des\u00e1vac\u00ed hrana z nerezov\u00e9 oceli\u00a0\u00fa\u010dinn\u011b pro\u010de\u0161e i nejspodn\u011bj\u0161\u00ed vrstvy srsti, \u010d\u00edm\u017e bezpe\u010dn\u011b a jednodu\u0161e odstran\u00ed odum\u0159el\u00e9 chlupy v\u010detn\u011b podsady bez po\u0161kozen\u00ed srsti nebo poran\u011bn\u00ed k\u016f\u017ee.<\/p>\n<p>Tla\u010d\u00edtko FURejectorTM<\/p>\n<p>Tla\u010d\u00edtko FURejectorTM lehce uvoln\u00ed vy\u010desan\u00e9 chlupy \u2013 \u00fadr\u017eba vy\u010des\u00e1vac\u00ed hrany se tak st\u00e1v\u00e1 snadn\u011bj\u0161\u00ed ne\u017e kdy jindy.<\/p>\n<p>\u00a0<\/p>\n<p>Ergonomick\u00e1 rukoje\u0165 <\/p>\n<p>Ergonomick\u00e1 rukoje\u0165 pro pohodl\u00ed a lehkost pou\u017e\u00edv\u00e1n\u00ed.<\/p>\n<p>FURminator\u00ae deShedding V\u00e1m d\u00edky sn\u00ed\u017een\u00ed l\u00edn\u00e1n\u00ed a\u017e o 90% umo\u017e\u0148uje sd\u00edlet domov s Va\u0161\u00edm mazl\u00ed\u010dkem\u00a0bez v\u0161udyp\u0159\u00edtomn\u00fdch chlup\u016f.<\/p>\n<p>Pou\u017e\u00edv\u00e1no a doporu\u010dov\u00e1no profesion\u00e1ln\u00edmi st\u0159iha\u010di a veterin\u00e1\u0159i.<\/p>\n<p>Zaru\u010den\u011b redukuje l\u00edn\u00e1n\u00ed l\u00e9pe ne\u017e jak\u00fdkoliv b\u011b\u017en\u00fd kart\u00e1\u010d nebo h\u0159eben.<\/p>\n<p>Navr\u017eeno profesion\u00e1lem pro profesion\u00e1ln\u00ed v\u00fdsledky.<\/p>\n","protected":false},"excerpt":{"rendered":"<p>Profesion\u00e1ln\u00ed h\u0159eben, kter\u00fd redukuje l\u00edn\u00e1n\u00ed a\u017e o 90%. Vhodn\u00fd pro mal\u00e1 zv\u00ed\u0159ata a hlodavce. Hlavn\u00ed v\u00fdhody\u00a0 nerezov\u00e1 \u010depel ergonomick\u00e1 rukoje\u0165 tla\u010d\u00edtko FURejectorTM Vy\u010des\u00e1vac\u00ed hrana z nerezov\u00e9 oceli Vy\u010des\u00e1vac\u00ed hrana z nerezov\u00e9 oceli\u00a0\u00fa\u010dinn\u011b pro\u010de\u0161e i nejspodn\u011bj\u0161\u00ed vrstvy srsti, \u010d\u00edm\u017e bezpe\u010dn\u011b a jednodu\u0161e odstran\u00ed odum\u0159el\u00e9 chlupy v\u010detn\u011b podsady bez po\u0161kozen\u00ed srsti nebo poran\u011bn\u00ed k\u016f\u017ee. Tla\u010d\u00edtko FURejectorTM Tla\u010d\u00edtko&#8230;<\/p>\n","protected":false},"featured_media":243686,"comment_status":"closed","ping_status":"open","template":"","meta":{"_acf_changed":false,"_kadence_starter_templates_imported_post":false,"_kad_post_transparent":"","_kad_post_title":"","_kad_post_layout":"","_kad_post_sidebar_id":"","_kad_post_content_style":"","_kad_post_vertical_padding":"","_kad_post_feature":"","_kad_post_feature_position":"","_kad_post_header":false,"_kad_post_footer":false,"_kad_post_classname":""},"product_brand":[2682],"product_cat":[436,2502,2566,2501],"product_tag":[],"class_list":{"0":"post-243685","1":"product","2":"type-product","3":"status-publish","4":"has-post-thumbnail","6":"product_brand-furminator","7":"product_cat-chovatelske-potreby-2","8":"product_cat-hygiena-a-kosmetika-pro-hlodavce","9":"product_cat-pece-o-srst-a-drapky-hlodavcu","10":"product_cat-pro-hlodavce","11":"pa_obchod-superzoo-cz","13":"first","14":"instock","15":"product-type-external","16":"entry","17":"content-bg","18":"loop-entry"},"acf":[],"yoast_head":"<!-- This site is optimized with the Yoast SEO plugin v27.4 - https:\/\/yoast.com\/product\/yoast-seo-wordpress\/ -->\n<title>H\u0159eben Furminator pro hlodavce - SHOPATOA.COM<\/title>\n<meta name=\"robots\" content=\"index, follow, max-snippet:-1, max-image-preview:large, max-video-preview:-1\" \/>\n<link rel=\"canonical\" href=\"https:\/\/shopatoa.com\/cz\/hreben-furminator-pro-hlodavce\/\" \/>\n<meta property=\"og:locale\" content=\"cs_CZ\" \/>\n<meta property=\"og:type\" content=\"article\" \/>\n<meta property=\"og:title\" content=\"H\u0159eben Furminator pro hlodavce - SHOPATOA.COM\" \/>\n<meta property=\"og:description\" content=\"Profesion\u00e1ln\u00ed h\u0159eben, kter\u00fd redukuje l\u00edn\u00e1n\u00ed a\u017e o 90%. Vhodn\u00fd pro mal\u00e1 zv\u00ed\u0159ata a hlodavce. Hlavn\u00ed v\u00fdhody\u00a0 nerezov\u00e1 \u010depel ergonomick\u00e1 rukoje\u0165 tla\u010d\u00edtko FURejectorTM Vy\u010des\u00e1vac\u00ed hrana z nerezov\u00e9 oceli Vy\u010des\u00e1vac\u00ed hrana z nerezov\u00e9 oceli\u00a0\u00fa\u010dinn\u011b pro\u010de\u0161e i nejspodn\u011bj\u0161\u00ed vrstvy srsti, \u010d\u00edm\u017e bezpe\u010dn\u011b a jednodu\u0161e odstran\u00ed odum\u0159el\u00e9 chlupy v\u010detn\u011b podsady bez po\u0161kozen\u00ed srsti nebo poran\u011bn\u00ed k\u016f\u017ee. Tla\u010d\u00edtko FURejectorTM Tla\u010d\u00edtko...\" \/>\n<meta property=\"og:url\" content=\"https:\/\/shopatoa.com\/cz\/hreben-furminator-pro-hlodavce\/\" \/>\n<meta property=\"og:site_name\" content=\"SHOPATOA\" \/>\n<meta property=\"article:modified_time\" content=\"2026-02-04T03:11:52+00:00\" \/>\n<meta property=\"og:image\" content=\"https:\/\/storage.googleapis.com\/cz-shopatoa-img\/cz\/f9cf26e9-1_32553.jpg\" \/>\n\t<meta property=\"og:image:width\" content=\"600\" \/>\n\t<meta property=\"og:image:height\" content=\"600\" \/>\n\t<meta property=\"og:image:type\" content=\"image\/jpeg\" \/>\n<meta name=\"twitter:card\" content=\"summary_large_image\" \/>\n<meta name=\"twitter:label1\" content=\"Odhadovan\u00e1 doba \u010dten\u00ed\" \/>\n\t<meta name=\"twitter:data1\" content=\"1 minuta\" \/>\n<script type=\"application\/ld+json\" class=\"yoast-schema-graph\">{\"@context\":\"https:\\\/\\\/schema.org\",\"@graph\":[{\"@type\":\"WebPage\",\"@id\":\"https:\\\/\\\/shopatoa.com\\\/cz\\\/hreben-furminator-pro-hlodavce\\\/\",\"url\":\"https:\\\/\\\/shopatoa.com\\\/cz\\\/hreben-furminator-pro-hlodavce\\\/\",\"name\":\"H\u0159eben Furminator pro hlodavce - SHOPATOA.COM\",\"isPartOf\":{\"@id\":\"https:\\\/\\\/shopatoa.com\\\/cz\\\/#website\"},\"primaryImageOfPage\":{\"@id\":\"https:\\\/\\\/shopatoa.com\\\/cz\\\/hreben-furminator-pro-hlodavce\\\/#primaryimage\"},\"image\":{\"@id\":\"https:\\\/\\\/shopatoa.com\\\/cz\\\/hreben-furminator-pro-hlodavce\\\/#primaryimage\"},\"thumbnailUrl\":\"https:\\\/\\\/storage.googleapis.com\\\/cz-shopatoa-img\\\/cz\\\/f9cf26e9-1_32553.jpg\",\"datePublished\":\"2025-04-02T10:10:23+00:00\",\"dateModified\":\"2026-02-04T03:11:52+00:00\",\"breadcrumb\":{\"@id\":\"https:\\\/\\\/shopatoa.com\\\/cz\\\/hreben-furminator-pro-hlodavce\\\/#breadcrumb\"},\"inLanguage\":\"cs\",\"potentialAction\":[{\"@type\":\"ReadAction\",\"target\":[\"https:\\\/\\\/shopatoa.com\\\/cz\\\/hreben-furminator-pro-hlodavce\\\/\"]}]},{\"@type\":\"ImageObject\",\"inLanguage\":\"cs\",\"@id\":\"https:\\\/\\\/shopatoa.com\\\/cz\\\/hreben-furminator-pro-hlodavce\\\/#primaryimage\",\"url\":\"https:\\\/\\\/storage.googleapis.com\\\/cz-shopatoa-img\\\/cz\\\/f9cf26e9-1_32553.jpg\",\"contentUrl\":\"https:\\\/\\\/storage.googleapis.com\\\/cz-shopatoa-img\\\/cz\\\/f9cf26e9-1_32553.jpg\",\"width\":600,\"height\":600},{\"@type\":\"BreadcrumbList\",\"@id\":\"https:\\\/\\\/shopatoa.com\\\/cz\\\/hreben-furminator-pro-hlodavce\\\/#breadcrumb\",\"itemListElement\":[{\"@type\":\"ListItem\",\"position\":1,\"name\":\"Dom\u016f\",\"item\":\"https:\\\/\\\/shopatoa.com\\\/cz\\\/\"},{\"@type\":\"ListItem\",\"position\":2,\"name\":\"Produkty\",\"item\":\"https:\\\/\\\/shopatoa.com\\\/cz\\\/shop\\\/\"},{\"@type\":\"ListItem\",\"position\":3,\"name\":\"Chovatelsk\u00e9 pot\u0159eby\",\"item\":\"https:\\\/\\\/shopatoa.com\\\/cz\\\/chovatelske-potreby-2\\\/\"},{\"@type\":\"ListItem\",\"position\":4,\"name\":\"Pro hlodavce\",\"item\":\"https:\\\/\\\/shopatoa.com\\\/cz\\\/pro-hlodavce\\\/\"},{\"@type\":\"ListItem\",\"position\":5,\"name\":\"Hygiena a kosmetika pro hlodavce\",\"item\":\"https:\\\/\\\/shopatoa.com\\\/cz\\\/hygiena-a-kosmetika-pro-hlodavce\\\/\"},{\"@type\":\"ListItem\",\"position\":6,\"name\":\"P\u00e9\u010de o srst a dr\u00e1pky hlodavc\u016f\",\"item\":\"https:\\\/\\\/shopatoa.com\\\/cz\\\/pece-o-srst-a-drapky-hlodavcu\\\/\"},{\"@type\":\"ListItem\",\"position\":7,\"name\":\"H\u0159eben Furminator pro hlodavce\"}]},{\"@type\":\"WebSite\",\"@id\":\"https:\\\/\\\/shopatoa.com\\\/cz\\\/#website\",\"url\":\"https:\\\/\\\/shopatoa.com\\\/cz\\\/\",\"name\":\"SHOPATOA\",\"description\":\"\",\"publisher\":{\"@id\":\"https:\\\/\\\/shopatoa.com\\\/cz\\\/#organization\"},\"potentialAction\":[{\"@type\":\"SearchAction\",\"target\":{\"@type\":\"EntryPoint\",\"urlTemplate\":\"https:\\\/\\\/shopatoa.com\\\/cz\\\/?s={search_term_string}\"},\"query-input\":{\"@type\":\"PropertyValueSpecification\",\"valueRequired\":true,\"valueName\":\"search_term_string\"}}],\"inLanguage\":\"cs\"},{\"@type\":\"Organization\",\"@id\":\"https:\\\/\\\/shopatoa.com\\\/cz\\\/#organization\",\"name\":\"SHOPATOA Digital s.r.o.\",\"url\":\"https:\\\/\\\/shopatoa.com\\\/cz\\\/\",\"logo\":{\"@type\":\"ImageObject\",\"inLanguage\":\"cs\",\"@id\":\"https:\\\/\\\/shopatoa.com\\\/cz\\\/#\\\/schema\\\/logo\\\/image\\\/\",\"url\":\"https:\\\/\\\/storage.googleapis.com\\\/cz-shopatoa-img\\\/cz\\\/ebccf434-shopatoa_logo.png\",\"contentUrl\":\"https:\\\/\\\/storage.googleapis.com\\\/cz-shopatoa-img\\\/cz\\\/ebccf434-shopatoa_logo.png\",\"width\":416,\"height\":63,\"caption\":\"SHOPATOA Digital s.r.o.\"},\"image\":{\"@id\":\"https:\\\/\\\/shopatoa.com\\\/cz\\\/#\\\/schema\\\/logo\\\/image\\\/\"}}]}<\/script>\n<!-- \/ Yoast SEO plugin. -->","yoast_head_json":{"title":"H\u0159eben Furminator pro hlodavce - SHOPATOA.COM","robots":{"index":"index","follow":"follow","max-snippet":"max-snippet:-1","max-image-preview":"max-image-preview:large","max-video-preview":"max-video-preview:-1"},"canonical":"https:\/\/shopatoa.com\/cz\/hreben-furminator-pro-hlodavce\/","og_locale":"cs_CZ","og_type":"article","og_title":"H\u0159eben Furminator pro hlodavce - SHOPATOA.COM","og_description":"Profesion\u00e1ln\u00ed h\u0159eben, kter\u00fd redukuje l\u00edn\u00e1n\u00ed a\u017e o 90%. Vhodn\u00fd pro mal\u00e1 zv\u00ed\u0159ata a hlodavce. Hlavn\u00ed v\u00fdhody\u00a0 nerezov\u00e1 \u010depel ergonomick\u00e1 rukoje\u0165 tla\u010d\u00edtko FURejectorTM Vy\u010des\u00e1vac\u00ed hrana z nerezov\u00e9 oceli Vy\u010des\u00e1vac\u00ed hrana z nerezov\u00e9 oceli\u00a0\u00fa\u010dinn\u011b pro\u010de\u0161e i nejspodn\u011bj\u0161\u00ed vrstvy srsti, \u010d\u00edm\u017e bezpe\u010dn\u011b a jednodu\u0161e odstran\u00ed odum\u0159el\u00e9 chlupy v\u010detn\u011b podsady bez po\u0161kozen\u00ed srsti nebo poran\u011bn\u00ed k\u016f\u017ee. Tla\u010d\u00edtko FURejectorTM Tla\u010d\u00edtko...","og_url":"https:\/\/shopatoa.com\/cz\/hreben-furminator-pro-hlodavce\/","og_site_name":"SHOPATOA","article_modified_time":"2026-02-04T03:11:52+00:00","og_image":[{"width":600,"height":600,"url":"https:\/\/storage.googleapis.com\/cz-shopatoa-img\/cz\/f9cf26e9-1_32553.jpg","type":"image\/jpeg"}],"twitter_card":"summary_large_image","twitter_misc":{"Odhadovan\u00e1 doba \u010dten\u00ed":"1 minuta"},"schema":{"@context":"https:\/\/schema.org","@graph":[{"@type":"WebPage","@id":"https:\/\/shopatoa.com\/cz\/hreben-furminator-pro-hlodavce\/","url":"https:\/\/shopatoa.com\/cz\/hreben-furminator-pro-hlodavce\/","name":"H\u0159eben Furminator pro hlodavce - SHOPATOA.COM","isPartOf":{"@id":"https:\/\/shopatoa.com\/cz\/#website"},"primaryImageOfPage":{"@id":"https:\/\/shopatoa.com\/cz\/hreben-furminator-pro-hlodavce\/#primaryimage"},"image":{"@id":"https:\/\/shopatoa.com\/cz\/hreben-furminator-pro-hlodavce\/#primaryimage"},"thumbnailUrl":"https:\/\/storage.googleapis.com\/cz-shopatoa-img\/cz\/f9cf26e9-1_32553.jpg","datePublished":"2025-04-02T10:10:23+00:00","dateModified":"2026-02-04T03:11:52+00:00","breadcrumb":{"@id":"https:\/\/shopatoa.com\/cz\/hreben-furminator-pro-hlodavce\/#breadcrumb"},"inLanguage":"cs","potentialAction":[{"@type":"ReadAction","target":["https:\/\/shopatoa.com\/cz\/hreben-furminator-pro-hlodavce\/"]}]},{"@type":"ImageObject","inLanguage":"cs","@id":"https:\/\/shopatoa.com\/cz\/hreben-furminator-pro-hlodavce\/#primaryimage","url":"https:\/\/storage.googleapis.com\/cz-shopatoa-img\/cz\/f9cf26e9-1_32553.jpg","contentUrl":"https:\/\/storage.googleapis.com\/cz-shopatoa-img\/cz\/f9cf26e9-1_32553.jpg","width":600,"height":600},{"@type":"BreadcrumbList","@id":"https:\/\/shopatoa.com\/cz\/hreben-furminator-pro-hlodavce\/#breadcrumb","itemListElement":[{"@type":"ListItem","position":1,"name":"Dom\u016f","item":"https:\/\/shopatoa.com\/cz\/"},{"@type":"ListItem","position":2,"name":"Produkty","item":"https:\/\/shopatoa.com\/cz\/shop\/"},{"@type":"ListItem","position":3,"name":"Chovatelsk\u00e9 pot\u0159eby","item":"https:\/\/shopatoa.com\/cz\/chovatelske-potreby-2\/"},{"@type":"ListItem","position":4,"name":"Pro hlodavce","item":"https:\/\/shopatoa.com\/cz\/pro-hlodavce\/"},{"@type":"ListItem","position":5,"name":"Hygiena a kosmetika pro hlodavce","item":"https:\/\/shopatoa.com\/cz\/hygiena-a-kosmetika-pro-hlodavce\/"},{"@type":"ListItem","position":6,"name":"P\u00e9\u010de o srst a dr\u00e1pky hlodavc\u016f","item":"https:\/\/shopatoa.com\/cz\/pece-o-srst-a-drapky-hlodavcu\/"},{"@type":"ListItem","position":7,"name":"H\u0159eben Furminator pro hlodavce"}]},{"@type":"WebSite","@id":"https:\/\/shopatoa.com\/cz\/#website","url":"https:\/\/shopatoa.com\/cz\/","name":"SHOPATOA","description":"","publisher":{"@id":"https:\/\/shopatoa.com\/cz\/#organization"},"potentialAction":[{"@type":"SearchAction","target":{"@type":"EntryPoint","urlTemplate":"https:\/\/shopatoa.com\/cz\/?s={search_term_string}"},"query-input":{"@type":"PropertyValueSpecification","valueRequired":true,"valueName":"search_term_string"}}],"inLanguage":"cs"},{"@type":"Organization","@id":"https:\/\/shopatoa.com\/cz\/#organization","name":"SHOPATOA Digital s.r.o.","url":"https:\/\/shopatoa.com\/cz\/","logo":{"@type":"ImageObject","inLanguage":"cs","@id":"https:\/\/shopatoa.com\/cz\/#\/schema\/logo\/image\/","url":"https:\/\/storage.googleapis.com\/cz-shopatoa-img\/cz\/ebccf434-shopatoa_logo.png","contentUrl":"https:\/\/storage.googleapis.com\/cz-shopatoa-img\/cz\/ebccf434-shopatoa_logo.png","width":416,"height":63,"caption":"SHOPATOA Digital s.r.o."},"image":{"@id":"https:\/\/shopatoa.com\/cz\/#\/schema\/logo\/image\/"}}]}},"_links":{"self":[{"href":"https:\/\/shopatoa.com\/cz\/wp-json\/wp\/v2\/product\/243685","targetHints":{"allow":["GET"]}}],"collection":[{"href":"https:\/\/shopatoa.com\/cz\/wp-json\/wp\/v2\/product"}],"about":[{"href":"https:\/\/shopatoa.com\/cz\/wp-json\/wp\/v2\/types\/product"}],"replies":[{"embeddable":true,"href":"https:\/\/shopatoa.com\/cz\/wp-json\/wp\/v2\/comments?post=243685"}],"wp:featuredmedia":[{"embeddable":true,"href":"https:\/\/shopatoa.com\/cz\/wp-json\/wp\/v2\/media\/243686"}],"wp:attachment":[{"href":"https:\/\/shopatoa.com\/cz\/wp-json\/wp\/v2\/media?parent=243685"}],"wp:term":[{"taxonomy":"product_brand","embeddable":true,"href":"https:\/\/shopatoa.com\/cz\/wp-json\/wp\/v2\/product_brand?post=243685"},{"taxonomy":"product_cat","embeddable":true,"href":"https:\/\/shopatoa.com\/cz\/wp-json\/wp\/v2\/product_cat?post=243685"},{"taxonomy":"product_tag","embeddable":true,"href":"https:\/\/shopatoa.com\/cz\/wp-json\/wp\/v2\/product_tag?post=243685"}],"curies":[{"name":"wp","href":"https:\/\/api.w.org\/{rel}","templated":true}]}}