{"id":243952,"date":"2025-04-02T12:56:12","date_gmt":"2025-04-02T10:56:12","guid":{"rendered":"https:\/\/shopatoa.com\/cz\/?post_type=product&#038;p=243952"},"modified":"2026-02-02T07:27:53","modified_gmt":"2026-02-02T06:27:53","slug":"krmivo-applaws-cat-kitten-400g","status":"publish","type":"product","link":"https:\/\/shopatoa.com\/cz\/krmivo-applaws-cat-kitten-400g\/","title":{"rendered":"Krmivo Applaws Cat Kitten 400g"},"content":{"rendered":"<p>Kompletn\u00ed krmivo pro ko\u0165ata s\u00a0obsahem ku\u0159ec\u00edho masa a zeleninou<\/p>\n<p>Prvot\u0159\u00eddn\u00ed krmivo pro ko\u0165ata<\/p>\n<p>Krmivo s 80% obsahem ku\u0159ete, kter\u00e9 je zcela bez obilovin, konzervant\u016f, dochucovadel a barviv, je p\u0159irozen\u011b hypoalergenn\u00ed, s n\u00edzk\u00fdm obsahem sacharid\u016f a vysok\u00fdm pod\u00edlem masa. Je p\u0159\u00edrodn\u011b konzervov\u00e1no s vitam\u00ednem E a rozmar\u00fdnov\u00fdm olejem.<\/p>\n<p>Obsahuje p\u0159\u00edrodn\u00ed v\u00fdta\u017eky z brusinek, zn\u00e1m\u00e9 sv\u00fdm p\u0159\u00ednosem pro zdrav\u00ed mo\u010dov\u00fdch cest a prebiotika pro zdrav\u00fd tr\u00e1vic\u00ed syst\u00e9m. P\u0159\u00edrodn\u00ed omega 3 a omega 6 mastn\u00e9 kyseliny vy\u017eivuj\u00ed srst a pom\u00e1haj\u00ed zachovat zdravou k\u016f\u017ei. Antioxida\u010dn\u00ed formule obsahuje sm\u011bs p\u0159irozen\u011b se vyskytuj\u00edc\u00edch antioxidant\u016f selenu a p\u0159\u00edrodn\u00edch tokoferol\u016f. V\u00fdhody p\u0159\u00edrodn\u00edch antioxidant\u016f jsou st\u00e1le v\u00edce uzn\u00e1v\u00e1ny, jako d\u016fle\u017eit\u00e9 pro zdrav\u00ed a vitalitu ko\u010dky.\u00a0<\/p>\n<p>Applaws &#8211; ultrapr\u00e9miov\u00e1 krmiva bez obilovin<\/p>\n<p>V\u0161ichni milujeme sv\u00e9 mazl\u00ed\u010dky a chceme jim d\u00e1vat to nejlep\u0161\u00ed. A nen\u00ed d\u016fle\u017eit\u00e9, jestli je n\u00e1\u0161 pejsek mal\u00fd \u010di velk\u00fd, v\u00fdstavn\u00ed \u0161ampi\u00f3n nebo adoptovan\u00fd vo\u0159\u00ed\u0161ek. Nez\u00e1le\u017e\u00ed na tom, zda je&#8230;<\/p>\n","protected":false},"excerpt":{"rendered":"<p>Kompletn\u00ed krmivo pro ko\u0165ata s\u00a0obsahem ku\u0159ec\u00edho masa a zeleninou Prvot\u0159\u00eddn\u00ed krmivo pro ko\u0165ata Krmivo s 80% obsahem ku\u0159ete, kter\u00e9 je zcela bez obilovin, konzervant\u016f, dochucovadel a barviv, je p\u0159irozen\u011b hypoalergenn\u00ed, s n\u00edzk\u00fdm obsahem sacharid\u016f a vysok\u00fdm pod\u00edlem masa. Je p\u0159\u00edrodn\u011b konzervov\u00e1no s vitam\u00ednem E a rozmar\u00fdnov\u00fdm olejem. Obsahuje p\u0159\u00edrodn\u00ed v\u00fdta\u017eky z brusinek, zn\u00e1m\u00e9 sv\u00fdm p\u0159\u00ednosem&#8230;<\/p>\n","protected":false},"featured_media":243953,"comment_status":"closed","ping_status":"open","template":"","meta":{"_acf_changed":false,"_kadence_starter_templates_imported_post":false,"_kad_post_transparent":"","_kad_post_title":"","_kad_post_layout":"","_kad_post_sidebar_id":"","_kad_post_content_style":"","_kad_post_vertical_padding":"","_kad_post_feature":"","_kad_post_feature_position":"","_kad_post_header":false,"_kad_post_footer":false,"_kad_post_classname":""},"product_brand":[2686],"product_cat":[436,2675,1465,1464],"product_tag":[],"class_list":{"0":"post-243952","1":"product","2":"type-product","3":"status-publish","4":"has-post-thumbnail","6":"product_brand-applaws","7":"product_cat-chovatelske-potreby-2","8":"product_cat-granule-pro-kocky","9":"product_cat-krmivo-pro-kocky-pro-kocky-chovatelske-potreby-2","10":"product_cat-pro-kocky-chovatelske-potreby-2","11":"pa_obchod-superzoo-cz","13":"first","14":"instock","15":"product-type-external","16":"entry","17":"content-bg","18":"loop-entry"},"acf":[],"yoast_head":"<!-- This site is optimized with the Yoast SEO plugin v27.4 - https:\/\/yoast.com\/product\/yoast-seo-wordpress\/ -->\n<title>Krmivo Applaws Cat Kitten 400g - SHOPATOA.COM<\/title>\n<meta name=\"robots\" content=\"index, follow, max-snippet:-1, max-image-preview:large, max-video-preview:-1\" \/>\n<link rel=\"canonical\" href=\"https:\/\/shopatoa.com\/cz\/krmivo-applaws-cat-kitten-400g\/\" \/>\n<meta property=\"og:locale\" content=\"cs_CZ\" \/>\n<meta property=\"og:type\" content=\"article\" \/>\n<meta property=\"og:title\" content=\"Krmivo Applaws Cat Kitten 400g - SHOPATOA.COM\" \/>\n<meta property=\"og:description\" content=\"Kompletn\u00ed krmivo pro ko\u0165ata s\u00a0obsahem ku\u0159ec\u00edho masa a zeleninou Prvot\u0159\u00eddn\u00ed krmivo pro ko\u0165ata Krmivo s 80% obsahem ku\u0159ete, kter\u00e9 je zcela bez obilovin, konzervant\u016f, dochucovadel a barviv, je p\u0159irozen\u011b hypoalergenn\u00ed, s n\u00edzk\u00fdm obsahem sacharid\u016f a vysok\u00fdm pod\u00edlem masa. Je p\u0159\u00edrodn\u011b konzervov\u00e1no s vitam\u00ednem E a rozmar\u00fdnov\u00fdm olejem. Obsahuje p\u0159\u00edrodn\u00ed v\u00fdta\u017eky z brusinek, zn\u00e1m\u00e9 sv\u00fdm p\u0159\u00ednosem...\" \/>\n<meta property=\"og:url\" content=\"https:\/\/shopatoa.com\/cz\/krmivo-applaws-cat-kitten-400g\/\" \/>\n<meta property=\"og:site_name\" content=\"SHOPATOA\" \/>\n<meta property=\"article:modified_time\" content=\"2026-02-02T06:27:53+00:00\" \/>\n<meta property=\"og:image\" content=\"https:\/\/storage.googleapis.com\/cz-shopatoa-img\/cz\/b1890a1b-1_32919.jpg\" \/>\n\t<meta property=\"og:image:width\" content=\"600\" \/>\n\t<meta property=\"og:image:height\" content=\"600\" \/>\n\t<meta property=\"og:image:type\" content=\"image\/jpeg\" \/>\n<meta name=\"twitter:card\" content=\"summary_large_image\" \/>\n<meta name=\"twitter:label1\" content=\"Odhadovan\u00e1 doba \u010dten\u00ed\" \/>\n\t<meta name=\"twitter:data1\" content=\"1 minuta\" \/>\n<script type=\"application\/ld+json\" class=\"yoast-schema-graph\">{\"@context\":\"https:\\\/\\\/schema.org\",\"@graph\":[{\"@type\":\"WebPage\",\"@id\":\"https:\\\/\\\/shopatoa.com\\\/cz\\\/krmivo-applaws-cat-kitten-400g\\\/\",\"url\":\"https:\\\/\\\/shopatoa.com\\\/cz\\\/krmivo-applaws-cat-kitten-400g\\\/\",\"name\":\"Krmivo Applaws Cat Kitten 400g - SHOPATOA.COM\",\"isPartOf\":{\"@id\":\"https:\\\/\\\/shopatoa.com\\\/cz\\\/#website\"},\"primaryImageOfPage\":{\"@id\":\"https:\\\/\\\/shopatoa.com\\\/cz\\\/krmivo-applaws-cat-kitten-400g\\\/#primaryimage\"},\"image\":{\"@id\":\"https:\\\/\\\/shopatoa.com\\\/cz\\\/krmivo-applaws-cat-kitten-400g\\\/#primaryimage\"},\"thumbnailUrl\":\"https:\\\/\\\/storage.googleapis.com\\\/cz-shopatoa-img\\\/cz\\\/b1890a1b-1_32919.jpg\",\"datePublished\":\"2025-04-02T10:56:12+00:00\",\"dateModified\":\"2026-02-02T06:27:53+00:00\",\"breadcrumb\":{\"@id\":\"https:\\\/\\\/shopatoa.com\\\/cz\\\/krmivo-applaws-cat-kitten-400g\\\/#breadcrumb\"},\"inLanguage\":\"cs\",\"potentialAction\":[{\"@type\":\"ReadAction\",\"target\":[\"https:\\\/\\\/shopatoa.com\\\/cz\\\/krmivo-applaws-cat-kitten-400g\\\/\"]}]},{\"@type\":\"ImageObject\",\"inLanguage\":\"cs\",\"@id\":\"https:\\\/\\\/shopatoa.com\\\/cz\\\/krmivo-applaws-cat-kitten-400g\\\/#primaryimage\",\"url\":\"https:\\\/\\\/storage.googleapis.com\\\/cz-shopatoa-img\\\/cz\\\/b1890a1b-1_32919.jpg\",\"contentUrl\":\"https:\\\/\\\/storage.googleapis.com\\\/cz-shopatoa-img\\\/cz\\\/b1890a1b-1_32919.jpg\",\"width\":600,\"height\":600},{\"@type\":\"BreadcrumbList\",\"@id\":\"https:\\\/\\\/shopatoa.com\\\/cz\\\/krmivo-applaws-cat-kitten-400g\\\/#breadcrumb\",\"itemListElement\":[{\"@type\":\"ListItem\",\"position\":1,\"name\":\"Dom\u016f\",\"item\":\"https:\\\/\\\/shopatoa.com\\\/cz\\\/\"},{\"@type\":\"ListItem\",\"position\":2,\"name\":\"Produkty\",\"item\":\"https:\\\/\\\/shopatoa.com\\\/cz\\\/shop\\\/\"},{\"@type\":\"ListItem\",\"position\":3,\"name\":\"Chovatelsk\u00e9 pot\u0159eby\",\"item\":\"https:\\\/\\\/shopatoa.com\\\/cz\\\/chovatelske-potreby-2\\\/\"},{\"@type\":\"ListItem\",\"position\":4,\"name\":\"Pro ko\u010dky\",\"item\":\"https:\\\/\\\/shopatoa.com\\\/cz\\\/pro-kocky-chovatelske-potreby-2\\\/\"},{\"@type\":\"ListItem\",\"position\":5,\"name\":\"Krmivo pro ko\u010dky\",\"item\":\"https:\\\/\\\/shopatoa.com\\\/cz\\\/krmivo-pro-kocky-pro-kocky-chovatelske-potreby-2\\\/\"},{\"@type\":\"ListItem\",\"position\":6,\"name\":\"Granule pro ko\u010dky\",\"item\":\"https:\\\/\\\/shopatoa.com\\\/cz\\\/granule-pro-kocky\\\/\"},{\"@type\":\"ListItem\",\"position\":7,\"name\":\"Krmivo Applaws Cat Kitten 400g\"}]},{\"@type\":\"WebSite\",\"@id\":\"https:\\\/\\\/shopatoa.com\\\/cz\\\/#website\",\"url\":\"https:\\\/\\\/shopatoa.com\\\/cz\\\/\",\"name\":\"SHOPATOA\",\"description\":\"\",\"publisher\":{\"@id\":\"https:\\\/\\\/shopatoa.com\\\/cz\\\/#organization\"},\"potentialAction\":[{\"@type\":\"SearchAction\",\"target\":{\"@type\":\"EntryPoint\",\"urlTemplate\":\"https:\\\/\\\/shopatoa.com\\\/cz\\\/?s={search_term_string}\"},\"query-input\":{\"@type\":\"PropertyValueSpecification\",\"valueRequired\":true,\"valueName\":\"search_term_string\"}}],\"inLanguage\":\"cs\"},{\"@type\":\"Organization\",\"@id\":\"https:\\\/\\\/shopatoa.com\\\/cz\\\/#organization\",\"name\":\"SHOPATOA Digital s.r.o.\",\"url\":\"https:\\\/\\\/shopatoa.com\\\/cz\\\/\",\"logo\":{\"@type\":\"ImageObject\",\"inLanguage\":\"cs\",\"@id\":\"https:\\\/\\\/shopatoa.com\\\/cz\\\/#\\\/schema\\\/logo\\\/image\\\/\",\"url\":\"https:\\\/\\\/storage.googleapis.com\\\/cz-shopatoa-img\\\/cz\\\/ebccf434-shopatoa_logo.png\",\"contentUrl\":\"https:\\\/\\\/storage.googleapis.com\\\/cz-shopatoa-img\\\/cz\\\/ebccf434-shopatoa_logo.png\",\"width\":416,\"height\":63,\"caption\":\"SHOPATOA Digital s.r.o.\"},\"image\":{\"@id\":\"https:\\\/\\\/shopatoa.com\\\/cz\\\/#\\\/schema\\\/logo\\\/image\\\/\"}}]}<\/script>\n<!-- \/ Yoast SEO plugin. -->","yoast_head_json":{"title":"Krmivo Applaws Cat Kitten 400g - SHOPATOA.COM","robots":{"index":"index","follow":"follow","max-snippet":"max-snippet:-1","max-image-preview":"max-image-preview:large","max-video-preview":"max-video-preview:-1"},"canonical":"https:\/\/shopatoa.com\/cz\/krmivo-applaws-cat-kitten-400g\/","og_locale":"cs_CZ","og_type":"article","og_title":"Krmivo Applaws Cat Kitten 400g - SHOPATOA.COM","og_description":"Kompletn\u00ed krmivo pro ko\u0165ata s\u00a0obsahem ku\u0159ec\u00edho masa a zeleninou Prvot\u0159\u00eddn\u00ed krmivo pro ko\u0165ata Krmivo s 80% obsahem ku\u0159ete, kter\u00e9 je zcela bez obilovin, konzervant\u016f, dochucovadel a barviv, je p\u0159irozen\u011b hypoalergenn\u00ed, s n\u00edzk\u00fdm obsahem sacharid\u016f a vysok\u00fdm pod\u00edlem masa. Je p\u0159\u00edrodn\u011b konzervov\u00e1no s vitam\u00ednem E a rozmar\u00fdnov\u00fdm olejem. Obsahuje p\u0159\u00edrodn\u00ed v\u00fdta\u017eky z brusinek, zn\u00e1m\u00e9 sv\u00fdm p\u0159\u00ednosem...","og_url":"https:\/\/shopatoa.com\/cz\/krmivo-applaws-cat-kitten-400g\/","og_site_name":"SHOPATOA","article_modified_time":"2026-02-02T06:27:53+00:00","og_image":[{"width":600,"height":600,"url":"https:\/\/storage.googleapis.com\/cz-shopatoa-img\/cz\/b1890a1b-1_32919.jpg","type":"image\/jpeg"}],"twitter_card":"summary_large_image","twitter_misc":{"Odhadovan\u00e1 doba \u010dten\u00ed":"1 minuta"},"schema":{"@context":"https:\/\/schema.org","@graph":[{"@type":"WebPage","@id":"https:\/\/shopatoa.com\/cz\/krmivo-applaws-cat-kitten-400g\/","url":"https:\/\/shopatoa.com\/cz\/krmivo-applaws-cat-kitten-400g\/","name":"Krmivo Applaws Cat Kitten 400g - SHOPATOA.COM","isPartOf":{"@id":"https:\/\/shopatoa.com\/cz\/#website"},"primaryImageOfPage":{"@id":"https:\/\/shopatoa.com\/cz\/krmivo-applaws-cat-kitten-400g\/#primaryimage"},"image":{"@id":"https:\/\/shopatoa.com\/cz\/krmivo-applaws-cat-kitten-400g\/#primaryimage"},"thumbnailUrl":"https:\/\/storage.googleapis.com\/cz-shopatoa-img\/cz\/b1890a1b-1_32919.jpg","datePublished":"2025-04-02T10:56:12+00:00","dateModified":"2026-02-02T06:27:53+00:00","breadcrumb":{"@id":"https:\/\/shopatoa.com\/cz\/krmivo-applaws-cat-kitten-400g\/#breadcrumb"},"inLanguage":"cs","potentialAction":[{"@type":"ReadAction","target":["https:\/\/shopatoa.com\/cz\/krmivo-applaws-cat-kitten-400g\/"]}]},{"@type":"ImageObject","inLanguage":"cs","@id":"https:\/\/shopatoa.com\/cz\/krmivo-applaws-cat-kitten-400g\/#primaryimage","url":"https:\/\/storage.googleapis.com\/cz-shopatoa-img\/cz\/b1890a1b-1_32919.jpg","contentUrl":"https:\/\/storage.googleapis.com\/cz-shopatoa-img\/cz\/b1890a1b-1_32919.jpg","width":600,"height":600},{"@type":"BreadcrumbList","@id":"https:\/\/shopatoa.com\/cz\/krmivo-applaws-cat-kitten-400g\/#breadcrumb","itemListElement":[{"@type":"ListItem","position":1,"name":"Dom\u016f","item":"https:\/\/shopatoa.com\/cz\/"},{"@type":"ListItem","position":2,"name":"Produkty","item":"https:\/\/shopatoa.com\/cz\/shop\/"},{"@type":"ListItem","position":3,"name":"Chovatelsk\u00e9 pot\u0159eby","item":"https:\/\/shopatoa.com\/cz\/chovatelske-potreby-2\/"},{"@type":"ListItem","position":4,"name":"Pro ko\u010dky","item":"https:\/\/shopatoa.com\/cz\/pro-kocky-chovatelske-potreby-2\/"},{"@type":"ListItem","position":5,"name":"Krmivo pro ko\u010dky","item":"https:\/\/shopatoa.com\/cz\/krmivo-pro-kocky-pro-kocky-chovatelske-potreby-2\/"},{"@type":"ListItem","position":6,"name":"Granule pro ko\u010dky","item":"https:\/\/shopatoa.com\/cz\/granule-pro-kocky\/"},{"@type":"ListItem","position":7,"name":"Krmivo Applaws Cat Kitten 400g"}]},{"@type":"WebSite","@id":"https:\/\/shopatoa.com\/cz\/#website","url":"https:\/\/shopatoa.com\/cz\/","name":"SHOPATOA","description":"","publisher":{"@id":"https:\/\/shopatoa.com\/cz\/#organization"},"potentialAction":[{"@type":"SearchAction","target":{"@type":"EntryPoint","urlTemplate":"https:\/\/shopatoa.com\/cz\/?s={search_term_string}"},"query-input":{"@type":"PropertyValueSpecification","valueRequired":true,"valueName":"search_term_string"}}],"inLanguage":"cs"},{"@type":"Organization","@id":"https:\/\/shopatoa.com\/cz\/#organization","name":"SHOPATOA Digital s.r.o.","url":"https:\/\/shopatoa.com\/cz\/","logo":{"@type":"ImageObject","inLanguage":"cs","@id":"https:\/\/shopatoa.com\/cz\/#\/schema\/logo\/image\/","url":"https:\/\/storage.googleapis.com\/cz-shopatoa-img\/cz\/ebccf434-shopatoa_logo.png","contentUrl":"https:\/\/storage.googleapis.com\/cz-shopatoa-img\/cz\/ebccf434-shopatoa_logo.png","width":416,"height":63,"caption":"SHOPATOA Digital s.r.o."},"image":{"@id":"https:\/\/shopatoa.com\/cz\/#\/schema\/logo\/image\/"}}]}},"_links":{"self":[{"href":"https:\/\/shopatoa.com\/cz\/wp-json\/wp\/v2\/product\/243952","targetHints":{"allow":["GET"]}}],"collection":[{"href":"https:\/\/shopatoa.com\/cz\/wp-json\/wp\/v2\/product"}],"about":[{"href":"https:\/\/shopatoa.com\/cz\/wp-json\/wp\/v2\/types\/product"}],"replies":[{"embeddable":true,"href":"https:\/\/shopatoa.com\/cz\/wp-json\/wp\/v2\/comments?post=243952"}],"wp:featuredmedia":[{"embeddable":true,"href":"https:\/\/shopatoa.com\/cz\/wp-json\/wp\/v2\/media\/243953"}],"wp:attachment":[{"href":"https:\/\/shopatoa.com\/cz\/wp-json\/wp\/v2\/media?parent=243952"}],"wp:term":[{"taxonomy":"product_brand","embeddable":true,"href":"https:\/\/shopatoa.com\/cz\/wp-json\/wp\/v2\/product_brand?post=243952"},{"taxonomy":"product_cat","embeddable":true,"href":"https:\/\/shopatoa.com\/cz\/wp-json\/wp\/v2\/product_cat?post=243952"},{"taxonomy":"product_tag","embeddable":true,"href":"https:\/\/shopatoa.com\/cz\/wp-json\/wp\/v2\/product_tag?post=243952"}],"curies":[{"name":"wp","href":"https:\/\/api.w.org\/{rel}","templated":true}]}}