{"id":243986,"date":"2025-04-02T13:01:41","date_gmt":"2025-04-02T11:01:41","guid":{"rendered":"https:\/\/shopatoa.com\/cz\/?post_type=product&#038;p=243986"},"modified":"2026-01-31T17:27:14","modified_gmt":"2026-01-31T16:27:14","slug":"kapsicka-applaws-cat-kure-jatra-v-zele-70g","status":"publish","type":"product","link":"https:\/\/shopatoa.com\/cz\/kapsicka-applaws-cat-kure-jatra-v-zele-70g\/","title":{"rendered":"Kapsi\u010dka Applaws cat ku\u0159e, j\u00e1tra v \u017eel\u00e9 70g"},"content":{"rendered":"<p>Kapsi\u010dky pln\u00e9 masa v \u017eel\u00e9 &#8211; dopl\u0148kov\u00e9 krmivo pro dosp\u011bl\u00e9 ko\u010dky z \u010dist\u011b p\u0159\u00edrodn\u00edch surovin<\/p>\n<p>S obsahem kvalitn\u00edho masa<\/p>\n<p>Z\u00e1kladem je 55% masa z ku\u0159ec\u00edch prsou v cel\u00fdch kousc\u00edch a vybran\u00e1 mas\u00ed\u010dka pro atraktivn\u00ed chu\u0165 a pro zpest\u0159en\u00ed j\u00eddeln\u00ed\u010dku. Applaws vynik\u00e1 svou kvalitou a slo\u017een\u00edm. Neobsahuje \u017e\u00e1dn\u00e1 dochucovadla, konzerva\u010dn\u00ed l\u00e1tky, barviva ani um\u011ble p\u0159idan\u00e9 vitam\u00edny. To nejlep\u0161\u00ed, co m\u016f\u017eete d\u00e1t sv\u00e9 ko\u010dce!<\/p>\n<p>Ryby poch\u00e1zej\u00ed z oce\u00e1n\u016f a jsou loveny zp\u016fsobem, kter\u00fd neohro\u017euje delf\u00edny.<br \/>\nKu\u0159ata jsou krmena v\u00fdhradn\u011b organick\u00fdmi krmivy bez pou\u017eit\u00ed hormon\u016f.<\/p>\n<p>Kl\u00ed\u010dov\u00e9 vlastnosti krmiva:<\/p>\n<p>\t100% bez lepku, 100% p\u0159\u00edrodn\u00ed<br \/>\n\tbez um\u011bl\u00fdch vitamin\u016f<br \/>\n\tbez konzevra\u010dn\u00fdch l\u00e1tek, um\u011bl\u00fdch barviv a l\u00e1kadel<\/p>\n<p>Applaws<\/p>\n<p>Cel\u00fd sortiment krmiv APPLAWS je zalo\u017een na kvalit\u011b pou\u017eit\u00fdch surovin. Applaws vyr\u00e1b\u00ed 100% p\u0159\u00edrodn\u00ed krmiva, kter\u00e1 obsahuj\u00ed pouze kvalitn\u00ed maso, zeleninu a bylinky. Such\u00e1 krmiva neobsahuj\u00ed obiloviny, vedlej\u0161\u00ed \u017eivo\u010di\u0161n\u00e9 produkty, s\u00f3jovou b\u00edlkovinu, barviva ani konzervanty. Pou\u017eit\u00e9&#8230;<\/p>\n","protected":false},"excerpt":{"rendered":"<p>Kapsi\u010dky pln\u00e9 masa v \u017eel\u00e9 &#8211; dopl\u0148kov\u00e9 krmivo pro dosp\u011bl\u00e9 ko\u010dky z \u010dist\u011b p\u0159\u00edrodn\u00edch surovin S obsahem kvalitn\u00edho masa Z\u00e1kladem je 55% masa z ku\u0159ec\u00edch prsou v cel\u00fdch kousc\u00edch a vybran\u00e1 mas\u00ed\u010dka pro atraktivn\u00ed chu\u0165 a pro zpest\u0159en\u00ed j\u00eddeln\u00ed\u010dku. Applaws vynik\u00e1 svou kvalitou a slo\u017een\u00edm. Neobsahuje \u017e\u00e1dn\u00e1 dochucovadla, konzerva\u010dn\u00ed l\u00e1tky, barviva ani um\u011ble p\u0159idan\u00e9 vitam\u00edny&#8230;.<\/p>\n","protected":false},"featured_media":243987,"comment_status":"closed","ping_status":"open","template":"","meta":{"_acf_changed":false,"_kadence_starter_templates_imported_post":false,"_kad_post_transparent":"","_kad_post_title":"","_kad_post_layout":"","_kad_post_sidebar_id":"","_kad_post_content_style":"","_kad_post_vertical_padding":"","_kad_post_feature":"","_kad_post_feature_position":"","_kad_post_header":false,"_kad_post_footer":false,"_kad_post_classname":""},"product_brand":[2686],"product_cat":[436,2575,1465,1464],"product_tag":[],"class_list":{"0":"post-243986","1":"product","2":"type-product","3":"status-publish","4":"has-post-thumbnail","6":"product_brand-applaws","7":"product_cat-chovatelske-potreby-2","8":"product_cat-konzervy-pro-kocky","9":"product_cat-krmivo-pro-kocky-pro-kocky-chovatelske-potreby-2","10":"product_cat-pro-kocky-chovatelske-potreby-2","11":"pa_obchod-superzoo-cz","13":"first","14":"instock","15":"product-type-external","16":"entry","17":"content-bg","18":"loop-entry"},"acf":[],"yoast_head":"<!-- This site is optimized with the Yoast SEO plugin v27.4 - https:\/\/yoast.com\/product\/yoast-seo-wordpress\/ -->\n<title>Kapsi\u010dka Applaws cat ku\u0159e, j\u00e1tra v \u017eel\u00e9 70g - SHOPATOA.COM<\/title>\n<meta name=\"robots\" content=\"index, follow, max-snippet:-1, max-image-preview:large, max-video-preview:-1\" \/>\n<link rel=\"canonical\" href=\"https:\/\/shopatoa.com\/cz\/kapsicka-applaws-cat-kure-jatra-v-zele-70g\/\" \/>\n<meta property=\"og:locale\" content=\"cs_CZ\" \/>\n<meta property=\"og:type\" content=\"article\" \/>\n<meta property=\"og:title\" content=\"Kapsi\u010dka Applaws cat ku\u0159e, j\u00e1tra v \u017eel\u00e9 70g - SHOPATOA.COM\" \/>\n<meta property=\"og:description\" content=\"Kapsi\u010dky pln\u00e9 masa v \u017eel\u00e9 &#8211; dopl\u0148kov\u00e9 krmivo pro dosp\u011bl\u00e9 ko\u010dky z \u010dist\u011b p\u0159\u00edrodn\u00edch surovin S obsahem kvalitn\u00edho masa Z\u00e1kladem je 55% masa z ku\u0159ec\u00edch prsou v cel\u00fdch kousc\u00edch a vybran\u00e1 mas\u00ed\u010dka pro atraktivn\u00ed chu\u0165 a pro zpest\u0159en\u00ed j\u00eddeln\u00ed\u010dku. Applaws vynik\u00e1 svou kvalitou a slo\u017een\u00edm. Neobsahuje \u017e\u00e1dn\u00e1 dochucovadla, konzerva\u010dn\u00ed l\u00e1tky, barviva ani um\u011ble p\u0159idan\u00e9 vitam\u00edny....\" \/>\n<meta property=\"og:url\" content=\"https:\/\/shopatoa.com\/cz\/kapsicka-applaws-cat-kure-jatra-v-zele-70g\/\" \/>\n<meta property=\"og:site_name\" content=\"SHOPATOA\" \/>\n<meta property=\"article:modified_time\" content=\"2026-01-31T16:27:14+00:00\" \/>\n<meta property=\"og:image\" content=\"https:\/\/storage.googleapis.com\/cz-shopatoa-img\/cz\/81cad497-1_32940.jpg\" \/>\n\t<meta property=\"og:image:width\" content=\"600\" \/>\n\t<meta property=\"og:image:height\" content=\"600\" \/>\n\t<meta property=\"og:image:type\" content=\"image\/jpeg\" \/>\n<meta name=\"twitter:card\" content=\"summary_large_image\" \/>\n<meta name=\"twitter:label1\" content=\"Odhadovan\u00e1 doba \u010dten\u00ed\" \/>\n\t<meta name=\"twitter:data1\" content=\"1 minuta\" \/>\n<script type=\"application\/ld+json\" class=\"yoast-schema-graph\">{\"@context\":\"https:\\\/\\\/schema.org\",\"@graph\":[{\"@type\":\"WebPage\",\"@id\":\"https:\\\/\\\/shopatoa.com\\\/cz\\\/kapsicka-applaws-cat-kure-jatra-v-zele-70g\\\/\",\"url\":\"https:\\\/\\\/shopatoa.com\\\/cz\\\/kapsicka-applaws-cat-kure-jatra-v-zele-70g\\\/\",\"name\":\"Kapsi\u010dka Applaws cat ku\u0159e, j\u00e1tra v \u017eel\u00e9 70g - SHOPATOA.COM\",\"isPartOf\":{\"@id\":\"https:\\\/\\\/shopatoa.com\\\/cz\\\/#website\"},\"primaryImageOfPage\":{\"@id\":\"https:\\\/\\\/shopatoa.com\\\/cz\\\/kapsicka-applaws-cat-kure-jatra-v-zele-70g\\\/#primaryimage\"},\"image\":{\"@id\":\"https:\\\/\\\/shopatoa.com\\\/cz\\\/kapsicka-applaws-cat-kure-jatra-v-zele-70g\\\/#primaryimage\"},\"thumbnailUrl\":\"https:\\\/\\\/storage.googleapis.com\\\/cz-shopatoa-img\\\/cz\\\/81cad497-1_32940.jpg\",\"datePublished\":\"2025-04-02T11:01:41+00:00\",\"dateModified\":\"2026-01-31T16:27:14+00:00\",\"breadcrumb\":{\"@id\":\"https:\\\/\\\/shopatoa.com\\\/cz\\\/kapsicka-applaws-cat-kure-jatra-v-zele-70g\\\/#breadcrumb\"},\"inLanguage\":\"cs\",\"potentialAction\":[{\"@type\":\"ReadAction\",\"target\":[\"https:\\\/\\\/shopatoa.com\\\/cz\\\/kapsicka-applaws-cat-kure-jatra-v-zele-70g\\\/\"]}]},{\"@type\":\"ImageObject\",\"inLanguage\":\"cs\",\"@id\":\"https:\\\/\\\/shopatoa.com\\\/cz\\\/kapsicka-applaws-cat-kure-jatra-v-zele-70g\\\/#primaryimage\",\"url\":\"https:\\\/\\\/storage.googleapis.com\\\/cz-shopatoa-img\\\/cz\\\/81cad497-1_32940.jpg\",\"contentUrl\":\"https:\\\/\\\/storage.googleapis.com\\\/cz-shopatoa-img\\\/cz\\\/81cad497-1_32940.jpg\",\"width\":600,\"height\":600},{\"@type\":\"BreadcrumbList\",\"@id\":\"https:\\\/\\\/shopatoa.com\\\/cz\\\/kapsicka-applaws-cat-kure-jatra-v-zele-70g\\\/#breadcrumb\",\"itemListElement\":[{\"@type\":\"ListItem\",\"position\":1,\"name\":\"Dom\u016f\",\"item\":\"https:\\\/\\\/shopatoa.com\\\/cz\\\/\"},{\"@type\":\"ListItem\",\"position\":2,\"name\":\"Produkty\",\"item\":\"https:\\\/\\\/shopatoa.com\\\/cz\\\/shop\\\/\"},{\"@type\":\"ListItem\",\"position\":3,\"name\":\"Chovatelsk\u00e9 pot\u0159eby\",\"item\":\"https:\\\/\\\/shopatoa.com\\\/cz\\\/chovatelske-potreby-2\\\/\"},{\"@type\":\"ListItem\",\"position\":4,\"name\":\"Pro ko\u010dky\",\"item\":\"https:\\\/\\\/shopatoa.com\\\/cz\\\/pro-kocky-chovatelske-potreby-2\\\/\"},{\"@type\":\"ListItem\",\"position\":5,\"name\":\"Krmivo pro ko\u010dky\",\"item\":\"https:\\\/\\\/shopatoa.com\\\/cz\\\/krmivo-pro-kocky-pro-kocky-chovatelske-potreby-2\\\/\"},{\"@type\":\"ListItem\",\"position\":6,\"name\":\"Konzervy pro ko\u010dky\",\"item\":\"https:\\\/\\\/shopatoa.com\\\/cz\\\/konzervy-pro-kocky\\\/\"},{\"@type\":\"ListItem\",\"position\":7,\"name\":\"Kapsi\u010dka Applaws cat ku\u0159e, j\u00e1tra v \u017eel\u00e9 70g\"}]},{\"@type\":\"WebSite\",\"@id\":\"https:\\\/\\\/shopatoa.com\\\/cz\\\/#website\",\"url\":\"https:\\\/\\\/shopatoa.com\\\/cz\\\/\",\"name\":\"SHOPATOA\",\"description\":\"\",\"publisher\":{\"@id\":\"https:\\\/\\\/shopatoa.com\\\/cz\\\/#organization\"},\"potentialAction\":[{\"@type\":\"SearchAction\",\"target\":{\"@type\":\"EntryPoint\",\"urlTemplate\":\"https:\\\/\\\/shopatoa.com\\\/cz\\\/?s={search_term_string}\"},\"query-input\":{\"@type\":\"PropertyValueSpecification\",\"valueRequired\":true,\"valueName\":\"search_term_string\"}}],\"inLanguage\":\"cs\"},{\"@type\":\"Organization\",\"@id\":\"https:\\\/\\\/shopatoa.com\\\/cz\\\/#organization\",\"name\":\"SHOPATOA Digital s.r.o.\",\"url\":\"https:\\\/\\\/shopatoa.com\\\/cz\\\/\",\"logo\":{\"@type\":\"ImageObject\",\"inLanguage\":\"cs\",\"@id\":\"https:\\\/\\\/shopatoa.com\\\/cz\\\/#\\\/schema\\\/logo\\\/image\\\/\",\"url\":\"https:\\\/\\\/storage.googleapis.com\\\/cz-shopatoa-img\\\/cz\\\/ebccf434-shopatoa_logo.png\",\"contentUrl\":\"https:\\\/\\\/storage.googleapis.com\\\/cz-shopatoa-img\\\/cz\\\/ebccf434-shopatoa_logo.png\",\"width\":416,\"height\":63,\"caption\":\"SHOPATOA Digital s.r.o.\"},\"image\":{\"@id\":\"https:\\\/\\\/shopatoa.com\\\/cz\\\/#\\\/schema\\\/logo\\\/image\\\/\"}}]}<\/script>\n<!-- \/ Yoast SEO plugin. -->","yoast_head_json":{"title":"Kapsi\u010dka Applaws cat ku\u0159e, j\u00e1tra v \u017eel\u00e9 70g - SHOPATOA.COM","robots":{"index":"index","follow":"follow","max-snippet":"max-snippet:-1","max-image-preview":"max-image-preview:large","max-video-preview":"max-video-preview:-1"},"canonical":"https:\/\/shopatoa.com\/cz\/kapsicka-applaws-cat-kure-jatra-v-zele-70g\/","og_locale":"cs_CZ","og_type":"article","og_title":"Kapsi\u010dka Applaws cat ku\u0159e, j\u00e1tra v \u017eel\u00e9 70g - SHOPATOA.COM","og_description":"Kapsi\u010dky pln\u00e9 masa v \u017eel\u00e9 &#8211; dopl\u0148kov\u00e9 krmivo pro dosp\u011bl\u00e9 ko\u010dky z \u010dist\u011b p\u0159\u00edrodn\u00edch surovin S obsahem kvalitn\u00edho masa Z\u00e1kladem je 55% masa z ku\u0159ec\u00edch prsou v cel\u00fdch kousc\u00edch a vybran\u00e1 mas\u00ed\u010dka pro atraktivn\u00ed chu\u0165 a pro zpest\u0159en\u00ed j\u00eddeln\u00ed\u010dku. Applaws vynik\u00e1 svou kvalitou a slo\u017een\u00edm. Neobsahuje \u017e\u00e1dn\u00e1 dochucovadla, konzerva\u010dn\u00ed l\u00e1tky, barviva ani um\u011ble p\u0159idan\u00e9 vitam\u00edny....","og_url":"https:\/\/shopatoa.com\/cz\/kapsicka-applaws-cat-kure-jatra-v-zele-70g\/","og_site_name":"SHOPATOA","article_modified_time":"2026-01-31T16:27:14+00:00","og_image":[{"width":600,"height":600,"url":"https:\/\/storage.googleapis.com\/cz-shopatoa-img\/cz\/81cad497-1_32940.jpg","type":"image\/jpeg"}],"twitter_card":"summary_large_image","twitter_misc":{"Odhadovan\u00e1 doba \u010dten\u00ed":"1 minuta"},"schema":{"@context":"https:\/\/schema.org","@graph":[{"@type":"WebPage","@id":"https:\/\/shopatoa.com\/cz\/kapsicka-applaws-cat-kure-jatra-v-zele-70g\/","url":"https:\/\/shopatoa.com\/cz\/kapsicka-applaws-cat-kure-jatra-v-zele-70g\/","name":"Kapsi\u010dka Applaws cat ku\u0159e, j\u00e1tra v \u017eel\u00e9 70g - SHOPATOA.COM","isPartOf":{"@id":"https:\/\/shopatoa.com\/cz\/#website"},"primaryImageOfPage":{"@id":"https:\/\/shopatoa.com\/cz\/kapsicka-applaws-cat-kure-jatra-v-zele-70g\/#primaryimage"},"image":{"@id":"https:\/\/shopatoa.com\/cz\/kapsicka-applaws-cat-kure-jatra-v-zele-70g\/#primaryimage"},"thumbnailUrl":"https:\/\/storage.googleapis.com\/cz-shopatoa-img\/cz\/81cad497-1_32940.jpg","datePublished":"2025-04-02T11:01:41+00:00","dateModified":"2026-01-31T16:27:14+00:00","breadcrumb":{"@id":"https:\/\/shopatoa.com\/cz\/kapsicka-applaws-cat-kure-jatra-v-zele-70g\/#breadcrumb"},"inLanguage":"cs","potentialAction":[{"@type":"ReadAction","target":["https:\/\/shopatoa.com\/cz\/kapsicka-applaws-cat-kure-jatra-v-zele-70g\/"]}]},{"@type":"ImageObject","inLanguage":"cs","@id":"https:\/\/shopatoa.com\/cz\/kapsicka-applaws-cat-kure-jatra-v-zele-70g\/#primaryimage","url":"https:\/\/storage.googleapis.com\/cz-shopatoa-img\/cz\/81cad497-1_32940.jpg","contentUrl":"https:\/\/storage.googleapis.com\/cz-shopatoa-img\/cz\/81cad497-1_32940.jpg","width":600,"height":600},{"@type":"BreadcrumbList","@id":"https:\/\/shopatoa.com\/cz\/kapsicka-applaws-cat-kure-jatra-v-zele-70g\/#breadcrumb","itemListElement":[{"@type":"ListItem","position":1,"name":"Dom\u016f","item":"https:\/\/shopatoa.com\/cz\/"},{"@type":"ListItem","position":2,"name":"Produkty","item":"https:\/\/shopatoa.com\/cz\/shop\/"},{"@type":"ListItem","position":3,"name":"Chovatelsk\u00e9 pot\u0159eby","item":"https:\/\/shopatoa.com\/cz\/chovatelske-potreby-2\/"},{"@type":"ListItem","position":4,"name":"Pro ko\u010dky","item":"https:\/\/shopatoa.com\/cz\/pro-kocky-chovatelske-potreby-2\/"},{"@type":"ListItem","position":5,"name":"Krmivo pro ko\u010dky","item":"https:\/\/shopatoa.com\/cz\/krmivo-pro-kocky-pro-kocky-chovatelske-potreby-2\/"},{"@type":"ListItem","position":6,"name":"Konzervy pro ko\u010dky","item":"https:\/\/shopatoa.com\/cz\/konzervy-pro-kocky\/"},{"@type":"ListItem","position":7,"name":"Kapsi\u010dka Applaws cat ku\u0159e, j\u00e1tra v \u017eel\u00e9 70g"}]},{"@type":"WebSite","@id":"https:\/\/shopatoa.com\/cz\/#website","url":"https:\/\/shopatoa.com\/cz\/","name":"SHOPATOA","description":"","publisher":{"@id":"https:\/\/shopatoa.com\/cz\/#organization"},"potentialAction":[{"@type":"SearchAction","target":{"@type":"EntryPoint","urlTemplate":"https:\/\/shopatoa.com\/cz\/?s={search_term_string}"},"query-input":{"@type":"PropertyValueSpecification","valueRequired":true,"valueName":"search_term_string"}}],"inLanguage":"cs"},{"@type":"Organization","@id":"https:\/\/shopatoa.com\/cz\/#organization","name":"SHOPATOA Digital s.r.o.","url":"https:\/\/shopatoa.com\/cz\/","logo":{"@type":"ImageObject","inLanguage":"cs","@id":"https:\/\/shopatoa.com\/cz\/#\/schema\/logo\/image\/","url":"https:\/\/storage.googleapis.com\/cz-shopatoa-img\/cz\/ebccf434-shopatoa_logo.png","contentUrl":"https:\/\/storage.googleapis.com\/cz-shopatoa-img\/cz\/ebccf434-shopatoa_logo.png","width":416,"height":63,"caption":"SHOPATOA Digital s.r.o."},"image":{"@id":"https:\/\/shopatoa.com\/cz\/#\/schema\/logo\/image\/"}}]}},"_links":{"self":[{"href":"https:\/\/shopatoa.com\/cz\/wp-json\/wp\/v2\/product\/243986","targetHints":{"allow":["GET"]}}],"collection":[{"href":"https:\/\/shopatoa.com\/cz\/wp-json\/wp\/v2\/product"}],"about":[{"href":"https:\/\/shopatoa.com\/cz\/wp-json\/wp\/v2\/types\/product"}],"replies":[{"embeddable":true,"href":"https:\/\/shopatoa.com\/cz\/wp-json\/wp\/v2\/comments?post=243986"}],"wp:featuredmedia":[{"embeddable":true,"href":"https:\/\/shopatoa.com\/cz\/wp-json\/wp\/v2\/media\/243987"}],"wp:attachment":[{"href":"https:\/\/shopatoa.com\/cz\/wp-json\/wp\/v2\/media?parent=243986"}],"wp:term":[{"taxonomy":"product_brand","embeddable":true,"href":"https:\/\/shopatoa.com\/cz\/wp-json\/wp\/v2\/product_brand?post=243986"},{"taxonomy":"product_cat","embeddable":true,"href":"https:\/\/shopatoa.com\/cz\/wp-json\/wp\/v2\/product_cat?post=243986"},{"taxonomy":"product_tag","embeddable":true,"href":"https:\/\/shopatoa.com\/cz\/wp-json\/wp\/v2\/product_tag?post=243986"}],"curies":[{"name":"wp","href":"https:\/\/api.w.org\/{rel}","templated":true}]}}