{"id":244036,"date":"2025-04-02T13:11:04","date_gmt":"2025-04-02T11:11:04","guid":{"rendered":"https:\/\/shopatoa.com\/cz\/?post_type=product&#038;p=244036"},"modified":"2026-02-02T06:48:56","modified_gmt":"2026-02-02T05:48:56","slug":"stelivo-brit-fresh-cats-excellent-ultra-bentonite-5kg","status":"publish","type":"product","link":"https:\/\/shopatoa.com\/cz\/stelivo-brit-fresh-cats-excellent-ultra-bentonite-5kg\/","title":{"rendered":"Stelivo Brit Fresh Cats Excellent Ultra Bentonite 5kg"},"content":{"rendered":"<p>Ultra-bentonitov\u00e9 hrudkuj\u00edc\u00ed stelivo perfektn\u00ed pro citliv\u00e9 ko\u010di\u010d\u00ed tlapky.<\/p>\n<p>Ultra bentonit je d\u00edky sv\u00e9 jemn\u00e9 struktu\u0159e a mal\u00fdm \u010d\u00e1stic\u00edm 0,5-2 mm pro ko\u010dky extr\u00e9mn\u011b p\u0159\u00edjemn\u00fd a \u017e\u00e1douc\u00ed. Jemn\u00e9 \u010d\u00e1stice jsou ide\u00e1ln\u00ed pro citliv\u00e9 ko\u010di\u010d\u00ed tlapky a vytv\u00e1\u0159ej\u00ed ide\u00e1ln\u00ed bezpra\u0161n\u00e9 a p\u0159irozen\u00e9 prost\u0159ed\u00ed pro vykon\u00e1n\u00ed denn\u00ed pot\u0159eby. V\u00fdte\u010dn\u00e9 absorp\u010dn\u00ed vlastnosti bentonitu zajist\u00ed 100 % pohlcen\u00ed tekutin i ne\u017e\u00e1douc\u00edch pach\u016f. Dokonal\u00e9 vst\u0159eb\u00e1n\u00ed a uzam\u010den\u00ed vlhkosti uvnit\u0159 hrudek zabr\u00e1n\u00ed mno\u017een\u00ed nebezpe\u010dn\u00fdch bakteri\u00ed.<\/p>\n<p>Nezapome\u0148te: Bentonitov\u00e9 stelivo je absolutn\u011b p\u0159\u00edrodn\u00ed materi\u00e1l \u0161etrn\u00fd k \u017eivotn\u00edmu prost\u0159ed\u00ed.<\/p>\n","protected":false},"excerpt":{"rendered":"<p>Ultra-bentonitov\u00e9 hrudkuj\u00edc\u00ed stelivo perfektn\u00ed pro citliv\u00e9 ko\u010di\u010d\u00ed tlapky. Ultra bentonit je d\u00edky sv\u00e9 jemn\u00e9 struktu\u0159e a mal\u00fdm \u010d\u00e1stic\u00edm 0,5-2 mm pro ko\u010dky extr\u00e9mn\u011b p\u0159\u00edjemn\u00fd a \u017e\u00e1douc\u00ed. Jemn\u00e9 \u010d\u00e1stice jsou ide\u00e1ln\u00ed pro citliv\u00e9 ko\u010di\u010d\u00ed tlapky a vytv\u00e1\u0159ej\u00ed ide\u00e1ln\u00ed bezpra\u0161n\u00e9 a p\u0159irozen\u00e9 prost\u0159ed\u00ed pro vykon\u00e1n\u00ed denn\u00ed pot\u0159eby. V\u00fdte\u010dn\u00e9 absorp\u010dn\u00ed vlastnosti bentonitu zajist\u00ed 100 % pohlcen\u00ed tekutin i&#8230;<\/p>\n","protected":false},"featured_media":244037,"comment_status":"closed","ping_status":"open","template":"","meta":{"_acf_changed":false,"_kadence_starter_templates_imported_post":false,"_kad_post_transparent":"","_kad_post_title":"","_kad_post_layout":"","_kad_post_sidebar_id":"","_kad_post_content_style":"","_kad_post_vertical_padding":"","_kad_post_feature":"","_kad_post_feature_position":"","_kad_post_header":false,"_kad_post_footer":false,"_kad_post_classname":""},"product_brand":[2687],"product_cat":[436,2535,1464],"product_tag":[],"class_list":{"0":"post-244036","1":"product","2":"type-product","3":"status-publish","4":"has-post-thumbnail","6":"product_brand-brit-fresh","7":"product_cat-chovatelske-potreby-2","8":"product_cat-kocici-toalety-a-steliva","9":"product_cat-pro-kocky-chovatelske-potreby-2","10":"pa_obchod-superzoo-cz","12":"first","13":"instock","14":"product-type-external","15":"entry","16":"content-bg","17":"loop-entry"},"acf":[],"yoast_head":"<!-- This site is optimized with the Yoast SEO plugin v27.4 - https:\/\/yoast.com\/product\/yoast-seo-wordpress\/ -->\n<title>Stelivo Brit Fresh Cats Excellent Ultra Bentonite 5kg - SHOPATOA.COM<\/title>\n<meta name=\"robots\" content=\"index, follow, max-snippet:-1, max-image-preview:large, max-video-preview:-1\" \/>\n<link rel=\"canonical\" href=\"https:\/\/shopatoa.com\/cz\/stelivo-brit-fresh-cats-excellent-ultra-bentonite-5kg\/\" \/>\n<meta property=\"og:locale\" content=\"cs_CZ\" \/>\n<meta property=\"og:type\" content=\"article\" \/>\n<meta property=\"og:title\" content=\"Stelivo Brit Fresh Cats Excellent Ultra Bentonite 5kg - SHOPATOA.COM\" \/>\n<meta property=\"og:description\" content=\"Ultra-bentonitov\u00e9 hrudkuj\u00edc\u00ed stelivo perfektn\u00ed pro citliv\u00e9 ko\u010di\u010d\u00ed tlapky. Ultra bentonit je d\u00edky sv\u00e9 jemn\u00e9 struktu\u0159e a mal\u00fdm \u010d\u00e1stic\u00edm 0,5-2 mm pro ko\u010dky extr\u00e9mn\u011b p\u0159\u00edjemn\u00fd a \u017e\u00e1douc\u00ed. Jemn\u00e9 \u010d\u00e1stice jsou ide\u00e1ln\u00ed pro citliv\u00e9 ko\u010di\u010d\u00ed tlapky a vytv\u00e1\u0159ej\u00ed ide\u00e1ln\u00ed bezpra\u0161n\u00e9 a p\u0159irozen\u00e9 prost\u0159ed\u00ed pro vykon\u00e1n\u00ed denn\u00ed pot\u0159eby. V\u00fdte\u010dn\u00e9 absorp\u010dn\u00ed vlastnosti bentonitu zajist\u00ed 100 % pohlcen\u00ed tekutin i...\" \/>\n<meta property=\"og:url\" content=\"https:\/\/shopatoa.com\/cz\/stelivo-brit-fresh-cats-excellent-ultra-bentonite-5kg\/\" \/>\n<meta property=\"og:site_name\" content=\"SHOPATOA\" \/>\n<meta property=\"article:modified_time\" content=\"2026-02-02T05:48:56+00:00\" \/>\n<meta property=\"og:image\" content=\"https:\/\/storage.googleapis.com\/cz-shopatoa-img\/cz\/4ea92f21-1_91238.jpg\" \/>\n\t<meta property=\"og:image:width\" content=\"600\" \/>\n\t<meta property=\"og:image:height\" content=\"600\" \/>\n\t<meta property=\"og:image:type\" content=\"image\/jpeg\" \/>\n<meta name=\"twitter:card\" content=\"summary_large_image\" \/>\n<meta name=\"twitter:label1\" content=\"Odhadovan\u00e1 doba \u010dten\u00ed\" \/>\n\t<meta name=\"twitter:data1\" content=\"1 minuta\" \/>\n<script type=\"application\/ld+json\" class=\"yoast-schema-graph\">{\"@context\":\"https:\\\/\\\/schema.org\",\"@graph\":[{\"@type\":\"WebPage\",\"@id\":\"https:\\\/\\\/shopatoa.com\\\/cz\\\/stelivo-brit-fresh-cats-excellent-ultra-bentonite-5kg\\\/\",\"url\":\"https:\\\/\\\/shopatoa.com\\\/cz\\\/stelivo-brit-fresh-cats-excellent-ultra-bentonite-5kg\\\/\",\"name\":\"Stelivo Brit Fresh Cats Excellent Ultra Bentonite 5kg - SHOPATOA.COM\",\"isPartOf\":{\"@id\":\"https:\\\/\\\/shopatoa.com\\\/cz\\\/#website\"},\"primaryImageOfPage\":{\"@id\":\"https:\\\/\\\/shopatoa.com\\\/cz\\\/stelivo-brit-fresh-cats-excellent-ultra-bentonite-5kg\\\/#primaryimage\"},\"image\":{\"@id\":\"https:\\\/\\\/shopatoa.com\\\/cz\\\/stelivo-brit-fresh-cats-excellent-ultra-bentonite-5kg\\\/#primaryimage\"},\"thumbnailUrl\":\"https:\\\/\\\/storage.googleapis.com\\\/cz-shopatoa-img\\\/cz\\\/4ea92f21-1_91238.jpg\",\"datePublished\":\"2025-04-02T11:11:04+00:00\",\"dateModified\":\"2026-02-02T05:48:56+00:00\",\"breadcrumb\":{\"@id\":\"https:\\\/\\\/shopatoa.com\\\/cz\\\/stelivo-brit-fresh-cats-excellent-ultra-bentonite-5kg\\\/#breadcrumb\"},\"inLanguage\":\"cs\",\"potentialAction\":[{\"@type\":\"ReadAction\",\"target\":[\"https:\\\/\\\/shopatoa.com\\\/cz\\\/stelivo-brit-fresh-cats-excellent-ultra-bentonite-5kg\\\/\"]}]},{\"@type\":\"ImageObject\",\"inLanguage\":\"cs\",\"@id\":\"https:\\\/\\\/shopatoa.com\\\/cz\\\/stelivo-brit-fresh-cats-excellent-ultra-bentonite-5kg\\\/#primaryimage\",\"url\":\"https:\\\/\\\/storage.googleapis.com\\\/cz-shopatoa-img\\\/cz\\\/4ea92f21-1_91238.jpg\",\"contentUrl\":\"https:\\\/\\\/storage.googleapis.com\\\/cz-shopatoa-img\\\/cz\\\/4ea92f21-1_91238.jpg\",\"width\":600,\"height\":600},{\"@type\":\"BreadcrumbList\",\"@id\":\"https:\\\/\\\/shopatoa.com\\\/cz\\\/stelivo-brit-fresh-cats-excellent-ultra-bentonite-5kg\\\/#breadcrumb\",\"itemListElement\":[{\"@type\":\"ListItem\",\"position\":1,\"name\":\"Dom\u016f\",\"item\":\"https:\\\/\\\/shopatoa.com\\\/cz\\\/\"},{\"@type\":\"ListItem\",\"position\":2,\"name\":\"Produkty\",\"item\":\"https:\\\/\\\/shopatoa.com\\\/cz\\\/shop\\\/\"},{\"@type\":\"ListItem\",\"position\":3,\"name\":\"Chovatelsk\u00e9 pot\u0159eby\",\"item\":\"https:\\\/\\\/shopatoa.com\\\/cz\\\/chovatelske-potreby-2\\\/\"},{\"@type\":\"ListItem\",\"position\":4,\"name\":\"Pro ko\u010dky\",\"item\":\"https:\\\/\\\/shopatoa.com\\\/cz\\\/pro-kocky-chovatelske-potreby-2\\\/\"},{\"@type\":\"ListItem\",\"position\":5,\"name\":\"Ko\u010di\u010d\u00ed toalety a steliva\",\"item\":\"https:\\\/\\\/shopatoa.com\\\/cz\\\/kocici-toalety-a-steliva\\\/\"},{\"@type\":\"ListItem\",\"position\":6,\"name\":\"Stelivo Brit Fresh Cats Excellent Ultra Bentonite 5kg\"}]},{\"@type\":\"WebSite\",\"@id\":\"https:\\\/\\\/shopatoa.com\\\/cz\\\/#website\",\"url\":\"https:\\\/\\\/shopatoa.com\\\/cz\\\/\",\"name\":\"SHOPATOA\",\"description\":\"\",\"publisher\":{\"@id\":\"https:\\\/\\\/shopatoa.com\\\/cz\\\/#organization\"},\"potentialAction\":[{\"@type\":\"SearchAction\",\"target\":{\"@type\":\"EntryPoint\",\"urlTemplate\":\"https:\\\/\\\/shopatoa.com\\\/cz\\\/?s={search_term_string}\"},\"query-input\":{\"@type\":\"PropertyValueSpecification\",\"valueRequired\":true,\"valueName\":\"search_term_string\"}}],\"inLanguage\":\"cs\"},{\"@type\":\"Organization\",\"@id\":\"https:\\\/\\\/shopatoa.com\\\/cz\\\/#organization\",\"name\":\"SHOPATOA Digital s.r.o.\",\"url\":\"https:\\\/\\\/shopatoa.com\\\/cz\\\/\",\"logo\":{\"@type\":\"ImageObject\",\"inLanguage\":\"cs\",\"@id\":\"https:\\\/\\\/shopatoa.com\\\/cz\\\/#\\\/schema\\\/logo\\\/image\\\/\",\"url\":\"https:\\\/\\\/storage.googleapis.com\\\/cz-shopatoa-img\\\/cz\\\/ebccf434-shopatoa_logo.png\",\"contentUrl\":\"https:\\\/\\\/storage.googleapis.com\\\/cz-shopatoa-img\\\/cz\\\/ebccf434-shopatoa_logo.png\",\"width\":416,\"height\":63,\"caption\":\"SHOPATOA Digital s.r.o.\"},\"image\":{\"@id\":\"https:\\\/\\\/shopatoa.com\\\/cz\\\/#\\\/schema\\\/logo\\\/image\\\/\"}}]}<\/script>\n<!-- \/ Yoast SEO plugin. -->","yoast_head_json":{"title":"Stelivo Brit Fresh Cats Excellent Ultra Bentonite 5kg - SHOPATOA.COM","robots":{"index":"index","follow":"follow","max-snippet":"max-snippet:-1","max-image-preview":"max-image-preview:large","max-video-preview":"max-video-preview:-1"},"canonical":"https:\/\/shopatoa.com\/cz\/stelivo-brit-fresh-cats-excellent-ultra-bentonite-5kg\/","og_locale":"cs_CZ","og_type":"article","og_title":"Stelivo Brit Fresh Cats Excellent Ultra Bentonite 5kg - SHOPATOA.COM","og_description":"Ultra-bentonitov\u00e9 hrudkuj\u00edc\u00ed stelivo perfektn\u00ed pro citliv\u00e9 ko\u010di\u010d\u00ed tlapky. Ultra bentonit je d\u00edky sv\u00e9 jemn\u00e9 struktu\u0159e a mal\u00fdm \u010d\u00e1stic\u00edm 0,5-2 mm pro ko\u010dky extr\u00e9mn\u011b p\u0159\u00edjemn\u00fd a \u017e\u00e1douc\u00ed. Jemn\u00e9 \u010d\u00e1stice jsou ide\u00e1ln\u00ed pro citliv\u00e9 ko\u010di\u010d\u00ed tlapky a vytv\u00e1\u0159ej\u00ed ide\u00e1ln\u00ed bezpra\u0161n\u00e9 a p\u0159irozen\u00e9 prost\u0159ed\u00ed pro vykon\u00e1n\u00ed denn\u00ed pot\u0159eby. V\u00fdte\u010dn\u00e9 absorp\u010dn\u00ed vlastnosti bentonitu zajist\u00ed 100 % pohlcen\u00ed tekutin i...","og_url":"https:\/\/shopatoa.com\/cz\/stelivo-brit-fresh-cats-excellent-ultra-bentonite-5kg\/","og_site_name":"SHOPATOA","article_modified_time":"2026-02-02T05:48:56+00:00","og_image":[{"width":600,"height":600,"url":"https:\/\/storage.googleapis.com\/cz-shopatoa-img\/cz\/4ea92f21-1_91238.jpg","type":"image\/jpeg"}],"twitter_card":"summary_large_image","twitter_misc":{"Odhadovan\u00e1 doba \u010dten\u00ed":"1 minuta"},"schema":{"@context":"https:\/\/schema.org","@graph":[{"@type":"WebPage","@id":"https:\/\/shopatoa.com\/cz\/stelivo-brit-fresh-cats-excellent-ultra-bentonite-5kg\/","url":"https:\/\/shopatoa.com\/cz\/stelivo-brit-fresh-cats-excellent-ultra-bentonite-5kg\/","name":"Stelivo Brit Fresh Cats Excellent Ultra Bentonite 5kg - SHOPATOA.COM","isPartOf":{"@id":"https:\/\/shopatoa.com\/cz\/#website"},"primaryImageOfPage":{"@id":"https:\/\/shopatoa.com\/cz\/stelivo-brit-fresh-cats-excellent-ultra-bentonite-5kg\/#primaryimage"},"image":{"@id":"https:\/\/shopatoa.com\/cz\/stelivo-brit-fresh-cats-excellent-ultra-bentonite-5kg\/#primaryimage"},"thumbnailUrl":"https:\/\/storage.googleapis.com\/cz-shopatoa-img\/cz\/4ea92f21-1_91238.jpg","datePublished":"2025-04-02T11:11:04+00:00","dateModified":"2026-02-02T05:48:56+00:00","breadcrumb":{"@id":"https:\/\/shopatoa.com\/cz\/stelivo-brit-fresh-cats-excellent-ultra-bentonite-5kg\/#breadcrumb"},"inLanguage":"cs","potentialAction":[{"@type":"ReadAction","target":["https:\/\/shopatoa.com\/cz\/stelivo-brit-fresh-cats-excellent-ultra-bentonite-5kg\/"]}]},{"@type":"ImageObject","inLanguage":"cs","@id":"https:\/\/shopatoa.com\/cz\/stelivo-brit-fresh-cats-excellent-ultra-bentonite-5kg\/#primaryimage","url":"https:\/\/storage.googleapis.com\/cz-shopatoa-img\/cz\/4ea92f21-1_91238.jpg","contentUrl":"https:\/\/storage.googleapis.com\/cz-shopatoa-img\/cz\/4ea92f21-1_91238.jpg","width":600,"height":600},{"@type":"BreadcrumbList","@id":"https:\/\/shopatoa.com\/cz\/stelivo-brit-fresh-cats-excellent-ultra-bentonite-5kg\/#breadcrumb","itemListElement":[{"@type":"ListItem","position":1,"name":"Dom\u016f","item":"https:\/\/shopatoa.com\/cz\/"},{"@type":"ListItem","position":2,"name":"Produkty","item":"https:\/\/shopatoa.com\/cz\/shop\/"},{"@type":"ListItem","position":3,"name":"Chovatelsk\u00e9 pot\u0159eby","item":"https:\/\/shopatoa.com\/cz\/chovatelske-potreby-2\/"},{"@type":"ListItem","position":4,"name":"Pro ko\u010dky","item":"https:\/\/shopatoa.com\/cz\/pro-kocky-chovatelske-potreby-2\/"},{"@type":"ListItem","position":5,"name":"Ko\u010di\u010d\u00ed toalety a steliva","item":"https:\/\/shopatoa.com\/cz\/kocici-toalety-a-steliva\/"},{"@type":"ListItem","position":6,"name":"Stelivo Brit Fresh Cats Excellent Ultra Bentonite 5kg"}]},{"@type":"WebSite","@id":"https:\/\/shopatoa.com\/cz\/#website","url":"https:\/\/shopatoa.com\/cz\/","name":"SHOPATOA","description":"","publisher":{"@id":"https:\/\/shopatoa.com\/cz\/#organization"},"potentialAction":[{"@type":"SearchAction","target":{"@type":"EntryPoint","urlTemplate":"https:\/\/shopatoa.com\/cz\/?s={search_term_string}"},"query-input":{"@type":"PropertyValueSpecification","valueRequired":true,"valueName":"search_term_string"}}],"inLanguage":"cs"},{"@type":"Organization","@id":"https:\/\/shopatoa.com\/cz\/#organization","name":"SHOPATOA Digital s.r.o.","url":"https:\/\/shopatoa.com\/cz\/","logo":{"@type":"ImageObject","inLanguage":"cs","@id":"https:\/\/shopatoa.com\/cz\/#\/schema\/logo\/image\/","url":"https:\/\/storage.googleapis.com\/cz-shopatoa-img\/cz\/ebccf434-shopatoa_logo.png","contentUrl":"https:\/\/storage.googleapis.com\/cz-shopatoa-img\/cz\/ebccf434-shopatoa_logo.png","width":416,"height":63,"caption":"SHOPATOA Digital s.r.o."},"image":{"@id":"https:\/\/shopatoa.com\/cz\/#\/schema\/logo\/image\/"}}]}},"_links":{"self":[{"href":"https:\/\/shopatoa.com\/cz\/wp-json\/wp\/v2\/product\/244036","targetHints":{"allow":["GET"]}}],"collection":[{"href":"https:\/\/shopatoa.com\/cz\/wp-json\/wp\/v2\/product"}],"about":[{"href":"https:\/\/shopatoa.com\/cz\/wp-json\/wp\/v2\/types\/product"}],"replies":[{"embeddable":true,"href":"https:\/\/shopatoa.com\/cz\/wp-json\/wp\/v2\/comments?post=244036"}],"wp:featuredmedia":[{"embeddable":true,"href":"https:\/\/shopatoa.com\/cz\/wp-json\/wp\/v2\/media\/244037"}],"wp:attachment":[{"href":"https:\/\/shopatoa.com\/cz\/wp-json\/wp\/v2\/media?parent=244036"}],"wp:term":[{"taxonomy":"product_brand","embeddable":true,"href":"https:\/\/shopatoa.com\/cz\/wp-json\/wp\/v2\/product_brand?post=244036"},{"taxonomy":"product_cat","embeddable":true,"href":"https:\/\/shopatoa.com\/cz\/wp-json\/wp\/v2\/product_cat?post=244036"},{"taxonomy":"product_tag","embeddable":true,"href":"https:\/\/shopatoa.com\/cz\/wp-json\/wp\/v2\/product_tag?post=244036"}],"curies":[{"name":"wp","href":"https:\/\/api.w.org\/{rel}","templated":true}]}}