{"id":244042,"date":"2025-04-02T13:11:30","date_gmt":"2025-04-02T11:11:30","guid":{"rendered":"https:\/\/shopatoa.com\/cz\/?post_type=product&#038;p=244042"},"modified":"2026-02-02T06:48:54","modified_gmt":"2026-02-02T05:48:54","slug":"tetra-funtips-tablets-20-tbl","status":"publish","type":"product","link":"https:\/\/shopatoa.com\/cz\/tetra-funtips-tablets-20-tbl\/","title":{"rendered":"Tetra FunTips Tablets 20 tbl."},"content":{"rendered":"<p>Kompletn\u00ed krmivo pro akvarijn\u00ed ryby.<\/p>\n<p>Tablety, kter\u00e9 se daj\u00ed nalepit na sklo, v\u00fdborn\u00e9 nap\u0159\u00edklad pro l\u00edbaj\u00edc\u00ed \u010dichavce.<\/p>\n<p>Receptura Tetra FunTips je od t\u00e9 p\u016fvodn\u00ed st\u00e1le vylep\u0161ov\u00e1na. Nov\u00e9 tablety se mohou pochlubit p\u016fsobivou kombinac\u00ed vysoce kvalitn\u00edch speci\u00e1ln\u00edch vlo\u010dek a v\u00edce ne\u017e 20% p\u0159irozen\u00e9ho krmiva, jako jsou krevety, kril, gammarus a vodn\u00ed blechy, co\u017e zaji\u0161\u0165uje, \u017ee ryby dost\u00e1vaj\u00ed zvl\u00e1\u0161t\u011b v\u00fd\u017eivnou stravu. Toto vyv\u00e1\u017een\u00e9 pr\u00e9miov\u00e9 krmivo poskytuje ryb\u00e1m v\u0161echny z\u00e1kladn\u00ed \u017eiviny, zat\u00edmco patentovan\u00e1* BioActive formule pom\u00e1h\u00e1 udr\u017eovat jejich imunitn\u00ed syst\u00e9m zdrav\u00fd.<\/p>\n<p>Tyto multi-tablety jsou dvoubarevn\u00e9: oran\u017eov\u00e1 strana obsahuje karotenoidy pro pos\u00edlen\u00ed p\u0159irozen\u00e9ho zbarven\u00ed, zat\u00edmco tmav\u011b zelen\u00e1 strana obsahuje \u0159asy spirulina a chlorella, rostlinn\u00e9\u00a0slo\u017eky pro pos\u00edlen\u00ed vitality a dlouh\u00fd \u017eivot ryb.\u00a0<\/p>\n<p>Obsah: 20tbl.<\/p>\n","protected":false},"excerpt":{"rendered":"<p>Kompletn\u00ed krmivo pro akvarijn\u00ed ryby. Tablety, kter\u00e9 se daj\u00ed nalepit na sklo, v\u00fdborn\u00e9 nap\u0159\u00edklad pro l\u00edbaj\u00edc\u00ed \u010dichavce. Receptura Tetra FunTips je od t\u00e9 p\u016fvodn\u00ed st\u00e1le vylep\u0161ov\u00e1na. Nov\u00e9 tablety se mohou pochlubit p\u016fsobivou kombinac\u00ed vysoce kvalitn\u00edch speci\u00e1ln\u00edch vlo\u010dek a v\u00edce ne\u017e 20% p\u0159irozen\u00e9ho krmiva, jako jsou krevety, kril, gammarus a vodn\u00ed blechy, co\u017e zaji\u0161\u0165uje, \u017ee ryby&#8230;<\/p>\n","protected":false},"featured_media":244043,"comment_status":"closed","ping_status":"open","template":"","meta":{"_acf_changed":false,"_kadence_starter_templates_imported_post":false,"_kad_post_transparent":"","_kad_post_title":"","_kad_post_layout":"","_kad_post_sidebar_id":"","_kad_post_content_style":"","_kad_post_vertical_padding":"","_kad_post_feature":"","_kad_post_feature_position":"","_kad_post_header":false,"_kad_post_footer":false,"_kad_post_classname":""},"product_brand":[2614],"product_cat":[2510,436,2616],"product_tag":[],"class_list":{"0":"post-244042","1":"product","2":"type-product","3":"status-publish","4":"has-post-thumbnail","6":"product_brand-tetra","7":"product_cat-akvaristika","8":"product_cat-chovatelske-potreby-2","9":"product_cat-krmivo-pro-ryby","10":"pa_obchod-superzoo-cz","12":"first","13":"instock","14":"product-type-external","15":"entry","16":"content-bg","17":"loop-entry"},"acf":[],"yoast_head":"<!-- This site is optimized with the Yoast SEO plugin v27.4 - https:\/\/yoast.com\/product\/yoast-seo-wordpress\/ -->\n<title>Tetra FunTips Tablets 20 tbl. - SHOPATOA.COM<\/title>\n<meta name=\"robots\" content=\"index, follow, max-snippet:-1, max-image-preview:large, max-video-preview:-1\" \/>\n<link rel=\"canonical\" href=\"https:\/\/shopatoa.com\/cz\/tetra-funtips-tablets-20-tbl\/\" \/>\n<meta property=\"og:locale\" content=\"cs_CZ\" \/>\n<meta property=\"og:type\" content=\"article\" \/>\n<meta property=\"og:title\" content=\"Tetra FunTips Tablets 20 tbl. - SHOPATOA.COM\" \/>\n<meta property=\"og:description\" content=\"Kompletn\u00ed krmivo pro akvarijn\u00ed ryby. Tablety, kter\u00e9 se daj\u00ed nalepit na sklo, v\u00fdborn\u00e9 nap\u0159\u00edklad pro l\u00edbaj\u00edc\u00ed \u010dichavce. Receptura Tetra FunTips je od t\u00e9 p\u016fvodn\u00ed st\u00e1le vylep\u0161ov\u00e1na. Nov\u00e9 tablety se mohou pochlubit p\u016fsobivou kombinac\u00ed vysoce kvalitn\u00edch speci\u00e1ln\u00edch vlo\u010dek a v\u00edce ne\u017e 20% p\u0159irozen\u00e9ho krmiva, jako jsou krevety, kril, gammarus a vodn\u00ed blechy, co\u017e zaji\u0161\u0165uje, \u017ee ryby...\" \/>\n<meta property=\"og:url\" content=\"https:\/\/shopatoa.com\/cz\/tetra-funtips-tablets-20-tbl\/\" \/>\n<meta property=\"og:site_name\" content=\"SHOPATOA\" \/>\n<meta property=\"article:modified_time\" content=\"2026-02-02T05:48:54+00:00\" \/>\n<meta property=\"og:image\" content=\"https:\/\/storage.googleapis.com\/cz-shopatoa-img\/cz\/eb68c816-1_33395.jpg\" \/>\n\t<meta property=\"og:image:width\" content=\"600\" \/>\n\t<meta property=\"og:image:height\" content=\"600\" \/>\n\t<meta property=\"og:image:type\" content=\"image\/jpeg\" \/>\n<meta name=\"twitter:card\" content=\"summary_large_image\" \/>\n<meta name=\"twitter:label1\" content=\"Odhadovan\u00e1 doba \u010dten\u00ed\" \/>\n\t<meta name=\"twitter:data1\" content=\"1 minuta\" \/>\n<script type=\"application\/ld+json\" class=\"yoast-schema-graph\">{\"@context\":\"https:\\\/\\\/schema.org\",\"@graph\":[{\"@type\":\"WebPage\",\"@id\":\"https:\\\/\\\/shopatoa.com\\\/cz\\\/tetra-funtips-tablets-20-tbl\\\/\",\"url\":\"https:\\\/\\\/shopatoa.com\\\/cz\\\/tetra-funtips-tablets-20-tbl\\\/\",\"name\":\"Tetra FunTips Tablets 20 tbl. - SHOPATOA.COM\",\"isPartOf\":{\"@id\":\"https:\\\/\\\/shopatoa.com\\\/cz\\\/#website\"},\"primaryImageOfPage\":{\"@id\":\"https:\\\/\\\/shopatoa.com\\\/cz\\\/tetra-funtips-tablets-20-tbl\\\/#primaryimage\"},\"image\":{\"@id\":\"https:\\\/\\\/shopatoa.com\\\/cz\\\/tetra-funtips-tablets-20-tbl\\\/#primaryimage\"},\"thumbnailUrl\":\"https:\\\/\\\/storage.googleapis.com\\\/cz-shopatoa-img\\\/cz\\\/eb68c816-1_33395.jpg\",\"datePublished\":\"2025-04-02T11:11:30+00:00\",\"dateModified\":\"2026-02-02T05:48:54+00:00\",\"breadcrumb\":{\"@id\":\"https:\\\/\\\/shopatoa.com\\\/cz\\\/tetra-funtips-tablets-20-tbl\\\/#breadcrumb\"},\"inLanguage\":\"cs\",\"potentialAction\":[{\"@type\":\"ReadAction\",\"target\":[\"https:\\\/\\\/shopatoa.com\\\/cz\\\/tetra-funtips-tablets-20-tbl\\\/\"]}]},{\"@type\":\"ImageObject\",\"inLanguage\":\"cs\",\"@id\":\"https:\\\/\\\/shopatoa.com\\\/cz\\\/tetra-funtips-tablets-20-tbl\\\/#primaryimage\",\"url\":\"https:\\\/\\\/storage.googleapis.com\\\/cz-shopatoa-img\\\/cz\\\/eb68c816-1_33395.jpg\",\"contentUrl\":\"https:\\\/\\\/storage.googleapis.com\\\/cz-shopatoa-img\\\/cz\\\/eb68c816-1_33395.jpg\",\"width\":600,\"height\":600},{\"@type\":\"BreadcrumbList\",\"@id\":\"https:\\\/\\\/shopatoa.com\\\/cz\\\/tetra-funtips-tablets-20-tbl\\\/#breadcrumb\",\"itemListElement\":[{\"@type\":\"ListItem\",\"position\":1,\"name\":\"Dom\u016f\",\"item\":\"https:\\\/\\\/shopatoa.com\\\/cz\\\/\"},{\"@type\":\"ListItem\",\"position\":2,\"name\":\"Produkty\",\"item\":\"https:\\\/\\\/shopatoa.com\\\/cz\\\/shop\\\/\"},{\"@type\":\"ListItem\",\"position\":3,\"name\":\"Chovatelsk\u00e9 pot\u0159eby\",\"item\":\"https:\\\/\\\/shopatoa.com\\\/cz\\\/chovatelske-potreby-2\\\/\"},{\"@type\":\"ListItem\",\"position\":4,\"name\":\"Akvaristika\",\"item\":\"https:\\\/\\\/shopatoa.com\\\/cz\\\/akvaristika\\\/\"},{\"@type\":\"ListItem\",\"position\":5,\"name\":\"Krmivo pro ryby\",\"item\":\"https:\\\/\\\/shopatoa.com\\\/cz\\\/krmivo-pro-ryby\\\/\"},{\"@type\":\"ListItem\",\"position\":6,\"name\":\"Tetra FunTips Tablets 20 tbl.\"}]},{\"@type\":\"WebSite\",\"@id\":\"https:\\\/\\\/shopatoa.com\\\/cz\\\/#website\",\"url\":\"https:\\\/\\\/shopatoa.com\\\/cz\\\/\",\"name\":\"SHOPATOA\",\"description\":\"\",\"publisher\":{\"@id\":\"https:\\\/\\\/shopatoa.com\\\/cz\\\/#organization\"},\"potentialAction\":[{\"@type\":\"SearchAction\",\"target\":{\"@type\":\"EntryPoint\",\"urlTemplate\":\"https:\\\/\\\/shopatoa.com\\\/cz\\\/?s={search_term_string}\"},\"query-input\":{\"@type\":\"PropertyValueSpecification\",\"valueRequired\":true,\"valueName\":\"search_term_string\"}}],\"inLanguage\":\"cs\"},{\"@type\":\"Organization\",\"@id\":\"https:\\\/\\\/shopatoa.com\\\/cz\\\/#organization\",\"name\":\"SHOPATOA Digital s.r.o.\",\"url\":\"https:\\\/\\\/shopatoa.com\\\/cz\\\/\",\"logo\":{\"@type\":\"ImageObject\",\"inLanguage\":\"cs\",\"@id\":\"https:\\\/\\\/shopatoa.com\\\/cz\\\/#\\\/schema\\\/logo\\\/image\\\/\",\"url\":\"https:\\\/\\\/storage.googleapis.com\\\/cz-shopatoa-img\\\/cz\\\/ebccf434-shopatoa_logo.png\",\"contentUrl\":\"https:\\\/\\\/storage.googleapis.com\\\/cz-shopatoa-img\\\/cz\\\/ebccf434-shopatoa_logo.png\",\"width\":416,\"height\":63,\"caption\":\"SHOPATOA Digital s.r.o.\"},\"image\":{\"@id\":\"https:\\\/\\\/shopatoa.com\\\/cz\\\/#\\\/schema\\\/logo\\\/image\\\/\"}}]}<\/script>\n<!-- \/ Yoast SEO plugin. -->","yoast_head_json":{"title":"Tetra FunTips Tablets 20 tbl. - SHOPATOA.COM","robots":{"index":"index","follow":"follow","max-snippet":"max-snippet:-1","max-image-preview":"max-image-preview:large","max-video-preview":"max-video-preview:-1"},"canonical":"https:\/\/shopatoa.com\/cz\/tetra-funtips-tablets-20-tbl\/","og_locale":"cs_CZ","og_type":"article","og_title":"Tetra FunTips Tablets 20 tbl. - SHOPATOA.COM","og_description":"Kompletn\u00ed krmivo pro akvarijn\u00ed ryby. Tablety, kter\u00e9 se daj\u00ed nalepit na sklo, v\u00fdborn\u00e9 nap\u0159\u00edklad pro l\u00edbaj\u00edc\u00ed \u010dichavce. Receptura Tetra FunTips je od t\u00e9 p\u016fvodn\u00ed st\u00e1le vylep\u0161ov\u00e1na. Nov\u00e9 tablety se mohou pochlubit p\u016fsobivou kombinac\u00ed vysoce kvalitn\u00edch speci\u00e1ln\u00edch vlo\u010dek a v\u00edce ne\u017e 20% p\u0159irozen\u00e9ho krmiva, jako jsou krevety, kril, gammarus a vodn\u00ed blechy, co\u017e zaji\u0161\u0165uje, \u017ee ryby...","og_url":"https:\/\/shopatoa.com\/cz\/tetra-funtips-tablets-20-tbl\/","og_site_name":"SHOPATOA","article_modified_time":"2026-02-02T05:48:54+00:00","og_image":[{"width":600,"height":600,"url":"https:\/\/storage.googleapis.com\/cz-shopatoa-img\/cz\/eb68c816-1_33395.jpg","type":"image\/jpeg"}],"twitter_card":"summary_large_image","twitter_misc":{"Odhadovan\u00e1 doba \u010dten\u00ed":"1 minuta"},"schema":{"@context":"https:\/\/schema.org","@graph":[{"@type":"WebPage","@id":"https:\/\/shopatoa.com\/cz\/tetra-funtips-tablets-20-tbl\/","url":"https:\/\/shopatoa.com\/cz\/tetra-funtips-tablets-20-tbl\/","name":"Tetra FunTips Tablets 20 tbl. - SHOPATOA.COM","isPartOf":{"@id":"https:\/\/shopatoa.com\/cz\/#website"},"primaryImageOfPage":{"@id":"https:\/\/shopatoa.com\/cz\/tetra-funtips-tablets-20-tbl\/#primaryimage"},"image":{"@id":"https:\/\/shopatoa.com\/cz\/tetra-funtips-tablets-20-tbl\/#primaryimage"},"thumbnailUrl":"https:\/\/storage.googleapis.com\/cz-shopatoa-img\/cz\/eb68c816-1_33395.jpg","datePublished":"2025-04-02T11:11:30+00:00","dateModified":"2026-02-02T05:48:54+00:00","breadcrumb":{"@id":"https:\/\/shopatoa.com\/cz\/tetra-funtips-tablets-20-tbl\/#breadcrumb"},"inLanguage":"cs","potentialAction":[{"@type":"ReadAction","target":["https:\/\/shopatoa.com\/cz\/tetra-funtips-tablets-20-tbl\/"]}]},{"@type":"ImageObject","inLanguage":"cs","@id":"https:\/\/shopatoa.com\/cz\/tetra-funtips-tablets-20-tbl\/#primaryimage","url":"https:\/\/storage.googleapis.com\/cz-shopatoa-img\/cz\/eb68c816-1_33395.jpg","contentUrl":"https:\/\/storage.googleapis.com\/cz-shopatoa-img\/cz\/eb68c816-1_33395.jpg","width":600,"height":600},{"@type":"BreadcrumbList","@id":"https:\/\/shopatoa.com\/cz\/tetra-funtips-tablets-20-tbl\/#breadcrumb","itemListElement":[{"@type":"ListItem","position":1,"name":"Dom\u016f","item":"https:\/\/shopatoa.com\/cz\/"},{"@type":"ListItem","position":2,"name":"Produkty","item":"https:\/\/shopatoa.com\/cz\/shop\/"},{"@type":"ListItem","position":3,"name":"Chovatelsk\u00e9 pot\u0159eby","item":"https:\/\/shopatoa.com\/cz\/chovatelske-potreby-2\/"},{"@type":"ListItem","position":4,"name":"Akvaristika","item":"https:\/\/shopatoa.com\/cz\/akvaristika\/"},{"@type":"ListItem","position":5,"name":"Krmivo pro ryby","item":"https:\/\/shopatoa.com\/cz\/krmivo-pro-ryby\/"},{"@type":"ListItem","position":6,"name":"Tetra FunTips Tablets 20 tbl."}]},{"@type":"WebSite","@id":"https:\/\/shopatoa.com\/cz\/#website","url":"https:\/\/shopatoa.com\/cz\/","name":"SHOPATOA","description":"","publisher":{"@id":"https:\/\/shopatoa.com\/cz\/#organization"},"potentialAction":[{"@type":"SearchAction","target":{"@type":"EntryPoint","urlTemplate":"https:\/\/shopatoa.com\/cz\/?s={search_term_string}"},"query-input":{"@type":"PropertyValueSpecification","valueRequired":true,"valueName":"search_term_string"}}],"inLanguage":"cs"},{"@type":"Organization","@id":"https:\/\/shopatoa.com\/cz\/#organization","name":"SHOPATOA Digital s.r.o.","url":"https:\/\/shopatoa.com\/cz\/","logo":{"@type":"ImageObject","inLanguage":"cs","@id":"https:\/\/shopatoa.com\/cz\/#\/schema\/logo\/image\/","url":"https:\/\/storage.googleapis.com\/cz-shopatoa-img\/cz\/ebccf434-shopatoa_logo.png","contentUrl":"https:\/\/storage.googleapis.com\/cz-shopatoa-img\/cz\/ebccf434-shopatoa_logo.png","width":416,"height":63,"caption":"SHOPATOA Digital s.r.o."},"image":{"@id":"https:\/\/shopatoa.com\/cz\/#\/schema\/logo\/image\/"}}]}},"_links":{"self":[{"href":"https:\/\/shopatoa.com\/cz\/wp-json\/wp\/v2\/product\/244042","targetHints":{"allow":["GET"]}}],"collection":[{"href":"https:\/\/shopatoa.com\/cz\/wp-json\/wp\/v2\/product"}],"about":[{"href":"https:\/\/shopatoa.com\/cz\/wp-json\/wp\/v2\/types\/product"}],"replies":[{"embeddable":true,"href":"https:\/\/shopatoa.com\/cz\/wp-json\/wp\/v2\/comments?post=244042"}],"wp:featuredmedia":[{"embeddable":true,"href":"https:\/\/shopatoa.com\/cz\/wp-json\/wp\/v2\/media\/244043"}],"wp:attachment":[{"href":"https:\/\/shopatoa.com\/cz\/wp-json\/wp\/v2\/media?parent=244042"}],"wp:term":[{"taxonomy":"product_brand","embeddable":true,"href":"https:\/\/shopatoa.com\/cz\/wp-json\/wp\/v2\/product_brand?post=244042"},{"taxonomy":"product_cat","embeddable":true,"href":"https:\/\/shopatoa.com\/cz\/wp-json\/wp\/v2\/product_cat?post=244042"},{"taxonomy":"product_tag","embeddable":true,"href":"https:\/\/shopatoa.com\/cz\/wp-json\/wp\/v2\/product_tag?post=244042"}],"curies":[{"name":"wp","href":"https:\/\/api.w.org\/{rel}","templated":true}]}}