{"id":244055,"date":"2025-04-02T13:15:11","date_gmt":"2025-04-02T11:15:11","guid":{"rendered":"https:\/\/shopatoa.com\/cz\/?post_type=product&#038;p=244055"},"modified":"2026-02-02T06:48:46","modified_gmt":"2026-02-02T05:48:46","slug":"obojek-dogtrace-proti-stekotu-d-mute-small-light","status":"publish","type":"product","link":"https:\/\/shopatoa.com\/cz\/obojek-dogtrace-proti-stekotu-d-mute-small-light\/","title":{"rendered":"Obojek DOGTRACE proti \u0161t\u011bkotu d-mute small light"},"content":{"rendered":"<p>Elektronick\u00fd obojek proti ne\u017e\u00e1douc\u00edmu \u0161t\u011bk\u00e1n\u00ed\u00a0vhodn\u00fd pouze pro mal\u00e1 plemena ps\u016f (jezev\u010d\u00edk, shi-tzu, bi\u0161onek, apod.).<\/p>\n<p>D\u00edky velmi mal\u00e9 krabi\u010dce a opravdu mal\u00fdm korek\u010dn\u00edm impuls\u016fm, kter\u00e9 jsou nastaviteln\u00e9 v p\u011bti re\u017eimech a jednom testovac\u00edm, je vhodn\u00fd pouze pro mal\u00e1 plemena ps\u016f.<\/p>\n<p>Elektronick\u00e9 obojky \u00a0d-mute small light\u00a0proti \u0161t\u011bk\u00e1n\u00ed jsou bezpe\u010dn\u00fdm a efektivn\u00edm prost\u0159edkem, kter\u00fd pom\u016f\u017ee eliminovat nadm\u011brn\u00e9 nebo bezd\u016fvodn\u00e9 \u0161t\u011bk\u00e1n\u00ed Va\u0161eho psa. Elektronick\u00fd obojek proti \u0161t\u011bk\u00e1n\u00ed p\u0159edstavuje jednoduch\u00e9 \u0159e\u0161en\u00ed v\u00a0p\u0159\u00edpadech, kdy V\u00e1\u0161 pes reaguje na sebemen\u0161\u00ed podn\u011bt \u00a0\u0161t\u011bkotem, nebo dokonce \u0161t\u011bk\u00e1 cel\u00fd den v dob\u011b Va\u0161\u00ed nep\u0159\u00edtomnosti, a obt\u011b\u017euje tak sv\u00e9 okol\u00ed.<\/p>\n<p>Obojek je\u00a0aktivov\u00e1n pouze vibracemi hlasivek\u00a0psa, kter\u00fd nos\u00ed obojek na krku, tento syst\u00e9m tak zabra\u0148uje riziku fale\u0161n\u00e9ho spu\u0161t\u011bn\u00ed vyvolan\u00e9ho \u0161t\u011bkotem jin\u00e9ho psa. Citlivost reakce obojku na vibrace a re\u017eim stimulace je mo\u017en\u00e9 snadno nastavit. Obojek disponuje\u00a0celkem p\u011bti voliteln\u00fdmi re\u017eimy pro korekci\u00a0\u0161t\u011bk\u00e1n\u00ed, lze si vybrat mezi&#8230;<\/p>\n","protected":false},"excerpt":{"rendered":"<p>Elektronick\u00fd obojek proti ne\u017e\u00e1douc\u00edmu \u0161t\u011bk\u00e1n\u00ed\u00a0vhodn\u00fd pouze pro mal\u00e1 plemena ps\u016f (jezev\u010d\u00edk, shi-tzu, bi\u0161onek, apod.). D\u00edky velmi mal\u00e9 krabi\u010dce a opravdu mal\u00fdm korek\u010dn\u00edm impuls\u016fm, kter\u00e9 jsou nastaviteln\u00e9 v p\u011bti re\u017eimech a jednom testovac\u00edm, je vhodn\u00fd pouze pro mal\u00e1 plemena ps\u016f. Elektronick\u00e9 obojky \u00a0d-mute small light\u00a0proti \u0161t\u011bk\u00e1n\u00ed jsou bezpe\u010dn\u00fdm a efektivn\u00edm prost\u0159edkem, kter\u00fd pom\u016f\u017ee eliminovat nadm\u011brn\u00e9 nebo&#8230;<\/p>\n","protected":false},"featured_media":244056,"comment_status":"closed","ping_status":"open","template":"","meta":{"_acf_changed":false,"_kadence_starter_templates_imported_post":false,"_kad_post_transparent":"","_kad_post_title":"","_kad_post_layout":"","_kad_post_sidebar_id":"","_kad_post_content_style":"","_kad_post_vertical_padding":"","_kad_post_feature":"","_kad_post_feature_position":"","_kad_post_header":false,"_kad_post_footer":false,"_kad_post_classname":""},"product_brand":[2689],"product_cat":[436,2506,739,2507],"product_tag":[],"class_list":{"0":"post-244055","1":"product","2":"type-product","3":"status-publish","4":"has-post-thumbnail","6":"product_brand-dogtrace","7":"product_cat-chovatelske-potreby-2","8":"product_cat-obojky-a-voditka-pro-psy","9":"product_cat-pro-psy-chovatelske-potreby-2","10":"product_cat-znamky-adresare-a-privesky-pro-psy","11":"pa_obchod-superzoo-cz","13":"first","14":"instock","15":"product-type-external","16":"entry","17":"content-bg","18":"loop-entry"},"acf":[],"yoast_head":"<!-- This site is optimized with the Yoast SEO plugin v27.4 - https:\/\/yoast.com\/product\/yoast-seo-wordpress\/ -->\n<title>Obojek DOGTRACE proti \u0161t\u011bkotu d-mute small light - SHOPATOA.COM<\/title>\n<meta name=\"robots\" content=\"index, follow, max-snippet:-1, max-image-preview:large, max-video-preview:-1\" \/>\n<link rel=\"canonical\" href=\"https:\/\/shopatoa.com\/cz\/obojek-dogtrace-proti-stekotu-d-mute-small-light\/\" \/>\n<meta property=\"og:locale\" content=\"cs_CZ\" \/>\n<meta property=\"og:type\" content=\"article\" \/>\n<meta property=\"og:title\" content=\"Obojek DOGTRACE proti \u0161t\u011bkotu d-mute small light - SHOPATOA.COM\" \/>\n<meta property=\"og:description\" content=\"Elektronick\u00fd obojek proti ne\u017e\u00e1douc\u00edmu \u0161t\u011bk\u00e1n\u00ed\u00a0vhodn\u00fd pouze pro mal\u00e1 plemena ps\u016f (jezev\u010d\u00edk, shi-tzu, bi\u0161onek, apod.). D\u00edky velmi mal\u00e9 krabi\u010dce a opravdu mal\u00fdm korek\u010dn\u00edm impuls\u016fm, kter\u00e9 jsou nastaviteln\u00e9 v p\u011bti re\u017eimech a jednom testovac\u00edm, je vhodn\u00fd pouze pro mal\u00e1 plemena ps\u016f. Elektronick\u00e9 obojky \u00a0d-mute small light\u00a0proti \u0161t\u011bk\u00e1n\u00ed jsou bezpe\u010dn\u00fdm a efektivn\u00edm prost\u0159edkem, kter\u00fd pom\u016f\u017ee eliminovat nadm\u011brn\u00e9 nebo...\" \/>\n<meta property=\"og:url\" content=\"https:\/\/shopatoa.com\/cz\/obojek-dogtrace-proti-stekotu-d-mute-small-light\/\" \/>\n<meta property=\"og:site_name\" content=\"SHOPATOA\" \/>\n<meta property=\"article:modified_time\" content=\"2026-02-02T05:48:46+00:00\" \/>\n<meta property=\"og:image\" content=\"https:\/\/storage.googleapis.com\/cz-shopatoa-img\/cz\/dc6fc69b-1_33435.jpg\" \/>\n\t<meta property=\"og:image:width\" content=\"600\" \/>\n\t<meta property=\"og:image:height\" content=\"600\" \/>\n\t<meta property=\"og:image:type\" content=\"image\/jpeg\" \/>\n<meta name=\"twitter:card\" content=\"summary_large_image\" \/>\n<meta name=\"twitter:label1\" content=\"Odhadovan\u00e1 doba \u010dten\u00ed\" \/>\n\t<meta name=\"twitter:data1\" content=\"1 minuta\" \/>\n<script type=\"application\/ld+json\" class=\"yoast-schema-graph\">{\"@context\":\"https:\\\/\\\/schema.org\",\"@graph\":[{\"@type\":\"WebPage\",\"@id\":\"https:\\\/\\\/shopatoa.com\\\/cz\\\/obojek-dogtrace-proti-stekotu-d-mute-small-light\\\/\",\"url\":\"https:\\\/\\\/shopatoa.com\\\/cz\\\/obojek-dogtrace-proti-stekotu-d-mute-small-light\\\/\",\"name\":\"Obojek DOGTRACE proti \u0161t\u011bkotu d-mute small light - SHOPATOA.COM\",\"isPartOf\":{\"@id\":\"https:\\\/\\\/shopatoa.com\\\/cz\\\/#website\"},\"primaryImageOfPage\":{\"@id\":\"https:\\\/\\\/shopatoa.com\\\/cz\\\/obojek-dogtrace-proti-stekotu-d-mute-small-light\\\/#primaryimage\"},\"image\":{\"@id\":\"https:\\\/\\\/shopatoa.com\\\/cz\\\/obojek-dogtrace-proti-stekotu-d-mute-small-light\\\/#primaryimage\"},\"thumbnailUrl\":\"https:\\\/\\\/storage.googleapis.com\\\/cz-shopatoa-img\\\/cz\\\/dc6fc69b-1_33435.jpg\",\"datePublished\":\"2025-04-02T11:15:11+00:00\",\"dateModified\":\"2026-02-02T05:48:46+00:00\",\"breadcrumb\":{\"@id\":\"https:\\\/\\\/shopatoa.com\\\/cz\\\/obojek-dogtrace-proti-stekotu-d-mute-small-light\\\/#breadcrumb\"},\"inLanguage\":\"cs\",\"potentialAction\":[{\"@type\":\"ReadAction\",\"target\":[\"https:\\\/\\\/shopatoa.com\\\/cz\\\/obojek-dogtrace-proti-stekotu-d-mute-small-light\\\/\"]}]},{\"@type\":\"ImageObject\",\"inLanguage\":\"cs\",\"@id\":\"https:\\\/\\\/shopatoa.com\\\/cz\\\/obojek-dogtrace-proti-stekotu-d-mute-small-light\\\/#primaryimage\",\"url\":\"https:\\\/\\\/storage.googleapis.com\\\/cz-shopatoa-img\\\/cz\\\/dc6fc69b-1_33435.jpg\",\"contentUrl\":\"https:\\\/\\\/storage.googleapis.com\\\/cz-shopatoa-img\\\/cz\\\/dc6fc69b-1_33435.jpg\",\"width\":600,\"height\":600},{\"@type\":\"BreadcrumbList\",\"@id\":\"https:\\\/\\\/shopatoa.com\\\/cz\\\/obojek-dogtrace-proti-stekotu-d-mute-small-light\\\/#breadcrumb\",\"itemListElement\":[{\"@type\":\"ListItem\",\"position\":1,\"name\":\"Dom\u016f\",\"item\":\"https:\\\/\\\/shopatoa.com\\\/cz\\\/\"},{\"@type\":\"ListItem\",\"position\":2,\"name\":\"Produkty\",\"item\":\"https:\\\/\\\/shopatoa.com\\\/cz\\\/shop\\\/\"},{\"@type\":\"ListItem\",\"position\":3,\"name\":\"Chovatelsk\u00e9 pot\u0159eby\",\"item\":\"https:\\\/\\\/shopatoa.com\\\/cz\\\/chovatelske-potreby-2\\\/\"},{\"@type\":\"ListItem\",\"position\":4,\"name\":\"Pro psy\",\"item\":\"https:\\\/\\\/shopatoa.com\\\/cz\\\/pro-psy-chovatelske-potreby-2\\\/\"},{\"@type\":\"ListItem\",\"position\":5,\"name\":\"Obojky a vod\u00edtka pro psy\",\"item\":\"https:\\\/\\\/shopatoa.com\\\/cz\\\/obojky-a-voditka-pro-psy\\\/\"},{\"@type\":\"ListItem\",\"position\":6,\"name\":\"Zn\u00e1mky, adres\u00e1\u0159e a p\u0159\u00edv\u011bsky pro psy\",\"item\":\"https:\\\/\\\/shopatoa.com\\\/cz\\\/znamky-adresare-a-privesky-pro-psy\\\/\"},{\"@type\":\"ListItem\",\"position\":7,\"name\":\"Obojek DOGTRACE proti \u0161t\u011bkotu d-mute small light\"}]},{\"@type\":\"WebSite\",\"@id\":\"https:\\\/\\\/shopatoa.com\\\/cz\\\/#website\",\"url\":\"https:\\\/\\\/shopatoa.com\\\/cz\\\/\",\"name\":\"SHOPATOA\",\"description\":\"\",\"publisher\":{\"@id\":\"https:\\\/\\\/shopatoa.com\\\/cz\\\/#organization\"},\"potentialAction\":[{\"@type\":\"SearchAction\",\"target\":{\"@type\":\"EntryPoint\",\"urlTemplate\":\"https:\\\/\\\/shopatoa.com\\\/cz\\\/?s={search_term_string}\"},\"query-input\":{\"@type\":\"PropertyValueSpecification\",\"valueRequired\":true,\"valueName\":\"search_term_string\"}}],\"inLanguage\":\"cs\"},{\"@type\":\"Organization\",\"@id\":\"https:\\\/\\\/shopatoa.com\\\/cz\\\/#organization\",\"name\":\"SHOPATOA Digital s.r.o.\",\"url\":\"https:\\\/\\\/shopatoa.com\\\/cz\\\/\",\"logo\":{\"@type\":\"ImageObject\",\"inLanguage\":\"cs\",\"@id\":\"https:\\\/\\\/shopatoa.com\\\/cz\\\/#\\\/schema\\\/logo\\\/image\\\/\",\"url\":\"https:\\\/\\\/storage.googleapis.com\\\/cz-shopatoa-img\\\/cz\\\/ebccf434-shopatoa_logo.png\",\"contentUrl\":\"https:\\\/\\\/storage.googleapis.com\\\/cz-shopatoa-img\\\/cz\\\/ebccf434-shopatoa_logo.png\",\"width\":416,\"height\":63,\"caption\":\"SHOPATOA Digital s.r.o.\"},\"image\":{\"@id\":\"https:\\\/\\\/shopatoa.com\\\/cz\\\/#\\\/schema\\\/logo\\\/image\\\/\"}}]}<\/script>\n<!-- \/ Yoast SEO plugin. -->","yoast_head_json":{"title":"Obojek DOGTRACE proti \u0161t\u011bkotu d-mute small light - SHOPATOA.COM","robots":{"index":"index","follow":"follow","max-snippet":"max-snippet:-1","max-image-preview":"max-image-preview:large","max-video-preview":"max-video-preview:-1"},"canonical":"https:\/\/shopatoa.com\/cz\/obojek-dogtrace-proti-stekotu-d-mute-small-light\/","og_locale":"cs_CZ","og_type":"article","og_title":"Obojek DOGTRACE proti \u0161t\u011bkotu d-mute small light - SHOPATOA.COM","og_description":"Elektronick\u00fd obojek proti ne\u017e\u00e1douc\u00edmu \u0161t\u011bk\u00e1n\u00ed\u00a0vhodn\u00fd pouze pro mal\u00e1 plemena ps\u016f (jezev\u010d\u00edk, shi-tzu, bi\u0161onek, apod.). D\u00edky velmi mal\u00e9 krabi\u010dce a opravdu mal\u00fdm korek\u010dn\u00edm impuls\u016fm, kter\u00e9 jsou nastaviteln\u00e9 v p\u011bti re\u017eimech a jednom testovac\u00edm, je vhodn\u00fd pouze pro mal\u00e1 plemena ps\u016f. Elektronick\u00e9 obojky \u00a0d-mute small light\u00a0proti \u0161t\u011bk\u00e1n\u00ed jsou bezpe\u010dn\u00fdm a efektivn\u00edm prost\u0159edkem, kter\u00fd pom\u016f\u017ee eliminovat nadm\u011brn\u00e9 nebo...","og_url":"https:\/\/shopatoa.com\/cz\/obojek-dogtrace-proti-stekotu-d-mute-small-light\/","og_site_name":"SHOPATOA","article_modified_time":"2026-02-02T05:48:46+00:00","og_image":[{"width":600,"height":600,"url":"https:\/\/storage.googleapis.com\/cz-shopatoa-img\/cz\/dc6fc69b-1_33435.jpg","type":"image\/jpeg"}],"twitter_card":"summary_large_image","twitter_misc":{"Odhadovan\u00e1 doba \u010dten\u00ed":"1 minuta"},"schema":{"@context":"https:\/\/schema.org","@graph":[{"@type":"WebPage","@id":"https:\/\/shopatoa.com\/cz\/obojek-dogtrace-proti-stekotu-d-mute-small-light\/","url":"https:\/\/shopatoa.com\/cz\/obojek-dogtrace-proti-stekotu-d-mute-small-light\/","name":"Obojek DOGTRACE proti \u0161t\u011bkotu d-mute small light - SHOPATOA.COM","isPartOf":{"@id":"https:\/\/shopatoa.com\/cz\/#website"},"primaryImageOfPage":{"@id":"https:\/\/shopatoa.com\/cz\/obojek-dogtrace-proti-stekotu-d-mute-small-light\/#primaryimage"},"image":{"@id":"https:\/\/shopatoa.com\/cz\/obojek-dogtrace-proti-stekotu-d-mute-small-light\/#primaryimage"},"thumbnailUrl":"https:\/\/storage.googleapis.com\/cz-shopatoa-img\/cz\/dc6fc69b-1_33435.jpg","datePublished":"2025-04-02T11:15:11+00:00","dateModified":"2026-02-02T05:48:46+00:00","breadcrumb":{"@id":"https:\/\/shopatoa.com\/cz\/obojek-dogtrace-proti-stekotu-d-mute-small-light\/#breadcrumb"},"inLanguage":"cs","potentialAction":[{"@type":"ReadAction","target":["https:\/\/shopatoa.com\/cz\/obojek-dogtrace-proti-stekotu-d-mute-small-light\/"]}]},{"@type":"ImageObject","inLanguage":"cs","@id":"https:\/\/shopatoa.com\/cz\/obojek-dogtrace-proti-stekotu-d-mute-small-light\/#primaryimage","url":"https:\/\/storage.googleapis.com\/cz-shopatoa-img\/cz\/dc6fc69b-1_33435.jpg","contentUrl":"https:\/\/storage.googleapis.com\/cz-shopatoa-img\/cz\/dc6fc69b-1_33435.jpg","width":600,"height":600},{"@type":"BreadcrumbList","@id":"https:\/\/shopatoa.com\/cz\/obojek-dogtrace-proti-stekotu-d-mute-small-light\/#breadcrumb","itemListElement":[{"@type":"ListItem","position":1,"name":"Dom\u016f","item":"https:\/\/shopatoa.com\/cz\/"},{"@type":"ListItem","position":2,"name":"Produkty","item":"https:\/\/shopatoa.com\/cz\/shop\/"},{"@type":"ListItem","position":3,"name":"Chovatelsk\u00e9 pot\u0159eby","item":"https:\/\/shopatoa.com\/cz\/chovatelske-potreby-2\/"},{"@type":"ListItem","position":4,"name":"Pro psy","item":"https:\/\/shopatoa.com\/cz\/pro-psy-chovatelske-potreby-2\/"},{"@type":"ListItem","position":5,"name":"Obojky a vod\u00edtka pro psy","item":"https:\/\/shopatoa.com\/cz\/obojky-a-voditka-pro-psy\/"},{"@type":"ListItem","position":6,"name":"Zn\u00e1mky, adres\u00e1\u0159e a p\u0159\u00edv\u011bsky pro psy","item":"https:\/\/shopatoa.com\/cz\/znamky-adresare-a-privesky-pro-psy\/"},{"@type":"ListItem","position":7,"name":"Obojek DOGTRACE proti \u0161t\u011bkotu d-mute small light"}]},{"@type":"WebSite","@id":"https:\/\/shopatoa.com\/cz\/#website","url":"https:\/\/shopatoa.com\/cz\/","name":"SHOPATOA","description":"","publisher":{"@id":"https:\/\/shopatoa.com\/cz\/#organization"},"potentialAction":[{"@type":"SearchAction","target":{"@type":"EntryPoint","urlTemplate":"https:\/\/shopatoa.com\/cz\/?s={search_term_string}"},"query-input":{"@type":"PropertyValueSpecification","valueRequired":true,"valueName":"search_term_string"}}],"inLanguage":"cs"},{"@type":"Organization","@id":"https:\/\/shopatoa.com\/cz\/#organization","name":"SHOPATOA Digital s.r.o.","url":"https:\/\/shopatoa.com\/cz\/","logo":{"@type":"ImageObject","inLanguage":"cs","@id":"https:\/\/shopatoa.com\/cz\/#\/schema\/logo\/image\/","url":"https:\/\/storage.googleapis.com\/cz-shopatoa-img\/cz\/ebccf434-shopatoa_logo.png","contentUrl":"https:\/\/storage.googleapis.com\/cz-shopatoa-img\/cz\/ebccf434-shopatoa_logo.png","width":416,"height":63,"caption":"SHOPATOA Digital s.r.o."},"image":{"@id":"https:\/\/shopatoa.com\/cz\/#\/schema\/logo\/image\/"}}]}},"_links":{"self":[{"href":"https:\/\/shopatoa.com\/cz\/wp-json\/wp\/v2\/product\/244055","targetHints":{"allow":["GET"]}}],"collection":[{"href":"https:\/\/shopatoa.com\/cz\/wp-json\/wp\/v2\/product"}],"about":[{"href":"https:\/\/shopatoa.com\/cz\/wp-json\/wp\/v2\/types\/product"}],"replies":[{"embeddable":true,"href":"https:\/\/shopatoa.com\/cz\/wp-json\/wp\/v2\/comments?post=244055"}],"wp:featuredmedia":[{"embeddable":true,"href":"https:\/\/shopatoa.com\/cz\/wp-json\/wp\/v2\/media\/244056"}],"wp:attachment":[{"href":"https:\/\/shopatoa.com\/cz\/wp-json\/wp\/v2\/media?parent=244055"}],"wp:term":[{"taxonomy":"product_brand","embeddable":true,"href":"https:\/\/shopatoa.com\/cz\/wp-json\/wp\/v2\/product_brand?post=244055"},{"taxonomy":"product_cat","embeddable":true,"href":"https:\/\/shopatoa.com\/cz\/wp-json\/wp\/v2\/product_cat?post=244055"},{"taxonomy":"product_tag","embeddable":true,"href":"https:\/\/shopatoa.com\/cz\/wp-json\/wp\/v2\/product_tag?post=244055"}],"curies":[{"name":"wp","href":"https:\/\/api.w.org\/{rel}","templated":true}]}}