{"id":244057,"date":"2025-04-02T13:15:20","date_gmt":"2025-04-02T11:15:20","guid":{"rendered":"https:\/\/shopatoa.com\/cz\/?post_type=product&#038;p=244057"},"modified":"2026-02-02T06:48:44","modified_gmt":"2026-02-02T05:48:44","slug":"obojek-dogtrace-proti-stekotu-d-mute-small-medium","status":"publish","type":"product","link":"https:\/\/shopatoa.com\/cz\/obojek-dogtrace-proti-stekotu-d-mute-small-medium\/","title":{"rendered":"Obojek DOGTRACE proti \u0161t\u011bkotu d-mute small\/medium"},"content":{"rendered":"<p>Elektronick\u00fd obojek proti ne\u017e\u00e1douc\u00edmu \u0161t\u011bk\u00e1n\u00ed &#8211; vhodn\u00fd pro mal\u00e1 a\u017e st\u0159edn\u00ed plemena ps\u016f (b\u00edgl, \u0161pic, kokr\u0161pan\u011bl, border kolie, apod.).<\/p>\n<p>D\u00edky velmi mal\u00e9 krabi\u010dce a opravdu n\u00edzk\u00fdm korek\u010dn\u00edm impuls\u016fm, kter\u00e9 jsou nastaviteln\u00e9 v p\u011bti re\u017eimech a jednom testovac\u00edm, je vhodn\u00fd pro mal\u00e1 a\u017e st\u0159edn\u00ed plemena ps\u016f.<\/p>\n<p>Charakteristika<\/p>\n<p>\tRozm\u011bry: 33 x 40 x 60 mm<br \/>\n\tV\u00e1ha: 50 g (bez baterie)<br \/>\n\tNap\u00e1jen\u00ed: lithiov\u00e1 baterie CR2 3V<br \/>\n\t\u017divotnost baterie: 6 m\u011bs\u00edc\u016f v pohotovostn\u00edm re\u017eimu<br \/>\n\tNastaviteln\u00fd obvod krku: 18 a\u017e 50 cm<br \/>\n\tRozm\u011bry: 33 x 40 x 60 mm,\u00a0V\u00e1ha: 50 g (bez baterie).<br \/>\n\tNastaviteln\u00fd obvod krku: 18 a\u017e 50 cm<\/p>\n<p>Elektronick\u00e9 obojky \u00a0d-mute small\u00a0proti \u0161t\u011bk\u00e1n\u00ed jsou bezpe\u010dn\u00fdm a efektivn\u00edm prost\u0159edkem, kter\u00fd pom\u016f\u017ee eliminovat nadm\u011brn\u00e9 nebo bezd\u016fvodn\u00e9 \u0161t\u011bk\u00e1n\u00ed Va\u0161eho psa. Elektronick\u00fd obojek proti \u0161t\u011bk\u00e1n\u00ed p\u0159edstavuje jednoduch\u00e9 \u0159e\u0161en\u00ed v\u00a0p\u0159\u00edpadech, kdy V\u00e1\u0161 pes reaguje na sebemen\u0161\u00ed podn\u011bt \u00a0\u0161t\u011bkotem, nebo dokonce \u0161t\u011bk\u00e1 cel\u00fd den v dob\u011b Va\u0161\u00ed nep\u0159\u00edtomnosti, a obt\u011b\u017euje tak sv\u00e9 okol\u00ed. <\/p>\n<p>Obojek je\u00a0aktivov\u00e1n&#8230;<\/p>\n","protected":false},"excerpt":{"rendered":"<p>Elektronick\u00fd obojek proti ne\u017e\u00e1douc\u00edmu \u0161t\u011bk\u00e1n\u00ed &#8211; vhodn\u00fd pro mal\u00e1 a\u017e st\u0159edn\u00ed plemena ps\u016f (b\u00edgl, \u0161pic, kokr\u0161pan\u011bl, border kolie, apod.). D\u00edky velmi mal\u00e9 krabi\u010dce a opravdu n\u00edzk\u00fdm korek\u010dn\u00edm impuls\u016fm, kter\u00e9 jsou nastaviteln\u00e9 v p\u011bti re\u017eimech a jednom testovac\u00edm, je vhodn\u00fd pro mal\u00e1 a\u017e st\u0159edn\u00ed plemena ps\u016f. Charakteristika Rozm\u011bry: 33 x 40 x 60 mm V\u00e1ha: 50&#8230;<\/p>\n","protected":false},"featured_media":244058,"comment_status":"closed","ping_status":"open","template":"","meta":{"_acf_changed":false,"_kadence_starter_templates_imported_post":false,"_kad_post_transparent":"","_kad_post_title":"","_kad_post_layout":"","_kad_post_sidebar_id":"","_kad_post_content_style":"","_kad_post_vertical_padding":"","_kad_post_feature":"","_kad_post_feature_position":"","_kad_post_header":false,"_kad_post_footer":false,"_kad_post_classname":""},"product_brand":[2689],"product_cat":[436,2506,739,2507],"product_tag":[],"class_list":{"0":"post-244057","1":"product","2":"type-product","3":"status-publish","4":"has-post-thumbnail","6":"product_brand-dogtrace","7":"product_cat-chovatelske-potreby-2","8":"product_cat-obojky-a-voditka-pro-psy","9":"product_cat-pro-psy-chovatelske-potreby-2","10":"product_cat-znamky-adresare-a-privesky-pro-psy","11":"pa_obchod-superzoo-cz","13":"first","14":"instock","15":"product-type-external","16":"entry","17":"content-bg","18":"loop-entry"},"acf":[],"yoast_head":"<!-- This site is optimized with the Yoast SEO plugin v27.4 - https:\/\/yoast.com\/product\/yoast-seo-wordpress\/ -->\n<title>Obojek DOGTRACE proti \u0161t\u011bkotu d-mute small\/medium - SHOPATOA.COM<\/title>\n<meta name=\"robots\" content=\"index, follow, max-snippet:-1, max-image-preview:large, max-video-preview:-1\" \/>\n<link rel=\"canonical\" href=\"https:\/\/shopatoa.com\/cz\/obojek-dogtrace-proti-stekotu-d-mute-small-medium\/\" \/>\n<meta property=\"og:locale\" content=\"cs_CZ\" \/>\n<meta property=\"og:type\" content=\"article\" \/>\n<meta property=\"og:title\" content=\"Obojek DOGTRACE proti \u0161t\u011bkotu d-mute small\/medium - SHOPATOA.COM\" \/>\n<meta property=\"og:description\" content=\"Elektronick\u00fd obojek proti ne\u017e\u00e1douc\u00edmu \u0161t\u011bk\u00e1n\u00ed &#8211; vhodn\u00fd pro mal\u00e1 a\u017e st\u0159edn\u00ed plemena ps\u016f (b\u00edgl, \u0161pic, kokr\u0161pan\u011bl, border kolie, apod.). D\u00edky velmi mal\u00e9 krabi\u010dce a opravdu n\u00edzk\u00fdm korek\u010dn\u00edm impuls\u016fm, kter\u00e9 jsou nastaviteln\u00e9 v p\u011bti re\u017eimech a jednom testovac\u00edm, je vhodn\u00fd pro mal\u00e1 a\u017e st\u0159edn\u00ed plemena ps\u016f. Charakteristika Rozm\u011bry: 33 x 40 x 60 mm V\u00e1ha: 50...\" \/>\n<meta property=\"og:url\" content=\"https:\/\/shopatoa.com\/cz\/obojek-dogtrace-proti-stekotu-d-mute-small-medium\/\" \/>\n<meta property=\"og:site_name\" content=\"SHOPATOA\" \/>\n<meta property=\"article:modified_time\" content=\"2026-02-02T05:48:44+00:00\" \/>\n<meta property=\"og:image\" content=\"https:\/\/storage.googleapis.com\/cz-shopatoa-img\/cz\/0f00838b-1_33436.jpg\" \/>\n\t<meta property=\"og:image:width\" content=\"600\" \/>\n\t<meta property=\"og:image:height\" content=\"600\" \/>\n\t<meta property=\"og:image:type\" content=\"image\/jpeg\" \/>\n<meta name=\"twitter:card\" content=\"summary_large_image\" \/>\n<meta name=\"twitter:label1\" content=\"Odhadovan\u00e1 doba \u010dten\u00ed\" \/>\n\t<meta name=\"twitter:data1\" content=\"1 minuta\" \/>\n<script type=\"application\/ld+json\" class=\"yoast-schema-graph\">{\"@context\":\"https:\\\/\\\/schema.org\",\"@graph\":[{\"@type\":\"WebPage\",\"@id\":\"https:\\\/\\\/shopatoa.com\\\/cz\\\/obojek-dogtrace-proti-stekotu-d-mute-small-medium\\\/\",\"url\":\"https:\\\/\\\/shopatoa.com\\\/cz\\\/obojek-dogtrace-proti-stekotu-d-mute-small-medium\\\/\",\"name\":\"Obojek DOGTRACE proti \u0161t\u011bkotu d-mute small\\\/medium - SHOPATOA.COM\",\"isPartOf\":{\"@id\":\"https:\\\/\\\/shopatoa.com\\\/cz\\\/#website\"},\"primaryImageOfPage\":{\"@id\":\"https:\\\/\\\/shopatoa.com\\\/cz\\\/obojek-dogtrace-proti-stekotu-d-mute-small-medium\\\/#primaryimage\"},\"image\":{\"@id\":\"https:\\\/\\\/shopatoa.com\\\/cz\\\/obojek-dogtrace-proti-stekotu-d-mute-small-medium\\\/#primaryimage\"},\"thumbnailUrl\":\"https:\\\/\\\/storage.googleapis.com\\\/cz-shopatoa-img\\\/cz\\\/0f00838b-1_33436.jpg\",\"datePublished\":\"2025-04-02T11:15:20+00:00\",\"dateModified\":\"2026-02-02T05:48:44+00:00\",\"breadcrumb\":{\"@id\":\"https:\\\/\\\/shopatoa.com\\\/cz\\\/obojek-dogtrace-proti-stekotu-d-mute-small-medium\\\/#breadcrumb\"},\"inLanguage\":\"cs\",\"potentialAction\":[{\"@type\":\"ReadAction\",\"target\":[\"https:\\\/\\\/shopatoa.com\\\/cz\\\/obojek-dogtrace-proti-stekotu-d-mute-small-medium\\\/\"]}]},{\"@type\":\"ImageObject\",\"inLanguage\":\"cs\",\"@id\":\"https:\\\/\\\/shopatoa.com\\\/cz\\\/obojek-dogtrace-proti-stekotu-d-mute-small-medium\\\/#primaryimage\",\"url\":\"https:\\\/\\\/storage.googleapis.com\\\/cz-shopatoa-img\\\/cz\\\/0f00838b-1_33436.jpg\",\"contentUrl\":\"https:\\\/\\\/storage.googleapis.com\\\/cz-shopatoa-img\\\/cz\\\/0f00838b-1_33436.jpg\",\"width\":600,\"height\":600},{\"@type\":\"BreadcrumbList\",\"@id\":\"https:\\\/\\\/shopatoa.com\\\/cz\\\/obojek-dogtrace-proti-stekotu-d-mute-small-medium\\\/#breadcrumb\",\"itemListElement\":[{\"@type\":\"ListItem\",\"position\":1,\"name\":\"Dom\u016f\",\"item\":\"https:\\\/\\\/shopatoa.com\\\/cz\\\/\"},{\"@type\":\"ListItem\",\"position\":2,\"name\":\"Produkty\",\"item\":\"https:\\\/\\\/shopatoa.com\\\/cz\\\/shop\\\/\"},{\"@type\":\"ListItem\",\"position\":3,\"name\":\"Chovatelsk\u00e9 pot\u0159eby\",\"item\":\"https:\\\/\\\/shopatoa.com\\\/cz\\\/chovatelske-potreby-2\\\/\"},{\"@type\":\"ListItem\",\"position\":4,\"name\":\"Pro psy\",\"item\":\"https:\\\/\\\/shopatoa.com\\\/cz\\\/pro-psy-chovatelske-potreby-2\\\/\"},{\"@type\":\"ListItem\",\"position\":5,\"name\":\"Obojky a vod\u00edtka pro psy\",\"item\":\"https:\\\/\\\/shopatoa.com\\\/cz\\\/obojky-a-voditka-pro-psy\\\/\"},{\"@type\":\"ListItem\",\"position\":6,\"name\":\"Zn\u00e1mky, adres\u00e1\u0159e a p\u0159\u00edv\u011bsky pro psy\",\"item\":\"https:\\\/\\\/shopatoa.com\\\/cz\\\/znamky-adresare-a-privesky-pro-psy\\\/\"},{\"@type\":\"ListItem\",\"position\":7,\"name\":\"Obojek DOGTRACE proti \u0161t\u011bkotu d-mute small\\\/medium\"}]},{\"@type\":\"WebSite\",\"@id\":\"https:\\\/\\\/shopatoa.com\\\/cz\\\/#website\",\"url\":\"https:\\\/\\\/shopatoa.com\\\/cz\\\/\",\"name\":\"SHOPATOA\",\"description\":\"\",\"publisher\":{\"@id\":\"https:\\\/\\\/shopatoa.com\\\/cz\\\/#organization\"},\"potentialAction\":[{\"@type\":\"SearchAction\",\"target\":{\"@type\":\"EntryPoint\",\"urlTemplate\":\"https:\\\/\\\/shopatoa.com\\\/cz\\\/?s={search_term_string}\"},\"query-input\":{\"@type\":\"PropertyValueSpecification\",\"valueRequired\":true,\"valueName\":\"search_term_string\"}}],\"inLanguage\":\"cs\"},{\"@type\":\"Organization\",\"@id\":\"https:\\\/\\\/shopatoa.com\\\/cz\\\/#organization\",\"name\":\"SHOPATOA Digital s.r.o.\",\"url\":\"https:\\\/\\\/shopatoa.com\\\/cz\\\/\",\"logo\":{\"@type\":\"ImageObject\",\"inLanguage\":\"cs\",\"@id\":\"https:\\\/\\\/shopatoa.com\\\/cz\\\/#\\\/schema\\\/logo\\\/image\\\/\",\"url\":\"https:\\\/\\\/storage.googleapis.com\\\/cz-shopatoa-img\\\/cz\\\/ebccf434-shopatoa_logo.png\",\"contentUrl\":\"https:\\\/\\\/storage.googleapis.com\\\/cz-shopatoa-img\\\/cz\\\/ebccf434-shopatoa_logo.png\",\"width\":416,\"height\":63,\"caption\":\"SHOPATOA Digital s.r.o.\"},\"image\":{\"@id\":\"https:\\\/\\\/shopatoa.com\\\/cz\\\/#\\\/schema\\\/logo\\\/image\\\/\"}}]}<\/script>\n<!-- \/ Yoast SEO plugin. -->","yoast_head_json":{"title":"Obojek DOGTRACE proti \u0161t\u011bkotu d-mute small\/medium - SHOPATOA.COM","robots":{"index":"index","follow":"follow","max-snippet":"max-snippet:-1","max-image-preview":"max-image-preview:large","max-video-preview":"max-video-preview:-1"},"canonical":"https:\/\/shopatoa.com\/cz\/obojek-dogtrace-proti-stekotu-d-mute-small-medium\/","og_locale":"cs_CZ","og_type":"article","og_title":"Obojek DOGTRACE proti \u0161t\u011bkotu d-mute small\/medium - SHOPATOA.COM","og_description":"Elektronick\u00fd obojek proti ne\u017e\u00e1douc\u00edmu \u0161t\u011bk\u00e1n\u00ed &#8211; vhodn\u00fd pro mal\u00e1 a\u017e st\u0159edn\u00ed plemena ps\u016f (b\u00edgl, \u0161pic, kokr\u0161pan\u011bl, border kolie, apod.). D\u00edky velmi mal\u00e9 krabi\u010dce a opravdu n\u00edzk\u00fdm korek\u010dn\u00edm impuls\u016fm, kter\u00e9 jsou nastaviteln\u00e9 v p\u011bti re\u017eimech a jednom testovac\u00edm, je vhodn\u00fd pro mal\u00e1 a\u017e st\u0159edn\u00ed plemena ps\u016f. Charakteristika Rozm\u011bry: 33 x 40 x 60 mm V\u00e1ha: 50...","og_url":"https:\/\/shopatoa.com\/cz\/obojek-dogtrace-proti-stekotu-d-mute-small-medium\/","og_site_name":"SHOPATOA","article_modified_time":"2026-02-02T05:48:44+00:00","og_image":[{"width":600,"height":600,"url":"https:\/\/storage.googleapis.com\/cz-shopatoa-img\/cz\/0f00838b-1_33436.jpg","type":"image\/jpeg"}],"twitter_card":"summary_large_image","twitter_misc":{"Odhadovan\u00e1 doba \u010dten\u00ed":"1 minuta"},"schema":{"@context":"https:\/\/schema.org","@graph":[{"@type":"WebPage","@id":"https:\/\/shopatoa.com\/cz\/obojek-dogtrace-proti-stekotu-d-mute-small-medium\/","url":"https:\/\/shopatoa.com\/cz\/obojek-dogtrace-proti-stekotu-d-mute-small-medium\/","name":"Obojek DOGTRACE proti \u0161t\u011bkotu d-mute small\/medium - SHOPATOA.COM","isPartOf":{"@id":"https:\/\/shopatoa.com\/cz\/#website"},"primaryImageOfPage":{"@id":"https:\/\/shopatoa.com\/cz\/obojek-dogtrace-proti-stekotu-d-mute-small-medium\/#primaryimage"},"image":{"@id":"https:\/\/shopatoa.com\/cz\/obojek-dogtrace-proti-stekotu-d-mute-small-medium\/#primaryimage"},"thumbnailUrl":"https:\/\/storage.googleapis.com\/cz-shopatoa-img\/cz\/0f00838b-1_33436.jpg","datePublished":"2025-04-02T11:15:20+00:00","dateModified":"2026-02-02T05:48:44+00:00","breadcrumb":{"@id":"https:\/\/shopatoa.com\/cz\/obojek-dogtrace-proti-stekotu-d-mute-small-medium\/#breadcrumb"},"inLanguage":"cs","potentialAction":[{"@type":"ReadAction","target":["https:\/\/shopatoa.com\/cz\/obojek-dogtrace-proti-stekotu-d-mute-small-medium\/"]}]},{"@type":"ImageObject","inLanguage":"cs","@id":"https:\/\/shopatoa.com\/cz\/obojek-dogtrace-proti-stekotu-d-mute-small-medium\/#primaryimage","url":"https:\/\/storage.googleapis.com\/cz-shopatoa-img\/cz\/0f00838b-1_33436.jpg","contentUrl":"https:\/\/storage.googleapis.com\/cz-shopatoa-img\/cz\/0f00838b-1_33436.jpg","width":600,"height":600},{"@type":"BreadcrumbList","@id":"https:\/\/shopatoa.com\/cz\/obojek-dogtrace-proti-stekotu-d-mute-small-medium\/#breadcrumb","itemListElement":[{"@type":"ListItem","position":1,"name":"Dom\u016f","item":"https:\/\/shopatoa.com\/cz\/"},{"@type":"ListItem","position":2,"name":"Produkty","item":"https:\/\/shopatoa.com\/cz\/shop\/"},{"@type":"ListItem","position":3,"name":"Chovatelsk\u00e9 pot\u0159eby","item":"https:\/\/shopatoa.com\/cz\/chovatelske-potreby-2\/"},{"@type":"ListItem","position":4,"name":"Pro psy","item":"https:\/\/shopatoa.com\/cz\/pro-psy-chovatelske-potreby-2\/"},{"@type":"ListItem","position":5,"name":"Obojky a vod\u00edtka pro psy","item":"https:\/\/shopatoa.com\/cz\/obojky-a-voditka-pro-psy\/"},{"@type":"ListItem","position":6,"name":"Zn\u00e1mky, adres\u00e1\u0159e a p\u0159\u00edv\u011bsky pro psy","item":"https:\/\/shopatoa.com\/cz\/znamky-adresare-a-privesky-pro-psy\/"},{"@type":"ListItem","position":7,"name":"Obojek DOGTRACE proti \u0161t\u011bkotu d-mute small\/medium"}]},{"@type":"WebSite","@id":"https:\/\/shopatoa.com\/cz\/#website","url":"https:\/\/shopatoa.com\/cz\/","name":"SHOPATOA","description":"","publisher":{"@id":"https:\/\/shopatoa.com\/cz\/#organization"},"potentialAction":[{"@type":"SearchAction","target":{"@type":"EntryPoint","urlTemplate":"https:\/\/shopatoa.com\/cz\/?s={search_term_string}"},"query-input":{"@type":"PropertyValueSpecification","valueRequired":true,"valueName":"search_term_string"}}],"inLanguage":"cs"},{"@type":"Organization","@id":"https:\/\/shopatoa.com\/cz\/#organization","name":"SHOPATOA Digital s.r.o.","url":"https:\/\/shopatoa.com\/cz\/","logo":{"@type":"ImageObject","inLanguage":"cs","@id":"https:\/\/shopatoa.com\/cz\/#\/schema\/logo\/image\/","url":"https:\/\/storage.googleapis.com\/cz-shopatoa-img\/cz\/ebccf434-shopatoa_logo.png","contentUrl":"https:\/\/storage.googleapis.com\/cz-shopatoa-img\/cz\/ebccf434-shopatoa_logo.png","width":416,"height":63,"caption":"SHOPATOA Digital s.r.o."},"image":{"@id":"https:\/\/shopatoa.com\/cz\/#\/schema\/logo\/image\/"}}]}},"_links":{"self":[{"href":"https:\/\/shopatoa.com\/cz\/wp-json\/wp\/v2\/product\/244057","targetHints":{"allow":["GET"]}}],"collection":[{"href":"https:\/\/shopatoa.com\/cz\/wp-json\/wp\/v2\/product"}],"about":[{"href":"https:\/\/shopatoa.com\/cz\/wp-json\/wp\/v2\/types\/product"}],"replies":[{"embeddable":true,"href":"https:\/\/shopatoa.com\/cz\/wp-json\/wp\/v2\/comments?post=244057"}],"wp:featuredmedia":[{"embeddable":true,"href":"https:\/\/shopatoa.com\/cz\/wp-json\/wp\/v2\/media\/244058"}],"wp:attachment":[{"href":"https:\/\/shopatoa.com\/cz\/wp-json\/wp\/v2\/media?parent=244057"}],"wp:term":[{"taxonomy":"product_brand","embeddable":true,"href":"https:\/\/shopatoa.com\/cz\/wp-json\/wp\/v2\/product_brand?post=244057"},{"taxonomy":"product_cat","embeddable":true,"href":"https:\/\/shopatoa.com\/cz\/wp-json\/wp\/v2\/product_cat?post=244057"},{"taxonomy":"product_tag","embeddable":true,"href":"https:\/\/shopatoa.com\/cz\/wp-json\/wp\/v2\/product_tag?post=244057"}],"curies":[{"name":"wp","href":"https:\/\/api.w.org\/{rel}","templated":true}]}}