{"id":244061,"date":"2025-04-02T13:15:40","date_gmt":"2025-04-02T11:15:40","guid":{"rendered":"https:\/\/shopatoa.com\/cz\/?post_type=product&#038;p=244061"},"modified":"2026-02-02T06:48:30","modified_gmt":"2026-02-02T05:48:30","slug":"obojek-vycvikovy-dogtrace-d-control-easy-mini-do-200-m","status":"publish","type":"product","link":"https:\/\/shopatoa.com\/cz\/obojek-vycvikovy-dogtrace-d-control-easy-mini-do-200-m\/","title":{"rendered":"Obojek v\u00fdcvikov\u00fd DOGTRACE d-control easy mini do 200 m"},"content":{"rendered":"<p>V\u00fdcvikov\u00fd obojek pro psy. D-control je velmi \u00fa\u010dinn\u00fd n\u00e1stroj pro\u00a0upev\u0148ov\u00e1n\u00ed a\u00a0posilov\u00e1n\u00ed \u017e\u00e1douc\u00edho chov\u00e1n\u00ed.\u00a0V\u00fdcvikov\u00fd obojek je tak vhodn\u00fd jak pro majitele, kte\u0159\u00ed maj\u00ed\u00a0probl\u00e9my s\u00a0p\u0159ivol\u00e1n\u00edm\u00a0a cht\u011bj\u00ed m\u00edt jistotu, \u017ee jim jejich pes p\u0159i spole\u010dn\u00fdch vych\u00e1zk\u00e1ch neute\u010de za zv\u011b\u0159\u00ed, tak i\u00a0pro majitele, kte\u0159\u00ed se zab\u00fdvaj\u00ed\u00a0sportovn\u00ed nebo loveckou kynologi\u00ed\u00a0a v\u00fdcvikov\u00fd obojek pou\u017e\u00edvaj\u00ed jako n\u00e1stroj pro\u00a0posilov\u00e1n\u00ed konkr\u00e9tn\u00edch povel\u016f a\u00a0cvik\u016f ve v\u0161ech odv\u011btv\u00edch kynologie. Elektronick\u00fd v\u00fdcvikov\u00fd obojek v\u00e1m v\u00a0kr\u00e1tk\u00e9 dob\u011b velmi v\u00fdrazn\u011b napom\u016f\u017ee s\u00a0v\u00fdchovou va\u0161eho psa. Ten si v\u00a0kr\u00e1tk\u00e9 dob\u011b zapamatuje, \u017ee p\u0159i neuposlechnut\u00ed povelu bude n\u00e1sledovat v\u00e1mi zvolen\u00fd stimula\u010dn\u00ed impuls. V\u011bt\u0161ina ps\u016f reaguje na impuls okam\u017eit\u00fdm n\u00e1vratem do m\u00edsta bezpe\u010d\u00ed ke sv\u00e9mu p\u00e1novi, jeliko\u017e si neuv\u011bdomuje, \u017ee nep\u0159\u00edjemn\u00fd pocit vyvolan\u00fd stimula\u010dn\u00edm impulsem p\u0159ich\u00e1z\u00ed od n\u011bj.\u00a0Pes uva\u017euje na principu pohodl\u00ed &#8211; nepohodl\u00ed a\u00a0nep\u0159\u00edjemn\u00e9mu pocitu se sna\u017e\u00ed vyhnout. Elektronick\u00fd v\u00fdcvikov\u00fd obojek\u00a0d-control easy mini\u00a0je d\u00edkyslab\u0161\u00edm impuls\u016fm,&#8230;<\/p>\n","protected":false},"excerpt":{"rendered":"<p>V\u00fdcvikov\u00fd obojek pro psy. D-control je velmi \u00fa\u010dinn\u00fd n\u00e1stroj pro\u00a0upev\u0148ov\u00e1n\u00ed a\u00a0posilov\u00e1n\u00ed \u017e\u00e1douc\u00edho chov\u00e1n\u00ed.\u00a0V\u00fdcvikov\u00fd obojek je tak vhodn\u00fd jak pro majitele, kte\u0159\u00ed maj\u00ed\u00a0probl\u00e9my s\u00a0p\u0159ivol\u00e1n\u00edm\u00a0a cht\u011bj\u00ed m\u00edt jistotu, \u017ee jim jejich pes p\u0159i spole\u010dn\u00fdch vych\u00e1zk\u00e1ch neute\u010de za zv\u011b\u0159\u00ed, tak i\u00a0pro majitele, kte\u0159\u00ed se zab\u00fdvaj\u00ed\u00a0sportovn\u00ed nebo loveckou kynologi\u00ed\u00a0a v\u00fdcvikov\u00fd obojek pou\u017e\u00edvaj\u00ed jako n\u00e1stroj pro\u00a0posilov\u00e1n\u00ed konkr\u00e9tn\u00edch povel\u016f a\u00a0cvik\u016f ve&#8230;<\/p>\n","protected":false},"featured_media":244062,"comment_status":"closed","ping_status":"open","template":"","meta":{"_acf_changed":false,"_kadence_starter_templates_imported_post":false,"_kad_post_transparent":"","_kad_post_title":"","_kad_post_layout":"","_kad_post_sidebar_id":"","_kad_post_content_style":"","_kad_post_vertical_padding":"","_kad_post_feature":"","_kad_post_feature_position":"","_kad_post_header":false,"_kad_post_footer":false,"_kad_post_classname":""},"product_brand":[2689],"product_cat":[436,2506,739,2507],"product_tag":[],"class_list":{"0":"post-244061","1":"product","2":"type-product","3":"status-publish","4":"has-post-thumbnail","6":"product_brand-dogtrace","7":"product_cat-chovatelske-potreby-2","8":"product_cat-obojky-a-voditka-pro-psy","9":"product_cat-pro-psy-chovatelske-potreby-2","10":"product_cat-znamky-adresare-a-privesky-pro-psy","11":"pa_obchod-superzoo-cz","13":"first","14":"instock","15":"product-type-external","16":"entry","17":"content-bg","18":"loop-entry"},"acf":[],"yoast_head":"<!-- This site is optimized with the Yoast SEO plugin v27.4 - https:\/\/yoast.com\/product\/yoast-seo-wordpress\/ -->\n<title>Obojek v\u00fdcvikov\u00fd DOGTRACE d-control easy mini do 200 m - SHOPATOA.COM<\/title>\n<meta name=\"robots\" content=\"index, follow, max-snippet:-1, max-image-preview:large, max-video-preview:-1\" \/>\n<link rel=\"canonical\" href=\"https:\/\/shopatoa.com\/cz\/obojek-vycvikovy-dogtrace-d-control-easy-mini-do-200-m\/\" \/>\n<meta property=\"og:locale\" content=\"cs_CZ\" \/>\n<meta property=\"og:type\" content=\"article\" \/>\n<meta property=\"og:title\" content=\"Obojek v\u00fdcvikov\u00fd DOGTRACE d-control easy mini do 200 m - SHOPATOA.COM\" \/>\n<meta property=\"og:description\" content=\"V\u00fdcvikov\u00fd obojek pro psy. D-control je velmi \u00fa\u010dinn\u00fd n\u00e1stroj pro\u00a0upev\u0148ov\u00e1n\u00ed a\u00a0posilov\u00e1n\u00ed \u017e\u00e1douc\u00edho chov\u00e1n\u00ed.\u00a0V\u00fdcvikov\u00fd obojek je tak vhodn\u00fd jak pro majitele, kte\u0159\u00ed maj\u00ed\u00a0probl\u00e9my s\u00a0p\u0159ivol\u00e1n\u00edm\u00a0a cht\u011bj\u00ed m\u00edt jistotu, \u017ee jim jejich pes p\u0159i spole\u010dn\u00fdch vych\u00e1zk\u00e1ch neute\u010de za zv\u011b\u0159\u00ed, tak i\u00a0pro majitele, kte\u0159\u00ed se zab\u00fdvaj\u00ed\u00a0sportovn\u00ed nebo loveckou kynologi\u00ed\u00a0a v\u00fdcvikov\u00fd obojek pou\u017e\u00edvaj\u00ed jako n\u00e1stroj pro\u00a0posilov\u00e1n\u00ed konkr\u00e9tn\u00edch povel\u016f a\u00a0cvik\u016f ve...\" \/>\n<meta property=\"og:url\" content=\"https:\/\/shopatoa.com\/cz\/obojek-vycvikovy-dogtrace-d-control-easy-mini-do-200-m\/\" \/>\n<meta property=\"og:site_name\" content=\"SHOPATOA\" \/>\n<meta property=\"article:modified_time\" content=\"2026-02-02T05:48:30+00:00\" \/>\n<meta property=\"og:image\" content=\"https:\/\/storage.googleapis.com\/cz-shopatoa-img\/cz\/8f62253c-1_33449.jpg\" \/>\n\t<meta property=\"og:image:width\" content=\"600\" \/>\n\t<meta property=\"og:image:height\" content=\"600\" \/>\n\t<meta property=\"og:image:type\" content=\"image\/jpeg\" \/>\n<meta name=\"twitter:card\" content=\"summary_large_image\" \/>\n<meta name=\"twitter:label1\" content=\"Odhadovan\u00e1 doba \u010dten\u00ed\" \/>\n\t<meta name=\"twitter:data1\" content=\"1 minuta\" \/>\n<script type=\"application\/ld+json\" class=\"yoast-schema-graph\">{\"@context\":\"https:\\\/\\\/schema.org\",\"@graph\":[{\"@type\":\"WebPage\",\"@id\":\"https:\\\/\\\/shopatoa.com\\\/cz\\\/obojek-vycvikovy-dogtrace-d-control-easy-mini-do-200-m\\\/\",\"url\":\"https:\\\/\\\/shopatoa.com\\\/cz\\\/obojek-vycvikovy-dogtrace-d-control-easy-mini-do-200-m\\\/\",\"name\":\"Obojek v\u00fdcvikov\u00fd DOGTRACE d-control easy mini do 200 m - SHOPATOA.COM\",\"isPartOf\":{\"@id\":\"https:\\\/\\\/shopatoa.com\\\/cz\\\/#website\"},\"primaryImageOfPage\":{\"@id\":\"https:\\\/\\\/shopatoa.com\\\/cz\\\/obojek-vycvikovy-dogtrace-d-control-easy-mini-do-200-m\\\/#primaryimage\"},\"image\":{\"@id\":\"https:\\\/\\\/shopatoa.com\\\/cz\\\/obojek-vycvikovy-dogtrace-d-control-easy-mini-do-200-m\\\/#primaryimage\"},\"thumbnailUrl\":\"https:\\\/\\\/storage.googleapis.com\\\/cz-shopatoa-img\\\/cz\\\/8f62253c-1_33449.jpg\",\"datePublished\":\"2025-04-02T11:15:40+00:00\",\"dateModified\":\"2026-02-02T05:48:30+00:00\",\"breadcrumb\":{\"@id\":\"https:\\\/\\\/shopatoa.com\\\/cz\\\/obojek-vycvikovy-dogtrace-d-control-easy-mini-do-200-m\\\/#breadcrumb\"},\"inLanguage\":\"cs\",\"potentialAction\":[{\"@type\":\"ReadAction\",\"target\":[\"https:\\\/\\\/shopatoa.com\\\/cz\\\/obojek-vycvikovy-dogtrace-d-control-easy-mini-do-200-m\\\/\"]}]},{\"@type\":\"ImageObject\",\"inLanguage\":\"cs\",\"@id\":\"https:\\\/\\\/shopatoa.com\\\/cz\\\/obojek-vycvikovy-dogtrace-d-control-easy-mini-do-200-m\\\/#primaryimage\",\"url\":\"https:\\\/\\\/storage.googleapis.com\\\/cz-shopatoa-img\\\/cz\\\/8f62253c-1_33449.jpg\",\"contentUrl\":\"https:\\\/\\\/storage.googleapis.com\\\/cz-shopatoa-img\\\/cz\\\/8f62253c-1_33449.jpg\",\"width\":600,\"height\":600},{\"@type\":\"BreadcrumbList\",\"@id\":\"https:\\\/\\\/shopatoa.com\\\/cz\\\/obojek-vycvikovy-dogtrace-d-control-easy-mini-do-200-m\\\/#breadcrumb\",\"itemListElement\":[{\"@type\":\"ListItem\",\"position\":1,\"name\":\"Dom\u016f\",\"item\":\"https:\\\/\\\/shopatoa.com\\\/cz\\\/\"},{\"@type\":\"ListItem\",\"position\":2,\"name\":\"Produkty\",\"item\":\"https:\\\/\\\/shopatoa.com\\\/cz\\\/shop\\\/\"},{\"@type\":\"ListItem\",\"position\":3,\"name\":\"Chovatelsk\u00e9 pot\u0159eby\",\"item\":\"https:\\\/\\\/shopatoa.com\\\/cz\\\/chovatelske-potreby-2\\\/\"},{\"@type\":\"ListItem\",\"position\":4,\"name\":\"Pro psy\",\"item\":\"https:\\\/\\\/shopatoa.com\\\/cz\\\/pro-psy-chovatelske-potreby-2\\\/\"},{\"@type\":\"ListItem\",\"position\":5,\"name\":\"Obojky a vod\u00edtka pro psy\",\"item\":\"https:\\\/\\\/shopatoa.com\\\/cz\\\/obojky-a-voditka-pro-psy\\\/\"},{\"@type\":\"ListItem\",\"position\":6,\"name\":\"Zn\u00e1mky, adres\u00e1\u0159e a p\u0159\u00edv\u011bsky pro psy\",\"item\":\"https:\\\/\\\/shopatoa.com\\\/cz\\\/znamky-adresare-a-privesky-pro-psy\\\/\"},{\"@type\":\"ListItem\",\"position\":7,\"name\":\"Obojek v\u00fdcvikov\u00fd DOGTRACE d-control easy mini do 200 m\"}]},{\"@type\":\"WebSite\",\"@id\":\"https:\\\/\\\/shopatoa.com\\\/cz\\\/#website\",\"url\":\"https:\\\/\\\/shopatoa.com\\\/cz\\\/\",\"name\":\"SHOPATOA\",\"description\":\"\",\"publisher\":{\"@id\":\"https:\\\/\\\/shopatoa.com\\\/cz\\\/#organization\"},\"potentialAction\":[{\"@type\":\"SearchAction\",\"target\":{\"@type\":\"EntryPoint\",\"urlTemplate\":\"https:\\\/\\\/shopatoa.com\\\/cz\\\/?s={search_term_string}\"},\"query-input\":{\"@type\":\"PropertyValueSpecification\",\"valueRequired\":true,\"valueName\":\"search_term_string\"}}],\"inLanguage\":\"cs\"},{\"@type\":\"Organization\",\"@id\":\"https:\\\/\\\/shopatoa.com\\\/cz\\\/#organization\",\"name\":\"SHOPATOA Digital s.r.o.\",\"url\":\"https:\\\/\\\/shopatoa.com\\\/cz\\\/\",\"logo\":{\"@type\":\"ImageObject\",\"inLanguage\":\"cs\",\"@id\":\"https:\\\/\\\/shopatoa.com\\\/cz\\\/#\\\/schema\\\/logo\\\/image\\\/\",\"url\":\"https:\\\/\\\/storage.googleapis.com\\\/cz-shopatoa-img\\\/cz\\\/ebccf434-shopatoa_logo.png\",\"contentUrl\":\"https:\\\/\\\/storage.googleapis.com\\\/cz-shopatoa-img\\\/cz\\\/ebccf434-shopatoa_logo.png\",\"width\":416,\"height\":63,\"caption\":\"SHOPATOA Digital s.r.o.\"},\"image\":{\"@id\":\"https:\\\/\\\/shopatoa.com\\\/cz\\\/#\\\/schema\\\/logo\\\/image\\\/\"}}]}<\/script>\n<!-- \/ Yoast SEO plugin. -->","yoast_head_json":{"title":"Obojek v\u00fdcvikov\u00fd DOGTRACE d-control easy mini do 200 m - SHOPATOA.COM","robots":{"index":"index","follow":"follow","max-snippet":"max-snippet:-1","max-image-preview":"max-image-preview:large","max-video-preview":"max-video-preview:-1"},"canonical":"https:\/\/shopatoa.com\/cz\/obojek-vycvikovy-dogtrace-d-control-easy-mini-do-200-m\/","og_locale":"cs_CZ","og_type":"article","og_title":"Obojek v\u00fdcvikov\u00fd DOGTRACE d-control easy mini do 200 m - SHOPATOA.COM","og_description":"V\u00fdcvikov\u00fd obojek pro psy. D-control je velmi \u00fa\u010dinn\u00fd n\u00e1stroj pro\u00a0upev\u0148ov\u00e1n\u00ed a\u00a0posilov\u00e1n\u00ed \u017e\u00e1douc\u00edho chov\u00e1n\u00ed.\u00a0V\u00fdcvikov\u00fd obojek je tak vhodn\u00fd jak pro majitele, kte\u0159\u00ed maj\u00ed\u00a0probl\u00e9my s\u00a0p\u0159ivol\u00e1n\u00edm\u00a0a cht\u011bj\u00ed m\u00edt jistotu, \u017ee jim jejich pes p\u0159i spole\u010dn\u00fdch vych\u00e1zk\u00e1ch neute\u010de za zv\u011b\u0159\u00ed, tak i\u00a0pro majitele, kte\u0159\u00ed se zab\u00fdvaj\u00ed\u00a0sportovn\u00ed nebo loveckou kynologi\u00ed\u00a0a v\u00fdcvikov\u00fd obojek pou\u017e\u00edvaj\u00ed jako n\u00e1stroj pro\u00a0posilov\u00e1n\u00ed konkr\u00e9tn\u00edch povel\u016f a\u00a0cvik\u016f ve...","og_url":"https:\/\/shopatoa.com\/cz\/obojek-vycvikovy-dogtrace-d-control-easy-mini-do-200-m\/","og_site_name":"SHOPATOA","article_modified_time":"2026-02-02T05:48:30+00:00","og_image":[{"width":600,"height":600,"url":"https:\/\/storage.googleapis.com\/cz-shopatoa-img\/cz\/8f62253c-1_33449.jpg","type":"image\/jpeg"}],"twitter_card":"summary_large_image","twitter_misc":{"Odhadovan\u00e1 doba \u010dten\u00ed":"1 minuta"},"schema":{"@context":"https:\/\/schema.org","@graph":[{"@type":"WebPage","@id":"https:\/\/shopatoa.com\/cz\/obojek-vycvikovy-dogtrace-d-control-easy-mini-do-200-m\/","url":"https:\/\/shopatoa.com\/cz\/obojek-vycvikovy-dogtrace-d-control-easy-mini-do-200-m\/","name":"Obojek v\u00fdcvikov\u00fd DOGTRACE d-control easy mini do 200 m - SHOPATOA.COM","isPartOf":{"@id":"https:\/\/shopatoa.com\/cz\/#website"},"primaryImageOfPage":{"@id":"https:\/\/shopatoa.com\/cz\/obojek-vycvikovy-dogtrace-d-control-easy-mini-do-200-m\/#primaryimage"},"image":{"@id":"https:\/\/shopatoa.com\/cz\/obojek-vycvikovy-dogtrace-d-control-easy-mini-do-200-m\/#primaryimage"},"thumbnailUrl":"https:\/\/storage.googleapis.com\/cz-shopatoa-img\/cz\/8f62253c-1_33449.jpg","datePublished":"2025-04-02T11:15:40+00:00","dateModified":"2026-02-02T05:48:30+00:00","breadcrumb":{"@id":"https:\/\/shopatoa.com\/cz\/obojek-vycvikovy-dogtrace-d-control-easy-mini-do-200-m\/#breadcrumb"},"inLanguage":"cs","potentialAction":[{"@type":"ReadAction","target":["https:\/\/shopatoa.com\/cz\/obojek-vycvikovy-dogtrace-d-control-easy-mini-do-200-m\/"]}]},{"@type":"ImageObject","inLanguage":"cs","@id":"https:\/\/shopatoa.com\/cz\/obojek-vycvikovy-dogtrace-d-control-easy-mini-do-200-m\/#primaryimage","url":"https:\/\/storage.googleapis.com\/cz-shopatoa-img\/cz\/8f62253c-1_33449.jpg","contentUrl":"https:\/\/storage.googleapis.com\/cz-shopatoa-img\/cz\/8f62253c-1_33449.jpg","width":600,"height":600},{"@type":"BreadcrumbList","@id":"https:\/\/shopatoa.com\/cz\/obojek-vycvikovy-dogtrace-d-control-easy-mini-do-200-m\/#breadcrumb","itemListElement":[{"@type":"ListItem","position":1,"name":"Dom\u016f","item":"https:\/\/shopatoa.com\/cz\/"},{"@type":"ListItem","position":2,"name":"Produkty","item":"https:\/\/shopatoa.com\/cz\/shop\/"},{"@type":"ListItem","position":3,"name":"Chovatelsk\u00e9 pot\u0159eby","item":"https:\/\/shopatoa.com\/cz\/chovatelske-potreby-2\/"},{"@type":"ListItem","position":4,"name":"Pro psy","item":"https:\/\/shopatoa.com\/cz\/pro-psy-chovatelske-potreby-2\/"},{"@type":"ListItem","position":5,"name":"Obojky a vod\u00edtka pro psy","item":"https:\/\/shopatoa.com\/cz\/obojky-a-voditka-pro-psy\/"},{"@type":"ListItem","position":6,"name":"Zn\u00e1mky, adres\u00e1\u0159e a p\u0159\u00edv\u011bsky pro psy","item":"https:\/\/shopatoa.com\/cz\/znamky-adresare-a-privesky-pro-psy\/"},{"@type":"ListItem","position":7,"name":"Obojek v\u00fdcvikov\u00fd DOGTRACE d-control easy mini do 200 m"}]},{"@type":"WebSite","@id":"https:\/\/shopatoa.com\/cz\/#website","url":"https:\/\/shopatoa.com\/cz\/","name":"SHOPATOA","description":"","publisher":{"@id":"https:\/\/shopatoa.com\/cz\/#organization"},"potentialAction":[{"@type":"SearchAction","target":{"@type":"EntryPoint","urlTemplate":"https:\/\/shopatoa.com\/cz\/?s={search_term_string}"},"query-input":{"@type":"PropertyValueSpecification","valueRequired":true,"valueName":"search_term_string"}}],"inLanguage":"cs"},{"@type":"Organization","@id":"https:\/\/shopatoa.com\/cz\/#organization","name":"SHOPATOA Digital s.r.o.","url":"https:\/\/shopatoa.com\/cz\/","logo":{"@type":"ImageObject","inLanguage":"cs","@id":"https:\/\/shopatoa.com\/cz\/#\/schema\/logo\/image\/","url":"https:\/\/storage.googleapis.com\/cz-shopatoa-img\/cz\/ebccf434-shopatoa_logo.png","contentUrl":"https:\/\/storage.googleapis.com\/cz-shopatoa-img\/cz\/ebccf434-shopatoa_logo.png","width":416,"height":63,"caption":"SHOPATOA Digital s.r.o."},"image":{"@id":"https:\/\/shopatoa.com\/cz\/#\/schema\/logo\/image\/"}}]}},"_links":{"self":[{"href":"https:\/\/shopatoa.com\/cz\/wp-json\/wp\/v2\/product\/244061","targetHints":{"allow":["GET"]}}],"collection":[{"href":"https:\/\/shopatoa.com\/cz\/wp-json\/wp\/v2\/product"}],"about":[{"href":"https:\/\/shopatoa.com\/cz\/wp-json\/wp\/v2\/types\/product"}],"replies":[{"embeddable":true,"href":"https:\/\/shopatoa.com\/cz\/wp-json\/wp\/v2\/comments?post=244061"}],"wp:featuredmedia":[{"embeddable":true,"href":"https:\/\/shopatoa.com\/cz\/wp-json\/wp\/v2\/media\/244062"}],"wp:attachment":[{"href":"https:\/\/shopatoa.com\/cz\/wp-json\/wp\/v2\/media?parent=244061"}],"wp:term":[{"taxonomy":"product_brand","embeddable":true,"href":"https:\/\/shopatoa.com\/cz\/wp-json\/wp\/v2\/product_brand?post=244061"},{"taxonomy":"product_cat","embeddable":true,"href":"https:\/\/shopatoa.com\/cz\/wp-json\/wp\/v2\/product_cat?post=244061"},{"taxonomy":"product_tag","embeddable":true,"href":"https:\/\/shopatoa.com\/cz\/wp-json\/wp\/v2\/product_tag?post=244061"}],"curies":[{"name":"wp","href":"https:\/\/api.w.org\/{rel}","templated":true}]}}