{"id":244181,"date":"2025-04-02T13:36:20","date_gmt":"2025-04-02T11:36:20","guid":{"rendered":"https:\/\/shopatoa.com\/cz\/?post_type=product&#038;p=244181"},"modified":"2025-04-26T00:41:28","modified_gmt":"2025-04-25T22:41:28","slug":"menu-vitakraft-vital-andulka-junior-500g","status":"publish","type":"product","link":"https:\/\/shopatoa.com\/cz\/menu-vitakraft-vital-andulka-junior-500g\/","title":{"rendered":"Menu Vitakraft Vital andulka junior 500g"},"content":{"rendered":"<p>Pr\u00e9miov\u00e9 krmivo pro mlad\u00e9 andulky &#8211; kompletn\u00ed krmivo.<\/p>\n<p>Ve sv\u00e9m p\u016fvodn\u00edm domov\u011b v Austr\u00e1lii andulky \u017eij\u00ed pouze v m\u00edstech bohat\u00fdch na potravu. Pro zdrav\u00fd r\u016fst mal\u00e9 andulky pot\u0159ebuj\u00ed vysoce energetick\u00e9 krmivo obsahuj\u00edc\u00ed mnoho posiluj\u00edc\u00edch prvk\u016f. Toto krmivo je speci\u00e1ln\u011b vytvo\u0159eno, aby vyhov\u011blo v\u00fd\u017eivov\u00fdm po\u017eadavk\u016fm b\u011bhem n\u011bkolika prvn\u00edch m\u011bs\u00edc\u016f \u017eivota andulek. <\/p>\n<p>Krmn\u00fd n\u00e1vod: pod\u00e1vejte 1-2 k\u00e1vov\u00e9 l\u017ei\u010dky (10 g) denn\u011b.,<\/p>\n<p>Slo\u017een\u00ed: obiloviny, semena, pek\u00e1rensk\u00e9 produkty, miner\u00e1ln\u00ed l\u00e1tky, vejce, oleje a tuky, deriv\u00e1ty rostlinn\u00e9ho p\u016fvodu, med, cukr. <\/p>\n<p>Jakostn\u00ed znaky: proteiny 12,5%, vlhkost 10,5% vl\u00e1knina 9%, oleje 5% popeloviny 5% vitam\u00edn A 6536 m.j.\/ kg vitam\u00edn D3 646 m.j.\/ kg, vitam\u00edn E (alfatokoferol) 17,6 mg \/ kg, m\u011b\u010f 1 mg \/ kg, j\u00f3d 10 mg \/ kg.<\/p>\n","protected":false},"excerpt":{"rendered":"<p>Pr\u00e9miov\u00e9 krmivo pro mlad\u00e9 andulky &#8211; kompletn\u00ed krmivo. Ve sv\u00e9m p\u016fvodn\u00edm domov\u011b v Austr\u00e1lii andulky \u017eij\u00ed pouze v m\u00edstech bohat\u00fdch na potravu. Pro zdrav\u00fd r\u016fst mal\u00e9 andulky pot\u0159ebuj\u00ed vysoce energetick\u00e9 krmivo obsahuj\u00edc\u00ed mnoho posiluj\u00edc\u00edch prvk\u016f. Toto krmivo je speci\u00e1ln\u011b vytvo\u0159eno, aby vyhov\u011blo v\u00fd\u017eivov\u00fdm po\u017eadavk\u016fm b\u011bhem n\u011bkolika prvn\u00edch m\u011bs\u00edc\u016f \u017eivota andulek. Krmn\u00fd n\u00e1vod: pod\u00e1vejte 1-2 k\u00e1vov\u00e9&#8230;<\/p>\n","protected":false},"featured_media":244182,"comment_status":"closed","ping_status":"open","template":"","meta":{"_acf_changed":false,"_kadence_starter_templates_imported_post":false,"_kad_post_transparent":"","_kad_post_title":"","_kad_post_layout":"","_kad_post_sidebar_id":"","_kad_post_content_style":"","_kad_post_vertical_padding":"","_kad_post_feature":"","_kad_post_feature_position":"","_kad_post_header":false,"_kad_post_footer":false,"_kad_post_classname":""},"product_brand":[2084],"product_cat":[2663,2664,358],"product_tag":[],"class_list":{"0":"post-244181","1":"product","2":"type-product","3":"status-publish","4":"has-post-thumbnail","6":"product_brand-vitakraft","7":"product_cat-eroticke-hry-a-hracky","8":"product_cat-eroticke-pochoutky","9":"product_cat-eroticke-pomucky","10":"pa_obchod-superzoo-cz","12":"first","13":"instock","14":"product-type-external","15":"entry","16":"content-bg","17":"loop-entry"},"acf":[],"yoast_head":"<!-- This site is optimized with the Yoast SEO plugin v27.4 - https:\/\/yoast.com\/product\/yoast-seo-wordpress\/ -->\n<title>Menu Vitakraft Vital andulka junior 500g - SHOPATOA.COM<\/title>\n<meta name=\"robots\" content=\"index, follow, max-snippet:-1, max-image-preview:large, max-video-preview:-1\" \/>\n<link rel=\"canonical\" href=\"https:\/\/shopatoa.com\/cz\/menu-vitakraft-vital-andulka-junior-500g\/\" \/>\n<meta property=\"og:locale\" content=\"cs_CZ\" \/>\n<meta property=\"og:type\" content=\"article\" \/>\n<meta property=\"og:title\" content=\"Menu Vitakraft Vital andulka junior 500g - SHOPATOA.COM\" \/>\n<meta property=\"og:description\" content=\"Pr\u00e9miov\u00e9 krmivo pro mlad\u00e9 andulky &#8211; kompletn\u00ed krmivo. Ve sv\u00e9m p\u016fvodn\u00edm domov\u011b v Austr\u00e1lii andulky \u017eij\u00ed pouze v m\u00edstech bohat\u00fdch na potravu. Pro zdrav\u00fd r\u016fst mal\u00e9 andulky pot\u0159ebuj\u00ed vysoce energetick\u00e9 krmivo obsahuj\u00edc\u00ed mnoho posiluj\u00edc\u00edch prvk\u016f. Toto krmivo je speci\u00e1ln\u011b vytvo\u0159eno, aby vyhov\u011blo v\u00fd\u017eivov\u00fdm po\u017eadavk\u016fm b\u011bhem n\u011bkolika prvn\u00edch m\u011bs\u00edc\u016f \u017eivota andulek. Krmn\u00fd n\u00e1vod: pod\u00e1vejte 1-2 k\u00e1vov\u00e9...\" \/>\n<meta property=\"og:url\" content=\"https:\/\/shopatoa.com\/cz\/menu-vitakraft-vital-andulka-junior-500g\/\" \/>\n<meta property=\"og:site_name\" content=\"SHOPATOA\" \/>\n<meta property=\"article:modified_time\" content=\"2025-04-25T22:41:28+00:00\" \/>\n<meta property=\"og:image\" content=\"https:\/\/storage.googleapis.com\/cz-shopatoa-img\/cz\/48b3ee41-1_61159.jpg\" \/>\n\t<meta property=\"og:image:width\" content=\"600\" \/>\n\t<meta property=\"og:image:height\" content=\"600\" \/>\n\t<meta property=\"og:image:type\" content=\"image\/jpeg\" \/>\n<meta name=\"twitter:card\" content=\"summary_large_image\" \/>\n<meta name=\"twitter:label1\" content=\"Odhadovan\u00e1 doba \u010dten\u00ed\" \/>\n\t<meta name=\"twitter:data1\" content=\"1 minuta\" \/>\n<script type=\"application\/ld+json\" class=\"yoast-schema-graph\">{\"@context\":\"https:\\\/\\\/schema.org\",\"@graph\":[{\"@type\":\"WebPage\",\"@id\":\"https:\\\/\\\/shopatoa.com\\\/cz\\\/menu-vitakraft-vital-andulka-junior-500g\\\/\",\"url\":\"https:\\\/\\\/shopatoa.com\\\/cz\\\/menu-vitakraft-vital-andulka-junior-500g\\\/\",\"name\":\"Menu Vitakraft Vital andulka junior 500g - SHOPATOA.COM\",\"isPartOf\":{\"@id\":\"https:\\\/\\\/shopatoa.com\\\/cz\\\/#website\"},\"primaryImageOfPage\":{\"@id\":\"https:\\\/\\\/shopatoa.com\\\/cz\\\/menu-vitakraft-vital-andulka-junior-500g\\\/#primaryimage\"},\"image\":{\"@id\":\"https:\\\/\\\/shopatoa.com\\\/cz\\\/menu-vitakraft-vital-andulka-junior-500g\\\/#primaryimage\"},\"thumbnailUrl\":\"https:\\\/\\\/storage.googleapis.com\\\/cz-shopatoa-img\\\/cz\\\/48b3ee41-1_61159.jpg\",\"datePublished\":\"2025-04-02T11:36:20+00:00\",\"dateModified\":\"2025-04-25T22:41:28+00:00\",\"breadcrumb\":{\"@id\":\"https:\\\/\\\/shopatoa.com\\\/cz\\\/menu-vitakraft-vital-andulka-junior-500g\\\/#breadcrumb\"},\"inLanguage\":\"cs\",\"potentialAction\":[{\"@type\":\"ReadAction\",\"target\":[\"https:\\\/\\\/shopatoa.com\\\/cz\\\/menu-vitakraft-vital-andulka-junior-500g\\\/\"]}]},{\"@type\":\"ImageObject\",\"inLanguage\":\"cs\",\"@id\":\"https:\\\/\\\/shopatoa.com\\\/cz\\\/menu-vitakraft-vital-andulka-junior-500g\\\/#primaryimage\",\"url\":\"https:\\\/\\\/storage.googleapis.com\\\/cz-shopatoa-img\\\/cz\\\/48b3ee41-1_61159.jpg\",\"contentUrl\":\"https:\\\/\\\/storage.googleapis.com\\\/cz-shopatoa-img\\\/cz\\\/48b3ee41-1_61159.jpg\",\"width\":600,\"height\":600},{\"@type\":\"BreadcrumbList\",\"@id\":\"https:\\\/\\\/shopatoa.com\\\/cz\\\/menu-vitakraft-vital-andulka-junior-500g\\\/#breadcrumb\",\"itemListElement\":[{\"@type\":\"ListItem\",\"position\":1,\"name\":\"Dom\u016f\",\"item\":\"https:\\\/\\\/shopatoa.com\\\/cz\\\/\"},{\"@type\":\"ListItem\",\"position\":2,\"name\":\"Produkty\",\"item\":\"https:\\\/\\\/shopatoa.com\\\/cz\\\/shop\\\/\"},{\"@type\":\"ListItem\",\"position\":3,\"name\":\"Erotick\u00e9 pom\u016fcky\",\"item\":\"https:\\\/\\\/shopatoa.com\\\/cz\\\/eroticke-pomucky\\\/\"},{\"@type\":\"ListItem\",\"position\":4,\"name\":\"Erotick\u00e9 hry a hra\u010dky\",\"item\":\"https:\\\/\\\/shopatoa.com\\\/cz\\\/eroticke-hry-a-hracky\\\/\"},{\"@type\":\"ListItem\",\"position\":5,\"name\":\"Erotick\u00e9 pochoutky\",\"item\":\"https:\\\/\\\/shopatoa.com\\\/cz\\\/eroticke-pochoutky\\\/\"},{\"@type\":\"ListItem\",\"position\":6,\"name\":\"Menu Vitakraft Vital andulka junior 500g\"}]},{\"@type\":\"WebSite\",\"@id\":\"https:\\\/\\\/shopatoa.com\\\/cz\\\/#website\",\"url\":\"https:\\\/\\\/shopatoa.com\\\/cz\\\/\",\"name\":\"SHOPATOA\",\"description\":\"\",\"publisher\":{\"@id\":\"https:\\\/\\\/shopatoa.com\\\/cz\\\/#organization\"},\"potentialAction\":[{\"@type\":\"SearchAction\",\"target\":{\"@type\":\"EntryPoint\",\"urlTemplate\":\"https:\\\/\\\/shopatoa.com\\\/cz\\\/?s={search_term_string}\"},\"query-input\":{\"@type\":\"PropertyValueSpecification\",\"valueRequired\":true,\"valueName\":\"search_term_string\"}}],\"inLanguage\":\"cs\"},{\"@type\":\"Organization\",\"@id\":\"https:\\\/\\\/shopatoa.com\\\/cz\\\/#organization\",\"name\":\"SHOPATOA Digital s.r.o.\",\"url\":\"https:\\\/\\\/shopatoa.com\\\/cz\\\/\",\"logo\":{\"@type\":\"ImageObject\",\"inLanguage\":\"cs\",\"@id\":\"https:\\\/\\\/shopatoa.com\\\/cz\\\/#\\\/schema\\\/logo\\\/image\\\/\",\"url\":\"https:\\\/\\\/storage.googleapis.com\\\/cz-shopatoa-img\\\/cz\\\/ebccf434-shopatoa_logo.png\",\"contentUrl\":\"https:\\\/\\\/storage.googleapis.com\\\/cz-shopatoa-img\\\/cz\\\/ebccf434-shopatoa_logo.png\",\"width\":416,\"height\":63,\"caption\":\"SHOPATOA Digital s.r.o.\"},\"image\":{\"@id\":\"https:\\\/\\\/shopatoa.com\\\/cz\\\/#\\\/schema\\\/logo\\\/image\\\/\"}}]}<\/script>\n<!-- \/ Yoast SEO plugin. -->","yoast_head_json":{"title":"Menu Vitakraft Vital andulka junior 500g - SHOPATOA.COM","robots":{"index":"index","follow":"follow","max-snippet":"max-snippet:-1","max-image-preview":"max-image-preview:large","max-video-preview":"max-video-preview:-1"},"canonical":"https:\/\/shopatoa.com\/cz\/menu-vitakraft-vital-andulka-junior-500g\/","og_locale":"cs_CZ","og_type":"article","og_title":"Menu Vitakraft Vital andulka junior 500g - SHOPATOA.COM","og_description":"Pr\u00e9miov\u00e9 krmivo pro mlad\u00e9 andulky &#8211; kompletn\u00ed krmivo. Ve sv\u00e9m p\u016fvodn\u00edm domov\u011b v Austr\u00e1lii andulky \u017eij\u00ed pouze v m\u00edstech bohat\u00fdch na potravu. Pro zdrav\u00fd r\u016fst mal\u00e9 andulky pot\u0159ebuj\u00ed vysoce energetick\u00e9 krmivo obsahuj\u00edc\u00ed mnoho posiluj\u00edc\u00edch prvk\u016f. Toto krmivo je speci\u00e1ln\u011b vytvo\u0159eno, aby vyhov\u011blo v\u00fd\u017eivov\u00fdm po\u017eadavk\u016fm b\u011bhem n\u011bkolika prvn\u00edch m\u011bs\u00edc\u016f \u017eivota andulek. Krmn\u00fd n\u00e1vod: pod\u00e1vejte 1-2 k\u00e1vov\u00e9...","og_url":"https:\/\/shopatoa.com\/cz\/menu-vitakraft-vital-andulka-junior-500g\/","og_site_name":"SHOPATOA","article_modified_time":"2025-04-25T22:41:28+00:00","og_image":[{"width":600,"height":600,"url":"https:\/\/storage.googleapis.com\/cz-shopatoa-img\/cz\/48b3ee41-1_61159.jpg","type":"image\/jpeg"}],"twitter_card":"summary_large_image","twitter_misc":{"Odhadovan\u00e1 doba \u010dten\u00ed":"1 minuta"},"schema":{"@context":"https:\/\/schema.org","@graph":[{"@type":"WebPage","@id":"https:\/\/shopatoa.com\/cz\/menu-vitakraft-vital-andulka-junior-500g\/","url":"https:\/\/shopatoa.com\/cz\/menu-vitakraft-vital-andulka-junior-500g\/","name":"Menu Vitakraft Vital andulka junior 500g - SHOPATOA.COM","isPartOf":{"@id":"https:\/\/shopatoa.com\/cz\/#website"},"primaryImageOfPage":{"@id":"https:\/\/shopatoa.com\/cz\/menu-vitakraft-vital-andulka-junior-500g\/#primaryimage"},"image":{"@id":"https:\/\/shopatoa.com\/cz\/menu-vitakraft-vital-andulka-junior-500g\/#primaryimage"},"thumbnailUrl":"https:\/\/storage.googleapis.com\/cz-shopatoa-img\/cz\/48b3ee41-1_61159.jpg","datePublished":"2025-04-02T11:36:20+00:00","dateModified":"2025-04-25T22:41:28+00:00","breadcrumb":{"@id":"https:\/\/shopatoa.com\/cz\/menu-vitakraft-vital-andulka-junior-500g\/#breadcrumb"},"inLanguage":"cs","potentialAction":[{"@type":"ReadAction","target":["https:\/\/shopatoa.com\/cz\/menu-vitakraft-vital-andulka-junior-500g\/"]}]},{"@type":"ImageObject","inLanguage":"cs","@id":"https:\/\/shopatoa.com\/cz\/menu-vitakraft-vital-andulka-junior-500g\/#primaryimage","url":"https:\/\/storage.googleapis.com\/cz-shopatoa-img\/cz\/48b3ee41-1_61159.jpg","contentUrl":"https:\/\/storage.googleapis.com\/cz-shopatoa-img\/cz\/48b3ee41-1_61159.jpg","width":600,"height":600},{"@type":"BreadcrumbList","@id":"https:\/\/shopatoa.com\/cz\/menu-vitakraft-vital-andulka-junior-500g\/#breadcrumb","itemListElement":[{"@type":"ListItem","position":1,"name":"Dom\u016f","item":"https:\/\/shopatoa.com\/cz\/"},{"@type":"ListItem","position":2,"name":"Produkty","item":"https:\/\/shopatoa.com\/cz\/shop\/"},{"@type":"ListItem","position":3,"name":"Erotick\u00e9 pom\u016fcky","item":"https:\/\/shopatoa.com\/cz\/eroticke-pomucky\/"},{"@type":"ListItem","position":4,"name":"Erotick\u00e9 hry a hra\u010dky","item":"https:\/\/shopatoa.com\/cz\/eroticke-hry-a-hracky\/"},{"@type":"ListItem","position":5,"name":"Erotick\u00e9 pochoutky","item":"https:\/\/shopatoa.com\/cz\/eroticke-pochoutky\/"},{"@type":"ListItem","position":6,"name":"Menu Vitakraft Vital andulka junior 500g"}]},{"@type":"WebSite","@id":"https:\/\/shopatoa.com\/cz\/#website","url":"https:\/\/shopatoa.com\/cz\/","name":"SHOPATOA","description":"","publisher":{"@id":"https:\/\/shopatoa.com\/cz\/#organization"},"potentialAction":[{"@type":"SearchAction","target":{"@type":"EntryPoint","urlTemplate":"https:\/\/shopatoa.com\/cz\/?s={search_term_string}"},"query-input":{"@type":"PropertyValueSpecification","valueRequired":true,"valueName":"search_term_string"}}],"inLanguage":"cs"},{"@type":"Organization","@id":"https:\/\/shopatoa.com\/cz\/#organization","name":"SHOPATOA Digital s.r.o.","url":"https:\/\/shopatoa.com\/cz\/","logo":{"@type":"ImageObject","inLanguage":"cs","@id":"https:\/\/shopatoa.com\/cz\/#\/schema\/logo\/image\/","url":"https:\/\/storage.googleapis.com\/cz-shopatoa-img\/cz\/ebccf434-shopatoa_logo.png","contentUrl":"https:\/\/storage.googleapis.com\/cz-shopatoa-img\/cz\/ebccf434-shopatoa_logo.png","width":416,"height":63,"caption":"SHOPATOA Digital s.r.o."},"image":{"@id":"https:\/\/shopatoa.com\/cz\/#\/schema\/logo\/image\/"}}]}},"_links":{"self":[{"href":"https:\/\/shopatoa.com\/cz\/wp-json\/wp\/v2\/product\/244181","targetHints":{"allow":["GET"]}}],"collection":[{"href":"https:\/\/shopatoa.com\/cz\/wp-json\/wp\/v2\/product"}],"about":[{"href":"https:\/\/shopatoa.com\/cz\/wp-json\/wp\/v2\/types\/product"}],"replies":[{"embeddable":true,"href":"https:\/\/shopatoa.com\/cz\/wp-json\/wp\/v2\/comments?post=244181"}],"wp:featuredmedia":[{"embeddable":true,"href":"https:\/\/shopatoa.com\/cz\/wp-json\/wp\/v2\/media\/244182"}],"wp:attachment":[{"href":"https:\/\/shopatoa.com\/cz\/wp-json\/wp\/v2\/media?parent=244181"}],"wp:term":[{"taxonomy":"product_brand","embeddable":true,"href":"https:\/\/shopatoa.com\/cz\/wp-json\/wp\/v2\/product_brand?post=244181"},{"taxonomy":"product_cat","embeddable":true,"href":"https:\/\/shopatoa.com\/cz\/wp-json\/wp\/v2\/product_cat?post=244181"},{"taxonomy":"product_tag","embeddable":true,"href":"https:\/\/shopatoa.com\/cz\/wp-json\/wp\/v2\/product_tag?post=244181"}],"curies":[{"name":"wp","href":"https:\/\/api.w.org\/{rel}","templated":true}]}}