{"id":244369,"date":"2025-04-02T14:01:50","date_gmt":"2025-04-02T12:01:50","guid":{"rendered":"https:\/\/shopatoa.com\/cz\/?post_type=product&#038;p=244369"},"modified":"2026-02-02T16:57:39","modified_gmt":"2026-02-02T15:57:39","slug":"brit-animals-immune-stick-for-rodents-80g","status":"publish","type":"product","link":"https:\/\/shopatoa.com\/cz\/brit-animals-immune-stick-for-rodents-80g\/","title":{"rendered":"BRIT Animals IMMUNE STICK for RODENTS 80g"},"content":{"rendered":"<p>Dopl\u0148kov\u00e9 krmivo pro drobn\u00e9 savce, vhodn\u00e9 jako zdrav\u00fd pamlsek.\u00a0Obsahuje t\u0159apatku nachovou (echinacea purpurea) pro podporu p\u0159irozen\u00e9 imunity a je bez p\u0159idan\u00e9ho cukru. Profilem odpov\u00edd\u00e1 p\u0159\u00edrodn\u00ed v\u00fd\u017eiv\u011b. <\/p>\n<p>Krmn\u00fd n\u00e1vod<\/p>\n<p>Pod\u00e1vejte jako pochoutku \u010di odm\u011bnu.<\/p>\n<p>Slo\u017een\u00ed<\/p>\n<p>Vojt\u011b\u0161ka, p\u0161enice, je\u010dmen, su\u0161en\u00e1 jablka, kuku\u0159ice, byliny (kop\u0159iva, pampeli\u0161ka, jitrocel), mrkev, rohovn\u00edk, spirulina, t\u0159apatka nachov\u00e1 (50 mg \/ kg). <\/p>\n<p>Jakostn\u00ed znaky<\/p>\n<p>Proteiny 13,2%, vlhkost 10%, hrub\u00e9 oleje a tuky 2,6%, hrub\u00e9 popeloviny 5,6%, hrub\u00e1 vl\u00e1knina 12,5%, v\u00e1pn\u00edk 0,6%, fosfor 0,3%, sod\u00edk 0,05%.<\/p>\n","protected":false},"excerpt":{"rendered":"<p>Dopl\u0148kov\u00e9 krmivo pro drobn\u00e9 savce, vhodn\u00e9 jako zdrav\u00fd pamlsek.\u00a0Obsahuje t\u0159apatku nachovou (echinacea purpurea) pro podporu p\u0159irozen\u00e9 imunity a je bez p\u0159idan\u00e9ho cukru. Profilem odpov\u00edd\u00e1 p\u0159\u00edrodn\u00ed v\u00fd\u017eiv\u011b. Krmn\u00fd n\u00e1vod Pod\u00e1vejte jako pochoutku \u010di odm\u011bnu. Slo\u017een\u00ed Vojt\u011b\u0161ka, p\u0161enice, je\u010dmen, su\u0161en\u00e1 jablka, kuku\u0159ice, byliny (kop\u0159iva, pampeli\u0161ka, jitrocel), mrkev, rohovn\u00edk, spirulina, t\u0159apatka nachov\u00e1 (50 mg \/ kg). Jakostn\u00ed znaky&#8230;<\/p>\n","protected":false},"featured_media":244370,"comment_status":"closed","ping_status":"open","template":"","meta":{"_acf_changed":false,"_kadence_starter_templates_imported_post":false,"_kad_post_transparent":"","_kad_post_title":"","_kad_post_layout":"","_kad_post_sidebar_id":"","_kad_post_content_style":"","_kad_post_vertical_padding":"","_kad_post_feature":"","_kad_post_feature_position":"","_kad_post_header":false,"_kad_post_footer":false,"_kad_post_classname":""},"product_brand":[2674],"product_cat":[436,2568,2576,739],"product_tag":[],"class_list":{"0":"post-244369","1":"product","2":"type-product","3":"status-publish","4":"has-post-thumbnail","6":"product_brand-brit-animals","7":"product_cat-chovatelske-potreby-2","8":"product_cat-krmivo-pro-psy-pro-psy-chovatelske-potreby-2","9":"product_cat-pamlsky-pro-psy","10":"product_cat-pro-psy-chovatelske-potreby-2","11":"pa_obchod-superzoo-cz","13":"first","14":"instock","15":"product-type-external","16":"entry","17":"content-bg","18":"loop-entry"},"acf":[],"yoast_head":"<!-- This site is optimized with the Yoast SEO plugin v27.4 - https:\/\/yoast.com\/product\/yoast-seo-wordpress\/ -->\n<title>BRIT Animals IMMUNE STICK for RODENTS 80g - SHOPATOA.COM<\/title>\n<meta name=\"robots\" content=\"index, follow, max-snippet:-1, max-image-preview:large, max-video-preview:-1\" \/>\n<link rel=\"canonical\" href=\"https:\/\/shopatoa.com\/cz\/brit-animals-immune-stick-for-rodents-80g\/\" \/>\n<meta property=\"og:locale\" content=\"cs_CZ\" \/>\n<meta property=\"og:type\" content=\"article\" \/>\n<meta property=\"og:title\" content=\"BRIT Animals IMMUNE STICK for RODENTS 80g - SHOPATOA.COM\" \/>\n<meta property=\"og:description\" content=\"Dopl\u0148kov\u00e9 krmivo pro drobn\u00e9 savce, vhodn\u00e9 jako zdrav\u00fd pamlsek.\u00a0Obsahuje t\u0159apatku nachovou (echinacea purpurea) pro podporu p\u0159irozen\u00e9 imunity a je bez p\u0159idan\u00e9ho cukru. Profilem odpov\u00edd\u00e1 p\u0159\u00edrodn\u00ed v\u00fd\u017eiv\u011b. Krmn\u00fd n\u00e1vod Pod\u00e1vejte jako pochoutku \u010di odm\u011bnu. Slo\u017een\u00ed Vojt\u011b\u0161ka, p\u0161enice, je\u010dmen, su\u0161en\u00e1 jablka, kuku\u0159ice, byliny (kop\u0159iva, pampeli\u0161ka, jitrocel), mrkev, rohovn\u00edk, spirulina, t\u0159apatka nachov\u00e1 (50 mg \/ kg). Jakostn\u00ed znaky...\" \/>\n<meta property=\"og:url\" content=\"https:\/\/shopatoa.com\/cz\/brit-animals-immune-stick-for-rodents-80g\/\" \/>\n<meta property=\"og:site_name\" content=\"SHOPATOA\" \/>\n<meta property=\"article:modified_time\" content=\"2026-02-02T15:57:39+00:00\" \/>\n<meta property=\"og:image\" content=\"https:\/\/storage.googleapis.com\/cz-shopatoa-img\/cz\/59d4d63c-1_34102.jpg\" \/>\n\t<meta property=\"og:image:width\" content=\"600\" \/>\n\t<meta property=\"og:image:height\" content=\"600\" \/>\n\t<meta property=\"og:image:type\" content=\"image\/jpeg\" \/>\n<meta name=\"twitter:card\" content=\"summary_large_image\" \/>\n<script type=\"application\/ld+json\" class=\"yoast-schema-graph\">{\"@context\":\"https:\\\/\\\/schema.org\",\"@graph\":[{\"@type\":\"WebPage\",\"@id\":\"https:\\\/\\\/shopatoa.com\\\/cz\\\/brit-animals-immune-stick-for-rodents-80g\\\/\",\"url\":\"https:\\\/\\\/shopatoa.com\\\/cz\\\/brit-animals-immune-stick-for-rodents-80g\\\/\",\"name\":\"BRIT Animals IMMUNE STICK for RODENTS 80g - SHOPATOA.COM\",\"isPartOf\":{\"@id\":\"https:\\\/\\\/shopatoa.com\\\/cz\\\/#website\"},\"primaryImageOfPage\":{\"@id\":\"https:\\\/\\\/shopatoa.com\\\/cz\\\/brit-animals-immune-stick-for-rodents-80g\\\/#primaryimage\"},\"image\":{\"@id\":\"https:\\\/\\\/shopatoa.com\\\/cz\\\/brit-animals-immune-stick-for-rodents-80g\\\/#primaryimage\"},\"thumbnailUrl\":\"https:\\\/\\\/storage.googleapis.com\\\/cz-shopatoa-img\\\/cz\\\/59d4d63c-1_34102.jpg\",\"datePublished\":\"2025-04-02T12:01:50+00:00\",\"dateModified\":\"2026-02-02T15:57:39+00:00\",\"breadcrumb\":{\"@id\":\"https:\\\/\\\/shopatoa.com\\\/cz\\\/brit-animals-immune-stick-for-rodents-80g\\\/#breadcrumb\"},\"inLanguage\":\"cs\",\"potentialAction\":[{\"@type\":\"ReadAction\",\"target\":[\"https:\\\/\\\/shopatoa.com\\\/cz\\\/brit-animals-immune-stick-for-rodents-80g\\\/\"]}]},{\"@type\":\"ImageObject\",\"inLanguage\":\"cs\",\"@id\":\"https:\\\/\\\/shopatoa.com\\\/cz\\\/brit-animals-immune-stick-for-rodents-80g\\\/#primaryimage\",\"url\":\"https:\\\/\\\/storage.googleapis.com\\\/cz-shopatoa-img\\\/cz\\\/59d4d63c-1_34102.jpg\",\"contentUrl\":\"https:\\\/\\\/storage.googleapis.com\\\/cz-shopatoa-img\\\/cz\\\/59d4d63c-1_34102.jpg\",\"width\":600,\"height\":600},{\"@type\":\"BreadcrumbList\",\"@id\":\"https:\\\/\\\/shopatoa.com\\\/cz\\\/brit-animals-immune-stick-for-rodents-80g\\\/#breadcrumb\",\"itemListElement\":[{\"@type\":\"ListItem\",\"position\":1,\"name\":\"Dom\u016f\",\"item\":\"https:\\\/\\\/shopatoa.com\\\/cz\\\/\"},{\"@type\":\"ListItem\",\"position\":2,\"name\":\"Produkty\",\"item\":\"https:\\\/\\\/shopatoa.com\\\/cz\\\/shop\\\/\"},{\"@type\":\"ListItem\",\"position\":3,\"name\":\"Chovatelsk\u00e9 pot\u0159eby\",\"item\":\"https:\\\/\\\/shopatoa.com\\\/cz\\\/chovatelske-potreby-2\\\/\"},{\"@type\":\"ListItem\",\"position\":4,\"name\":\"Pro psy\",\"item\":\"https:\\\/\\\/shopatoa.com\\\/cz\\\/pro-psy-chovatelske-potreby-2\\\/\"},{\"@type\":\"ListItem\",\"position\":5,\"name\":\"Krmivo pro psy\",\"item\":\"https:\\\/\\\/shopatoa.com\\\/cz\\\/krmivo-pro-psy-pro-psy-chovatelske-potreby-2\\\/\"},{\"@type\":\"ListItem\",\"position\":6,\"name\":\"Pamlsky pro psy\",\"item\":\"https:\\\/\\\/shopatoa.com\\\/cz\\\/pamlsky-pro-psy\\\/\"},{\"@type\":\"ListItem\",\"position\":7,\"name\":\"BRIT Animals IMMUNE STICK for RODENTS 80g\"}]},{\"@type\":\"WebSite\",\"@id\":\"https:\\\/\\\/shopatoa.com\\\/cz\\\/#website\",\"url\":\"https:\\\/\\\/shopatoa.com\\\/cz\\\/\",\"name\":\"SHOPATOA\",\"description\":\"\",\"publisher\":{\"@id\":\"https:\\\/\\\/shopatoa.com\\\/cz\\\/#organization\"},\"potentialAction\":[{\"@type\":\"SearchAction\",\"target\":{\"@type\":\"EntryPoint\",\"urlTemplate\":\"https:\\\/\\\/shopatoa.com\\\/cz\\\/?s={search_term_string}\"},\"query-input\":{\"@type\":\"PropertyValueSpecification\",\"valueRequired\":true,\"valueName\":\"search_term_string\"}}],\"inLanguage\":\"cs\"},{\"@type\":\"Organization\",\"@id\":\"https:\\\/\\\/shopatoa.com\\\/cz\\\/#organization\",\"name\":\"SHOPATOA Digital s.r.o.\",\"url\":\"https:\\\/\\\/shopatoa.com\\\/cz\\\/\",\"logo\":{\"@type\":\"ImageObject\",\"inLanguage\":\"cs\",\"@id\":\"https:\\\/\\\/shopatoa.com\\\/cz\\\/#\\\/schema\\\/logo\\\/image\\\/\",\"url\":\"https:\\\/\\\/storage.googleapis.com\\\/cz-shopatoa-img\\\/cz\\\/ebccf434-shopatoa_logo.png\",\"contentUrl\":\"https:\\\/\\\/storage.googleapis.com\\\/cz-shopatoa-img\\\/cz\\\/ebccf434-shopatoa_logo.png\",\"width\":416,\"height\":63,\"caption\":\"SHOPATOA Digital s.r.o.\"},\"image\":{\"@id\":\"https:\\\/\\\/shopatoa.com\\\/cz\\\/#\\\/schema\\\/logo\\\/image\\\/\"}}]}<\/script>\n<!-- \/ Yoast SEO plugin. -->","yoast_head_json":{"title":"BRIT Animals IMMUNE STICK for RODENTS 80g - SHOPATOA.COM","robots":{"index":"index","follow":"follow","max-snippet":"max-snippet:-1","max-image-preview":"max-image-preview:large","max-video-preview":"max-video-preview:-1"},"canonical":"https:\/\/shopatoa.com\/cz\/brit-animals-immune-stick-for-rodents-80g\/","og_locale":"cs_CZ","og_type":"article","og_title":"BRIT Animals IMMUNE STICK for RODENTS 80g - SHOPATOA.COM","og_description":"Dopl\u0148kov\u00e9 krmivo pro drobn\u00e9 savce, vhodn\u00e9 jako zdrav\u00fd pamlsek.\u00a0Obsahuje t\u0159apatku nachovou (echinacea purpurea) pro podporu p\u0159irozen\u00e9 imunity a je bez p\u0159idan\u00e9ho cukru. Profilem odpov\u00edd\u00e1 p\u0159\u00edrodn\u00ed v\u00fd\u017eiv\u011b. Krmn\u00fd n\u00e1vod Pod\u00e1vejte jako pochoutku \u010di odm\u011bnu. Slo\u017een\u00ed Vojt\u011b\u0161ka, p\u0161enice, je\u010dmen, su\u0161en\u00e1 jablka, kuku\u0159ice, byliny (kop\u0159iva, pampeli\u0161ka, jitrocel), mrkev, rohovn\u00edk, spirulina, t\u0159apatka nachov\u00e1 (50 mg \/ kg). Jakostn\u00ed znaky...","og_url":"https:\/\/shopatoa.com\/cz\/brit-animals-immune-stick-for-rodents-80g\/","og_site_name":"SHOPATOA","article_modified_time":"2026-02-02T15:57:39+00:00","og_image":[{"width":600,"height":600,"url":"https:\/\/storage.googleapis.com\/cz-shopatoa-img\/cz\/59d4d63c-1_34102.jpg","type":"image\/jpeg"}],"twitter_card":"summary_large_image","schema":{"@context":"https:\/\/schema.org","@graph":[{"@type":"WebPage","@id":"https:\/\/shopatoa.com\/cz\/brit-animals-immune-stick-for-rodents-80g\/","url":"https:\/\/shopatoa.com\/cz\/brit-animals-immune-stick-for-rodents-80g\/","name":"BRIT Animals IMMUNE STICK for RODENTS 80g - SHOPATOA.COM","isPartOf":{"@id":"https:\/\/shopatoa.com\/cz\/#website"},"primaryImageOfPage":{"@id":"https:\/\/shopatoa.com\/cz\/brit-animals-immune-stick-for-rodents-80g\/#primaryimage"},"image":{"@id":"https:\/\/shopatoa.com\/cz\/brit-animals-immune-stick-for-rodents-80g\/#primaryimage"},"thumbnailUrl":"https:\/\/storage.googleapis.com\/cz-shopatoa-img\/cz\/59d4d63c-1_34102.jpg","datePublished":"2025-04-02T12:01:50+00:00","dateModified":"2026-02-02T15:57:39+00:00","breadcrumb":{"@id":"https:\/\/shopatoa.com\/cz\/brit-animals-immune-stick-for-rodents-80g\/#breadcrumb"},"inLanguage":"cs","potentialAction":[{"@type":"ReadAction","target":["https:\/\/shopatoa.com\/cz\/brit-animals-immune-stick-for-rodents-80g\/"]}]},{"@type":"ImageObject","inLanguage":"cs","@id":"https:\/\/shopatoa.com\/cz\/brit-animals-immune-stick-for-rodents-80g\/#primaryimage","url":"https:\/\/storage.googleapis.com\/cz-shopatoa-img\/cz\/59d4d63c-1_34102.jpg","contentUrl":"https:\/\/storage.googleapis.com\/cz-shopatoa-img\/cz\/59d4d63c-1_34102.jpg","width":600,"height":600},{"@type":"BreadcrumbList","@id":"https:\/\/shopatoa.com\/cz\/brit-animals-immune-stick-for-rodents-80g\/#breadcrumb","itemListElement":[{"@type":"ListItem","position":1,"name":"Dom\u016f","item":"https:\/\/shopatoa.com\/cz\/"},{"@type":"ListItem","position":2,"name":"Produkty","item":"https:\/\/shopatoa.com\/cz\/shop\/"},{"@type":"ListItem","position":3,"name":"Chovatelsk\u00e9 pot\u0159eby","item":"https:\/\/shopatoa.com\/cz\/chovatelske-potreby-2\/"},{"@type":"ListItem","position":4,"name":"Pro psy","item":"https:\/\/shopatoa.com\/cz\/pro-psy-chovatelske-potreby-2\/"},{"@type":"ListItem","position":5,"name":"Krmivo pro psy","item":"https:\/\/shopatoa.com\/cz\/krmivo-pro-psy-pro-psy-chovatelske-potreby-2\/"},{"@type":"ListItem","position":6,"name":"Pamlsky pro psy","item":"https:\/\/shopatoa.com\/cz\/pamlsky-pro-psy\/"},{"@type":"ListItem","position":7,"name":"BRIT Animals IMMUNE STICK for RODENTS 80g"}]},{"@type":"WebSite","@id":"https:\/\/shopatoa.com\/cz\/#website","url":"https:\/\/shopatoa.com\/cz\/","name":"SHOPATOA","description":"","publisher":{"@id":"https:\/\/shopatoa.com\/cz\/#organization"},"potentialAction":[{"@type":"SearchAction","target":{"@type":"EntryPoint","urlTemplate":"https:\/\/shopatoa.com\/cz\/?s={search_term_string}"},"query-input":{"@type":"PropertyValueSpecification","valueRequired":true,"valueName":"search_term_string"}}],"inLanguage":"cs"},{"@type":"Organization","@id":"https:\/\/shopatoa.com\/cz\/#organization","name":"SHOPATOA Digital s.r.o.","url":"https:\/\/shopatoa.com\/cz\/","logo":{"@type":"ImageObject","inLanguage":"cs","@id":"https:\/\/shopatoa.com\/cz\/#\/schema\/logo\/image\/","url":"https:\/\/storage.googleapis.com\/cz-shopatoa-img\/cz\/ebccf434-shopatoa_logo.png","contentUrl":"https:\/\/storage.googleapis.com\/cz-shopatoa-img\/cz\/ebccf434-shopatoa_logo.png","width":416,"height":63,"caption":"SHOPATOA Digital s.r.o."},"image":{"@id":"https:\/\/shopatoa.com\/cz\/#\/schema\/logo\/image\/"}}]}},"_links":{"self":[{"href":"https:\/\/shopatoa.com\/cz\/wp-json\/wp\/v2\/product\/244369","targetHints":{"allow":["GET"]}}],"collection":[{"href":"https:\/\/shopatoa.com\/cz\/wp-json\/wp\/v2\/product"}],"about":[{"href":"https:\/\/shopatoa.com\/cz\/wp-json\/wp\/v2\/types\/product"}],"replies":[{"embeddable":true,"href":"https:\/\/shopatoa.com\/cz\/wp-json\/wp\/v2\/comments?post=244369"}],"wp:featuredmedia":[{"embeddable":true,"href":"https:\/\/shopatoa.com\/cz\/wp-json\/wp\/v2\/media\/244370"}],"wp:attachment":[{"href":"https:\/\/shopatoa.com\/cz\/wp-json\/wp\/v2\/media?parent=244369"}],"wp:term":[{"taxonomy":"product_brand","embeddable":true,"href":"https:\/\/shopatoa.com\/cz\/wp-json\/wp\/v2\/product_brand?post=244369"},{"taxonomy":"product_cat","embeddable":true,"href":"https:\/\/shopatoa.com\/cz\/wp-json\/wp\/v2\/product_cat?post=244369"},{"taxonomy":"product_tag","embeddable":true,"href":"https:\/\/shopatoa.com\/cz\/wp-json\/wp\/v2\/product_tag?post=244369"}],"curies":[{"name":"wp","href":"https:\/\/api.w.org\/{rel}","templated":true}]}}