{"id":244535,"date":"2025-04-02T14:31:56","date_gmt":"2025-04-02T12:31:56","guid":{"rendered":"https:\/\/shopatoa.com\/cz\/?post_type=product&#038;p=244535"},"modified":"2026-02-01T13:58:11","modified_gmt":"2026-02-01T12:58:11","slug":"ontario-puppy-medium-lamb-rice-225-kg","status":"publish","type":"product","link":"https:\/\/shopatoa.com\/cz\/ontario-puppy-medium-lamb-rice-225-kg\/","title":{"rendered":"Ontario Puppy Medium Lamb &amp; Rice 2,25 kg"},"content":{"rendered":"<p>Superpr\u00e9miov\u00e9\u00a0krmivo pro \u0161t\u011b\u0148ata st\u0159edn\u00edch plemen.<\/p>\n<p>Hypoalergenn\u00ed receptura<\/p>\n<p>Hypoalergenn\u00ed\u00a0receptura s n\u00edzk\u00fdm obsahem obilovin.\u00a0Vyv\u00e1\u017een\u00e9 slo\u017een\u00ed pro zdrav\u00e9 fungov\u00e1n\u00ed a v\u00fdvoj cel\u00e9ho\u00a0organismu. Krmivo obsahuje \u0161irokou \u0161k\u00e1lu vitam\u00edn\u016f a miner\u00e1l\u016f podporuj\u00edc\u00ed zdrav\u00fd\u00a0r\u016fst a v\u00fdvin.\u00a0Vysok\u00fd pod\u00edl protein\u016f z jehn\u011b\u010d\u00edho masa d\u016fle\u017eit\u00fdch pro spr\u00e1vn\u00fd v\u00fdvoj sval\u016f\u00a0a tk\u00e1n\u00ed. Hypoalergenn\u00ed ingredience poskytuj\u00ed zdrav\u00e9 za\u017e\u00edv\u00e1n\u00ed.<\/p>\n<p>Krmivo obsahuje speci\u00e1ln\u00ed\u00a0mix bylinek a ko\u0159en\u00ed, zejm\u00e9na an\u00fdz, h\u0159eb\u00ed\u010dek a mo\u0159sk\u00e9 \u0159asy pro udr\u017een\u00ed spr\u00e1vn\u00e9 \u00fastn\u00ed hygieny\u00a0a zdrav\u00fdch zub\u016f.<\/p>\n<p>\u00a0<\/p>\n<p>\u00a0\u00a0\u00a0\u00a0\u00a0\u00a0<\/p>\n<p>\u00a0<\/p>\n<p>Nov\u00e9 receptury<\/p>\n<p>Krmivo Ontario pro\u0161lo zcela revolu\u010dn\u00edm procesem, b\u011bhem kter\u00e9ho se zm\u011bnily receptury granul\u00ed a mokr\u00e9ho krmiva pro psy. Nyn\u00ed je obohaceno o hypoalergenn\u00ed typy krmiva a obsah mixu ko\u0159en\u00ed a bylinek, kter\u00e9 podporuj\u00ed zdrav\u00ed cel\u00e9ho organismu.<\/p>\n<p>Krmiva Ontario obsahuj\u00ed kvalitn\u00ed proteiny, tuky, sacharidy, vitam\u00edny a miner\u00e1ln\u00ed l\u00e1tky a to v\u0161e ve spr\u00e1vn\u00e9m pom\u011bru a tak, aby pod\u00edl jednotliv\u00fdch slo\u017eek&#8230;<\/p>\n","protected":false},"excerpt":{"rendered":"<p>Superpr\u00e9miov\u00e9\u00a0krmivo pro \u0161t\u011b\u0148ata st\u0159edn\u00edch plemen. Hypoalergenn\u00ed receptura Hypoalergenn\u00ed\u00a0receptura s n\u00edzk\u00fdm obsahem obilovin.\u00a0Vyv\u00e1\u017een\u00e9 slo\u017een\u00ed pro zdrav\u00e9 fungov\u00e1n\u00ed a v\u00fdvoj cel\u00e9ho\u00a0organismu. Krmivo obsahuje \u0161irokou \u0161k\u00e1lu vitam\u00edn\u016f a miner\u00e1l\u016f podporuj\u00edc\u00ed zdrav\u00fd\u00a0r\u016fst a v\u00fdvin.\u00a0Vysok\u00fd pod\u00edl protein\u016f z jehn\u011b\u010d\u00edho masa d\u016fle\u017eit\u00fdch pro spr\u00e1vn\u00fd v\u00fdvoj sval\u016f\u00a0a tk\u00e1n\u00ed. Hypoalergenn\u00ed ingredience poskytuj\u00ed zdrav\u00e9 za\u017e\u00edv\u00e1n\u00ed. Krmivo obsahuje speci\u00e1ln\u00ed\u00a0mix bylinek a ko\u0159en\u00ed, zejm\u00e9na an\u00fdz, h\u0159eb\u00ed\u010dek&#8230;<\/p>\n","protected":false},"featured_media":244536,"comment_status":"closed","ping_status":"open","template":"","meta":{"_acf_changed":false,"_kadence_starter_templates_imported_post":false,"_kad_post_transparent":"","_kad_post_title":"","_kad_post_layout":"","_kad_post_sidebar_id":"","_kad_post_content_style":"","_kad_post_vertical_padding":"","_kad_post_feature":"","_kad_post_feature_position":"","_kad_post_header":false,"_kad_post_footer":false,"_kad_post_classname":""},"product_brand":[2040],"product_cat":[436,2569,2568,739],"product_tag":[],"class_list":{"0":"post-244535","1":"product","2":"type-product","3":"status-publish","4":"has-post-thumbnail","6":"product_brand-ontario","7":"product_cat-chovatelske-potreby-2","8":"product_cat-granule-pro-psy","9":"product_cat-krmivo-pro-psy-pro-psy-chovatelske-potreby-2","10":"product_cat-pro-psy-chovatelske-potreby-2","11":"pa_obchod-superzoo-cz","13":"first","14":"instock","15":"product-type-external","16":"entry","17":"content-bg","18":"loop-entry"},"acf":[],"yoast_head":"<!-- This site is optimized with the Yoast SEO plugin v27.4 - https:\/\/yoast.com\/product\/yoast-seo-wordpress\/ -->\n<title>Ontario Puppy Medium Lamb &amp; Rice 2,25 kg - SHOPATOA.COM<\/title>\n<meta name=\"robots\" content=\"index, follow, max-snippet:-1, max-image-preview:large, max-video-preview:-1\" \/>\n<link rel=\"canonical\" href=\"https:\/\/shopatoa.com\/cz\/ontario-puppy-medium-lamb-rice-225-kg\/\" \/>\n<meta property=\"og:locale\" content=\"cs_CZ\" \/>\n<meta property=\"og:type\" content=\"article\" \/>\n<meta property=\"og:title\" content=\"Ontario Puppy Medium Lamb &amp; Rice 2,25 kg - SHOPATOA.COM\" \/>\n<meta property=\"og:description\" content=\"Superpr\u00e9miov\u00e9\u00a0krmivo pro \u0161t\u011b\u0148ata st\u0159edn\u00edch plemen. Hypoalergenn\u00ed receptura Hypoalergenn\u00ed\u00a0receptura s n\u00edzk\u00fdm obsahem obilovin.\u00a0Vyv\u00e1\u017een\u00e9 slo\u017een\u00ed pro zdrav\u00e9 fungov\u00e1n\u00ed a v\u00fdvoj cel\u00e9ho\u00a0organismu. Krmivo obsahuje \u0161irokou \u0161k\u00e1lu vitam\u00edn\u016f a miner\u00e1l\u016f podporuj\u00edc\u00ed zdrav\u00fd\u00a0r\u016fst a v\u00fdvin.\u00a0Vysok\u00fd pod\u00edl protein\u016f z jehn\u011b\u010d\u00edho masa d\u016fle\u017eit\u00fdch pro spr\u00e1vn\u00fd v\u00fdvoj sval\u016f\u00a0a tk\u00e1n\u00ed. Hypoalergenn\u00ed ingredience poskytuj\u00ed zdrav\u00e9 za\u017e\u00edv\u00e1n\u00ed. Krmivo obsahuje speci\u00e1ln\u00ed\u00a0mix bylinek a ko\u0159en\u00ed, zejm\u00e9na an\u00fdz, h\u0159eb\u00ed\u010dek...\" \/>\n<meta property=\"og:url\" content=\"https:\/\/shopatoa.com\/cz\/ontario-puppy-medium-lamb-rice-225-kg\/\" \/>\n<meta property=\"og:site_name\" content=\"SHOPATOA\" \/>\n<meta property=\"article:modified_time\" content=\"2026-02-01T12:58:11+00:00\" \/>\n<meta property=\"og:image\" content=\"https:\/\/storage.googleapis.com\/cz-shopatoa-img\/cz\/f5964e96-1_78063.jpg\" \/>\n\t<meta property=\"og:image:width\" content=\"600\" \/>\n\t<meta property=\"og:image:height\" content=\"600\" \/>\n\t<meta property=\"og:image:type\" content=\"image\/jpeg\" \/>\n<meta name=\"twitter:card\" content=\"summary_large_image\" \/>\n<meta name=\"twitter:label1\" content=\"Odhadovan\u00e1 doba \u010dten\u00ed\" \/>\n\t<meta name=\"twitter:data1\" content=\"1 minuta\" \/>\n<script type=\"application\/ld+json\" class=\"yoast-schema-graph\">{\"@context\":\"https:\\\/\\\/schema.org\",\"@graph\":[{\"@type\":\"WebPage\",\"@id\":\"https:\\\/\\\/shopatoa.com\\\/cz\\\/ontario-puppy-medium-lamb-rice-225-kg\\\/\",\"url\":\"https:\\\/\\\/shopatoa.com\\\/cz\\\/ontario-puppy-medium-lamb-rice-225-kg\\\/\",\"name\":\"Ontario Puppy Medium Lamb & Rice 2,25 kg - SHOPATOA.COM\",\"isPartOf\":{\"@id\":\"https:\\\/\\\/shopatoa.com\\\/cz\\\/#website\"},\"primaryImageOfPage\":{\"@id\":\"https:\\\/\\\/shopatoa.com\\\/cz\\\/ontario-puppy-medium-lamb-rice-225-kg\\\/#primaryimage\"},\"image\":{\"@id\":\"https:\\\/\\\/shopatoa.com\\\/cz\\\/ontario-puppy-medium-lamb-rice-225-kg\\\/#primaryimage\"},\"thumbnailUrl\":\"https:\\\/\\\/storage.googleapis.com\\\/cz-shopatoa-img\\\/cz\\\/f5964e96-1_78063.jpg\",\"datePublished\":\"2025-04-02T12:31:56+00:00\",\"dateModified\":\"2026-02-01T12:58:11+00:00\",\"breadcrumb\":{\"@id\":\"https:\\\/\\\/shopatoa.com\\\/cz\\\/ontario-puppy-medium-lamb-rice-225-kg\\\/#breadcrumb\"},\"inLanguage\":\"cs\",\"potentialAction\":[{\"@type\":\"ReadAction\",\"target\":[\"https:\\\/\\\/shopatoa.com\\\/cz\\\/ontario-puppy-medium-lamb-rice-225-kg\\\/\"]}]},{\"@type\":\"ImageObject\",\"inLanguage\":\"cs\",\"@id\":\"https:\\\/\\\/shopatoa.com\\\/cz\\\/ontario-puppy-medium-lamb-rice-225-kg\\\/#primaryimage\",\"url\":\"https:\\\/\\\/storage.googleapis.com\\\/cz-shopatoa-img\\\/cz\\\/f5964e96-1_78063.jpg\",\"contentUrl\":\"https:\\\/\\\/storage.googleapis.com\\\/cz-shopatoa-img\\\/cz\\\/f5964e96-1_78063.jpg\",\"width\":600,\"height\":600},{\"@type\":\"BreadcrumbList\",\"@id\":\"https:\\\/\\\/shopatoa.com\\\/cz\\\/ontario-puppy-medium-lamb-rice-225-kg\\\/#breadcrumb\",\"itemListElement\":[{\"@type\":\"ListItem\",\"position\":1,\"name\":\"Dom\u016f\",\"item\":\"https:\\\/\\\/shopatoa.com\\\/cz\\\/\"},{\"@type\":\"ListItem\",\"position\":2,\"name\":\"Produkty\",\"item\":\"https:\\\/\\\/shopatoa.com\\\/cz\\\/shop\\\/\"},{\"@type\":\"ListItem\",\"position\":3,\"name\":\"Chovatelsk\u00e9 pot\u0159eby\",\"item\":\"https:\\\/\\\/shopatoa.com\\\/cz\\\/chovatelske-potreby-2\\\/\"},{\"@type\":\"ListItem\",\"position\":4,\"name\":\"Pro psy\",\"item\":\"https:\\\/\\\/shopatoa.com\\\/cz\\\/pro-psy-chovatelske-potreby-2\\\/\"},{\"@type\":\"ListItem\",\"position\":5,\"name\":\"Krmivo pro psy\",\"item\":\"https:\\\/\\\/shopatoa.com\\\/cz\\\/krmivo-pro-psy-pro-psy-chovatelske-potreby-2\\\/\"},{\"@type\":\"ListItem\",\"position\":6,\"name\":\"Granule pro psy\",\"item\":\"https:\\\/\\\/shopatoa.com\\\/cz\\\/granule-pro-psy\\\/\"},{\"@type\":\"ListItem\",\"position\":7,\"name\":\"Ontario Puppy Medium Lamb &amp; Rice 2,25 kg\"}]},{\"@type\":\"WebSite\",\"@id\":\"https:\\\/\\\/shopatoa.com\\\/cz\\\/#website\",\"url\":\"https:\\\/\\\/shopatoa.com\\\/cz\\\/\",\"name\":\"SHOPATOA\",\"description\":\"\",\"publisher\":{\"@id\":\"https:\\\/\\\/shopatoa.com\\\/cz\\\/#organization\"},\"potentialAction\":[{\"@type\":\"SearchAction\",\"target\":{\"@type\":\"EntryPoint\",\"urlTemplate\":\"https:\\\/\\\/shopatoa.com\\\/cz\\\/?s={search_term_string}\"},\"query-input\":{\"@type\":\"PropertyValueSpecification\",\"valueRequired\":true,\"valueName\":\"search_term_string\"}}],\"inLanguage\":\"cs\"},{\"@type\":\"Organization\",\"@id\":\"https:\\\/\\\/shopatoa.com\\\/cz\\\/#organization\",\"name\":\"SHOPATOA Digital s.r.o.\",\"url\":\"https:\\\/\\\/shopatoa.com\\\/cz\\\/\",\"logo\":{\"@type\":\"ImageObject\",\"inLanguage\":\"cs\",\"@id\":\"https:\\\/\\\/shopatoa.com\\\/cz\\\/#\\\/schema\\\/logo\\\/image\\\/\",\"url\":\"https:\\\/\\\/storage.googleapis.com\\\/cz-shopatoa-img\\\/cz\\\/ebccf434-shopatoa_logo.png\",\"contentUrl\":\"https:\\\/\\\/storage.googleapis.com\\\/cz-shopatoa-img\\\/cz\\\/ebccf434-shopatoa_logo.png\",\"width\":416,\"height\":63,\"caption\":\"SHOPATOA Digital s.r.o.\"},\"image\":{\"@id\":\"https:\\\/\\\/shopatoa.com\\\/cz\\\/#\\\/schema\\\/logo\\\/image\\\/\"}}]}<\/script>\n<!-- \/ Yoast SEO plugin. -->","yoast_head_json":{"title":"Ontario Puppy Medium Lamb & Rice 2,25 kg - SHOPATOA.COM","robots":{"index":"index","follow":"follow","max-snippet":"max-snippet:-1","max-image-preview":"max-image-preview:large","max-video-preview":"max-video-preview:-1"},"canonical":"https:\/\/shopatoa.com\/cz\/ontario-puppy-medium-lamb-rice-225-kg\/","og_locale":"cs_CZ","og_type":"article","og_title":"Ontario Puppy Medium Lamb & Rice 2,25 kg - SHOPATOA.COM","og_description":"Superpr\u00e9miov\u00e9\u00a0krmivo pro \u0161t\u011b\u0148ata st\u0159edn\u00edch plemen. Hypoalergenn\u00ed receptura Hypoalergenn\u00ed\u00a0receptura s n\u00edzk\u00fdm obsahem obilovin.\u00a0Vyv\u00e1\u017een\u00e9 slo\u017een\u00ed pro zdrav\u00e9 fungov\u00e1n\u00ed a v\u00fdvoj cel\u00e9ho\u00a0organismu. Krmivo obsahuje \u0161irokou \u0161k\u00e1lu vitam\u00edn\u016f a miner\u00e1l\u016f podporuj\u00edc\u00ed zdrav\u00fd\u00a0r\u016fst a v\u00fdvin.\u00a0Vysok\u00fd pod\u00edl protein\u016f z jehn\u011b\u010d\u00edho masa d\u016fle\u017eit\u00fdch pro spr\u00e1vn\u00fd v\u00fdvoj sval\u016f\u00a0a tk\u00e1n\u00ed. Hypoalergenn\u00ed ingredience poskytuj\u00ed zdrav\u00e9 za\u017e\u00edv\u00e1n\u00ed. Krmivo obsahuje speci\u00e1ln\u00ed\u00a0mix bylinek a ko\u0159en\u00ed, zejm\u00e9na an\u00fdz, h\u0159eb\u00ed\u010dek...","og_url":"https:\/\/shopatoa.com\/cz\/ontario-puppy-medium-lamb-rice-225-kg\/","og_site_name":"SHOPATOA","article_modified_time":"2026-02-01T12:58:11+00:00","og_image":[{"width":600,"height":600,"url":"https:\/\/storage.googleapis.com\/cz-shopatoa-img\/cz\/f5964e96-1_78063.jpg","type":"image\/jpeg"}],"twitter_card":"summary_large_image","twitter_misc":{"Odhadovan\u00e1 doba \u010dten\u00ed":"1 minuta"},"schema":{"@context":"https:\/\/schema.org","@graph":[{"@type":"WebPage","@id":"https:\/\/shopatoa.com\/cz\/ontario-puppy-medium-lamb-rice-225-kg\/","url":"https:\/\/shopatoa.com\/cz\/ontario-puppy-medium-lamb-rice-225-kg\/","name":"Ontario Puppy Medium Lamb & Rice 2,25 kg - SHOPATOA.COM","isPartOf":{"@id":"https:\/\/shopatoa.com\/cz\/#website"},"primaryImageOfPage":{"@id":"https:\/\/shopatoa.com\/cz\/ontario-puppy-medium-lamb-rice-225-kg\/#primaryimage"},"image":{"@id":"https:\/\/shopatoa.com\/cz\/ontario-puppy-medium-lamb-rice-225-kg\/#primaryimage"},"thumbnailUrl":"https:\/\/storage.googleapis.com\/cz-shopatoa-img\/cz\/f5964e96-1_78063.jpg","datePublished":"2025-04-02T12:31:56+00:00","dateModified":"2026-02-01T12:58:11+00:00","breadcrumb":{"@id":"https:\/\/shopatoa.com\/cz\/ontario-puppy-medium-lamb-rice-225-kg\/#breadcrumb"},"inLanguage":"cs","potentialAction":[{"@type":"ReadAction","target":["https:\/\/shopatoa.com\/cz\/ontario-puppy-medium-lamb-rice-225-kg\/"]}]},{"@type":"ImageObject","inLanguage":"cs","@id":"https:\/\/shopatoa.com\/cz\/ontario-puppy-medium-lamb-rice-225-kg\/#primaryimage","url":"https:\/\/storage.googleapis.com\/cz-shopatoa-img\/cz\/f5964e96-1_78063.jpg","contentUrl":"https:\/\/storage.googleapis.com\/cz-shopatoa-img\/cz\/f5964e96-1_78063.jpg","width":600,"height":600},{"@type":"BreadcrumbList","@id":"https:\/\/shopatoa.com\/cz\/ontario-puppy-medium-lamb-rice-225-kg\/#breadcrumb","itemListElement":[{"@type":"ListItem","position":1,"name":"Dom\u016f","item":"https:\/\/shopatoa.com\/cz\/"},{"@type":"ListItem","position":2,"name":"Produkty","item":"https:\/\/shopatoa.com\/cz\/shop\/"},{"@type":"ListItem","position":3,"name":"Chovatelsk\u00e9 pot\u0159eby","item":"https:\/\/shopatoa.com\/cz\/chovatelske-potreby-2\/"},{"@type":"ListItem","position":4,"name":"Pro psy","item":"https:\/\/shopatoa.com\/cz\/pro-psy-chovatelske-potreby-2\/"},{"@type":"ListItem","position":5,"name":"Krmivo pro psy","item":"https:\/\/shopatoa.com\/cz\/krmivo-pro-psy-pro-psy-chovatelske-potreby-2\/"},{"@type":"ListItem","position":6,"name":"Granule pro psy","item":"https:\/\/shopatoa.com\/cz\/granule-pro-psy\/"},{"@type":"ListItem","position":7,"name":"Ontario Puppy Medium Lamb &amp; Rice 2,25 kg"}]},{"@type":"WebSite","@id":"https:\/\/shopatoa.com\/cz\/#website","url":"https:\/\/shopatoa.com\/cz\/","name":"SHOPATOA","description":"","publisher":{"@id":"https:\/\/shopatoa.com\/cz\/#organization"},"potentialAction":[{"@type":"SearchAction","target":{"@type":"EntryPoint","urlTemplate":"https:\/\/shopatoa.com\/cz\/?s={search_term_string}"},"query-input":{"@type":"PropertyValueSpecification","valueRequired":true,"valueName":"search_term_string"}}],"inLanguage":"cs"},{"@type":"Organization","@id":"https:\/\/shopatoa.com\/cz\/#organization","name":"SHOPATOA Digital s.r.o.","url":"https:\/\/shopatoa.com\/cz\/","logo":{"@type":"ImageObject","inLanguage":"cs","@id":"https:\/\/shopatoa.com\/cz\/#\/schema\/logo\/image\/","url":"https:\/\/storage.googleapis.com\/cz-shopatoa-img\/cz\/ebccf434-shopatoa_logo.png","contentUrl":"https:\/\/storage.googleapis.com\/cz-shopatoa-img\/cz\/ebccf434-shopatoa_logo.png","width":416,"height":63,"caption":"SHOPATOA Digital s.r.o."},"image":{"@id":"https:\/\/shopatoa.com\/cz\/#\/schema\/logo\/image\/"}}]}},"_links":{"self":[{"href":"https:\/\/shopatoa.com\/cz\/wp-json\/wp\/v2\/product\/244535","targetHints":{"allow":["GET"]}}],"collection":[{"href":"https:\/\/shopatoa.com\/cz\/wp-json\/wp\/v2\/product"}],"about":[{"href":"https:\/\/shopatoa.com\/cz\/wp-json\/wp\/v2\/types\/product"}],"replies":[{"embeddable":true,"href":"https:\/\/shopatoa.com\/cz\/wp-json\/wp\/v2\/comments?post=244535"}],"wp:featuredmedia":[{"embeddable":true,"href":"https:\/\/shopatoa.com\/cz\/wp-json\/wp\/v2\/media\/244536"}],"wp:attachment":[{"href":"https:\/\/shopatoa.com\/cz\/wp-json\/wp\/v2\/media?parent=244535"}],"wp:term":[{"taxonomy":"product_brand","embeddable":true,"href":"https:\/\/shopatoa.com\/cz\/wp-json\/wp\/v2\/product_brand?post=244535"},{"taxonomy":"product_cat","embeddable":true,"href":"https:\/\/shopatoa.com\/cz\/wp-json\/wp\/v2\/product_cat?post=244535"},{"taxonomy":"product_tag","embeddable":true,"href":"https:\/\/shopatoa.com\/cz\/wp-json\/wp\/v2\/product_tag?post=244535"}],"curies":[{"name":"wp","href":"https:\/\/api.w.org\/{rel}","templated":true}]}}