{"id":244541,"date":"2025-04-02T14:35:20","date_gmt":"2025-04-02T12:35:20","guid":{"rendered":"https:\/\/shopatoa.com\/cz\/?post_type=product&#038;p=244541"},"modified":"2026-01-31T17:20:27","modified_gmt":"2026-01-31T16:20:27","slug":"ontario-adult-large-fish-rice-225kg","status":"publish","type":"product","link":"https:\/\/shopatoa.com\/cz\/ontario-adult-large-fish-rice-225kg\/","title":{"rendered":"Ontario Adult Large Fish &amp; Rice 2,25kg"},"content":{"rendered":"<p>Superpr\u00e9miov\u00e9 krmivo pro dosp\u011bl\u00e9 psy velk\u00fdch a ob\u0159\u00edch plemen.<\/p>\n<p>Hypoalergenn\u00ed receptura<\/p>\n<p>Hypoalergenn\u00ed receptura\u00a0s n\u00edzk\u00fdm obsahem obilovin. Vyv\u00e1\u017een\u00e9 slo\u017een\u00ed pro zdrav\u00e9 fungov\u00e1n\u00ed cel\u00e9ho organismu. U velk\u00fdch a ob\u0159\u00edch plemen je d\u016fle\u017eit\u00e1 zejm\u00e9na zdrav\u00e1 pohybov\u00e1 soustava, proto krmivo\u00a0obsahuje chondroitin a ryb\u00ed olej pro udr\u017een\u00ed v\u00fdborn\u00e9 mobility a zdrav\u00e9 klouby. Vysok\u00fd pod\u00edl\u00a0protein\u016f z ryb je d\u016fle\u017eit\u00fd pro spr\u00e1vn\u00fd v\u00fdvoj sval\u016f a tk\u00e1n\u00ed.<\/p>\n<p>Krmivo obsahuje speci\u00e1ln\u00ed mix\u00a0bylinek a ko\u0159en\u00ed, zejm\u00e9na tymi\u00e1n, fenykl a juku pro podporu spr\u00e1vn\u00e9ho za\u017e\u00edv\u00e1n\u00ed.<\/p>\n<p>\u00a0\u00a0\u00a0\u00a0\u00a0\u00a0<\/p>\n<p>Nov\u00e9 receptury<\/p>\n<p>Krmivo Ontario pro\u0161lo zcela revolu\u010dn\u00edm procesem, b\u011bhem kter\u00e9ho se zm\u011bnily receptury granul\u00ed a mokr\u00e9ho krmiva pro psy. Nyn\u00ed je obohaceno o hypoalergenn\u00ed typy krmiva a obsah mixu ko\u0159en\u00ed a bylinek, kter\u00e9 podporuj\u00ed zdrav\u00ed cel\u00e9ho organismu.<\/p>\n<p>Krmiva Ontario obsahuj\u00ed kvalitn\u00ed proteiny, tuky, sacharidy, vitam\u00edny a miner\u00e1ln\u00ed l\u00e1tky a to v\u0161e ve spr\u00e1vn\u00e9m pom\u011bru a tak, aby pod\u00edl jednotliv\u00fdch slo\u017eek pokryl pot\u0159eby&#8230;<\/p>\n","protected":false},"excerpt":{"rendered":"<p>Superpr\u00e9miov\u00e9 krmivo pro dosp\u011bl\u00e9 psy velk\u00fdch a ob\u0159\u00edch plemen. Hypoalergenn\u00ed receptura Hypoalergenn\u00ed receptura\u00a0s n\u00edzk\u00fdm obsahem obilovin. Vyv\u00e1\u017een\u00e9 slo\u017een\u00ed pro zdrav\u00e9 fungov\u00e1n\u00ed cel\u00e9ho organismu. U velk\u00fdch a ob\u0159\u00edch plemen je d\u016fle\u017eit\u00e1 zejm\u00e9na zdrav\u00e1 pohybov\u00e1 soustava, proto krmivo\u00a0obsahuje chondroitin a ryb\u00ed olej pro udr\u017een\u00ed v\u00fdborn\u00e9 mobility a zdrav\u00e9 klouby. Vysok\u00fd pod\u00edl\u00a0protein\u016f z ryb je d\u016fle\u017eit\u00fd pro spr\u00e1vn\u00fd&#8230;<\/p>\n","protected":false},"featured_media":244542,"comment_status":"closed","ping_status":"open","template":"","meta":{"_acf_changed":false,"_kadence_starter_templates_imported_post":false,"_kad_post_transparent":"","_kad_post_title":"","_kad_post_layout":"","_kad_post_sidebar_id":"","_kad_post_content_style":"","_kad_post_vertical_padding":"","_kad_post_feature":"","_kad_post_feature_position":"","_kad_post_header":false,"_kad_post_footer":false,"_kad_post_classname":""},"product_brand":[2040],"product_cat":[436,2569,2568,739],"product_tag":[],"class_list":{"0":"post-244541","1":"product","2":"type-product","3":"status-publish","4":"has-post-thumbnail","6":"product_brand-ontario","7":"product_cat-chovatelske-potreby-2","8":"product_cat-granule-pro-psy","9":"product_cat-krmivo-pro-psy-pro-psy-chovatelske-potreby-2","10":"product_cat-pro-psy-chovatelske-potreby-2","11":"pa_obchod-superzoo-cz","13":"first","14":"instock","15":"product-type-external","16":"entry","17":"content-bg","18":"loop-entry"},"acf":[],"yoast_head":"<!-- This site is optimized with the Yoast SEO plugin v27.4 - https:\/\/yoast.com\/product\/yoast-seo-wordpress\/ -->\n<title>Ontario Adult Large Fish &amp; Rice 2,25kg - SHOPATOA.COM<\/title>\n<meta name=\"robots\" content=\"index, follow, max-snippet:-1, max-image-preview:large, max-video-preview:-1\" \/>\n<link rel=\"canonical\" href=\"https:\/\/shopatoa.com\/cz\/ontario-adult-large-fish-rice-225kg\/\" \/>\n<meta property=\"og:locale\" content=\"cs_CZ\" \/>\n<meta property=\"og:type\" content=\"article\" \/>\n<meta property=\"og:title\" content=\"Ontario Adult Large Fish &amp; Rice 2,25kg - SHOPATOA.COM\" \/>\n<meta property=\"og:description\" content=\"Superpr\u00e9miov\u00e9 krmivo pro dosp\u011bl\u00e9 psy velk\u00fdch a ob\u0159\u00edch plemen. Hypoalergenn\u00ed receptura Hypoalergenn\u00ed receptura\u00a0s n\u00edzk\u00fdm obsahem obilovin. Vyv\u00e1\u017een\u00e9 slo\u017een\u00ed pro zdrav\u00e9 fungov\u00e1n\u00ed cel\u00e9ho organismu. U velk\u00fdch a ob\u0159\u00edch plemen je d\u016fle\u017eit\u00e1 zejm\u00e9na zdrav\u00e1 pohybov\u00e1 soustava, proto krmivo\u00a0obsahuje chondroitin a ryb\u00ed olej pro udr\u017een\u00ed v\u00fdborn\u00e9 mobility a zdrav\u00e9 klouby. Vysok\u00fd pod\u00edl\u00a0protein\u016f z ryb je d\u016fle\u017eit\u00fd pro spr\u00e1vn\u00fd...\" \/>\n<meta property=\"og:url\" content=\"https:\/\/shopatoa.com\/cz\/ontario-adult-large-fish-rice-225kg\/\" \/>\n<meta property=\"og:site_name\" content=\"SHOPATOA\" \/>\n<meta property=\"article:modified_time\" content=\"2026-01-31T16:20:27+00:00\" \/>\n<meta property=\"og:image\" content=\"https:\/\/storage.googleapis.com\/cz-shopatoa-img\/cz\/97379adc-1_40807.png\" \/>\n\t<meta property=\"og:image:width\" content=\"229\" \/>\n\t<meta property=\"og:image:height\" content=\"325\" \/>\n\t<meta property=\"og:image:type\" content=\"image\/png\" \/>\n<meta name=\"twitter:card\" content=\"summary_large_image\" \/>\n<meta name=\"twitter:label1\" content=\"Odhadovan\u00e1 doba \u010dten\u00ed\" \/>\n\t<meta name=\"twitter:data1\" content=\"1 minuta\" \/>\n<script type=\"application\/ld+json\" class=\"yoast-schema-graph\">{\"@context\":\"https:\\\/\\\/schema.org\",\"@graph\":[{\"@type\":\"WebPage\",\"@id\":\"https:\\\/\\\/shopatoa.com\\\/cz\\\/ontario-adult-large-fish-rice-225kg\\\/\",\"url\":\"https:\\\/\\\/shopatoa.com\\\/cz\\\/ontario-adult-large-fish-rice-225kg\\\/\",\"name\":\"Ontario Adult Large Fish & Rice 2,25kg - SHOPATOA.COM\",\"isPartOf\":{\"@id\":\"https:\\\/\\\/shopatoa.com\\\/cz\\\/#website\"},\"primaryImageOfPage\":{\"@id\":\"https:\\\/\\\/shopatoa.com\\\/cz\\\/ontario-adult-large-fish-rice-225kg\\\/#primaryimage\"},\"image\":{\"@id\":\"https:\\\/\\\/shopatoa.com\\\/cz\\\/ontario-adult-large-fish-rice-225kg\\\/#primaryimage\"},\"thumbnailUrl\":\"https:\\\/\\\/storage.googleapis.com\\\/cz-shopatoa-img\\\/cz\\\/97379adc-1_40807.png\",\"datePublished\":\"2025-04-02T12:35:20+00:00\",\"dateModified\":\"2026-01-31T16:20:27+00:00\",\"breadcrumb\":{\"@id\":\"https:\\\/\\\/shopatoa.com\\\/cz\\\/ontario-adult-large-fish-rice-225kg\\\/#breadcrumb\"},\"inLanguage\":\"cs\",\"potentialAction\":[{\"@type\":\"ReadAction\",\"target\":[\"https:\\\/\\\/shopatoa.com\\\/cz\\\/ontario-adult-large-fish-rice-225kg\\\/\"]}]},{\"@type\":\"ImageObject\",\"inLanguage\":\"cs\",\"@id\":\"https:\\\/\\\/shopatoa.com\\\/cz\\\/ontario-adult-large-fish-rice-225kg\\\/#primaryimage\",\"url\":\"https:\\\/\\\/storage.googleapis.com\\\/cz-shopatoa-img\\\/cz\\\/97379adc-1_40807.png\",\"contentUrl\":\"https:\\\/\\\/storage.googleapis.com\\\/cz-shopatoa-img\\\/cz\\\/97379adc-1_40807.png\",\"width\":229,\"height\":325},{\"@type\":\"BreadcrumbList\",\"@id\":\"https:\\\/\\\/shopatoa.com\\\/cz\\\/ontario-adult-large-fish-rice-225kg\\\/#breadcrumb\",\"itemListElement\":[{\"@type\":\"ListItem\",\"position\":1,\"name\":\"Dom\u016f\",\"item\":\"https:\\\/\\\/shopatoa.com\\\/cz\\\/\"},{\"@type\":\"ListItem\",\"position\":2,\"name\":\"Produkty\",\"item\":\"https:\\\/\\\/shopatoa.com\\\/cz\\\/shop\\\/\"},{\"@type\":\"ListItem\",\"position\":3,\"name\":\"Chovatelsk\u00e9 pot\u0159eby\",\"item\":\"https:\\\/\\\/shopatoa.com\\\/cz\\\/chovatelske-potreby-2\\\/\"},{\"@type\":\"ListItem\",\"position\":4,\"name\":\"Pro psy\",\"item\":\"https:\\\/\\\/shopatoa.com\\\/cz\\\/pro-psy-chovatelske-potreby-2\\\/\"},{\"@type\":\"ListItem\",\"position\":5,\"name\":\"Krmivo pro psy\",\"item\":\"https:\\\/\\\/shopatoa.com\\\/cz\\\/krmivo-pro-psy-pro-psy-chovatelske-potreby-2\\\/\"},{\"@type\":\"ListItem\",\"position\":6,\"name\":\"Granule pro psy\",\"item\":\"https:\\\/\\\/shopatoa.com\\\/cz\\\/granule-pro-psy\\\/\"},{\"@type\":\"ListItem\",\"position\":7,\"name\":\"Ontario Adult Large Fish &amp; Rice 2,25kg\"}]},{\"@type\":\"WebSite\",\"@id\":\"https:\\\/\\\/shopatoa.com\\\/cz\\\/#website\",\"url\":\"https:\\\/\\\/shopatoa.com\\\/cz\\\/\",\"name\":\"SHOPATOA\",\"description\":\"\",\"publisher\":{\"@id\":\"https:\\\/\\\/shopatoa.com\\\/cz\\\/#organization\"},\"potentialAction\":[{\"@type\":\"SearchAction\",\"target\":{\"@type\":\"EntryPoint\",\"urlTemplate\":\"https:\\\/\\\/shopatoa.com\\\/cz\\\/?s={search_term_string}\"},\"query-input\":{\"@type\":\"PropertyValueSpecification\",\"valueRequired\":true,\"valueName\":\"search_term_string\"}}],\"inLanguage\":\"cs\"},{\"@type\":\"Organization\",\"@id\":\"https:\\\/\\\/shopatoa.com\\\/cz\\\/#organization\",\"name\":\"SHOPATOA Digital s.r.o.\",\"url\":\"https:\\\/\\\/shopatoa.com\\\/cz\\\/\",\"logo\":{\"@type\":\"ImageObject\",\"inLanguage\":\"cs\",\"@id\":\"https:\\\/\\\/shopatoa.com\\\/cz\\\/#\\\/schema\\\/logo\\\/image\\\/\",\"url\":\"https:\\\/\\\/storage.googleapis.com\\\/cz-shopatoa-img\\\/cz\\\/ebccf434-shopatoa_logo.png\",\"contentUrl\":\"https:\\\/\\\/storage.googleapis.com\\\/cz-shopatoa-img\\\/cz\\\/ebccf434-shopatoa_logo.png\",\"width\":416,\"height\":63,\"caption\":\"SHOPATOA Digital s.r.o.\"},\"image\":{\"@id\":\"https:\\\/\\\/shopatoa.com\\\/cz\\\/#\\\/schema\\\/logo\\\/image\\\/\"}}]}<\/script>\n<!-- \/ Yoast SEO plugin. -->","yoast_head_json":{"title":"Ontario Adult Large Fish & Rice 2,25kg - SHOPATOA.COM","robots":{"index":"index","follow":"follow","max-snippet":"max-snippet:-1","max-image-preview":"max-image-preview:large","max-video-preview":"max-video-preview:-1"},"canonical":"https:\/\/shopatoa.com\/cz\/ontario-adult-large-fish-rice-225kg\/","og_locale":"cs_CZ","og_type":"article","og_title":"Ontario Adult Large Fish & Rice 2,25kg - SHOPATOA.COM","og_description":"Superpr\u00e9miov\u00e9 krmivo pro dosp\u011bl\u00e9 psy velk\u00fdch a ob\u0159\u00edch plemen. Hypoalergenn\u00ed receptura Hypoalergenn\u00ed receptura\u00a0s n\u00edzk\u00fdm obsahem obilovin. Vyv\u00e1\u017een\u00e9 slo\u017een\u00ed pro zdrav\u00e9 fungov\u00e1n\u00ed cel\u00e9ho organismu. U velk\u00fdch a ob\u0159\u00edch plemen je d\u016fle\u017eit\u00e1 zejm\u00e9na zdrav\u00e1 pohybov\u00e1 soustava, proto krmivo\u00a0obsahuje chondroitin a ryb\u00ed olej pro udr\u017een\u00ed v\u00fdborn\u00e9 mobility a zdrav\u00e9 klouby. Vysok\u00fd pod\u00edl\u00a0protein\u016f z ryb je d\u016fle\u017eit\u00fd pro spr\u00e1vn\u00fd...","og_url":"https:\/\/shopatoa.com\/cz\/ontario-adult-large-fish-rice-225kg\/","og_site_name":"SHOPATOA","article_modified_time":"2026-01-31T16:20:27+00:00","og_image":[{"width":229,"height":325,"url":"https:\/\/storage.googleapis.com\/cz-shopatoa-img\/cz\/97379adc-1_40807.png","type":"image\/png"}],"twitter_card":"summary_large_image","twitter_misc":{"Odhadovan\u00e1 doba \u010dten\u00ed":"1 minuta"},"schema":{"@context":"https:\/\/schema.org","@graph":[{"@type":"WebPage","@id":"https:\/\/shopatoa.com\/cz\/ontario-adult-large-fish-rice-225kg\/","url":"https:\/\/shopatoa.com\/cz\/ontario-adult-large-fish-rice-225kg\/","name":"Ontario Adult Large Fish & Rice 2,25kg - SHOPATOA.COM","isPartOf":{"@id":"https:\/\/shopatoa.com\/cz\/#website"},"primaryImageOfPage":{"@id":"https:\/\/shopatoa.com\/cz\/ontario-adult-large-fish-rice-225kg\/#primaryimage"},"image":{"@id":"https:\/\/shopatoa.com\/cz\/ontario-adult-large-fish-rice-225kg\/#primaryimage"},"thumbnailUrl":"https:\/\/storage.googleapis.com\/cz-shopatoa-img\/cz\/97379adc-1_40807.png","datePublished":"2025-04-02T12:35:20+00:00","dateModified":"2026-01-31T16:20:27+00:00","breadcrumb":{"@id":"https:\/\/shopatoa.com\/cz\/ontario-adult-large-fish-rice-225kg\/#breadcrumb"},"inLanguage":"cs","potentialAction":[{"@type":"ReadAction","target":["https:\/\/shopatoa.com\/cz\/ontario-adult-large-fish-rice-225kg\/"]}]},{"@type":"ImageObject","inLanguage":"cs","@id":"https:\/\/shopatoa.com\/cz\/ontario-adult-large-fish-rice-225kg\/#primaryimage","url":"https:\/\/storage.googleapis.com\/cz-shopatoa-img\/cz\/97379adc-1_40807.png","contentUrl":"https:\/\/storage.googleapis.com\/cz-shopatoa-img\/cz\/97379adc-1_40807.png","width":229,"height":325},{"@type":"BreadcrumbList","@id":"https:\/\/shopatoa.com\/cz\/ontario-adult-large-fish-rice-225kg\/#breadcrumb","itemListElement":[{"@type":"ListItem","position":1,"name":"Dom\u016f","item":"https:\/\/shopatoa.com\/cz\/"},{"@type":"ListItem","position":2,"name":"Produkty","item":"https:\/\/shopatoa.com\/cz\/shop\/"},{"@type":"ListItem","position":3,"name":"Chovatelsk\u00e9 pot\u0159eby","item":"https:\/\/shopatoa.com\/cz\/chovatelske-potreby-2\/"},{"@type":"ListItem","position":4,"name":"Pro psy","item":"https:\/\/shopatoa.com\/cz\/pro-psy-chovatelske-potreby-2\/"},{"@type":"ListItem","position":5,"name":"Krmivo pro psy","item":"https:\/\/shopatoa.com\/cz\/krmivo-pro-psy-pro-psy-chovatelske-potreby-2\/"},{"@type":"ListItem","position":6,"name":"Granule pro psy","item":"https:\/\/shopatoa.com\/cz\/granule-pro-psy\/"},{"@type":"ListItem","position":7,"name":"Ontario Adult Large Fish &amp; Rice 2,25kg"}]},{"@type":"WebSite","@id":"https:\/\/shopatoa.com\/cz\/#website","url":"https:\/\/shopatoa.com\/cz\/","name":"SHOPATOA","description":"","publisher":{"@id":"https:\/\/shopatoa.com\/cz\/#organization"},"potentialAction":[{"@type":"SearchAction","target":{"@type":"EntryPoint","urlTemplate":"https:\/\/shopatoa.com\/cz\/?s={search_term_string}"},"query-input":{"@type":"PropertyValueSpecification","valueRequired":true,"valueName":"search_term_string"}}],"inLanguage":"cs"},{"@type":"Organization","@id":"https:\/\/shopatoa.com\/cz\/#organization","name":"SHOPATOA Digital s.r.o.","url":"https:\/\/shopatoa.com\/cz\/","logo":{"@type":"ImageObject","inLanguage":"cs","@id":"https:\/\/shopatoa.com\/cz\/#\/schema\/logo\/image\/","url":"https:\/\/storage.googleapis.com\/cz-shopatoa-img\/cz\/ebccf434-shopatoa_logo.png","contentUrl":"https:\/\/storage.googleapis.com\/cz-shopatoa-img\/cz\/ebccf434-shopatoa_logo.png","width":416,"height":63,"caption":"SHOPATOA Digital s.r.o."},"image":{"@id":"https:\/\/shopatoa.com\/cz\/#\/schema\/logo\/image\/"}}]}},"_links":{"self":[{"href":"https:\/\/shopatoa.com\/cz\/wp-json\/wp\/v2\/product\/244541","targetHints":{"allow":["GET"]}}],"collection":[{"href":"https:\/\/shopatoa.com\/cz\/wp-json\/wp\/v2\/product"}],"about":[{"href":"https:\/\/shopatoa.com\/cz\/wp-json\/wp\/v2\/types\/product"}],"replies":[{"embeddable":true,"href":"https:\/\/shopatoa.com\/cz\/wp-json\/wp\/v2\/comments?post=244541"}],"wp:featuredmedia":[{"embeddable":true,"href":"https:\/\/shopatoa.com\/cz\/wp-json\/wp\/v2\/media\/244542"}],"wp:attachment":[{"href":"https:\/\/shopatoa.com\/cz\/wp-json\/wp\/v2\/media?parent=244541"}],"wp:term":[{"taxonomy":"product_brand","embeddable":true,"href":"https:\/\/shopatoa.com\/cz\/wp-json\/wp\/v2\/product_brand?post=244541"},{"taxonomy":"product_cat","embeddable":true,"href":"https:\/\/shopatoa.com\/cz\/wp-json\/wp\/v2\/product_cat?post=244541"},{"taxonomy":"product_tag","embeddable":true,"href":"https:\/\/shopatoa.com\/cz\/wp-json\/wp\/v2\/product_tag?post=244541"}],"curies":[{"name":"wp","href":"https:\/\/api.w.org\/{rel}","templated":true}]}}