{"id":244628,"date":"2025-04-02T14:50:33","date_gmt":"2025-04-02T12:50:33","guid":{"rendered":"https:\/\/shopatoa.com\/cz\/?post_type=product&#038;p=244628"},"modified":"2026-01-31T16:59:44","modified_gmt":"2026-01-31T15:59:44","slug":"catit-senses-2-0-digger","status":"publish","type":"product","link":"https:\/\/shopatoa.com\/cz\/catit-senses-2-0-digger\/","title":{"rendered":"Catit Senses 2.0 Digger"},"content":{"rendered":"<p>Interaktivn\u00ed\u00a0podava\u010d pamlsk\u016f pro ko\u010dky<\/p>\n<p>\u00a0<\/p>\n<p>Povzbuzuje ko\u010dky aktivn\u011b z\u00edskat obl\u00edben\u00fd pamlsek z\u00e1bavn\u00fdm a p\u0159irozen\u00fdm zp\u016fsobem. Do ka\u017ed\u00e9 misti\u010dky nasypte obl\u00edben\u00e9 granulky, nebo pamlsky a pak u\u017e jen sledujte, jak se va\u0161e ko\u010dka sna\u017e\u00ed z misti\u010dek svoji obl\u00edbenou pochoutku vydolovat.<\/p>\n<p>\u00a0<\/p>\n<p>\u00dazk\u00e9 a \u0161irok\u00e9 trubice<\/p>\n<p>Vlo\u017ete granule nebo pamlsky do jednotliv\u00fdch zkumavek.\u00a0Trubky maj\u00ed zaoblen\u00e9 konce, tak\u017ee se va\u0161\u00ed ko\u010dce budou granulky snadno dost\u00e1vat ven.<\/p>\n<p>\u00a0<\/p>\n<p>K dispozici jsou 3 kr\u00e1tk\u00e9 \u00fazk\u00e9 a 2 dlouh\u00e9 \u0161irok\u00e9 trubice, tak\u017ee m\u016f\u017eete m\u011bnit mezi jednotliv\u00fdmi \u00farovn\u011bmi obt\u00ed\u017enosti.<\/p>\n<p>\u00a0<\/p>\n<p>Stabiln\u00ed z\u00e1kladna se \u0161ikm\u00fdm povrchem<\/p>\n<p>\u0160ikm\u00e1 plocha m\u016f\u017ee b\u00fdt pou\u017eita na dal\u0161\u00ed granule. Mo\u017en\u00e9 je tak\u00e9 jej\u00ed vyu\u017eit\u00ed, jako misky na krmivo.\u00a0Ko\u010dka nejprve p\u0159ijme granule, ke kter\u00fdm m\u00e1 nejsnadn\u011bj\u0161\u00ed p\u0159\u00edstup, pot\u00e9 se pust\u00ed do granulek v trubic\u00edch.<\/p>\n<p>\u00a0<\/p>\n<p>Snadn\u00e9 \u010di\u0161t\u011bn\u00ed<\/p>\n<p>Podava\u010d na pamlsky lze snadno rozebrat a vy\u010distit. Doporu\u010dujeme ru\u010dn\u00ed myt\u00ed ka\u017ed\u00e9 \u010d\u00e1sti p\u0159\u00edrodn\u00edm m\u00fddlem, bez chemik\u00e1li\u00ed nebo&#8230;<\/p>\n","protected":false},"excerpt":{"rendered":"<p>Interaktivn\u00ed\u00a0podava\u010d pamlsk\u016f pro ko\u010dky \u00a0 Povzbuzuje ko\u010dky aktivn\u011b z\u00edskat obl\u00edben\u00fd pamlsek z\u00e1bavn\u00fdm a p\u0159irozen\u00fdm zp\u016fsobem. Do ka\u017ed\u00e9 misti\u010dky nasypte obl\u00edben\u00e9 granulky, nebo pamlsky a pak u\u017e jen sledujte, jak se va\u0161e ko\u010dka sna\u017e\u00ed z misti\u010dek svoji obl\u00edbenou pochoutku vydolovat. \u00a0 \u00dazk\u00e9 a \u0161irok\u00e9 trubice Vlo\u017ete granule nebo pamlsky do jednotliv\u00fdch zkumavek.\u00a0Trubky maj\u00ed zaoblen\u00e9 konce, tak\u017ee&#8230;<\/p>\n","protected":false},"featured_media":244629,"comment_status":"closed","ping_status":"open","template":"","meta":{"_acf_changed":false,"_kadence_starter_templates_imported_post":false,"_kad_post_transparent":"","_kad_post_title":"","_kad_post_layout":"","_kad_post_sidebar_id":"","_kad_post_content_style":"","_kad_post_vertical_padding":"","_kad_post_feature":"","_kad_post_feature_position":"","_kad_post_header":false,"_kad_post_footer":false,"_kad_post_classname":""},"product_brand":[2532],"product_cat":[153,2642],"product_tag":[],"class_list":{"0":"post-244628","1":"product","2":"type-product","3":"status-publish","4":"has-post-thumbnail","6":"product_brand-cat-it","7":"product_cat-hobby","8":"product_cat-zabava","9":"pa_obchod-superzoo-cz","11":"first","12":"instock","13":"product-type-external","14":"entry","15":"content-bg","16":"loop-entry"},"acf":[],"yoast_head":"<!-- This site is optimized with the Yoast SEO plugin v27.4 - https:\/\/yoast.com\/product\/yoast-seo-wordpress\/ -->\n<title>Catit Senses 2.0 Digger - SHOPATOA.COM<\/title>\n<meta name=\"robots\" content=\"index, follow, max-snippet:-1, max-image-preview:large, max-video-preview:-1\" \/>\n<link rel=\"canonical\" href=\"https:\/\/shopatoa.com\/cz\/catit-senses-2-0-digger\/\" \/>\n<meta property=\"og:locale\" content=\"cs_CZ\" \/>\n<meta property=\"og:type\" content=\"article\" \/>\n<meta property=\"og:title\" content=\"Catit Senses 2.0 Digger - SHOPATOA.COM\" \/>\n<meta property=\"og:description\" content=\"Interaktivn\u00ed\u00a0podava\u010d pamlsk\u016f pro ko\u010dky \u00a0 Povzbuzuje ko\u010dky aktivn\u011b z\u00edskat obl\u00edben\u00fd pamlsek z\u00e1bavn\u00fdm a p\u0159irozen\u00fdm zp\u016fsobem. Do ka\u017ed\u00e9 misti\u010dky nasypte obl\u00edben\u00e9 granulky, nebo pamlsky a pak u\u017e jen sledujte, jak se va\u0161e ko\u010dka sna\u017e\u00ed z misti\u010dek svoji obl\u00edbenou pochoutku vydolovat. \u00a0 \u00dazk\u00e9 a \u0161irok\u00e9 trubice Vlo\u017ete granule nebo pamlsky do jednotliv\u00fdch zkumavek.\u00a0Trubky maj\u00ed zaoblen\u00e9 konce, tak\u017ee...\" \/>\n<meta property=\"og:url\" content=\"https:\/\/shopatoa.com\/cz\/catit-senses-2-0-digger\/\" \/>\n<meta property=\"og:site_name\" content=\"SHOPATOA\" \/>\n<meta property=\"article:modified_time\" content=\"2026-01-31T15:59:44+00:00\" \/>\n<meta property=\"og:image\" content=\"https:\/\/storage.googleapis.com\/cz-shopatoa-img\/cz\/d06d1410-1_38392.jpg\" \/>\n\t<meta property=\"og:image:width\" content=\"600\" \/>\n\t<meta property=\"og:image:height\" content=\"600\" \/>\n\t<meta property=\"og:image:type\" content=\"image\/jpeg\" \/>\n<meta name=\"twitter:card\" content=\"summary_large_image\" \/>\n<meta name=\"twitter:label1\" content=\"Odhadovan\u00e1 doba \u010dten\u00ed\" \/>\n\t<meta name=\"twitter:data1\" content=\"1 minuta\" \/>\n<script type=\"application\/ld+json\" class=\"yoast-schema-graph\">{\"@context\":\"https:\\\/\\\/schema.org\",\"@graph\":[{\"@type\":\"WebPage\",\"@id\":\"https:\\\/\\\/shopatoa.com\\\/cz\\\/catit-senses-2-0-digger\\\/\",\"url\":\"https:\\\/\\\/shopatoa.com\\\/cz\\\/catit-senses-2-0-digger\\\/\",\"name\":\"Catit Senses 2.0 Digger - SHOPATOA.COM\",\"isPartOf\":{\"@id\":\"https:\\\/\\\/shopatoa.com\\\/cz\\\/#website\"},\"primaryImageOfPage\":{\"@id\":\"https:\\\/\\\/shopatoa.com\\\/cz\\\/catit-senses-2-0-digger\\\/#primaryimage\"},\"image\":{\"@id\":\"https:\\\/\\\/shopatoa.com\\\/cz\\\/catit-senses-2-0-digger\\\/#primaryimage\"},\"thumbnailUrl\":\"https:\\\/\\\/storage.googleapis.com\\\/cz-shopatoa-img\\\/cz\\\/d06d1410-1_38392.jpg\",\"datePublished\":\"2025-04-02T12:50:33+00:00\",\"dateModified\":\"2026-01-31T15:59:44+00:00\",\"breadcrumb\":{\"@id\":\"https:\\\/\\\/shopatoa.com\\\/cz\\\/catit-senses-2-0-digger\\\/#breadcrumb\"},\"inLanguage\":\"cs\",\"potentialAction\":[{\"@type\":\"ReadAction\",\"target\":[\"https:\\\/\\\/shopatoa.com\\\/cz\\\/catit-senses-2-0-digger\\\/\"]}]},{\"@type\":\"ImageObject\",\"inLanguage\":\"cs\",\"@id\":\"https:\\\/\\\/shopatoa.com\\\/cz\\\/catit-senses-2-0-digger\\\/#primaryimage\",\"url\":\"https:\\\/\\\/storage.googleapis.com\\\/cz-shopatoa-img\\\/cz\\\/d06d1410-1_38392.jpg\",\"contentUrl\":\"https:\\\/\\\/storage.googleapis.com\\\/cz-shopatoa-img\\\/cz\\\/d06d1410-1_38392.jpg\",\"width\":600,\"height\":600},{\"@type\":\"BreadcrumbList\",\"@id\":\"https:\\\/\\\/shopatoa.com\\\/cz\\\/catit-senses-2-0-digger\\\/#breadcrumb\",\"itemListElement\":[{\"@type\":\"ListItem\",\"position\":1,\"name\":\"Dom\u016f\",\"item\":\"https:\\\/\\\/shopatoa.com\\\/cz\\\/\"},{\"@type\":\"ListItem\",\"position\":2,\"name\":\"Produkty\",\"item\":\"https:\\\/\\\/shopatoa.com\\\/cz\\\/shop\\\/\"},{\"@type\":\"ListItem\",\"position\":3,\"name\":\"Hobby\",\"item\":\"https:\\\/\\\/shopatoa.com\\\/cz\\\/hobby\\\/\"},{\"@type\":\"ListItem\",\"position\":4,\"name\":\"Z\u00e1bava\",\"item\":\"https:\\\/\\\/shopatoa.com\\\/cz\\\/zabava\\\/\"},{\"@type\":\"ListItem\",\"position\":5,\"name\":\"Catit Senses 2.0 Digger\"}]},{\"@type\":\"WebSite\",\"@id\":\"https:\\\/\\\/shopatoa.com\\\/cz\\\/#website\",\"url\":\"https:\\\/\\\/shopatoa.com\\\/cz\\\/\",\"name\":\"SHOPATOA\",\"description\":\"\",\"publisher\":{\"@id\":\"https:\\\/\\\/shopatoa.com\\\/cz\\\/#organization\"},\"potentialAction\":[{\"@type\":\"SearchAction\",\"target\":{\"@type\":\"EntryPoint\",\"urlTemplate\":\"https:\\\/\\\/shopatoa.com\\\/cz\\\/?s={search_term_string}\"},\"query-input\":{\"@type\":\"PropertyValueSpecification\",\"valueRequired\":true,\"valueName\":\"search_term_string\"}}],\"inLanguage\":\"cs\"},{\"@type\":\"Organization\",\"@id\":\"https:\\\/\\\/shopatoa.com\\\/cz\\\/#organization\",\"name\":\"SHOPATOA Digital s.r.o.\",\"url\":\"https:\\\/\\\/shopatoa.com\\\/cz\\\/\",\"logo\":{\"@type\":\"ImageObject\",\"inLanguage\":\"cs\",\"@id\":\"https:\\\/\\\/shopatoa.com\\\/cz\\\/#\\\/schema\\\/logo\\\/image\\\/\",\"url\":\"https:\\\/\\\/storage.googleapis.com\\\/cz-shopatoa-img\\\/cz\\\/ebccf434-shopatoa_logo.png\",\"contentUrl\":\"https:\\\/\\\/storage.googleapis.com\\\/cz-shopatoa-img\\\/cz\\\/ebccf434-shopatoa_logo.png\",\"width\":416,\"height\":63,\"caption\":\"SHOPATOA Digital s.r.o.\"},\"image\":{\"@id\":\"https:\\\/\\\/shopatoa.com\\\/cz\\\/#\\\/schema\\\/logo\\\/image\\\/\"}}]}<\/script>\n<!-- \/ Yoast SEO plugin. -->","yoast_head_json":{"title":"Catit Senses 2.0 Digger - SHOPATOA.COM","robots":{"index":"index","follow":"follow","max-snippet":"max-snippet:-1","max-image-preview":"max-image-preview:large","max-video-preview":"max-video-preview:-1"},"canonical":"https:\/\/shopatoa.com\/cz\/catit-senses-2-0-digger\/","og_locale":"cs_CZ","og_type":"article","og_title":"Catit Senses 2.0 Digger - SHOPATOA.COM","og_description":"Interaktivn\u00ed\u00a0podava\u010d pamlsk\u016f pro ko\u010dky \u00a0 Povzbuzuje ko\u010dky aktivn\u011b z\u00edskat obl\u00edben\u00fd pamlsek z\u00e1bavn\u00fdm a p\u0159irozen\u00fdm zp\u016fsobem. Do ka\u017ed\u00e9 misti\u010dky nasypte obl\u00edben\u00e9 granulky, nebo pamlsky a pak u\u017e jen sledujte, jak se va\u0161e ko\u010dka sna\u017e\u00ed z misti\u010dek svoji obl\u00edbenou pochoutku vydolovat. \u00a0 \u00dazk\u00e9 a \u0161irok\u00e9 trubice Vlo\u017ete granule nebo pamlsky do jednotliv\u00fdch zkumavek.\u00a0Trubky maj\u00ed zaoblen\u00e9 konce, tak\u017ee...","og_url":"https:\/\/shopatoa.com\/cz\/catit-senses-2-0-digger\/","og_site_name":"SHOPATOA","article_modified_time":"2026-01-31T15:59:44+00:00","og_image":[{"width":600,"height":600,"url":"https:\/\/storage.googleapis.com\/cz-shopatoa-img\/cz\/d06d1410-1_38392.jpg","type":"image\/jpeg"}],"twitter_card":"summary_large_image","twitter_misc":{"Odhadovan\u00e1 doba \u010dten\u00ed":"1 minuta"},"schema":{"@context":"https:\/\/schema.org","@graph":[{"@type":"WebPage","@id":"https:\/\/shopatoa.com\/cz\/catit-senses-2-0-digger\/","url":"https:\/\/shopatoa.com\/cz\/catit-senses-2-0-digger\/","name":"Catit Senses 2.0 Digger - SHOPATOA.COM","isPartOf":{"@id":"https:\/\/shopatoa.com\/cz\/#website"},"primaryImageOfPage":{"@id":"https:\/\/shopatoa.com\/cz\/catit-senses-2-0-digger\/#primaryimage"},"image":{"@id":"https:\/\/shopatoa.com\/cz\/catit-senses-2-0-digger\/#primaryimage"},"thumbnailUrl":"https:\/\/storage.googleapis.com\/cz-shopatoa-img\/cz\/d06d1410-1_38392.jpg","datePublished":"2025-04-02T12:50:33+00:00","dateModified":"2026-01-31T15:59:44+00:00","breadcrumb":{"@id":"https:\/\/shopatoa.com\/cz\/catit-senses-2-0-digger\/#breadcrumb"},"inLanguage":"cs","potentialAction":[{"@type":"ReadAction","target":["https:\/\/shopatoa.com\/cz\/catit-senses-2-0-digger\/"]}]},{"@type":"ImageObject","inLanguage":"cs","@id":"https:\/\/shopatoa.com\/cz\/catit-senses-2-0-digger\/#primaryimage","url":"https:\/\/storage.googleapis.com\/cz-shopatoa-img\/cz\/d06d1410-1_38392.jpg","contentUrl":"https:\/\/storage.googleapis.com\/cz-shopatoa-img\/cz\/d06d1410-1_38392.jpg","width":600,"height":600},{"@type":"BreadcrumbList","@id":"https:\/\/shopatoa.com\/cz\/catit-senses-2-0-digger\/#breadcrumb","itemListElement":[{"@type":"ListItem","position":1,"name":"Dom\u016f","item":"https:\/\/shopatoa.com\/cz\/"},{"@type":"ListItem","position":2,"name":"Produkty","item":"https:\/\/shopatoa.com\/cz\/shop\/"},{"@type":"ListItem","position":3,"name":"Hobby","item":"https:\/\/shopatoa.com\/cz\/hobby\/"},{"@type":"ListItem","position":4,"name":"Z\u00e1bava","item":"https:\/\/shopatoa.com\/cz\/zabava\/"},{"@type":"ListItem","position":5,"name":"Catit Senses 2.0 Digger"}]},{"@type":"WebSite","@id":"https:\/\/shopatoa.com\/cz\/#website","url":"https:\/\/shopatoa.com\/cz\/","name":"SHOPATOA","description":"","publisher":{"@id":"https:\/\/shopatoa.com\/cz\/#organization"},"potentialAction":[{"@type":"SearchAction","target":{"@type":"EntryPoint","urlTemplate":"https:\/\/shopatoa.com\/cz\/?s={search_term_string}"},"query-input":{"@type":"PropertyValueSpecification","valueRequired":true,"valueName":"search_term_string"}}],"inLanguage":"cs"},{"@type":"Organization","@id":"https:\/\/shopatoa.com\/cz\/#organization","name":"SHOPATOA Digital s.r.o.","url":"https:\/\/shopatoa.com\/cz\/","logo":{"@type":"ImageObject","inLanguage":"cs","@id":"https:\/\/shopatoa.com\/cz\/#\/schema\/logo\/image\/","url":"https:\/\/storage.googleapis.com\/cz-shopatoa-img\/cz\/ebccf434-shopatoa_logo.png","contentUrl":"https:\/\/storage.googleapis.com\/cz-shopatoa-img\/cz\/ebccf434-shopatoa_logo.png","width":416,"height":63,"caption":"SHOPATOA Digital s.r.o."},"image":{"@id":"https:\/\/shopatoa.com\/cz\/#\/schema\/logo\/image\/"}}]}},"_links":{"self":[{"href":"https:\/\/shopatoa.com\/cz\/wp-json\/wp\/v2\/product\/244628","targetHints":{"allow":["GET"]}}],"collection":[{"href":"https:\/\/shopatoa.com\/cz\/wp-json\/wp\/v2\/product"}],"about":[{"href":"https:\/\/shopatoa.com\/cz\/wp-json\/wp\/v2\/types\/product"}],"replies":[{"embeddable":true,"href":"https:\/\/shopatoa.com\/cz\/wp-json\/wp\/v2\/comments?post=244628"}],"wp:featuredmedia":[{"embeddable":true,"href":"https:\/\/shopatoa.com\/cz\/wp-json\/wp\/v2\/media\/244629"}],"wp:attachment":[{"href":"https:\/\/shopatoa.com\/cz\/wp-json\/wp\/v2\/media?parent=244628"}],"wp:term":[{"taxonomy":"product_brand","embeddable":true,"href":"https:\/\/shopatoa.com\/cz\/wp-json\/wp\/v2\/product_brand?post=244628"},{"taxonomy":"product_cat","embeddable":true,"href":"https:\/\/shopatoa.com\/cz\/wp-json\/wp\/v2\/product_cat?post=244628"},{"taxonomy":"product_tag","embeddable":true,"href":"https:\/\/shopatoa.com\/cz\/wp-json\/wp\/v2\/product_tag?post=244628"}],"curies":[{"name":"wp","href":"https:\/\/api.w.org\/{rel}","templated":true}]}}