{"id":244630,"date":"2025-04-02T14:50:42","date_gmt":"2025-04-02T12:50:42","guid":{"rendered":"https:\/\/shopatoa.com\/cz\/?post_type=product&#038;p=244630"},"modified":"2026-02-02T06:01:09","modified_gmt":"2026-02-02T05:01:09","slug":"catit-senses-2-0-food-tree","status":"publish","type":"product","link":"https:\/\/shopatoa.com\/cz\/catit-senses-2-0-food-tree\/","title":{"rendered":"Catit Senses 2.0 Food Tree"},"content":{"rendered":"<p>Z\u00e1bavn\u00fd labyrint ke krmen\u00ed a hran\u00ed.<\/p>\n<p>Lybyrint\u00a0byl vylep\u0161en u\u017e\u0161\u00edm horn\u00edm otvorem a \u0161ir\u0161\u00ed z\u00e1kladnou pro v\u011bt\u0161\u00ed stabilitu<\/p>\n<p>\u00a0<\/p>\n<p>Stimuluje p\u0159irozen\u00e9\u00a0loveck\u00e9 chov\u00e1n\u00ed ko\u010dky<\/p>\n<p>Krmivo nasypan\u00e9 v z\u00e1sobn\u00edku va\u0161e ko\u010dka z\u00edsk\u00e1 hmat\u00e1n\u00edm packami na labyrint, \u010d\u00edm\u017e p\u0159i h\u0159e granule vypad\u00e1vaj\u00ed do spodn\u00edho z\u00e1sobn\u00edku.<\/p>\n<p>\u00a0<\/p>\n<p>Nov\u00fd a vylep\u0161en\u00fd design<\/p>\n<p>\u00dazk\u00fd horn\u00ed otvor zabra\u0148uje snadn\u00fd p\u0159\u00edstup k potravin\u00e1m, \u0161ir\u0161\u00ed z\u00e1kladna pro lep\u0161\u00ed stabilitu.<\/p>\n<p>\u00a0<\/p>\n<p>Z\u00e1sobn\u00edk na granule\u00a0<\/p>\n<p>\u00a0<\/p>\n<p>Propadl\u00e9\u00a0granule jsou shroma\u017e\u010fov\u00e1ny v z\u00e1sobn\u00edku, aby se p\u0159ede\u0161lo \u00faniku.<\/p>\n<p>\u00a0<\/p>\n<p>3 stupn\u011b obt\u00ed\u017enosti<\/p>\n<p>Labyrint lze nastavit na r\u016fzn\u00e9 \u00farovn\u011b obt\u00ed\u017enosti ot\u00e1\u010den\u00edm prost\u0159edn\u00edho disku a nastaven\u00edm velikosti otvor\u016f.\u00a0Pro zpest\u0159en\u00ed m\u016f\u017eete m\u011bnit i mno\u017estv\u00ed granul\u00ed, nebo m\u011bnit um\u00edst\u011bn\u00ed labyrintu v ko\u010di\u010d\u00edm teritoriu.\u00a0Pom\u00e1h\u00e1 i p\u0159i obezit\u011b ko\u010dek.<\/p>\n<p>\u00a0<\/p>\n<p>Snadn\u00e9 myt\u00ed<\/p>\n<p>Labyrint\u00a0je snadn\u00e9 rozebrat a um\u00fdt. Doporu\u010dujeme ru\u010dn\u00ed myt\u00ed ka\u017ed\u00e9 \u010d\u00e1sti, bez chemik\u00e1li\u00ed nebo abrazivn\u00edch roztok\u016f.<\/p>\n<p>\u00a0<\/p>\n<p>Kompatibiln\u00ed s celou&#8230;<\/p>\n","protected":false},"excerpt":{"rendered":"<p>Z\u00e1bavn\u00fd labyrint ke krmen\u00ed a hran\u00ed. Lybyrint\u00a0byl vylep\u0161en u\u017e\u0161\u00edm horn\u00edm otvorem a \u0161ir\u0161\u00ed z\u00e1kladnou pro v\u011bt\u0161\u00ed stabilitu \u00a0 Stimuluje p\u0159irozen\u00e9\u00a0loveck\u00e9 chov\u00e1n\u00ed ko\u010dky Krmivo nasypan\u00e9 v z\u00e1sobn\u00edku va\u0161e ko\u010dka z\u00edsk\u00e1 hmat\u00e1n\u00edm packami na labyrint, \u010d\u00edm\u017e p\u0159i h\u0159e granule vypad\u00e1vaj\u00ed do spodn\u00edho z\u00e1sobn\u00edku. \u00a0 Nov\u00fd a vylep\u0161en\u00fd design \u00dazk\u00fd horn\u00ed otvor zabra\u0148uje snadn\u00fd p\u0159\u00edstup k potravin\u00e1m, \u0161ir\u0161\u00ed&#8230;<\/p>\n","protected":false},"featured_media":244631,"comment_status":"closed","ping_status":"open","template":"","meta":{"_acf_changed":false,"_kadence_starter_templates_imported_post":false,"_kad_post_transparent":"","_kad_post_title":"","_kad_post_layout":"","_kad_post_sidebar_id":"","_kad_post_content_style":"","_kad_post_vertical_padding":"","_kad_post_feature":"","_kad_post_feature_position":"","_kad_post_header":false,"_kad_post_footer":false,"_kad_post_classname":""},"product_brand":[2532],"product_cat":[153,2642],"product_tag":[],"class_list":{"0":"post-244630","1":"product","2":"type-product","3":"status-publish","4":"has-post-thumbnail","6":"product_brand-cat-it","7":"product_cat-hobby","8":"product_cat-zabava","9":"pa_obchod-superzoo-cz","11":"first","12":"instock","13":"product-type-external","14":"entry","15":"content-bg","16":"loop-entry"},"acf":[],"yoast_head":"<!-- This site is optimized with the Yoast SEO plugin v27.4 - https:\/\/yoast.com\/product\/yoast-seo-wordpress\/ -->\n<title>Catit Senses 2.0 Food Tree - SHOPATOA.COM<\/title>\n<meta name=\"robots\" content=\"index, follow, max-snippet:-1, max-image-preview:large, max-video-preview:-1\" \/>\n<link rel=\"canonical\" href=\"https:\/\/shopatoa.com\/cz\/catit-senses-2-0-food-tree\/\" \/>\n<meta property=\"og:locale\" content=\"cs_CZ\" \/>\n<meta property=\"og:type\" content=\"article\" \/>\n<meta property=\"og:title\" content=\"Catit Senses 2.0 Food Tree - SHOPATOA.COM\" \/>\n<meta property=\"og:description\" content=\"Z\u00e1bavn\u00fd labyrint ke krmen\u00ed a hran\u00ed. Lybyrint\u00a0byl vylep\u0161en u\u017e\u0161\u00edm horn\u00edm otvorem a \u0161ir\u0161\u00ed z\u00e1kladnou pro v\u011bt\u0161\u00ed stabilitu \u00a0 Stimuluje p\u0159irozen\u00e9\u00a0loveck\u00e9 chov\u00e1n\u00ed ko\u010dky Krmivo nasypan\u00e9 v z\u00e1sobn\u00edku va\u0161e ko\u010dka z\u00edsk\u00e1 hmat\u00e1n\u00edm packami na labyrint, \u010d\u00edm\u017e p\u0159i h\u0159e granule vypad\u00e1vaj\u00ed do spodn\u00edho z\u00e1sobn\u00edku. \u00a0 Nov\u00fd a vylep\u0161en\u00fd design \u00dazk\u00fd horn\u00ed otvor zabra\u0148uje snadn\u00fd p\u0159\u00edstup k potravin\u00e1m, \u0161ir\u0161\u00ed...\" \/>\n<meta property=\"og:url\" content=\"https:\/\/shopatoa.com\/cz\/catit-senses-2-0-food-tree\/\" \/>\n<meta property=\"og:site_name\" content=\"SHOPATOA\" \/>\n<meta property=\"article:modified_time\" content=\"2026-02-02T05:01:09+00:00\" \/>\n<meta property=\"og:image\" content=\"https:\/\/storage.googleapis.com\/cz-shopatoa-img\/cz\/7a4b9d6d-1_38398.jpg\" \/>\n\t<meta property=\"og:image:width\" content=\"600\" \/>\n\t<meta property=\"og:image:height\" content=\"600\" \/>\n\t<meta property=\"og:image:type\" content=\"image\/jpeg\" \/>\n<meta name=\"twitter:card\" content=\"summary_large_image\" \/>\n<meta name=\"twitter:label1\" content=\"Odhadovan\u00e1 doba \u010dten\u00ed\" \/>\n\t<meta name=\"twitter:data1\" content=\"1 minuta\" \/>\n<script type=\"application\/ld+json\" class=\"yoast-schema-graph\">{\"@context\":\"https:\\\/\\\/schema.org\",\"@graph\":[{\"@type\":\"WebPage\",\"@id\":\"https:\\\/\\\/shopatoa.com\\\/cz\\\/catit-senses-2-0-food-tree\\\/\",\"url\":\"https:\\\/\\\/shopatoa.com\\\/cz\\\/catit-senses-2-0-food-tree\\\/\",\"name\":\"Catit Senses 2.0 Food Tree - SHOPATOA.COM\",\"isPartOf\":{\"@id\":\"https:\\\/\\\/shopatoa.com\\\/cz\\\/#website\"},\"primaryImageOfPage\":{\"@id\":\"https:\\\/\\\/shopatoa.com\\\/cz\\\/catit-senses-2-0-food-tree\\\/#primaryimage\"},\"image\":{\"@id\":\"https:\\\/\\\/shopatoa.com\\\/cz\\\/catit-senses-2-0-food-tree\\\/#primaryimage\"},\"thumbnailUrl\":\"https:\\\/\\\/storage.googleapis.com\\\/cz-shopatoa-img\\\/cz\\\/7a4b9d6d-1_38398.jpg\",\"datePublished\":\"2025-04-02T12:50:42+00:00\",\"dateModified\":\"2026-02-02T05:01:09+00:00\",\"breadcrumb\":{\"@id\":\"https:\\\/\\\/shopatoa.com\\\/cz\\\/catit-senses-2-0-food-tree\\\/#breadcrumb\"},\"inLanguage\":\"cs\",\"potentialAction\":[{\"@type\":\"ReadAction\",\"target\":[\"https:\\\/\\\/shopatoa.com\\\/cz\\\/catit-senses-2-0-food-tree\\\/\"]}]},{\"@type\":\"ImageObject\",\"inLanguage\":\"cs\",\"@id\":\"https:\\\/\\\/shopatoa.com\\\/cz\\\/catit-senses-2-0-food-tree\\\/#primaryimage\",\"url\":\"https:\\\/\\\/storage.googleapis.com\\\/cz-shopatoa-img\\\/cz\\\/7a4b9d6d-1_38398.jpg\",\"contentUrl\":\"https:\\\/\\\/storage.googleapis.com\\\/cz-shopatoa-img\\\/cz\\\/7a4b9d6d-1_38398.jpg\",\"width\":600,\"height\":600},{\"@type\":\"BreadcrumbList\",\"@id\":\"https:\\\/\\\/shopatoa.com\\\/cz\\\/catit-senses-2-0-food-tree\\\/#breadcrumb\",\"itemListElement\":[{\"@type\":\"ListItem\",\"position\":1,\"name\":\"Dom\u016f\",\"item\":\"https:\\\/\\\/shopatoa.com\\\/cz\\\/\"},{\"@type\":\"ListItem\",\"position\":2,\"name\":\"Produkty\",\"item\":\"https:\\\/\\\/shopatoa.com\\\/cz\\\/shop\\\/\"},{\"@type\":\"ListItem\",\"position\":3,\"name\":\"Hobby\",\"item\":\"https:\\\/\\\/shopatoa.com\\\/cz\\\/hobby\\\/\"},{\"@type\":\"ListItem\",\"position\":4,\"name\":\"Z\u00e1bava\",\"item\":\"https:\\\/\\\/shopatoa.com\\\/cz\\\/zabava\\\/\"},{\"@type\":\"ListItem\",\"position\":5,\"name\":\"Catit Senses 2.0 Food Tree\"}]},{\"@type\":\"WebSite\",\"@id\":\"https:\\\/\\\/shopatoa.com\\\/cz\\\/#website\",\"url\":\"https:\\\/\\\/shopatoa.com\\\/cz\\\/\",\"name\":\"SHOPATOA\",\"description\":\"\",\"publisher\":{\"@id\":\"https:\\\/\\\/shopatoa.com\\\/cz\\\/#organization\"},\"potentialAction\":[{\"@type\":\"SearchAction\",\"target\":{\"@type\":\"EntryPoint\",\"urlTemplate\":\"https:\\\/\\\/shopatoa.com\\\/cz\\\/?s={search_term_string}\"},\"query-input\":{\"@type\":\"PropertyValueSpecification\",\"valueRequired\":true,\"valueName\":\"search_term_string\"}}],\"inLanguage\":\"cs\"},{\"@type\":\"Organization\",\"@id\":\"https:\\\/\\\/shopatoa.com\\\/cz\\\/#organization\",\"name\":\"SHOPATOA Digital s.r.o.\",\"url\":\"https:\\\/\\\/shopatoa.com\\\/cz\\\/\",\"logo\":{\"@type\":\"ImageObject\",\"inLanguage\":\"cs\",\"@id\":\"https:\\\/\\\/shopatoa.com\\\/cz\\\/#\\\/schema\\\/logo\\\/image\\\/\",\"url\":\"https:\\\/\\\/storage.googleapis.com\\\/cz-shopatoa-img\\\/cz\\\/ebccf434-shopatoa_logo.png\",\"contentUrl\":\"https:\\\/\\\/storage.googleapis.com\\\/cz-shopatoa-img\\\/cz\\\/ebccf434-shopatoa_logo.png\",\"width\":416,\"height\":63,\"caption\":\"SHOPATOA Digital s.r.o.\"},\"image\":{\"@id\":\"https:\\\/\\\/shopatoa.com\\\/cz\\\/#\\\/schema\\\/logo\\\/image\\\/\"}}]}<\/script>\n<!-- \/ Yoast SEO plugin. -->","yoast_head_json":{"title":"Catit Senses 2.0 Food Tree - SHOPATOA.COM","robots":{"index":"index","follow":"follow","max-snippet":"max-snippet:-1","max-image-preview":"max-image-preview:large","max-video-preview":"max-video-preview:-1"},"canonical":"https:\/\/shopatoa.com\/cz\/catit-senses-2-0-food-tree\/","og_locale":"cs_CZ","og_type":"article","og_title":"Catit Senses 2.0 Food Tree - SHOPATOA.COM","og_description":"Z\u00e1bavn\u00fd labyrint ke krmen\u00ed a hran\u00ed. Lybyrint\u00a0byl vylep\u0161en u\u017e\u0161\u00edm horn\u00edm otvorem a \u0161ir\u0161\u00ed z\u00e1kladnou pro v\u011bt\u0161\u00ed stabilitu \u00a0 Stimuluje p\u0159irozen\u00e9\u00a0loveck\u00e9 chov\u00e1n\u00ed ko\u010dky Krmivo nasypan\u00e9 v z\u00e1sobn\u00edku va\u0161e ko\u010dka z\u00edsk\u00e1 hmat\u00e1n\u00edm packami na labyrint, \u010d\u00edm\u017e p\u0159i h\u0159e granule vypad\u00e1vaj\u00ed do spodn\u00edho z\u00e1sobn\u00edku. \u00a0 Nov\u00fd a vylep\u0161en\u00fd design \u00dazk\u00fd horn\u00ed otvor zabra\u0148uje snadn\u00fd p\u0159\u00edstup k potravin\u00e1m, \u0161ir\u0161\u00ed...","og_url":"https:\/\/shopatoa.com\/cz\/catit-senses-2-0-food-tree\/","og_site_name":"SHOPATOA","article_modified_time":"2026-02-02T05:01:09+00:00","og_image":[{"width":600,"height":600,"url":"https:\/\/storage.googleapis.com\/cz-shopatoa-img\/cz\/7a4b9d6d-1_38398.jpg","type":"image\/jpeg"}],"twitter_card":"summary_large_image","twitter_misc":{"Odhadovan\u00e1 doba \u010dten\u00ed":"1 minuta"},"schema":{"@context":"https:\/\/schema.org","@graph":[{"@type":"WebPage","@id":"https:\/\/shopatoa.com\/cz\/catit-senses-2-0-food-tree\/","url":"https:\/\/shopatoa.com\/cz\/catit-senses-2-0-food-tree\/","name":"Catit Senses 2.0 Food Tree - SHOPATOA.COM","isPartOf":{"@id":"https:\/\/shopatoa.com\/cz\/#website"},"primaryImageOfPage":{"@id":"https:\/\/shopatoa.com\/cz\/catit-senses-2-0-food-tree\/#primaryimage"},"image":{"@id":"https:\/\/shopatoa.com\/cz\/catit-senses-2-0-food-tree\/#primaryimage"},"thumbnailUrl":"https:\/\/storage.googleapis.com\/cz-shopatoa-img\/cz\/7a4b9d6d-1_38398.jpg","datePublished":"2025-04-02T12:50:42+00:00","dateModified":"2026-02-02T05:01:09+00:00","breadcrumb":{"@id":"https:\/\/shopatoa.com\/cz\/catit-senses-2-0-food-tree\/#breadcrumb"},"inLanguage":"cs","potentialAction":[{"@type":"ReadAction","target":["https:\/\/shopatoa.com\/cz\/catit-senses-2-0-food-tree\/"]}]},{"@type":"ImageObject","inLanguage":"cs","@id":"https:\/\/shopatoa.com\/cz\/catit-senses-2-0-food-tree\/#primaryimage","url":"https:\/\/storage.googleapis.com\/cz-shopatoa-img\/cz\/7a4b9d6d-1_38398.jpg","contentUrl":"https:\/\/storage.googleapis.com\/cz-shopatoa-img\/cz\/7a4b9d6d-1_38398.jpg","width":600,"height":600},{"@type":"BreadcrumbList","@id":"https:\/\/shopatoa.com\/cz\/catit-senses-2-0-food-tree\/#breadcrumb","itemListElement":[{"@type":"ListItem","position":1,"name":"Dom\u016f","item":"https:\/\/shopatoa.com\/cz\/"},{"@type":"ListItem","position":2,"name":"Produkty","item":"https:\/\/shopatoa.com\/cz\/shop\/"},{"@type":"ListItem","position":3,"name":"Hobby","item":"https:\/\/shopatoa.com\/cz\/hobby\/"},{"@type":"ListItem","position":4,"name":"Z\u00e1bava","item":"https:\/\/shopatoa.com\/cz\/zabava\/"},{"@type":"ListItem","position":5,"name":"Catit Senses 2.0 Food Tree"}]},{"@type":"WebSite","@id":"https:\/\/shopatoa.com\/cz\/#website","url":"https:\/\/shopatoa.com\/cz\/","name":"SHOPATOA","description":"","publisher":{"@id":"https:\/\/shopatoa.com\/cz\/#organization"},"potentialAction":[{"@type":"SearchAction","target":{"@type":"EntryPoint","urlTemplate":"https:\/\/shopatoa.com\/cz\/?s={search_term_string}"},"query-input":{"@type":"PropertyValueSpecification","valueRequired":true,"valueName":"search_term_string"}}],"inLanguage":"cs"},{"@type":"Organization","@id":"https:\/\/shopatoa.com\/cz\/#organization","name":"SHOPATOA Digital s.r.o.","url":"https:\/\/shopatoa.com\/cz\/","logo":{"@type":"ImageObject","inLanguage":"cs","@id":"https:\/\/shopatoa.com\/cz\/#\/schema\/logo\/image\/","url":"https:\/\/storage.googleapis.com\/cz-shopatoa-img\/cz\/ebccf434-shopatoa_logo.png","contentUrl":"https:\/\/storage.googleapis.com\/cz-shopatoa-img\/cz\/ebccf434-shopatoa_logo.png","width":416,"height":63,"caption":"SHOPATOA Digital s.r.o."},"image":{"@id":"https:\/\/shopatoa.com\/cz\/#\/schema\/logo\/image\/"}}]}},"_links":{"self":[{"href":"https:\/\/shopatoa.com\/cz\/wp-json\/wp\/v2\/product\/244630","targetHints":{"allow":["GET"]}}],"collection":[{"href":"https:\/\/shopatoa.com\/cz\/wp-json\/wp\/v2\/product"}],"about":[{"href":"https:\/\/shopatoa.com\/cz\/wp-json\/wp\/v2\/types\/product"}],"replies":[{"embeddable":true,"href":"https:\/\/shopatoa.com\/cz\/wp-json\/wp\/v2\/comments?post=244630"}],"wp:featuredmedia":[{"embeddable":true,"href":"https:\/\/shopatoa.com\/cz\/wp-json\/wp\/v2\/media\/244631"}],"wp:attachment":[{"href":"https:\/\/shopatoa.com\/cz\/wp-json\/wp\/v2\/media?parent=244630"}],"wp:term":[{"taxonomy":"product_brand","embeddable":true,"href":"https:\/\/shopatoa.com\/cz\/wp-json\/wp\/v2\/product_brand?post=244630"},{"taxonomy":"product_cat","embeddable":true,"href":"https:\/\/shopatoa.com\/cz\/wp-json\/wp\/v2\/product_cat?post=244630"},{"taxonomy":"product_tag","embeddable":true,"href":"https:\/\/shopatoa.com\/cz\/wp-json\/wp\/v2\/product_tag?post=244630"}],"curies":[{"name":"wp","href":"https:\/\/api.w.org\/{rel}","templated":true}]}}