{"id":244634,"date":"2025-04-02T14:50:59","date_gmt":"2025-04-02T12:50:59","guid":{"rendered":"https:\/\/shopatoa.com\/cz\/?post_type=product&#038;p=244634"},"modified":"2026-01-31T16:59:42","modified_gmt":"2026-01-31T15:59:42","slug":"catit-senses-2-0-wellness-center","status":"publish","type":"product","link":"https:\/\/shopatoa.com\/cz\/catit-senses-2-0-wellness-center\/","title":{"rendered":"Catit Senses 2.0 Wellness Center"},"content":{"rendered":"<p>Mas\u00e1\u017en\u00ed centrum pro ko\u010dky<\/p>\n<p>Dop\u0159ejte va\u0161\u00ed ko\u010dce mas\u00e1\u017en\u00ed centrum u v\u00e1s doma<\/p>\n<p>\u00a0<\/p>\n<p>Mas\u00e1\u017en\u00ed centrum m\u00e1 nyn\u00ed\u00a0n\u011bkolik chytr\u00fdch vylep\u0161en\u00ed, na z\u00e1klad\u011b rozs\u00e1hl\u00e9ho v\u00fdzkumu mezi u\u017eivately. Produkt je nyn\u00ed v\u011bt\u0161\u00ed, lep\u0161\u00ed a univerz\u00e1ln\u011bj\u0161\u00ed ne\u017e kdy jindy!<\/p>\n<p>\u00a0<\/p>\n<p>360 \u00b0 Relaxace a p\u00e9\u010de o vzhled<\/p>\n<p>Mas\u00e1\u017enm\u00ed centrum bylo navr\u017eeno pro dokonalou relaxaci. Centrum zahrnuje \u0161irokou \u0161k\u00e1lu kart\u00e1\u010d\u016f, textur a mas\u00e1\u017en\u00ed h\u0159ebeny. V\u0161echny funkce jsou snadno p\u0159\u00edstupn\u00e9 ze v\u0161ech stran, aby vyhovovaly ka\u017ed\u00e9 ko\u010dce.<\/p>\n<p>\u00a0<\/p>\n<p>M\u00edsto pro catnip<\/p>\n<p>Pokud m\u00e1 va\u0161e ko\u010dka r\u00e1da catnip, m\u016f\u017eete j\u00ed ho dop\u0159\u00e1t.\u00a0<\/p>\n<p>\u00a0<\/p>\n<p>Prostorn\u00fd pol\u0161t\u00e1\u0159ek<\/p>\n<p>Zelen\u00fd polstrovan\u00fd pol\u0161t\u00e1\u0159 m\u00e1 ide\u00e1ln\u00ed velikost pro odpo\u010dinek va\u0161\u00ed ko\u010dky. Pol\u0161t\u00e1\u0159 je opat\u0159en\u00fd\u00a0such\u00fdm zipem samolepic\u00edmi p\u00e1sky pro zabr\u00e1n\u011bn\u00ed pohybu.<\/p>\n<p>\u00a0<\/p>\n<p>Ergonomick\u00e1 z\u00e1kladna s mas\u00e1\u017en\u00edmi h\u0159ebeny<\/p>\n<p>Mas\u00e1\u017en\u00ed\u00a0centrum m\u00e1 n\u00edzkou ergonomicky tvarovanou z\u00e1kladnu s vlnit\u00fdmi mas\u00e1\u017en\u00edmi h\u0159ebeny po obou stran\u00e1ch. Ty budou pom\u00e1hat uspokojit ko\u010dku, kter\u00e1 pot\u0159ebuje po\u0161kr\u00e1bat, nebo&#8230;<\/p>\n","protected":false},"excerpt":{"rendered":"<p>Mas\u00e1\u017en\u00ed centrum pro ko\u010dky Dop\u0159ejte va\u0161\u00ed ko\u010dce mas\u00e1\u017en\u00ed centrum u v\u00e1s doma \u00a0 Mas\u00e1\u017en\u00ed centrum m\u00e1 nyn\u00ed\u00a0n\u011bkolik chytr\u00fdch vylep\u0161en\u00ed, na z\u00e1klad\u011b rozs\u00e1hl\u00e9ho v\u00fdzkumu mezi u\u017eivately. Produkt je nyn\u00ed v\u011bt\u0161\u00ed, lep\u0161\u00ed a univerz\u00e1ln\u011bj\u0161\u00ed ne\u017e kdy jindy! \u00a0 360 \u00b0 Relaxace a p\u00e9\u010de o vzhled Mas\u00e1\u017enm\u00ed centrum bylo navr\u017eeno pro dokonalou relaxaci. Centrum zahrnuje \u0161irokou \u0161k\u00e1lu kart\u00e1\u010d\u016f,&#8230;<\/p>\n","protected":false},"featured_media":244635,"comment_status":"closed","ping_status":"open","template":"","meta":{"_acf_changed":false,"_kadence_starter_templates_imported_post":false,"_kad_post_transparent":"","_kad_post_title":"","_kad_post_layout":"","_kad_post_sidebar_id":"","_kad_post_content_style":"","_kad_post_vertical_padding":"","_kad_post_feature":"","_kad_post_feature_position":"","_kad_post_header":false,"_kad_post_footer":false,"_kad_post_classname":""},"product_brand":[2532],"product_cat":[153,2642],"product_tag":[],"class_list":{"0":"post-244634","1":"product","2":"type-product","3":"status-publish","4":"has-post-thumbnail","6":"product_brand-cat-it","7":"product_cat-hobby","8":"product_cat-zabava","9":"pa_obchod-superzoo-cz","11":"first","12":"instock","13":"product-type-external","14":"entry","15":"content-bg","16":"loop-entry"},"acf":[],"yoast_head":"<!-- This site is optimized with the Yoast SEO plugin v27.4 - https:\/\/yoast.com\/product\/yoast-seo-wordpress\/ -->\n<title>Catit Senses 2.0 Wellness Center - SHOPATOA.COM<\/title>\n<meta name=\"robots\" content=\"index, follow, max-snippet:-1, max-image-preview:large, max-video-preview:-1\" \/>\n<link rel=\"canonical\" href=\"https:\/\/shopatoa.com\/cz\/catit-senses-2-0-wellness-center\/\" \/>\n<meta property=\"og:locale\" content=\"cs_CZ\" \/>\n<meta property=\"og:type\" content=\"article\" \/>\n<meta property=\"og:title\" content=\"Catit Senses 2.0 Wellness Center - SHOPATOA.COM\" \/>\n<meta property=\"og:description\" content=\"Mas\u00e1\u017en\u00ed centrum pro ko\u010dky Dop\u0159ejte va\u0161\u00ed ko\u010dce mas\u00e1\u017en\u00ed centrum u v\u00e1s doma \u00a0 Mas\u00e1\u017en\u00ed centrum m\u00e1 nyn\u00ed\u00a0n\u011bkolik chytr\u00fdch vylep\u0161en\u00ed, na z\u00e1klad\u011b rozs\u00e1hl\u00e9ho v\u00fdzkumu mezi u\u017eivately. Produkt je nyn\u00ed v\u011bt\u0161\u00ed, lep\u0161\u00ed a univerz\u00e1ln\u011bj\u0161\u00ed ne\u017e kdy jindy! \u00a0 360 \u00b0 Relaxace a p\u00e9\u010de o vzhled Mas\u00e1\u017enm\u00ed centrum bylo navr\u017eeno pro dokonalou relaxaci. Centrum zahrnuje \u0161irokou \u0161k\u00e1lu kart\u00e1\u010d\u016f,...\" \/>\n<meta property=\"og:url\" content=\"https:\/\/shopatoa.com\/cz\/catit-senses-2-0-wellness-center\/\" \/>\n<meta property=\"og:site_name\" content=\"SHOPATOA\" \/>\n<meta property=\"article:modified_time\" content=\"2026-01-31T15:59:42+00:00\" \/>\n<meta property=\"og:image\" content=\"https:\/\/storage.googleapis.com\/cz-shopatoa-img\/cz\/9af86677-1_38430.jpg\" \/>\n\t<meta property=\"og:image:width\" content=\"600\" \/>\n\t<meta property=\"og:image:height\" content=\"600\" \/>\n\t<meta property=\"og:image:type\" content=\"image\/jpeg\" \/>\n<meta name=\"twitter:card\" content=\"summary_large_image\" \/>\n<meta name=\"twitter:label1\" content=\"Odhadovan\u00e1 doba \u010dten\u00ed\" \/>\n\t<meta name=\"twitter:data1\" content=\"1 minuta\" \/>\n<script type=\"application\/ld+json\" class=\"yoast-schema-graph\">{\"@context\":\"https:\\\/\\\/schema.org\",\"@graph\":[{\"@type\":\"WebPage\",\"@id\":\"https:\\\/\\\/shopatoa.com\\\/cz\\\/catit-senses-2-0-wellness-center\\\/\",\"url\":\"https:\\\/\\\/shopatoa.com\\\/cz\\\/catit-senses-2-0-wellness-center\\\/\",\"name\":\"Catit Senses 2.0 Wellness Center - SHOPATOA.COM\",\"isPartOf\":{\"@id\":\"https:\\\/\\\/shopatoa.com\\\/cz\\\/#website\"},\"primaryImageOfPage\":{\"@id\":\"https:\\\/\\\/shopatoa.com\\\/cz\\\/catit-senses-2-0-wellness-center\\\/#primaryimage\"},\"image\":{\"@id\":\"https:\\\/\\\/shopatoa.com\\\/cz\\\/catit-senses-2-0-wellness-center\\\/#primaryimage\"},\"thumbnailUrl\":\"https:\\\/\\\/storage.googleapis.com\\\/cz-shopatoa-img\\\/cz\\\/9af86677-1_38430.jpg\",\"datePublished\":\"2025-04-02T12:50:59+00:00\",\"dateModified\":\"2026-01-31T15:59:42+00:00\",\"breadcrumb\":{\"@id\":\"https:\\\/\\\/shopatoa.com\\\/cz\\\/catit-senses-2-0-wellness-center\\\/#breadcrumb\"},\"inLanguage\":\"cs\",\"potentialAction\":[{\"@type\":\"ReadAction\",\"target\":[\"https:\\\/\\\/shopatoa.com\\\/cz\\\/catit-senses-2-0-wellness-center\\\/\"]}]},{\"@type\":\"ImageObject\",\"inLanguage\":\"cs\",\"@id\":\"https:\\\/\\\/shopatoa.com\\\/cz\\\/catit-senses-2-0-wellness-center\\\/#primaryimage\",\"url\":\"https:\\\/\\\/storage.googleapis.com\\\/cz-shopatoa-img\\\/cz\\\/9af86677-1_38430.jpg\",\"contentUrl\":\"https:\\\/\\\/storage.googleapis.com\\\/cz-shopatoa-img\\\/cz\\\/9af86677-1_38430.jpg\",\"width\":600,\"height\":600},{\"@type\":\"BreadcrumbList\",\"@id\":\"https:\\\/\\\/shopatoa.com\\\/cz\\\/catit-senses-2-0-wellness-center\\\/#breadcrumb\",\"itemListElement\":[{\"@type\":\"ListItem\",\"position\":1,\"name\":\"Dom\u016f\",\"item\":\"https:\\\/\\\/shopatoa.com\\\/cz\\\/\"},{\"@type\":\"ListItem\",\"position\":2,\"name\":\"Produkty\",\"item\":\"https:\\\/\\\/shopatoa.com\\\/cz\\\/shop\\\/\"},{\"@type\":\"ListItem\",\"position\":3,\"name\":\"Hobby\",\"item\":\"https:\\\/\\\/shopatoa.com\\\/cz\\\/hobby\\\/\"},{\"@type\":\"ListItem\",\"position\":4,\"name\":\"Z\u00e1bava\",\"item\":\"https:\\\/\\\/shopatoa.com\\\/cz\\\/zabava\\\/\"},{\"@type\":\"ListItem\",\"position\":5,\"name\":\"Catit Senses 2.0 Wellness Center\"}]},{\"@type\":\"WebSite\",\"@id\":\"https:\\\/\\\/shopatoa.com\\\/cz\\\/#website\",\"url\":\"https:\\\/\\\/shopatoa.com\\\/cz\\\/\",\"name\":\"SHOPATOA\",\"description\":\"\",\"publisher\":{\"@id\":\"https:\\\/\\\/shopatoa.com\\\/cz\\\/#organization\"},\"potentialAction\":[{\"@type\":\"SearchAction\",\"target\":{\"@type\":\"EntryPoint\",\"urlTemplate\":\"https:\\\/\\\/shopatoa.com\\\/cz\\\/?s={search_term_string}\"},\"query-input\":{\"@type\":\"PropertyValueSpecification\",\"valueRequired\":true,\"valueName\":\"search_term_string\"}}],\"inLanguage\":\"cs\"},{\"@type\":\"Organization\",\"@id\":\"https:\\\/\\\/shopatoa.com\\\/cz\\\/#organization\",\"name\":\"SHOPATOA Digital s.r.o.\",\"url\":\"https:\\\/\\\/shopatoa.com\\\/cz\\\/\",\"logo\":{\"@type\":\"ImageObject\",\"inLanguage\":\"cs\",\"@id\":\"https:\\\/\\\/shopatoa.com\\\/cz\\\/#\\\/schema\\\/logo\\\/image\\\/\",\"url\":\"https:\\\/\\\/storage.googleapis.com\\\/cz-shopatoa-img\\\/cz\\\/ebccf434-shopatoa_logo.png\",\"contentUrl\":\"https:\\\/\\\/storage.googleapis.com\\\/cz-shopatoa-img\\\/cz\\\/ebccf434-shopatoa_logo.png\",\"width\":416,\"height\":63,\"caption\":\"SHOPATOA Digital s.r.o.\"},\"image\":{\"@id\":\"https:\\\/\\\/shopatoa.com\\\/cz\\\/#\\\/schema\\\/logo\\\/image\\\/\"}}]}<\/script>\n<!-- \/ Yoast SEO plugin. -->","yoast_head_json":{"title":"Catit Senses 2.0 Wellness Center - SHOPATOA.COM","robots":{"index":"index","follow":"follow","max-snippet":"max-snippet:-1","max-image-preview":"max-image-preview:large","max-video-preview":"max-video-preview:-1"},"canonical":"https:\/\/shopatoa.com\/cz\/catit-senses-2-0-wellness-center\/","og_locale":"cs_CZ","og_type":"article","og_title":"Catit Senses 2.0 Wellness Center - SHOPATOA.COM","og_description":"Mas\u00e1\u017en\u00ed centrum pro ko\u010dky Dop\u0159ejte va\u0161\u00ed ko\u010dce mas\u00e1\u017en\u00ed centrum u v\u00e1s doma \u00a0 Mas\u00e1\u017en\u00ed centrum m\u00e1 nyn\u00ed\u00a0n\u011bkolik chytr\u00fdch vylep\u0161en\u00ed, na z\u00e1klad\u011b rozs\u00e1hl\u00e9ho v\u00fdzkumu mezi u\u017eivately. Produkt je nyn\u00ed v\u011bt\u0161\u00ed, lep\u0161\u00ed a univerz\u00e1ln\u011bj\u0161\u00ed ne\u017e kdy jindy! \u00a0 360 \u00b0 Relaxace a p\u00e9\u010de o vzhled Mas\u00e1\u017enm\u00ed centrum bylo navr\u017eeno pro dokonalou relaxaci. Centrum zahrnuje \u0161irokou \u0161k\u00e1lu kart\u00e1\u010d\u016f,...","og_url":"https:\/\/shopatoa.com\/cz\/catit-senses-2-0-wellness-center\/","og_site_name":"SHOPATOA","article_modified_time":"2026-01-31T15:59:42+00:00","og_image":[{"width":600,"height":600,"url":"https:\/\/storage.googleapis.com\/cz-shopatoa-img\/cz\/9af86677-1_38430.jpg","type":"image\/jpeg"}],"twitter_card":"summary_large_image","twitter_misc":{"Odhadovan\u00e1 doba \u010dten\u00ed":"1 minuta"},"schema":{"@context":"https:\/\/schema.org","@graph":[{"@type":"WebPage","@id":"https:\/\/shopatoa.com\/cz\/catit-senses-2-0-wellness-center\/","url":"https:\/\/shopatoa.com\/cz\/catit-senses-2-0-wellness-center\/","name":"Catit Senses 2.0 Wellness Center - SHOPATOA.COM","isPartOf":{"@id":"https:\/\/shopatoa.com\/cz\/#website"},"primaryImageOfPage":{"@id":"https:\/\/shopatoa.com\/cz\/catit-senses-2-0-wellness-center\/#primaryimage"},"image":{"@id":"https:\/\/shopatoa.com\/cz\/catit-senses-2-0-wellness-center\/#primaryimage"},"thumbnailUrl":"https:\/\/storage.googleapis.com\/cz-shopatoa-img\/cz\/9af86677-1_38430.jpg","datePublished":"2025-04-02T12:50:59+00:00","dateModified":"2026-01-31T15:59:42+00:00","breadcrumb":{"@id":"https:\/\/shopatoa.com\/cz\/catit-senses-2-0-wellness-center\/#breadcrumb"},"inLanguage":"cs","potentialAction":[{"@type":"ReadAction","target":["https:\/\/shopatoa.com\/cz\/catit-senses-2-0-wellness-center\/"]}]},{"@type":"ImageObject","inLanguage":"cs","@id":"https:\/\/shopatoa.com\/cz\/catit-senses-2-0-wellness-center\/#primaryimage","url":"https:\/\/storage.googleapis.com\/cz-shopatoa-img\/cz\/9af86677-1_38430.jpg","contentUrl":"https:\/\/storage.googleapis.com\/cz-shopatoa-img\/cz\/9af86677-1_38430.jpg","width":600,"height":600},{"@type":"BreadcrumbList","@id":"https:\/\/shopatoa.com\/cz\/catit-senses-2-0-wellness-center\/#breadcrumb","itemListElement":[{"@type":"ListItem","position":1,"name":"Dom\u016f","item":"https:\/\/shopatoa.com\/cz\/"},{"@type":"ListItem","position":2,"name":"Produkty","item":"https:\/\/shopatoa.com\/cz\/shop\/"},{"@type":"ListItem","position":3,"name":"Hobby","item":"https:\/\/shopatoa.com\/cz\/hobby\/"},{"@type":"ListItem","position":4,"name":"Z\u00e1bava","item":"https:\/\/shopatoa.com\/cz\/zabava\/"},{"@type":"ListItem","position":5,"name":"Catit Senses 2.0 Wellness Center"}]},{"@type":"WebSite","@id":"https:\/\/shopatoa.com\/cz\/#website","url":"https:\/\/shopatoa.com\/cz\/","name":"SHOPATOA","description":"","publisher":{"@id":"https:\/\/shopatoa.com\/cz\/#organization"},"potentialAction":[{"@type":"SearchAction","target":{"@type":"EntryPoint","urlTemplate":"https:\/\/shopatoa.com\/cz\/?s={search_term_string}"},"query-input":{"@type":"PropertyValueSpecification","valueRequired":true,"valueName":"search_term_string"}}],"inLanguage":"cs"},{"@type":"Organization","@id":"https:\/\/shopatoa.com\/cz\/#organization","name":"SHOPATOA Digital s.r.o.","url":"https:\/\/shopatoa.com\/cz\/","logo":{"@type":"ImageObject","inLanguage":"cs","@id":"https:\/\/shopatoa.com\/cz\/#\/schema\/logo\/image\/","url":"https:\/\/storage.googleapis.com\/cz-shopatoa-img\/cz\/ebccf434-shopatoa_logo.png","contentUrl":"https:\/\/storage.googleapis.com\/cz-shopatoa-img\/cz\/ebccf434-shopatoa_logo.png","width":416,"height":63,"caption":"SHOPATOA Digital s.r.o."},"image":{"@id":"https:\/\/shopatoa.com\/cz\/#\/schema\/logo\/image\/"}}]}},"_links":{"self":[{"href":"https:\/\/shopatoa.com\/cz\/wp-json\/wp\/v2\/product\/244634","targetHints":{"allow":["GET"]}}],"collection":[{"href":"https:\/\/shopatoa.com\/cz\/wp-json\/wp\/v2\/product"}],"about":[{"href":"https:\/\/shopatoa.com\/cz\/wp-json\/wp\/v2\/types\/product"}],"replies":[{"embeddable":true,"href":"https:\/\/shopatoa.com\/cz\/wp-json\/wp\/v2\/comments?post=244634"}],"wp:featuredmedia":[{"embeddable":true,"href":"https:\/\/shopatoa.com\/cz\/wp-json\/wp\/v2\/media\/244635"}],"wp:attachment":[{"href":"https:\/\/shopatoa.com\/cz\/wp-json\/wp\/v2\/media?parent=244634"}],"wp:term":[{"taxonomy":"product_brand","embeddable":true,"href":"https:\/\/shopatoa.com\/cz\/wp-json\/wp\/v2\/product_brand?post=244634"},{"taxonomy":"product_cat","embeddable":true,"href":"https:\/\/shopatoa.com\/cz\/wp-json\/wp\/v2\/product_cat?post=244634"},{"taxonomy":"product_tag","embeddable":true,"href":"https:\/\/shopatoa.com\/cz\/wp-json\/wp\/v2\/product_tag?post=244634"}],"curies":[{"name":"wp","href":"https:\/\/api.w.org\/{rel}","templated":true}]}}